{"id":12,"date":"2021-07-20T15:52:38","date_gmt":"2021-07-20T18:52:38","guid":{"rendered":"http:\/\/institucional.ufrrj.br\/webmail\/?page_id=12"},"modified":"2021-07-21T10:45:30","modified_gmt":"2021-07-21T13:45:30","slug":"webmail-ufrrj","status":"publish","type":"page","link":"https:\/\/institucional.ufrrj.br\/webmail\/","title":{"rendered":"Webmail UFRRJ"},"content":{"rendered":"\n<p class=\"has-text-color has-background has-branco-color has-verde-background-color mt-4\">O email da <strong>UFRRJ<\/strong> agora \u00e9 mantido pela solu\u00e7\u00e3o <strong>Google Workspace<\/strong>. Todas as  funcionalidades do GMAIL passam a estar dispon\u00edveis tamb\u00e9m no nosso  email institucional. <\/p>\n\n\n\n<div class=\"wp-block-image\"><figure class=\"aligncenter\"><img loading=\"lazy\" decoding=\"async\" width=\"143\" height=\"50\" src=\"https:\/\/institucional.ufrrj.br\/webmail\/files\/2021\/07\/webmail.png\" alt=\"\" class=\"wp-image-22\"\/><\/figure><\/div>\n\n\n\n<p style=\"text-align:center\">\nPara logar no seu email @ufrrj.br, clique no link abaixo:\n\n<\/p>\n\n\n\n<div class=\"wp-block-button aligncenter\"><a class=\"wp-block-button__link\" href=\"https:\/\/mail.google.com\/a\/ufrrj.br\">Acessar Webmail<\/a><\/div>\n\n\n\n<p class=\"has-text-color has-background has-branco-color has-vermelho-background-color mt-5\"> O sistema de e-mails antigo da Rural j\u00e1 n\u00e3o funciona mais para envio e  recebimento de mensagens. Por\u00e9m, manteremos o acesso \u00e0 interface antiga  no ar at\u00e9 o dia <strong>20\/12\/2021<\/strong>  para que cada usu\u00e1rio possa acessar as suas mensagens antigas e migrar para o novo:<\/p>\n\n\n\n<p style=\"text-align:center\">Para logar no sistema de e-mails antigo, clique no link abaixo:<\/p>\n\n\n\n<div class=\"wp-block-button aligncenter\"><a class=\"wp-block-button__link\" href=\"https:\/\/mailmaster.ufrrj.br\/login.php?logar=1\">Acessar Webmail Antigo<\/a><\/div>\n","protected":false},"excerpt":{"rendered":"<p>O email da UFRRJ agora \u00e9 mantido pela solu\u00e7\u00e3o Google Workspace. Todas as funcionalidades do GMAIL passam a estar dispon\u00edveis <a class=\"read-more\" href=\"https:\/\/institucional.ufrrj.br\/webmail\/ \" >&#8230; <span class=\"font-italic\">leia mais <i class=\"fas fa-angle-right\"><\/i><\/span><\/a><\/p>\n","protected":false},"author":634,"featured_media":0,"parent":0,"menu_order":0,"comment_status":"closed","ping_status":"closed","template":"","meta":{"_acf_changed":false,"footnotes":""},"class_list":["post-12","page","type-page","status-publish","hentry"],"yoast_head":"<!-- This site is optimized with the Yoast SEO plugin v27.2 - https:\/\/yoast.com\/product\/yoast-seo-wordpress\/ -->\n<title>Webmail UFRRJ - Webmail<\/title>\n<meta name=\"robots\" content=\"index, follow, max-snippet:-1, max-image-preview:large, max-video-preview:-1\" \/>\n<link rel=\"canonical\" href=\"https:\/\/institucional.ufrrj.br\/webmail\/\" \/>\n<meta property=\"og:locale\" content=\"pt_BR\" \/>\n<meta property=\"og:type\" content=\"article\" \/>\n<meta property=\"og:title\" content=\"Webmail UFRRJ - Webmail\" \/>\n<meta property=\"og:description\" content=\"O email da UFRRJ agora \u00e9 mantido pela solu\u00e7\u00e3o Google Workspace. Todas as funcionalidades do GMAIL passam a estar dispon\u00edveis ... leia mais\" \/>\n<meta property=\"og:url\" content=\"https:\/\/institucional.ufrrj.br\/webmail\/\" \/>\n<meta property=\"og:site_name\" content=\"Webmail\" \/>\n<meta property=\"article:modified_time\" content=\"2021-07-21T13:45:30+00:00\" \/>\n<meta property=\"og:image\" content=\"https:\/\/institucional.ufrrj.br\/webmail\/files\/2021\/07\/webmail.png\" \/>\n<meta name=\"twitter:card\" content=\"summary_large_image\" \/>\n<meta name=\"twitter:label1\" content=\"Est. tempo de leitura\" \/>\n\t<meta name=\"twitter:data1\" content=\"1 minuto\" \/>\n<script type=\"application\/ld+json\" class=\"yoast-schema-graph\">{\"@context\":\"https:\/\/schema.org\",\"@graph\":[{\"@type\":\"WebPage\",\"@id\":\"https:\/\/institucional.ufrrj.br\/webmail\/\",\"url\":\"https:\/\/institucional.ufrrj.br\/webmail\/\",\"name\":\"Webmail UFRRJ - Webmail\",\"isPartOf\":{\"@id\":\"https:\/\/institucional.ufrrj.br\/webmail\/#website\"},\"primaryImageOfPage\":{\"@id\":\"https:\/\/institucional.ufrrj.br\/webmail\/#primaryimage\"},\"image\":{\"@id\":\"https:\/\/institucional.ufrrj.br\/webmail\/#primaryimage\"},\"thumbnailUrl\":\"https:\/\/institucional.ufrrj.br\/webmail\/files\/2021\/07\/webmail.png\",\"datePublished\":\"2021-07-20T18:52:38+00:00\",\"dateModified\":\"2021-07-21T13:45:30+00:00\",\"breadcrumb\":{\"@id\":\"https:\/\/institucional.ufrrj.br\/webmail\/#breadcrumb\"},\"inLanguage\":\"pt-BR\",\"potentialAction\":[{\"@type\":\"ReadAction\",\"target\":[\"https:\/\/institucional.ufrrj.br\/webmail\/\"]}]},{\"@type\":\"ImageObject\",\"inLanguage\":\"pt-BR\",\"@id\":\"https:\/\/institucional.ufrrj.br\/webmail\/#primaryimage\",\"url\":\"https:\/\/institucional.ufrrj.br\/webmail\/files\/2021\/07\/webmail.png\",\"contentUrl\":\"https:\/\/institucional.ufrrj.br\/webmail\/files\/2021\/07\/webmail.png\",\"width\":143,\"height\":50},{\"@type\":\"BreadcrumbList\",\"@id\":\"https:\/\/institucional.ufrrj.br\/webmail\/#breadcrumb\",\"itemListElement\":[{\"@type\":\"ListItem\",\"position\":1,\"name\":\"In\u00edcio\",\"item\":\"https:\/\/institucional.ufrrj.br\/webmail\/\"},{\"@type\":\"ListItem\",\"position\":2,\"name\":\"Webmail UFRRJ\"}]},{\"@type\":\"WebSite\",\"@id\":\"https:\/\/institucional.ufrrj.br\/webmail\/#website\",\"url\":\"https:\/\/institucional.ufrrj.br\/webmail\/\",\"name\":\"Webmail\",\"description\":\"Email Institucional UFRRJ\",\"potentialAction\":[{\"@type\":\"SearchAction\",\"target\":{\"@type\":\"EntryPoint\",\"urlTemplate\":\"https:\/\/institucional.ufrrj.br\/webmail\/?s={search_term_string}\"},\"query-input\":{\"@type\":\"PropertyValueSpecification\",\"valueRequired\":true,\"valueName\":\"search_term_string\"}}],\"inLanguage\":\"pt-BR\"}]}<\/script>\n<!-- \/ Yoast SEO plugin. -->","yoast_head_json":{"title":"Webmail UFRRJ - Webmail","robots":{"index":"index","follow":"follow","max-snippet":"max-snippet:-1","max-image-preview":"max-image-preview:large","max-video-preview":"max-video-preview:-1"},"canonical":"https:\/\/institucional.ufrrj.br\/webmail\/","og_locale":"pt_BR","og_type":"article","og_title":"Webmail UFRRJ - Webmail","og_description":"O email da UFRRJ agora \u00e9 mantido pela solu\u00e7\u00e3o Google Workspace. Todas as funcionalidades do GMAIL passam a estar dispon\u00edveis ... leia mais","og_url":"https:\/\/institucional.ufrrj.br\/webmail\/","og_site_name":"Webmail","article_modified_time":"2021-07-21T13:45:30+00:00","og_image":[{"url":"https:\/\/institucional.ufrrj.br\/webmail\/files\/2021\/07\/webmail.png","type":"","width":"","height":""}],"twitter_card":"summary_large_image","twitter_misc":{"Est. tempo de leitura":"1 minuto"},"schema":{"@context":"https:\/\/schema.org","@graph":[{"@type":"WebPage","@id":"https:\/\/institucional.ufrrj.br\/webmail\/","url":"https:\/\/institucional.ufrrj.br\/webmail\/","name":"Webmail UFRRJ - Webmail","isPartOf":{"@id":"https:\/\/institucional.ufrrj.br\/webmail\/#website"},"primaryImageOfPage":{"@id":"https:\/\/institucional.ufrrj.br\/webmail\/#primaryimage"},"image":{"@id":"https:\/\/institucional.ufrrj.br\/webmail\/#primaryimage"},"thumbnailUrl":"https:\/\/institucional.ufrrj.br\/webmail\/files\/2021\/07\/webmail.png","datePublished":"2021-07-20T18:52:38+00:00","dateModified":"2021-07-21T13:45:30+00:00","breadcrumb":{"@id":"https:\/\/institucional.ufrrj.br\/webmail\/#breadcrumb"},"inLanguage":"pt-BR","potentialAction":[{"@type":"ReadAction","target":["https:\/\/institucional.ufrrj.br\/webmail\/"]}]},{"@type":"ImageObject","inLanguage":"pt-BR","@id":"https:\/\/institucional.ufrrj.br\/webmail\/#primaryimage","url":"https:\/\/institucional.ufrrj.br\/webmail\/files\/2021\/07\/webmail.png","contentUrl":"https:\/\/institucional.ufrrj.br\/webmail\/files\/2021\/07\/webmail.png","width":143,"height":50},{"@type":"BreadcrumbList","@id":"https:\/\/institucional.ufrrj.br\/webmail\/#breadcrumb","itemListElement":[{"@type":"ListItem","position":1,"name":"In\u00edcio","item":"https:\/\/institucional.ufrrj.br\/webmail\/"},{"@type":"ListItem","position":2,"name":"Webmail UFRRJ"}]},{"@type":"WebSite","@id":"https:\/\/institucional.ufrrj.br\/webmail\/#website","url":"https:\/\/institucional.ufrrj.br\/webmail\/","name":"Webmail","description":"Email Institucional UFRRJ","potentialAction":[{"@type":"SearchAction","target":{"@type":"EntryPoint","urlTemplate":"https:\/\/institucional.ufrrj.br\/webmail\/?s={search_term_string}"},"query-input":{"@type":"PropertyValueSpecification","valueRequired":true,"valueName":"search_term_string"}}],"inLanguage":"pt-BR"}]}},"acf":[],"_links":{"self":[{"href":"https:\/\/institucional.ufrrj.br\/webmail\/wp-json\/wp\/v2\/pages\/12","targetHints":{"allow":["GET"]}}],"collection":[{"href":"https:\/\/institucional.ufrrj.br\/webmail\/wp-json\/wp\/v2\/pages"}],"about":[{"href":"https:\/\/institucional.ufrrj.br\/webmail\/wp-json\/wp\/v2\/types\/page"}],"author":[{"embeddable":true,"href":"https:\/\/institucional.ufrrj.br\/webmail\/wp-json\/wp\/v2\/users\/634"}],"replies":[{"embeddable":true,"href":"https:\/\/institucional.ufrrj.br\/webmail\/wp-json\/wp\/v2\/comments?post=12"}],"version-history":[{"count":10,"href":"https:\/\/institucional.ufrrj.br\/webmail\/wp-json\/wp\/v2\/pages\/12\/revisions"}],"predecessor-version":[{"id":24,"href":"https:\/\/institucional.ufrrj.br\/webmail\/wp-json\/wp\/v2\/pages\/12\/revisions\/24"}],"wp:attachment":[{"href":"https:\/\/institucional.ufrrj.br\/webmail\/wp-json\/wp\/v2\/media?parent=12"}],"curies":[{"name":"wp","href":"https:\/\/api.w.org\/{rel}","templated":true}]}}