{"id":25,"date":"2020-07-07T11:16:19","date_gmt":"2020-07-07T14:16:19","guid":{"rendered":"http:\/\/institucional.ufrrj.br\/suinocultura\/?page_id=25"},"modified":"2020-10-22T17:57:23","modified_gmt":"2020-10-22T20:57:23","slug":"estagios","status":"publish","type":"page","link":"https:\/\/institucional.ufrrj.br\/suinocultura\/estagios\/","title":{"rendered":"Est\u00e1gios"},"content":{"rendered":"<div id=\"metaslider-id-232\" style=\"width: 100%;\" class=\"ml-slider-3-107-0 metaslider metaslider-flex metaslider-232 ml-slider has-dots-nav ms-theme-default\" role=\"region\" aria-label=\"New Slideshow\" data-height=\"200\" data-width=\"700\">\n    <div id=\"metaslider_container_232\">\n        <div id=\"metaslider_232\">\n            <ul class='slides'>\n                <li style=\"display: block; width: 100%;\" class=\"slide-234 ms-image \" aria-roledescription=\"slide\" data-date=\"2020-08-26 23:17:42\" data-filename=\"Coleta_sg-e1598494172652-700x200.jpg\" data-slide-type=\"image\"><img loading=\"lazy\" decoding=\"async\" src=\"https:\/\/institucional.ufrrj.br\/suinocultura\/files\/2020\/08\/Coleta_sg-e1598494172652-700x200.jpg\" height=\"200\" width=\"700\" alt=\"\" class=\"slider-232 slide-234 msDefaultImage\" \/><div class=\"caption-wrap\"><div class=\"caption\">Manejo sanit\u00e1rio<\/div><\/div><\/li>\n                <li style=\"display: none; width: 100%;\" class=\"slide-562 ms-image \" aria-roledescription=\"slide\" data-date=\"2020-11-17 16:26:03\" data-filename=\"Imagem1-2-540x154.png\" data-slide-type=\"image\"><img loading=\"lazy\" decoding=\"async\" src=\"https:\/\/institucional.ufrrj.br\/suinocultura\/files\/2020\/11\/Imagem1-2-540x154.png\" height=\"200\" width=\"700\" alt=\"\" class=\"slider-232 slide-562 msDefaultImage\" title=\"Imagem1\" \/><div class=\"caption-wrap\"><div class=\"caption\">Manejo de identifica\u00e7\u00e3o<\/div><\/div><\/li>\n                <li style=\"display: none; width: 100%;\" class=\"slide-240 ms-image \" aria-roledescription=\"slide\" data-date=\"2020-08-26 23:27:20\" data-filename=\"Embarcando1-700x200.jpg\" data-slide-type=\"image\"><img loading=\"lazy\" decoding=\"async\" src=\"https:\/\/institucional.ufrrj.br\/suinocultura\/files\/2020\/08\/Embarcando1-700x200.jpg\" height=\"200\" width=\"700\" alt=\"\" class=\"slider-232 slide-240 msDefaultImage\" \/><div class=\"caption-wrap\"><div class=\"caption\">Manejo de embarque<\/div><\/div><\/li>\n            <\/ul>\n        <\/div>\n        \n    <\/div>\n<\/div>\n<p>&nbsp;<\/p>\n<p style=\"text-align: justify\">\u00a0 \u00a0 A aprendizagem pr\u00e1tica no \u00e2mbito da UFRRJ possui como objetivo complementar a prepara\u00e7\u00e3o do estudante para o exerc\u00edcio da futura profiss\u00e3o e contribuir com o desenvolvimento como cidad\u00e3o, por meio de exerc\u00edcio de atividades correlatas a sua pretendida forma\u00e7\u00e3o profissional, em complementa\u00e7\u00e3o ao conhecimento te\u00f3rico adquirido na institui\u00e7\u00e3o de ensino. A concess\u00e3o de aprendizagem pr\u00e1tica n\u00e3o gera v\u00ednculo empregat\u00edcio de qualquer natureza e dar-se-\u00e1 mediante edital e celebra\u00e7\u00e3o de termo de compromisso.<\/p>\n<p style=\"text-align: center\">***<\/p>\n<p>&nbsp;<\/p>\n<p style=\"text-align: justify\"><strong>MODALIDADES DE APRENDIZAGEM PR\u00c1TICA PARA ALUNOS DA UFRRJ:<\/strong><\/p>\n<hr \/>\n<p>&nbsp;<\/p>\n<p>\u2666 EST\u00c1GIO <span style=\"color: #339966\"><strong>COM BOLSA<\/strong><\/span>:<\/p>\n<p>&nbsp;<\/p>\n<p style=\"text-align: justify\"><em>\u21d2 <\/em>PROGRAMA DE DESENVOLVIMENTO ACAD\u00caMICO E INSTITUCIONAL <em><a href=\"http:\/\/r1.ufrrj.br\/sba\/proaes\/index.php\" target=\"_blank\" rel=\"noopener noreferrer\">(PDAI)<\/a><\/em>:<\/p>\n<p style=\"text-align: justify\">\u00a0 \u00a0 Este programa busca alunos dos cursos presenciais de gradua\u00e7\u00e3o, prioritariamente em situa\u00e7\u00e3o de vulnerabilidade socioecon\u00f4mica, visando oferecer oportunidades para o desenvolvimento acad\u00eamico, cultural e profissional.<\/p>\n<p style=\"text-align: justify\">\u00a0 \u00a0A bolsa est\u00e1 vinculada ao projeto 68-0387664-2014 da <em>Coordena\u00e7\u00e3o de Produ\u00e7\u00e3o Integrada ao Ensino, Pesquisa e Extens\u00e3o (CPIEPE)<\/em>, tendo como orientador, o Coordenador Everton da Silva Mattos e como supervisor local, o servidor Bruno da Silva de Vasconcelos.<\/p>\n<p style=\"text-align: justify\">\u00a0 \u00a0 \u00a0O aluno deve\u00a0 procurar a Pr\u00f3-reitoria de Assuntos Estundatis <a href=\"http:\/\/portal.ufrrj.br\/pro-reitoria-de-assuntos-estudantis\/\" target=\"_blank\" rel=\"noopener noreferrer\">(PROAES)<\/a> para se informar de como ser contemplado com a bolsa deste projeto, a PROAES fica localizada no Pr\u00e9dio Central da UFRRJ (P1), sala 35. Pode ainda entrar em contato com o PDAI pelo tel: 21 2681-4746 ou pelo email: pdai@ufrrj.br.<\/p>\n<p>&nbsp;<\/p>\n<p>\u2666 APRENDIZAGEM PR\u00c1TICA <span style=\"color: #ff0000\"><strong>SEM BOLSA<\/strong><\/span> :<\/p>\n<p>&nbsp;<\/p>\n<p><em>\u21d2 <\/em>PROGRAMA DE VIV\u00caNCIA ACAD\u00caMICA DO INSTITUTO DE<strong> ZOOTECNIA<\/strong> (IZ):<\/p>\n<p style=\"text-align: justify\">\u00a0 \u00a0 Esta viv\u00eancia ocorre todo o in\u00edco de semestre e para participar, o aluno deve procurar os professores Ant\u00f4nio Assis Vieira ou Luan Sousa dos Santos para orienta\u00e7\u00e3o sobre o mesmo. Pode ainda, realizar um contato inicial enviando email para:\u00a0 aassisv@ufrrj.br (Prof. Assis), luanddos@gmail.com (Prof. Luan) ou bruno_sv@ig.com.br (Bruno &#8211; Supervisor local).<\/p>\n<p>&nbsp;<\/p>\n<p><em>\u21d2<\/em>\u00a0REGISTRO DE ATIVIDADES AUT\u00d4NOMAS COMPLEMENTARES DO CURSO DE <strong>ZOOTECNIA<\/strong>:<\/p>\n<p style=\"text-align: justify\">\u00a0 \u00a0 \u00a0\u00c9 requisito para integraliza\u00e7\u00e3o total do curso de Zootecnia o cumprimento de 200 (duzentas) horas de atividades aut\u00f4nomas (complementares). O registro de atividades aut\u00f4nomas \u00e9 de responsabilidade dos discentes, se informe mais <a href=\"https:\/\/institucional.ufrrj.br\/suinocultura\/files\/2020\/08\/AtividadesAutnomas.pdf\">aqui<\/a>.<\/p>\n<p style=\"text-align: justify\">\u00a0 \u00a0 Para maiores esclarescimentos, consulte o coordenador do curso de Zootecnia, podendo ainda fazer contato pelo telefone: <span class=\"telefone\"><label>(21) 3787-3975.<\/label><\/span><\/p>\n<p>&nbsp;<\/p>\n<p><em>\u21d2<\/em>\u00a0PROGRAMA DE VIV\u00caNCIA ACAD\u00caMICA DO <strong>INSTITUTO DE VETERIN\u00c1RIA<\/strong> (IV):<\/p>\n<p style=\"text-align: justify\">\u00a0 \u00a0 Esta viv\u00eancia ocorre todo o in\u00edco de semestre e para participar, o aluno deve procurar os professores Ant\u00f4nio Assis Vieira ou Luan Sousa dos Santos para orienta\u00e7\u00e3o sobre o mesmo, ambos est\u00e3o lotados no IZ. Pode ainda, realizar um contato inicial enviando email para:\u00a0 aassisv@ufrrj.br (Prof. Assis), luanddos@gmail.com (Prof. Luan) ou bruno_sv@ig.com.br (Bruno &#8211; Supervisor local).<\/p>\n<p>&nbsp;<\/p>\n<p><em>\u21d2 <\/em>EST\u00c1GIO CURRICULAR OBRIGAT\u00d3RIO PARA ALUNOS DA <strong>UFRRJ<\/strong> E ALUNOS DO <strong>CTUR<\/strong>:<\/p>\n<p style=\"text-align: justify;padding-left: 40px\">\u2234 ALUNOS DA <strong>UFRRJ<\/strong>: Para realiza\u00e7\u00e3o do est\u00e1gio curricular obrigat\u00f3rio, o discente dever\u00e1, inicialmente, entrar em contato com a coordena\u00e7\u00e3o de seu curso e\/ou com a Divis\u00e3o de Est\u00e1gios\u00a0 da UFRRJ (<a href=\"http:\/\/institucional.ufrrj.br\/dest\/\" target=\"_blank\" rel=\"noopener noreferrer\">DEST<\/a>\/PROGRAD\/UFRRJ), sua unidade f\u00edsica se encontra no P1, sala 61, tamb\u00e9m \u00e9 poss\u00edvel contato pelo o telefone: (21) 2682-2875.<\/p>\n<p>&nbsp;<\/p>\n<p style=\"text-align: justify;padding-left: 40px\">\u2234 ALUNOS DO <strong>CTUR<\/strong>: O setor de suinocultura acolhe estudantes dos cursos t\u00e9cnicos do CTUR para est\u00e1gios obrigat\u00f3rios com vistas a aprofundar conhecimentos em suinocultura. Estudantes interessados em estagiar conosco devem entrar em contato com a coordena\u00e7\u00e3o de est\u00e1gios do CTUR (<a href=\"mailto:sieectur.ufrrj@gmail.com\">sieectur.ufrrj@gmail.com<\/a>) para verificar a disponibilidade de vagas ou ainda, realizar um contato inicial, com um dos supervisores, enviando email para: aassisv@ufrrj.br (Prof. Ant\u00f4nio Assis Vieira), jlctur@bol.com.br (Prof. Josu\u00e9 Lopes de Castro) ou luanddos@gmail.com (Prof. Luan Sousa dos Santos).<\/p>\n<p>&nbsp;<\/p>\n<p style=\"text-align: justify\">.<\/p>\n<p>&nbsp;<\/p>\n<p style=\"text-align: justify\"><strong>MODALIDADE DE APRENDIZAGEM PR\u00c1TICA PARA ALUNOS EXTERNOS \u00c0 UFRRJ:<\/strong><\/p>\n<hr \/>\n<p>&nbsp;<\/p>\n<p><em>\u21d2 <\/em>EST\u00c1GIO CURRICULAR OBRIGAT\u00d3RIO:<\/p>\n<p style=\"text-align: justify\">O aluno deve procurar orienta\u00e7\u00e3o no <a href=\"http:\/\/institucional.ufrrj.br\/dest\/\" target=\"_blank\" rel=\"noopener noreferrer\">site<\/a> da Divis\u00e3o de Est\u00e1gios da UFRRJ (DEST), na sua unidade f\u00edsica no P1, sala 61, ou ligar para o telefone: (21) 2682-2875.<\/p>\n","protected":false},"excerpt":{"rendered":"<p>&nbsp; \u00a0 \u00a0 A aprendizagem pr\u00e1tica no \u00e2mbito da UFRRJ possui como objetivo complementar a prepara\u00e7\u00e3o do estudante para o <a class=\"read-more\" href=\"https:\/\/institucional.ufrrj.br\/suinocultura\/estagios\/ \" >&#8230; <span class=\"font-italic\">leia mais <i class=\"fas fa-angle-right\"><\/i><\/span><\/a><\/p>\n","protected":false},"author":634,"featured_media":0,"parent":0,"menu_order":0,"comment_status":"closed","ping_status":"closed","template":"","meta":{"_acf_changed":false,"_exactmetrics_skip_tracking":false,"_exactmetrics_sitenote_active":false,"_exactmetrics_sitenote_note":"","_exactmetrics_sitenote_category":0,"footnotes":""},"class_list":["post-25","page","type-page","status-publish","hentry"],"yoast_head":"<!-- This site is optimized with the Yoast SEO plugin v27.2 - https:\/\/yoast.com\/product\/yoast-seo-wordpress\/ -->\n<title>Est\u00e1gios - Suinocultura UFRRJ<\/title>\n<meta name=\"robots\" content=\"index, follow, max-snippet:-1, max-image-preview:large, max-video-preview:-1\" \/>\n<link rel=\"canonical\" href=\"https:\/\/institucional.ufrrj.br\/suinocultura\/estagios\/\" \/>\n<meta property=\"og:locale\" content=\"pt_BR\" \/>\n<meta property=\"og:type\" content=\"article\" \/>\n<meta property=\"og:title\" content=\"Est\u00e1gios - Suinocultura UFRRJ\" \/>\n<meta property=\"og:description\" content=\"&nbsp; \u00a0 \u00a0 A aprendizagem pr\u00e1tica no \u00e2mbito da UFRRJ possui como objetivo complementar a prepara\u00e7\u00e3o do estudante para o ... leia mais\" \/>\n<meta property=\"og:url\" content=\"https:\/\/institucional.ufrrj.br\/suinocultura\/estagios\/\" \/>\n<meta property=\"og:site_name\" content=\"Suinocultura UFRRJ\" \/>\n<meta property=\"article:modified_time\" content=\"2020-10-22T20:57:23+00:00\" \/>\n<meta name=\"twitter:card\" content=\"summary_large_image\" \/>\n<meta name=\"twitter:label1\" content=\"Est. tempo de leitura\" \/>\n\t<meta name=\"twitter:data1\" content=\"3 minutos\" \/>\n<script type=\"application\/ld+json\" class=\"yoast-schema-graph\">{\"@context\":\"https:\/\/schema.org\",\"@graph\":[{\"@type\":\"WebPage\",\"@id\":\"https:\/\/institucional.ufrrj.br\/suinocultura\/estagios\/\",\"url\":\"https:\/\/institucional.ufrrj.br\/suinocultura\/estagios\/\",\"name\":\"Est\u00e1gios - Suinocultura UFRRJ\",\"isPartOf\":{\"@id\":\"https:\/\/institucional.ufrrj.br\/suinocultura\/#website\"},\"datePublished\":\"2020-07-07T14:16:19+00:00\",\"dateModified\":\"2020-10-22T20:57:23+00:00\",\"breadcrumb\":{\"@id\":\"https:\/\/institucional.ufrrj.br\/suinocultura\/estagios\/#breadcrumb\"},\"inLanguage\":\"pt-BR\",\"potentialAction\":[{\"@type\":\"ReadAction\",\"target\":[\"https:\/\/institucional.ufrrj.br\/suinocultura\/estagios\/\"]}]},{\"@type\":\"BreadcrumbList\",\"@id\":\"https:\/\/institucional.ufrrj.br\/suinocultura\/estagios\/#breadcrumb\",\"itemListElement\":[{\"@type\":\"ListItem\",\"position\":1,\"name\":\"In\u00edcio\",\"item\":\"https:\/\/institucional.ufrrj.br\/suinocultura\/\"},{\"@type\":\"ListItem\",\"position\":2,\"name\":\"Est\u00e1gios\"}]},{\"@type\":\"WebSite\",\"@id\":\"https:\/\/institucional.ufrrj.br\/suinocultura\/#website\",\"url\":\"https:\/\/institucional.ufrrj.br\/suinocultura\/\",\"name\":\"Suinocultura UFRRJ\",\"description\":\"Produ\u00e7\u00e3o de su\u00ednos da UFRRJ\",\"potentialAction\":[{\"@type\":\"SearchAction\",\"target\":{\"@type\":\"EntryPoint\",\"urlTemplate\":\"https:\/\/institucional.ufrrj.br\/suinocultura\/?s={search_term_string}\"},\"query-input\":{\"@type\":\"PropertyValueSpecification\",\"valueRequired\":true,\"valueName\":\"search_term_string\"}}],\"inLanguage\":\"pt-BR\"}]}<\/script>\n<!-- \/ Yoast SEO plugin. -->","yoast_head_json":{"title":"Est\u00e1gios - Suinocultura UFRRJ","robots":{"index":"index","follow":"follow","max-snippet":"max-snippet:-1","max-image-preview":"max-image-preview:large","max-video-preview":"max-video-preview:-1"},"canonical":"https:\/\/institucional.ufrrj.br\/suinocultura\/estagios\/","og_locale":"pt_BR","og_type":"article","og_title":"Est\u00e1gios - Suinocultura UFRRJ","og_description":"&nbsp; \u00a0 \u00a0 A aprendizagem pr\u00e1tica no \u00e2mbito da UFRRJ possui como objetivo complementar a prepara\u00e7\u00e3o do estudante para o ... leia mais","og_url":"https:\/\/institucional.ufrrj.br\/suinocultura\/estagios\/","og_site_name":"Suinocultura UFRRJ","article_modified_time":"2020-10-22T20:57:23+00:00","twitter_card":"summary_large_image","twitter_misc":{"Est. tempo de leitura":"3 minutos"},"schema":{"@context":"https:\/\/schema.org","@graph":[{"@type":"WebPage","@id":"https:\/\/institucional.ufrrj.br\/suinocultura\/estagios\/","url":"https:\/\/institucional.ufrrj.br\/suinocultura\/estagios\/","name":"Est\u00e1gios - Suinocultura UFRRJ","isPartOf":{"@id":"https:\/\/institucional.ufrrj.br\/suinocultura\/#website"},"datePublished":"2020-07-07T14:16:19+00:00","dateModified":"2020-10-22T20:57:23+00:00","breadcrumb":{"@id":"https:\/\/institucional.ufrrj.br\/suinocultura\/estagios\/#breadcrumb"},"inLanguage":"pt-BR","potentialAction":[{"@type":"ReadAction","target":["https:\/\/institucional.ufrrj.br\/suinocultura\/estagios\/"]}]},{"@type":"BreadcrumbList","@id":"https:\/\/institucional.ufrrj.br\/suinocultura\/estagios\/#breadcrumb","itemListElement":[{"@type":"ListItem","position":1,"name":"In\u00edcio","item":"https:\/\/institucional.ufrrj.br\/suinocultura\/"},{"@type":"ListItem","position":2,"name":"Est\u00e1gios"}]},{"@type":"WebSite","@id":"https:\/\/institucional.ufrrj.br\/suinocultura\/#website","url":"https:\/\/institucional.ufrrj.br\/suinocultura\/","name":"Suinocultura UFRRJ","description":"Produ\u00e7\u00e3o de su\u00ednos da UFRRJ","potentialAction":[{"@type":"SearchAction","target":{"@type":"EntryPoint","urlTemplate":"https:\/\/institucional.ufrrj.br\/suinocultura\/?s={search_term_string}"},"query-input":{"@type":"PropertyValueSpecification","valueRequired":true,"valueName":"search_term_string"}}],"inLanguage":"pt-BR"}]}},"acf":[],"_links":{"self":[{"href":"https:\/\/institucional.ufrrj.br\/suinocultura\/wp-json\/wp\/v2\/pages\/25","targetHints":{"allow":["GET"]}}],"collection":[{"href":"https:\/\/institucional.ufrrj.br\/suinocultura\/wp-json\/wp\/v2\/pages"}],"about":[{"href":"https:\/\/institucional.ufrrj.br\/suinocultura\/wp-json\/wp\/v2\/types\/page"}],"author":[{"embeddable":true,"href":"https:\/\/institucional.ufrrj.br\/suinocultura\/wp-json\/wp\/v2\/users\/634"}],"replies":[{"embeddable":true,"href":"https:\/\/institucional.ufrrj.br\/suinocultura\/wp-json\/wp\/v2\/comments?post=25"}],"version-history":[{"count":67,"href":"https:\/\/institucional.ufrrj.br\/suinocultura\/wp-json\/wp\/v2\/pages\/25\/revisions"}],"predecessor-version":[{"id":349,"href":"https:\/\/institucional.ufrrj.br\/suinocultura\/wp-json\/wp\/v2\/pages\/25\/revisions\/349"}],"wp:attachment":[{"href":"https:\/\/institucional.ufrrj.br\/suinocultura\/wp-json\/wp\/v2\/media?parent=25"}],"curies":[{"name":"wp","href":"https:\/\/api.w.org\/{rel}","templated":true}]}}