{"id":17,"date":"2020-07-07T10:41:28","date_gmt":"2020-07-07T13:41:28","guid":{"rendered":"http:\/\/institucional.ufrrj.br\/suinocultura\/?page_id=17"},"modified":"2020-10-28T19:06:15","modified_gmt":"2020-10-28T22:06:15","slug":"sobre","status":"publish","type":"page","link":"https:\/\/institucional.ufrrj.br\/suinocultura\/sobre\/","title":{"rendered":"Sobre"},"content":{"rendered":"<p style=\"text-align: center\"><div id=\"metaslider-id-322\" style=\"width: 100%;\" class=\"ml-slider-3-107-0 metaslider metaslider-flex metaslider-322 ml-slider has-dots-nav ms-theme-default\" role=\"region\" aria-label=\"New Slideshow\" data-height=\"200\" data-width=\"700\">\n    <div id=\"metaslider_container_322\">\n        <div id=\"metaslider_322\">\n            <ul class='slides'>\n                <li style=\"display: block; width: 100%;\" class=\"slide-328 ms-image \" aria-roledescription=\"slide\" data-date=\"2020-09-01 18:42:31\" data-filename=\"b6dec07f-009d-4439-a4d8-f31146d25b16-Copia-700x200.jpg\" data-slide-type=\"image\"><img loading=\"lazy\" decoding=\"async\" src=\"https:\/\/institucional.ufrrj.br\/suinocultura\/files\/2021\/04\/b6dec07f-009d-4439-a4d8-f31146d25b16-Copia-700x200.jpg\" height=\"200\" width=\"700\" alt=\"\" class=\"slider-322 slide-328 msDefaultImage\" \/><\/li>\n                <li style=\"display: none; width: 100%;\" class=\"slide-326 ms-image \" aria-roledescription=\"slide\" data-date=\"2020-09-01 18:42:13\" data-filename=\"02aeaaaa-c5e7-410f-8b7c-770365465efd-Copia-700x200.jpg\" data-slide-type=\"image\"><img loading=\"lazy\" decoding=\"async\" src=\"https:\/\/institucional.ufrrj.br\/suinocultura\/files\/2021\/04\/02aeaaaa-c5e7-410f-8b7c-770365465efd-Copia-700x200.jpg\" height=\"200\" width=\"700\" alt=\"\" class=\"slider-322 slide-326 msDefaultImage\" \/><\/li>\n                <li style=\"display: none; width: 100%;\" class=\"slide-324 ms-image \" aria-roledescription=\"slide\" data-date=\"2020-09-01 18:41:53\" data-filename=\"\ud83d\udc3d4-3-700x200.jpg\" data-slide-type=\"image\"><img loading=\"lazy\" decoding=\"async\" src=\"https:\/\/institucional.ufrrj.br\/suinocultura\/files\/2021\/04\/\ud83d\udc3d4-3-700x200.jpg\" height=\"200\" width=\"700\" alt=\"\" class=\"slider-322 slide-324 msDefaultImage\" \/><\/li>\n                <li style=\"display: none; width: 100%;\" class=\"slide-801 ms-image \" aria-roledescription=\"slide\" data-date=\"2022-12-05 15:21:12\" data-filename=\"0d944fef-0a7d-4c69-9858-4f2d03262d6b-Copia-700x200.jpg\" data-slide-type=\"image\"><img loading=\"lazy\" decoding=\"async\" src=\"https:\/\/institucional.ufrrj.br\/suinocultura\/files\/2021\/04\/0d944fef-0a7d-4c69-9858-4f2d03262d6b-Copia-700x200.jpg\" height=\"200\" width=\"700\" alt=\"\" class=\"slider-322 slide-801 msDefaultImage\" title=\"0d944fef-0a7d-4c69-9858-4f2d03262d6b - C\u00f3pia\" \/><\/li>\n            <\/ul>\n        <\/div>\n        \n    <\/div>\n<\/div><\/p>\n<p>&nbsp;<\/p>\n<p><strong>LOCALIZA\u00c7\u00c3O<\/strong><\/p>\n<p style=\"text-align: justify\">\u00a0 \u00a0 \u00a0O Setor de Suinocultura da Universidade Federal Rural do Rio de Janeiro (UFRRJ), \u00e9 uma das unidades de produ\u00e7\u00e3o da\u00a0 Coordenadoria de Produ\u00e7\u00e3o Integrada ao Ensino, Pesquisa e Extens\u00e3o (CPIEPE). Fica localizado na Estrada Rio-S\u00e3o Paulo, 8082 em Serop\u00e9dica &#8211; RJ, pr\u00f3ximo aos Bombeiros e a UPA de Serop\u00e9dica.<\/p>\n<p><strong>EQUIPE<\/strong><\/p>\n<p style=\"text-align: justify\">\u00a0 \u00a0 \u00a0 \u00a0 O setor \u00e9 composto pelo Coordenador da CPIEPE, o servidor e Zootecnista, Everton da Silva Mattos, por um respons\u00e1vel local, o servidor e M\u00e9dico Veterin\u00e1rio, Bruno da Silva de Vasconcelos e mais dois auxiliares de campo terceirizados. Conta ainda com uma c\u00e2mara t\u00e9cnica, composta pelo professor de produ\u00e7\u00e3o de su\u00ednos, Ant\u00f4nio Assis Vieira; o professor de nutri\u00e7\u00e3o de su\u00ednos, Luan Sousa dos Santos; o M\u00e9dico Veterin\u00e1rio da CPIEPE, Bruno Gon\u00e7alves de Souza, al\u00e9m do Coordenador da CPIEPE e do respons\u00e1vel local.<\/p>\n<p><strong>INSTALA\u00c7\u00d5ES<\/strong><\/p>\n<p style=\"text-align: justify\">\u00a0 \u00a0 \u00a0 \u00a0 Existem quatro edifica\u00e7\u00f5es para a produ\u00e7\u00e3o de su\u00ednos e mais um piquete para a gesta\u00e7\u00e3o coletiva das f\u00eameas. H\u00e1 um barrac\u00e3o de maternidade composto por 10 baias de pari\u00e7\u00e3o, um barrac\u00e3o de creche com 7 baias em piso s\u00f3lido e 7 baias suspensas com piso vazado, um barrac\u00e3o de pr\u00e9-gesta\u00e7\u00e3o com 24 unidades individuais para o manejo de reconhecimento de cio e a realiza\u00e7\u00e3o da insemina\u00e7\u00e3o artificial, e um barrac\u00e3o com 27 baias, com piso s\u00f3lido, para a recria e termina\u00e7\u00e3o.<\/p>\n<p><strong>ENSINO<\/strong><\/p>\n<p style=\"text-align: justify\">\u00a0 \u00a0 \u00a0 Atualmente o setor atende as aulas te\u00f3ricas e pr\u00e1ticas dos cursos de gradua\u00e7\u00e3o de Medicina Veterin\u00e1ria e Zootecnia da UFRRJ, al\u00e9m das aulas do curso de agroecologia do Col\u00e9gio T\u00e9cnico da Universidade Rural (CTUR). Tamb\u00e9m s\u00e3o realizados trabalhos de p\u00f3s-gradua\u00e7\u00e3o com su\u00ednos, como tamb\u00e9m o apoio a atividades de outros cursos da UFRRJ. Ainda, recebe estagi\u00e1rios para o exerc\u00edcio dos est\u00e1gios curriculares de cada curso, assim como os est\u00e1gios de apoio t\u00e9cnico e viv\u00eancia acad\u00eamica exercida pelos alunos. S\u00e3o utilizados animais das ra\u00e7as\u00a0 Large White, Landrace, Duroc e Pietrain no sistema de produ\u00e7\u00e3o em ciclo completo, indo do nascimento at\u00e9 a termina\u00e7\u00e3o com animais de 100 kg.<\/p>\n<p>&nbsp;<\/p>\n","protected":false},"excerpt":{"rendered":"<p>&nbsp; LOCALIZA\u00c7\u00c3O \u00a0 \u00a0 \u00a0O Setor de Suinocultura da Universidade Federal Rural do Rio de Janeiro (UFRRJ), \u00e9 uma das <a class=\"read-more\" href=\"https:\/\/institucional.ufrrj.br\/suinocultura\/sobre\/ \" >&#8230; <span class=\"font-italic\">leia mais <i class=\"fas fa-angle-right\"><\/i><\/span><\/a><\/p>\n","protected":false},"author":634,"featured_media":0,"parent":0,"menu_order":0,"comment_status":"closed","ping_status":"closed","template":"","meta":{"_acf_changed":false,"_exactmetrics_skip_tracking":false,"_exactmetrics_sitenote_active":false,"_exactmetrics_sitenote_note":"","_exactmetrics_sitenote_category":0,"footnotes":""},"class_list":["post-17","page","type-page","status-publish","hentry"],"yoast_head":"<!-- This site is optimized with the Yoast SEO plugin v27.2 - https:\/\/yoast.com\/product\/yoast-seo-wordpress\/ -->\n<title>Sobre - Suinocultura UFRRJ<\/title>\n<meta name=\"robots\" content=\"index, follow, max-snippet:-1, max-image-preview:large, max-video-preview:-1\" \/>\n<link rel=\"canonical\" href=\"https:\/\/institucional.ufrrj.br\/suinocultura\/sobre\/\" \/>\n<meta property=\"og:locale\" content=\"pt_BR\" \/>\n<meta property=\"og:type\" content=\"article\" \/>\n<meta property=\"og:title\" content=\"Sobre - Suinocultura UFRRJ\" \/>\n<meta property=\"og:description\" content=\"&nbsp; LOCALIZA\u00c7\u00c3O \u00a0 \u00a0 \u00a0O Setor de Suinocultura da Universidade Federal Rural do Rio de Janeiro (UFRRJ), \u00e9 uma das ... leia mais\" \/>\n<meta property=\"og:url\" content=\"https:\/\/institucional.ufrrj.br\/suinocultura\/sobre\/\" \/>\n<meta property=\"og:site_name\" content=\"Suinocultura UFRRJ\" \/>\n<meta property=\"article:modified_time\" content=\"2020-10-28T22:06:15+00:00\" \/>\n<meta name=\"twitter:card\" content=\"summary_large_image\" \/>\n<meta name=\"twitter:label1\" content=\"Est. tempo de leitura\" \/>\n\t<meta name=\"twitter:data1\" content=\"2 minutos\" \/>\n<script type=\"application\/ld+json\" class=\"yoast-schema-graph\">{\"@context\":\"https:\/\/schema.org\",\"@graph\":[{\"@type\":\"WebPage\",\"@id\":\"https:\/\/institucional.ufrrj.br\/suinocultura\/sobre\/\",\"url\":\"https:\/\/institucional.ufrrj.br\/suinocultura\/sobre\/\",\"name\":\"Sobre - Suinocultura UFRRJ\",\"isPartOf\":{\"@id\":\"https:\/\/institucional.ufrrj.br\/suinocultura\/#website\"},\"datePublished\":\"2020-07-07T13:41:28+00:00\",\"dateModified\":\"2020-10-28T22:06:15+00:00\",\"breadcrumb\":{\"@id\":\"https:\/\/institucional.ufrrj.br\/suinocultura\/sobre\/#breadcrumb\"},\"inLanguage\":\"pt-BR\",\"potentialAction\":[{\"@type\":\"ReadAction\",\"target\":[\"https:\/\/institucional.ufrrj.br\/suinocultura\/sobre\/\"]}]},{\"@type\":\"BreadcrumbList\",\"@id\":\"https:\/\/institucional.ufrrj.br\/suinocultura\/sobre\/#breadcrumb\",\"itemListElement\":[{\"@type\":\"ListItem\",\"position\":1,\"name\":\"In\u00edcio\",\"item\":\"https:\/\/institucional.ufrrj.br\/suinocultura\/\"},{\"@type\":\"ListItem\",\"position\":2,\"name\":\"Sobre\"}]},{\"@type\":\"WebSite\",\"@id\":\"https:\/\/institucional.ufrrj.br\/suinocultura\/#website\",\"url\":\"https:\/\/institucional.ufrrj.br\/suinocultura\/\",\"name\":\"Suinocultura UFRRJ\",\"description\":\"Produ\u00e7\u00e3o de su\u00ednos da UFRRJ\",\"potentialAction\":[{\"@type\":\"SearchAction\",\"target\":{\"@type\":\"EntryPoint\",\"urlTemplate\":\"https:\/\/institucional.ufrrj.br\/suinocultura\/?s={search_term_string}\"},\"query-input\":{\"@type\":\"PropertyValueSpecification\",\"valueRequired\":true,\"valueName\":\"search_term_string\"}}],\"inLanguage\":\"pt-BR\"}]}<\/script>\n<!-- \/ Yoast SEO plugin. -->","yoast_head_json":{"title":"Sobre - Suinocultura UFRRJ","robots":{"index":"index","follow":"follow","max-snippet":"max-snippet:-1","max-image-preview":"max-image-preview:large","max-video-preview":"max-video-preview:-1"},"canonical":"https:\/\/institucional.ufrrj.br\/suinocultura\/sobre\/","og_locale":"pt_BR","og_type":"article","og_title":"Sobre - Suinocultura UFRRJ","og_description":"&nbsp; LOCALIZA\u00c7\u00c3O \u00a0 \u00a0 \u00a0O Setor de Suinocultura da Universidade Federal Rural do Rio de Janeiro (UFRRJ), \u00e9 uma das ... leia mais","og_url":"https:\/\/institucional.ufrrj.br\/suinocultura\/sobre\/","og_site_name":"Suinocultura UFRRJ","article_modified_time":"2020-10-28T22:06:15+00:00","twitter_card":"summary_large_image","twitter_misc":{"Est. tempo de leitura":"2 minutos"},"schema":{"@context":"https:\/\/schema.org","@graph":[{"@type":"WebPage","@id":"https:\/\/institucional.ufrrj.br\/suinocultura\/sobre\/","url":"https:\/\/institucional.ufrrj.br\/suinocultura\/sobre\/","name":"Sobre - Suinocultura UFRRJ","isPartOf":{"@id":"https:\/\/institucional.ufrrj.br\/suinocultura\/#website"},"datePublished":"2020-07-07T13:41:28+00:00","dateModified":"2020-10-28T22:06:15+00:00","breadcrumb":{"@id":"https:\/\/institucional.ufrrj.br\/suinocultura\/sobre\/#breadcrumb"},"inLanguage":"pt-BR","potentialAction":[{"@type":"ReadAction","target":["https:\/\/institucional.ufrrj.br\/suinocultura\/sobre\/"]}]},{"@type":"BreadcrumbList","@id":"https:\/\/institucional.ufrrj.br\/suinocultura\/sobre\/#breadcrumb","itemListElement":[{"@type":"ListItem","position":1,"name":"In\u00edcio","item":"https:\/\/institucional.ufrrj.br\/suinocultura\/"},{"@type":"ListItem","position":2,"name":"Sobre"}]},{"@type":"WebSite","@id":"https:\/\/institucional.ufrrj.br\/suinocultura\/#website","url":"https:\/\/institucional.ufrrj.br\/suinocultura\/","name":"Suinocultura UFRRJ","description":"Produ\u00e7\u00e3o de su\u00ednos da UFRRJ","potentialAction":[{"@type":"SearchAction","target":{"@type":"EntryPoint","urlTemplate":"https:\/\/institucional.ufrrj.br\/suinocultura\/?s={search_term_string}"},"query-input":{"@type":"PropertyValueSpecification","valueRequired":true,"valueName":"search_term_string"}}],"inLanguage":"pt-BR"}]}},"acf":[],"_links":{"self":[{"href":"https:\/\/institucional.ufrrj.br\/suinocultura\/wp-json\/wp\/v2\/pages\/17","targetHints":{"allow":["GET"]}}],"collection":[{"href":"https:\/\/institucional.ufrrj.br\/suinocultura\/wp-json\/wp\/v2\/pages"}],"about":[{"href":"https:\/\/institucional.ufrrj.br\/suinocultura\/wp-json\/wp\/v2\/types\/page"}],"author":[{"embeddable":true,"href":"https:\/\/institucional.ufrrj.br\/suinocultura\/wp-json\/wp\/v2\/users\/634"}],"replies":[{"embeddable":true,"href":"https:\/\/institucional.ufrrj.br\/suinocultura\/wp-json\/wp\/v2\/comments?post=17"}],"version-history":[{"count":16,"href":"https:\/\/institucional.ufrrj.br\/suinocultura\/wp-json\/wp\/v2\/pages\/17\/revisions"}],"predecessor-version":[{"id":432,"href":"https:\/\/institucional.ufrrj.br\/suinocultura\/wp-json\/wp\/v2\/pages\/17\/revisions\/432"}],"wp:attachment":[{"href":"https:\/\/institucional.ufrrj.br\/suinocultura\/wp-json\/wp\/v2\/media?parent=17"}],"curies":[{"name":"wp","href":"https:\/\/api.w.org\/{rel}","templated":true}]}}