{"id":8036,"date":"2023-03-17T15:08:04","date_gmt":"2023-03-17T18:08:04","guid":{"rendered":"https:\/\/institucional.ufrrj.br\/soc\/?page_id=8036"},"modified":"2025-08-28T12:23:28","modified_gmt":"2025-08-28T15:23:28","slug":"atas","status":"publish","type":"page","link":"https:\/\/institucional.ufrrj.br\/soc\/conselho-universitario-2\/atas\/","title":{"rendered":"Atas"},"content":{"rendered":"<p><strong><a href=\"https:\/\/institucional.ufrrj.br\/soc\/files\/2022\/05\/Ata-365-RO-CONSU-2020.pdf\">Ata 365 RO CONSU 2020<\/a><\/strong><\/p>\n<p>ATA DA 365\u00aa REUNI\u00c3O ORDIN\u00c1RIA DO CONSELHO UNIVERSIT\u00c1RIO.<\/p>\n<hr \/>\n<p><strong><a href=\"https:\/\/institucional.ufrrj.br\/soc\/files\/2022\/05\/Ata-366-RO-CONSU-2020.pdf\">Ata 366 RO CONSU 2020<\/a><\/strong><\/p>\n<p>ATA DA 366\u00aa REUNI\u00c3O ORDIN\u00c1RIA DO CONSELHO UNIVERSIT\u00c1RIO.<\/p>\n<hr \/>\n<p><strong><a href=\"https:\/\/institucional.ufrrj.br\/soc\/files\/2022\/05\/Ata-367-RO-CONSU.pdf\">Ata 367 RO CONSU 2020<\/a><\/strong><a href=\"https:\/\/institucional.ufrrj.br\/soc\/files\/2022\/05\/Ata-367-RO-CONSU.pdf\">\u00a0<\/a><\/p>\n<p>ATA DA 367\u00aa REUNI\u00c3O ORDIN\u00c1RIA DO CONSELHO UNIVERSIT\u00c1RIO.<\/p>\n<hr \/>\n<p><strong><a href=\"https:\/\/institucional.ufrrj.br\/soc\/files\/2022\/05\/Ata-231-RE-CONSU-20220.pdf\">ATA<\/a><\/strong><a href=\"https:\/\/institucional.ufrrj.br\/soc\/files\/2022\/05\/Ata-231-RE-CONSU-20220.pdf\"><strong> 231 RE CONSU 2020<\/strong><\/a><\/p>\n<p>ATA DA 231\u00aa REUNI\u00c3O EXTRAORDIN\u00c1RIA DO CONSELHO UNIVERSIT\u00c1RIO.<\/p>\n<hr \/>\n<p><strong><a href=\"https:\/\/institucional.ufrrj.br\/soc\/files\/2022\/05\/ATA-232-RE-CONSU-2020.pdf\">ATA 232 RE CONSU 2020<\/a><\/strong><\/p>\n<p>ATA DA 232\u00aa REUNI\u00c3O EXTRAORDIN\u00c1RIA DO CONSELHO UNIVERSIT\u00c1RIO.<\/p>\n<hr \/>\n<p><strong><a href=\"https:\/\/institucional.ufrrj.br\/soc\/files\/2022\/05\/ata-368-RO-CONSU-2020.pdf\">Ata 368 RO CONSU 2020<\/a><\/strong><\/p>\n<p>ATA DA 368 REUNI\u00c3O ORDIN\u00c1RIA DO CONSELHO UNIVERSIT\u00c1RIO.<\/p>\n<hr \/>\n<p><strong><a href=\"https:\/\/institucional.ufrrj.br\/soc\/files\/2022\/05\/ATA-233-RE-CONSU.docx\">ATA 233 RE CONSU 2020<\/a><\/strong><\/p>\n<p align=\"justify\"><span style=\"font-family: Times New Roman, serif;\">ATA DA 233\u00aa REUNI\u00c3O EXTRAORDIN\u00c1RIA DO CONSELHO UNIVERSIT\u00c1RIO.<\/span><\/p>\n<hr \/>\n<p><a href=\"https:\/\/institucional.ufrrj.br\/soc\/files\/2022\/05\/Ata-369-RO-CONSU-2020.pdf\"><strong>Ata 369 RO CONSU 2020<\/strong><\/a><\/p>\n<p>ATA DA 369\u00aa REUNI\u00c3O ORDIN\u00c1RIA DO CONSELHO UNIVERSIT\u00c1RIO.<\/p>\n<hr \/>\n<p><a href=\"https:\/\/institucional.ufrrj.br\/soc\/files\/2022\/05\/ATA-370-CONSU-2020.pdf\"><strong>ATA 370 RO CONSU 2020<\/strong><\/a><\/p>\n<p>ATA DA 370 REUNI\u00c3O ORDIN\u00c1RIA DO CONSELHO UNIVERSIT\u00c1RIO.<\/p>\n<hr \/>\n<p><strong><a href=\"https:\/\/institucional.ufrrj.br\/soc\/files\/2022\/05\/ATA-371-RO-CONSU-2020.pdf\">ATA 371 RO CONSU 2020<\/a><\/strong><\/p>\n<p>ATA DA 371\u00aa REUNI\u00c3O ORDIN\u00c1RIA DO CONSELHO UNIVERSIT\u00c1RIO.<\/p>\n<hr \/>\n<p><strong><a href=\"https:\/\/institucional.ufrrj.br\/soc\/files\/2022\/05\/ATA-372-RO-CONSU-2020.pdf\">ATA 372 RO CONSU 2020<\/a><\/strong><\/p>\n<p>ATA DA 372\u00aa REUNI\u00c3O ORDIN\u00c1RIA DO CONSELHO UNIVERSIT\u00c1RIO.<\/p>\n<hr \/>\n<p><strong><a href=\"https:\/\/institucional.ufrrj.br\/soc\/files\/2022\/05\/ATA-373-CONSU-2020.pdf\">ATA 373 RO CONSU 2020<\/a><\/strong><\/p>\n<p>ATA DA 373\u00aa REUNI\u00c3O ORDIN\u00c1RIA DO CONSELHO UNIVERSIT\u00c1RIO.<\/p>\n<hr \/>\n<p><strong><a href=\"https:\/\/institucional.ufrrj.br\/soc\/files\/2022\/05\/ATA-374-RO-CONSU.docx\">ATA 374 RO CONSU 2020<\/a><\/strong><\/p>\n<p>ATA DA 374\u00aa REUNI\u00c3O ORDIN\u00c1RIA DO CONSELHO UNIVERSIT\u00c1RIO.<\/p>\n<hr \/>\n<p><strong><a href=\"https:\/\/institucional.ufrrj.br\/soc\/files\/2022\/05\/ATA-234-RE-CONSUL-2020.pdf\">ATA 234 RE CONSUL 2020<\/a><\/strong><\/p>\n<p>ATA DA 234\u00aa REUNI\u00c3O EXTRAORDIN\u00c1RIA DO CONSELHO UNIVERSIT\u00c1RIO.<\/p>\n<hr \/>\n<p>&nbsp;<\/p>\n","protected":false},"excerpt":{"rendered":"<p>Ata 365 RO CONSU 2020 ATA DA 365\u00aa REUNI\u00c3O ORDIN\u00c1RIA DO CONSELHO UNIVERSIT\u00c1RIO. Ata 366 RO CONSU 2020 ATA DA <a class=\"read-more\" style=\"font-size:12px;\" href=\"https:\/\/institucional.ufrrj.br\/soc\/conselho-universitario-2\/atas\/\">&#8230; Continue lendo <i class=\"fa fa-long-arrow-right\"><\/i><\/a><\/p>\n","protected":false},"author":691,"featured_media":0,"parent":187,"menu_order":0,"comment_status":"closed","ping_status":"closed","template":"","meta":{"_acf_changed":false,"footnotes":"","_links_to":"","_links_to_target":""},"class_list":["post-8036","page","type-page","status-publish","hentry"],"yoast_head":"<!-- This site is optimized with the Yoast SEO plugin v27.2 - https:\/\/yoast.com\/product\/yoast-seo-wordpress\/ -->\n<title>Atas - SOC<\/title>\n<meta name=\"robots\" content=\"index, follow, max-snippet:-1, max-image-preview:large, max-video-preview:-1\" \/>\n<link rel=\"canonical\" href=\"https:\/\/institucional.ufrrj.br\/soc\/conselho-universitario-2\/atas\/\" \/>\n<meta property=\"og:locale\" content=\"pt_BR\" \/>\n<meta property=\"og:type\" content=\"article\" \/>\n<meta property=\"og:title\" content=\"Atas - SOC\" \/>\n<meta property=\"og:description\" content=\"Ata 365 RO CONSU 2020 ATA DA 365\u00aa REUNI\u00c3O ORDIN\u00c1RIA DO CONSELHO UNIVERSIT\u00c1RIO. Ata 366 RO CONSU 2020 ATA DA ... Continue lendo\" \/>\n<meta property=\"og:url\" content=\"https:\/\/institucional.ufrrj.br\/soc\/conselho-universitario-2\/atas\/\" \/>\n<meta property=\"og:site_name\" content=\"SOC\" \/>\n<meta property=\"article:modified_time\" content=\"2025-08-28T15:23:28+00:00\" \/>\n<meta name=\"twitter:card\" content=\"summary_large_image\" \/>\n<meta name=\"twitter:label1\" content=\"Est. tempo de leitura\" \/>\n\t<meta name=\"twitter:data1\" content=\"1 minuto\" \/>\n<script type=\"application\/ld+json\" class=\"yoast-schema-graph\">{\"@context\":\"https:\/\/schema.org\",\"@graph\":[{\"@type\":\"WebPage\",\"@id\":\"https:\/\/institucional.ufrrj.br\/soc\/conselho-universitario-2\/atas\/\",\"url\":\"https:\/\/institucional.ufrrj.br\/soc\/conselho-universitario-2\/atas\/\",\"name\":\"Atas - SOC\",\"isPartOf\":{\"@id\":\"https:\/\/institucional.ufrrj.br\/soc\/#website\"},\"datePublished\":\"2023-03-17T18:08:04+00:00\",\"dateModified\":\"2025-08-28T15:23:28+00:00\",\"breadcrumb\":{\"@id\":\"https:\/\/institucional.ufrrj.br\/soc\/conselho-universitario-2\/atas\/#breadcrumb\"},\"inLanguage\":\"pt-BR\",\"potentialAction\":[{\"@type\":\"ReadAction\",\"target\":[\"https:\/\/institucional.ufrrj.br\/soc\/conselho-universitario-2\/atas\/\"]}]},{\"@type\":\"BreadcrumbList\",\"@id\":\"https:\/\/institucional.ufrrj.br\/soc\/conselho-universitario-2\/atas\/#breadcrumb\",\"itemListElement\":[{\"@type\":\"ListItem\",\"position\":1,\"name\":\"In\u00edcio\",\"item\":\"https:\/\/institucional.ufrrj.br\/soc\/\"},{\"@type\":\"ListItem\",\"position\":2,\"name\":\"CONSELHO UNIVERSIT\u00c1RIO\",\"item\":\"https:\/\/institucional.ufrrj.br\/soc\/conselho-universitario-2\/\"},{\"@type\":\"ListItem\",\"position\":3,\"name\":\"Atas\"}]},{\"@type\":\"WebSite\",\"@id\":\"https:\/\/institucional.ufrrj.br\/soc\/#website\",\"url\":\"https:\/\/institucional.ufrrj.br\/soc\/\",\"name\":\"SOC\",\"description\":\"Secretaria dos \u00d3rg\u00e3os Colegiados - UFRRJ\",\"potentialAction\":[{\"@type\":\"SearchAction\",\"target\":{\"@type\":\"EntryPoint\",\"urlTemplate\":\"https:\/\/institucional.ufrrj.br\/soc\/?s={search_term_string}\"},\"query-input\":{\"@type\":\"PropertyValueSpecification\",\"valueRequired\":true,\"valueName\":\"search_term_string\"}}],\"inLanguage\":\"pt-BR\"}]}<\/script>\n<!-- \/ Yoast SEO plugin. -->","yoast_head_json":{"title":"Atas - SOC","robots":{"index":"index","follow":"follow","max-snippet":"max-snippet:-1","max-image-preview":"max-image-preview:large","max-video-preview":"max-video-preview:-1"},"canonical":"https:\/\/institucional.ufrrj.br\/soc\/conselho-universitario-2\/atas\/","og_locale":"pt_BR","og_type":"article","og_title":"Atas - SOC","og_description":"Ata 365 RO CONSU 2020 ATA DA 365\u00aa REUNI\u00c3O ORDIN\u00c1RIA DO CONSELHO UNIVERSIT\u00c1RIO. Ata 366 RO CONSU 2020 ATA DA ... Continue lendo","og_url":"https:\/\/institucional.ufrrj.br\/soc\/conselho-universitario-2\/atas\/","og_site_name":"SOC","article_modified_time":"2025-08-28T15:23:28+00:00","twitter_card":"summary_large_image","twitter_misc":{"Est. tempo de leitura":"1 minuto"},"schema":{"@context":"https:\/\/schema.org","@graph":[{"@type":"WebPage","@id":"https:\/\/institucional.ufrrj.br\/soc\/conselho-universitario-2\/atas\/","url":"https:\/\/institucional.ufrrj.br\/soc\/conselho-universitario-2\/atas\/","name":"Atas - SOC","isPartOf":{"@id":"https:\/\/institucional.ufrrj.br\/soc\/#website"},"datePublished":"2023-03-17T18:08:04+00:00","dateModified":"2025-08-28T15:23:28+00:00","breadcrumb":{"@id":"https:\/\/institucional.ufrrj.br\/soc\/conselho-universitario-2\/atas\/#breadcrumb"},"inLanguage":"pt-BR","potentialAction":[{"@type":"ReadAction","target":["https:\/\/institucional.ufrrj.br\/soc\/conselho-universitario-2\/atas\/"]}]},{"@type":"BreadcrumbList","@id":"https:\/\/institucional.ufrrj.br\/soc\/conselho-universitario-2\/atas\/#breadcrumb","itemListElement":[{"@type":"ListItem","position":1,"name":"In\u00edcio","item":"https:\/\/institucional.ufrrj.br\/soc\/"},{"@type":"ListItem","position":2,"name":"CONSELHO UNIVERSIT\u00c1RIO","item":"https:\/\/institucional.ufrrj.br\/soc\/conselho-universitario-2\/"},{"@type":"ListItem","position":3,"name":"Atas"}]},{"@type":"WebSite","@id":"https:\/\/institucional.ufrrj.br\/soc\/#website","url":"https:\/\/institucional.ufrrj.br\/soc\/","name":"SOC","description":"Secretaria dos \u00d3rg\u00e3os Colegiados - UFRRJ","potentialAction":[{"@type":"SearchAction","target":{"@type":"EntryPoint","urlTemplate":"https:\/\/institucional.ufrrj.br\/soc\/?s={search_term_string}"},"query-input":{"@type":"PropertyValueSpecification","valueRequired":true,"valueName":"search_term_string"}}],"inLanguage":"pt-BR"}]}},"acf":[],"_links":{"self":[{"href":"https:\/\/institucional.ufrrj.br\/soc\/wp-json\/wp\/v2\/pages\/8036","targetHints":{"allow":["GET"]}}],"collection":[{"href":"https:\/\/institucional.ufrrj.br\/soc\/wp-json\/wp\/v2\/pages"}],"about":[{"href":"https:\/\/institucional.ufrrj.br\/soc\/wp-json\/wp\/v2\/types\/page"}],"author":[{"embeddable":true,"href":"https:\/\/institucional.ufrrj.br\/soc\/wp-json\/wp\/v2\/users\/691"}],"replies":[{"embeddable":true,"href":"https:\/\/institucional.ufrrj.br\/soc\/wp-json\/wp\/v2\/comments?post=8036"}],"version-history":[{"count":2,"href":"https:\/\/institucional.ufrrj.br\/soc\/wp-json\/wp\/v2\/pages\/8036\/revisions"}],"predecessor-version":[{"id":9644,"href":"https:\/\/institucional.ufrrj.br\/soc\/wp-json\/wp\/v2\/pages\/8036\/revisions\/9644"}],"up":[{"embeddable":true,"href":"https:\/\/institucional.ufrrj.br\/soc\/wp-json\/wp\/v2\/pages\/187"}],"wp:attachment":[{"href":"https:\/\/institucional.ufrrj.br\/soc\/wp-json\/wp\/v2\/media?parent=8036"}],"curies":[{"name":"wp","href":"https:\/\/api.w.org\/{rel}","templated":true}]}}