{"id":8032,"date":"2023-03-17T15:06:07","date_gmt":"2023-03-17T18:06:07","guid":{"rendered":"https:\/\/institucional.ufrrj.br\/soc\/?page_id=8032"},"modified":"2025-08-28T12:24:23","modified_gmt":"2025-08-28T15:24:23","slug":"atas","status":"publish","type":"page","link":"https:\/\/institucional.ufrrj.br\/soc\/conselho-de-ensino-pesquisa-e-extensao-2\/atas\/","title":{"rendered":"Atas"},"content":{"rendered":"<p><strong><a href=\"https:\/\/institucional.ufrrj.br\/soc\/files\/2022\/05\/ATA-375-RO-CEPE-2020.pdf\">ATA 375 RO CEPE 2020<\/a><\/strong><\/p>\n<p>ATA DA 375\u00aa REUNI\u00c3O ORDIN\u00c1RIA DO CONSELHO DE ENSINO, PESQUISA E EXTENS\u00c3O.<\/p>\n<hr \/>\n<p><strong><a href=\"https:\/\/institucional.ufrrj.br\/soc\/files\/2022\/05\/Ata-376-RO-CEPE.pdf\">Ata 376 RO CEPE 2020<\/a><\/strong><\/p>\n<p>ATA DA 376\u00aa REUNI\u00c3O ORDIN\u00c1RIA DO CONSELHO DE ENSINO, PESQUISA E EXTENS\u00c3O.<\/p>\n<hr \/>\n<p><a href=\"https:\/\/institucional.ufrrj.br\/soc\/files\/2022\/05\/ATA-300-RE-CEPE-2020.pdf\"><strong>ATA 300 RE CEPE 2020<\/strong><\/a><\/p>\n<p>ATA DA 300\u00aa REUNI\u00c3O EXTRAORDIN\u00c1RIA DO CONSELHO DE ENSINO,PESQUISA E EXTENS\u00c3O.<\/p>\n<hr \/>\n<p><strong><a href=\"https:\/\/institucional.ufrrj.br\/soc\/files\/2022\/05\/ata-377-RO-CEPE-2020.pdf\">ATA 377 RO CEPE 2020<\/a><\/strong><\/p>\n<p>ATA DA 377\u00aa REUNI\u00c3O ORDIN\u00c1RIA DO CONSELHO DE ENSINO, PESQUISA E EXTENS\u00c3O.<\/p>\n<hr \/>\n<p><strong><a href=\"https:\/\/institucional.ufrrj.br\/soc\/files\/2022\/05\/Ata-301-RE-CEPE-2020.pdf\">Ata 301 RE CEPE 2020<\/a><\/strong><\/p>\n<p>ATA DA 301\u00aa REUNI\u00c3O EXTRAORDIN\u00c1RIA DO CONSELHO DE ENSINO,PESQUISA E EXTENS\u00c3O.<\/p>\n<hr \/>\n<p><strong><a href=\"https:\/\/institucional.ufrrj.br\/soc\/files\/2022\/05\/Ata-378-RO-CEPE-2020.pdf\">Ata 378 RO CEPE 2020<\/a><\/strong><\/p>\n<p>ATA DA 378\u00aa REUNI\u00c3O ORDIN\u00c1RIA DO CONSELHO DE ENSINO, PESQUISA E EXTENS\u00c3O.<\/p>\n<hr \/>\n<p><strong><a href=\"https:\/\/institucional.ufrrj.br\/soc\/files\/2022\/05\/Ata-302-RE-CEPE-2020.pdf\">Ata 302 RE CEPE 2020<\/a><\/strong><\/p>\n<p>ATA DA 302\u00aa REUNI\u00c3O EXTRAORDIN\u00c1RIA DO CONSELHO DE ENSINO,PESQUISA E EXTENS\u00c3O.<\/p>\n<hr \/>\n<p><strong><a href=\"https:\/\/institucional.ufrrj.br\/soc\/files\/2022\/05\/ATA-379-RO-CEPE-2020.pdf\">ATA 379 RO CEPE 2020<\/a><\/strong><\/p>\n<p>ATA DA 379\u00aa REUNI\u00c3O ORDIN\u00c1RIA DO CONSELHO DE ENSINO, PESQUISA E EXTENS\u00c3O.<\/p>\n<hr \/>\n<p><strong><a href=\"https:\/\/institucional.ufrrj.br\/soc\/files\/2022\/05\/Ata-380-RO-CEPE-2020.pdf\">Ata 380 RO CEPE 2020<\/a><\/strong><\/p>\n<p>ATA DA 380\u00aa REUNI\u00c3O ORDIN\u00c1RIA DO CONSELHO DE ENSINO, PESQUISA E EXTENS\u00c3O.<\/p>\n<hr \/>\n<p><strong><a href=\"https:\/\/institucional.ufrrj.br\/soc\/files\/2022\/05\/ATA-303-RE-CEPE-2020.pdf\">ATA 303 RE CEPE 2020<\/a><\/strong><\/p>\n<p>ATA DA 303\u00aa REUNI\u00c3O EXTRAORDIN\u00c1RIA DO CONSELHO DE ENSINO,PESQUISA E EXTENS\u00c3O.<\/p>\n<hr \/>\n<p><strong><a href=\"https:\/\/institucional.ufrrj.br\/soc\/files\/2022\/05\/Ata-381-RO-CEPE-2020.pdf\">Ata 381 RO CEPE 2020<\/a><\/strong><\/p>\n<p>ATA DA 381\u00aa REUNI\u00c3O ORDIN\u00c1RIA DO CONSELHO DE ENSINO, PESQUISA E EXTENS\u00c3O.<\/p>\n<hr \/>\n<p><strong><a href=\"https:\/\/institucional.ufrrj.br\/soc\/files\/2022\/05\/ATA-382-RO-CEPE-2020.pdf\">ATA 382 RO CEPE 2020<\/a><\/strong><\/p>\n<p>ATA DA 382\u00aa REUNI\u00c3O ORDIN\u00c1RIA DO CONSELHO DE ENSINO, PESQUISA E EXTENS\u00c3O.<\/p>\n<hr \/>\n<p><strong><a href=\"https:\/\/institucional.ufrrj.br\/soc\/files\/2022\/05\/ATA-304-RE-CEPE-2020.pdf\">ATA 304 RE CEPE 2020<\/a><\/strong><\/p>\n<p>ATA DA 304\u00aa REUNI\u00c3O EXTRAORDIN\u00c1RIA DO CONSELHO DE ENSINO,PESQUISA E EXTENS\u00c3O.<\/p>\n<hr \/>\n<p><strong><a href=\"https:\/\/institucional.ufrrj.br\/soc\/files\/2022\/05\/Ata-383-RO-CEPE-2020.pdf\">Ata 383 RO CEPE 2020<\/a><\/strong><\/p>\n<p>ATA DA 383\u00aa REUNI\u00c3O ORDIN\u00c1RIA DO CONSELHO DE ENSINO, PESQUISA E EXTENS\u00c3O.<\/p>\n<hr \/>\n<p><strong><a href=\"https:\/\/institucional.ufrrj.br\/soc\/files\/2022\/05\/ATA-384-RO-CEPE-2020.pdf\">ATA 384 RO CEPE 2020<\/a><\/strong><\/p>\n<p>ATA DA 384\u00aa REUNI\u00c3O ORDIN\u00c1RIA DO CONSELHO DE ENSINO, PESQUISA E EXTENS\u00c3O.<\/p>\n<hr \/>\n<p><strong><a href=\"https:\/\/institucional.ufrrj.br\/soc\/files\/2022\/05\/ATA-305-RE-CEPE-2020.pdf\">ATA 305 RE CEPE 2020<\/a><\/strong><\/p>\n<p>ATA DA 305\u00aa REUNI\u00c3O EXTRAORDIN\u00c1RIA DO CONSELHO DE ENSINO,PESQUISA E EXTENS\u00c3O.<\/p>\n<hr \/>\n<p>&nbsp;<\/p>\n","protected":false},"excerpt":{"rendered":"<p>ATA 375 RO CEPE 2020 ATA DA 375\u00aa REUNI\u00c3O ORDIN\u00c1RIA DO CONSELHO DE ENSINO, PESQUISA E EXTENS\u00c3O. Ata 376 RO <a class=\"read-more\" style=\"font-size:12px;\" href=\"https:\/\/institucional.ufrrj.br\/soc\/conselho-de-ensino-pesquisa-e-extensao-2\/atas\/\">&#8230; Continue lendo <i class=\"fa fa-long-arrow-right\"><\/i><\/a><\/p>\n","protected":false},"author":691,"featured_media":0,"parent":190,"menu_order":0,"comment_status":"closed","ping_status":"closed","template":"","meta":{"_acf_changed":false,"footnotes":"","_links_to":"","_links_to_target":""},"class_list":["post-8032","page","type-page","status-publish","hentry"],"yoast_head":"<!-- This site is optimized with the Yoast SEO plugin v27.2 - https:\/\/yoast.com\/product\/yoast-seo-wordpress\/ -->\n<title>Atas - SOC<\/title>\n<meta name=\"robots\" content=\"index, follow, max-snippet:-1, max-image-preview:large, max-video-preview:-1\" \/>\n<link rel=\"canonical\" href=\"https:\/\/institucional.ufrrj.br\/soc\/conselho-de-ensino-pesquisa-e-extensao-2\/atas\/\" \/>\n<meta property=\"og:locale\" content=\"pt_BR\" \/>\n<meta property=\"og:type\" content=\"article\" \/>\n<meta property=\"og:title\" content=\"Atas - SOC\" \/>\n<meta property=\"og:description\" content=\"ATA 375 RO CEPE 2020 ATA DA 375\u00aa REUNI\u00c3O ORDIN\u00c1RIA DO CONSELHO DE ENSINO, PESQUISA E EXTENS\u00c3O. Ata 376 RO ... Continue lendo\" \/>\n<meta property=\"og:url\" content=\"https:\/\/institucional.ufrrj.br\/soc\/conselho-de-ensino-pesquisa-e-extensao-2\/atas\/\" \/>\n<meta property=\"og:site_name\" content=\"SOC\" \/>\n<meta property=\"article:modified_time\" content=\"2025-08-28T15:24:23+00:00\" \/>\n<meta name=\"twitter:card\" content=\"summary_large_image\" \/>\n<meta name=\"twitter:label1\" content=\"Est. tempo de leitura\" \/>\n\t<meta name=\"twitter:data1\" content=\"1 minuto\" \/>\n<script type=\"application\/ld+json\" class=\"yoast-schema-graph\">{\"@context\":\"https:\/\/schema.org\",\"@graph\":[{\"@type\":\"WebPage\",\"@id\":\"https:\/\/institucional.ufrrj.br\/soc\/conselho-de-ensino-pesquisa-e-extensao-2\/atas\/\",\"url\":\"https:\/\/institucional.ufrrj.br\/soc\/conselho-de-ensino-pesquisa-e-extensao-2\/atas\/\",\"name\":\"Atas - SOC\",\"isPartOf\":{\"@id\":\"https:\/\/institucional.ufrrj.br\/soc\/#website\"},\"datePublished\":\"2023-03-17T18:06:07+00:00\",\"dateModified\":\"2025-08-28T15:24:23+00:00\",\"breadcrumb\":{\"@id\":\"https:\/\/institucional.ufrrj.br\/soc\/conselho-de-ensino-pesquisa-e-extensao-2\/atas\/#breadcrumb\"},\"inLanguage\":\"pt-BR\",\"potentialAction\":[{\"@type\":\"ReadAction\",\"target\":[\"https:\/\/institucional.ufrrj.br\/soc\/conselho-de-ensino-pesquisa-e-extensao-2\/atas\/\"]}]},{\"@type\":\"BreadcrumbList\",\"@id\":\"https:\/\/institucional.ufrrj.br\/soc\/conselho-de-ensino-pesquisa-e-extensao-2\/atas\/#breadcrumb\",\"itemListElement\":[{\"@type\":\"ListItem\",\"position\":1,\"name\":\"In\u00edcio\",\"item\":\"https:\/\/institucional.ufrrj.br\/soc\/\"},{\"@type\":\"ListItem\",\"position\":2,\"name\":\"CONSELHO DE ENSINO, PESQUISA E EXTENS\u00c3O\",\"item\":\"https:\/\/institucional.ufrrj.br\/soc\/conselho-de-ensino-pesquisa-e-extensao-2\/\"},{\"@type\":\"ListItem\",\"position\":3,\"name\":\"Atas\"}]},{\"@type\":\"WebSite\",\"@id\":\"https:\/\/institucional.ufrrj.br\/soc\/#website\",\"url\":\"https:\/\/institucional.ufrrj.br\/soc\/\",\"name\":\"SOC\",\"description\":\"Secretaria dos \u00d3rg\u00e3os Colegiados - UFRRJ\",\"potentialAction\":[{\"@type\":\"SearchAction\",\"target\":{\"@type\":\"EntryPoint\",\"urlTemplate\":\"https:\/\/institucional.ufrrj.br\/soc\/?s={search_term_string}\"},\"query-input\":{\"@type\":\"PropertyValueSpecification\",\"valueRequired\":true,\"valueName\":\"search_term_string\"}}],\"inLanguage\":\"pt-BR\"}]}<\/script>\n<!-- \/ Yoast SEO plugin. -->","yoast_head_json":{"title":"Atas - SOC","robots":{"index":"index","follow":"follow","max-snippet":"max-snippet:-1","max-image-preview":"max-image-preview:large","max-video-preview":"max-video-preview:-1"},"canonical":"https:\/\/institucional.ufrrj.br\/soc\/conselho-de-ensino-pesquisa-e-extensao-2\/atas\/","og_locale":"pt_BR","og_type":"article","og_title":"Atas - SOC","og_description":"ATA 375 RO CEPE 2020 ATA DA 375\u00aa REUNI\u00c3O ORDIN\u00c1RIA DO CONSELHO DE ENSINO, PESQUISA E EXTENS\u00c3O. Ata 376 RO ... Continue lendo","og_url":"https:\/\/institucional.ufrrj.br\/soc\/conselho-de-ensino-pesquisa-e-extensao-2\/atas\/","og_site_name":"SOC","article_modified_time":"2025-08-28T15:24:23+00:00","twitter_card":"summary_large_image","twitter_misc":{"Est. tempo de leitura":"1 minuto"},"schema":{"@context":"https:\/\/schema.org","@graph":[{"@type":"WebPage","@id":"https:\/\/institucional.ufrrj.br\/soc\/conselho-de-ensino-pesquisa-e-extensao-2\/atas\/","url":"https:\/\/institucional.ufrrj.br\/soc\/conselho-de-ensino-pesquisa-e-extensao-2\/atas\/","name":"Atas - SOC","isPartOf":{"@id":"https:\/\/institucional.ufrrj.br\/soc\/#website"},"datePublished":"2023-03-17T18:06:07+00:00","dateModified":"2025-08-28T15:24:23+00:00","breadcrumb":{"@id":"https:\/\/institucional.ufrrj.br\/soc\/conselho-de-ensino-pesquisa-e-extensao-2\/atas\/#breadcrumb"},"inLanguage":"pt-BR","potentialAction":[{"@type":"ReadAction","target":["https:\/\/institucional.ufrrj.br\/soc\/conselho-de-ensino-pesquisa-e-extensao-2\/atas\/"]}]},{"@type":"BreadcrumbList","@id":"https:\/\/institucional.ufrrj.br\/soc\/conselho-de-ensino-pesquisa-e-extensao-2\/atas\/#breadcrumb","itemListElement":[{"@type":"ListItem","position":1,"name":"In\u00edcio","item":"https:\/\/institucional.ufrrj.br\/soc\/"},{"@type":"ListItem","position":2,"name":"CONSELHO DE ENSINO, PESQUISA E EXTENS\u00c3O","item":"https:\/\/institucional.ufrrj.br\/soc\/conselho-de-ensino-pesquisa-e-extensao-2\/"},{"@type":"ListItem","position":3,"name":"Atas"}]},{"@type":"WebSite","@id":"https:\/\/institucional.ufrrj.br\/soc\/#website","url":"https:\/\/institucional.ufrrj.br\/soc\/","name":"SOC","description":"Secretaria dos \u00d3rg\u00e3os Colegiados - UFRRJ","potentialAction":[{"@type":"SearchAction","target":{"@type":"EntryPoint","urlTemplate":"https:\/\/institucional.ufrrj.br\/soc\/?s={search_term_string}"},"query-input":{"@type":"PropertyValueSpecification","valueRequired":true,"valueName":"search_term_string"}}],"inLanguage":"pt-BR"}]}},"acf":[],"_links":{"self":[{"href":"https:\/\/institucional.ufrrj.br\/soc\/wp-json\/wp\/v2\/pages\/8032","targetHints":{"allow":["GET"]}}],"collection":[{"href":"https:\/\/institucional.ufrrj.br\/soc\/wp-json\/wp\/v2\/pages"}],"about":[{"href":"https:\/\/institucional.ufrrj.br\/soc\/wp-json\/wp\/v2\/types\/page"}],"author":[{"embeddable":true,"href":"https:\/\/institucional.ufrrj.br\/soc\/wp-json\/wp\/v2\/users\/691"}],"replies":[{"embeddable":true,"href":"https:\/\/institucional.ufrrj.br\/soc\/wp-json\/wp\/v2\/comments?post=8032"}],"version-history":[{"count":3,"href":"https:\/\/institucional.ufrrj.br\/soc\/wp-json\/wp\/v2\/pages\/8032\/revisions"}],"predecessor-version":[{"id":9645,"href":"https:\/\/institucional.ufrrj.br\/soc\/wp-json\/wp\/v2\/pages\/8032\/revisions\/9645"}],"up":[{"embeddable":true,"href":"https:\/\/institucional.ufrrj.br\/soc\/wp-json\/wp\/v2\/pages\/190"}],"wp:attachment":[{"href":"https:\/\/institucional.ufrrj.br\/soc\/wp-json\/wp\/v2\/media?parent=8032"}],"curies":[{"name":"wp","href":"https:\/\/api.w.org\/{rel}","templated":true}]}}