{"id":8022,"date":"2023-03-17T14:51:52","date_gmt":"2023-03-17T17:51:52","guid":{"rendered":"https:\/\/institucional.ufrrj.br\/soc\/?page_id=8022"},"modified":"2025-10-30T09:49:13","modified_gmt":"2025-10-30T12:49:13","slug":"atas","status":"publish","type":"page","link":"https:\/\/institucional.ufrrj.br\/soc\/conselho-de-curadores-2\/agenda-reunioes\/atas\/","title":{"rendered":"ATAS"},"content":{"rendered":"<p><a href=\"https:\/\/institucional.ufrrj.br\/soc\/files\/2024\/12\/1a-Reuniao-Ordinaria.pdf\">1\u00aa Reuni\u00e3o Ordin\u00e1ria CONCUR 2024<\/a><\/p>\n<hr \/>\n<p><a href=\"https:\/\/institucional.ufrrj.br\/soc\/files\/2024\/12\/2a-Reuniao-Ordinaria.pdf\">2\u00aa Reuni\u00e3o Ordin\u00e1ria CONCUR 2024<\/a><\/p>\n<hr \/>\n<p><a href=\"https:\/\/institucional.ufrrj.br\/soc\/files\/2025\/04\/ATA-CONCUR-1a-R.O.-2025.pdf\">1\u00aa Reuni\u00e3o Ordin\u00e1ria do CONCUR 2025<\/a><\/p>\n<p><a href=\"https:\/\/institucional.ufrrj.br\/soc\/files\/2025\/05\/Conselho-de-Curadores-reuniao-1-de-abril-2025.pdf\">Apresenta\u00e7\u00e3o_Or\u00e7amento das IFES<\/a><\/p>\n<p><a href=\"https:\/\/institucional.ufrrj.br\/soc\/files\/2025\/05\/Informe_orcamento_ufrrj_1a_reuniao_Concur_assinado_assinado.pdf\">Informe_orcamento_ufrrj_1a_reuniao_Concur<\/a><\/p>\n<hr \/>\n<p><a href=\"https:\/\/institucional.ufrrj.br\/soc\/files\/2025\/10\/Ata-da-3a-Reuniao-ordinaria-CONCUR.pdf\">Ata da 3\u00aa Reuni\u00e3o ordin\u00e1ria CONCUR<\/a><\/p>\n<p><a href=\"https:\/\/institucional.ufrrj.br\/soc\/files\/2025\/10\/Ata-da-4a-reuniao-ordinaria-CONCUR.pdf\">Ata da 4\u00aa reuni\u00e3o ordin\u00e1ria CONCUR<\/a><\/p>\n<p><a href=\"https:\/\/institucional.ufrrj.br\/soc\/files\/2025\/10\/Reuniao-do-Conselho-de-Curadores-apres-inicial-out-2025.pdf\">Reuni\u00e3o do Conselho de Curadores apres inicial out 2025<\/a><\/p>\n<p><a href=\"https:\/\/institucional.ufrrj.br\/soc\/files\/2025\/10\/Orcamento.pdf\">Or\u00e7amento<\/a><\/p>\n","protected":false},"excerpt":{"rendered":"<p>1\u00aa Reuni\u00e3o Ordin\u00e1ria CONCUR 2024 2\u00aa Reuni\u00e3o Ordin\u00e1ria CONCUR 2024 1\u00aa Reuni\u00e3o Ordin\u00e1ria do CONCUR 2025 Apresenta\u00e7\u00e3o_Or\u00e7amento das IFES Informe_orcamento_ufrrj_1a_reuniao_Concur <a class=\"read-more\" style=\"font-size:12px;\" href=\"https:\/\/institucional.ufrrj.br\/soc\/conselho-de-curadores-2\/agenda-reunioes\/atas\/\">&#8230; Continue lendo <i class=\"fa fa-long-arrow-right\"><\/i><\/a><\/p>\n","protected":false},"author":691,"featured_media":0,"parent":181,"menu_order":0,"comment_status":"closed","ping_status":"closed","template":"","meta":{"_acf_changed":false,"footnotes":"","_links_to":"","_links_to_target":""},"class_list":["post-8022","page","type-page","status-publish","hentry"],"yoast_head":"<!-- This site is optimized with the Yoast SEO plugin v27.2 - https:\/\/yoast.com\/product\/yoast-seo-wordpress\/ -->\n<title>ATAS - SOC<\/title>\n<meta name=\"robots\" content=\"index, follow, max-snippet:-1, max-image-preview:large, max-video-preview:-1\" \/>\n<link rel=\"canonical\" href=\"https:\/\/institucional.ufrrj.br\/soc\/conselho-de-curadores-2\/agenda-reunioes\/atas\/\" \/>\n<meta property=\"og:locale\" content=\"pt_BR\" \/>\n<meta property=\"og:type\" content=\"article\" \/>\n<meta property=\"og:title\" content=\"ATAS - SOC\" \/>\n<meta property=\"og:description\" content=\"1\u00aa Reuni\u00e3o Ordin\u00e1ria CONCUR 2024 2\u00aa Reuni\u00e3o Ordin\u00e1ria CONCUR 2024 1\u00aa Reuni\u00e3o Ordin\u00e1ria do CONCUR 2025 Apresenta\u00e7\u00e3o_Or\u00e7amento das IFES Informe_orcamento_ufrrj_1a_reuniao_Concur ... Continue lendo\" \/>\n<meta property=\"og:url\" content=\"https:\/\/institucional.ufrrj.br\/soc\/conselho-de-curadores-2\/agenda-reunioes\/atas\/\" \/>\n<meta property=\"og:site_name\" content=\"SOC\" \/>\n<meta property=\"article:modified_time\" content=\"2025-10-30T12:49:13+00:00\" \/>\n<meta name=\"twitter:card\" content=\"summary_large_image\" \/>\n<meta name=\"twitter:label1\" content=\"Est. tempo de leitura\" \/>\n\t<meta name=\"twitter:data1\" content=\"1 minuto\" \/>\n<script type=\"application\/ld+json\" class=\"yoast-schema-graph\">{\"@context\":\"https:\/\/schema.org\",\"@graph\":[{\"@type\":\"WebPage\",\"@id\":\"https:\/\/institucional.ufrrj.br\/soc\/conselho-de-curadores-2\/agenda-reunioes\/atas\/\",\"url\":\"https:\/\/institucional.ufrrj.br\/soc\/conselho-de-curadores-2\/agenda-reunioes\/atas\/\",\"name\":\"ATAS - SOC\",\"isPartOf\":{\"@id\":\"https:\/\/institucional.ufrrj.br\/soc\/#website\"},\"datePublished\":\"2023-03-17T17:51:52+00:00\",\"dateModified\":\"2025-10-30T12:49:13+00:00\",\"breadcrumb\":{\"@id\":\"https:\/\/institucional.ufrrj.br\/soc\/conselho-de-curadores-2\/agenda-reunioes\/atas\/#breadcrumb\"},\"inLanguage\":\"pt-BR\",\"potentialAction\":[{\"@type\":\"ReadAction\",\"target\":[\"https:\/\/institucional.ufrrj.br\/soc\/conselho-de-curadores-2\/agenda-reunioes\/atas\/\"]}]},{\"@type\":\"BreadcrumbList\",\"@id\":\"https:\/\/institucional.ufrrj.br\/soc\/conselho-de-curadores-2\/agenda-reunioes\/atas\/#breadcrumb\",\"itemListElement\":[{\"@type\":\"ListItem\",\"position\":1,\"name\":\"In\u00edcio\",\"item\":\"https:\/\/institucional.ufrrj.br\/soc\/\"},{\"@type\":\"ListItem\",\"position\":2,\"name\":\"CONSELHO DE CURADORES\",\"item\":\"https:\/\/institucional.ufrrj.br\/soc\/conselho-de-curadores-2\/\"},{\"@type\":\"ListItem\",\"position\":3,\"name\":\"Agenda Reuni\u00f5es\",\"item\":\"https:\/\/institucional.ufrrj.br\/soc\/conselho-de-curadores-2\/agenda-reunioes\/\"},{\"@type\":\"ListItem\",\"position\":4,\"name\":\"ATAS\"}]},{\"@type\":\"WebSite\",\"@id\":\"https:\/\/institucional.ufrrj.br\/soc\/#website\",\"url\":\"https:\/\/institucional.ufrrj.br\/soc\/\",\"name\":\"SOC\",\"description\":\"Secretaria dos \u00d3rg\u00e3os Colegiados - UFRRJ\",\"potentialAction\":[{\"@type\":\"SearchAction\",\"target\":{\"@type\":\"EntryPoint\",\"urlTemplate\":\"https:\/\/institucional.ufrrj.br\/soc\/?s={search_term_string}\"},\"query-input\":{\"@type\":\"PropertyValueSpecification\",\"valueRequired\":true,\"valueName\":\"search_term_string\"}}],\"inLanguage\":\"pt-BR\"}]}<\/script>\n<!-- \/ Yoast SEO plugin. -->","yoast_head_json":{"title":"ATAS - SOC","robots":{"index":"index","follow":"follow","max-snippet":"max-snippet:-1","max-image-preview":"max-image-preview:large","max-video-preview":"max-video-preview:-1"},"canonical":"https:\/\/institucional.ufrrj.br\/soc\/conselho-de-curadores-2\/agenda-reunioes\/atas\/","og_locale":"pt_BR","og_type":"article","og_title":"ATAS - SOC","og_description":"1\u00aa Reuni\u00e3o Ordin\u00e1ria CONCUR 2024 2\u00aa Reuni\u00e3o Ordin\u00e1ria CONCUR 2024 1\u00aa Reuni\u00e3o Ordin\u00e1ria do CONCUR 2025 Apresenta\u00e7\u00e3o_Or\u00e7amento das IFES Informe_orcamento_ufrrj_1a_reuniao_Concur ... Continue lendo","og_url":"https:\/\/institucional.ufrrj.br\/soc\/conselho-de-curadores-2\/agenda-reunioes\/atas\/","og_site_name":"SOC","article_modified_time":"2025-10-30T12:49:13+00:00","twitter_card":"summary_large_image","twitter_misc":{"Est. tempo de leitura":"1 minuto"},"schema":{"@context":"https:\/\/schema.org","@graph":[{"@type":"WebPage","@id":"https:\/\/institucional.ufrrj.br\/soc\/conselho-de-curadores-2\/agenda-reunioes\/atas\/","url":"https:\/\/institucional.ufrrj.br\/soc\/conselho-de-curadores-2\/agenda-reunioes\/atas\/","name":"ATAS - SOC","isPartOf":{"@id":"https:\/\/institucional.ufrrj.br\/soc\/#website"},"datePublished":"2023-03-17T17:51:52+00:00","dateModified":"2025-10-30T12:49:13+00:00","breadcrumb":{"@id":"https:\/\/institucional.ufrrj.br\/soc\/conselho-de-curadores-2\/agenda-reunioes\/atas\/#breadcrumb"},"inLanguage":"pt-BR","potentialAction":[{"@type":"ReadAction","target":["https:\/\/institucional.ufrrj.br\/soc\/conselho-de-curadores-2\/agenda-reunioes\/atas\/"]}]},{"@type":"BreadcrumbList","@id":"https:\/\/institucional.ufrrj.br\/soc\/conselho-de-curadores-2\/agenda-reunioes\/atas\/#breadcrumb","itemListElement":[{"@type":"ListItem","position":1,"name":"In\u00edcio","item":"https:\/\/institucional.ufrrj.br\/soc\/"},{"@type":"ListItem","position":2,"name":"CONSELHO DE CURADORES","item":"https:\/\/institucional.ufrrj.br\/soc\/conselho-de-curadores-2\/"},{"@type":"ListItem","position":3,"name":"Agenda Reuni\u00f5es","item":"https:\/\/institucional.ufrrj.br\/soc\/conselho-de-curadores-2\/agenda-reunioes\/"},{"@type":"ListItem","position":4,"name":"ATAS"}]},{"@type":"WebSite","@id":"https:\/\/institucional.ufrrj.br\/soc\/#website","url":"https:\/\/institucional.ufrrj.br\/soc\/","name":"SOC","description":"Secretaria dos \u00d3rg\u00e3os Colegiados - UFRRJ","potentialAction":[{"@type":"SearchAction","target":{"@type":"EntryPoint","urlTemplate":"https:\/\/institucional.ufrrj.br\/soc\/?s={search_term_string}"},"query-input":{"@type":"PropertyValueSpecification","valueRequired":true,"valueName":"search_term_string"}}],"inLanguage":"pt-BR"}]}},"acf":[],"_links":{"self":[{"href":"https:\/\/institucional.ufrrj.br\/soc\/wp-json\/wp\/v2\/pages\/8022","targetHints":{"allow":["GET"]}}],"collection":[{"href":"https:\/\/institucional.ufrrj.br\/soc\/wp-json\/wp\/v2\/pages"}],"about":[{"href":"https:\/\/institucional.ufrrj.br\/soc\/wp-json\/wp\/v2\/types\/page"}],"author":[{"embeddable":true,"href":"https:\/\/institucional.ufrrj.br\/soc\/wp-json\/wp\/v2\/users\/691"}],"replies":[{"embeddable":true,"href":"https:\/\/institucional.ufrrj.br\/soc\/wp-json\/wp\/v2\/comments?post=8022"}],"version-history":[{"count":2,"href":"https:\/\/institucional.ufrrj.br\/soc\/wp-json\/wp\/v2\/pages\/8022\/revisions"}],"predecessor-version":[{"id":9761,"href":"https:\/\/institucional.ufrrj.br\/soc\/wp-json\/wp\/v2\/pages\/8022\/revisions\/9761"}],"up":[{"embeddable":true,"href":"https:\/\/institucional.ufrrj.br\/soc\/wp-json\/wp\/v2\/pages\/181"}],"wp:attachment":[{"href":"https:\/\/institucional.ufrrj.br\/soc\/wp-json\/wp\/v2\/media?parent=8022"}],"curies":[{"name":"wp","href":"https:\/\/api.w.org\/{rel}","templated":true}]}}