{"id":60,"date":"2015-05-28T17:13:20","date_gmt":"2015-05-28T17:13:20","guid":{"rendered":"http:\/\/institucional.ufrrj.br\/soc\/?page_id=60"},"modified":"2025-11-13T11:55:21","modified_gmt":"2025-11-13T14:55:21","slug":"cepea","status":"publish","type":"page","link":"https:\/\/institucional.ufrrj.br\/soc\/cepea\/","title":{"rendered":"CONSELHO DE ENSINO, PESQUISA E EXTENS\u00c3O DE \u00c1REA"},"content":{"rendered":"<p>O Conselho de Ensino, Pesquisa e Extens\u00e3o de \u00c1rea (CEPEA) \u00e9 o \u00f3rg\u00e3o superior, institu\u00eddo na UFRRJ em 2012 com a reforma de seu Regimento Geral, que estabelece a pol\u00edtica acad\u00eamica por \u00e1rea, deliberando sobre todos os assuntos relativos a atividades de ensino, pesquisa e extens\u00e3o da \u00e1rea de conhecimento, nos limites das normas estabelecidas pelo CEPE. Suas reuni\u00f5es s\u00e3o mensais (sess\u00f5es ordin\u00e1rias) e, sempre que necess\u00e1rio, s\u00e3o convocadas reuni\u00f5es extraordin\u00e1rias. Atualmente, h\u00e1 na Universidade cinco CEPEAs, assim designados:<\/p>\n<table id=\"tablepress-65\" class=\"tablepress tablepress-id-65 dataTable no-footer\" role=\"grid\">\n<thead>\n<tr class=\"row-1 odd\" role=\"row\">\n<th class=\"column-1 sorting\" colspan=\"1\" rowspan=\"1\" aria-label=\"CEPEA: Ordenar colunas de forma ascendente\">CEPEA<\/th>\n<th class=\"column-2 sorting\" colspan=\"1\" rowspan=\"1\" aria-label=\"PRESIDENTE: Ordenar colunas de forma ascendente\">PRESIDENTE<\/th>\n<th class=\"column-3 sorting\" colspan=\"1\" rowspan=\"1\" aria-label=\"PORTARIA: Ordenar colunas de forma ascendente\">PORTARIA<\/th>\n<\/tr>\n<\/thead>\n<tbody class=\"row-hover\">\n<tr class=\"row-2 even\">\n<td class=\"column-1\">Conselho de Ensino, Pesquisa e Extens\u00e3o da \u00c1rea de Ci\u00eancias Agr\u00e1rias (CEPEA-CA)<\/td>\n<td class=\"column-2\">EDSON JESUS DE SOUZA<\/td>\n<td class=\"column-3\"><\/td>\n<\/tr>\n<tr class=\"row-3 odd\">\n<td class=\"column-1\">Conselho de Ensino, Pesquisa e Extens\u00e3o da \u00c1rea de Ci\u00eancias Biol\u00f3gicas e da Sa\u00fade (CEPEA-CBS)<\/td>\n<td class=\"column-2\">DENIS GIOVANI MONTEIRO NAIFF<\/td>\n<td class=\"column-3\"><a href=\"https:\/\/institucional.ufrrj.br\/soc\/files\/2025\/11\/Portaria_7833-GABREI_CEPEA_CBS-2025.pdf\">Portaria_7833-GABREI_CEPEA_CBS-2025<\/a><\/td>\n<\/tr>\n<tr class=\"row-4 even\">\n<td class=\"column-1\">Conselho de Ensino, Pesquisa e Extens\u00e3o da \u00c1rea de Ci\u00eancias Exatas, da Terra e Engenharias (CEPEA-CETE)<\/td>\n<td class=\"column-2\">CRISTIANO JORGE RIGER<\/td>\n<td class=\"column-3\"><a href=\"https:\/\/institucional.ufrrj.br\/soc\/files\/2024\/10\/PORTARIA_6194_CEPEA-CETE-2024.pdf\">PORTARIA_6194_CEPEA-CETE-2024<\/a><\/td>\n<\/tr>\n<tr class=\"row-5 odd\">\n<td class=\"column-1\">Conselho de Ensino, Pesquisa e Extens\u00e3o da \u00c1rea de Ci\u00eancias Humanas, Letras e Artes (CEPEA-CHLA)<\/td>\n<td class=\"column-2\">FL\u00c1VIA BRAGA VIEIRA<\/td>\n<td class=\"column-3\"><\/td>\n<\/tr>\n<tr class=\"row-6 even\">\n<td class=\"column-1\">Conselho de Ensino, Pesquisa e Extens\u00e3o da \u00c1rea de Ci\u00eancias Sociais Aplicadas (CEPEA-CSA)<\/td>\n<td class=\"column-2\">RODRIGO AMADO DOS SANTOS<\/td>\n<td class=\"column-3\"><a href=\"https:\/\/institucional.ufrrj.br\/soc\/files\/2025\/01\/Portaria_Rodrigo_Amado_Presidente.pdf\" target=\"_blank\" rel=\"noopener\">Portaria 201-2025-SAOC<\/a><\/td>\n<\/tr>\n<\/tbody>\n<\/table>\n<p>&nbsp;<\/p>\n<p><em>Obs: Informamos que cada Cepea \u00e9 respons\u00e1vel pelo gerenciamento de sua p\u00e1gina e pela atualiza\u00e7\u00e3o e divulga\u00e7\u00e3o de seus documentos.<\/em><\/p>\n<p>(ARTIGO \u00a0N\u00ba 52 REGIMENTO GERAL DA UFRRJ)<\/p>\n<p><strong>Art. 52 <\/strong><strong>\u2013<\/strong> O CEPEA tem reuni\u00f5es ordin\u00e1rias mensais e extraordin\u00e1rias por convoca\u00e7\u00e3o de seu presidente ou por decis\u00e3o de dois ter\u00e7os de seus membros.<\/p>\n<ul>\n<li><strong> 1\u00ba \u2013<\/strong> Na primeira reuni\u00e3o anual o CEPEA elege seu presidente entre os membros Diretores de Institutos, com mandato de um ano.<\/li>\n<li><strong> 2\u00ba \u2013<\/strong> \u00c0 exce\u00e7\u00e3o dos CEPEAs que tenham apenas um membro Diretor de Instituto, \u00e9 vedada a reelei\u00e7\u00e3o \u00e0 presid\u00eancia dos CEPEAs.<\/li>\n<li><strong> 3\u00ba \u2013<\/strong> \u00c9 vedado aos Diretores de Institutos o exerc\u00edcio simult\u00e2neo da presid\u00eancia de mais de um CEPEA.<\/li>\n<\/ul>\n","protected":false},"excerpt":{"rendered":"<p>O Conselho de Ensino, Pesquisa e Extens\u00e3o de \u00c1rea (CEPEA) \u00e9 o \u00f3rg\u00e3o superior, institu\u00eddo na UFRRJ em 2012 com <a class=\"read-more\" style=\"font-size:12px;\" href=\"https:\/\/institucional.ufrrj.br\/soc\/cepea\/\">&#8230; Continue lendo <i class=\"fa fa-long-arrow-right\"><\/i><\/a><\/p>\n","protected":false},"author":634,"featured_media":0,"parent":0,"menu_order":0,"comment_status":"open","ping_status":"open","template":"","meta":{"_acf_changed":false,"footnotes":"","_links_to":"","_links_to_target":""},"class_list":["post-60","page","type-page","status-publish","hentry"],"yoast_head":"<!-- This site is optimized with the Yoast SEO plugin v27.2 - https:\/\/yoast.com\/product\/yoast-seo-wordpress\/ -->\n<title>CONSELHO DE ENSINO, PESQUISA E EXTENS\u00c3O DE \u00c1REA - SOC<\/title>\n<meta name=\"robots\" content=\"index, follow, max-snippet:-1, max-image-preview:large, max-video-preview:-1\" \/>\n<link rel=\"canonical\" href=\"https:\/\/institucional.ufrrj.br\/soc\/cepea\/\" \/>\n<meta property=\"og:locale\" content=\"pt_BR\" \/>\n<meta property=\"og:type\" content=\"article\" \/>\n<meta property=\"og:title\" content=\"CONSELHO DE ENSINO, PESQUISA E EXTENS\u00c3O DE \u00c1REA - SOC\" \/>\n<meta property=\"og:description\" content=\"O Conselho de Ensino, Pesquisa e Extens\u00e3o de \u00c1rea (CEPEA) \u00e9 o \u00f3rg\u00e3o superior, institu\u00eddo na UFRRJ em 2012 com ... Continue lendo\" \/>\n<meta property=\"og:url\" content=\"https:\/\/institucional.ufrrj.br\/soc\/cepea\/\" \/>\n<meta property=\"og:site_name\" content=\"SOC\" \/>\n<meta property=\"article:modified_time\" content=\"2025-11-13T14:55:21+00:00\" \/>\n<meta name=\"twitter:card\" content=\"summary_large_image\" \/>\n<meta name=\"twitter:label1\" content=\"Est. tempo de leitura\" \/>\n\t<meta name=\"twitter:data1\" content=\"2 minutos\" \/>\n<script type=\"application\/ld+json\" class=\"yoast-schema-graph\">{\"@context\":\"https:\/\/schema.org\",\"@graph\":[{\"@type\":\"WebPage\",\"@id\":\"https:\/\/institucional.ufrrj.br\/soc\/cepea\/\",\"url\":\"https:\/\/institucional.ufrrj.br\/soc\/cepea\/\",\"name\":\"CONSELHO DE ENSINO, PESQUISA E EXTENS\u00c3O DE \u00c1REA - SOC\",\"isPartOf\":{\"@id\":\"https:\/\/institucional.ufrrj.br\/soc\/#website\"},\"datePublished\":\"2015-05-28T17:13:20+00:00\",\"dateModified\":\"2025-11-13T14:55:21+00:00\",\"breadcrumb\":{\"@id\":\"https:\/\/institucional.ufrrj.br\/soc\/cepea\/#breadcrumb\"},\"inLanguage\":\"pt-BR\",\"potentialAction\":[{\"@type\":\"ReadAction\",\"target\":[\"https:\/\/institucional.ufrrj.br\/soc\/cepea\/\"]}]},{\"@type\":\"BreadcrumbList\",\"@id\":\"https:\/\/institucional.ufrrj.br\/soc\/cepea\/#breadcrumb\",\"itemListElement\":[{\"@type\":\"ListItem\",\"position\":1,\"name\":\"In\u00edcio\",\"item\":\"https:\/\/institucional.ufrrj.br\/soc\/\"},{\"@type\":\"ListItem\",\"position\":2,\"name\":\"CONSELHO DE ENSINO, PESQUISA E EXTENS\u00c3O DE \u00c1REA\"}]},{\"@type\":\"WebSite\",\"@id\":\"https:\/\/institucional.ufrrj.br\/soc\/#website\",\"url\":\"https:\/\/institucional.ufrrj.br\/soc\/\",\"name\":\"SOC\",\"description\":\"Secretaria dos \u00d3rg\u00e3os Colegiados - UFRRJ\",\"potentialAction\":[{\"@type\":\"SearchAction\",\"target\":{\"@type\":\"EntryPoint\",\"urlTemplate\":\"https:\/\/institucional.ufrrj.br\/soc\/?s={search_term_string}\"},\"query-input\":{\"@type\":\"PropertyValueSpecification\",\"valueRequired\":true,\"valueName\":\"search_term_string\"}}],\"inLanguage\":\"pt-BR\"}]}<\/script>\n<!-- \/ Yoast SEO plugin. -->","yoast_head_json":{"title":"CONSELHO DE ENSINO, PESQUISA E EXTENS\u00c3O DE \u00c1REA - SOC","robots":{"index":"index","follow":"follow","max-snippet":"max-snippet:-1","max-image-preview":"max-image-preview:large","max-video-preview":"max-video-preview:-1"},"canonical":"https:\/\/institucional.ufrrj.br\/soc\/cepea\/","og_locale":"pt_BR","og_type":"article","og_title":"CONSELHO DE ENSINO, PESQUISA E EXTENS\u00c3O DE \u00c1REA - SOC","og_description":"O Conselho de Ensino, Pesquisa e Extens\u00e3o de \u00c1rea (CEPEA) \u00e9 o \u00f3rg\u00e3o superior, institu\u00eddo na UFRRJ em 2012 com ... Continue lendo","og_url":"https:\/\/institucional.ufrrj.br\/soc\/cepea\/","og_site_name":"SOC","article_modified_time":"2025-11-13T14:55:21+00:00","twitter_card":"summary_large_image","twitter_misc":{"Est. tempo de leitura":"2 minutos"},"schema":{"@context":"https:\/\/schema.org","@graph":[{"@type":"WebPage","@id":"https:\/\/institucional.ufrrj.br\/soc\/cepea\/","url":"https:\/\/institucional.ufrrj.br\/soc\/cepea\/","name":"CONSELHO DE ENSINO, PESQUISA E EXTENS\u00c3O DE \u00c1REA - SOC","isPartOf":{"@id":"https:\/\/institucional.ufrrj.br\/soc\/#website"},"datePublished":"2015-05-28T17:13:20+00:00","dateModified":"2025-11-13T14:55:21+00:00","breadcrumb":{"@id":"https:\/\/institucional.ufrrj.br\/soc\/cepea\/#breadcrumb"},"inLanguage":"pt-BR","potentialAction":[{"@type":"ReadAction","target":["https:\/\/institucional.ufrrj.br\/soc\/cepea\/"]}]},{"@type":"BreadcrumbList","@id":"https:\/\/institucional.ufrrj.br\/soc\/cepea\/#breadcrumb","itemListElement":[{"@type":"ListItem","position":1,"name":"In\u00edcio","item":"https:\/\/institucional.ufrrj.br\/soc\/"},{"@type":"ListItem","position":2,"name":"CONSELHO DE ENSINO, PESQUISA E EXTENS\u00c3O DE \u00c1REA"}]},{"@type":"WebSite","@id":"https:\/\/institucional.ufrrj.br\/soc\/#website","url":"https:\/\/institucional.ufrrj.br\/soc\/","name":"SOC","description":"Secretaria dos \u00d3rg\u00e3os Colegiados - UFRRJ","potentialAction":[{"@type":"SearchAction","target":{"@type":"EntryPoint","urlTemplate":"https:\/\/institucional.ufrrj.br\/soc\/?s={search_term_string}"},"query-input":{"@type":"PropertyValueSpecification","valueRequired":true,"valueName":"search_term_string"}}],"inLanguage":"pt-BR"}]}},"acf":[],"_links":{"self":[{"href":"https:\/\/institucional.ufrrj.br\/soc\/wp-json\/wp\/v2\/pages\/60","targetHints":{"allow":["GET"]}}],"collection":[{"href":"https:\/\/institucional.ufrrj.br\/soc\/wp-json\/wp\/v2\/pages"}],"about":[{"href":"https:\/\/institucional.ufrrj.br\/soc\/wp-json\/wp\/v2\/types\/page"}],"author":[{"embeddable":true,"href":"https:\/\/institucional.ufrrj.br\/soc\/wp-json\/wp\/v2\/users\/634"}],"replies":[{"embeddable":true,"href":"https:\/\/institucional.ufrrj.br\/soc\/wp-json\/wp\/v2\/comments?post=60"}],"version-history":[{"count":3,"href":"https:\/\/institucional.ufrrj.br\/soc\/wp-json\/wp\/v2\/pages\/60\/revisions"}],"predecessor-version":[{"id":9852,"href":"https:\/\/institucional.ufrrj.br\/soc\/wp-json\/wp\/v2\/pages\/60\/revisions\/9852"}],"wp:attachment":[{"href":"https:\/\/institucional.ufrrj.br\/soc\/wp-json\/wp\/v2\/media?parent=60"}],"curies":[{"name":"wp","href":"https:\/\/api.w.org\/{rel}","templated":true}]}}