{"id":5162,"date":"2018-10-15T19:07:33","date_gmt":"2018-10-15T19:07:33","guid":{"rendered":"http:\/\/institucional.ufrrj.br\/soc\/?page_id=5162"},"modified":"2018-10-15T19:07:33","modified_gmt":"2018-10-15T19:07:33","slug":"criacao-dos-cursos-de-graduacao-da-ufrrj","status":"publish","type":"page","link":"https:\/\/institucional.ufrrj.br\/soc\/criacao-dos-cursos-de-graduacao-da-ufrrj\/","title":{"rendered":"Cria\u00e7\u00e3o dos Cursos de Gradua\u00e7\u00e3o da UFRRJ"},"content":{"rendered":"\n<table id=\"tablepress-83\" class=\"tablepress tablepress-id-83\">\n<thead>\n<tr class=\"row-1\">\n\t<th class=\"column-1\">CURSO<\/th><th class=\"column-2\">MODALIDADE<\/th><th class=\"column-3\">TURNO<\/th><th class=\"column-4\">DELIBERA\u00c7\u00d5ES<\/th>\n<\/tr>\n<\/thead>\n<tbody class=\"row-striping row-hover\">\n<tr class=\"row-2\">\n\t<td class=\"column-1\">Administra\u00e7\u00e3o<\/td><td class=\"column-2\">Bacharelado<\/td><td class=\"column-3\">Integral<\/td><td class=\"column-4\"><a href=\"http:\/\/institucional.ufrrj.br\/soc\/files\/2018\/10\/Resolucao_014_1969.pdf\">Delibera\u00e7\u00e3o n\u00ba 014\/CONSU\/1969<\/a><\/td>\n<\/tr>\n<tr class=\"row-3\">\n\t<td class=\"column-1\">Administra\u00e7\u00e3o<\/td><td class=\"column-2\">Bacharelado<\/td><td class=\"column-3\">Noturno<\/td><td class=\"column-4\"><a href=\"http:\/\/institucional.ufrrj.br\/soc\/files\/2018\/10\/Resolucao_014_1969.pdf\">Delibera\u00e7\u00e3o n\u00ba 014\/CONSU\/1969<\/a><\/td>\n<\/tr>\n<tr class=\"row-4\">\n\t<td class=\"column-1\">Administra\u00e7\u00e3o P\u00fablica<\/td><td class=\"column-2\">Bacharelado<\/td><td class=\"column-3\">Noturno<\/td><td class=\"column-4\"><a href=\"http:\/\/institucional.ufrrj.br\/soc\/files\/2018\/10\/delib-31-consu-VF.doc\">Delibera\u00e7\u00e3o n\u00ba 031\/CONSU\/2009<\/a><\/td>\n<\/tr>\n<tr class=\"row-5\">\n\t<td class=\"column-1\">Agronomia<\/td><td class=\"column-2\">Bacharelado<\/td><td class=\"column-3\">Integral<\/td><td class=\"column-4\">Decreto n\u00ba 8.319, de 20 de Outubro de 1910<\/td>\n<\/tr>\n<tr class=\"row-6\">\n\t<td class=\"column-1\">Arquitetura e Urbanismo<\/td><td class=\"column-2\">Bacharelado<\/td><td class=\"column-3\">Integral<\/td><td class=\"column-4\"><a href=\"http:\/\/institucional.ufrrj.br\/soc\/files\/2018\/10\/Delib09-2000.doc\">Delibera\u00e7\u00e3o n\u00ba 009\/CONSU\/2000<\/a><\/td>\n<\/tr>\n<tr class=\"row-7\">\n\t<td class=\"column-1\">Belas Artes<\/td><td class=\"column-2\">Licenciatura<\/td><td class=\"column-3\">Noturno\/Vespertino<\/td><td class=\"column-4\">Delibera\u00e7\u00e3o n\u00ba 056\/CONSU\/2008<\/td>\n<\/tr>\n<tr class=\"row-8\">\n\t<td class=\"column-1\">Ci\u00eancias Agr\u00edcolas<\/td><td class=\"column-2\">Licenciatura<\/td><td class=\"column-3\">Integral<\/td><td class=\"column-4\">Parecer n\u00ba 175, de 11 de Setembro de 1962<\/td>\n<\/tr>\n<tr class=\"row-9\">\n\t<td class=\"column-1\">Ci\u00eancias Biol\u00f3gicas<\/td><td class=\"column-2\">Bacharel\/Licenciatura<\/td><td class=\"column-3\">Integral<\/td><td class=\"column-4\"><a href=\"http:\/\/institucional.ufrrj.br\/soc\/files\/2018\/10\/Resolucao_005_1968.pdf\">Delibera\u00e7\u00e3o n\u00ba 005\/CONSU\/1968<\/a><\/td>\n<\/tr>\n<tr class=\"row-10\">\n\t<td class=\"column-1\">Ci\u00eancias Cont\u00e1beis<\/td><td class=\"column-2\">Bacharelado<\/td><td class=\"column-3\">Noturno<\/td><td class=\"column-4\"><a href=\"http:\/\/institucional.ufrrj.br\/soc\/files\/2018\/10\/delib-31-consu-VF.doc\">Delibera\u00e7\u00e3o n\u00ba 031\/CONSU\/2009<\/a><\/td>\n<\/tr>\n<tr class=\"row-11\">\n\t<td class=\"column-1\">Ci\u00eancias Econ\u00f4micas<\/td><td class=\"column-2\">Bacharelado<\/td><td class=\"column-3\">Integral<\/td><td class=\"column-4\"><a href=\"http:\/\/institucional.ufrrj.br\/soc\/files\/2018\/10\/Resolucao_014_1969.pdf\">Delibera\u00e7\u00e3o n\u00ba 014\/CONSU\/1969<\/a><\/td>\n<\/tr>\n<tr class=\"row-12\">\n\t<td class=\"column-1\">Ci\u00eancias Sociais<\/td><td class=\"column-2\">Bacharel\/Licenciatura<\/td><td class=\"column-3\">Vespertino<\/td><td class=\"column-4\">Delibera\u00e7\u00e3o n\u00ba 056\/CONSU\/2008<\/td>\n<\/tr>\n<tr class=\"row-13\">\n\t<td class=\"column-1\">Comunica\u00e7\u00e3o Social \u2013 Jornalismo<\/td><td class=\"column-2\">Bacharelado<\/td><td class=\"column-3\">Noturno<\/td><td class=\"column-4\"><a href=\"http:\/\/institucional.ufrrj.br\/soc\/files\/2018\/10\/Delib-031-2008-CONSU.doc\">Delibera\u00e7\u00e3o n\u00ba 031\/CONSU\/2008<\/a><\/td>\n<\/tr>\n<tr class=\"row-14\">\n\t<td class=\"column-1\">Direito<\/td><td class=\"column-2\">Bacharelado<\/td><td class=\"column-3\">Noturno<\/td><td class=\"column-4\">Portaria n\u00ba 1.031, de 17 de Agosto de 2010<\/td>\n<\/tr>\n<tr class=\"row-15\">\n\t<td class=\"column-1\">Educa\u00e7\u00e3o do Campo<\/td><td class=\"column-2\">Licenciatura<\/td><td class=\"column-3\">Vespertino\/Altern\u00e2ncia<\/td><td class=\"column-4\"><a href=\"http:\/\/institucional.ufrrj.br\/soc\/files\/2018\/10\/Delib-55-CONSU-2014.doc\">Delibera\u00e7\u00e3o n\u00ba 055\/CONSU\/2014<\/a><\/td>\n<\/tr>\n<tr class=\"row-16\">\n\t<td class=\"column-1\">Educa\u00e7\u00e3o F\u00edsica<\/td><td class=\"column-2\">Licenciatura<\/td><td class=\"column-3\">Integral<\/td><td class=\"column-4\"><a href=\"http:\/\/institucional.ufrrj.br\/soc\/files\/2018\/10\/Delib-16-CONSU-1974.pdf\">Delibera\u00e7\u00e3o n\u00ba 016\/CONSU\/1974<\/a><\/td>\n<\/tr>\n<tr class=\"row-17\">\n\t<td class=\"column-1\">Engenharia Agr\u00edcola e Ambiental<\/td><td class=\"column-2\">Bacharelado<\/td><td class=\"column-3\">Integral<\/td><td class=\"column-4\"><a href=\"http:\/\/institucional.ufrrj.br\/soc\/files\/2018\/10\/Delib19-99.doc\">Delibera\u00e7\u00e3o n\u00ba 019\/CONSU\/1999<\/a><\/td>\n<\/tr>\n<tr class=\"row-18\">\n\t<td class=\"column-1\">Engenharia de Agrimensura e Cartogr\u00e1fica<\/td><td class=\"column-2\">Bacharelado<\/td><td class=\"column-3\">Integral<\/td><td class=\"column-4\"><a href=\"http:\/\/institucional.ufrrj.br\/soc\/files\/2018\/10\/Delib19-99.doc\">Delibera\u00e7\u00e3o n\u00ba 019\/CONSU\/1999<\/a><\/td>\n<\/tr>\n<tr class=\"row-19\">\n\t<td class=\"column-1\">Engenharia de Alimentos<\/td><td class=\"column-2\">Bacharelado<\/td><td class=\"column-3\">Integral<\/td><td class=\"column-4\"><a href=\"http:\/\/institucional.ufrrj.br\/soc\/files\/2018\/10\/delib_009_1990.pdf\">Delibera\u00e7\u00e3o n\u00ba 009\/CONSU\/1990<\/a><\/td>\n<\/tr>\n<tr class=\"row-20\">\n\t<td class=\"column-1\">Engenharia Florestal<\/td><td class=\"column-2\">Bacharelado<\/td><td class=\"column-3\">Integral<\/td><td class=\"column-4\">Decreto n\u00ba 1.984, 10 de Janeiro de 1963<\/td>\n<\/tr>\n<tr class=\"row-21\">\n\t<td class=\"column-1\">Engenharia de Materiais<\/td><td class=\"column-2\">Bacharelado<\/td><td class=\"column-3\">Integral<\/td><td class=\"column-4\"><a href=\"http:\/\/institucional.ufrrj.br\/soc\/files\/2018\/10\/delib-31-consu-VF.doc\">Delibera\u00e7\u00e3o n\u00ba 031\/CONSU\/2009<\/a><\/td>\n<\/tr>\n<tr class=\"row-22\">\n\t<td class=\"column-1\">Engenharia Qu\u00edmica<\/td><td class=\"column-2\">Bacharelado<\/td><td class=\"column-3\">Integral<\/td><td class=\"column-4\">Delibera\u00e7\u00e3o n\u00ba 005\/CONSU\/1966<\/td>\n<\/tr>\n<tr class=\"row-23\">\n\t<td class=\"column-1\">Farm\u00e1cia<\/td><td class=\"column-2\">Bacharelado<\/td><td class=\"column-3\">Integral<\/td><td class=\"column-4\"><a href=\"http:\/\/institucional.ufrrj.br\/soc\/files\/2018\/10\/delib-31-consu-VF.doc\">Delibera\u00e7\u00e3o n\u00ba 031\/CONSU\/2009<\/a><\/td>\n<\/tr>\n<tr class=\"row-24\">\n\t<td class=\"column-1\">Filosofia<\/td><td class=\"column-2\">Licenciatura<\/td><td class=\"column-3\">Noturno<\/td><td class=\"column-4\">Delibera\u00e7\u00e3o n\u00ba 056\/CONSU\/2008<\/td>\n<\/tr>\n<tr class=\"row-25\">\n\t<td class=\"column-1\">F\u00edsica<\/td><td class=\"column-2\">Licenciatura<\/td><td class=\"column-3\">Integral<\/td><td class=\"column-4\"><a href=\"http:\/\/institucional.ufrrj.br\/soc\/files\/2018\/10\/Documento-17.pdf\">Delibera\u00e7\u00e3o n\u00ba 015\/CONSU\/1975<\/a><\/td>\n<\/tr>\n<tr class=\"row-26\">\n\t<td class=\"column-1\">Geografia<\/td><td class=\"column-2\">Bacharel\/Licenciatura<\/td><td class=\"column-3\">Vespertino<\/td><td class=\"column-4\">Delibera\u00e7\u00e3o n\u00ba 056\/CONSU\/2008<\/td>\n<\/tr>\n<tr class=\"row-27\">\n\t<td class=\"column-1\">Geologia<\/td><td class=\"column-2\">Bacharelado<\/td><td class=\"column-3\">Integral<\/td><td class=\"column-4\"><a href=\"http:\/\/institucional.ufrrj.br\/soc\/files\/2018\/10\/Resolucao_014_1969.pdf\">Delibera\u00e7\u00e3o n\u00ba 014\/CONSU\/1969<\/a><\/td>\n<\/tr>\n<tr class=\"row-28\">\n\t<td class=\"column-1\">Hist\u00f3ria<\/td><td class=\"column-2\">Bacharel\/Licenciatura<\/td><td class=\"column-3\">Noturno<\/td><td class=\"column-4\"><a href=\"http:\/\/institucional.ufrrj.br\/soc\/files\/2018\/10\/Delib10-2000.doc\">Delibera\u00e7\u00e3o n\u00ba 010\/CONSU\/2000<\/a><\/td>\n<\/tr>\n<tr class=\"row-29\">\n\t<td class=\"column-1\">Hist\u00f3ria<\/td><td class=\"column-2\">Bacharel\/Licenciatura<\/td><td class=\"column-3\">Vespertino<\/td><td class=\"column-4\"><a href=\"http:\/\/institucional.ufrrj.br\/soc\/files\/2018\/10\/Delib10-2000.doc\">Delibera\u00e7\u00e3o n\u00ba 010\/CONSU\/2000<\/a><\/td>\n<\/tr>\n<tr class=\"row-30\">\n\t<td class=\"column-1\">Hotelaria<\/td><td class=\"column-2\">Bacharelado<\/td><td class=\"column-3\">Noturno<\/td><td class=\"column-4\"><a href=\"http:\/\/institucional.ufrrj.br\/soc\/files\/2018\/10\/delib-31-consu-VF.doc\">Delibera\u00e7\u00e3o n\u00ba 031\/CONSU\/2009<\/a><\/td>\n<\/tr>\n<tr class=\"row-31\">\n\t<td class=\"column-1\">Letras \u2013 Portugu\u00eas\/Literaturas<\/td><td class=\"column-2\">Licenciatura<\/td><td class=\"column-3\">Noturno<\/td><td class=\"column-4\">Delibera\u00e7\u00e3o n\u00ba 056\/CONSU\/2008<\/td>\n<\/tr>\n<tr class=\"row-32\">\n\t<td class=\"column-1\">Letras \u2013 Portugu\u00eas\/Ingl\u00eas\/Literaturas<\/td><td class=\"column-2\">Licenciatura<\/td><td class=\"column-3\">Noturno<\/td><td class=\"column-4\">Delibera\u00e7\u00e3o n\u00ba 056\/CONSU\/2008<\/td>\n<\/tr>\n<tr class=\"row-33\">\n\t<td class=\"column-1\">Matem\u00e1tica<\/td><td class=\"column-2\">Bacharel\/Licenciatura<\/td><td class=\"column-3\">Integral<\/td><td class=\"column-4\"><a href=\"http:\/\/institucional.ufrrj.br\/soc\/files\/2018\/10\/Documento-17.pdf\">Delibera\u00e7\u00e3o n\u00ba 015\/CONSU\/1975<\/a><\/td>\n<\/tr>\n<tr class=\"row-34\">\n\t<td class=\"column-1\">Medicina Veterin\u00e1ria<\/td><td class=\"column-2\">Bacharelado<\/td><td class=\"column-3\">Integral<\/td><td class=\"column-4\">Decreto n\u00ba 8.319 de 20 de Outubro de 1910<\/td>\n<\/tr>\n<tr class=\"row-35\">\n\t<td class=\"column-1\">Pedagogia<\/td><td class=\"column-2\">Licenciatura<\/td><td class=\"column-3\">Noturno<\/td><td class=\"column-4\"><a href=\"http:\/\/institucional.ufrrj.br\/soc\/files\/2018\/10\/Delib14-2006.doc\">Delibera\u00e7\u00e3o n\u00ba 014\/CONSU\/2006<\/a><\/td>\n<\/tr>\n<tr class=\"row-36\">\n\t<td class=\"column-1\">Psicologia<\/td><td class=\"column-2\">Bacharelado<\/td><td class=\"column-3\">Integral<\/td><td class=\"column-4\">Portaria n\u00ba 2018, de 29 de Novembro de 2010<\/td>\n<\/tr>\n<tr class=\"row-37\">\n\t<td class=\"column-1\">Qu\u00edmica<\/td><td class=\"column-2\">Bacharel\/Licenciatura<\/td><td class=\"column-3\">Noturno<\/td><td class=\"column-4\"><a href=\"http:\/\/institucional.ufrrj.br\/soc\/files\/2018\/10\/Resolucao_005_1968.pdf\">Delibera\u00e7\u00e3o n\u00ba 005\/CONSU\/1968<\/a><\/td>\n<\/tr>\n<tr class=\"row-38\">\n\t<td class=\"column-1\">Qu\u00edmica<\/td><td class=\"column-2\">Bacharel\/Licenciatura<\/td><td class=\"column-3\">Integral<\/td><td class=\"column-4\"><a href=\"http:\/\/institucional.ufrrj.br\/soc\/files\/2018\/10\/Resolucao_005_1968.pdf\">Delibera\u00e7\u00e3o n\u00ba 005\/CONSU\/1968<\/a><\/td>\n<\/tr>\n<tr class=\"row-39\">\n\t<td class=\"column-1\">Rela\u00e7\u00f5es Internacionais<\/td><td class=\"column-2\">Bacharelado<\/td><td class=\"column-3\">Noturno<\/td><td class=\"column-4\"><a href=\"http:\/\/institucional.ufrrj.br\/soc\/files\/2018\/10\/delib-31-consu-VF.doc\">Delibera\u00e7\u00e3o n\u00ba 031\/CONSU\/2009<\/a><\/td>\n<\/tr>\n<tr class=\"row-40\">\n\t<td class=\"column-1\">Servi\u00e7o Social<\/td><td class=\"column-2\">Bacharelado<\/td><td class=\"column-3\">Integral<\/td><td class=\"column-4\"><a href=\"http:\/\/institucional.ufrrj.br\/soc\/files\/2018\/10\/delib-31-consu-VF.doc\">Delibera\u00e7\u00e3o n\u00ba 031\/CONSU\/2009<\/a><\/td>\n<\/tr>\n<tr class=\"row-41\">\n\t<td class=\"column-1\">Sistemas de Informa\u00e7\u00e3o<\/td><td class=\"column-2\">Bacharelado<\/td><td class=\"column-3\">Vespertino<\/td><td class=\"column-4\"><a href=\"http:\/\/institucional.ufrrj.br\/soc\/files\/2018\/10\/delib-31-consu-VF.doc\">Delibera\u00e7\u00e3o n\u00ba 031\/CONSU\/2009<\/a><\/td>\n<\/tr>\n<tr class=\"row-42\">\n\t<td class=\"column-1\">Zootecnia<\/td><td class=\"column-2\">Bacharelado<\/td><td class=\"column-3\">Integral<\/td><td class=\"column-4\"><a href=\"http:\/\/institucional.ufrrj.br\/soc\/files\/2018\/10\/delib-31-consu-VF.doc\">Delibera\u00e7\u00e3o n\u00ba 031\/CONSU\/2009<\/a><\/td>\n<\/tr>\n<\/tbody>\n<\/table>\n<!-- #tablepress-83 from cache -->\n","protected":false},"excerpt":{"rendered":"","protected":false},"author":427,"featured_media":0,"parent":0,"menu_order":0,"comment_status":"closed","ping_status":"closed","template":"","meta":{"_acf_changed":false,"footnotes":"","_links_to":"","_links_to_target":""},"class_list":["post-5162","page","type-page","status-publish","hentry"],"yoast_head":"<!-- This site is optimized with the Yoast SEO plugin v27.2 - https:\/\/yoast.com\/product\/yoast-seo-wordpress\/ -->\n<title>Cria\u00e7\u00e3o dos Cursos de Gradua\u00e7\u00e3o da UFRRJ - SOC<\/title>\n<meta name=\"robots\" content=\"index, follow, max-snippet:-1, max-image-preview:large, max-video-preview:-1\" \/>\n<link rel=\"canonical\" href=\"https:\/\/institucional.ufrrj.br\/soc\/criacao-dos-cursos-de-graduacao-da-ufrrj\/\" \/>\n<meta property=\"og:locale\" content=\"pt_BR\" \/>\n<meta property=\"og:type\" content=\"article\" \/>\n<meta property=\"og:title\" content=\"Cria\u00e7\u00e3o dos Cursos de Gradua\u00e7\u00e3o da UFRRJ - SOC\" \/>\n<meta property=\"og:url\" content=\"https:\/\/institucional.ufrrj.br\/soc\/criacao-dos-cursos-de-graduacao-da-ufrrj\/\" \/>\n<meta property=\"og:site_name\" content=\"SOC\" \/>\n<meta name=\"twitter:card\" content=\"summary_large_image\" \/>\n<script type=\"application\/ld+json\" class=\"yoast-schema-graph\">{\"@context\":\"https:\/\/schema.org\",\"@graph\":[{\"@type\":\"WebPage\",\"@id\":\"https:\/\/institucional.ufrrj.br\/soc\/criacao-dos-cursos-de-graduacao-da-ufrrj\/\",\"url\":\"https:\/\/institucional.ufrrj.br\/soc\/criacao-dos-cursos-de-graduacao-da-ufrrj\/\",\"name\":\"Cria\u00e7\u00e3o dos Cursos de Gradua\u00e7\u00e3o da UFRRJ - SOC\",\"isPartOf\":{\"@id\":\"https:\/\/institucional.ufrrj.br\/soc\/#website\"},\"datePublished\":\"2018-10-15T19:07:33+00:00\",\"breadcrumb\":{\"@id\":\"https:\/\/institucional.ufrrj.br\/soc\/criacao-dos-cursos-de-graduacao-da-ufrrj\/#breadcrumb\"},\"inLanguage\":\"pt-BR\",\"potentialAction\":[{\"@type\":\"ReadAction\",\"target\":[\"https:\/\/institucional.ufrrj.br\/soc\/criacao-dos-cursos-de-graduacao-da-ufrrj\/\"]}]},{\"@type\":\"BreadcrumbList\",\"@id\":\"https:\/\/institucional.ufrrj.br\/soc\/criacao-dos-cursos-de-graduacao-da-ufrrj\/#breadcrumb\",\"itemListElement\":[{\"@type\":\"ListItem\",\"position\":1,\"name\":\"In\u00edcio\",\"item\":\"https:\/\/institucional.ufrrj.br\/soc\/\"},{\"@type\":\"ListItem\",\"position\":2,\"name\":\"Cria\u00e7\u00e3o dos Cursos de Gradua\u00e7\u00e3o da UFRRJ\"}]},{\"@type\":\"WebSite\",\"@id\":\"https:\/\/institucional.ufrrj.br\/soc\/#website\",\"url\":\"https:\/\/institucional.ufrrj.br\/soc\/\",\"name\":\"SOC\",\"description\":\"Secretaria dos \u00d3rg\u00e3os Colegiados - UFRRJ\",\"potentialAction\":[{\"@type\":\"SearchAction\",\"target\":{\"@type\":\"EntryPoint\",\"urlTemplate\":\"https:\/\/institucional.ufrrj.br\/soc\/?s={search_term_string}\"},\"query-input\":{\"@type\":\"PropertyValueSpecification\",\"valueRequired\":true,\"valueName\":\"search_term_string\"}}],\"inLanguage\":\"pt-BR\"}]}<\/script>\n<!-- \/ Yoast SEO plugin. -->","yoast_head_json":{"title":"Cria\u00e7\u00e3o dos Cursos de Gradua\u00e7\u00e3o da UFRRJ - SOC","robots":{"index":"index","follow":"follow","max-snippet":"max-snippet:-1","max-image-preview":"max-image-preview:large","max-video-preview":"max-video-preview:-1"},"canonical":"https:\/\/institucional.ufrrj.br\/soc\/criacao-dos-cursos-de-graduacao-da-ufrrj\/","og_locale":"pt_BR","og_type":"article","og_title":"Cria\u00e7\u00e3o dos Cursos de Gradua\u00e7\u00e3o da UFRRJ - SOC","og_url":"https:\/\/institucional.ufrrj.br\/soc\/criacao-dos-cursos-de-graduacao-da-ufrrj\/","og_site_name":"SOC","twitter_card":"summary_large_image","schema":{"@context":"https:\/\/schema.org","@graph":[{"@type":"WebPage","@id":"https:\/\/institucional.ufrrj.br\/soc\/criacao-dos-cursos-de-graduacao-da-ufrrj\/","url":"https:\/\/institucional.ufrrj.br\/soc\/criacao-dos-cursos-de-graduacao-da-ufrrj\/","name":"Cria\u00e7\u00e3o dos Cursos de Gradua\u00e7\u00e3o da UFRRJ - SOC","isPartOf":{"@id":"https:\/\/institucional.ufrrj.br\/soc\/#website"},"datePublished":"2018-10-15T19:07:33+00:00","breadcrumb":{"@id":"https:\/\/institucional.ufrrj.br\/soc\/criacao-dos-cursos-de-graduacao-da-ufrrj\/#breadcrumb"},"inLanguage":"pt-BR","potentialAction":[{"@type":"ReadAction","target":["https:\/\/institucional.ufrrj.br\/soc\/criacao-dos-cursos-de-graduacao-da-ufrrj\/"]}]},{"@type":"BreadcrumbList","@id":"https:\/\/institucional.ufrrj.br\/soc\/criacao-dos-cursos-de-graduacao-da-ufrrj\/#breadcrumb","itemListElement":[{"@type":"ListItem","position":1,"name":"In\u00edcio","item":"https:\/\/institucional.ufrrj.br\/soc\/"},{"@type":"ListItem","position":2,"name":"Cria\u00e7\u00e3o dos Cursos de Gradua\u00e7\u00e3o da UFRRJ"}]},{"@type":"WebSite","@id":"https:\/\/institucional.ufrrj.br\/soc\/#website","url":"https:\/\/institucional.ufrrj.br\/soc\/","name":"SOC","description":"Secretaria dos \u00d3rg\u00e3os Colegiados - UFRRJ","potentialAction":[{"@type":"SearchAction","target":{"@type":"EntryPoint","urlTemplate":"https:\/\/institucional.ufrrj.br\/soc\/?s={search_term_string}"},"query-input":{"@type":"PropertyValueSpecification","valueRequired":true,"valueName":"search_term_string"}}],"inLanguage":"pt-BR"}]}},"acf":[],"_links":{"self":[{"href":"https:\/\/institucional.ufrrj.br\/soc\/wp-json\/wp\/v2\/pages\/5162","targetHints":{"allow":["GET"]}}],"collection":[{"href":"https:\/\/institucional.ufrrj.br\/soc\/wp-json\/wp\/v2\/pages"}],"about":[{"href":"https:\/\/institucional.ufrrj.br\/soc\/wp-json\/wp\/v2\/types\/page"}],"author":[{"embeddable":true,"href":"https:\/\/institucional.ufrrj.br\/soc\/wp-json\/wp\/v2\/users\/427"}],"replies":[{"embeddable":true,"href":"https:\/\/institucional.ufrrj.br\/soc\/wp-json\/wp\/v2\/comments?post=5162"}],"version-history":[{"count":2,"href":"https:\/\/institucional.ufrrj.br\/soc\/wp-json\/wp\/v2\/pages\/5162\/revisions"}],"predecessor-version":[{"id":5164,"href":"https:\/\/institucional.ufrrj.br\/soc\/wp-json\/wp\/v2\/pages\/5162\/revisions\/5164"}],"wp:attachment":[{"href":"https:\/\/institucional.ufrrj.br\/soc\/wp-json\/wp\/v2\/media?parent=5162"}],"curies":[{"name":"wp","href":"https:\/\/api.w.org\/{rel}","templated":true}]}}