{"id":4834,"date":"2018-04-19T17:46:32","date_gmt":"2018-04-19T17:46:32","guid":{"rendered":"http:\/\/institucional.ufrrj.br\/soc\/?page_id=4834"},"modified":"2018-04-19T17:46:32","modified_gmt":"2018-04-19T17:46:32","slug":"deliberacoes-concur-2018","status":"publish","type":"page","link":"https:\/\/institucional.ufrrj.br\/soc\/conselho-de-curadores-2\/deliberacoes\/deliberacoes-concur-2018\/","title":{"rendered":"Delibera\u00e7\u00f5es Concur 2018"},"content":{"rendered":"\n<table id=\"tablepress-80\" class=\"tablepress tablepress-id-80\">\n<thead>\n<tr class=\"row-1\">\n\t<th class=\"column-1\">N\u00ba da Delibera\u00e7\u00e3o<\/th><th class=\"column-2\">N\u00ba Processo<\/th><th class=\"column-3\">Assunto<\/th>\n<\/tr>\n<\/thead>\n<tbody class=\"row-striping row-hover\">\n<tr class=\"row-2\">\n\t<td class=\"column-1\">001<\/td><td class=\"column-2\">23083.005076\/2012-04<\/td><td class=\"column-3\"><a href=\"http:\/\/institucional.ufrrj.br\/soc\/files\/2018\/04\/Delib001CONCUR2018.pdf\" target=\"_blank\">Presta\u00e7\u00e3o de Contas do projeto de extens\u00e3o intitulado \u201cAprimoramento do conhecimento e adequa\u00e7\u00e3o dos servi\u00e7os prestados aos idosos das Institui\u00e7\u00f5es de Longa Perman\u00eancia de Idosos -ILPIs de Campo Grande e Santa Cruz\u201d<\/a><\/td>\n<\/tr>\n<tr class=\"row-3\">\n\t<td class=\"column-1\">002<\/td><td class=\"column-2\">23083.007499\/2014-12<\/td><td class=\"column-3\"><a href=\"http:\/\/institucional.ufrrj.br\/soc\/files\/2018\/04\/Delib002CONCUR2018.pdf\" target=\"_blank\">Presta\u00e7\u00e3o de Contas do evento de extens\u00e3o intitulado \u201cXIV Semana Acad\u00eamica de Engenharia Qu\u00edmica\u201d, realizada no per\u00edodo de 22 a 26 de setembro de 2014<\/a><\/td>\n<\/tr>\n<tr class=\"row-4\">\n\t<td class=\"column-1\">003<\/td><td class=\"column-2\">23083.007609\/2015-27<\/td><td class=\"column-3\"><a href=\"http:\/\/institucional.ufrrj.br\/soc\/files\/2018\/04\/Delib003CONCUR2018.pdf\" target=\"_blank\">Presta\u00e7\u00e3o de Contas do Projeto de Extens\u00e3o \u201cV Semana Acad\u00eamica de Rela\u00e7\u00f5es Internacionais da UFRRJ\u201d, do Instituto de Ci\u00eancias Humanas e Sociais<\/a><\/td>\n<\/tr>\n<tr class=\"row-5\">\n\t<td class=\"column-1\">004<\/td><td class=\"column-2\">23083.005444\/2016-30<\/td><td class=\"column-3\"><a href=\"http:\/\/institucional.ufrrj.br\/soc\/files\/2018\/04\/Delib004CONCUR2018.pdf\" target=\"_blank\">Presta\u00e7\u00e3o de Contas do Projeto de Extens\u00e3o \u201cCurso de Elabora\u00e7\u00e3o e Degusta\u00e7\u00e3o de Licores Finos\u201d, do Departamento de Economia Dom\u00e9stica e Hotelaria<\/a><\/td>\n<\/tr>\n<tr class=\"row-6\">\n\t<td class=\"column-1\">005<\/td><td class=\"column-2\">23083.005872\/2014-09<\/td><td class=\"column-3\"><a href=\"http:\/\/institucional.ufrrj.br\/soc\/files\/2018\/04\/Delib005CONCUR2018.pdf\" target=\"_blank\">Presta\u00e7\u00e3o de Contas do Projeto de Extens\u00e3o \u201cIII Semana de Mensura\u00e7\u00e3o Florestal\u201d do Instituto de Florestas<\/a><\/td>\n<\/tr>\n<tr class=\"row-7\">\n\t<td class=\"column-1\">006<\/td><td class=\"column-2\">-------<\/td><td class=\"column-3\"><a href=\"http:\/\/institucional.ufrrj.br\/soc\/files\/2018\/04\/Delib006CONCUR2018.pdf\" target=\"_blank\">Relat\u00f3rio de Gest\u00e3o da UFRRJ referente ao exerc\u00edcio 2017 apreciado, com parecer recomendando a sua aprova\u00e7\u00e3o pelo Conselho Universit\u00e1rio (CONSU)<\/a><\/td>\n<\/tr>\n<tr class=\"row-8\">\n\t<td class=\"column-1\">007<\/td><td class=\"column-2\">23083.007621\/2018-84<\/td><td class=\"column-3\"><a href=\"http:\/\/institucional.ufrrj.br\/soc\/files\/2018\/04\/Delib007CONCUR2018.pdf\" target=\"_blank\">Relat\u00f3rio de Gest\u00e3o da Funda\u00e7\u00e3o de Apoio \u00e0 Pesquisa Cient\u00edfica e Tecnol\u00f3gica da Universidade Federal Rural do Rio de Janeiro (FAPUR), referente ao ano de 2014<\/a><\/td>\n<\/tr>\n<tr class=\"row-9\">\n\t<td class=\"column-1\">008<\/td><td class=\"column-2\">23083.017090\/2018-38<\/td><td class=\"column-3\"><a href=\"http:\/\/institucional.ufrrj.br\/soc\/files\/2019\/09\/Delib-08-CONCUR-2018.pdf\">homologar o ato ad referendum que aprovou o Relat\u00f3rio de Gest\u00e3o da Funda\u00e7\u00e3o de Apoio \u00e0 Pesquisa Cient\u00edfica e Tecnol\u00f3gica da Universidade Federal Rural do Rio de Janeiro (FAPUR), referente ao ano de 2015.<\/a><\/td>\n<\/tr>\n<tr class=\"row-10\">\n\t<td class=\"column-1\">009<\/td><td class=\"column-2\">23083.028082\/2018-17<\/td><td class=\"column-3\"><a href=\"http:\/\/institucional.ufrrj.br\/soc\/files\/2019\/09\/Delib-09-CONCUR-2018.pdf\">aprovar o Relat\u00f3rio de Gest\u00e3o da Funda\u00e7\u00e3o de Apoio \u00e0 Pesquisa Cient\u00edfica e Tecnol\u00f3gica da Universidade Federal Rural do Rio de Janeiro (FAPUR), referente ao ano de 2016.<\/a><\/td>\n<\/tr>\n<tr class=\"row-11\">\n\t<td class=\"column-1\">010<\/td><td class=\"column-2\">23083.001708\/2016-86<\/td><td class=\"column-3\"><a href=\"http:\/\/institucional.ufrrj.br\/soc\/files\/2019\/09\/Delib-10-CONCUR-2018.pdf\">aprovar a  Presta\u00e7\u00e3o de Contas do Projeto de Extens\u00e3o intitulado \u201cVII Semana Acad\u00eamica de Arquitetura e Urbanismo da UFRRJ\u201d.<\/a><\/td>\n<\/tr>\n<tr class=\"row-12\">\n\t<td class=\"column-1\">011<\/td><td class=\"column-2\">23083.001755\/2016-20<\/td><td class=\"column-3\"><a href=\"http:\/\/institucional.ufrrj.br\/soc\/files\/2019\/09\/Delib-11-CONCUR-2018.pdf\">aprovar a  Presta\u00e7\u00e3o de Contas do Projeto de Extens\u00e3o intitulado \u201cIII Semana Acad\u00eamica do Curso de Engenharia de Materiais\u201d.<\/a><\/td>\n<\/tr>\n<tr class=\"row-13\">\n\t<td class=\"column-1\">012<\/td><td class=\"column-2\">23083.002432\/2018-15<\/td><td class=\"column-3\"><a href=\"http:\/\/institucional.ufrrj.br\/soc\/files\/2019\/09\/Delib-12-CONCUR-2018.pdf\">I-\taprovar o Regimento Interno do Conselho de Curadores da UFRRJ;  II-\tenviar para aprecia\u00e7\u00e3o do Conselho Universit\u00e1rio<\/a><\/td>\n<\/tr>\n<tr class=\"row-14\">\n\t<td class=\"column-1\">013<\/td><td class=\"column-2\">23083.009236\/2011-03<\/td><td class=\"column-3\"><a href=\"http:\/\/institucional.ufrrj.br\/soc\/files\/2019\/09\/Delib-13-CONCUR-2018.pdf\">aprovar a  Presta\u00e7\u00e3o de Contas do Conv\u00eanio da Funda\u00e7\u00e3o Centro de Ci\u00eancias e Educa\u00e7\u00e3o Superior a Dist\u00e2ncia do Estado do Rio de Janeiro \u2013 Funda\u00e7\u00e3o CECIERJ, para oferecimento dos cursos de gradua\u00e7\u00e3o do cons\u00f3rcio CEDERJ.<\/a><\/td>\n<\/tr>\n<\/tbody>\n<\/table>\n<!-- #tablepress-80 from cache -->\n","protected":false},"excerpt":{"rendered":"","protected":false},"author":427,"featured_media":0,"parent":160,"menu_order":0,"comment_status":"closed","ping_status":"closed","template":"","meta":{"_acf_changed":false,"footnotes":"","_links_to":"","_links_to_target":""},"class_list":["post-4834","page","type-page","status-publish","hentry"],"yoast_head":"<!-- This site is optimized with the Yoast SEO plugin v27.2 - https:\/\/yoast.com\/product\/yoast-seo-wordpress\/ -->\n<title>Delibera\u00e7\u00f5es Concur 2018 - SOC<\/title>\n<meta name=\"robots\" content=\"index, follow, max-snippet:-1, max-image-preview:large, max-video-preview:-1\" \/>\n<link rel=\"canonical\" href=\"https:\/\/institucional.ufrrj.br\/soc\/conselho-de-curadores-2\/deliberacoes\/deliberacoes-concur-2018\/\" \/>\n<meta property=\"og:locale\" content=\"pt_BR\" \/>\n<meta property=\"og:type\" content=\"article\" \/>\n<meta property=\"og:title\" content=\"Delibera\u00e7\u00f5es Concur 2018 - SOC\" \/>\n<meta property=\"og:url\" content=\"https:\/\/institucional.ufrrj.br\/soc\/conselho-de-curadores-2\/deliberacoes\/deliberacoes-concur-2018\/\" \/>\n<meta property=\"og:site_name\" content=\"SOC\" \/>\n<meta name=\"twitter:card\" content=\"summary_large_image\" \/>\n<script type=\"application\/ld+json\" class=\"yoast-schema-graph\">{\"@context\":\"https:\/\/schema.org\",\"@graph\":[{\"@type\":\"WebPage\",\"@id\":\"https:\/\/institucional.ufrrj.br\/soc\/conselho-de-curadores-2\/deliberacoes\/deliberacoes-concur-2018\/\",\"url\":\"https:\/\/institucional.ufrrj.br\/soc\/conselho-de-curadores-2\/deliberacoes\/deliberacoes-concur-2018\/\",\"name\":\"Delibera\u00e7\u00f5es Concur 2018 - SOC\",\"isPartOf\":{\"@id\":\"https:\/\/institucional.ufrrj.br\/soc\/#website\"},\"datePublished\":\"2018-04-19T17:46:32+00:00\",\"breadcrumb\":{\"@id\":\"https:\/\/institucional.ufrrj.br\/soc\/conselho-de-curadores-2\/deliberacoes\/deliberacoes-concur-2018\/#breadcrumb\"},\"inLanguage\":\"pt-BR\",\"potentialAction\":[{\"@type\":\"ReadAction\",\"target\":[\"https:\/\/institucional.ufrrj.br\/soc\/conselho-de-curadores-2\/deliberacoes\/deliberacoes-concur-2018\/\"]}]},{\"@type\":\"BreadcrumbList\",\"@id\":\"https:\/\/institucional.ufrrj.br\/soc\/conselho-de-curadores-2\/deliberacoes\/deliberacoes-concur-2018\/#breadcrumb\",\"itemListElement\":[{\"@type\":\"ListItem\",\"position\":1,\"name\":\"In\u00edcio\",\"item\":\"https:\/\/institucional.ufrrj.br\/soc\/\"},{\"@type\":\"ListItem\",\"position\":2,\"name\":\"CONSELHO DE CURADORES\",\"item\":\"https:\/\/institucional.ufrrj.br\/soc\/conselho-de-curadores-2\/\"},{\"@type\":\"ListItem\",\"position\":3,\"name\":\"Delibera\u00e7\u00f5es do Conselho de Curadores\",\"item\":\"https:\/\/institucional.ufrrj.br\/soc\/conselho-de-curadores-2\/deliberacoes\/\"},{\"@type\":\"ListItem\",\"position\":4,\"name\":\"Delibera\u00e7\u00f5es Concur 2018\"}]},{\"@type\":\"WebSite\",\"@id\":\"https:\/\/institucional.ufrrj.br\/soc\/#website\",\"url\":\"https:\/\/institucional.ufrrj.br\/soc\/\",\"name\":\"SOC\",\"description\":\"Secretaria dos \u00d3rg\u00e3os Colegiados - UFRRJ\",\"potentialAction\":[{\"@type\":\"SearchAction\",\"target\":{\"@type\":\"EntryPoint\",\"urlTemplate\":\"https:\/\/institucional.ufrrj.br\/soc\/?s={search_term_string}\"},\"query-input\":{\"@type\":\"PropertyValueSpecification\",\"valueRequired\":true,\"valueName\":\"search_term_string\"}}],\"inLanguage\":\"pt-BR\"}]}<\/script>\n<!-- \/ Yoast SEO plugin. -->","yoast_head_json":{"title":"Delibera\u00e7\u00f5es Concur 2018 - SOC","robots":{"index":"index","follow":"follow","max-snippet":"max-snippet:-1","max-image-preview":"max-image-preview:large","max-video-preview":"max-video-preview:-1"},"canonical":"https:\/\/institucional.ufrrj.br\/soc\/conselho-de-curadores-2\/deliberacoes\/deliberacoes-concur-2018\/","og_locale":"pt_BR","og_type":"article","og_title":"Delibera\u00e7\u00f5es Concur 2018 - SOC","og_url":"https:\/\/institucional.ufrrj.br\/soc\/conselho-de-curadores-2\/deliberacoes\/deliberacoes-concur-2018\/","og_site_name":"SOC","twitter_card":"summary_large_image","schema":{"@context":"https:\/\/schema.org","@graph":[{"@type":"WebPage","@id":"https:\/\/institucional.ufrrj.br\/soc\/conselho-de-curadores-2\/deliberacoes\/deliberacoes-concur-2018\/","url":"https:\/\/institucional.ufrrj.br\/soc\/conselho-de-curadores-2\/deliberacoes\/deliberacoes-concur-2018\/","name":"Delibera\u00e7\u00f5es Concur 2018 - SOC","isPartOf":{"@id":"https:\/\/institucional.ufrrj.br\/soc\/#website"},"datePublished":"2018-04-19T17:46:32+00:00","breadcrumb":{"@id":"https:\/\/institucional.ufrrj.br\/soc\/conselho-de-curadores-2\/deliberacoes\/deliberacoes-concur-2018\/#breadcrumb"},"inLanguage":"pt-BR","potentialAction":[{"@type":"ReadAction","target":["https:\/\/institucional.ufrrj.br\/soc\/conselho-de-curadores-2\/deliberacoes\/deliberacoes-concur-2018\/"]}]},{"@type":"BreadcrumbList","@id":"https:\/\/institucional.ufrrj.br\/soc\/conselho-de-curadores-2\/deliberacoes\/deliberacoes-concur-2018\/#breadcrumb","itemListElement":[{"@type":"ListItem","position":1,"name":"In\u00edcio","item":"https:\/\/institucional.ufrrj.br\/soc\/"},{"@type":"ListItem","position":2,"name":"CONSELHO DE CURADORES","item":"https:\/\/institucional.ufrrj.br\/soc\/conselho-de-curadores-2\/"},{"@type":"ListItem","position":3,"name":"Delibera\u00e7\u00f5es do Conselho de Curadores","item":"https:\/\/institucional.ufrrj.br\/soc\/conselho-de-curadores-2\/deliberacoes\/"},{"@type":"ListItem","position":4,"name":"Delibera\u00e7\u00f5es Concur 2018"}]},{"@type":"WebSite","@id":"https:\/\/institucional.ufrrj.br\/soc\/#website","url":"https:\/\/institucional.ufrrj.br\/soc\/","name":"SOC","description":"Secretaria dos \u00d3rg\u00e3os Colegiados - UFRRJ","potentialAction":[{"@type":"SearchAction","target":{"@type":"EntryPoint","urlTemplate":"https:\/\/institucional.ufrrj.br\/soc\/?s={search_term_string}"},"query-input":{"@type":"PropertyValueSpecification","valueRequired":true,"valueName":"search_term_string"}}],"inLanguage":"pt-BR"}]}},"acf":[],"_links":{"self":[{"href":"https:\/\/institucional.ufrrj.br\/soc\/wp-json\/wp\/v2\/pages\/4834","targetHints":{"allow":["GET"]}}],"collection":[{"href":"https:\/\/institucional.ufrrj.br\/soc\/wp-json\/wp\/v2\/pages"}],"about":[{"href":"https:\/\/institucional.ufrrj.br\/soc\/wp-json\/wp\/v2\/types\/page"}],"author":[{"embeddable":true,"href":"https:\/\/institucional.ufrrj.br\/soc\/wp-json\/wp\/v2\/users\/427"}],"replies":[{"embeddable":true,"href":"https:\/\/institucional.ufrrj.br\/soc\/wp-json\/wp\/v2\/comments?post=4834"}],"version-history":[{"count":1,"href":"https:\/\/institucional.ufrrj.br\/soc\/wp-json\/wp\/v2\/pages\/4834\/revisions"}],"predecessor-version":[{"id":4835,"href":"https:\/\/institucional.ufrrj.br\/soc\/wp-json\/wp\/v2\/pages\/4834\/revisions\/4835"}],"up":[{"embeddable":true,"href":"https:\/\/institucional.ufrrj.br\/soc\/wp-json\/wp\/v2\/pages\/160"}],"wp:attachment":[{"href":"https:\/\/institucional.ufrrj.br\/soc\/wp-json\/wp\/v2\/media?parent=4834"}],"curies":[{"name":"wp","href":"https:\/\/api.w.org\/{rel}","templated":true}]}}