{"id":260,"date":"2015-09-23T18:52:52","date_gmt":"2015-09-23T18:52:52","guid":{"rendered":"http:\/\/institucional.ufrrj.br\/soc\/?page_id=260"},"modified":"2015-09-23T18:52:52","modified_gmt":"2015-09-23T18:52:52","slug":"deliberacoes-consu-2003","status":"publish","type":"page","link":"https:\/\/institucional.ufrrj.br\/soc\/conselho-universitario-2\/deliberacoes-consu-2003\/","title":{"rendered":"Delibera\u00e7\u00f5es Consu 2003"},"content":{"rendered":"<table id=\"tabelas\" summary=\"Delibera\u00e7\u00f5es do Conselho Universit\u00e1rio 2003\">\n<thead>\n<tr>\n<th>N\u00b0 delib<\/th>\n<th>Processo<\/th>\n<th>Assunto<\/th>\n<th>Ver<\/th>\n<\/tr>\n<\/thead>\n<tfoot>\n<tr>\n<th><\/th>\n<th><\/th>\n<th><\/th>\n<th><\/th>\n<\/tr>\n<\/tfoot>\n<tbody>\n<tr>\n<td>001<\/td>\n<td>23083.007639\/2001-76<\/td>\n<td class=\"style9\"><a id=\"style16\" target=\"_blank\" href=\"DOCS\/deliberacoes\/consu\/Deliberacoes_2003\/Delib001CONSU2003.pdf\">Autorizar o funcionamento da 1\u00aa turma do curso de P\u00f3s-gradua\u00e7\u00e3o em Gest\u00e3o de Neg\u00f3cios Agr\u00edcolas e Agroindustriais&#8230;.<\/a> <\/td>\n<td><a class=\"style16\" target=\"_blank\" href=\"DOCS\/deliberacoes\/consu\/Deliberacoes_2003\/Delib001CONSU2003.pdf\"> <img decoding=\"async\" src=\"IMAGENS\/pdf.gif\"><\/a> <\/td>\n<\/tr>\n<tr>\n<td>002<\/td>\n<td>23083.008521\/2002-82<\/td>\n<td><a id=\"style16\" target=\"_blank\" href=\"DOCS\/deliberacoes\/consu\/Deliberacoes_2003\/Delib002CONSU2003.pdf\">Emitir parecer favor\u00e1vel \u00e0 permiss\u00e3o de uso de \u00e1rea dessa Universidade, a favor da CEG. E aprovar proposta de pagamento correspondente \u00e0 indeniza\u00e7\u00e3o&#8230;.<\/a> <\/td>\n<td> <a class=\"style16\" target=\"_blank\" href=\"DOCS\/deliberacoes\/consu\/Deliberacoes_2003\/Delib002CONSU2003.pdf\"><img decoding=\"async\" src=\"IMAGENS\/pdf.gif\"><\/a> <\/td>\n<\/tr>\n<tr>\n<td>003<\/td>\n<td>&#8212;&#8212;<\/td>\n<td><a id=\"style16\" target=\"_blank\" href=\"DOCS\/deliberacoes\/consu\/Deliberacoes_2003\/Delib003CONSU2003.pdf\">Acordos e Conv\u00eanios: UFRO, Pref. de Cachoeiras de Macacu, UFPA, CEFETS (de Uberaba-MG, Bento Gon\u00e7alves-RS, Urata\u00ed-GO), SRBM, IDACO, MMA, FNMA, CETIQT, FAFE&#8230;. <\/a><\/td>\n<td><a class=\"style16\" target=\"_blank\" href=\"DOCS\/deliberacoes\/consu\/Deliberacoes_2003\/Delib003CONSU2003.pdf\"><img decoding=\"async\" src=\"IMAGENS\/pdf.gif\"><\/a> <\/td>\n<\/tr>\n<tr>\n<td>004<\/td>\n<td>&#8212;&#8212;<\/td>\n<td><a id=\"style16\" target=\"_blank\" href=\"DOCS\/deliberacoes\/consu\/Deliberacoes_2003\/Delib004CONSU2003.pdf\">Acordos, Conv\u00eanios e Termos de Cess\u00e3o: Funda\u00e7\u00e3o Estadual Norte Fluminense, Funda\u00e7\u00e3o Prof\u00ba. Waldemar Raythe, MEC, TER\/RJ&#8230; <\/a><\/td>\n<td><a class=\"style16\" target=\"_blank\" href=\"DOCS\/deliberacoes\/consu\/Deliberacoes_2003\/Delib004CONSU2003.pdf\"><img decoding=\"async\" src=\"IMAGENS\/pdf.gif\"><\/a> <\/td>\n<\/tr>\n<tr>\n<td>005<\/td>\n<td>23083.000379\/2003-61<\/td>\n<td> <a id=\"style16\" target=\"_blank\" href=\"DOCS\/deliberacoes\/consu\/Deliberacoes_2003\/Delib005CONSU2003.pdf\">Aprovar a Presta\u00e7\u00f5es de contas do Ordenador de Despesas dessa Universidade, Referente a 2002&#8230;<\/a> <\/td>\n<td><a class=\"style16\" target=\"_blank\" href=\"DOCS\/deliberacoes\/consu\/Deliberacoes_2003\/Delib005CONSU2003.pdf\"> <img decoding=\"async\" src=\"IMAGENS\/pdf.gif\"><\/a> <\/td>\n<\/tr>\n<tr>\n<td>006<\/td>\n<td>&#8212;&#8211;<\/td>\n<td><a id=\"style16\" target=\"_blank\" href=\"DOCS\/deliberacoes\/consu\/Deliberacoes_2003\/Delib006CONSU2003.pdf\">Fixar os pre\u00e7os referentes ao desjejum, almo\u00e7o e jantar at\u00e9 o t\u00e9rmino do 1\u00ba per\u00edodo letivo de 2003&#8230;<\/a> <\/td>\n<td> <a class=\"style16\" href=\"DOCS\/deliberacoes\/consu\/Deliberacoes_2003\/Delib006CONSU2003.pdf\" target=\"_blank\"><img decoding=\"async\" src=\"IMAGENS\/pdf.gif\"><\/a> <\/td>\n<\/tr>\n<tr>\n<td>007<\/td>\n<td>&#8212;&#8212;-<\/td>\n<td><a id=\"style16\" target=\"_blank\" href=\"DOCS\/deliberacoes\/consu\/Deliberacoes_2003\/Delib007CONSU2003.pdf\">Contratos de Comodato de Bem M\u00f3vel e Conv\u00eanios: EMBRAPA, 5\u00aa Superintend\u00eancia de Pol\u00edcia Rodovi\u00e1ria Federal-RJ, UECGA, MEC, Servi\u00e7o Nacional de Aprendizagem Industrial, Pref. de Carmo-RJ, AIDEIA&#8230;<\/a> <\/td>\n<td><a class=\"style16\" target=\"_blank\" href=\"DOCS\/deliberacoes\/consu\/Deliberacoes_2003\/Delib007CONSU2003.pdf\"><img decoding=\"async\" src=\"IMAGENS\/pdf.gif\"><\/a> <\/td>\n<\/tr>\n<tr>\n<td>008<\/td>\n<td>23083.009083\/2002-42<\/td>\n<td><a id=\"style16\" target=\"_blank\" href=\"DOCS\/deliberacoes\/consu\/Deliberacoes_2003\/Delib008CONSU2003.pdf\">Autorizar o funcionamento do Programa de Mestrado em Educa\u00e7\u00e3o Profissional Agr\u00edcola&#8230;<\/a><\/td>\n<td> <a class=\"style16\" target=\"_blank\" href=\"DOCS\/deliberacoes\/consu\/Deliberacoes_2003\/Delib008CONSU2003.pdf\"> <img decoding=\"async\" src=\"IMAGENS\/pdf.gif\"><\/a> <\/td>\n<\/tr>\n<tr>\n<td>009<\/td>\n<td>23083.007715\/2002-33<\/td>\n<td><a id=\"style16\" target=\"_blank\" href=\"DOCS\/deliberacoes\/consu\/Deliberacoes_2003\/Delib009CONSU2003.pdf\">Autorizar o funcionamento da 3\u00aa turma do curso de P\u00f3s-gradua\u00e7\u00e3o em Especializa\u00e7\u00e3o em Forma\u00e7\u00e3o de Professores: \u201cConstru\u00e7\u00e3o |Cr\u00edtica do Conhecimento\u201d&#8230;.<\/a><\/td>\n<td> <a class=\"style16\" target=\"_blank\" href=\"DOCS\/deliberacoes\/consu\/Deliberacoes_2003\/Delib009CONSU2003.pdf\"> <img decoding=\"async\" src=\"IMAGENS\/pdf.gif\"><\/a> <\/td>\n<\/tr>\n<tr>\n<td>010<\/td>\n<td>23083.009299\/202-71<\/td>\n<td><a id=\"style16\" target=\"_blank\" href=\"DOCS\/deliberacoes\/consu\/Deliberacoes_2003\/Delib010CONSU2003.pdf\">Homologar o Relat\u00f3rio de Atividades da Comiss\u00e3o Permanente de distribui\u00e7\u00e3o de Resid\u00eancias-CPDR. De 1\u00ba de Julho a 30 de Setembro de 2002&#8230;<\/a><\/td>\n<td> <a class=\"style16\" target=\"_blank\" href=\"DOCS\/deliberacoes\/consu\/Deliberacoes_2003\/Delib010CONSU2003.pdf\"> <img decoding=\"async\" src=\"IMAGENS\/pdf.gif\"><\/a> <\/td>\n<\/tr>\n<tr>\n<td>011<\/td>\n<td>23083.002121\/2003-62<\/td>\n<td><a id=\"style16\" target=\"_blank\" href=\"DOCS\/deliberacoes\/consu\/Deliberacoes_2003\/Delib011CONSU2003.pdf\">Homologar o Relat\u00f3rio de Atividades da Comiss\u00e3o Permanente de distribui\u00e7\u00e3o de Resid\u00eancias-CPDR. De 02 de Janeiro a 30 de mar\u00e7o de 2003&#8230;<\/a><\/td>\n<td><a class=\"style16\" target=\"_blank\" href=\"DOCS\/deliberacoes\/consu\/Deliberacoes_2003\/Delib011CONSU2003.pdf\"><img decoding=\"async\" src=\"IMAGENS\/pdf.gif\"><\/a> <\/td>\n<\/tr>\n<tr>\n<td>012<\/td>\n<td>23083.009304\/2002-18<\/td>\n<td><a id=\"style16\" target=\"_blank\" href=\"DOCS\/deliberacoes\/consu\/Deliberacoes_2003\/Delib012CONSU2003.pdf\">Homologar resultado da elei\u00e7\u00e3o realizada para a escolha dos representantes do corpo T\u00e9cnico-administrativo, junto a CPDR&#8230;<\/a><\/td>\n<td><a class=\"style16\" target=\"_blank\" href=\"DOCS\/deliberacoes\/consu\/Deliberacoes_2003\/Delib012CONSU2003.pdf\"><img decoding=\"async\" src=\"IMAGENS\/pdf.gif\"><\/a> <\/td>\n<\/tr>\n<tr>\n<td>013<\/td>\n<td>&#8212;&#8212;-<\/td>\n<td><a id=\"style16\" target=\"_blank\" href=\"DOCS\/deliberacoes\/consu\/Deliberacoes_2003\/Delib013CONSU2003.pdf\">Conv\u00eanios e Termos Simplificados e de Rescis\u00f5es de Conv\u00eanios: Faculdade Machado de Assis, UVA, MEC, MSB, CAPES, IAFB&#8230;<\/a><\/td>\n<td><a class=\"style16\" target=\"_blank\" href=\"DOCS\/deliberacoes\/consu\/Deliberacoes_2003\/Delib013CONSU2003.pdf\"><img decoding=\"async\" src=\"IMAGENS\/pdf.gif\"><\/a> <\/td>\n<\/tr>\n<tr>\n<td>014<\/td>\n<td>&#8212;&#8212;-<\/td>\n<td><a id=\"style16\" target=\"_blank\" href=\"DOCS\/deliberacoes\/consu\/Deliberacoes_2003\/Delib014CONSU2003.pdf\">Conv\u00eanios e Protocolos de Inten\u00e7\u00e3o: SESES, UFLA, ESAM, FAUBA (Argentina), ENFA (Fran\u00e7a)&#8230;<\/a><\/td>\n<td><a class=\"style16\" target=\"_blank\" href=\"DOCS\/deliberacoes\/consu\/Deliberacoes_2003\/Delib014CONSU2003.pdf\"><img decoding=\"async\" src=\"IMAGENS\/pdf.gif\"><\/a> <\/td>\n<\/tr>\n<tr>\n<td>015<\/td>\n<td>23083.004656\/2003-41<\/td>\n<td><a id=\"style16\" target=\"_blank\" href=\"DOCS\/deliberacoes\/consu\/Deliberacoes_2003\/Delib015CONSU2003.pdf\">Reformular o Calend\u00e1rio Escolar para o 1\u00ba per\u00edodo letivo de 2003, para os curso Administra\u00e7\u00e3o e Ci\u00eancias Econ\u00f4micas em Tr\u00eas Rios-RJ&#8230;<\/a><\/td>\n<td> <a class=\"style16\" target=\"_blank\" href=\"DOCS\/deliberacoes\/consu\/Deliberacoes_2003\/Delib015CONSU2003.pdf\"><img decoding=\"async\" src=\"IMAGENS\/pdf.gif\"><\/a> <\/td>\n<\/tr>\n<tr>\n<td>016<\/td>\n<td>&#8212;&#8212;-<\/td>\n<td><a id=\"style16\" target=\"_blank\" href=\"DOCS\/deliberacoes\/consu\/Deliberacoes_2003\/Delib016CONSU2003.pdf\">Conv\u00eanios e Termos de Coopera\u00e7\u00e3o T\u00e9cnica: UFCG, EAF-COL, CONCEFET,CIDE, FETRI, FUCAPES&#8230;<\/a> <\/td>\n<td> <a class=\"style16\" target=\"_blank\" href=\"DOCS\/deliberacoes\/consu\/Deliberacoes_2003\/Delib016CONSU2003.pdf\"><img decoding=\"async\" src=\"IMAGENS\/pdf.gif\"> <\/a><\/td>\n<\/tr>\n<tr>\n<td>017<\/td>\n<td>&#8212;&#8212;-<\/td>\n<td><a id=\"style16\" target=\"_blank\" href=\"DOCS\/deliberacoes\/consu\/Deliberacoes_2003\/Delib017CONSU2003.pdf\">Interromper o 1\u00ba per\u00edodo letivo de 2003 e assegurar os direitos gerados pelo cumprimento das atividades de ensino, referente ao mesmo&#8230;<\/a> <\/td>\n<td> <a class=\"style16\" target=\"_blank\" href=\"DOCS\/deliberacoes\/consu\/Deliberacoes_2003\/Delib017CONSU2003.pdf\"><img decoding=\"async\" src=\"IMAGENS\/pdf.gif\"> <\/a><\/td>\n<\/tr>\n<tr>\n<td>018<\/td>\n<td>&#8212;&#8212;-<\/td>\n<td><a id=\"style16\" target=\"_blank\" href=\"DOCS\/deliberacoes\/consu\/Deliberacoes_2003\/Delib018CONSU2003.pdf\">Fixar o dia 08 de setembro de 2003 para rein\u00edcio do 1\u00ba per\u00edodo letivo de 2003 e o dia 11 de outubro para t\u00e9rmino do mesmo, no campus Serop\u00e9dica&#8230;<\/a> <\/td>\n<td> <a class=\"style16\" target=\"_blank\" href=\"DOCS\/deliberacoes\/consu\/Deliberacoes_2003\/Delib018CONSU2003.pdf\"><img decoding=\"async\" src=\"IMAGENS\/pdf.gif\"> <\/a><\/td>\n<\/tr>\n<tr>\n<td>019<\/td>\n<td>&#8212;&#8212;-<\/td>\n<td><a id=\"style16\" target=\"_blank\" href=\"DOCS\/deliberacoes\/consu\/Deliberacoes_2003\/Delib019CONSU2003.pdf\">Fixar o per\u00edodo de 16 a 23 de setembro de 2003 para trancamento de disciplinas&#8230;<\/a> <\/td>\n<td> <a class=\"style16\" target=\"_blank\" href=\"DOCS\/deliberacoes\/consu\/Deliberacoes_2003\/Delib019CONSU2003.pdf\"><img decoding=\"async\" src=\"IMAGENS\/pdf.gif\"> <\/a><\/td>\n<\/tr>\n<tr>\n<td>020<\/td>\n<td>&#8212;&#8212;<\/td>\n<td><a id=\"style16\" target=\"_blank\" href=\"DOCS\/deliberacoes\/consu\/Deliberacoes_2003\/Delib020CONSU2003.pdf\">Conv\u00eanios e Acordos de Coopera\u00e7\u00e3o: Paracambi, FUBR\u00c1S, EAF-Salinas, Caixa Econ\u00f4mica Federal, IBAMA&#8230;<\/a> <\/td>\n<td> <a class=\"style16\" target=\"_blank\" href=\"DOCS\/deliberacoes\/consu\/Deliberacoes_2003\/Delib020CONSU2003.pdf\"><img decoding=\"async\" src=\"IMAGENS\/pdf.gif\"> <\/a><\/td>\n<\/tr>\n<tr>\n<td>021<\/td>\n<td>23083.004388\/2003-01<\/td>\n<td><a id=\"style16\" target=\"_blank\" href=\"DOCS\/deliberacoes\/consu\/Deliberacoes_2003\/Delib021CONSU2003.pdf\">Homologar o Relat\u00f3rio de atividades da CPDR, referente ao per\u00edodo de 1\u00ba de abril a 30 de junho de 2003&#8230;<\/a> <\/td>\n<td> <a class=\"style16\" target=\"_blank\" href=\"DOCS\/deliberacoes\/consu\/Deliberacoes_2003\/Delib021CONSU2003.pdf\"><img decoding=\"async\" src=\"IMAGENS\/pdf.gif\"> <\/a><\/td>\n<\/tr>\n<tr>\n<td>022<\/td>\n<td>&#8212;&#8212;<\/td>\n<td><a id=\"style16\" target=\"_blank\" href=\"DOCS\/deliberacoes\/consu\/Deliberacoes_2003\/Delib022CONSU2003.pdf\">Manter os pre\u00e7os referentes ao desjejum, almo\u00e7o e jantar&#8230;<\/a> <\/td>\n<td> <a class=\"style16\" target=\"_blank\" href=\"DOCS\/deliberacoes\/consu\/Deliberacoes_2003\/Delib022CONSU2003.pdf\"><img decoding=\"async\" src=\"IMAGENS\/pdf.gif\"> <\/a><\/td>\n<\/tr>\n<tr>\n<td>023<\/td>\n<td>23083.004834\/2000-54<\/td>\n<td><a id=\"style16\" target=\"_blank\" href=\"DOCS\/deliberacoes\/consu\/Deliberacoes_2003\/Delib023CONSU2003.pdf\">Conceder o t\u00edtulo honor\u00edfico de Doutor \u201cHonoris Causa\u201d&#8230;<\/a> <\/td>\n<td> <a class=\"style16\" target=\"_blank\" href=\"DOCS\/deliberacoes\/consu\/Deliberacoes_2003\/Delib023CONSU2003.pdf\"><img decoding=\"async\" src=\"IMAGENS\/pdf.gif\"> <\/a><\/td>\n<\/tr>\n<tr>\n<td>024<\/td>\n<td>23083.001057\/2001-68<\/td>\n<td><a id=\"style16\" target=\"_blank\" href=\"DOCS\/deliberacoes\/consu\/Deliberacoes_2003\/Delib024CONSU2003.pdf\">Conceder o t\u00edtulo honor\u00edfico de \u201cProfessor Em\u00e9rito\u201d&#8230;<\/a> <\/td>\n<td> <a class=\"style16\" target=\"_blank\" href=\"DOCS\/deliberacoes\/consu\/Deliberacoes_2003\/Delib024CONSU2003.pdf\"><img decoding=\"async\" src=\"IMAGENS\/pdf.gif\"> <\/a><\/td>\n<\/tr>\n<tr>\n<td>025<\/td>\n<td>23083.009746\/2002-38<\/td>\n<td><a id=\"style16\" target=\"_blank\" href=\"DOCS\/deliberacoes\/consu\/Deliberacoes_2003\/Delib025CONSU2003.pdf\">Autorizar o funcionamento do curso de P\u00f3s-gradua\u00e7\u00e3o em Desenvolvimento, Agricultura e Sociedade&#8230;<\/a> <\/td>\n<td> <a class=\"style16\" target=\"_blank\" href=\"DOCS\/deliberacoes\/consu\/Deliberacoes_2003\/Delib025CONSU2003.pdf\"><img decoding=\"async\" src=\"IMAGENS\/pdf.gif\"> <\/a><\/td>\n<\/tr>\n<tr>\n<td>026<\/td>\n<td>23083.004187\/2003-41<\/td>\n<td><a id=\"style16\" target=\"_blank\" href=\"DOCS\/deliberacoes\/consu\/Deliberacoes_2003\/Delib026CONSU2003.pdf\">Autorizar o funcionamento do curso de P\u00f3s-gradua\u00e7\u00e3o em Administra\u00e7\u00e3o de Servi\u00e7os de Alimenta\u00e7\u00e3o..<\/a> <\/td>\n<td> <a class=\"style16\" target=\"_blank\" href=\"DOCS\/deliberacoes\/consu\/Deliberacoes_2003\/Delib026CONSU2003.pdf\"><img decoding=\"async\" src=\"IMAGENS\/pdf.gif\"> <\/a><\/td>\n<\/tr>\n<tr>\n<td>027<\/td>\n<td>23083.004275\/2003-15<\/td>\n<td><a id=\"style16\" target=\"_blank\" href=\"DOCS\/deliberacoes\/consu\/Deliberacoes_2003\/Delib027CONSU2003.pdf\">Autorizar o funcionamento do curso de P\u00f3s-gradua\u00e7\u00e3o em Tecnologia de sementes&#8230;<\/a> <\/td>\n<td> <a class=\"style16\" target=\"_blank\" href=\"DOCS\/deliberacoes\/consu\/Deliberacoes_2003\/Delib027CONSU2003.pdf\"><img decoding=\"async\" src=\"IMAGENS\/pdf.gif\"> <\/a><\/td>\n<\/tr>\n<tr>\n<td>028<\/td>\n<td>&#8212;&#8212;-<\/td>\n<td><a id=\"style16\" target=\"_blank\" href=\"DOCS\/deliberacoes\/consu\/Deliberacoes_2003\/Delib028CONSU2003.pdf\">Conv\u00eanios e Termos aditivos: Barra Mansa, Higino Produtos Aliment\u00edcios LTDA, Universidad Del Tolima-Col\u00f4mbia, Uni\u00e3o, CAPES&#8230;<\/a> <\/td>\n<td> <a class=\"style16\" target=\"_blank\" href=\"DOCS\/deliberacoes\/consu\/Deliberacoes_2003\/Delib028CONSU2003.pdf\"><img decoding=\"async\" src=\"IMAGENS\/pdf.gif\"> <\/a><\/td>\n<\/tr>\n<tr>\n<td>029<\/td>\n<td>&#8212;&#8212;-<\/td>\n<td><a id=\"style16\" target=\"_blank\" href=\"DOCS\/deliberacoes\/consu\/Deliberacoes_2003\/Delib029CONSU2003.pdf\">Conv\u00eanios: U.D.C.A., UFJF&#8230;<\/a> <\/td>\n<td> <a class=\"style16\" target=\"_blank\" href=\"DOCS\/deliberacoes\/consu\/Deliberacoes_2003\/Delib029CONSU2003.pdf\"><img decoding=\"async\" src=\"IMAGENS\/pdf.gif\"> <\/a><\/td>\n<\/tr>\n<tr>\n<td>030<\/td>\n<td>23083.006322\/2003-66<\/td>\n<td><a id=\"style16\" target=\"_blank\" href=\"DOCS\/deliberacoes\/consu\/Deliberacoes_2003\/Delib030CONSU2003.pdf\">Homologar o Relat\u00f3rio de atividades da CPDR, referente ao per\u00edodo de 1\u00ba de julho a 30 de setembro de 2003&#8230;<\/a> <\/td>\n<td> <a class=\"style16\" target=\"_blank\" href=\"DOCS\/deliberacoes\/consu\/Deliberacoes_2003\/Delib030CONSU2003.pdf\"><img decoding=\"async\" src=\"IMAGENS\/pdf.gif\"> <\/a><\/td>\n<\/tr>\n<tr>\n<td>031<\/td>\n<td>&#8212;&#8212;<\/td>\n<td><a id=\"style16\" target=\"_blank\" href=\"DOCS\/deliberacoes\/consu\/Deliberacoes_2003\/Delib031CONSU2003.pdf\">Aprovar o Projeto Institucional CT-INFRA 03\/2003 \u2013 Unidade de Conserva\u00e7\u00e3o Did\u00e1tica, de Pesquisa e de Biodiversidade da UFRRJ&#8230;<\/a> <\/td>\n<td> <a class=\"style16\" target=\"_blank\" href=\"DOCS\/deliberacoes\/consu\/Deliberacoes_2003\/Delib031CONSU2003.pdf\"><img decoding=\"async\" src=\"IMAGENS\/pdf.gif\"> <\/a><\/td>\n<\/tr>\n<tr>\n<td>032<\/td>\n<td>&#8212;&#8212;<\/td>\n<td><a id=\"style16\" target=\"_blank\" href=\"DOCS\/deliberacoes\/consu\/Deliberacoes_2003\/Delib032CONSU2003.pdf\">Fixar os pre\u00e7os referentes ao desjejum, almo\u00e7o e jantar, que vigorar\u00e3o at\u00e9 o t\u00e9rmino do 2\u00ba per\u00edodo letivo de 2003&#8230;<\/a> <\/td>\n<td> <a class=\"style16\" target=\"_blank\" href=\"DOCS\/deliberacoes\/consu\/Deliberacoes_2003\/Delib032CONSU2003.pdf\"><img decoding=\"async\" src=\"IMAGENS\/pdf.gif\"> <\/a><\/td>\n<\/tr>\n<\/tbody>\n<\/table>\n","protected":false},"excerpt":{"rendered":"<p>N\u00b0 delib Processo Assunto Ver 001 23083.007639\/2001-76 Autorizar o funcionamento da 1\u00aa turma do curso de P\u00f3s-gradua\u00e7\u00e3o em Gest\u00e3o de <a class=\"read-more\" style=\"font-size:12px;\" href=\"https:\/\/institucional.ufrrj.br\/soc\/conselho-universitario-2\/deliberacoes-consu-2003\/\">&#8230; Continue lendo <i class=\"fa fa-long-arrow-right\"><\/i><\/a><\/p>\n","protected":false},"author":427,"featured_media":0,"parent":187,"menu_order":0,"comment_status":"closed","ping_status":"closed","template":"","meta":{"_acf_changed":false,"footnotes":"","_links_to":"","_links_to_target":""},"class_list":["post-260","page","type-page","status-publish","hentry"],"yoast_head":"<!-- This site is optimized with the Yoast SEO plugin v27.2 - https:\/\/yoast.com\/product\/yoast-seo-wordpress\/ -->\n<title>Delibera\u00e7\u00f5es Consu 2003 - SOC<\/title>\n<meta name=\"robots\" content=\"index, follow, max-snippet:-1, max-image-preview:large, max-video-preview:-1\" \/>\n<link rel=\"canonical\" href=\"https:\/\/institucional.ufrrj.br\/soc\/conselho-universitario-2\/deliberacoes-consu-2003\/\" \/>\n<meta property=\"og:locale\" content=\"pt_BR\" \/>\n<meta property=\"og:type\" content=\"article\" \/>\n<meta property=\"og:title\" content=\"Delibera\u00e7\u00f5es Consu 2003 - SOC\" \/>\n<meta property=\"og:description\" content=\"N\u00b0 delib Processo Assunto Ver 001 23083.007639\/2001-76 Autorizar o funcionamento da 1\u00aa turma do curso de P\u00f3s-gradua\u00e7\u00e3o em Gest\u00e3o de ... Continue lendo\" \/>\n<meta property=\"og:url\" content=\"https:\/\/institucional.ufrrj.br\/soc\/conselho-universitario-2\/deliberacoes-consu-2003\/\" \/>\n<meta property=\"og:site_name\" content=\"SOC\" \/>\n<meta name=\"twitter:card\" content=\"summary_large_image\" \/>\n<meta name=\"twitter:label1\" content=\"Est. tempo de leitura\" \/>\n\t<meta name=\"twitter:data1\" content=\"3 minutos\" \/>\n<script type=\"application\/ld+json\" class=\"yoast-schema-graph\">{\"@context\":\"https:\/\/schema.org\",\"@graph\":[{\"@type\":\"WebPage\",\"@id\":\"https:\/\/institucional.ufrrj.br\/soc\/conselho-universitario-2\/deliberacoes-consu-2003\/\",\"url\":\"https:\/\/institucional.ufrrj.br\/soc\/conselho-universitario-2\/deliberacoes-consu-2003\/\",\"name\":\"Delibera\u00e7\u00f5es Consu 2003 - SOC\",\"isPartOf\":{\"@id\":\"https:\/\/institucional.ufrrj.br\/soc\/#website\"},\"datePublished\":\"2015-09-23T18:52:52+00:00\",\"breadcrumb\":{\"@id\":\"https:\/\/institucional.ufrrj.br\/soc\/conselho-universitario-2\/deliberacoes-consu-2003\/#breadcrumb\"},\"inLanguage\":\"pt-BR\",\"potentialAction\":[{\"@type\":\"ReadAction\",\"target\":[\"https:\/\/institucional.ufrrj.br\/soc\/conselho-universitario-2\/deliberacoes-consu-2003\/\"]}]},{\"@type\":\"BreadcrumbList\",\"@id\":\"https:\/\/institucional.ufrrj.br\/soc\/conselho-universitario-2\/deliberacoes-consu-2003\/#breadcrumb\",\"itemListElement\":[{\"@type\":\"ListItem\",\"position\":1,\"name\":\"In\u00edcio\",\"item\":\"https:\/\/institucional.ufrrj.br\/soc\/\"},{\"@type\":\"ListItem\",\"position\":2,\"name\":\"CONSELHO UNIVERSIT\u00c1RIO\",\"item\":\"https:\/\/institucional.ufrrj.br\/soc\/conselho-universitario-2\/\"},{\"@type\":\"ListItem\",\"position\":3,\"name\":\"Delibera\u00e7\u00f5es Consu 2003\"}]},{\"@type\":\"WebSite\",\"@id\":\"https:\/\/institucional.ufrrj.br\/soc\/#website\",\"url\":\"https:\/\/institucional.ufrrj.br\/soc\/\",\"name\":\"SOC\",\"description\":\"Secretaria dos \u00d3rg\u00e3os Colegiados - UFRRJ\",\"potentialAction\":[{\"@type\":\"SearchAction\",\"target\":{\"@type\":\"EntryPoint\",\"urlTemplate\":\"https:\/\/institucional.ufrrj.br\/soc\/?s={search_term_string}\"},\"query-input\":{\"@type\":\"PropertyValueSpecification\",\"valueRequired\":true,\"valueName\":\"search_term_string\"}}],\"inLanguage\":\"pt-BR\"}]}<\/script>\n<!-- \/ Yoast SEO plugin. -->","yoast_head_json":{"title":"Delibera\u00e7\u00f5es Consu 2003 - SOC","robots":{"index":"index","follow":"follow","max-snippet":"max-snippet:-1","max-image-preview":"max-image-preview:large","max-video-preview":"max-video-preview:-1"},"canonical":"https:\/\/institucional.ufrrj.br\/soc\/conselho-universitario-2\/deliberacoes-consu-2003\/","og_locale":"pt_BR","og_type":"article","og_title":"Delibera\u00e7\u00f5es Consu 2003 - SOC","og_description":"N\u00b0 delib Processo Assunto Ver 001 23083.007639\/2001-76 Autorizar o funcionamento da 1\u00aa turma do curso de P\u00f3s-gradua\u00e7\u00e3o em Gest\u00e3o de ... Continue lendo","og_url":"https:\/\/institucional.ufrrj.br\/soc\/conselho-universitario-2\/deliberacoes-consu-2003\/","og_site_name":"SOC","twitter_card":"summary_large_image","twitter_misc":{"Est. tempo de leitura":"3 minutos"},"schema":{"@context":"https:\/\/schema.org","@graph":[{"@type":"WebPage","@id":"https:\/\/institucional.ufrrj.br\/soc\/conselho-universitario-2\/deliberacoes-consu-2003\/","url":"https:\/\/institucional.ufrrj.br\/soc\/conselho-universitario-2\/deliberacoes-consu-2003\/","name":"Delibera\u00e7\u00f5es Consu 2003 - SOC","isPartOf":{"@id":"https:\/\/institucional.ufrrj.br\/soc\/#website"},"datePublished":"2015-09-23T18:52:52+00:00","breadcrumb":{"@id":"https:\/\/institucional.ufrrj.br\/soc\/conselho-universitario-2\/deliberacoes-consu-2003\/#breadcrumb"},"inLanguage":"pt-BR","potentialAction":[{"@type":"ReadAction","target":["https:\/\/institucional.ufrrj.br\/soc\/conselho-universitario-2\/deliberacoes-consu-2003\/"]}]},{"@type":"BreadcrumbList","@id":"https:\/\/institucional.ufrrj.br\/soc\/conselho-universitario-2\/deliberacoes-consu-2003\/#breadcrumb","itemListElement":[{"@type":"ListItem","position":1,"name":"In\u00edcio","item":"https:\/\/institucional.ufrrj.br\/soc\/"},{"@type":"ListItem","position":2,"name":"CONSELHO UNIVERSIT\u00c1RIO","item":"https:\/\/institucional.ufrrj.br\/soc\/conselho-universitario-2\/"},{"@type":"ListItem","position":3,"name":"Delibera\u00e7\u00f5es Consu 2003"}]},{"@type":"WebSite","@id":"https:\/\/institucional.ufrrj.br\/soc\/#website","url":"https:\/\/institucional.ufrrj.br\/soc\/","name":"SOC","description":"Secretaria dos \u00d3rg\u00e3os Colegiados - UFRRJ","potentialAction":[{"@type":"SearchAction","target":{"@type":"EntryPoint","urlTemplate":"https:\/\/institucional.ufrrj.br\/soc\/?s={search_term_string}"},"query-input":{"@type":"PropertyValueSpecification","valueRequired":true,"valueName":"search_term_string"}}],"inLanguage":"pt-BR"}]}},"acf":[],"_links":{"self":[{"href":"https:\/\/institucional.ufrrj.br\/soc\/wp-json\/wp\/v2\/pages\/260","targetHints":{"allow":["GET"]}}],"collection":[{"href":"https:\/\/institucional.ufrrj.br\/soc\/wp-json\/wp\/v2\/pages"}],"about":[{"href":"https:\/\/institucional.ufrrj.br\/soc\/wp-json\/wp\/v2\/types\/page"}],"author":[{"embeddable":true,"href":"https:\/\/institucional.ufrrj.br\/soc\/wp-json\/wp\/v2\/users\/427"}],"replies":[{"embeddable":true,"href":"https:\/\/institucional.ufrrj.br\/soc\/wp-json\/wp\/v2\/comments?post=260"}],"version-history":[{"count":1,"href":"https:\/\/institucional.ufrrj.br\/soc\/wp-json\/wp\/v2\/pages\/260\/revisions"}],"predecessor-version":[{"id":261,"href":"https:\/\/institucional.ufrrj.br\/soc\/wp-json\/wp\/v2\/pages\/260\/revisions\/261"}],"up":[{"embeddable":true,"href":"https:\/\/institucional.ufrrj.br\/soc\/wp-json\/wp\/v2\/pages\/187"}],"wp:attachment":[{"href":"https:\/\/institucional.ufrrj.br\/soc\/wp-json\/wp\/v2\/media?parent=260"}],"curies":[{"name":"wp","href":"https:\/\/api.w.org\/{rel}","templated":true}]}}