{"id":250,"date":"2015-09-23T18:43:43","date_gmt":"2015-09-23T18:43:43","guid":{"rendered":"http:\/\/institucional.ufrrj.br\/soc\/?page_id=250"},"modified":"2015-09-23T18:48:36","modified_gmt":"2015-09-23T18:48:36","slug":"deliberacoes-consu-2006","status":"publish","type":"page","link":"https:\/\/institucional.ufrrj.br\/soc\/conselho-universitario-2\/deliberacoes-consu-2006\/","title":{"rendered":"Delibera\u00e7\u00f5es Consu 2006"},"content":{"rendered":"<table id=\"tabelas\" summary=\"Delibera\u00e7\u00f5es do Conselho Universit\u00e1rio 2006\">\n<thead>\n<tr>\n<th>N\u00b0 delib<\/th>\n<th>Processo<\/th>\n<th>Assunto<\/th>\n<th>Ver<\/th>\n<\/tr>\n<\/thead>\n<tfoot>\n<tr>\n<th><\/th>\n<th><\/th>\n<th><\/th>\n<th><\/th>\n<\/tr>\n<\/tfoot>\n<tbody>\n<tr>\n<td>001<\/td>\n<td>&#8212;&#8212;<\/td>\n<td class=\"style9\"><a id=\"style16\" href=\"http:\/\/ufrrj.br\/soc\/DOCS\/deliberacoes\/consu\/Deliberacoes_2006\/Delib01-2006.pdf\" target=\"_blank\">Termo de Conv\u00eanio n\u00ba 007\/2005, celebrado entre a UNIVERSIDADE FEDERAL RURAL DO RIO DE JANEIRO e a Empresa IND\u00daSTRIA E COM\u00c9RCIO DE ALIMENTOS BONG RURAL LTDA&#8230;<\/a><\/td>\n<td><a class=\"style16\" href=\"http:\/\/ufrrj.br\/soc\/DOCS\/deliberacoes\/consu\/Deliberacoes_2006\/Delib01-2006.pdf\" target=\"_blank\"><img decoding=\"async\" src=\"http:\/\/ufrrj.br\/soc\/IMAGENS\/pdf.gif\" alt=\"\" \/><\/a><\/td>\n<\/tr>\n<tr>\n<td>002<\/td>\n<td>23083.002149\/2006-50<\/td>\n<td><a id=\"style16\" href=\"http:\/\/ufrrj.br\/soc\/DOCS\/deliberacoes\/consu\/Deliberacoes_2006\/Delib02-2006.pdf\" target=\"_blank\">Aprovar a Presta\u00e7\u00e3o de Contas do Ordenador de Despesas da UFRRJ, referente ao exerc\u00edcio de 2005&#8230;<\/a><\/td>\n<td><a class=\"style16\" href=\"http:\/\/ufrrj.br\/soc\/DOCS\/deliberacoes\/consu\/Deliberacoes_2006\/Delib02-2006.pdf\" target=\"_blank\"><img decoding=\"async\" src=\"http:\/\/ufrrj.br\/soc\/IMAGENS\/pdf.gif\" alt=\"\" \/><\/a><\/td>\n<\/tr>\n<tr>\n<td>003<\/td>\n<td>&#8212;&#8211;<\/td>\n<td><a id=\"style16\" href=\"http:\/\/ufrrj.br\/soc\/DOCS\/deliberacoes\/consu\/Deliberacoes_2006\/Delib03-2006.pdf\" target=\"_blank\">Homologar os Termos de Contrato e o Termo Aditivo&#8230;<\/a><\/td>\n<td><a class=\"style16\" href=\"http:\/\/ufrrj.br\/soc\/DOCS\/deliberacoes\/consu\/Deliberacoes_2006\/Delib03-2006.pdf\" target=\"_blank\"><img decoding=\"async\" src=\"http:\/\/ufrrj.br\/soc\/IMAGENS\/pdf.gif\" alt=\"\" \/><\/a><\/td>\n<\/tr>\n<tr>\n<td>004<\/td>\n<td>23083.002130\/2006-11<\/td>\n<td><a id=\"style16\" href=\"http:\/\/ufrrj.br\/soc\/DOCS\/deliberacoes\/consu\/Deliberacoes_2006\/Delib04-2006.pdf\" target=\"_blank\">Aprovar o Projeto Pol\u00edtico Pedag\u00f3gico do Instituto Multidisciplinar da Universidade Federal Rural do Rio de Janeiro&#8230;<\/a><\/td>\n<td><a class=\"style16\" href=\"http:\/\/ufrrj.br\/soc\/DOCS\/deliberacoes\/consu\/Deliberacoes_2006\/Delib04-2006.pdf\" target=\"_blank\"><img decoding=\"async\" src=\"http:\/\/ufrrj.br\/soc\/IMAGENS\/pdf.gif\" alt=\"\" \/><\/a><\/td>\n<\/tr>\n<tr>\n<td>005<\/td>\n<td>&#8212;&#8211;<\/td>\n<td><a id=\"style16\" href=\"http:\/\/ufrrj.br\/soc\/DOCS\/deliberacoes\/consu\/Deliberacoes_2006\/Delib05-2006.pdf\" target=\"_blank\">Referendar o Termo Aditivo, o Acordo de Coopera\u00e7\u00e3o T\u00e9cnica e o Termo de Conv\u00eanio&#8230;<\/a><\/td>\n<td><a class=\"style16\" href=\"http:\/\/ufrrj.br\/soc\/DOCS\/deliberacoes\/consu\/Deliberacoes_2006\/Delib05-2006.pdf\" target=\"_blank\"><img decoding=\"async\" src=\"http:\/\/ufrrj.br\/soc\/IMAGENS\/pdf.gif\" alt=\"\" \/><\/a><\/td>\n<\/tr>\n<tr>\n<td>006<\/td>\n<td>&#8212;&#8211;<\/td>\n<td><a id=\"style16\" href=\"http:\/\/ufrrj.br\/soc\/DOCS\/deliberacoes\/consu\/Deliberacoes_2006\/Delib06-2006.pdf\" target=\"_blank\">Referendar o Termo Aditivo, o Acordo de Coopera\u00e7\u00e3o T\u00e9cnica e o Termo de Conv\u00eanio&#8230;<\/a><\/td>\n<td><a class=\"style16\" href=\"http:\/\/ufrrj.br\/soc\/DOCS\/deliberacoes\/consu\/Deliberacoes_2006\/Delib06-2006.pdf\" target=\"_blank\"><img decoding=\"async\" src=\"http:\/\/ufrrj.br\/soc\/IMAGENS\/pdf.gif\" alt=\"\" \/><\/a><\/td>\n<\/tr>\n<tr>\n<td>007<\/td>\n<td>23083.003193\/2005-04<\/td>\n<td><a id=\"style16\" href=\"http:\/\/ufrrj.br\/soc\/DOCS\/deliberacoes\/consu\/Deliberacoes_2006\/Delib07-2006.pdf\" target=\"_blank\">Cria\u00e7\u00e3o do Programa de P\u00f3s-gradua\u00e7\u00e3o em Fitossanidade e Biotecnologia Aplicada (\u00c1reas de Concentra\u00e7\u00e3o: Entomologia Aplicada e Fitopatologia Aplicada)&#8230;<\/a><\/td>\n<td><a class=\"style16\" href=\"http:\/\/ufrrj.br\/soc\/DOCS\/deliberacoes\/consu\/Deliberacoes_2006\/Delib07-2006.pdf\" target=\"_blank\"><img decoding=\"async\" src=\"http:\/\/ufrrj.br\/soc\/IMAGENS\/pdf.gif\" alt=\"\" \/><\/a><\/td>\n<\/tr>\n<tr>\n<td>008<\/td>\n<td>&#8212;&#8211;<\/td>\n<td><a id=\"style16\" href=\"http:\/\/ufrrj.br\/soc\/DOCS\/deliberacoes\/consu\/Deliberacoes_2006\/Delib08-2006.pdf\" target=\"_blank\">Referendar o Termo de Conv\u00eanio e o Instrumento de Parceria&#8230;<\/a><\/td>\n<td><a class=\"style16\" href=\"http:\/\/ufrrj.br\/soc\/DOCS\/deliberacoes\/consu\/Deliberacoes_2006\/Delib08-2006.pdf\" target=\"_blank\"><img decoding=\"async\" src=\"http:\/\/ufrrj.br\/soc\/IMAGENS\/pdf.gif\" alt=\"\" \/><\/a><\/td>\n<\/tr>\n<tr>\n<td>009<\/td>\n<td>23083.005148\/2006-67<\/td>\n<td><a id=\"style16\" href=\"http:\/\/ufrrj.br\/soc\/DOCS\/deliberacoes\/consu\/Deliberacoes_2006\/Delib09-2006.pdf\" target=\"_blank\">Aprovar a cria\u00e7\u00e3o do N\u00facleo de Moderniza\u00e7\u00e3o Administrativa, junto \u00e0 Coordenadoria de Planejamento da Universidade Federal Rural do Rio de Janeiro&#8230;<\/a><\/td>\n<td><a class=\"style16\" href=\"http:\/\/ufrrj.br\/soc\/DOCS\/deliberacoes\/consu\/Deliberacoes_2006\/Delib09-2006.pdf\" target=\"_blank\"><img decoding=\"async\" src=\"http:\/\/ufrrj.br\/soc\/IMAGENS\/pdf.gif\" alt=\"\" \/><\/a><\/td>\n<\/tr>\n<tr>\n<td>010<\/td>\n<td>23083.003939\/2006-52<\/td>\n<td><a id=\"style16\" href=\"http:\/\/ufrrj.br\/soc\/DOCS\/deliberacoes\/consu\/Deliberacoes_2006\/Delib10-2006.pdf\" target=\"_blank\">Manter o Concurso P\u00fablico relativo ao Edital n\u00ba 17, publicado no D.O.U., em 02 de maio de 2006 (p. 48, se\u00e7\u00e3o 3), para provimento de duas vagas para Professor de 1\u00ba e 2\u00ba Graus&#8230;<\/a><\/td>\n<td><a class=\"style16\" href=\"http:\/\/ufrrj.br\/soc\/DOCS\/deliberacoes\/consu\/Deliberacoes_2006\/Delib10-2006.pdf\" target=\"_blank\"><img decoding=\"async\" src=\"http:\/\/ufrrj.br\/soc\/IMAGENS\/pdf.gif\" alt=\"\" \/><\/a><\/td>\n<\/tr>\n<tr>\n<td>011<\/td>\n<td>&#8212;&#8211;<\/td>\n<td><a id=\"style16\" href=\"http:\/\/ufrrj.br\/soc\/DOCS\/deliberacoes\/consu\/Deliberacoes_2006\/Delib11-2006.pdf\" target=\"_blank\">Referendar o Termo Aditivo, o Acordo de Coopera\u00e7\u00e3o T\u00e9cnica e o Termo de Conv\u00eanio&#8230;<\/a><\/td>\n<td><a class=\"style16\" href=\"http:\/\/ufrrj.br\/soc\/DOCS\/deliberacoes\/consu\/Deliberacoes_2006\/Delib11-2006.pdf\" target=\"_blank\"><img decoding=\"async\" src=\"http:\/\/ufrrj.br\/soc\/IMAGENS\/pdf.gif\" alt=\"\" \/><\/a><\/td>\n<\/tr>\n<tr>\n<td>012<\/td>\n<td>&#8212;&#8211;<\/td>\n<td><a id=\"style16\" href=\"http:\/\/ufrrj.br\/soc\/DOCS\/deliberacoes\/consu\/Deliberacoes_2006\/Delib12-2006.pdf\" target=\"_blank\">Homologar o Relat\u00f3rio das Atividades da Comiss\u00e3o Permanente de Distribui\u00e7\u00e3o de Resid\u00eancias &#8211; CPDR, no per\u00edodo de 24 de agosto a 22 de dezembro de 2005 e 1\u00ba de janeiro a 31 de mar\u00e7o de 2006&#8230;<\/a><\/td>\n<td><a class=\"style16\" href=\"http:\/\/ufrrj.br\/soc\/DOCS\/deliberacoes\/consu\/Deliberacoes_2006\/Delib12-2006.pdf\" target=\"_blank\"><img decoding=\"async\" src=\"http:\/\/ufrrj.br\/soc\/IMAGENS\/pdf.gif\" alt=\"\" \/><\/a><\/td>\n<\/tr>\n<tr>\n<td>013<\/td>\n<td>&#8212;&#8211;<\/td>\n<td><a id=\"style16\" href=\"http:\/\/ufrrj.br\/soc\/DOCS\/deliberacoes\/consu\/Deliberacoes_2006\/Delib13-2006.pdf\" target=\"_blank\">Termo Aditivon\u00ba 01\/2006 ao Termo de Contrato n\u00ba 28\/2005, celebrado entre UFRRJ e a FAPUR&#8230;<\/a><\/td>\n<td><a class=\"style12\" href=\"http:\/\/ufrrj.br\/soc\/DOCS\/deliberacoes\/consu\/Deliberacoes_2006\/Delib13-2006.pdf\" target=\"_blank\"><img decoding=\"async\" src=\"http:\/\/ufrrj.br\/soc\/IMAGENS\/pdf.gif\" alt=\"\" \/><\/a><\/td>\n<\/tr>\n<tr>\n<td>014<\/td>\n<td>&#8212;&#8211;<\/td>\n<td><a id=\"style16\" href=\"http:\/\/ufrrj.br\/soc\/DOCS\/deliberacoes\/consu\/Deliberacoes_2006\/Delib14-2006.pdf\" target=\"_blank\">Autorizar, de acordo com o Art. 65, do Estatuto, combinado com a al\u00ednea \u201cy\u201d, do Art. 8\u00ba, do Regimento Geral, o funcionamento do Curso de Gradua\u00e7\u00e3o em Pedagogia&#8230;<\/a><\/td>\n<td><a class=\"style16\" href=\"http:\/\/ufrrj.br\/soc\/DOCS\/deliberacoes\/consu\/Deliberacoes_2006\/Delib14-2006.pdf\" target=\"_blank\"><img decoding=\"async\" src=\"http:\/\/ufrrj.br\/soc\/IMAGENS\/pdf.gif\" alt=\"\" \/><\/a><\/td>\n<\/tr>\n<tr>\n<td>015<\/td>\n<td>23083.007260\/2006-32<\/td>\n<td><a id=\"style16\" href=\"http:\/\/ufrrj.br\/soc\/DOCS\/deliberacoes\/consu\/Deliberacoes_2006\/Delib15-2006.pdf\" target=\"_blank\">Est\u00e3o habilitados a solicitar a progress\u00e3o funcional para a Classe de Professor Associado da carreira do Magist\u00e9rio Superior os docentes lotados na UFRRJ&#8230;<\/a><\/td>\n<td><a class=\"style16\" href=\"http:\/\/ufrrj.br\/soc\/DOCS\/deliberacoes\/consu\/Deliberacoes_2006\/Delib15-2006.pdf\" target=\"_blank\"><img decoding=\"async\" src=\"http:\/\/ufrrj.br\/soc\/IMAGENS\/pdf.gif\" alt=\"\" \/><\/a><\/td>\n<\/tr>\n<tr>\n<td>016<\/td>\n<td>&#8212;&#8211;<\/td>\n<td><a id=\"style16\" href=\"http:\/\/ufrrj.br\/soc\/DOCS\/deliberacoes\/consu\/Deliberacoes_2006\/Delib16-2006.pdf\" target=\"_blank\">Estender a todos os \u00d3rg\u00e3os Colegiados desta Universidade (Conselhos Superiores, Conselhos Departamentais, Colegiados de Curso e Colegiados de Departamento) os efeitos da Delibera\u00e7\u00e3o n\u00ba 17, de 06 de setembro de 1984&#8230;<\/a><\/td>\n<td><a class=\"style16\" href=\"http:\/\/ufrrj.br\/soc\/DOCS\/deliberacoes\/consu\/Deliberacoes_2006\/Delib16-2006.pdf\" target=\"_blank\"><img decoding=\"async\" src=\"http:\/\/ufrrj.br\/soc\/IMAGENS\/pdf.gif\" alt=\"\" \/><\/a><\/td>\n<\/tr>\n<tr>\n<td>017<\/td>\n<td>23083.004855\/2005-55<\/td>\n<td><a id=\"style16\" href=\"http:\/\/ufrrj.br\/soc\/DOCS\/deliberacoes\/consu\/Deliberacoes_2006\/Delib17-2006.pdf\" target=\"_blank\">Aprovar altera\u00e7\u00e3o no caput do Artigo 4\u00ba do Estatuto da UFRRJ&#8230;<\/a><\/td>\n<td><a class=\"style16\" href=\"http:\/\/ufrrj.br\/soc\/DOCS\/deliberacoes\/consu\/Deliberacoes_2006\/Delib17-2006.pdf\" target=\"_blank\"><img decoding=\"async\" src=\"http:\/\/ufrrj.br\/soc\/IMAGENS\/pdf.gif\" alt=\"\" \/><\/a><\/td>\n<\/tr>\n<tr>\n<td>018<\/td>\n<td>23083.007039\/2006-84<\/td>\n<td><a id=\"style16\" href=\"http:\/\/ufrrj.br\/soc\/DOCS\/deliberacoes\/consu\/Deliberacoes_2006\/Delib18-2006.pdf\" target=\"_blank\">Autorizar, de acordo com o Art. 65, do Estatuto, combinado com a al\u00ednea \u201cy\u201d, do Art. 8\u00ba, do Regimento Geral, o funcionamento do Curso de Gradua\u00e7\u00e3o em Turismo&#8230;<\/a><\/td>\n<td><a class=\"style16\" href=\"http:\/\/ufrrj.br\/soc\/DOCS\/deliberacoes\/consu\/Deliberacoes_2006\/Delib18-2006.pdf\" target=\"_blank\"><img decoding=\"async\" src=\"http:\/\/ufrrj.br\/soc\/IMAGENS\/pdf.gif\" alt=\"\" \/><\/a><\/td>\n<\/tr>\n<tr>\n<td>019<\/td>\n<td>&#8212;&#8211;<\/td>\n<td><a id=\"style16\" href=\"http:\/\/ufrrj.br\/soc\/DOCS\/deliberacoes\/consu\/Deliberacoes_2006\/Delib19-2006.pdf\" target=\"_blank\">Referendar o Termo Aditivo, o Acordo de Coopera\u00e7\u00e3o T\u00e9cnica e o Termo de Conv\u00eanio&#8230;<\/a><\/td>\n<td><a class=\"style16\" href=\"http:\/\/ufrrj.br\/soc\/DOCS\/deliberacoes\/consu\/Deliberacoes_2006\/Delib19-2006.pdf\" target=\"_blank\"><img decoding=\"async\" src=\"http:\/\/ufrrj.br\/soc\/IMAGENS\/pdf.gif\" alt=\"\" \/><\/a><\/td>\n<\/tr>\n<tr>\n<td>020<\/td>\n<td>&#8212;&#8211;<\/td>\n<td><a id=\"style16\" href=\"http:\/\/ufrrj.br\/soc\/DOCS\/deliberacoes\/consu\/Deliberacoes_2006\/Delib20-2006.pdf\" target=\"_blank\">Referendar o Termo Aditivo, o Acordo de Coopera\u00e7\u00e3o T\u00e9cnica e o Termo de Conv\u00eanio&#8230;<\/a><\/td>\n<td><a class=\"style16\" href=\"http:\/\/ufrrj.br\/soc\/DOCS\/deliberacoes\/consu\/Deliberacoes_2006\/Delib20-2006.pdf\" target=\"_blank\"><img decoding=\"async\" src=\"http:\/\/ufrrj.br\/soc\/IMAGENS\/pdf.gif\" alt=\"\" \/><\/a><\/td>\n<\/tr>\n<tr>\n<td>021<\/td>\n<td>&#8212;&#8211;<\/td>\n<td><a id=\"style16\" href=\"http:\/\/ufrrj.br\/soc\/DOCS\/deliberacoes\/consu\/Deliberacoes_2006\/Delib21-2006.pdf\" target=\"_blank\">Referendar o Termo Aditivo, o Acordo de Coopera\u00e7\u00e3o T\u00e9cnica e o Termo de Conv\u00eanio&#8230;<\/a><\/td>\n<td><a class=\"style16\" href=\"http:\/\/ufrrj.br\/soc\/DOCS\/deliberacoes\/consu\/Deliberacoes_2006\/Delib21-2006.pdf\" target=\"_blank\"><img decoding=\"async\" src=\"http:\/\/ufrrj.br\/soc\/IMAGENS\/pdf.gif\" alt=\"\" \/><\/a><\/td>\n<\/tr>\n<tr>\n<td>022<\/td>\n<td>&#8212;&#8211;<\/td>\n<td><a id=\"style16\" href=\"http:\/\/ufrrj.br\/soc\/DOCS\/deliberacoes\/consu\/Deliberacoes_2006\/Delib22-2006.pdf\" target=\"_blank\">Referendar o Termo Aditivo, o Acordo de Coopera\u00e7\u00e3o T\u00e9cnica e o Termo de Conv\u00eanio&#8230;<\/a><\/td>\n<td><a class=\"style16\" href=\"http:\/\/ufrrj.br\/soc\/DOCS\/deliberacoes\/consu\/Deliberacoes_2006\/Delib22-2006.pdf\" target=\"_blank\"><img decoding=\"async\" src=\"http:\/\/ufrrj.br\/soc\/IMAGENS\/pdf.gif\" alt=\"\" \/><\/a><\/td>\n<\/tr>\n<tr>\n<td>023<\/td>\n<td>23083.009844\/2006-42<\/td>\n<td><a id=\"style16\" href=\"http:\/\/ufrrj.br\/soc\/DOCS\/deliberacoes\/consu\/Deliberacoes_2006\/Delib23-2006.pdf\" target=\"_blank\">Referendar a corre\u00e7\u00e3o de enquadramento dos Servidores T\u00e9cnico-administrativos em Educa\u00e7\u00e3o, da 2\u00aa fase do Plano de Carreira dos Cargos T\u00e9cnicos Administrativos em Educa\u00e7\u00e3o \u2013 PCCTAE&#8230;<\/a><\/td>\n<td><a class=\"style16\" href=\"http:\/\/ufrrj.br\/soc\/DOCS\/deliberacoes\/consu\/Deliberacoes_2006\/Delib23-2006.pdf\" target=\"_blank\"><img decoding=\"async\" src=\"http:\/\/ufrrj.br\/soc\/IMAGENS\/pdf.gif\" alt=\"\" \/><\/a><\/td>\n<\/tr>\n<tr>\n<td>024<\/td>\n<td>&#8212;&#8211;<\/td>\n<td><a id=\"style16\" href=\"http:\/\/ufrrj.br\/soc\/DOCS\/deliberacoes\/consu\/Deliberacoes_2006\/Delib24-2006.pdf\" target=\"_blank\">Referendar o Termo Aditivo, o Acordo de Coopera\u00e7\u00e3o T\u00e9cnica e o Termo de Conv\u00eanio&#8230;<\/a><\/td>\n<td><a class=\"style16\" href=\"http:\/\/ufrrj.br\/soc\/DOCS\/deliberacoes\/consu\/Deliberacoes_2006\/Delib24-2006.pdf\" target=\"_blank\"><img decoding=\"async\" src=\"http:\/\/ufrrj.br\/soc\/IMAGENS\/pdf.gif\" alt=\"\" \/><\/a><\/td>\n<\/tr>\n<tr>\n<td>025<\/td>\n<td>23083.010615\/2006-71<\/td>\n<td><a id=\"style16\" href=\"http:\/\/ufrrj.br\/soc\/DOCS\/deliberacoes\/consu\/Deliberacoes_2006\/Delib25-2006.pdf\" target=\"_blank\">Regulamentar os crit\u00e9rios para pagamento da Gratifica\u00e7\u00e3o por Encargo de Curso ou Concurso ao servidor&#8230;<\/a><\/td>\n<td><a class=\"style12\" href=\"http:\/\/ufrrj.br\/soc\/DOCS\/deliberacoes\/consu\/Deliberacoes_2006\/Delib25-2006.pdf\" target=\"_blank\"><img decoding=\"async\" src=\"http:\/\/ufrrj.br\/soc\/IMAGENS\/pdf.gif\" alt=\"\" \/><\/a><\/td>\n<\/tr>\n<tr>\n<td>026<\/td>\n<td>&#8212;&#8211;<\/td>\n<td><a id=\"style16\" href=\"http:\/\/ufrrj.br\/soc\/DOCS\/deliberacoes\/consu\/Deliberacoes_2006\/Delib26-2006.pdf\" target=\"_blank\">Referendar o Termo Aditivo, o Acordo de Coopera\u00e7\u00e3o T\u00e9cnica e o Termo de Conv\u00eanio&#8230;<\/a><\/td>\n<td><a class=\"style16\" href=\"http:\/\/ufrrj.br\/soc\/DOCS\/deliberacoes\/consu\/Deliberacoes_2006\/Delib26-2006.pdf\" target=\"_blank\"><img decoding=\"async\" src=\"http:\/\/ufrrj.br\/soc\/IMAGENS\/pdf.gif\" alt=\"\" \/><\/a><\/td>\n<\/tr>\n<tr>\n<td>027<\/td>\n<td>&#8212;-<\/td>\n<td><a id=\"style16\" href=\"http:\/\/ufrrj.br\/soc\/DOCS\/deliberacoes\/consu\/Deliberacoes_2006\/Delib27-2006.pdf\" target=\"_blank\">Referendar o Termo Aditivo, o Acordo de Coopera\u00e7\u00e3o T\u00e9cnica e o Termo de Conv\u00eanio&#8230;<\/a><\/td>\n<td><a class=\"style16\" href=\"http:\/\/ufrrj.br\/soc\/DOCS\/deliberacoes\/consu\/Deliberacoes_2006\/Delib27-2006.pdf\" target=\"_blank\"><img decoding=\"async\" src=\"http:\/\/ufrrj.br\/soc\/IMAGENS\/pdf.gif\" alt=\"\" \/><\/a><\/td>\n<\/tr>\n<tr>\n<td>028<\/td>\n<td>&#8212;&#8211;<\/td>\n<td><a id=\"style16\" href=\"http:\/\/ufrrj.br\/soc\/DOCS\/deliberacoes\/consu\/Deliberacoes_2006\/Delib28-2006.pdf\" target=\"_blank\">Termo de Contrato de Coopera\u00e7\u00e3o T\u00e9cnica e Financeira, a ser celebrado entre a UFRRJ e a FAPUR&#8230;<\/a><\/td>\n<td><a class=\"style16\" href=\"http:\/\/ufrrj.br\/soc\/DOCS\/deliberacoes\/consu\/Deliberacoes_2006\/Delib28-2006.pdf\" target=\"_blank\"><img decoding=\"async\" src=\"http:\/\/ufrrj.br\/soc\/IMAGENS\/pdf.gif\" alt=\"\" \/><\/a><\/td>\n<\/tr>\n<tr>\n<td>029<\/td>\n<td>&#8212;&#8211;<\/td>\n<td><a id=\"style16\" href=\"http:\/\/ufrrj.br\/soc\/DOCS\/deliberacoes\/consu\/Deliberacoes_2006\/Delib29-2006.pdf\" target=\"_blank\">Referendar o Termo Aditivo, o Acordo de Coopera\u00e7\u00e3o T\u00e9cnica e o Termo de Conv\u00eanio&#8230;<\/a><\/td>\n<td><a class=\"style16\" href=\"http:\/\/ufrrj.br\/soc\/DOCS\/deliberacoes\/consu\/Deliberacoes_2006\/Delib29-2006.pdf\" target=\"_blank\"><img decoding=\"async\" src=\"http:\/\/ufrrj.br\/soc\/IMAGENS\/pdf.gif\" alt=\"\" \/><\/a><\/td>\n<\/tr>\n<tr>\n<td>030<\/td>\n<td>23083.012380\/2006-51<\/td>\n<td><a id=\"style16\" href=\"http:\/\/ufrrj.br\/soc\/DOCS\/deliberacoes\/consu\/Deliberacoes_2006\/Delib30-2006.pdf\" target=\"_blank\">Aprovar a nomea\u00e7\u00e3o do Administrador DUCLERIO JOS\u00c9 DO VALE, matr\u00edcula SIAPE n\u00ba 0386373, para a fun\u00e7\u00e3o de Auditor Interno&#8230;<\/a><\/td>\n<td><a class=\"style16\" href=\"http:\/\/ufrrj.br\/soc\/DOCS\/deliberacoes\/consu\/Deliberacoes_2006\/Delib30-2006.pdf\" target=\"_blank\"><img decoding=\"async\" src=\"http:\/\/ufrrj.br\/soc\/IMAGENS\/pdf.gif\" alt=\"\" \/><\/a><\/td>\n<\/tr>\n<tr>\n<td>031<\/td>\n<td>23083.008405\/2006-12<\/td>\n<td><a id=\"style16\" href=\"http:\/\/ufrrj.br\/soc\/DOCS\/deliberacoes\/consu\/Deliberacoes_2006\/Delib31-2006.pdf\" target=\"_blank\">Criar a seguinte estrutura administrativa do Instituto Multidisciplinar, a Secretaria Administrativa e a Divis\u00e3o de Apoio Acad\u00eamico e Educacional&#8230;<\/a><\/td>\n<td><a class=\"style16\" href=\"http:\/\/ufrrj.br\/soc\/DOCS\/deliberacoes\/consu\/Deliberacoes_2006\/Delib31-2006.pdf\" target=\"_blank\"><img decoding=\"async\" src=\"http:\/\/ufrrj.br\/soc\/IMAGENS\/pdf.gif\" alt=\"\" \/><\/a><\/td>\n<\/tr>\n<\/tbody>\n<\/table>\n","protected":false},"excerpt":{"rendered":"<p>N\u00b0 delib Processo Assunto Ver 001 &#8212;&#8212; Termo de Conv\u00eanio n\u00ba 007\/2005, celebrado entre a UNIVERSIDADE FEDERAL RURAL DO RIO <a class=\"read-more\" style=\"font-size:12px;\" href=\"https:\/\/institucional.ufrrj.br\/soc\/conselho-universitario-2\/deliberacoes-consu-2006\/\">&#8230; Continue lendo <i class=\"fa fa-long-arrow-right\"><\/i><\/a><\/p>\n","protected":false},"author":427,"featured_media":0,"parent":187,"menu_order":0,"comment_status":"closed","ping_status":"closed","template":"","meta":{"_acf_changed":false,"footnotes":"","_links_to":"","_links_to_target":""},"class_list":["post-250","page","type-page","status-publish","hentry"],"yoast_head":"<!-- This site is optimized with the Yoast SEO plugin v27.2 - https:\/\/yoast.com\/product\/yoast-seo-wordpress\/ -->\n<title>Delibera\u00e7\u00f5es Consu 2006 - SOC<\/title>\n<meta name=\"robots\" content=\"index, follow, max-snippet:-1, max-image-preview:large, max-video-preview:-1\" \/>\n<link rel=\"canonical\" href=\"https:\/\/institucional.ufrrj.br\/soc\/conselho-universitario-2\/deliberacoes-consu-2006\/\" \/>\n<meta property=\"og:locale\" content=\"pt_BR\" \/>\n<meta property=\"og:type\" content=\"article\" \/>\n<meta property=\"og:title\" content=\"Delibera\u00e7\u00f5es Consu 2006 - SOC\" \/>\n<meta property=\"og:description\" content=\"N\u00b0 delib Processo Assunto Ver 001 &#8212;&#8212; Termo de Conv\u00eanio n\u00ba 007\/2005, celebrado entre a UNIVERSIDADE FEDERAL RURAL DO RIO ... Continue lendo\" \/>\n<meta property=\"og:url\" content=\"https:\/\/institucional.ufrrj.br\/soc\/conselho-universitario-2\/deliberacoes-consu-2006\/\" \/>\n<meta property=\"og:site_name\" content=\"SOC\" \/>\n<meta property=\"article:modified_time\" content=\"2015-09-23T18:48:36+00:00\" \/>\n<meta property=\"og:image\" content=\"http:\/\/ufrrj.br\/soc\/IMAGENS\/pdf.gif\" \/>\n<meta name=\"twitter:card\" content=\"summary_large_image\" \/>\n<meta name=\"twitter:label1\" content=\"Est. tempo de leitura\" \/>\n\t<meta name=\"twitter:data1\" content=\"3 minutos\" \/>\n<script type=\"application\/ld+json\" class=\"yoast-schema-graph\">{\"@context\":\"https:\/\/schema.org\",\"@graph\":[{\"@type\":\"WebPage\",\"@id\":\"https:\/\/institucional.ufrrj.br\/soc\/conselho-universitario-2\/deliberacoes-consu-2006\/\",\"url\":\"https:\/\/institucional.ufrrj.br\/soc\/conselho-universitario-2\/deliberacoes-consu-2006\/\",\"name\":\"Delibera\u00e7\u00f5es Consu 2006 - SOC\",\"isPartOf\":{\"@id\":\"https:\/\/institucional.ufrrj.br\/soc\/#website\"},\"primaryImageOfPage\":{\"@id\":\"https:\/\/institucional.ufrrj.br\/soc\/conselho-universitario-2\/deliberacoes-consu-2006\/#primaryimage\"},\"image\":{\"@id\":\"https:\/\/institucional.ufrrj.br\/soc\/conselho-universitario-2\/deliberacoes-consu-2006\/#primaryimage\"},\"thumbnailUrl\":\"http:\/\/ufrrj.br\/soc\/IMAGENS\/pdf.gif\",\"datePublished\":\"2015-09-23T18:43:43+00:00\",\"dateModified\":\"2015-09-23T18:48:36+00:00\",\"breadcrumb\":{\"@id\":\"https:\/\/institucional.ufrrj.br\/soc\/conselho-universitario-2\/deliberacoes-consu-2006\/#breadcrumb\"},\"inLanguage\":\"pt-BR\",\"potentialAction\":[{\"@type\":\"ReadAction\",\"target\":[\"https:\/\/institucional.ufrrj.br\/soc\/conselho-universitario-2\/deliberacoes-consu-2006\/\"]}]},{\"@type\":\"ImageObject\",\"inLanguage\":\"pt-BR\",\"@id\":\"https:\/\/institucional.ufrrj.br\/soc\/conselho-universitario-2\/deliberacoes-consu-2006\/#primaryimage\",\"url\":\"http:\/\/ufrrj.br\/soc\/IMAGENS\/pdf.gif\",\"contentUrl\":\"http:\/\/ufrrj.br\/soc\/IMAGENS\/pdf.gif\"},{\"@type\":\"BreadcrumbList\",\"@id\":\"https:\/\/institucional.ufrrj.br\/soc\/conselho-universitario-2\/deliberacoes-consu-2006\/#breadcrumb\",\"itemListElement\":[{\"@type\":\"ListItem\",\"position\":1,\"name\":\"In\u00edcio\",\"item\":\"https:\/\/institucional.ufrrj.br\/soc\/\"},{\"@type\":\"ListItem\",\"position\":2,\"name\":\"CONSELHO UNIVERSIT\u00c1RIO\",\"item\":\"https:\/\/institucional.ufrrj.br\/soc\/conselho-universitario-2\/\"},{\"@type\":\"ListItem\",\"position\":3,\"name\":\"Delibera\u00e7\u00f5es Consu 2006\"}]},{\"@type\":\"WebSite\",\"@id\":\"https:\/\/institucional.ufrrj.br\/soc\/#website\",\"url\":\"https:\/\/institucional.ufrrj.br\/soc\/\",\"name\":\"SOC\",\"description\":\"Secretaria dos \u00d3rg\u00e3os Colegiados - UFRRJ\",\"potentialAction\":[{\"@type\":\"SearchAction\",\"target\":{\"@type\":\"EntryPoint\",\"urlTemplate\":\"https:\/\/institucional.ufrrj.br\/soc\/?s={search_term_string}\"},\"query-input\":{\"@type\":\"PropertyValueSpecification\",\"valueRequired\":true,\"valueName\":\"search_term_string\"}}],\"inLanguage\":\"pt-BR\"}]}<\/script>\n<!-- \/ Yoast SEO plugin. -->","yoast_head_json":{"title":"Delibera\u00e7\u00f5es Consu 2006 - SOC","robots":{"index":"index","follow":"follow","max-snippet":"max-snippet:-1","max-image-preview":"max-image-preview:large","max-video-preview":"max-video-preview:-1"},"canonical":"https:\/\/institucional.ufrrj.br\/soc\/conselho-universitario-2\/deliberacoes-consu-2006\/","og_locale":"pt_BR","og_type":"article","og_title":"Delibera\u00e7\u00f5es Consu 2006 - SOC","og_description":"N\u00b0 delib Processo Assunto Ver 001 &#8212;&#8212; Termo de Conv\u00eanio n\u00ba 007\/2005, celebrado entre a UNIVERSIDADE FEDERAL RURAL DO RIO ... Continue lendo","og_url":"https:\/\/institucional.ufrrj.br\/soc\/conselho-universitario-2\/deliberacoes-consu-2006\/","og_site_name":"SOC","article_modified_time":"2015-09-23T18:48:36+00:00","og_image":[{"url":"http:\/\/ufrrj.br\/soc\/IMAGENS\/pdf.gif","type":"","width":"","height":""}],"twitter_card":"summary_large_image","twitter_misc":{"Est. tempo de leitura":"3 minutos"},"schema":{"@context":"https:\/\/schema.org","@graph":[{"@type":"WebPage","@id":"https:\/\/institucional.ufrrj.br\/soc\/conselho-universitario-2\/deliberacoes-consu-2006\/","url":"https:\/\/institucional.ufrrj.br\/soc\/conselho-universitario-2\/deliberacoes-consu-2006\/","name":"Delibera\u00e7\u00f5es Consu 2006 - SOC","isPartOf":{"@id":"https:\/\/institucional.ufrrj.br\/soc\/#website"},"primaryImageOfPage":{"@id":"https:\/\/institucional.ufrrj.br\/soc\/conselho-universitario-2\/deliberacoes-consu-2006\/#primaryimage"},"image":{"@id":"https:\/\/institucional.ufrrj.br\/soc\/conselho-universitario-2\/deliberacoes-consu-2006\/#primaryimage"},"thumbnailUrl":"http:\/\/ufrrj.br\/soc\/IMAGENS\/pdf.gif","datePublished":"2015-09-23T18:43:43+00:00","dateModified":"2015-09-23T18:48:36+00:00","breadcrumb":{"@id":"https:\/\/institucional.ufrrj.br\/soc\/conselho-universitario-2\/deliberacoes-consu-2006\/#breadcrumb"},"inLanguage":"pt-BR","potentialAction":[{"@type":"ReadAction","target":["https:\/\/institucional.ufrrj.br\/soc\/conselho-universitario-2\/deliberacoes-consu-2006\/"]}]},{"@type":"ImageObject","inLanguage":"pt-BR","@id":"https:\/\/institucional.ufrrj.br\/soc\/conselho-universitario-2\/deliberacoes-consu-2006\/#primaryimage","url":"http:\/\/ufrrj.br\/soc\/IMAGENS\/pdf.gif","contentUrl":"http:\/\/ufrrj.br\/soc\/IMAGENS\/pdf.gif"},{"@type":"BreadcrumbList","@id":"https:\/\/institucional.ufrrj.br\/soc\/conselho-universitario-2\/deliberacoes-consu-2006\/#breadcrumb","itemListElement":[{"@type":"ListItem","position":1,"name":"In\u00edcio","item":"https:\/\/institucional.ufrrj.br\/soc\/"},{"@type":"ListItem","position":2,"name":"CONSELHO UNIVERSIT\u00c1RIO","item":"https:\/\/institucional.ufrrj.br\/soc\/conselho-universitario-2\/"},{"@type":"ListItem","position":3,"name":"Delibera\u00e7\u00f5es Consu 2006"}]},{"@type":"WebSite","@id":"https:\/\/institucional.ufrrj.br\/soc\/#website","url":"https:\/\/institucional.ufrrj.br\/soc\/","name":"SOC","description":"Secretaria dos \u00d3rg\u00e3os Colegiados - UFRRJ","potentialAction":[{"@type":"SearchAction","target":{"@type":"EntryPoint","urlTemplate":"https:\/\/institucional.ufrrj.br\/soc\/?s={search_term_string}"},"query-input":{"@type":"PropertyValueSpecification","valueRequired":true,"valueName":"search_term_string"}}],"inLanguage":"pt-BR"}]}},"acf":[],"_links":{"self":[{"href":"https:\/\/institucional.ufrrj.br\/soc\/wp-json\/wp\/v2\/pages\/250","targetHints":{"allow":["GET"]}}],"collection":[{"href":"https:\/\/institucional.ufrrj.br\/soc\/wp-json\/wp\/v2\/pages"}],"about":[{"href":"https:\/\/institucional.ufrrj.br\/soc\/wp-json\/wp\/v2\/types\/page"}],"author":[{"embeddable":true,"href":"https:\/\/institucional.ufrrj.br\/soc\/wp-json\/wp\/v2\/users\/427"}],"replies":[{"embeddable":true,"href":"https:\/\/institucional.ufrrj.br\/soc\/wp-json\/wp\/v2\/comments?post=250"}],"version-history":[{"count":3,"href":"https:\/\/institucional.ufrrj.br\/soc\/wp-json\/wp\/v2\/pages\/250\/revisions"}],"predecessor-version":[{"id":257,"href":"https:\/\/institucional.ufrrj.br\/soc\/wp-json\/wp\/v2\/pages\/250\/revisions\/257"}],"up":[{"embeddable":true,"href":"https:\/\/institucional.ufrrj.br\/soc\/wp-json\/wp\/v2\/pages\/187"}],"wp:attachment":[{"href":"https:\/\/institucional.ufrrj.br\/soc\/wp-json\/wp\/v2\/media?parent=250"}],"curies":[{"name":"wp","href":"https:\/\/api.w.org\/{rel}","templated":true}]}}