{"id":2202,"date":"2016-08-12T12:59:31","date_gmt":"2016-08-12T12:59:31","guid":{"rendered":"http:\/\/institucional.ufrrj.br\/soc\/?page_id=2202"},"modified":"2016-08-12T12:59:31","modified_gmt":"2016-08-12T12:59:31","slug":"deliberacoes-concur-1984","status":"publish","type":"page","link":"https:\/\/institucional.ufrrj.br\/soc\/conselho-de-curadores-2\/deliberacoes\/deliberacoes-concur-1984\/","title":{"rendered":"Delibera\u00e7\u00f5es Concur 1984"},"content":{"rendered":"\n<table id=\"tablepress-51\" class=\"tablepress tablepress-id-51\">\n<thead>\n<tr class=\"row-1\">\n\t<th class=\"column-1\">N\u00b0 da Delibera\u00e7\u00e3o<\/th><th class=\"column-2\">N\u00ba Processo<\/th><th class=\"column-3\">Assunto<\/th>\n<\/tr>\n<\/thead>\n<tbody class=\"row-striping row-hover\">\n<tr class=\"row-2\">\n\t<td class=\"column-1\">001<\/td><td class=\"column-2\">10.761\/83<\/td><td class=\"column-3\"><a href=\"http:\/\/institucional.ufrrj.br\/soc\/files\/2016\/08\/Delib001CONCUR1984.pdf\" target=\"_blank\">Altera\u00e7\u00e3o no Or\u00e7amento Pr\u00f3prio da UFRRJ de 1984<\/a><\/td>\n<\/tr>\n<tr class=\"row-3\">\n\t<td class=\"column-1\">002<\/td><td class=\"column-2\">603\/84-3<\/td><td class=\"column-3\"><a href=\"http:\/\/institucional.ufrrj.br\/soc\/files\/2016\/08\/Delib002CONCUR1984.pdf\" target=\"_blank\">Tomada de Contas Ordenador de Despesa da UFRRJ, referente ao exerc\u00edcio de 1983<\/a><\/td>\n<\/tr>\n<tr class=\"row-4\">\n\t<td class=\"column-1\">003<\/td><td class=\"column-2\">10.761\/83<\/td><td class=\"column-3\"><a href=\"http:\/\/institucional.ufrrj.br\/soc\/files\/2016\/08\/Delib003CONCUR1984.pdf\" target=\"_blank\">Altera\u00e7\u00e3o no Or\u00e7amento Pr\u00f3prio da UFRRJ de 1984<\/a><\/td>\n<\/tr>\n<tr class=\"row-5\">\n\t<td class=\"column-1\">004<\/td><td class=\"column-2\">10.761\/83<\/td><td class=\"column-3\"><a href=\"http:\/\/institucional.ufrrj.br\/soc\/files\/2016\/08\/Delib004CONCUR1984.pdf\" target=\"_blank\">Altera\u00e7\u00e3o no Or\u00e7amento Pr\u00f3prio da UFRRJ de 1984, sob a forma de Cr\u00e9dito Suplementar<\/a><\/td>\n<\/tr>\n<tr class=\"row-6\">\n\t<td class=\"column-1\">005<\/td><td class=\"column-2\">10.761\/83<\/td><td class=\"column-3\"><a href=\"http:\/\/institucional.ufrrj.br\/soc\/files\/2016\/08\/Delib005CONCUR1984.pdf\" target=\"_blank\">Altera\u00e7\u00e3o no Or\u00e7amento Pr\u00f3prio da UFRRJ de 1984 nesta data, sob a forma de Cr\u00e9dito Suplementar<\/a><\/td>\n<\/tr>\n<tr class=\"row-7\">\n\t<td class=\"column-1\">006<\/td><td class=\"column-2\">10.761\/83<\/td><td class=\"column-3\"><a href=\"http:\/\/institucional.ufrrj.br\/soc\/files\/2016\/08\/Delib006CONCUR1984.pdf\" target=\"_blank\">Altera\u00e7\u00e3o no Or\u00e7amento Pr\u00f3prio da UFRRJ de 1984 sob a forma de Cr\u00e9dito Suplementar<\/a><\/td>\n<\/tr>\n<tr class=\"row-8\">\n\t<td class=\"column-1\">007<\/td><td class=\"column-2\">10.761\/83<\/td><td class=\"column-3\"><a href=\"http:\/\/institucional.ufrrj.br\/soc\/files\/2016\/08\/Delib007CONCUR1984.pdf\" target=\"_blank\">Altera\u00e7\u00e3o no Or\u00e7amento Pr\u00f3prio da UFRRJ de 1984 nesta data, sob a forma de Cr\u00e9dito Suplementar<\/a><\/td>\n<\/tr>\n<tr class=\"row-9\">\n\t<td class=\"column-1\">008<\/td><td class=\"column-2\">10.761\/83<\/td><td class=\"column-3\"><a href=\"http:\/\/institucional.ufrrj.br\/soc\/files\/2016\/08\/Delib008CONCUR1984.pdf\" target=\"_blank\">Altera\u00e7\u00e3o no Or\u00e7amento Pr\u00f3prio da UFRRJ de 1984 nesta data, sob a forma de Cr\u00e9dito Suplementar<\/a><\/td>\n<\/tr>\n<tr class=\"row-10\">\n\t<td class=\"column-1\">009<\/td><td class=\"column-2\">10.761\/83<\/td><td class=\"column-3\"><a href=\"http:\/\/institucional.ufrrj.br\/soc\/files\/2016\/08\/Delib009CONCUR1984.pdf\" target=\"_blank\">Altera\u00e7\u00e3o no Or\u00e7amento Pr\u00f3prio da UFRRJ de 1984 nesta data, sob a forma de Cr\u00e9dito Suplementar<\/a><\/td>\n<\/tr>\n<tr class=\"row-11\">\n\t<td class=\"column-1\">010<\/td><td class=\"column-2\">10.761\/83<\/td><td class=\"column-3\"><a href=\"http:\/\/institucional.ufrrj.br\/soc\/files\/2016\/08\/Delib010CONCUR1984.pdf\" target=\"_blank\">Altera\u00e7\u00e3o no Or\u00e7amento Pr\u00f3prio da UFRRJ de 1984 nesta data, sob a forma de Cr\u00e9dito Suplementar<\/a><\/td>\n<\/tr>\n<tr class=\"row-12\">\n\t<td class=\"column-1\">011<\/td><td class=\"column-2\">10.761\/83<\/td><td class=\"column-3\"><a href=\"http:\/\/institucional.ufrrj.br\/soc\/files\/2016\/08\/Delib011CONCUR1984.pdf\" target=\"_blank\">Altera\u00e7\u00e3o no Or\u00e7amento Pr\u00f3prio da UFRRJ de 1984 nesta data, sob a forma de Cr\u00e9dito Suplementar<\/a><\/td>\n<\/tr>\n<tr class=\"row-13\">\n\t<td class=\"column-1\">012<\/td><td class=\"column-2\">10.761\/83<\/td><td class=\"column-3\"><a href=\"http:\/\/institucional.ufrrj.br\/soc\/files\/2016\/08\/Delib012CONCUR1984.pdf\" target=\"_blank\">Altera\u00e7\u00e3o no Or\u00e7amento Pr\u00f3prio da UFRRJ de 1984 nesta data, sob a forma de Cr\u00e9dito Suplementar<\/a><\/td>\n<\/tr>\n<tr class=\"row-14\">\n\t<td class=\"column-1\">013<\/td><td class=\"column-2\">10.761\/83<\/td><td class=\"column-3\"><a href=\"http:\/\/institucional.ufrrj.br\/soc\/files\/2016\/08\/Delib013CONCUR1984.pdf\" target=\"_blank\">Altera\u00e7\u00e3o no Or\u00e7amento Pr\u00f3prio da UFRRJ de 1984 nesta data, sob a forma de Cr\u00e9dito Suplementar<\/a><\/td>\n<\/tr>\n<tr class=\"row-15\">\n\t<td class=\"column-1\">014<\/td><td class=\"column-2\">10.761\/83<\/td><td class=\"column-3\"><a href=\"http:\/\/institucional.ufrrj.br\/soc\/files\/2016\/08\/Delib014CONCUR1984.pdf\" target=\"_blank\">Aprovar o or\u00e7amento da UFRRJ no exerc\u00edcio de 1985<\/a><\/td>\n<\/tr>\n<\/tbody>\n<\/table>\n<!-- #tablepress-51 from cache -->\n","protected":false},"excerpt":{"rendered":"","protected":false},"author":427,"featured_media":0,"parent":160,"menu_order":0,"comment_status":"closed","ping_status":"closed","template":"","meta":{"_acf_changed":false,"footnotes":"","_links_to":"","_links_to_target":""},"class_list":["post-2202","page","type-page","status-publish","hentry"],"yoast_head":"<!-- This site is optimized with the Yoast SEO plugin v27.2 - https:\/\/yoast.com\/product\/yoast-seo-wordpress\/ -->\n<title>Delibera\u00e7\u00f5es Concur 1984 - SOC<\/title>\n<meta name=\"robots\" content=\"index, follow, max-snippet:-1, max-image-preview:large, max-video-preview:-1\" \/>\n<link rel=\"canonical\" href=\"https:\/\/institucional.ufrrj.br\/soc\/conselho-de-curadores-2\/deliberacoes\/deliberacoes-concur-1984\/\" \/>\n<meta property=\"og:locale\" content=\"pt_BR\" \/>\n<meta property=\"og:type\" content=\"article\" \/>\n<meta property=\"og:title\" content=\"Delibera\u00e7\u00f5es Concur 1984 - SOC\" \/>\n<meta property=\"og:url\" content=\"https:\/\/institucional.ufrrj.br\/soc\/conselho-de-curadores-2\/deliberacoes\/deliberacoes-concur-1984\/\" \/>\n<meta property=\"og:site_name\" content=\"SOC\" \/>\n<meta name=\"twitter:card\" content=\"summary_large_image\" \/>\n<script type=\"application\/ld+json\" class=\"yoast-schema-graph\">{\"@context\":\"https:\/\/schema.org\",\"@graph\":[{\"@type\":\"WebPage\",\"@id\":\"https:\/\/institucional.ufrrj.br\/soc\/conselho-de-curadores-2\/deliberacoes\/deliberacoes-concur-1984\/\",\"url\":\"https:\/\/institucional.ufrrj.br\/soc\/conselho-de-curadores-2\/deliberacoes\/deliberacoes-concur-1984\/\",\"name\":\"Delibera\u00e7\u00f5es Concur 1984 - SOC\",\"isPartOf\":{\"@id\":\"https:\/\/institucional.ufrrj.br\/soc\/#website\"},\"datePublished\":\"2016-08-12T12:59:31+00:00\",\"breadcrumb\":{\"@id\":\"https:\/\/institucional.ufrrj.br\/soc\/conselho-de-curadores-2\/deliberacoes\/deliberacoes-concur-1984\/#breadcrumb\"},\"inLanguage\":\"pt-BR\",\"potentialAction\":[{\"@type\":\"ReadAction\",\"target\":[\"https:\/\/institucional.ufrrj.br\/soc\/conselho-de-curadores-2\/deliberacoes\/deliberacoes-concur-1984\/\"]}]},{\"@type\":\"BreadcrumbList\",\"@id\":\"https:\/\/institucional.ufrrj.br\/soc\/conselho-de-curadores-2\/deliberacoes\/deliberacoes-concur-1984\/#breadcrumb\",\"itemListElement\":[{\"@type\":\"ListItem\",\"position\":1,\"name\":\"In\u00edcio\",\"item\":\"https:\/\/institucional.ufrrj.br\/soc\/\"},{\"@type\":\"ListItem\",\"position\":2,\"name\":\"CONSELHO DE CURADORES\",\"item\":\"https:\/\/institucional.ufrrj.br\/soc\/conselho-de-curadores-2\/\"},{\"@type\":\"ListItem\",\"position\":3,\"name\":\"Delibera\u00e7\u00f5es do Conselho de Curadores\",\"item\":\"https:\/\/institucional.ufrrj.br\/soc\/conselho-de-curadores-2\/deliberacoes\/\"},{\"@type\":\"ListItem\",\"position\":4,\"name\":\"Delibera\u00e7\u00f5es Concur 1984\"}]},{\"@type\":\"WebSite\",\"@id\":\"https:\/\/institucional.ufrrj.br\/soc\/#website\",\"url\":\"https:\/\/institucional.ufrrj.br\/soc\/\",\"name\":\"SOC\",\"description\":\"Secretaria dos \u00d3rg\u00e3os Colegiados - UFRRJ\",\"potentialAction\":[{\"@type\":\"SearchAction\",\"target\":{\"@type\":\"EntryPoint\",\"urlTemplate\":\"https:\/\/institucional.ufrrj.br\/soc\/?s={search_term_string}\"},\"query-input\":{\"@type\":\"PropertyValueSpecification\",\"valueRequired\":true,\"valueName\":\"search_term_string\"}}],\"inLanguage\":\"pt-BR\"}]}<\/script>\n<!-- \/ Yoast SEO plugin. -->","yoast_head_json":{"title":"Delibera\u00e7\u00f5es Concur 1984 - SOC","robots":{"index":"index","follow":"follow","max-snippet":"max-snippet:-1","max-image-preview":"max-image-preview:large","max-video-preview":"max-video-preview:-1"},"canonical":"https:\/\/institucional.ufrrj.br\/soc\/conselho-de-curadores-2\/deliberacoes\/deliberacoes-concur-1984\/","og_locale":"pt_BR","og_type":"article","og_title":"Delibera\u00e7\u00f5es Concur 1984 - SOC","og_url":"https:\/\/institucional.ufrrj.br\/soc\/conselho-de-curadores-2\/deliberacoes\/deliberacoes-concur-1984\/","og_site_name":"SOC","twitter_card":"summary_large_image","schema":{"@context":"https:\/\/schema.org","@graph":[{"@type":"WebPage","@id":"https:\/\/institucional.ufrrj.br\/soc\/conselho-de-curadores-2\/deliberacoes\/deliberacoes-concur-1984\/","url":"https:\/\/institucional.ufrrj.br\/soc\/conselho-de-curadores-2\/deliberacoes\/deliberacoes-concur-1984\/","name":"Delibera\u00e7\u00f5es Concur 1984 - SOC","isPartOf":{"@id":"https:\/\/institucional.ufrrj.br\/soc\/#website"},"datePublished":"2016-08-12T12:59:31+00:00","breadcrumb":{"@id":"https:\/\/institucional.ufrrj.br\/soc\/conselho-de-curadores-2\/deliberacoes\/deliberacoes-concur-1984\/#breadcrumb"},"inLanguage":"pt-BR","potentialAction":[{"@type":"ReadAction","target":["https:\/\/institucional.ufrrj.br\/soc\/conselho-de-curadores-2\/deliberacoes\/deliberacoes-concur-1984\/"]}]},{"@type":"BreadcrumbList","@id":"https:\/\/institucional.ufrrj.br\/soc\/conselho-de-curadores-2\/deliberacoes\/deliberacoes-concur-1984\/#breadcrumb","itemListElement":[{"@type":"ListItem","position":1,"name":"In\u00edcio","item":"https:\/\/institucional.ufrrj.br\/soc\/"},{"@type":"ListItem","position":2,"name":"CONSELHO DE CURADORES","item":"https:\/\/institucional.ufrrj.br\/soc\/conselho-de-curadores-2\/"},{"@type":"ListItem","position":3,"name":"Delibera\u00e7\u00f5es do Conselho de Curadores","item":"https:\/\/institucional.ufrrj.br\/soc\/conselho-de-curadores-2\/deliberacoes\/"},{"@type":"ListItem","position":4,"name":"Delibera\u00e7\u00f5es Concur 1984"}]},{"@type":"WebSite","@id":"https:\/\/institucional.ufrrj.br\/soc\/#website","url":"https:\/\/institucional.ufrrj.br\/soc\/","name":"SOC","description":"Secretaria dos \u00d3rg\u00e3os Colegiados - UFRRJ","potentialAction":[{"@type":"SearchAction","target":{"@type":"EntryPoint","urlTemplate":"https:\/\/institucional.ufrrj.br\/soc\/?s={search_term_string}"},"query-input":{"@type":"PropertyValueSpecification","valueRequired":true,"valueName":"search_term_string"}}],"inLanguage":"pt-BR"}]}},"acf":[],"_links":{"self":[{"href":"https:\/\/institucional.ufrrj.br\/soc\/wp-json\/wp\/v2\/pages\/2202","targetHints":{"allow":["GET"]}}],"collection":[{"href":"https:\/\/institucional.ufrrj.br\/soc\/wp-json\/wp\/v2\/pages"}],"about":[{"href":"https:\/\/institucional.ufrrj.br\/soc\/wp-json\/wp\/v2\/types\/page"}],"author":[{"embeddable":true,"href":"https:\/\/institucional.ufrrj.br\/soc\/wp-json\/wp\/v2\/users\/427"}],"replies":[{"embeddable":true,"href":"https:\/\/institucional.ufrrj.br\/soc\/wp-json\/wp\/v2\/comments?post=2202"}],"version-history":[{"count":1,"href":"https:\/\/institucional.ufrrj.br\/soc\/wp-json\/wp\/v2\/pages\/2202\/revisions"}],"predecessor-version":[{"id":2203,"href":"https:\/\/institucional.ufrrj.br\/soc\/wp-json\/wp\/v2\/pages\/2202\/revisions\/2203"}],"up":[{"embeddable":true,"href":"https:\/\/institucional.ufrrj.br\/soc\/wp-json\/wp\/v2\/pages\/160"}],"wp:attachment":[{"href":"https:\/\/institucional.ufrrj.br\/soc\/wp-json\/wp\/v2\/media?parent=2202"}],"curies":[{"name":"wp","href":"https:\/\/api.w.org\/{rel}","templated":true}]}}