{"id":187,"date":"2015-09-17T17:10:32","date_gmt":"2015-09-17T17:10:32","guid":{"rendered":"http:\/\/institucional.ufrrj.br\/soc\/?page_id=187"},"modified":"2016-05-10T18:48:48","modified_gmt":"2016-05-10T18:48:48","slug":"conselho-universitario-2","status":"publish","type":"page","link":"https:\/\/institucional.ufrrj.br\/soc\/conselho-universitario-2\/","title":{"rendered":"CONSELHO UNIVERSIT\u00c1RIO"},"content":{"rendered":"<p>O Conselho Universit\u00e1rio (Consu) \u00e9 o \u00f3rg\u00e3o m\u00e1ximo de consulta e delibera\u00e7\u00e3o coletiva na Universidade, funcionando como \u00faltima inst\u00e2ncia de recursos. Foi institu\u00eddo na Universidade Federal Rural do Rio de Janeiro em 1964. Suas reuni\u00f5es s\u00e3o mensais (sess\u00f5es ordin\u00e1rias) e, sempre que necess\u00e1rio, s\u00e3o convocadas reuni\u00f5es extraordin\u00e1rias.<\/p>\n","protected":false},"excerpt":{"rendered":"<p>O Conselho Universit\u00e1rio (Consu) \u00e9 o \u00f3rg\u00e3o m\u00e1ximo de consulta e delibera\u00e7\u00e3o coletiva na Universidade, funcionando como \u00faltima inst\u00e2ncia de <a class=\"read-more\" style=\"font-size:12px;\" href=\"https:\/\/institucional.ufrrj.br\/soc\/conselho-universitario-2\/\">&#8230; Continue lendo <i class=\"fa fa-long-arrow-right\"><\/i><\/a><\/p>\n","protected":false},"author":427,"featured_media":0,"parent":0,"menu_order":0,"comment_status":"closed","ping_status":"closed","template":"","meta":{"_acf_changed":false,"footnotes":"","_links_to":"","_links_to_target":""},"class_list":["post-187","page","type-page","status-publish","hentry"],"yoast_head":"<!-- This site is optimized with the Yoast SEO plugin v27.2 - https:\/\/yoast.com\/product\/yoast-seo-wordpress\/ -->\n<title>CONSELHO UNIVERSIT\u00c1RIO - SOC<\/title>\n<meta name=\"robots\" content=\"index, follow, max-snippet:-1, max-image-preview:large, max-video-preview:-1\" \/>\n<link rel=\"canonical\" href=\"https:\/\/institucional.ufrrj.br\/soc\/conselho-universitario-2\/\" \/>\n<meta property=\"og:locale\" content=\"pt_BR\" \/>\n<meta property=\"og:type\" content=\"article\" \/>\n<meta property=\"og:title\" content=\"CONSELHO UNIVERSIT\u00c1RIO - SOC\" \/>\n<meta property=\"og:description\" content=\"O Conselho Universit\u00e1rio (Consu) \u00e9 o \u00f3rg\u00e3o m\u00e1ximo de consulta e delibera\u00e7\u00e3o coletiva na Universidade, funcionando como \u00faltima inst\u00e2ncia de ... Continue lendo\" \/>\n<meta property=\"og:url\" content=\"https:\/\/institucional.ufrrj.br\/soc\/conselho-universitario-2\/\" \/>\n<meta property=\"og:site_name\" content=\"SOC\" \/>\n<meta property=\"article:modified_time\" content=\"2016-05-10T18:48:48+00:00\" \/>\n<meta name=\"twitter:card\" content=\"summary_large_image\" \/>\n<script type=\"application\/ld+json\" class=\"yoast-schema-graph\">{\"@context\":\"https:\/\/schema.org\",\"@graph\":[{\"@type\":\"WebPage\",\"@id\":\"https:\/\/institucional.ufrrj.br\/soc\/conselho-universitario-2\/\",\"url\":\"https:\/\/institucional.ufrrj.br\/soc\/conselho-universitario-2\/\",\"name\":\"CONSELHO UNIVERSIT\u00c1RIO - SOC\",\"isPartOf\":{\"@id\":\"https:\/\/institucional.ufrrj.br\/soc\/#website\"},\"datePublished\":\"2015-09-17T17:10:32+00:00\",\"dateModified\":\"2016-05-10T18:48:48+00:00\",\"breadcrumb\":{\"@id\":\"https:\/\/institucional.ufrrj.br\/soc\/conselho-universitario-2\/#breadcrumb\"},\"inLanguage\":\"pt-BR\",\"potentialAction\":[{\"@type\":\"ReadAction\",\"target\":[\"https:\/\/institucional.ufrrj.br\/soc\/conselho-universitario-2\/\"]}]},{\"@type\":\"BreadcrumbList\",\"@id\":\"https:\/\/institucional.ufrrj.br\/soc\/conselho-universitario-2\/#breadcrumb\",\"itemListElement\":[{\"@type\":\"ListItem\",\"position\":1,\"name\":\"In\u00edcio\",\"item\":\"https:\/\/institucional.ufrrj.br\/soc\/\"},{\"@type\":\"ListItem\",\"position\":2,\"name\":\"CONSELHO UNIVERSIT\u00c1RIO\"}]},{\"@type\":\"WebSite\",\"@id\":\"https:\/\/institucional.ufrrj.br\/soc\/#website\",\"url\":\"https:\/\/institucional.ufrrj.br\/soc\/\",\"name\":\"SOC\",\"description\":\"Secretaria dos \u00d3rg\u00e3os Colegiados - UFRRJ\",\"potentialAction\":[{\"@type\":\"SearchAction\",\"target\":{\"@type\":\"EntryPoint\",\"urlTemplate\":\"https:\/\/institucional.ufrrj.br\/soc\/?s={search_term_string}\"},\"query-input\":{\"@type\":\"PropertyValueSpecification\",\"valueRequired\":true,\"valueName\":\"search_term_string\"}}],\"inLanguage\":\"pt-BR\"}]}<\/script>\n<!-- \/ Yoast SEO plugin. -->","yoast_head_json":{"title":"CONSELHO UNIVERSIT\u00c1RIO - SOC","robots":{"index":"index","follow":"follow","max-snippet":"max-snippet:-1","max-image-preview":"max-image-preview:large","max-video-preview":"max-video-preview:-1"},"canonical":"https:\/\/institucional.ufrrj.br\/soc\/conselho-universitario-2\/","og_locale":"pt_BR","og_type":"article","og_title":"CONSELHO UNIVERSIT\u00c1RIO - SOC","og_description":"O Conselho Universit\u00e1rio (Consu) \u00e9 o \u00f3rg\u00e3o m\u00e1ximo de consulta e delibera\u00e7\u00e3o coletiva na Universidade, funcionando como \u00faltima inst\u00e2ncia de ... Continue lendo","og_url":"https:\/\/institucional.ufrrj.br\/soc\/conselho-universitario-2\/","og_site_name":"SOC","article_modified_time":"2016-05-10T18:48:48+00:00","twitter_card":"summary_large_image","schema":{"@context":"https:\/\/schema.org","@graph":[{"@type":"WebPage","@id":"https:\/\/institucional.ufrrj.br\/soc\/conselho-universitario-2\/","url":"https:\/\/institucional.ufrrj.br\/soc\/conselho-universitario-2\/","name":"CONSELHO UNIVERSIT\u00c1RIO - SOC","isPartOf":{"@id":"https:\/\/institucional.ufrrj.br\/soc\/#website"},"datePublished":"2015-09-17T17:10:32+00:00","dateModified":"2016-05-10T18:48:48+00:00","breadcrumb":{"@id":"https:\/\/institucional.ufrrj.br\/soc\/conselho-universitario-2\/#breadcrumb"},"inLanguage":"pt-BR","potentialAction":[{"@type":"ReadAction","target":["https:\/\/institucional.ufrrj.br\/soc\/conselho-universitario-2\/"]}]},{"@type":"BreadcrumbList","@id":"https:\/\/institucional.ufrrj.br\/soc\/conselho-universitario-2\/#breadcrumb","itemListElement":[{"@type":"ListItem","position":1,"name":"In\u00edcio","item":"https:\/\/institucional.ufrrj.br\/soc\/"},{"@type":"ListItem","position":2,"name":"CONSELHO UNIVERSIT\u00c1RIO"}]},{"@type":"WebSite","@id":"https:\/\/institucional.ufrrj.br\/soc\/#website","url":"https:\/\/institucional.ufrrj.br\/soc\/","name":"SOC","description":"Secretaria dos \u00d3rg\u00e3os Colegiados - UFRRJ","potentialAction":[{"@type":"SearchAction","target":{"@type":"EntryPoint","urlTemplate":"https:\/\/institucional.ufrrj.br\/soc\/?s={search_term_string}"},"query-input":{"@type":"PropertyValueSpecification","valueRequired":true,"valueName":"search_term_string"}}],"inLanguage":"pt-BR"}]}},"acf":[],"_links":{"self":[{"href":"https:\/\/institucional.ufrrj.br\/soc\/wp-json\/wp\/v2\/pages\/187","targetHints":{"allow":["GET"]}}],"collection":[{"href":"https:\/\/institucional.ufrrj.br\/soc\/wp-json\/wp\/v2\/pages"}],"about":[{"href":"https:\/\/institucional.ufrrj.br\/soc\/wp-json\/wp\/v2\/types\/page"}],"author":[{"embeddable":true,"href":"https:\/\/institucional.ufrrj.br\/soc\/wp-json\/wp\/v2\/users\/427"}],"replies":[{"embeddable":true,"href":"https:\/\/institucional.ufrrj.br\/soc\/wp-json\/wp\/v2\/comments?post=187"}],"version-history":[{"count":3,"href":"https:\/\/institucional.ufrrj.br\/soc\/wp-json\/wp\/v2\/pages\/187\/revisions"}],"predecessor-version":[{"id":978,"href":"https:\/\/institucional.ufrrj.br\/soc\/wp-json\/wp\/v2\/pages\/187\/revisions\/978"}],"wp:attachment":[{"href":"https:\/\/institucional.ufrrj.br\/soc\/wp-json\/wp\/v2\/media?parent=187"}],"curies":[{"name":"wp","href":"https:\/\/api.w.org\/{rel}","templated":true}]}}