{"id":155,"date":"2015-09-15T18:30:00","date_gmt":"2015-09-15T18:30:00","guid":{"rendered":"http:\/\/institucional.ufrrj.br\/soc\/?page_id=155"},"modified":"2023-03-27T09:09:12","modified_gmt":"2023-03-27T12:09:12","slug":"composicao","status":"publish","type":"page","link":"https:\/\/institucional.ufrrj.br\/soc\/conselho-de-administracao\/composicao\/","title":{"rendered":"Composi\u00e7\u00e3o do Conselho de Administra\u00e7\u00e3o"},"content":{"rendered":"<table summary=\"Composi\u00e7\u00e3o CAD\">\n<tbody>\n<tr>\n<td id=\"col-titulo\">Cargo<\/td>\n<td id=\"col-titulo\">Nome<\/td>\n<td id=\"col-titulo\">Documento<\/td>\n<\/tr>\n<tr>\n<td id=\"col-titulo\" colspan=\"3\">Presid\u00eancia do Conselho<\/td>\n<\/tr>\n<tr>\n<td class=\"col-first\">Presidente<\/td>\n<td class=\"col-second\">ROBERTO DE SOUZA RODRIGUES<\/td>\n<td class=\"col-thirty\">\n<table summary=\"Composi\u00e7\u00e3o consu\">\n<tbody>\n<tr>\n<td class=\"col-thirty\"><a href=\"https:\/\/institucional.ufrrj.br\/soc\/files\/2021\/04\/DECRETO-DE-30-DE-MARCO-DE-2021-DECRETO-DE-30-DE-MARCO-DE-2021-DOU-Imprensa-Nacional.pdf\">DOU-Imprensa-Nacional<\/a>\u00a0\u00a0\u00a0<a href=\"https:\/\/institucional.ufrrj.br\/soc\/files\/2021\/04\/Termo-de-posse.pdf\">Termo de posse<\/a><\/td>\n<\/tr>\n<\/tbody>\n<\/table>\n<\/td>\n<\/tr>\n<tr>\n<td class=\"col-first\">Vice-Presidente<\/td>\n<td class=\"col-second\">CESAR AUGUSTO DA ROS<\/td>\n<td class=\"col-thirty\">Portaria 2231\/GR de\u00a0 11 maio 2021<\/td>\n<\/tr>\n<tr>\n<td id=\"col-titulo\" colspan=\"3\">Pr\u00f3-Reitoria de Gest\u00e3o de Pessoas<\/td>\n<\/tr>\n<tr>\n<td class=\"col-first\">Pr\u00f3-Reitor de Gest\u00e3o de Pessoas<\/td>\n<td class=\"col-second\">MILIANE MOREIRA SOARES DE SOUZA<\/td>\n<td class=\"col-thirty\"><a href=\"https:\/\/institucional.ufrrj.br\/soc\/files\/2022\/02\/Portaria_629_Miliane.pdf\">Portaria n\u00ba 629 de 08 de fevereiro de 2022<\/a><\/td>\n<\/tr>\n<tr>\n<td class=\"col-first\">Pr\u00f3-Reitor Adjunta de Gest\u00e3o de Pessoas<\/td>\n<td class=\"col-second\">MARCELO DA CUNHA SALES<\/td>\n<td class=\"col-thirty\"><a href=\"https:\/\/institucional.ufrrj.br\/soc\/files\/2023\/03\/Portaria_4319_Marcelo.pdf\">Portaria 4319\/GR de 07 de julho de 2022<\/a><\/td>\n<\/tr>\n<tr>\n<td id=\"col-titulo\" colspan=\"3\">Pr\u00f3-Reitoria de Assuntos Estudantis<\/td>\n<\/tr>\n<tr>\n<td class=\"col-first\">Pr\u00f3-Reitor de Assuntos Estudantis<\/td>\n<td class=\"col-second\">JULIANA ARRUDA<\/td>\n<td class=\"col-thirty\">\n<table summary=\"Composi\u00e7\u00e3o consu\">\n<tbody>\n<tr>\n<td class=\"col-thirty\">Portaria 2233\/GR de 11 maio 2021<\/td>\n<\/tr>\n<\/tbody>\n<\/table>\n<\/td>\n<\/tr>\n<tr>\n<td class=\"col-first\">Pr\u00f3-Reitor de Assuntos Estudantis<\/td>\n<td class=\"col-second\">J\u00d4 ALVES<\/td>\n<td class=\"col-thirty\">\n<table summary=\"Composi\u00e7\u00e3o consu\">\n<tbody>\n<tr>\n<td class=\"col-thirty\">Portaria 2234\/GR de 11 maio 2021<\/td>\n<\/tr>\n<\/tbody>\n<\/table>\n<\/td>\n<\/tr>\n<tr>\n<td id=\"col-titulo\" colspan=\"3\">Pr\u00f3-Reitoria de Assuntos Financeiros<\/td>\n<\/tr>\n<tr>\n<td class=\"col-first\">Pr\u00f3-Reitoria de Assuntos Financeiros<\/td>\n<td class=\"col-second\">NILSON BRITO DE CARVALHO<\/td>\n<td class=\"col-thirty\">\n<table summary=\"Composi\u00e7\u00e3o consu\">\n<tbody>\n<tr>\n<td class=\"col-thirty\"><\/td>\n<\/tr>\n<\/tbody>\n<\/table>\n<p>Portaria 1673\/GR de 16 de abril\u00a0 2021<\/td>\n<\/tr>\n<tr>\n<td class=\"col-first\">Pr\u00f3-Reitoria Adjunto de Assuntos Financeiros<\/td>\n<td class=\"col-second\">FABIO IZIDORO DA SILVA<\/td>\n<td class=\"col-thirty\">\n<table summary=\"Composi\u00e7\u00e3o consu\">\n<tbody>\n<tr>\n<td class=\"col-thirty\"><\/td>\n<\/tr>\n<\/tbody>\n<\/table>\n<table summary=\"Composi\u00e7\u00e3o consu\">\n<tbody>\n<tr>\n<td class=\"col-thirty\">Portaria 1675\/GR de abril\u00a0 2021<\/td>\n<\/tr>\n<\/tbody>\n<\/table>\n<\/td>\n<\/tr>\n<tr>\n<td id=\"col-titulo\" colspan=\"3\">Representantes da Pro-Reitoria De Gradua\u00e7\u00e3o<\/td>\n<\/tr>\n<tr>\n<td class=\"col-first\">Pro-Reitor De Gradua\u00e7\u00e3o<\/td>\n<td class=\"col-second\">NIDIA MAJEROWICZ<\/td>\n<td class=\"col-thirty\">\n<table summary=\"Composi\u00e7\u00e3o cepe\">\n<tbody>\n<tr>\n<td class=\"col-thirty\">Portaria 1664\/GR,16 de abril de 2021<\/td>\n<\/tr>\n<\/tbody>\n<\/table>\n<\/td>\n<\/tr>\n<tr>\n<td class=\"col-first\">Pro-Reitora Adjunto De Gradua\u00e7\u00e3o<\/td>\n<td class=\"col-second\">EDSON JESUS DE SOUZA<\/td>\n<td class=\"col-thirty\">\n<table summary=\"Composi\u00e7\u00e3o cepe\">\n<tbody>\n<tr>\n<td class=\"col-thirty\">Portaria 1665\/GR,16 de abril de 2021<\/td>\n<\/tr>\n<\/tbody>\n<\/table>\n<\/td>\n<\/tr>\n<tr>\n<td id=\"col-titulo\" colspan=\"3\">Representantes da Pro-Reitoria De P\u00f3s-Gradua\u00e7\u00e3o<\/td>\n<\/tr>\n<tr>\n<td class=\"col-first\">Pro-Reitor De Pesquisa E P\u00f3s-Gradua\u00e7\u00e3o<\/td>\n<td class=\"col-second\">JOS\u00c9 LUIS FERNANDO LUQUE ALEJOS<\/td>\n<td class=\"col-thirty\"><a href=\"https:\/\/institucional.ufrrj.br\/soc\/files\/2023\/03\/Portaria_6632_Jose_Luis.pdf\">Portaria 6632\/GR de 05 de outubro de 2022<\/a><\/td>\n<\/tr>\n<tr>\n<td class=\"col-first\">Pro-Reitora Adjunto De Pesquisa E P\u00f3s-Gradua\u00e7\u00e3o<\/td>\n<td class=\"col-second\">LEANDRO DIAS DE OLIVEIRA<\/td>\n<td class=\"col-thirty\"><a href=\"https:\/\/institucional.ufrrj.br\/soc\/files\/2023\/03\/Portaria_7099_Leandro.pdf\">Portaria 7099 de 25 de outubro de 2022<\/a><\/td>\n<\/tr>\n<tr>\n<td id=\"col-titulo\" colspan=\"3\">Representantes da Pro-Reitoria De Extens\u00e3o<\/td>\n<\/tr>\n<tr>\n<td class=\"col-first\">Pro-Reitor De Extens\u00e3o<\/td>\n<td class=\"col-second\">ROSA MARIA MARCOS MENDES<\/td>\n<td class=\"col-thirty\">Portaria 1667\/GR,16 de abril de 2021<\/td>\n<\/tr>\n<tr>\n<td class=\"col-first\">Pro-Reitora Adjunto De Extens\u00e3o<\/td>\n<td class=\"col-second\">EDILEUZA DIAS DE QUEIROZ<\/td>\n<td class=\"col-thirty\">\u00a0Portaria 1668\/GR,16 de abril de 2021<\/td>\n<\/tr>\n<tr>\n<td id=\"col-titulo\" colspan=\"3\">Pr\u00f3-Reitoria de Planejamento, Avalia\u00e7\u00e3o e Desenvolvimento Institucional<\/td>\n<\/tr>\n<tr>\n<td class=\"col-first\">Pro-Reitor De Planejamento, Avalia\u00e7\u00e3o e Desenvolvimento Institucional<\/td>\n<td class=\"col-second\">REJANE DA SILVA SANTOS SANTIAGO<\/td>\n<td class=\"col-thirty\"><a href=\"https:\/\/institucional.ufrrj.br\/soc\/files\/2023\/03\/Portaria_6444_-Rejane_Santiago.pdf\">Portaria 6444\/GR de 23 de setembro de 2022<\/a><\/td>\n<\/tr>\n<tr>\n<td class=\"col-first\">Pro-Reitora Adjunto De Planejamento, Avalia\u00e7\u00e3o e Desenvolvimento Institucional<\/td>\n<td class=\"col-second\">THAIS ALVES GALLO ANDRADE<\/td>\n<td class=\"col-thirty\"><a href=\"https:\/\/institucional.ufrrj.br\/soc\/files\/2023\/03\/Portaria-da-Professora-Thais-Gallo-2022.pdf\">Portaria 6446\/GR de 25 de setembro de 2022<\/a><\/td>\n<\/tr>\n<tr>\n<td id=\"col-titulo\" colspan=\"3\">Coordenadoria de Desenvolvimento Institucional<\/td>\n<\/tr>\n<tr>\n<td class=\"col-first\">Titular<\/td>\n<td class=\"col-second\"><\/td>\n<td class=\"col-thirty\"><\/td>\n<\/tr>\n<tr>\n<td class=\"col-first\">Suplente<\/td>\n<td class=\"col-second\">VAGO<\/td>\n<td class=\"col-thirty\"><\/td>\n<\/tr>\n<tr>\n<td id=\"col-titulo\" colspan=\"3\">Departamento de Pessoal<\/td>\n<\/tr>\n<tr>\n<td class=\"col-first\">Titular<\/td>\n<td class=\"col-second\">IGUACIARA DO NASCIMENTO SANTOS<\/td>\n<td class=\"col-thirty\"><a href=\"https:\/\/institucional.ufrrj.br\/soc\/files\/2017\/04\/Port424CAD2017.pdf\" target=\"_blank\" rel=\"noopener noreferrer\">Portaria 424\/GR, de 27 de Mar\u00e7o de 2017<\/a><\/td>\n<\/tr>\n<tr>\n<td class=\"col-first\">Suplente<\/td>\n<td class=\"col-second\">TATIANA CARLA SILVA SOARES DE OLIVEIRA<\/td>\n<td class=\"col-thirty\"><a href=\"https:\/\/institucional.ufrrj.br\/soc\/files\/2017\/04\/Port550CAD2017.pdf\" target=\"_blank\" rel=\"noopener noreferrer\">Portaria 550\/GR, de 20 de Abril de 2017<\/a><\/td>\n<\/tr>\n<tr>\n<td id=\"col-titulo\" colspan=\"3\">Departamento de Material e Servi\u00e7os Auxiliares<\/td>\n<\/tr>\n<tr>\n<td class=\"col-first\">Titular<\/td>\n<td class=\"col-second\">MARCIO SILVA BASTOS<\/td>\n<td class=\"col-thirty\"><a href=\"https:\/\/institucional.ufrrj.br\/soc\/files\/2017\/04\/Port528CAD2017.pdf\" target=\"_blank\" rel=\"noopener noreferrer\">Portaria 528\/GR, de 18 de Abril de 2017<\/a><\/td>\n<\/tr>\n<tr>\n<td class=\"col-first\">Suplente<\/td>\n<td class=\"col-second\">VAGO<\/td>\n<td class=\"col-thirty\"><\/td>\n<\/tr>\n<tr>\n<td id=\"col-titulo\" colspan=\"3\">Departamento de Contabilidade e Finan\u00e7as<\/td>\n<\/tr>\n<tr>\n<td class=\"col-first\">Titular<\/td>\n<td class=\"col-second\">EDMILSON RANGEL DO NASCIMENTO<\/td>\n<td class=\"col-thirty\"><a href=\"https:\/\/institucional.ufrrj.br\/soc\/files\/2017\/04\/Port427CAD2017.pdf\" target=\"_blank\" rel=\"noopener noreferrer\">Portaria 427\/GR, de 27 de Mar\u00e7o de 2017<\/a><\/td>\n<\/tr>\n<tr>\n<td class=\"col-first\">Suplente<\/td>\n<td class=\"col-second\">VAGO<\/td>\n<td class=\"col-thirty\"><\/td>\n<\/tr>\n<tr>\n<td id=\"col-titulo\" colspan=\"3\">Biblioteca Central<\/td>\n<\/tr>\n<tr>\n<td class=\"col-first\">Titular<\/td>\n<td class=\"col-second\">LETICIA SCHETTINI<\/td>\n<td class=\"col-thirty\">Portaria 717\/GR, de 21 de setembro de 2018<\/td>\n<\/tr>\n<tr>\n<td class=\"col-first\">Suplente<\/td>\n<td class=\"col-second\">VAGO<\/td>\n<td class=\"col-thirty\"><\/td>\n<\/tr>\n<tr>\n<td id=\"col-titulo\" colspan=\"3\">Imprensa Universit\u00e1ria<\/td>\n<\/tr>\n<tr>\n<td class=\"col-first\">Titular<\/td>\n<td class=\"col-second\">SANDRA CRISTINA MARCHIORI ANTUNES<\/td>\n<td class=\"col-thirty\">Portaria 1509\/GR de 19 de dezembro de 2017<\/td>\n<\/tr>\n<tr>\n<td class=\"col-first\">Suplente<\/td>\n<td class=\"col-second\">REGINA MARIA VAN TOL DE ALMEIDA<\/td>\n<td class=\"col-thirty\">Portaria 177\/GR, de 14 de Mar\u00e7o de 2018<\/td>\n<\/tr>\n<tr>\n<td id=\"col-titulo\" colspan=\"3\">Prefeitura Universit\u00e1ria<\/td>\n<\/tr>\n<tr>\n<td class=\"col-first\">Titular<\/td>\n<td class=\"col-second\">AYLTON DIAS<\/td>\n<td class=\"col-thirty\"><a href=\"https:\/\/institucional.ufrrj.br\/soc\/files\/2017\/04\/Port416CAD2017-1.pdf\" target=\"_blank\" rel=\"noopener noreferrer\">Portaria 416\/GR, de 27 de Mar\u00e7o de 2017<\/a><\/td>\n<\/tr>\n<tr>\n<td class=\"col-first\">Suplente<\/td>\n<td class=\"col-second\">CELSO CARLOS DA SILVA JUNIOR<\/td>\n<td class=\"col-thirty\">Portaria 1433\/GR de 17 de julho de 2019<\/td>\n<\/tr>\n<tr>\n<td id=\"col-titulo\" colspan=\"3\">Campus\u00a0Campos dos Goytacazes<\/td>\n<\/tr>\n<tr>\n<td class=\"col-first\">Titular<\/td>\n<td class=\"col-second\">CARLOS FREDERICO DE MENEZES VEIGA<\/td>\n<td class=\"col-thirty\"><a href=\"https:\/\/institucional.ufrrj.br\/soc\/files\/2016\/07\/portaria_1364GR.pdf\" target=\"_blank\" rel=\"noopener noreferrer\">Portaria 1364\/GR, de 12 de Agosto de 2013<\/a><\/td>\n<\/tr>\n<tr>\n<td class=\"col-first\">Suplente<\/td>\n<td class=\"col-second\">MAURI LIMA FILHO<\/td>\n<td class=\"col-thirty\"><a href=\"https:\/\/institucional.ufrrj.br\/soc\/files\/2017\/04\/Port1365CONSU2017.pdf\" target=\"_blank\" rel=\"noopener noreferrer\">Portaria 1365\/GR, de 12 de Agosto de 2013<\/a><\/td>\n<\/tr>\n<tr>\n<td id=\"col-titulo\" colspan=\"3\">Divis\u00e3o de Guarda e Vigil\u00e2ncia<\/td>\n<\/tr>\n<tr>\n<td class=\"col-first\">Titular<\/td>\n<td class=\"col-second\">RENAN CANUTO<\/td>\n<td class=\"col-thirty\"><a href=\"https:\/\/institucional.ufrrj.br\/soc\/files\/2017\/04\/Port420CAD2017.pdf\" target=\"_blank\" rel=\"noopener noreferrer\">Portaria 420\/GR, de 27 de Mar\u00e7o de 2017<\/a><\/td>\n<\/tr>\n<tr>\n<td class=\"col-first\">Suplente<\/td>\n<td class=\"col-second\">VAGO<\/td>\n<td class=\"col-thirty\"><\/td>\n<\/tr>\n<tr>\n<td id=\"col-titulo\" colspan=\"3\">Divis\u00e3o de Sa\u00fade<\/td>\n<\/tr>\n<tr>\n<td class=\"col-first\">Titular<\/td>\n<td class=\"col-second\">MARIA RITA DE CASSIA LEITE<\/td>\n<td class=\"col-thirty\">Portaria 1.150\/GR, de 18 de dezembro de 2018<\/td>\n<\/tr>\n<tr>\n<td class=\"col-first\">Suplente<\/td>\n<td class=\"col-second\">ANTONIO RAFAEL SOUZA MARTINS<\/td>\n<td class=\"col-thirty\">Portaria 2901\/GR, de 10 de outubro de 2019<\/td>\n<\/tr>\n<tr>\n<td id=\"col-titulo\" colspan=\"3\">Pra\u00e7a de Esportes<\/td>\n<\/tr>\n<tr>\n<td class=\"col-first\">Titular<\/td>\n<td class=\"col-second\">RICARDO RUFFONI<\/td>\n<td class=\"col-thirty\">Portaria 62\/GR de 14 janeiro de 2019<\/td>\n<\/tr>\n<tr>\n<td class=\"col-first\">Suplente<\/td>\n<td class=\"col-second\">VAGO<\/td>\n<td class=\"col-thirty\"><\/td>\n<\/tr>\n<tr>\n<td id=\"col-titulo\" colspan=\"3\">Restaurante Universit\u00e1rio<\/td>\n<\/tr>\n<tr>\n<td class=\"col-first\">Titular<\/td>\n<td class=\"col-second\">MATILDES DAS D\u00d4RES DE OLIVEIRA CARNEIRO<\/td>\n<td class=\"col-thirty\"><a href=\"https:\/\/institucional.ufrrj.br\/soc\/files\/2017\/04\/Port426CAD2017.pdf\" target=\"_blank\" rel=\"noopener noreferrer\">Portaria 426\/GR, de 27 de Mar\u00e7o de 2017<\/a><\/td>\n<\/tr>\n<tr>\n<td class=\"col-first\">Suplente<\/td>\n<td class=\"col-second\">VAGO<\/td>\n<td class=\"col-thirty\"><\/td>\n<\/tr>\n<tr>\n<td id=\"col-titulo\" colspan=\"3\">Coordenadoria de Tecnologia da Informa\u00e7\u00e3o e Comunica\u00e7\u00e3o<\/td>\n<\/tr>\n<tr>\n<td class=\"col-first\">Titular<\/td>\n<td class=\"col-second\">FABIO CARDOZO DA SILVA<\/td>\n<td class=\"col-thirty\"><a href=\"https:\/\/institucional.ufrrj.br\/soc\/files\/2017\/04\/Port410CAD2017.pdf\" target=\"_blank\" rel=\"noopener noreferrer\">Portaria 410\/GR, de 27 de Mar\u00e7o de 2017<\/a><\/td>\n<\/tr>\n<tr>\n<td class=\"col-first\">Suplente<\/td>\n<td class=\"col-second\">VAGO<\/td>\n<td class=\"col-thirty\"><\/td>\n<\/tr>\n<tr>\n<td id=\"col-titulo\" colspan=\"3\">Jardim Bot\u00e2nico<\/td>\n<\/tr>\n<tr>\n<td class=\"col-first\">Titular<\/td>\n<td class=\"col-second\">IVO ABRA\u00c3O ARA\u00daJO DA SILVA<\/td>\n<td class=\"col-thirty\"><a href=\"https:\/\/institucional.ufrrj.br\/soc\/files\/2017\/08\/port792-2017.pdf\">Portaria 792\/GR, de 12 de Junho de 2017<\/a><\/td>\n<\/tr>\n<tr>\n<td class=\"col-first\">Suplente<\/td>\n<td class=\"col-second\">MARIA VERONICA LEITE PEREIRA MOURA<\/td>\n<td class=\"col-thirty\">Portaria 317\/GR, de 04 de Abril de 2019<\/td>\n<\/tr>\n<tr>\n<td id=\"col-titulo\" colspan=\"3\">Hotel Universit\u00e1rio<\/td>\n<\/tr>\n<tr>\n<td class=\"col-first\">Titular<\/td>\n<td class=\"col-second\">VAGO<\/td>\n<td class=\"col-thirty\"><\/td>\n<\/tr>\n<tr>\n<td class=\"col-first\">Suplente<\/td>\n<td class=\"col-second\">VAGO<\/td>\n<td class=\"col-thirty\"><\/td>\n<\/tr>\n<tr>\n<td id=\"col-titulo\" colspan=\"3\">Divis\u00e3o de Concurso<\/td>\n<\/tr>\n<tr>\n<td class=\"col-first\">Titular<\/td>\n<td class=\"col-second\">VAGO<\/td>\n<td class=\"col-thirty\"><\/td>\n<\/tr>\n<tr>\n<td class=\"col-first\">Suplente<\/td>\n<td class=\"col-second\">VAGO<\/td>\n<td class=\"col-thirty\"><\/td>\n<\/tr>\n<tr>\n<td id=\"col-titulo\" colspan=\"3\">Lavanderia<\/td>\n<\/tr>\n<tr>\n<td class=\"col-first\">Titular<\/td>\n<td class=\"col-second\">LUIZ ANTUNES DE S\u00c1 FILHO<\/td>\n<td class=\"col-thirty\"><a href=\"https:\/\/institucional.ufrrj.br\/soc\/files\/2017\/08\/port936-2017.pdf\">Portaria 936\/GR, de 13 de Julho de 2017<\/a><\/td>\n<\/tr>\n<tr>\n<td class=\"col-first\">Suplente<\/td>\n<td class=\"col-second\">VAGO<\/td>\n<td class=\"col-thirty\"><\/td>\n<\/tr>\n<tr>\n<td id=\"col-titulo\" colspan=\"3\">Instituto Multidisciplinar<\/td>\n<\/tr>\n<tr>\n<td class=\"col-first\">Titular<\/td>\n<td class=\"col-second\">GERALDO FERNANDO PINHEIRO DIAS<\/td>\n<td class=\"col-thirty\"><\/td>\n<\/tr>\n<tr>\n<td class=\"col-first\">Suplente<\/td>\n<td class=\"col-second\">GLAUCIUS LEANDRO DE SOUZA ALVES LOPES<\/td>\n<td class=\"col-thirty\"><\/td>\n<\/tr>\n<tr>\n<td id=\"col-titulo\" colspan=\"3\">Instituto Tr\u00eas Rios<\/td>\n<\/tr>\n<tr>\n<td class=\"col-first\">Titular<\/td>\n<td class=\"col-second\">VAGO<\/td>\n<td class=\"col-thirty\"><\/td>\n<\/tr>\n<tr>\n<td class=\"col-first\">Suplente<\/td>\n<td class=\"col-second\">VAGO<\/td>\n<td class=\"col-thirty\"><\/td>\n<\/tr>\n<tr>\n<td id=\"col-titulo\" colspan=\"3\">Representante Da Auditoria Interna Da Ufrrj<\/td>\n<\/tr>\n<tr>\n<td class=\"col-first\">Representante Da Auditoria Interna<\/td>\n<td class=\"col-second\">MARIA ISABEL DOS SANTOS LEANDRO<\/p>\n<p>DUCL\u00c9RIO JOS\u00c9 DO VALE<\/td>\n<td class=\"col-thirty\"><a href=\"https:\/\/institucional.ufrrj.br\/soc\/files\/2017\/04\/Port412CONSU2017.pdf\" target=\"_blank\" rel=\"noopener noreferrer\">Portaria 412\/GR, de 27 de Mar\u00e7o de 2017<\/a><\/td>\n<\/tr>\n<tr>\n<td id=\"col-titulo\" colspan=\"3\">ADUR<\/td>\n<\/tr>\n<tr>\n<td class=\"col-first\">Titular<\/td>\n<td class=\"col-second\">VAGO<\/td>\n<td class=\"col-thirty\"><\/td>\n<\/tr>\n<tr>\n<td class=\"col-first\">Suplente<\/td>\n<td class=\"col-second\">VAGO<\/td>\n<td class=\"col-thirty\"><\/td>\n<\/tr>\n<tr>\n<td id=\"col-titulo\" colspan=\"3\">DCE<\/td>\n<\/tr>\n<tr>\n<td class=\"col-first\">Titular<\/td>\n<td class=\"col-second\">ANDR\u00c9 GAIA<\/td>\n<td class=\"col-thirty\"><a href=\"https:\/\/institucional.ufrrj.br\/soc\/files\/2021\/09\/Of\u00edcio-DCE-Indica\u00e7\u00f5es-2.docx\">Of\u00edcio DCE N\u00ba 01\/2021<\/a><\/td>\n<\/tr>\n<tr>\n<td class=\"col-first\">Suplente<\/td>\n<td class=\"col-second\">GUILHERME BRAND\u00c3O PINTO<\/td>\n<td class=\"col-thirty\"><a href=\"https:\/\/institucional.ufrrj.br\/soc\/files\/2021\/09\/Of\u00edcio-DCE-Indica\u00e7\u00f5es-2.docx\">Of\u00edcio DCE n\u00ba 01\/2021<\/a><\/td>\n<\/tr>\n<tr>\n<td id=\"col-titulo\" colspan=\"3\">SINTUR<\/td>\n<\/tr>\n<tr>\n<td class=\"col-first\">Titular<\/td>\n<td class=\"col-second\">IVANILDA OLIVEIRA SILVA REIS<\/td>\n<td class=\"col-thirty\"><\/td>\n<\/tr>\n<tr>\n<td class=\"col-first\">Titular<\/td>\n<td class=\"col-second\">VAGO<\/td>\n<td class=\"col-thirty\"><\/td>\n<\/tr>\n<\/tbody>\n<\/table>\n<p>&nbsp;<\/p>\n","protected":false},"excerpt":{"rendered":"<p>Cargo Nome Documento Presid\u00eancia do Conselho Presidente ROBERTO DE SOUZA RODRIGUES DOU-Imprensa-Nacional\u00a0\u00a0\u00a0Termo de posse Vice-Presidente CESAR AUGUSTO DA ROS Portaria <a class=\"read-more\" style=\"font-size:12px;\" href=\"https:\/\/institucional.ufrrj.br\/soc\/conselho-de-administracao\/composicao\/\">&#8230; Continue lendo <i class=\"fa fa-long-arrow-right\"><\/i><\/a><\/p>\n","protected":false},"author":427,"featured_media":0,"parent":54,"menu_order":0,"comment_status":"open","ping_status":"open","template":"","meta":{"_acf_changed":false,"footnotes":"","_links_to":"","_links_to_target":""},"class_list":["post-155","page","type-page","status-publish","hentry"],"yoast_head":"<!-- This site is optimized with the Yoast SEO plugin v27.2 - https:\/\/yoast.com\/product\/yoast-seo-wordpress\/ -->\n<title>Composi\u00e7\u00e3o do Conselho de Administra\u00e7\u00e3o - SOC<\/title>\n<meta name=\"robots\" content=\"index, follow, max-snippet:-1, max-image-preview:large, max-video-preview:-1\" \/>\n<link rel=\"canonical\" href=\"https:\/\/institucional.ufrrj.br\/soc\/conselho-de-administracao\/composicao\/\" \/>\n<meta property=\"og:locale\" content=\"pt_BR\" \/>\n<meta property=\"og:type\" content=\"article\" \/>\n<meta property=\"og:title\" content=\"Composi\u00e7\u00e3o do Conselho de Administra\u00e7\u00e3o - SOC\" \/>\n<meta property=\"og:description\" content=\"Cargo Nome Documento Presid\u00eancia do Conselho Presidente ROBERTO DE SOUZA RODRIGUES DOU-Imprensa-Nacional\u00a0\u00a0\u00a0Termo de posse Vice-Presidente CESAR AUGUSTO DA ROS Portaria ... Continue lendo\" \/>\n<meta property=\"og:url\" content=\"https:\/\/institucional.ufrrj.br\/soc\/conselho-de-administracao\/composicao\/\" \/>\n<meta property=\"og:site_name\" content=\"SOC\" \/>\n<meta property=\"article:modified_time\" content=\"2023-03-27T12:09:12+00:00\" \/>\n<meta name=\"twitter:card\" content=\"summary_large_image\" \/>\n<meta name=\"twitter:label1\" content=\"Est. tempo de leitura\" \/>\n\t<meta name=\"twitter:data1\" content=\"3 minutos\" \/>\n<script type=\"application\/ld+json\" class=\"yoast-schema-graph\">{\"@context\":\"https:\/\/schema.org\",\"@graph\":[{\"@type\":\"WebPage\",\"@id\":\"https:\/\/institucional.ufrrj.br\/soc\/conselho-de-administracao\/composicao\/\",\"url\":\"https:\/\/institucional.ufrrj.br\/soc\/conselho-de-administracao\/composicao\/\",\"name\":\"Composi\u00e7\u00e3o do Conselho de Administra\u00e7\u00e3o - SOC\",\"isPartOf\":{\"@id\":\"https:\/\/institucional.ufrrj.br\/soc\/#website\"},\"datePublished\":\"2015-09-15T18:30:00+00:00\",\"dateModified\":\"2023-03-27T12:09:12+00:00\",\"breadcrumb\":{\"@id\":\"https:\/\/institucional.ufrrj.br\/soc\/conselho-de-administracao\/composicao\/#breadcrumb\"},\"inLanguage\":\"pt-BR\",\"potentialAction\":[{\"@type\":\"ReadAction\",\"target\":[\"https:\/\/institucional.ufrrj.br\/soc\/conselho-de-administracao\/composicao\/\"]}]},{\"@type\":\"BreadcrumbList\",\"@id\":\"https:\/\/institucional.ufrrj.br\/soc\/conselho-de-administracao\/composicao\/#breadcrumb\",\"itemListElement\":[{\"@type\":\"ListItem\",\"position\":1,\"name\":\"In\u00edcio\",\"item\":\"https:\/\/institucional.ufrrj.br\/soc\/\"},{\"@type\":\"ListItem\",\"position\":2,\"name\":\"CONSELHO DE ADMINISTRA\u00c7\u00c3O\",\"item\":\"https:\/\/institucional.ufrrj.br\/soc\/conselho-de-administracao\/\"},{\"@type\":\"ListItem\",\"position\":3,\"name\":\"Composi\u00e7\u00e3o do Conselho de Administra\u00e7\u00e3o\"}]},{\"@type\":\"WebSite\",\"@id\":\"https:\/\/institucional.ufrrj.br\/soc\/#website\",\"url\":\"https:\/\/institucional.ufrrj.br\/soc\/\",\"name\":\"SOC\",\"description\":\"Secretaria dos \u00d3rg\u00e3os Colegiados - UFRRJ\",\"potentialAction\":[{\"@type\":\"SearchAction\",\"target\":{\"@type\":\"EntryPoint\",\"urlTemplate\":\"https:\/\/institucional.ufrrj.br\/soc\/?s={search_term_string}\"},\"query-input\":{\"@type\":\"PropertyValueSpecification\",\"valueRequired\":true,\"valueName\":\"search_term_string\"}}],\"inLanguage\":\"pt-BR\"}]}<\/script>\n<!-- \/ Yoast SEO plugin. -->","yoast_head_json":{"title":"Composi\u00e7\u00e3o do Conselho de Administra\u00e7\u00e3o - SOC","robots":{"index":"index","follow":"follow","max-snippet":"max-snippet:-1","max-image-preview":"max-image-preview:large","max-video-preview":"max-video-preview:-1"},"canonical":"https:\/\/institucional.ufrrj.br\/soc\/conselho-de-administracao\/composicao\/","og_locale":"pt_BR","og_type":"article","og_title":"Composi\u00e7\u00e3o do Conselho de Administra\u00e7\u00e3o - SOC","og_description":"Cargo Nome Documento Presid\u00eancia do Conselho Presidente ROBERTO DE SOUZA RODRIGUES DOU-Imprensa-Nacional\u00a0\u00a0\u00a0Termo de posse Vice-Presidente CESAR AUGUSTO DA ROS Portaria ... Continue lendo","og_url":"https:\/\/institucional.ufrrj.br\/soc\/conselho-de-administracao\/composicao\/","og_site_name":"SOC","article_modified_time":"2023-03-27T12:09:12+00:00","twitter_card":"summary_large_image","twitter_misc":{"Est. tempo de leitura":"3 minutos"},"schema":{"@context":"https:\/\/schema.org","@graph":[{"@type":"WebPage","@id":"https:\/\/institucional.ufrrj.br\/soc\/conselho-de-administracao\/composicao\/","url":"https:\/\/institucional.ufrrj.br\/soc\/conselho-de-administracao\/composicao\/","name":"Composi\u00e7\u00e3o do Conselho de Administra\u00e7\u00e3o - SOC","isPartOf":{"@id":"https:\/\/institucional.ufrrj.br\/soc\/#website"},"datePublished":"2015-09-15T18:30:00+00:00","dateModified":"2023-03-27T12:09:12+00:00","breadcrumb":{"@id":"https:\/\/institucional.ufrrj.br\/soc\/conselho-de-administracao\/composicao\/#breadcrumb"},"inLanguage":"pt-BR","potentialAction":[{"@type":"ReadAction","target":["https:\/\/institucional.ufrrj.br\/soc\/conselho-de-administracao\/composicao\/"]}]},{"@type":"BreadcrumbList","@id":"https:\/\/institucional.ufrrj.br\/soc\/conselho-de-administracao\/composicao\/#breadcrumb","itemListElement":[{"@type":"ListItem","position":1,"name":"In\u00edcio","item":"https:\/\/institucional.ufrrj.br\/soc\/"},{"@type":"ListItem","position":2,"name":"CONSELHO DE ADMINISTRA\u00c7\u00c3O","item":"https:\/\/institucional.ufrrj.br\/soc\/conselho-de-administracao\/"},{"@type":"ListItem","position":3,"name":"Composi\u00e7\u00e3o do Conselho de Administra\u00e7\u00e3o"}]},{"@type":"WebSite","@id":"https:\/\/institucional.ufrrj.br\/soc\/#website","url":"https:\/\/institucional.ufrrj.br\/soc\/","name":"SOC","description":"Secretaria dos \u00d3rg\u00e3os Colegiados - UFRRJ","potentialAction":[{"@type":"SearchAction","target":{"@type":"EntryPoint","urlTemplate":"https:\/\/institucional.ufrrj.br\/soc\/?s={search_term_string}"},"query-input":{"@type":"PropertyValueSpecification","valueRequired":true,"valueName":"search_term_string"}}],"inLanguage":"pt-BR"}]}},"acf":[],"_links":{"self":[{"href":"https:\/\/institucional.ufrrj.br\/soc\/wp-json\/wp\/v2\/pages\/155","targetHints":{"allow":["GET"]}}],"collection":[{"href":"https:\/\/institucional.ufrrj.br\/soc\/wp-json\/wp\/v2\/pages"}],"about":[{"href":"https:\/\/institucional.ufrrj.br\/soc\/wp-json\/wp\/v2\/types\/page"}],"author":[{"embeddable":true,"href":"https:\/\/institucional.ufrrj.br\/soc\/wp-json\/wp\/v2\/users\/427"}],"replies":[{"embeddable":true,"href":"https:\/\/institucional.ufrrj.br\/soc\/wp-json\/wp\/v2\/comments?post=155"}],"version-history":[{"count":35,"href":"https:\/\/institucional.ufrrj.br\/soc\/wp-json\/wp\/v2\/pages\/155\/revisions"}],"predecessor-version":[{"id":8111,"href":"https:\/\/institucional.ufrrj.br\/soc\/wp-json\/wp\/v2\/pages\/155\/revisions\/8111"}],"up":[{"embeddable":true,"href":"https:\/\/institucional.ufrrj.br\/soc\/wp-json\/wp\/v2\/pages\/54"}],"wp:attachment":[{"href":"https:\/\/institucional.ufrrj.br\/soc\/wp-json\/wp\/v2\/media?parent=155"}],"curies":[{"name":"wp","href":"https:\/\/api.w.org\/{rel}","templated":true}]}}