{"id":142,"date":"2015-09-14T17:01:09","date_gmt":"2015-09-14T17:01:09","guid":{"rendered":"http:\/\/institucional.ufrrj.br\/soc\/?page_id=142"},"modified":"2025-12-04T19:57:50","modified_gmt":"2025-12-04T22:57:50","slug":"composicao","status":"publish","type":"page","link":"https:\/\/institucional.ufrrj.br\/soc\/conselho-de-curadores-2\/composicao\/","title":{"rendered":"Composi\u00e7\u00e3o do Conselho de Curadores"},"content":{"rendered":"<table style=\"height: 1468px\" summary=\"Composi\u00e7\u00e3o concur\" width=\"1369\">\n<tbody>\n<tr>\n<td id=\"col-titulo\" style=\"text-align: center\"><strong>Cargo<\/strong><\/td>\n<td id=\"col-titulo\" style=\"text-align: center\"><strong>Nome<\/strong><\/td>\n<td id=\"col-titulo\" style=\"text-align: center\"><strong>Documento<\/strong><\/td>\n<\/tr>\n<tr>\n<td class=\"col-first\">Presidente<\/td>\n<td class=\"col-second\">RUBIA CRISTINA WEGNER<\/td>\n<td class=\"col-thirty\"><a href=\"https:\/\/institucional.ufrrj.br\/soc\/files\/2024\/12\/Designacao_Docente_2024-2026.pdf\">Portaria Presid\u00eancia 2024-2026<\/a><\/td>\n<\/tr>\n<tr>\n<td class=\"col-first\">Vice-presidente<\/td>\n<td class=\"col-second\">GISELA MARIA DA FONSECA PINTO<\/td>\n<td class=\"col-thirty\"><a href=\"https:\/\/institucional.ufrrj.br\/soc\/files\/2024\/12\/Designacao_Docente_2024-2026.pdf\">Portaria Vice Presidente_2024-2026<\/a><\/td>\n<\/tr>\n<tr>\n<td id=\"col-titulo\" colspan=\"3\"><strong>Representantes do CEPEAS<\/strong><\/td>\n<\/tr>\n<tr>\n<td class=\"col-first\">representante titular do CEPEA-CETE<\/td>\n<td class=\"col-second\">DANIEL REIS DE OLIVEIRA<\/td>\n<td class=\"col-thirty\"><a href=\"https:\/\/institucional.ufrrj.br\/soc\/files\/2024\/12\/CEPEA-CETE-2024.pdf\">Portaria de Designa\u00e7\u00e3o CEPEA-CETE-2024<\/a><\/td>\n<\/tr>\n<tr>\n<td class=\"col-first\">representante suplente do CEPEA-CETE<\/td>\n<td class=\"col-second\">RAIMUNDO JOS\u00c9 MAC\u00c1RIO COSTA<\/td>\n<td class=\"col-thirty\"><a href=\"https:\/\/institucional.ufrrj.br\/soc\/files\/2024\/12\/CEPEA-CETE-2024.pdf\">Portaria de Designa\u00e7\u00e3o CEPEA-CETE-2024<\/a><\/td>\n<\/tr>\n<tr>\n<td class=\"col-first\">representante titular do CEPEA-CBS<\/td>\n<td class=\"col-second\">ANA CRISTINA SOUZA DOS SANTOS<\/td>\n<td class=\"col-thirty\"><span style=\"color: #0000ff\">Memorando 283\/2022<\/span><\/td>\n<\/tr>\n<tr>\n<td class=\"col-first\">representante suplente do CEPEA-CBS<\/td>\n<td class=\"col-second\">DOUGLAS SIQUEIRA DE ALMEIDA CHAVES<\/td>\n<td class=\"col-thirty\"><span style=\"color: #0000ff\">Memorando 283\/2022<\/span><\/td>\n<\/tr>\n<tr>\n<td class=\"col-first\">representante titular do CEPEA-CSA<\/td>\n<td class=\"col-second\" style=\"text-align: left\">PAULO JOS\u00c9 SARAIVA<\/td>\n<td class=\"col-thirty\">Portaria n\u00ba 1659\/SAOC, de 22 de abril de 2021<\/td>\n<\/tr>\n<tr>\n<td class=\"col-first\">representante suplente do CEPEA-CSA<\/td>\n<td class=\"col-second\">DEISE LUCE<\/td>\n<td class=\"col-thirty\"><\/td>\n<\/tr>\n<tr>\n<td class=\"col-first\">representante titular do CEPEA-CHLA<\/td>\n<td class=\"col-second\">PAULO COSME DE OLIVEIRA<\/td>\n<td class=\"col-thirty\"><\/td>\n<\/tr>\n<tr>\n<td class=\"col-first\">representante suplente do CEPEA-CHLA<\/td>\n<td class=\"col-second\">ALEXIS ROSA NUMMER<\/td>\n<td class=\"col-thirty\"><\/td>\n<\/tr>\n<tr>\n<td class=\"col-first\">representante titular do CEPEA-CA<\/td>\n<td class=\"col-second\">\u00c9RIKA FL\u00c1VIA MACHADO PINHEIRO<\/td>\n<td class=\"col-thirty\"><a href=\"https:\/\/institucional.ufrrj.br\/soc\/files\/2024\/12\/CEPEA-CA-2024.pdf\">Portaria de Designa\u00e7\u00e3o CEPEA-CA-2024<\/a><\/td>\n<\/tr>\n<tr>\n<td class=\"col-first\">representante suplente do CEPEA-CA<\/td>\n<td class=\"col-second\">MARIA IVONE MARTINS JACINTO<\/td>\n<td class=\"col-thirty\"><a href=\"https:\/\/institucional.ufrrj.br\/soc\/files\/2024\/12\/CEPEA-CA-2024.pdf\">Portaria de Designa\u00e7\u00e3o CEPEA-CA-2024<\/a><\/td>\n<\/tr>\n<tr>\n<td id=\"col-titulo\" colspan=\"3\"><strong>Representantes da reitoria<\/strong><\/td>\n<\/tr>\n<tr>\n<td class=\"col-first\">representante titular da reitoria<\/td>\n<td class=\"col-second\">REJANE DA SILVA SANTOS SANTIAGO<\/td>\n<td class=\"col-thirty\"><a href=\"https:\/\/institucional.ufrrj.br\/soc\/files\/2022\/05\/Memorando-29-2021-indicacao-reitoria-CONCUR.pdf\">Memorando 29\/2021 &#8211; Reitoria<\/a><\/td>\n<\/tr>\n<tr>\n<td class=\"col-first\">representante suplente da reitoria<\/td>\n<td class=\"col-second\">NILSON BRITO DE CARVALHO<\/td>\n<td class=\"col-thirty\"><a href=\"https:\/\/institucional.ufrrj.br\/soc\/files\/2022\/05\/Memorando-29-2021-indicacao-reitoria-CONCUR.pdf\">Memorando 29\/2021 &#8211; Reitoria<\/a><\/td>\n<\/tr>\n<tr>\n<td id=\"col-titulo\" colspan=\"3\"><strong>Representantes do segmento docente<\/strong><\/td>\n<\/tr>\n<tr>\n<td class=\"col-first\">representante titular docente<\/td>\n<td class=\"col-second\">RUBIA CRISTINA WEGNER<\/td>\n<td class=\"col-thirty\"><a href=\"https:\/\/institucional.ufrrj.br\/soc\/files\/2024\/12\/Designacao_Docente_2024-2026.pdf\">Portaria Designa\u00e7\u00e3o Docente_2024-2026<\/a><\/td>\n<\/tr>\n<tr>\n<td class=\"col-first\">representante suplente docente<\/td>\n<td class=\"col-second\">GISELA MARIA DA FONSECA PINTO<\/td>\n<td class=\"col-thirty\"><a href=\"https:\/\/institucional.ufrrj.br\/soc\/files\/2024\/12\/Designacao_Docente_2024-2026.pdf\">Portaria Designa\u00e7\u00e3o_Docente_2024-2026<\/a><\/td>\n<\/tr>\n<tr>\n<td id=\"col-titulo\" colspan=\"3\"><strong>Representantes do segmento t\u00e9cnico-administrativo<\/strong><\/td>\n<\/tr>\n<tr>\n<td class=\"col-first\">representante titular t\u00e9cnicos administrativo<\/td>\n<td class=\"col-second\">JERRY FERREIRA LIMA<\/td>\n<td class=\"col-thirty\"><a href=\"https:\/\/institucional.ufrrj.br\/soc\/files\/2025\/12\/Portaria_designacao_Jerry.pdf\">Portaria de Designa\u00e7\u00e3o_TAE_2024-2026<\/a><\/td>\n<\/tr>\n<tr>\n<td class=\"col-first\">representante suplente t\u00e9cnicos administrativo<\/td>\n<td class=\"col-second\">MARCILENE DUTRA SIMPL\u00cdCIO<\/td>\n<td class=\"col-thirty\"><a href=\"https:\/\/institucional.ufrrj.br\/soc\/files\/2025\/12\/Portaria_designacao_Marcilene.pdf\">Portaria de Designa\u00e7\u00e3o_TAE_2024-2026<\/a><\/td>\n<\/tr>\n<tr>\n<td id=\"col-titulo\" colspan=\"3\"><strong>Representantes do corpo discente<\/strong><\/td>\n<\/tr>\n<tr>\n<td class=\"col-first\">representante titular discente<\/td>\n<td class=\"col-second\">VAGO<\/td>\n<td class=\"col-thirty\"><\/td>\n<\/tr>\n<tr>\n<td class=\"col-first\">representante suplente discente<\/td>\n<td class=\"col-second\">VAGO<\/td>\n<td class=\"col-thirty\"><\/td>\n<\/tr>\n<tr>\n<td class=\"col-first\">representante titular discente<\/td>\n<td class=\"col-second\">VAGO<\/td>\n<td class=\"col-thirty\"><\/td>\n<\/tr>\n<tr>\n<td class=\"col-first\">representante suplente discente<\/td>\n<td class=\"col-second\">VAGO<\/td>\n<td class=\"col-thirty\"><\/td>\n<\/tr>\n<tr>\n<td id=\"col-titulo\" colspan=\"3\"><strong>Diret\u00f3rio Central Estudantil &#8211; DCE<\/strong><\/td>\n<\/tr>\n<tr>\n<td class=\"col-first\">representante titular do DCE<\/td>\n<td class=\"col-second\">VAGO<\/td>\n<td class=\"col-thirty\"><\/td>\n<\/tr>\n<tr>\n<td class=\"col-first\">representante suplente do DCE<\/td>\n<td class=\"col-second\">VAGO<\/td>\n<td class=\"col-thirty\"><\/td>\n<\/tr>\n<tr>\n<td id=\"col-titulo\" colspan=\"3\"><strong>Associa\u00e7\u00e3o de P\u00f3s-Graduandos da UFRRJ (APG &#8211; Rural)<\/strong><\/td>\n<\/tr>\n<tr>\n<td class=\"col-first\">Representante da Associa\u00e7\u00e3o de P\u00f3s-Graduandos da UFRRJ<\/td>\n<td class=\"col-second\">VAGO<\/td>\n<td class=\"col-thirty\"><a href=\"https:\/\/institucional.ufrrj.br\/soc\/files\/2016\/05\/Delib023CONSU20151.pdf\" target=\"_blank\" rel=\"noopener noreferrer\">Delibera\u00e7\u00e3o n\u00ba 023 do CONSU de 2015<\/a><\/td>\n<\/tr>\n<tr>\n<td id=\"col-titulo\" colspan=\"3\"><strong>Representante da Auditoria Interna da UFRRJ<\/strong><\/td>\n<\/tr>\n<tr>\n<td class=\"col-first\">Representante da Auditoria Interna da UFRRJ<\/td>\n<td class=\"col-second\">Titular: LAURA LETSCH SOARES<\/p>\n<p>Suplente: DENIS DOS REIS CARVALHO<\/td>\n<td class=\"col-thirty\"><a href=\"https:\/\/institucional.ufrrj.br\/soc\/files\/2017\/04\/Port412CONSU2017.pdf\" target=\"_blank\" rel=\"noopener noreferrer\">Portaria 412\/GR, de 27 de Mar\u00e7o de 2017<\/a><\/td>\n<\/tr>\n<tr>\n<td id=\"col-titulo\" colspan=\"3\"><strong>Representantes do Minist\u00e9rio da Educa\u00e7\u00e3o<\/strong><\/td>\n<\/tr>\n<tr>\n<td class=\"col-first\">representante titular do minist\u00e9rio da educa\u00e7\u00e3o<\/td>\n<td class=\"col-second\">VAGO<\/td>\n<td class=\"col-thirty\"><\/td>\n<\/tr>\n<tr>\n<td class=\"col-first\">representante suplente do minist\u00e9rio da educa\u00e7\u00e3o<\/td>\n<td class=\"col-second\">VAGO<\/td>\n<td class=\"col-thirty\"><\/td>\n<\/tr>\n<tr>\n<td id=\"col-titulo\" colspan=\"3\"><strong>Representantes do Minist\u00e9rio da Economia<\/strong><\/td>\n<\/tr>\n<tr>\n<td class=\"col-first\">representante titular do minist\u00e9rio da fazenda<\/td>\n<td class=\"col-second\">MARCIO LIMA DE SOUZA<\/td>\n<td class=\"col-thirty\"><a href=\"https:\/\/institucional.ufrrj.br\/soc\/files\/2022\/05\/OFCIO_SEI_N_6396-2022-ME.pdf\">OFCIO_SEI_N_6396-2022-ME<\/a><\/td>\n<\/tr>\n<tr>\n<td class=\"col-first\">representante suplente do minist\u00e9rio da fazenda<\/td>\n<td class=\"col-second\">MAURO ARKADER<\/td>\n<td class=\"col-thirty\"><a href=\"https:\/\/institucional.ufrrj.br\/soc\/files\/2022\/05\/OFCIO_SEI_N_6396-2022-ME.pdf\">OFCIO_SEI_N_6396-2022-ME<\/a><\/td>\n<\/tr>\n<tr>\n<td id=\"col-titulo\" colspan=\"3\"><strong>Representantes das entidades sindicais<\/strong><\/td>\n<\/tr>\n<tr>\n<td class=\"col-first\">Representante\u00a0 SINTUR<\/td>\n<td class=\"col-second\"><\/td>\n<td class=\"col-thirty\"><\/td>\n<\/tr>\n<tr>\n<td class=\"col-first\">Representante ADUR-RJ<\/td>\n<td class=\"col-second\">Titular &#8211; JAQUELINE ROCHA BORGES DOS SANTOS\u00a0 (ICBS)<\/p>\n<p>Suplente &#8211; LIA MARIA TEIXEIRA DE OLIVEIRA (IE &#8211; APOSENTADA)<\/td>\n<td class=\"col-thirty\">Of\u00edcio n\u00ba 022 de 29 de abril de 2022<\/p>\n<p>Of\u00edcio n\u00ba 022 de 29 de abril de 2022<\/td>\n<\/tr>\n<\/tbody>\n<\/table>\n","protected":false},"excerpt":{"rendered":"<p>Cargo Nome Documento Presidente RUBIA CRISTINA WEGNER Portaria Presid\u00eancia 2024-2026 Vice-presidente GISELA MARIA DA FONSECA PINTO Portaria Vice Presidente_2024-2026 Representantes <a class=\"read-more\" style=\"font-size:12px;\" href=\"https:\/\/institucional.ufrrj.br\/soc\/conselho-de-curadores-2\/composicao\/\">&#8230; Continue lendo <i class=\"fa fa-long-arrow-right\"><\/i><\/a><\/p>\n","protected":false},"author":427,"featured_media":0,"parent":193,"menu_order":0,"comment_status":"open","ping_status":"open","template":"","meta":{"_acf_changed":false,"footnotes":"","_links_to":"","_links_to_target":""},"class_list":["post-142","page","type-page","status-publish","hentry"],"yoast_head":"<!-- This site is optimized with the Yoast SEO plugin v27.2 - https:\/\/yoast.com\/product\/yoast-seo-wordpress\/ -->\n<title>Composi\u00e7\u00e3o do Conselho de Curadores - SOC<\/title>\n<meta name=\"robots\" content=\"index, follow, max-snippet:-1, max-image-preview:large, max-video-preview:-1\" \/>\n<link rel=\"canonical\" href=\"https:\/\/institucional.ufrrj.br\/soc\/conselho-de-curadores-2\/composicao\/\" \/>\n<meta property=\"og:locale\" content=\"pt_BR\" \/>\n<meta property=\"og:type\" content=\"article\" \/>\n<meta property=\"og:title\" content=\"Composi\u00e7\u00e3o do Conselho de Curadores - SOC\" \/>\n<meta property=\"og:description\" content=\"Cargo Nome Documento Presidente RUBIA CRISTINA WEGNER Portaria Presid\u00eancia 2024-2026 Vice-presidente GISELA MARIA DA FONSECA PINTO Portaria Vice Presidente_2024-2026 Representantes ... Continue lendo\" \/>\n<meta property=\"og:url\" content=\"https:\/\/institucional.ufrrj.br\/soc\/conselho-de-curadores-2\/composicao\/\" \/>\n<meta property=\"og:site_name\" content=\"SOC\" \/>\n<meta property=\"article:modified_time\" content=\"2025-12-04T22:57:50+00:00\" \/>\n<meta name=\"twitter:card\" content=\"summary_large_image\" \/>\n<meta name=\"twitter:label1\" content=\"Est. tempo de leitura\" \/>\n\t<meta name=\"twitter:data1\" content=\"3 minutos\" \/>\n<script type=\"application\/ld+json\" class=\"yoast-schema-graph\">{\"@context\":\"https:\/\/schema.org\",\"@graph\":[{\"@type\":\"WebPage\",\"@id\":\"https:\/\/institucional.ufrrj.br\/soc\/conselho-de-curadores-2\/composicao\/\",\"url\":\"https:\/\/institucional.ufrrj.br\/soc\/conselho-de-curadores-2\/composicao\/\",\"name\":\"Composi\u00e7\u00e3o do Conselho de Curadores - SOC\",\"isPartOf\":{\"@id\":\"https:\/\/institucional.ufrrj.br\/soc\/#website\"},\"datePublished\":\"2015-09-14T17:01:09+00:00\",\"dateModified\":\"2025-12-04T22:57:50+00:00\",\"breadcrumb\":{\"@id\":\"https:\/\/institucional.ufrrj.br\/soc\/conselho-de-curadores-2\/composicao\/#breadcrumb\"},\"inLanguage\":\"pt-BR\",\"potentialAction\":[{\"@type\":\"ReadAction\",\"target\":[\"https:\/\/institucional.ufrrj.br\/soc\/conselho-de-curadores-2\/composicao\/\"]}]},{\"@type\":\"BreadcrumbList\",\"@id\":\"https:\/\/institucional.ufrrj.br\/soc\/conselho-de-curadores-2\/composicao\/#breadcrumb\",\"itemListElement\":[{\"@type\":\"ListItem\",\"position\":1,\"name\":\"In\u00edcio\",\"item\":\"https:\/\/institucional.ufrrj.br\/soc\/\"},{\"@type\":\"ListItem\",\"position\":2,\"name\":\"CONSELHO DE CURADORES\",\"item\":\"https:\/\/institucional.ufrrj.br\/soc\/conselho-de-curadores-2\/\"},{\"@type\":\"ListItem\",\"position\":3,\"name\":\"Composi\u00e7\u00e3o do Conselho de Curadores\"}]},{\"@type\":\"WebSite\",\"@id\":\"https:\/\/institucional.ufrrj.br\/soc\/#website\",\"url\":\"https:\/\/institucional.ufrrj.br\/soc\/\",\"name\":\"SOC\",\"description\":\"Secretaria dos \u00d3rg\u00e3os Colegiados - UFRRJ\",\"potentialAction\":[{\"@type\":\"SearchAction\",\"target\":{\"@type\":\"EntryPoint\",\"urlTemplate\":\"https:\/\/institucional.ufrrj.br\/soc\/?s={search_term_string}\"},\"query-input\":{\"@type\":\"PropertyValueSpecification\",\"valueRequired\":true,\"valueName\":\"search_term_string\"}}],\"inLanguage\":\"pt-BR\"}]}<\/script>\n<!-- \/ Yoast SEO plugin. -->","yoast_head_json":{"title":"Composi\u00e7\u00e3o do Conselho de Curadores - SOC","robots":{"index":"index","follow":"follow","max-snippet":"max-snippet:-1","max-image-preview":"max-image-preview:large","max-video-preview":"max-video-preview:-1"},"canonical":"https:\/\/institucional.ufrrj.br\/soc\/conselho-de-curadores-2\/composicao\/","og_locale":"pt_BR","og_type":"article","og_title":"Composi\u00e7\u00e3o do Conselho de Curadores - SOC","og_description":"Cargo Nome Documento Presidente RUBIA CRISTINA WEGNER Portaria Presid\u00eancia 2024-2026 Vice-presidente GISELA MARIA DA FONSECA PINTO Portaria Vice Presidente_2024-2026 Representantes ... Continue lendo","og_url":"https:\/\/institucional.ufrrj.br\/soc\/conselho-de-curadores-2\/composicao\/","og_site_name":"SOC","article_modified_time":"2025-12-04T22:57:50+00:00","twitter_card":"summary_large_image","twitter_misc":{"Est. tempo de leitura":"3 minutos"},"schema":{"@context":"https:\/\/schema.org","@graph":[{"@type":"WebPage","@id":"https:\/\/institucional.ufrrj.br\/soc\/conselho-de-curadores-2\/composicao\/","url":"https:\/\/institucional.ufrrj.br\/soc\/conselho-de-curadores-2\/composicao\/","name":"Composi\u00e7\u00e3o do Conselho de Curadores - SOC","isPartOf":{"@id":"https:\/\/institucional.ufrrj.br\/soc\/#website"},"datePublished":"2015-09-14T17:01:09+00:00","dateModified":"2025-12-04T22:57:50+00:00","breadcrumb":{"@id":"https:\/\/institucional.ufrrj.br\/soc\/conselho-de-curadores-2\/composicao\/#breadcrumb"},"inLanguage":"pt-BR","potentialAction":[{"@type":"ReadAction","target":["https:\/\/institucional.ufrrj.br\/soc\/conselho-de-curadores-2\/composicao\/"]}]},{"@type":"BreadcrumbList","@id":"https:\/\/institucional.ufrrj.br\/soc\/conselho-de-curadores-2\/composicao\/#breadcrumb","itemListElement":[{"@type":"ListItem","position":1,"name":"In\u00edcio","item":"https:\/\/institucional.ufrrj.br\/soc\/"},{"@type":"ListItem","position":2,"name":"CONSELHO DE CURADORES","item":"https:\/\/institucional.ufrrj.br\/soc\/conselho-de-curadores-2\/"},{"@type":"ListItem","position":3,"name":"Composi\u00e7\u00e3o do Conselho de Curadores"}]},{"@type":"WebSite","@id":"https:\/\/institucional.ufrrj.br\/soc\/#website","url":"https:\/\/institucional.ufrrj.br\/soc\/","name":"SOC","description":"Secretaria dos \u00d3rg\u00e3os Colegiados - UFRRJ","potentialAction":[{"@type":"SearchAction","target":{"@type":"EntryPoint","urlTemplate":"https:\/\/institucional.ufrrj.br\/soc\/?s={search_term_string}"},"query-input":{"@type":"PropertyValueSpecification","valueRequired":true,"valueName":"search_term_string"}}],"inLanguage":"pt-BR"}]}},"acf":[],"_links":{"self":[{"href":"https:\/\/institucional.ufrrj.br\/soc\/wp-json\/wp\/v2\/pages\/142","targetHints":{"allow":["GET"]}}],"collection":[{"href":"https:\/\/institucional.ufrrj.br\/soc\/wp-json\/wp\/v2\/pages"}],"about":[{"href":"https:\/\/institucional.ufrrj.br\/soc\/wp-json\/wp\/v2\/types\/page"}],"author":[{"embeddable":true,"href":"https:\/\/institucional.ufrrj.br\/soc\/wp-json\/wp\/v2\/users\/427"}],"replies":[{"embeddable":true,"href":"https:\/\/institucional.ufrrj.br\/soc\/wp-json\/wp\/v2\/comments?post=142"}],"version-history":[{"count":4,"href":"https:\/\/institucional.ufrrj.br\/soc\/wp-json\/wp\/v2\/pages\/142\/revisions"}],"predecessor-version":[{"id":9942,"href":"https:\/\/institucional.ufrrj.br\/soc\/wp-json\/wp\/v2\/pages\/142\/revisions\/9942"}],"up":[{"embeddable":true,"href":"https:\/\/institucional.ufrrj.br\/soc\/wp-json\/wp\/v2\/pages\/193"}],"wp:attachment":[{"href":"https:\/\/institucional.ufrrj.br\/soc\/wp-json\/wp\/v2\/media?parent=142"}],"curies":[{"name":"wp","href":"https:\/\/api.w.org\/{rel}","templated":true}]}}