{"id":1281,"date":"2016-05-24T22:10:03","date_gmt":"2016-05-24T22:10:03","guid":{"rendered":"http:\/\/institucional.ufrrj.br\/soc\/?page_id=1281"},"modified":"2016-05-24T22:22:07","modified_gmt":"2016-05-24T22:22:07","slug":"deliberacoes-2","status":"publish","type":"page","link":"https:\/\/institucional.ufrrj.br\/soc\/conselho-universitario-2\/deliberacoes-2\/","title":{"rendered":"Delibera\u00e7\u00f5es do Conselho Universit\u00e1rio"},"content":{"rendered":"\n<table id=\"tablepress-9\" class=\"tablepress tablepress-id-9\">\n<thead>\n<tr class=\"row-1\">\n\t<th class=\"column-1\">Anos<\/th>\n<\/tr>\n<\/thead>\n<tbody class=\"row-striping row-hover\">\n<tr class=\"row-2\">\n\t<td class=\"column-1\"><a href=\"https:\/\/institucional.ufrrj.br\/soc\/conselho-universitario-2\/deliberacoes-2026\/\">Delibera\u00e7\u00f5es de 2026<\/a><\/td>\n<\/tr>\n<tr class=\"row-3\">\n\t<td class=\"column-1\"><a href=\"https:\/\/institucional.ufrrj.br\/soc\/conselho-universitario-2\/deliberacoes-consu-2025\/\">Delibera\u00e7\u00f5es de 2025<\/a><\/td>\n<\/tr>\n<tr class=\"row-4\">\n\t<td class=\"column-1\"><a href=\"https:\/\/institucional.ufrrj.br\/soc\/conselho-universitario-2\/deliberacoes-consu-2024\/\">Delibera\u00e7\u00f5es de 2024<\/a><\/td>\n<\/tr>\n<tr class=\"row-5\">\n\t<td class=\"column-1\"><a href=\"https:\/\/institucional.ufrrj.br\/soc\/conselho-universitario-2\/deliberacoes-consu-2023\/\">Delibera\u00e7\u00f5es de 2023<\/a><\/td>\n<\/tr>\n<tr class=\"row-6\">\n\t<td class=\"column-1\"><a href=\"http:\/\/institucional.ufrrj.br\/soc\/deliberacoes-2021\">Delibera\u00e7\u00f5es de 2022<\/a><br \/>\n<br \/>\n<\/td>\n<\/tr>\n<tr class=\"row-7\">\n\t<td class=\"column-1\"><a href=\"http:\/\/institucional.ufrrj.br\/soc\/deliberacoes-consu-2021\/\">Delibera\u00e7\u00f5es de 2021<\/a><br \/>\n<br \/>\n<\/td>\n<\/tr>\n<tr class=\"row-8\">\n\t<td class=\"column-1\"><a href=\"http:\/\/institucional.ufrrj.br\/soc\/deliberacoes-de-2020\/\"><a href=\"http:\/\/institucional.ufrrj.br\/soc\/deliberacoes-consu-2020\/\" rel=\"noopener\" target=\"_blank\">Delibera\u00e7\u00f5es de 2020<\/a><br \/>\n<br \/>\n<\/td>\n<\/tr>\n<tr class=\"row-9\">\n\t<td class=\"column-1\"><a href=\"http:\/\/institucional.ufrrj.br\/soc\/deliberacoes-de-2019\/\">Delibera\u00e7\u00f5es de 2019<\/a><\/td>\n<\/tr>\n<tr class=\"row-10\">\n\t<td class=\"column-1\"><a href=\"http:\/\/institucional.ufrrj.br\/soc\/conselho-universitario-2\/deliberacoes-2\/deliberacoes-consu-2018\/\">Delibera\u00e7\u00f5es de 2018<\/a><\/td>\n<\/tr>\n<tr class=\"row-11\">\n\t<td class=\"column-1\"><a href=\"http:\/\/institucional.ufrrj.br\/soc\/conselho-universitario-2\/deliberacoes-2\/deliberacoes-consu-2017\/\">Delibera\u00e7\u00f5es de 2017<\/a><\/td>\n<\/tr>\n<tr class=\"row-12\">\n\t<td class=\"column-1\"><a href=\"http:\/\/institucional.ufrrj.br\/soc\/?page_id=1377\">Delibera\u00e7\u00f5es de 2016<\/a><\/td>\n<\/tr>\n<tr class=\"row-13\">\n\t<td class=\"column-1\"><a href=\"http:\/\/institucional.ufrrj.br\/soc\/?page_id=76\">Delibera\u00e7\u00f5es de 2015<\/a><\/td>\n<\/tr>\n<tr class=\"row-14\">\n\t<td class=\"column-1\"><a href=\"http:\/\/institucional.ufrrj.br\/soc\/?page_id=1314\">Delibera\u00e7\u00f5es de 2014<\/a><\/td>\n<\/tr>\n<tr class=\"row-15\">\n\t<td class=\"column-1\"><a href=\"http:\/\/institucional.ufrrj.br\/soc\/conselho-universitario-2\/deliberacoes-2\/deliberacoes-consu-2013\/\">Delibera\u00e7\u00f5es de 2013<\/a><\/td>\n<\/tr>\n<tr class=\"row-16\">\n\t<td class=\"column-1\"><a href=\"http:\/\/institucional.ufrrj.br\/soc\/conselho-universitario-2\/deliberacoes-2\/deliberacoes-consu-2012\/\">Delibera\u00e7\u00f5es de 2012<\/a><\/td>\n<\/tr>\n<tr class=\"row-17\">\n\t<td class=\"column-1\"><a href=\"http:\/\/institucional.ufrrj.br\/soc\/conselho-universitario-2\/deliberacoes-consu-2011\/\">Delibera\u00e7\u00f5es Consu 2011<\/a><\/td>\n<\/tr>\n<tr class=\"row-18\">\n\t<td class=\"column-1\"><a href=\"http:\/\/institucional.ufrrj.br\/soc\/conselho-universitario-2\/deliberacoes-consu-2010\/\">Delibera\u00e7\u00f5es Consu 2010<\/a><\/td>\n<\/tr>\n<tr class=\"row-19\">\n\t<td class=\"column-1\"><a href=\"http:\/\/institucional.ufrrj.br\/soc\/conselho-universitario-2\/deliberacoes-consu-2009\/\">Delibera\u00e7\u00f5es consu 2009<\/a><\/td>\n<\/tr>\n<tr class=\"row-20\">\n\t<td class=\"column-1\"><a href=\"http:\/\/institucional.ufrrj.br\/soc\/conselho-universitario-2\/deliberacoes-consu-2008\/\">Delibera\u00e7\u00f5es Consu 2008<\/a><\/td>\n<\/tr>\n<tr class=\"row-21\">\n\t<td class=\"column-1\"><a href=\"http:\/\/institucional.ufrrj.br\/soc\/conselho-universitario-2\/deliberacoes-consu-2007\/\">Delibera\u00e7\u00f5es Consu 2007<\/a><\/td>\n<\/tr>\n<tr class=\"row-22\">\n\t<td class=\"column-1\"><a href=\"http:\/\/institucional.ufrrj.br\/soc\/conselho-universitario-2\/deliberacoes-consu-2006\/\">Delibera\u00e7\u00f5es Consu 2006<\/a><\/td>\n<\/tr>\n<tr class=\"row-23\">\n\t<td class=\"column-1\"><a href=\"http:\/\/institucional.ufrrj.br\/soc\/conselho-universitario-2\/deliberacoes-consu-2006-2\/\">Delibera\u00e7\u00f5es Consu 2005<\/a><\/td>\n<\/tr>\n<tr class=\"row-24\">\n\t<td class=\"column-1\"><a href=\"http:\/\/institucional.ufrrj.br\/soc\/conselho-universitario-2\/deliberacoes-consu-2004\/\">Delibera\u00e7\u00f5es Consu 2004<\/a><\/td>\n<\/tr>\n<tr class=\"row-25\">\n\t<td class=\"column-1\"><a href=\"http:\/\/institucional.ufrrj.br\/soc\/conselho-universitario-2\/deliberacoes-consu-2003\/\">Delibera\u00e7\u00f5es Consu 2003<\/a><\/td>\n<\/tr>\n<tr class=\"row-26\">\n\t<td class=\"column-1\"><a href=\"http:\/\/institucional.ufrrj.br\/soc\/conselho-universitario-2\/deliberacoes-consu-2002\/\">Delibera\u00e7\u00f5es Consu 2002<\/a><\/td>\n<\/tr>\n<tr class=\"row-27\">\n\t<td class=\"column-1\"><a href=\"http:\/\/institucional.ufrrj.br\/soc\/deliberacoes-consu-2001\/\">Delibera\u00e7\u00f5es Consu 2001<\/a><\/td>\n<\/tr>\n<tr class=\"row-28\">\n\t<td class=\"column-1\"><a href=\"http:\/\/institucional.ufrrj.br\/soc\/conselho-universitario-2\/deliberacoes-consu-2002\/\">Delibera\u00e7\u00f5es Consu 2002<\/a><\/td>\n<\/tr>\n<tr class=\"row-29\">\n\t<td class=\"column-1\"><a href=\"http:\/\/institucional.ufrrj.br\/soc\/deliberacoes-consu-2001\/\">Delibera\u00e7\u00f5es Consu 2001<\/a><\/td>\n<\/tr>\n<\/tbody>\n<\/table>\n<!-- #tablepress-9 from cache -->\n","protected":false},"excerpt":{"rendered":"","protected":false},"author":427,"featured_media":0,"parent":187,"menu_order":0,"comment_status":"closed","ping_status":"closed","template":"","meta":{"_acf_changed":false,"footnotes":"","_links_to":"","_links_to_target":""},"class_list":["post-1281","page","type-page","status-publish","hentry"],"yoast_head":"<!-- This site is optimized with the Yoast SEO plugin v27.2 - https:\/\/yoast.com\/product\/yoast-seo-wordpress\/ -->\n<title>Delibera\u00e7\u00f5es do Conselho Universit\u00e1rio - SOC<\/title>\n<meta name=\"robots\" content=\"index, follow, max-snippet:-1, max-image-preview:large, max-video-preview:-1\" \/>\n<link rel=\"canonical\" href=\"https:\/\/institucional.ufrrj.br\/soc\/conselho-universitario-2\/deliberacoes-2\/\" \/>\n<meta property=\"og:locale\" content=\"pt_BR\" \/>\n<meta property=\"og:type\" content=\"article\" \/>\n<meta property=\"og:title\" content=\"Delibera\u00e7\u00f5es do Conselho Universit\u00e1rio - SOC\" \/>\n<meta property=\"og:url\" content=\"https:\/\/institucional.ufrrj.br\/soc\/conselho-universitario-2\/deliberacoes-2\/\" \/>\n<meta property=\"og:site_name\" content=\"SOC\" \/>\n<meta property=\"article:modified_time\" content=\"2016-05-24T22:22:07+00:00\" \/>\n<meta name=\"twitter:card\" content=\"summary_large_image\" \/>\n<script type=\"application\/ld+json\" class=\"yoast-schema-graph\">{\"@context\":\"https:\/\/schema.org\",\"@graph\":[{\"@type\":\"WebPage\",\"@id\":\"https:\/\/institucional.ufrrj.br\/soc\/conselho-universitario-2\/deliberacoes-2\/\",\"url\":\"https:\/\/institucional.ufrrj.br\/soc\/conselho-universitario-2\/deliberacoes-2\/\",\"name\":\"Delibera\u00e7\u00f5es do Conselho Universit\u00e1rio - SOC\",\"isPartOf\":{\"@id\":\"https:\/\/institucional.ufrrj.br\/soc\/#website\"},\"datePublished\":\"2016-05-24T22:10:03+00:00\",\"dateModified\":\"2016-05-24T22:22:07+00:00\",\"breadcrumb\":{\"@id\":\"https:\/\/institucional.ufrrj.br\/soc\/conselho-universitario-2\/deliberacoes-2\/#breadcrumb\"},\"inLanguage\":\"pt-BR\",\"potentialAction\":[{\"@type\":\"ReadAction\",\"target\":[\"https:\/\/institucional.ufrrj.br\/soc\/conselho-universitario-2\/deliberacoes-2\/\"]}]},{\"@type\":\"BreadcrumbList\",\"@id\":\"https:\/\/institucional.ufrrj.br\/soc\/conselho-universitario-2\/deliberacoes-2\/#breadcrumb\",\"itemListElement\":[{\"@type\":\"ListItem\",\"position\":1,\"name\":\"In\u00edcio\",\"item\":\"https:\/\/institucional.ufrrj.br\/soc\/\"},{\"@type\":\"ListItem\",\"position\":2,\"name\":\"CONSELHO UNIVERSIT\u00c1RIO\",\"item\":\"https:\/\/institucional.ufrrj.br\/soc\/conselho-universitario-2\/\"},{\"@type\":\"ListItem\",\"position\":3,\"name\":\"Delibera\u00e7\u00f5es do Conselho Universit\u00e1rio\"}]},{\"@type\":\"WebSite\",\"@id\":\"https:\/\/institucional.ufrrj.br\/soc\/#website\",\"url\":\"https:\/\/institucional.ufrrj.br\/soc\/\",\"name\":\"SOC\",\"description\":\"Secretaria dos \u00d3rg\u00e3os Colegiados - UFRRJ\",\"potentialAction\":[{\"@type\":\"SearchAction\",\"target\":{\"@type\":\"EntryPoint\",\"urlTemplate\":\"https:\/\/institucional.ufrrj.br\/soc\/?s={search_term_string}\"},\"query-input\":{\"@type\":\"PropertyValueSpecification\",\"valueRequired\":true,\"valueName\":\"search_term_string\"}}],\"inLanguage\":\"pt-BR\"}]}<\/script>\n<!-- \/ Yoast SEO plugin. -->","yoast_head_json":{"title":"Delibera\u00e7\u00f5es do Conselho Universit\u00e1rio - SOC","robots":{"index":"index","follow":"follow","max-snippet":"max-snippet:-1","max-image-preview":"max-image-preview:large","max-video-preview":"max-video-preview:-1"},"canonical":"https:\/\/institucional.ufrrj.br\/soc\/conselho-universitario-2\/deliberacoes-2\/","og_locale":"pt_BR","og_type":"article","og_title":"Delibera\u00e7\u00f5es do Conselho Universit\u00e1rio - SOC","og_url":"https:\/\/institucional.ufrrj.br\/soc\/conselho-universitario-2\/deliberacoes-2\/","og_site_name":"SOC","article_modified_time":"2016-05-24T22:22:07+00:00","twitter_card":"summary_large_image","schema":{"@context":"https:\/\/schema.org","@graph":[{"@type":"WebPage","@id":"https:\/\/institucional.ufrrj.br\/soc\/conselho-universitario-2\/deliberacoes-2\/","url":"https:\/\/institucional.ufrrj.br\/soc\/conselho-universitario-2\/deliberacoes-2\/","name":"Delibera\u00e7\u00f5es do Conselho Universit\u00e1rio - SOC","isPartOf":{"@id":"https:\/\/institucional.ufrrj.br\/soc\/#website"},"datePublished":"2016-05-24T22:10:03+00:00","dateModified":"2016-05-24T22:22:07+00:00","breadcrumb":{"@id":"https:\/\/institucional.ufrrj.br\/soc\/conselho-universitario-2\/deliberacoes-2\/#breadcrumb"},"inLanguage":"pt-BR","potentialAction":[{"@type":"ReadAction","target":["https:\/\/institucional.ufrrj.br\/soc\/conselho-universitario-2\/deliberacoes-2\/"]}]},{"@type":"BreadcrumbList","@id":"https:\/\/institucional.ufrrj.br\/soc\/conselho-universitario-2\/deliberacoes-2\/#breadcrumb","itemListElement":[{"@type":"ListItem","position":1,"name":"In\u00edcio","item":"https:\/\/institucional.ufrrj.br\/soc\/"},{"@type":"ListItem","position":2,"name":"CONSELHO UNIVERSIT\u00c1RIO","item":"https:\/\/institucional.ufrrj.br\/soc\/conselho-universitario-2\/"},{"@type":"ListItem","position":3,"name":"Delibera\u00e7\u00f5es do Conselho Universit\u00e1rio"}]},{"@type":"WebSite","@id":"https:\/\/institucional.ufrrj.br\/soc\/#website","url":"https:\/\/institucional.ufrrj.br\/soc\/","name":"SOC","description":"Secretaria dos \u00d3rg\u00e3os Colegiados - UFRRJ","potentialAction":[{"@type":"SearchAction","target":{"@type":"EntryPoint","urlTemplate":"https:\/\/institucional.ufrrj.br\/soc\/?s={search_term_string}"},"query-input":{"@type":"PropertyValueSpecification","valueRequired":true,"valueName":"search_term_string"}}],"inLanguage":"pt-BR"}]}},"acf":[],"_links":{"self":[{"href":"https:\/\/institucional.ufrrj.br\/soc\/wp-json\/wp\/v2\/pages\/1281","targetHints":{"allow":["GET"]}}],"collection":[{"href":"https:\/\/institucional.ufrrj.br\/soc\/wp-json\/wp\/v2\/pages"}],"about":[{"href":"https:\/\/institucional.ufrrj.br\/soc\/wp-json\/wp\/v2\/types\/page"}],"author":[{"embeddable":true,"href":"https:\/\/institucional.ufrrj.br\/soc\/wp-json\/wp\/v2\/users\/427"}],"replies":[{"embeddable":true,"href":"https:\/\/institucional.ufrrj.br\/soc\/wp-json\/wp\/v2\/comments?post=1281"}],"version-history":[{"count":4,"href":"https:\/\/institucional.ufrrj.br\/soc\/wp-json\/wp\/v2\/pages\/1281\/revisions"}],"predecessor-version":[{"id":7545,"href":"https:\/\/institucional.ufrrj.br\/soc\/wp-json\/wp\/v2\/pages\/1281\/revisions\/7545"}],"up":[{"embeddable":true,"href":"https:\/\/institucional.ufrrj.br\/soc\/wp-json\/wp\/v2\/pages\/187"}],"wp:attachment":[{"href":"https:\/\/institucional.ufrrj.br\/soc\/wp-json\/wp\/v2\/media?parent=1281"}],"curies":[{"name":"wp","href":"https:\/\/api.w.org\/{rel}","templated":true}]}}