{"id":1233,"date":"2016-05-19T18:33:24","date_gmt":"2016-05-19T18:33:24","guid":{"rendered":"http:\/\/institucional.ufrrj.br\/soc\/?page_id=1233"},"modified":"2016-05-19T19:09:34","modified_gmt":"2016-05-19T19:09:34","slug":"honoris-causa","status":"publish","type":"page","link":"https:\/\/institucional.ufrrj.br\/soc\/conselho-universitario-2\/dignidades-universitarias\/honoris-causa\/","title":{"rendered":"HONORIS CAUSA"},"content":{"rendered":"<h2 id=\"tablepress-5-name\" class=\"tablepress-table-name tablepress-table-name-id-5\">Honoris Causa<\/h2>\n\n<table id=\"tablepress-5\" class=\"tablepress tablepress-id-5\" aria-labelledby=\"tablepress-5-name\">\n<thead>\n<tr class=\"row-1\">\n\t<th class=\"column-1\">HOMENAGEADO<\/th><th class=\"column-2\">T\u00cdTULO<\/th><th class=\"column-3\">DELIBERA\u00c7\u00c3O Consu<\/th>\n<\/tr>\n<\/thead>\n<tbody class=\"row-striping row-hover\">\n<tr class=\"row-2\">\n\t<td class=\"column-1\">William David Ollis <\/td><td class=\"column-2\">Professor Honoris Causa<\/td><td class=\"column-3\"><a href=\"http:\/\/institucional.ufrrj.br\/soc\/files\/2016\/05\/Resolucao_009_1969.pdf\" target=\"_blank\" rel=\"noopener\">09\/1969<\/a><\/td>\n<\/tr>\n<tr class=\"row-3\">\n\t<td class=\"column-1\">Cientista Brasileira Doutora Johanna Dobereiner<\/td><td class=\"column-2\">Doutor Honoris Causa<\/td><td class=\"column-3\"><a href=\"http:\/\/institucional.ufrrj.br\/soc\/files\/2016\/05\/delib_014_1979.pdf\" target=\"_blank\" rel=\"noopener\">14\/1979<\/a><\/td>\n<\/tr>\n<tr class=\"row-4\">\n\t<td class=\"column-1\">Nair Fortes Aber Merhy <\/td><td class=\"column-2\">Doutor Honoris Causa<\/td><td class=\"column-3\"><a href=\"http:\/\/institucional.ufrrj.br\/soc\/files\/2016\/05\/delib_015_1979.pdf\" target=\"_blank\" rel=\"noopener\">15\/1979<\/a><\/td>\n<\/tr>\n<tr class=\"row-5\">\n\t<td class=\"column-1\">Senhor Ministro Interior Dr. Maur\u00edcio Rangel Reis<\/td><td class=\"column-2\">Doutor Honoris Causa<\/td><td class=\"column-3\"><a href=\"http:\/\/institucional.ufrrj.br\/soc\/files\/2016\/05\/delib_005_1979.pdf\" target=\"_blank\" rel=\"noopener\">05\/1979<\/a><\/td>\n<\/tr>\n<tr class=\"row-6\">\n\t<td class=\"column-1\">Eng. Agr\u00f4nomo Dr. Luis Sim\u00f5es Lopes<\/td><td class=\"column-2\">Doutor Honoris Causa<\/td><td class=\"column-3\"><a href=\"http:\/\/institucional.ufrrj.br\/soc\/files\/2016\/05\/delib_023_1985.pdf\" target=\"_blank\" rel=\"noopener\">23\/1985<\/a><\/td>\n<\/tr>\n<tr class=\"row-7\">\n\t<td class=\"column-1\">Marcos Kogan<\/td><td class=\"column-2\">Doutor Honoris Causa<\/td><td class=\"column-3\"><a href=\"http:\/\/institucional.ufrrj.br\/soc\/files\/2016\/05\/delib_039_1992.pdf\" target=\"_blank\" rel=\"noopener\">39\/1992<\/a><\/td>\n<\/tr>\n<tr class=\"row-8\">\n\t<td class=\"column-1\">Paulo Freire<\/td><td class=\"column-2\">Doutor Honoris Causa<\/td><td class=\"column-3\"><a href=\"http:\/\/institucional.ufrrj.br\/soc\/files\/2016\/05\/delib_012_1993.pdf\" target=\"_blank\" rel=\"noopener\">12\/1993<\/a><\/td>\n<\/tr>\n<tr class=\"row-9\">\n\t<td class=\"column-1\">Herbert Jos\u00e9 de Souza<\/td><td class=\"column-2\">Doutor Honoris Causa<\/td><td class=\"column-3\"><a href=\"http:\/\/institucional.ufrrj.br\/soc\/files\/2016\/05\/delib_026_1994.pdf\" target=\"_blank\" rel=\"noopener\">26\/1994<\/a><\/td>\n<\/tr>\n<tr class=\"row-10\">\n\t<td class=\"column-1\">Ex-Ministro da Educa\u00e7\u00e3o Mur\u00edlio de Avelar Hingel<\/td><td class=\"column-2\">Doutor Honoris Causa<\/td><td class=\"column-3\"><a href=\"http:\/\/institucional.ufrrj.br\/soc\/files\/2016\/05\/delib_014_1996.pdf\" target=\"_blank\" rel=\"noopener\">14\/1996<\/a><\/td>\n<\/tr>\n<tr class=\"row-11\">\n\t<td class=\"column-1\">Professor Otto Richard Gottilieb<\/td><td class=\"column-2\">Doutor Honoris Causa<\/td><td class=\"column-3\"><a href=\"http:\/\/institucional.ufrrj.br\/soc\/files\/2016\/05\/delib_033_1996.pdf\" target=\"_blank\" rel=\"noopener\">33\/1996<\/a><\/td>\n<\/tr>\n<tr class=\"row-12\">\n\t<td class=\"column-1\">Professor Moacir Gadotti<\/td><td class=\"column-2\">Doutor Honoris Causa<\/td><td class=\"column-3\"><a href=\"http:\/\/institucional.ufrrj.br\/soc\/files\/2016\/05\/Delib38-99.pdf\" target=\"_blank\" rel=\"noopener\">38\/1999<\/a><\/td>\n<\/tr>\n<tr class=\"row-13\">\n\t<td class=\"column-1\">Professor Nelson Papavero<\/td><td class=\"column-2\">Doutor Honoris Causa<\/td><td class=\"column-3\"><a href=\"http:\/\/institucional.ufrrj.br\/soc\/files\/2016\/05\/Delib12-2005.pdf\" target=\"_blank\" rel=\"noopener\">12\/2005<\/a><\/td>\n<\/tr>\n<tr class=\"row-14\">\n\t<td class=\"column-1\">Presidente Luiz In\u00e1cio Lula da Silva<\/td><td class=\"column-2\">Doutor Honoris Causa<\/td><td class=\"column-3\"><a href=\"http:\/\/institucional.ufrrj.br\/soc\/files\/2016\/05\/Delib13-2005.pdf\" target=\"_blank\" rel=\"noopener\">13\/2005<\/a><\/td>\n<\/tr>\n<tr class=\"row-15\">\n\t<td class=\"column-1\">Arquiteto Oscar Niemeyer<\/td><td class=\"column-2\">Doutor Honoris Causa<\/td><td class=\"column-3\"><a href=\"http:\/\/institucional.ufrrj.br\/soc\/files\/2016\/05\/Delib-25-2009-CONSU.pdf\" target=\"_blank\" rel=\"noopener\">25\/2009<\/a><\/td>\n<\/tr>\n<tr class=\"row-16\">\n\t<td class=\"column-1\">Te\u00f3logo LEONARDO BOFF<\/td><td class=\"column-2\">Doutor Honoris Causa<\/td><td class=\"column-3\"><a href=\"http:\/\/institucional.ufrrj.br\/soc\/files\/2018\/07\/Delib067CONSU2010.pdf\" target=\"_blank\" rel=\"noopener\">067\/2010<\/a><\/td>\n<\/tr>\n<tr class=\"row-17\">\n\t<td class=\"column-1\">Pesquisador, Escritor e Compositor NEI LOPES<\/td><td class=\"column-2\">Doutor Honoris Causa<\/td><td class=\"column-3\"><a href=\"http:\/\/institucional.ufrrj.br\/soc\/files\/2017\/05\/Delib044CONSU2012.pdf\" target=\"_blank\" rel=\"noopener\">044\/2012<\/a><\/td>\n<\/tr>\n<tr class=\"row-18\">\n\t<td class=\"column-1\">Professor CIRO FLAMARION SANTANA CARDOSO<\/td><td class=\"column-2\">Doutor Honoris Causa<\/td><td class=\"column-3\"><a href=\"http:\/\/institucional.ufrrj.br\/soc\/files\/2017\/05\/Delib045CONSU2012.pdf\" target=\"_blank\" rel=\"noopener\">045\/2012<\/a><\/td>\n<\/tr>\n<tr class=\"row-19\">\n\t<td class=\"column-1\">Professor JOS\u00c9 MURILO DE CARVALHO<\/td><td class=\"column-2\">Doutor Honoris Causa<\/td><td class=\"column-3\"><a href=\"http:\/\/institucional.ufrrj.br\/soc\/files\/2016\/04\/Delib032CONSU2013.pdf\" target=\"_blank\" rel=\"noopener\">032\/2013<\/a><\/td>\n<\/tr>\n<tr class=\"row-20\">\n\t<td class=\"column-1\">Professor LUIZ BEVILACQUA<\/td><td class=\"column-2\">Doutor Honoris Causa<\/td><td class=\"column-3\"><a href=\"http:\/\/institucional.ufrrj.br\/soc\/files\/2017\/05\/Delib024CONSU2017.pdf\" target=\"_blank\" rel=\"noopener\">024\/2017<\/a><\/td>\n<\/tr>\n<tr class=\"row-21\">\n\t<td class=\"column-1\">Professor MARIANAO ZATORRE<\/td><td class=\"column-2\">Doutor Honoris Causa<\/td><td class=\"column-3\"><a href=\"https:\/\/institucional.ufrrj.br\/soc\/files\/2023\/05\/Delib-137-CONSU-2023.pdf\">137\/2023<\/a><\/td>\n<\/tr>\n<tr class=\"row-22\">\n\t<td class=\"column-1\">Professor RICARDO MAGNUS OS\u00d3RIO GALV\u00c3O<\/td><td class=\"column-2\">Doutor Honoris Causa<\/td><td class=\"column-3\"><a href=\"https:\/\/institucional.ufrrj.br\/soc\/files\/2023\/08\/Delib-362-CONSU-2023.pdf\">362\/2023<\/a><\/td>\n<\/tr>\n<tr class=\"row-23\">\n\t<td class=\"column-1\">Economista PAULO NOGUEIRA BATISTA JUNIOR<\/td><td class=\"column-2\">Doutor Honoris Causa<\/td><td class=\"column-3\"><a href=\"https:\/\/institucional.ufrrj.br\/soc\/files\/2024\/02\/Delib-42-CONSU.pdf\">42\/2024<\/a><\/td>\n<\/tr>\n<tr class=\"row-24\">\n\t<td class=\"column-1\">Professor JOS\u00c9 WILHANE PINTO ARA\u00daJO<\/td><td class=\"column-2\">Doutor Honoris Causa<\/td><td class=\"column-3\"><a href=\"https:\/\/institucional.ufrrj.br\/soc\/files\/2024\/05\/Delib-225-CONSU-2024.pdf\">225\/2024<\/a><\/td>\n<\/tr>\n<tr class=\"row-25\">\n\t<td class=\"column-1\">Deputada Federal BENEDITA SOUSA DA SILVA SAMPAIO<\/td><td class=\"column-2\">Doutor Honoris Causa<\/td><td class=\"column-3\"><a href=\"https:\/\/institucional.ufrrj.br\/soc\/files\/2024\/07\/Delibe-336-CONSU-2024.pdf\">336\/2024<\/a><\/td>\n<\/tr>\n<tr class=\"row-26\">\n\t<td class=\"column-1\">Deputada Federal \u00c9RIKA HILTON<\/td><td class=\"column-2\">Doutor Honoris Causa<\/td><td class=\"column-3\"><a href=\"https:\/\/institucional.ufrrj.br\/soc\/files\/2026\/04\/DELIBERACAO-98-CONSU.pdf\">98\/2026<\/a><\/td>\n<\/tr>\n<tr class=\"row-27\">\n\t<td class=\"column-1\">Integrantes da Banda OS PARALAMAS DO SUCESSO<\/td><td class=\"column-2\">Doutor Honoris Causa<\/td><td class=\"column-3\"><a href=\"https:\/\/institucional.ufrrj.br\/soc\/files\/2026\/04\/DELIBERACAO-99-CONSU-2.pdf\">99\/2026<\/a><\/td>\n<\/tr>\n<\/tbody>\n<\/table>\n<!-- #tablepress-5 from cache -->\n","protected":false},"excerpt":{"rendered":"","protected":false},"author":427,"featured_media":0,"parent":1000,"menu_order":0,"comment_status":"closed","ping_status":"closed","template":"","meta":{"_acf_changed":false,"footnotes":"","_links_to":"","_links_to_target":""},"class_list":["post-1233","page","type-page","status-publish","hentry"],"yoast_head":"<!-- This site is optimized with the Yoast SEO plugin v27.2 - https:\/\/yoast.com\/product\/yoast-seo-wordpress\/ -->\n<title>HONORIS CAUSA - SOC<\/title>\n<meta name=\"robots\" content=\"index, follow, max-snippet:-1, max-image-preview:large, max-video-preview:-1\" \/>\n<link rel=\"canonical\" href=\"https:\/\/institucional.ufrrj.br\/soc\/conselho-universitario-2\/dignidades-universitarias\/honoris-causa\/\" \/>\n<meta property=\"og:locale\" content=\"pt_BR\" \/>\n<meta property=\"og:type\" content=\"article\" \/>\n<meta property=\"og:title\" content=\"HONORIS CAUSA - SOC\" \/>\n<meta property=\"og:url\" content=\"https:\/\/institucional.ufrrj.br\/soc\/conselho-universitario-2\/dignidades-universitarias\/honoris-causa\/\" \/>\n<meta property=\"og:site_name\" content=\"SOC\" \/>\n<meta property=\"article:modified_time\" content=\"2016-05-19T19:09:34+00:00\" \/>\n<meta name=\"twitter:card\" content=\"summary_large_image\" \/>\n<script type=\"application\/ld+json\" class=\"yoast-schema-graph\">{\"@context\":\"https:\/\/schema.org\",\"@graph\":[{\"@type\":\"WebPage\",\"@id\":\"https:\/\/institucional.ufrrj.br\/soc\/conselho-universitario-2\/dignidades-universitarias\/honoris-causa\/\",\"url\":\"https:\/\/institucional.ufrrj.br\/soc\/conselho-universitario-2\/dignidades-universitarias\/honoris-causa\/\",\"name\":\"HONORIS CAUSA - SOC\",\"isPartOf\":{\"@id\":\"https:\/\/institucional.ufrrj.br\/soc\/#website\"},\"datePublished\":\"2016-05-19T18:33:24+00:00\",\"dateModified\":\"2016-05-19T19:09:34+00:00\",\"breadcrumb\":{\"@id\":\"https:\/\/institucional.ufrrj.br\/soc\/conselho-universitario-2\/dignidades-universitarias\/honoris-causa\/#breadcrumb\"},\"inLanguage\":\"pt-BR\",\"potentialAction\":[{\"@type\":\"ReadAction\",\"target\":[\"https:\/\/institucional.ufrrj.br\/soc\/conselho-universitario-2\/dignidades-universitarias\/honoris-causa\/\"]}]},{\"@type\":\"BreadcrumbList\",\"@id\":\"https:\/\/institucional.ufrrj.br\/soc\/conselho-universitario-2\/dignidades-universitarias\/honoris-causa\/#breadcrumb\",\"itemListElement\":[{\"@type\":\"ListItem\",\"position\":1,\"name\":\"In\u00edcio\",\"item\":\"https:\/\/institucional.ufrrj.br\/soc\/\"},{\"@type\":\"ListItem\",\"position\":2,\"name\":\"CONSELHO UNIVERSIT\u00c1RIO\",\"item\":\"https:\/\/institucional.ufrrj.br\/soc\/conselho-universitario-2\/\"},{\"@type\":\"ListItem\",\"position\":3,\"name\":\"Dignidades Universit\u00e1rias\",\"item\":\"https:\/\/institucional.ufrrj.br\/soc\/conselho-universitario-2\/dignidades-universitarias\/\"},{\"@type\":\"ListItem\",\"position\":4,\"name\":\"HONORIS CAUSA\"}]},{\"@type\":\"WebSite\",\"@id\":\"https:\/\/institucional.ufrrj.br\/soc\/#website\",\"url\":\"https:\/\/institucional.ufrrj.br\/soc\/\",\"name\":\"SOC\",\"description\":\"Secretaria dos \u00d3rg\u00e3os Colegiados - UFRRJ\",\"potentialAction\":[{\"@type\":\"SearchAction\",\"target\":{\"@type\":\"EntryPoint\",\"urlTemplate\":\"https:\/\/institucional.ufrrj.br\/soc\/?s={search_term_string}\"},\"query-input\":{\"@type\":\"PropertyValueSpecification\",\"valueRequired\":true,\"valueName\":\"search_term_string\"}}],\"inLanguage\":\"pt-BR\"}]}<\/script>\n<!-- \/ Yoast SEO plugin. -->","yoast_head_json":{"title":"HONORIS CAUSA - SOC","robots":{"index":"index","follow":"follow","max-snippet":"max-snippet:-1","max-image-preview":"max-image-preview:large","max-video-preview":"max-video-preview:-1"},"canonical":"https:\/\/institucional.ufrrj.br\/soc\/conselho-universitario-2\/dignidades-universitarias\/honoris-causa\/","og_locale":"pt_BR","og_type":"article","og_title":"HONORIS CAUSA - SOC","og_url":"https:\/\/institucional.ufrrj.br\/soc\/conselho-universitario-2\/dignidades-universitarias\/honoris-causa\/","og_site_name":"SOC","article_modified_time":"2016-05-19T19:09:34+00:00","twitter_card":"summary_large_image","schema":{"@context":"https:\/\/schema.org","@graph":[{"@type":"WebPage","@id":"https:\/\/institucional.ufrrj.br\/soc\/conselho-universitario-2\/dignidades-universitarias\/honoris-causa\/","url":"https:\/\/institucional.ufrrj.br\/soc\/conselho-universitario-2\/dignidades-universitarias\/honoris-causa\/","name":"HONORIS CAUSA - SOC","isPartOf":{"@id":"https:\/\/institucional.ufrrj.br\/soc\/#website"},"datePublished":"2016-05-19T18:33:24+00:00","dateModified":"2016-05-19T19:09:34+00:00","breadcrumb":{"@id":"https:\/\/institucional.ufrrj.br\/soc\/conselho-universitario-2\/dignidades-universitarias\/honoris-causa\/#breadcrumb"},"inLanguage":"pt-BR","potentialAction":[{"@type":"ReadAction","target":["https:\/\/institucional.ufrrj.br\/soc\/conselho-universitario-2\/dignidades-universitarias\/honoris-causa\/"]}]},{"@type":"BreadcrumbList","@id":"https:\/\/institucional.ufrrj.br\/soc\/conselho-universitario-2\/dignidades-universitarias\/honoris-causa\/#breadcrumb","itemListElement":[{"@type":"ListItem","position":1,"name":"In\u00edcio","item":"https:\/\/institucional.ufrrj.br\/soc\/"},{"@type":"ListItem","position":2,"name":"CONSELHO UNIVERSIT\u00c1RIO","item":"https:\/\/institucional.ufrrj.br\/soc\/conselho-universitario-2\/"},{"@type":"ListItem","position":3,"name":"Dignidades Universit\u00e1rias","item":"https:\/\/institucional.ufrrj.br\/soc\/conselho-universitario-2\/dignidades-universitarias\/"},{"@type":"ListItem","position":4,"name":"HONORIS CAUSA"}]},{"@type":"WebSite","@id":"https:\/\/institucional.ufrrj.br\/soc\/#website","url":"https:\/\/institucional.ufrrj.br\/soc\/","name":"SOC","description":"Secretaria dos \u00d3rg\u00e3os Colegiados - UFRRJ","potentialAction":[{"@type":"SearchAction","target":{"@type":"EntryPoint","urlTemplate":"https:\/\/institucional.ufrrj.br\/soc\/?s={search_term_string}"},"query-input":{"@type":"PropertyValueSpecification","valueRequired":true,"valueName":"search_term_string"}}],"inLanguage":"pt-BR"}]}},"acf":[],"_links":{"self":[{"href":"https:\/\/institucional.ufrrj.br\/soc\/wp-json\/wp\/v2\/pages\/1233","targetHints":{"allow":["GET"]}}],"collection":[{"href":"https:\/\/institucional.ufrrj.br\/soc\/wp-json\/wp\/v2\/pages"}],"about":[{"href":"https:\/\/institucional.ufrrj.br\/soc\/wp-json\/wp\/v2\/types\/page"}],"author":[{"embeddable":true,"href":"https:\/\/institucional.ufrrj.br\/soc\/wp-json\/wp\/v2\/users\/427"}],"replies":[{"embeddable":true,"href":"https:\/\/institucional.ufrrj.br\/soc\/wp-json\/wp\/v2\/comments?post=1233"}],"version-history":[{"count":4,"href":"https:\/\/institucional.ufrrj.br\/soc\/wp-json\/wp\/v2\/pages\/1233\/revisions"}],"predecessor-version":[{"id":1241,"href":"https:\/\/institucional.ufrrj.br\/soc\/wp-json\/wp\/v2\/pages\/1233\/revisions\/1241"}],"up":[{"embeddable":true,"href":"https:\/\/institucional.ufrrj.br\/soc\/wp-json\/wp\/v2\/pages\/1000"}],"wp:attachment":[{"href":"https:\/\/institucional.ufrrj.br\/soc\/wp-json\/wp\/v2\/media?parent=1233"}],"curies":[{"name":"wp","href":"https:\/\/api.w.org\/{rel}","templated":true}]}}