{"id":1000,"date":"2016-05-10T19:35:19","date_gmt":"2016-05-10T19:35:19","guid":{"rendered":"http:\/\/institucional.ufrrj.br\/soc\/?page_id=1000"},"modified":"2016-05-24T16:58:24","modified_gmt":"2016-05-24T16:58:24","slug":"dignidades-universitarias","status":"publish","type":"page","link":"https:\/\/institucional.ufrrj.br\/soc\/conselho-universitario-2\/dignidades-universitarias\/","title":{"rendered":"Dignidades Universit\u00e1rias"},"content":{"rendered":"<ul>\n<li style=\"text-align: left\"><a href=\"https:\/\/institucional.ufrrj.br\/soc\/files\/2016\/05\/Delib015CONSU2012_ESTATUTO_REGIMENTO.pdf\" target=\"_blank\">Delibera\u00e7\u00e3o n\u00ba15 de 2012<\/a> \u2013 da aprova\u00e7\u00e3o do Estatuto e Regimento Geral da UFRRJ. Artigos que regulamentam os procedimentos para a concess\u00e3o de homenagens.<\/li>\n<li style=\"text-align: left\"><a href=\"https:\/\/institucional.ufrrj.br\/soc\/files\/2016\/05\/Delib-26-CONSU-2010-ver-redacao-item-3-anexo-II.pdf\" target=\"_blank\">Delibera\u00e7\u00e3o n\u00ba 26 de 2010<\/a> \u2013 da Medalha comemorativa do centen\u00e1rio de origem da UFRRJ.<\/li>\n<li style=\"text-align: left\"><a href=\"https:\/\/institucional.ufrrj.br\/soc\/files\/2016\/05\/delib_014_1991.pdf\" target=\"_blank\">Delibera\u00e7\u00e3o n\u00ba 14 de 1991<\/a> \u2013 das normas de dignidades universit\u00e1rias.<\/li>\n<\/ul>\n<p>&nbsp;<\/p>\n<ul>\n<li><a href=\"https:\/\/institucional.ufrrj.br\/soc\/?page_id=1233\">Honoris Causa<\/a><\/li>\n<li><a href=\"https:\/\/institucional.ufrrj.br\/soc\/?page_id=1242\">Professor Em\u00e9rito<\/a><\/li>\n<li><a href=\"https:\/\/institucional.ufrrj.br\/soc\/?page_id=1250\">Medalha do M\u00e9rito Universit\u00e1rio<\/a><\/li>\n<li><a href=\"https:\/\/institucional.ufrrj.br\/soc\/?page_id=1258\">Comenda do M\u00e9rito Universit\u00e1rio<\/a><\/li>\n<\/ul>\n","protected":false},"excerpt":{"rendered":"<p>Delibera\u00e7\u00e3o n\u00ba15 de 2012 \u2013 da aprova\u00e7\u00e3o do Estatuto e Regimento Geral da UFRRJ. Artigos que regulamentam os procedimentos para <a class=\"read-more\" style=\"font-size:12px;\" href=\"https:\/\/institucional.ufrrj.br\/soc\/conselho-universitario-2\/dignidades-universitarias\/\">&#8230; Continue lendo <i class=\"fa fa-long-arrow-right\"><\/i><\/a><\/p>\n","protected":false},"author":427,"featured_media":0,"parent":187,"menu_order":0,"comment_status":"closed","ping_status":"closed","template":"","meta":{"_acf_changed":false,"footnotes":"","_links_to":"","_links_to_target":""},"class_list":["post-1000","page","type-page","status-publish","hentry"],"yoast_head":"<!-- This site is optimized with the Yoast SEO plugin v27.2 - https:\/\/yoast.com\/product\/yoast-seo-wordpress\/ -->\n<title>Dignidades Universit\u00e1rias - SOC<\/title>\n<meta name=\"robots\" content=\"index, follow, max-snippet:-1, max-image-preview:large, max-video-preview:-1\" \/>\n<link rel=\"canonical\" href=\"https:\/\/institucional.ufrrj.br\/soc\/conselho-universitario-2\/dignidades-universitarias\/\" \/>\n<meta property=\"og:locale\" content=\"pt_BR\" \/>\n<meta property=\"og:type\" content=\"article\" \/>\n<meta property=\"og:title\" content=\"Dignidades Universit\u00e1rias - SOC\" \/>\n<meta property=\"og:description\" content=\"Delibera\u00e7\u00e3o n\u00ba15 de 2012 \u2013 da aprova\u00e7\u00e3o do Estatuto e Regimento Geral da UFRRJ. Artigos que regulamentam os procedimentos para ... Continue lendo\" \/>\n<meta property=\"og:url\" content=\"https:\/\/institucional.ufrrj.br\/soc\/conselho-universitario-2\/dignidades-universitarias\/\" \/>\n<meta property=\"og:site_name\" content=\"SOC\" \/>\n<meta property=\"article:modified_time\" content=\"2016-05-24T16:58:24+00:00\" \/>\n<meta name=\"twitter:card\" content=\"summary_large_image\" \/>\n<script type=\"application\/ld+json\" class=\"yoast-schema-graph\">{\"@context\":\"https:\/\/schema.org\",\"@graph\":[{\"@type\":\"WebPage\",\"@id\":\"https:\/\/institucional.ufrrj.br\/soc\/conselho-universitario-2\/dignidades-universitarias\/\",\"url\":\"https:\/\/institucional.ufrrj.br\/soc\/conselho-universitario-2\/dignidades-universitarias\/\",\"name\":\"Dignidades Universit\u00e1rias - SOC\",\"isPartOf\":{\"@id\":\"https:\/\/institucional.ufrrj.br\/soc\/#website\"},\"datePublished\":\"2016-05-10T19:35:19+00:00\",\"dateModified\":\"2016-05-24T16:58:24+00:00\",\"breadcrumb\":{\"@id\":\"https:\/\/institucional.ufrrj.br\/soc\/conselho-universitario-2\/dignidades-universitarias\/#breadcrumb\"},\"inLanguage\":\"pt-BR\",\"potentialAction\":[{\"@type\":\"ReadAction\",\"target\":[\"https:\/\/institucional.ufrrj.br\/soc\/conselho-universitario-2\/dignidades-universitarias\/\"]}]},{\"@type\":\"BreadcrumbList\",\"@id\":\"https:\/\/institucional.ufrrj.br\/soc\/conselho-universitario-2\/dignidades-universitarias\/#breadcrumb\",\"itemListElement\":[{\"@type\":\"ListItem\",\"position\":1,\"name\":\"In\u00edcio\",\"item\":\"https:\/\/institucional.ufrrj.br\/soc\/\"},{\"@type\":\"ListItem\",\"position\":2,\"name\":\"CONSELHO UNIVERSIT\u00c1RIO\",\"item\":\"https:\/\/institucional.ufrrj.br\/soc\/conselho-universitario-2\/\"},{\"@type\":\"ListItem\",\"position\":3,\"name\":\"Dignidades Universit\u00e1rias\"}]},{\"@type\":\"WebSite\",\"@id\":\"https:\/\/institucional.ufrrj.br\/soc\/#website\",\"url\":\"https:\/\/institucional.ufrrj.br\/soc\/\",\"name\":\"SOC\",\"description\":\"Secretaria dos \u00d3rg\u00e3os Colegiados - UFRRJ\",\"potentialAction\":[{\"@type\":\"SearchAction\",\"target\":{\"@type\":\"EntryPoint\",\"urlTemplate\":\"https:\/\/institucional.ufrrj.br\/soc\/?s={search_term_string}\"},\"query-input\":{\"@type\":\"PropertyValueSpecification\",\"valueRequired\":true,\"valueName\":\"search_term_string\"}}],\"inLanguage\":\"pt-BR\"}]}<\/script>\n<!-- \/ Yoast SEO plugin. -->","yoast_head_json":{"title":"Dignidades Universit\u00e1rias - SOC","robots":{"index":"index","follow":"follow","max-snippet":"max-snippet:-1","max-image-preview":"max-image-preview:large","max-video-preview":"max-video-preview:-1"},"canonical":"https:\/\/institucional.ufrrj.br\/soc\/conselho-universitario-2\/dignidades-universitarias\/","og_locale":"pt_BR","og_type":"article","og_title":"Dignidades Universit\u00e1rias - SOC","og_description":"Delibera\u00e7\u00e3o n\u00ba15 de 2012 \u2013 da aprova\u00e7\u00e3o do Estatuto e Regimento Geral da UFRRJ. Artigos que regulamentam os procedimentos para ... Continue lendo","og_url":"https:\/\/institucional.ufrrj.br\/soc\/conselho-universitario-2\/dignidades-universitarias\/","og_site_name":"SOC","article_modified_time":"2016-05-24T16:58:24+00:00","twitter_card":"summary_large_image","schema":{"@context":"https:\/\/schema.org","@graph":[{"@type":"WebPage","@id":"https:\/\/institucional.ufrrj.br\/soc\/conselho-universitario-2\/dignidades-universitarias\/","url":"https:\/\/institucional.ufrrj.br\/soc\/conselho-universitario-2\/dignidades-universitarias\/","name":"Dignidades Universit\u00e1rias - SOC","isPartOf":{"@id":"https:\/\/institucional.ufrrj.br\/soc\/#website"},"datePublished":"2016-05-10T19:35:19+00:00","dateModified":"2016-05-24T16:58:24+00:00","breadcrumb":{"@id":"https:\/\/institucional.ufrrj.br\/soc\/conselho-universitario-2\/dignidades-universitarias\/#breadcrumb"},"inLanguage":"pt-BR","potentialAction":[{"@type":"ReadAction","target":["https:\/\/institucional.ufrrj.br\/soc\/conselho-universitario-2\/dignidades-universitarias\/"]}]},{"@type":"BreadcrumbList","@id":"https:\/\/institucional.ufrrj.br\/soc\/conselho-universitario-2\/dignidades-universitarias\/#breadcrumb","itemListElement":[{"@type":"ListItem","position":1,"name":"In\u00edcio","item":"https:\/\/institucional.ufrrj.br\/soc\/"},{"@type":"ListItem","position":2,"name":"CONSELHO UNIVERSIT\u00c1RIO","item":"https:\/\/institucional.ufrrj.br\/soc\/conselho-universitario-2\/"},{"@type":"ListItem","position":3,"name":"Dignidades Universit\u00e1rias"}]},{"@type":"WebSite","@id":"https:\/\/institucional.ufrrj.br\/soc\/#website","url":"https:\/\/institucional.ufrrj.br\/soc\/","name":"SOC","description":"Secretaria dos \u00d3rg\u00e3os Colegiados - UFRRJ","potentialAction":[{"@type":"SearchAction","target":{"@type":"EntryPoint","urlTemplate":"https:\/\/institucional.ufrrj.br\/soc\/?s={search_term_string}"},"query-input":{"@type":"PropertyValueSpecification","valueRequired":true,"valueName":"search_term_string"}}],"inLanguage":"pt-BR"}]}},"acf":[],"_links":{"self":[{"href":"https:\/\/institucional.ufrrj.br\/soc\/wp-json\/wp\/v2\/pages\/1000","targetHints":{"allow":["GET"]}}],"collection":[{"href":"https:\/\/institucional.ufrrj.br\/soc\/wp-json\/wp\/v2\/pages"}],"about":[{"href":"https:\/\/institucional.ufrrj.br\/soc\/wp-json\/wp\/v2\/types\/page"}],"author":[{"embeddable":true,"href":"https:\/\/institucional.ufrrj.br\/soc\/wp-json\/wp\/v2\/users\/427"}],"replies":[{"embeddable":true,"href":"https:\/\/institucional.ufrrj.br\/soc\/wp-json\/wp\/v2\/comments?post=1000"}],"version-history":[{"count":9,"href":"https:\/\/institucional.ufrrj.br\/soc\/wp-json\/wp\/v2\/pages\/1000\/revisions"}],"predecessor-version":[{"id":1260,"href":"https:\/\/institucional.ufrrj.br\/soc\/wp-json\/wp\/v2\/pages\/1000\/revisions\/1260"}],"up":[{"embeddable":true,"href":"https:\/\/institucional.ufrrj.br\/soc\/wp-json\/wp\/v2\/pages\/187"}],"wp:attachment":[{"href":"https:\/\/institucional.ufrrj.br\/soc\/wp-json\/wp\/v2\/media?parent=1000"}],"curies":[{"name":"wp","href":"https:\/\/api.w.org\/{rel}","templated":true}]}}