{"id":7,"date":"2018-03-28T14:56:08","date_gmt":"2018-03-28T17:56:08","guid":{"rendered":"http:\/\/institucional.ufrrj.br\/sisgen\/?page_id=7"},"modified":"2024-10-31T10:04:51","modified_gmt":"2024-10-31T13:04:51","slug":"sobre-a-comissao","status":"publish","type":"page","link":"https:\/\/institucional.ufrrj.br\/sisgen\/","title":{"rendered":"Sobre a Comiss\u00e3o"},"content":{"rendered":"<p>Com a Lei 13.123\/2015, que regula o acesso e explora\u00e7\u00e3o do patrim\u00f4nio gen\u00e9tico e conhecimentos tradicionais associados, as pesquisas com o patrim\u00f4nio gen\u00e9tico brasileiro (plantas, animais e microorganismos) e com conhecimento tradicional associado, <b>necessitam de cadastramento eletr\u00f4nico no Sistema Nacional de Gest\u00e3o do Patrim\u00f4nio Gen\u00e9tico \u2013 <\/b><b>SisGen<\/b><b> do Minist\u00e9rio do Meio Ambiente.<\/b><\/p>\n<p>&nbsp;<\/p>\n<p><span style=\"font-weight: 400\">Com o objetivo de divulgar, orientar e supervisionar os Pesquisadores da UFRRJ sobre os procedimentos para o cadastro de acessos no Sistema Nacional de Gest\u00e3o do Patrim\u00f4nio Gen\u00e9tico e do Conhecimento Tradicional Associado \u2013 SisGen, foi criada a\u00a0<strong>Comiss\u00e3o de Gest\u00e3o do Patrim\u00f4nio Gen\u00e9tico e de Conhecimento Tradicional Associado da UFRRJ<\/strong> em 17 de novembro de 2017, que atuou com tr\u00eas composi\u00e7\u00f5es, at\u00e9 2021. A atual Comiss\u00e3o, designada pelo Pr\u00f3-reitor de Pesquisa e P\u00f3s-gradua\u00e7\u00e3o da UFRRJ, Prof. Jos\u00e9 Luis Fernando Luque Alejos, representante legal da UFRRJ junto ao SisGen (<a href=\"https:\/\/sipac.ufrrj.br\/public\/jsp\/documentos\/documento_visualizacao.jsf?idDoc=1686121\" target=\"_blank\" rel=\"noopener\">Portaria 5988, de 8 de outubro de 2024<\/a>), <\/span><b>\u00e9 composta por:<\/b><\/p>\n<p>&nbsp;<\/p>\n<p><b>Denise Monnerat Nogueira (Presidente) <\/b>\u2013 <span style=\"font-weight: 400\">Departamento de Gen\u00e9tica, Instituto de Ci\u00eancias Biol\u00f3gicas e da Sa\u00fade (ICBS).<\/span><\/p>\n<p><b>Elisandra Lurdes Kern<\/b><span style=\"font-weight: 400\"> \u2013 Departamento de Gen\u00e9tica, ICBS.<\/span><span style=\"font-weight: 400\">\u00a0 \u00a0 \u00a0 \u00a0 \u00a0 \u00a0 \u00a0 \u00a0 \u00a0 \u00a0 \u00a0 \u00a0 \u00a0 \u00a0 \u00a0 \u00a0 \u00a0 \u00a0 \u00a0 \u00a0 \u00a0 \u00a0 \u00a0 \u00a0 \u00a0 \u00a0 \u00a0 \u00a0 \u00a0 \u00a0 \u00a0 \u00a0 \u00a0 \u00a0 \u00a0 \u00a0 \u00a0 \u00a0 \u00a0 \u00a0 \u00a0 \u00a0 \u00a0 \u00a0 \u00a0 \u00a0 \u00a0 \u00a0 \u00a0\u00a0<\/span><\/p>\n<p><b>Marilene Hilma dos Santos\u00a0<\/b><span style=\"font-weight: 400\">\u2013 Departamento de Gen\u00e9tica, ICBS.<\/span><\/p>\n<p><b>Marcelo da Costa Souza<\/b><span style=\"font-weight: 400\"> \u2013 Departamento de Bot\u00e2nica, ICBS.<\/span><\/p>\n<p><b>Pedro Corr\u00eaa Damasceno J\u00fanior<\/b> \u2013 Departamento de Agrotecnologias e Desenvolvimento Sustent\u00e1vel, Instituto de Agronomia (IA).<\/p>\n<p><b>Carlos Alberto Bucher<\/b><span style=\"font-weight: 400\"> \u2013 <\/span>Departamento de Agrotecnologias e Desenvolvimento Sustent\u00e1vel<span style=\"font-weight: 400\">, IA.<\/span><\/p>\n<p><b>Melissa Carvalho Machado do Couto Chambarelli<\/b><span style=\"font-weight: 400\"> \u2013 Departamento de Parasitologia Animal, Instituto de Veterin\u00e1ria (IV).<\/span><\/p>\n<p><b>Rog\u00e9rio Luiz da Silva<\/b><span style=\"font-weight: 400\"> \u2013 Departamento de Silvicultura, Instituto de Florestas (IF).<\/span><\/p>\n<p><b>Izabel Missagia de Mattos\u00a0<\/b><span style=\"font-weight: 400\">\u2013 Departamento de Ci\u00eancias Sociais, Instituto de Ci\u00eancias Humanas e Sociais (ICHS).<\/span><\/p>\n<p><strong>Adriana de Magalh\u00e3es Chaves Martins<\/strong> <span style=\"font-weight: 400\">\u2013 Departamento de Ci\u00eancias Sociais, Instituto de Ci\u00eancias Humanas e Sociais (ICHS).<\/span><\/p>\n<p><strong>Alessandro Moreira Lima<\/strong> <span style=\"font-weight: 400\">\u2013 <\/span> Instituto de Florestas (IF).<\/p>\n<p>&nbsp;<\/p>\n<p><span style=\"font-weight: 400\">Para informa\u00e7\u00f5es sobre a <\/span><b>atual<\/b> <b>Comiss\u00e3o, <\/b>acesse <a href=\"https:\/\/institucional.ufrrj.br\/sisgen\/files\/2024\/10\/Informacoes-para-serem-preenchidas-pelos-membros-da-Comissao.pdf\" target=\"_blank\" rel=\"noopener\"><em>aqui<\/em><\/a><b>, e suas atividades<\/b><span style=\"font-weight: 400\"> desde a sua implementa\u00e7\u00e3o em <\/span><b>dezembro de 2022<\/b><span style=\"font-weight: 400\">, acesse\u00a0<\/span><a href=\"https:\/\/institucional.ufrrj.br\/sisgen\/files\/2024\/10\/Relatorio_de_Gestao-2022_2023_Comissao_Sisgen-1.pdf\" target=\"_blank\" rel=\"noopener\"><i><span style=\"font-weight: 400\">aqui<\/span><\/i><\/a><span style=\"font-weight: 400\">\u00a0o RELAT\u00d3RIO DE GEST\u00c3O.<\/span><\/p>\n<p><span style=\"font-weight: 400\">Informa\u00e7\u00f5es sobre a <\/span><b>Comiss\u00e3o anterior e suas atividades<\/b><span style=\"font-weight: 400\"> desde a sua implementa\u00e7\u00e3o, acesse\u00a0<\/span><a href=\"https:\/\/institucional.ufrrj.br\/sisgen\/files\/2021\/11\/Relat%C3%B3rio-de-Gest%C3%A3o-2017_21-Comiss%C3%A3o-Sisgen-.pdf\" target=\"_blank\" rel=\"noopener\"><i><span style=\"font-weight: 400\">aqui<\/span><\/i><\/a><span style=\"font-weight: 400\">\u00a0o RELAT\u00d3RIO DE GEST\u00c3O do <\/span><b>per\u00edodo de 2017-2021<\/b><span style=\"font-weight: 400\">.<\/span><\/p>\n<p>&nbsp;<\/p>\n<p>&nbsp;<\/p>\n<p>&nbsp;<\/p>\n<p>&nbsp;<\/p>\n","protected":false},"excerpt":{"rendered":"<p>Com a Lei 13.123\/2015, que regula o acesso e explora\u00e7\u00e3o do patrim\u00f4nio gen\u00e9tico e conhecimentos tradicionais associados, as pesquisas com <a class=\"read-more leiamais\" href=\"https:\/\/institucional.ufrrj.br\/sisgen\/ \">&#8230; leia mais<\/a><\/p>\n","protected":false},"author":634,"featured_media":0,"parent":0,"menu_order":0,"comment_status":"closed","ping_status":"closed","template":"","meta":{"_acf_changed":false,"footnotes":""},"class_list":["post-7","page","type-page","status-publish","hentry"],"yoast_head":"<!-- This site is optimized with the Yoast SEO plugin v27.2 - https:\/\/yoast.com\/product\/yoast-seo-wordpress\/ -->\n<title>Sobre a Comiss\u00e3o - Site da Comiss\u00e3o de Patrim\u00f4nio Gen\u00e9tico e do Conhecimento Tradicional Associado<\/title>\n<meta name=\"robots\" content=\"index, follow, max-snippet:-1, max-image-preview:large, max-video-preview:-1\" \/>\n<link rel=\"canonical\" href=\"https:\/\/institucional.ufrrj.br\/sisgen\/\" \/>\n<meta property=\"og:locale\" content=\"pt_BR\" \/>\n<meta property=\"og:type\" content=\"article\" \/>\n<meta property=\"og:title\" content=\"Sobre a Comiss\u00e3o - Site da Comiss\u00e3o de Patrim\u00f4nio Gen\u00e9tico e do Conhecimento Tradicional Associado\" \/>\n<meta property=\"og:description\" content=\"Com a Lei 13.123\/2015, que regula o acesso e explora\u00e7\u00e3o do patrim\u00f4nio gen\u00e9tico e conhecimentos tradicionais associados, as pesquisas com ... leia mais\" \/>\n<meta property=\"og:url\" content=\"https:\/\/institucional.ufrrj.br\/sisgen\/\" \/>\n<meta property=\"og:site_name\" content=\"Site da Comiss\u00e3o de Patrim\u00f4nio Gen\u00e9tico e do Conhecimento Tradicional Associado\" \/>\n<meta property=\"article:modified_time\" content=\"2024-10-31T13:04:51+00:00\" \/>\n<meta name=\"twitter:card\" content=\"summary_large_image\" \/>\n<meta name=\"twitter:label1\" content=\"Est. tempo de leitura\" \/>\n\t<meta name=\"twitter:data1\" content=\"2 minutos\" \/>\n<script type=\"application\/ld+json\" class=\"yoast-schema-graph\">{\"@context\":\"https:\/\/schema.org\",\"@graph\":[{\"@type\":\"WebPage\",\"@id\":\"https:\/\/institucional.ufrrj.br\/sisgen\/\",\"url\":\"https:\/\/institucional.ufrrj.br\/sisgen\/\",\"name\":\"Sobre a Comiss\u00e3o - Site da Comiss\u00e3o de Patrim\u00f4nio Gen\u00e9tico e do Conhecimento Tradicional Associado\",\"isPartOf\":{\"@id\":\"https:\/\/institucional.ufrrj.br\/sisgen\/#website\"},\"datePublished\":\"2018-03-28T17:56:08+00:00\",\"dateModified\":\"2024-10-31T13:04:51+00:00\",\"breadcrumb\":{\"@id\":\"https:\/\/institucional.ufrrj.br\/sisgen\/#breadcrumb\"},\"inLanguage\":\"pt-BR\",\"potentialAction\":[{\"@type\":\"ReadAction\",\"target\":[\"https:\/\/institucional.ufrrj.br\/sisgen\/\"]}]},{\"@type\":\"BreadcrumbList\",\"@id\":\"https:\/\/institucional.ufrrj.br\/sisgen\/#breadcrumb\",\"itemListElement\":[{\"@type\":\"ListItem\",\"position\":1,\"name\":\"In\u00edcio\",\"item\":\"https:\/\/institucional.ufrrj.br\/sisgen\/\"},{\"@type\":\"ListItem\",\"position\":2,\"name\":\"Sobre a Comiss\u00e3o\"}]},{\"@type\":\"WebSite\",\"@id\":\"https:\/\/institucional.ufrrj.br\/sisgen\/#website\",\"url\":\"https:\/\/institucional.ufrrj.br\/sisgen\/\",\"name\":\"Site da Comiss\u00e3o de Patrim\u00f4nio Gen\u00e9tico e do Conhecimento Tradicional Associado\",\"description\":\"S\u00f3 mais um site institucional.ufrrj.br\",\"potentialAction\":[{\"@type\":\"SearchAction\",\"target\":{\"@type\":\"EntryPoint\",\"urlTemplate\":\"https:\/\/institucional.ufrrj.br\/sisgen\/?s={search_term_string}\"},\"query-input\":{\"@type\":\"PropertyValueSpecification\",\"valueRequired\":true,\"valueName\":\"search_term_string\"}}],\"inLanguage\":\"pt-BR\"}]}<\/script>\n<!-- \/ Yoast SEO plugin. -->","yoast_head_json":{"title":"Sobre a Comiss\u00e3o - Site da Comiss\u00e3o de Patrim\u00f4nio Gen\u00e9tico e do Conhecimento Tradicional Associado","robots":{"index":"index","follow":"follow","max-snippet":"max-snippet:-1","max-image-preview":"max-image-preview:large","max-video-preview":"max-video-preview:-1"},"canonical":"https:\/\/institucional.ufrrj.br\/sisgen\/","og_locale":"pt_BR","og_type":"article","og_title":"Sobre a Comiss\u00e3o - Site da Comiss\u00e3o de Patrim\u00f4nio Gen\u00e9tico e do Conhecimento Tradicional Associado","og_description":"Com a Lei 13.123\/2015, que regula o acesso e explora\u00e7\u00e3o do patrim\u00f4nio gen\u00e9tico e conhecimentos tradicionais associados, as pesquisas com ... leia mais","og_url":"https:\/\/institucional.ufrrj.br\/sisgen\/","og_site_name":"Site da Comiss\u00e3o de Patrim\u00f4nio Gen\u00e9tico e do Conhecimento Tradicional Associado","article_modified_time":"2024-10-31T13:04:51+00:00","twitter_card":"summary_large_image","twitter_misc":{"Est. tempo de leitura":"2 minutos"},"schema":{"@context":"https:\/\/schema.org","@graph":[{"@type":"WebPage","@id":"https:\/\/institucional.ufrrj.br\/sisgen\/","url":"https:\/\/institucional.ufrrj.br\/sisgen\/","name":"Sobre a Comiss\u00e3o - Site da Comiss\u00e3o de Patrim\u00f4nio Gen\u00e9tico e do Conhecimento Tradicional Associado","isPartOf":{"@id":"https:\/\/institucional.ufrrj.br\/sisgen\/#website"},"datePublished":"2018-03-28T17:56:08+00:00","dateModified":"2024-10-31T13:04:51+00:00","breadcrumb":{"@id":"https:\/\/institucional.ufrrj.br\/sisgen\/#breadcrumb"},"inLanguage":"pt-BR","potentialAction":[{"@type":"ReadAction","target":["https:\/\/institucional.ufrrj.br\/sisgen\/"]}]},{"@type":"BreadcrumbList","@id":"https:\/\/institucional.ufrrj.br\/sisgen\/#breadcrumb","itemListElement":[{"@type":"ListItem","position":1,"name":"In\u00edcio","item":"https:\/\/institucional.ufrrj.br\/sisgen\/"},{"@type":"ListItem","position":2,"name":"Sobre a Comiss\u00e3o"}]},{"@type":"WebSite","@id":"https:\/\/institucional.ufrrj.br\/sisgen\/#website","url":"https:\/\/institucional.ufrrj.br\/sisgen\/","name":"Site da Comiss\u00e3o de Patrim\u00f4nio Gen\u00e9tico e do Conhecimento Tradicional Associado","description":"S\u00f3 mais um site institucional.ufrrj.br","potentialAction":[{"@type":"SearchAction","target":{"@type":"EntryPoint","urlTemplate":"https:\/\/institucional.ufrrj.br\/sisgen\/?s={search_term_string}"},"query-input":{"@type":"PropertyValueSpecification","valueRequired":true,"valueName":"search_term_string"}}],"inLanguage":"pt-BR"}]}},"acf":[],"_links":{"self":[{"href":"https:\/\/institucional.ufrrj.br\/sisgen\/wp-json\/wp\/v2\/pages\/7","targetHints":{"allow":["GET"]}}],"collection":[{"href":"https:\/\/institucional.ufrrj.br\/sisgen\/wp-json\/wp\/v2\/pages"}],"about":[{"href":"https:\/\/institucional.ufrrj.br\/sisgen\/wp-json\/wp\/v2\/types\/page"}],"author":[{"embeddable":true,"href":"https:\/\/institucional.ufrrj.br\/sisgen\/wp-json\/wp\/v2\/users\/634"}],"replies":[{"embeddable":true,"href":"https:\/\/institucional.ufrrj.br\/sisgen\/wp-json\/wp\/v2\/comments?post=7"}],"version-history":[{"count":21,"href":"https:\/\/institucional.ufrrj.br\/sisgen\/wp-json\/wp\/v2\/pages\/7\/revisions"}],"predecessor-version":[{"id":710,"href":"https:\/\/institucional.ufrrj.br\/sisgen\/wp-json\/wp\/v2\/pages\/7\/revisions\/710"}],"wp:attachment":[{"href":"https:\/\/institucional.ufrrj.br\/sisgen\/wp-json\/wp\/v2\/media?parent=7"}],"curies":[{"name":"wp","href":"https:\/\/api.w.org\/{rel}","templated":true}]}}