{"id":26,"date":"2018-03-28T15:36:36","date_gmt":"2018-03-28T18:36:36","guid":{"rendered":"http:\/\/institucional.ufrrj.br\/sisgen\/?page_id=26"},"modified":"2018-11-02T23:39:13","modified_gmt":"2018-11-03T02:39:13","slug":"noticias","status":"publish","type":"page","link":"https:\/\/institucional.ufrrj.br\/sisgen\/noticias\/","title":{"rendered":"Not\u00edcias"},"content":{"rendered":"<p><strong>NOTA A COMUNIDADE UNIVERSIT\u00c1RIA DA UFRRJ<\/strong><\/p>\n<p>&nbsp;<\/p>\n<p>Em reuni\u00e3o extraordin\u00e1ria realizada na \u00faltima quarta-feira (31\/10\/18), o Conselho de Gest\u00e3o do Patrim\u00f4nio Gen\u00e9tico deliberou pela amplia\u00e7\u00e3o da aplica\u00e7\u00e3o do Termo de Compromisso (modelo Anexo VII), destinado \u00e0 regulariza\u00e7\u00e3o das atividades de Remessa, Bioprospec\u00e7\u00e3o e Desenvolvimento Tecnol\u00f3gico sem explora\u00e7\u00e3o econ\u00f4mica, para atender tamb\u00e9m \u00e0 regulariza\u00e7\u00e3o das atividades de pesquisa cient\u00edfica.<\/p>\n<p>&nbsp;<\/p>\n<p>Com o curto prazo (at\u00e9 dia 06\/11\/2018) para regulariza\u00e7\u00e3o das atividades de pesquisa com acesso ao patrim\u00f4nio gen\u00e9tico (PG) e\/ou ao conhecimento tradicional associado (CTA) desenvolvidas no per\u00edodo de 30 de junho de 2000 a\u00a016\u00a0de novembro de 2015, n\u00f3s da UFRRJ (numa conduta que tamb\u00e9m est\u00e1 sendo seguida pelas demais institui\u00e7\u00f5es publicas sediadas no Estado do Rio de Janeiro como UERJ, UFF, UFRJ e Fiocruz), optamos por assinar um Termo de Compromisso &#8220;guarda-chuva&#8221; que ser\u00e1 enviado \u00e0 Bras\u00edlia na segunda-feira 05\/11\/2018.<\/p>\n<p>&nbsp;<\/p>\n<p>Como resultado, todos os pesquisadores (que realizaram acesso ao PG e\/ou CTA sem explora\u00e7\u00e3o econ\u00f4mica de 30\/06\/2000 a 16\/11\/2015 e dentro do escopo da legisla\u00e7\u00e3o antiga) na UFRRJ ter\u00e3o at\u00e9 <strong>DOIS ANOS<\/strong> para preenchimento do cadastro no SisGen.<\/p>\n<p>&nbsp;<\/p>\n<p>Esta medida n\u00e3o se aplica a todas as pesquisas. Confira leste <a href=\"https:\/\/institucional.ufrrj.br\/sisgen\/files\/2018\/11\/Relac\u0327a\u0303o-das-atividades-que-na\u0303o-precisam-assinar-o-TC.pdf\"><strong>link<\/strong><\/a> a rela\u00e7\u00e3o das atividades que se enquadram como \u201cacesso ao patrim\u00f4nio gen\u00e9tico\u201d e que n\u00e3o precisam atender a chamada, pois nestes casos, o prazo de cadastro foi postergado para um ano ap\u00f3s o lan\u00e7amento da nova vers\u00e3o do SisGen.<\/p>\n<p>&nbsp;<\/p>\n<p>Para os pesquisadores que precisam se regularizar, recomendamos que entrem em contato com a Comiss\u00e3o SisGen-UFRRJ atrav\u00e9s do e-mail (<a href=\"mailto:sisgenruralrj@gmail.com\">sisgenruralrj@gmail.com<\/a>) para instru\u00e7\u00f5es sobre o processo de regulariza\u00e7\u00e3o.<\/p>\n<p>&nbsp;<\/p>\n<p>Comiss\u00e3o Sisgen-UFRRJ<\/p>\n<p>01\/11\/2018<\/p>\n","protected":false},"excerpt":{"rendered":"<p>NOTA A COMUNIDADE UNIVERSIT\u00c1RIA DA UFRRJ &nbsp; Em reuni\u00e3o extraordin\u00e1ria realizada na \u00faltima quarta-feira (31\/10\/18), o Conselho de Gest\u00e3o do <a class=\"read-more leiamais\" href=\"https:\/\/institucional.ufrrj.br\/sisgen\/noticias\/ \">&#8230; leia mais<\/a><\/p>\n","protected":false},"author":634,"featured_media":0,"parent":0,"menu_order":0,"comment_status":"closed","ping_status":"closed","template":"","meta":{"_acf_changed":false,"footnotes":""},"class_list":["post-26","page","type-page","status-publish","hentry"],"yoast_head":"<!-- This site is optimized with the Yoast SEO plugin v27.2 - https:\/\/yoast.com\/product\/yoast-seo-wordpress\/ -->\n<title>Not\u00edcias - Site da Comiss\u00e3o de Patrim\u00f4nio Gen\u00e9tico e do Conhecimento Tradicional Associado<\/title>\n<meta name=\"robots\" content=\"index, follow, max-snippet:-1, max-image-preview:large, max-video-preview:-1\" \/>\n<link rel=\"canonical\" href=\"https:\/\/institucional.ufrrj.br\/sisgen\/noticias\/\" \/>\n<meta property=\"og:locale\" content=\"pt_BR\" \/>\n<meta property=\"og:type\" content=\"article\" \/>\n<meta property=\"og:title\" content=\"Not\u00edcias - Site da Comiss\u00e3o de Patrim\u00f4nio Gen\u00e9tico e do Conhecimento Tradicional Associado\" \/>\n<meta property=\"og:description\" content=\"NOTA A COMUNIDADE UNIVERSIT\u00c1RIA DA UFRRJ &nbsp; Em reuni\u00e3o extraordin\u00e1ria realizada na \u00faltima quarta-feira (31\/10\/18), o Conselho de Gest\u00e3o do ... leia mais\" \/>\n<meta property=\"og:url\" content=\"https:\/\/institucional.ufrrj.br\/sisgen\/noticias\/\" \/>\n<meta property=\"og:site_name\" content=\"Site da Comiss\u00e3o de Patrim\u00f4nio Gen\u00e9tico e do Conhecimento Tradicional Associado\" \/>\n<meta property=\"article:modified_time\" content=\"2018-11-03T02:39:13+00:00\" \/>\n<meta name=\"twitter:card\" content=\"summary_large_image\" \/>\n<meta name=\"twitter:label1\" content=\"Est. tempo de leitura\" \/>\n\t<meta name=\"twitter:data1\" content=\"1 minuto\" \/>\n<script type=\"application\/ld+json\" class=\"yoast-schema-graph\">{\"@context\":\"https:\/\/schema.org\",\"@graph\":[{\"@type\":\"WebPage\",\"@id\":\"https:\/\/institucional.ufrrj.br\/sisgen\/noticias\/\",\"url\":\"https:\/\/institucional.ufrrj.br\/sisgen\/noticias\/\",\"name\":\"Not\u00edcias - Site da Comiss\u00e3o de Patrim\u00f4nio Gen\u00e9tico e do Conhecimento Tradicional Associado\",\"isPartOf\":{\"@id\":\"https:\/\/institucional.ufrrj.br\/sisgen\/#website\"},\"datePublished\":\"2018-03-28T18:36:36+00:00\",\"dateModified\":\"2018-11-03T02:39:13+00:00\",\"breadcrumb\":{\"@id\":\"https:\/\/institucional.ufrrj.br\/sisgen\/noticias\/#breadcrumb\"},\"inLanguage\":\"pt-BR\",\"potentialAction\":[{\"@type\":\"ReadAction\",\"target\":[\"https:\/\/institucional.ufrrj.br\/sisgen\/noticias\/\"]}]},{\"@type\":\"BreadcrumbList\",\"@id\":\"https:\/\/institucional.ufrrj.br\/sisgen\/noticias\/#breadcrumb\",\"itemListElement\":[{\"@type\":\"ListItem\",\"position\":1,\"name\":\"In\u00edcio\",\"item\":\"https:\/\/institucional.ufrrj.br\/sisgen\/\"},{\"@type\":\"ListItem\",\"position\":2,\"name\":\"Not\u00edcias\"}]},{\"@type\":\"WebSite\",\"@id\":\"https:\/\/institucional.ufrrj.br\/sisgen\/#website\",\"url\":\"https:\/\/institucional.ufrrj.br\/sisgen\/\",\"name\":\"Site da Comiss\u00e3o de Patrim\u00f4nio Gen\u00e9tico e do Conhecimento Tradicional Associado\",\"description\":\"S\u00f3 mais um site institucional.ufrrj.br\",\"potentialAction\":[{\"@type\":\"SearchAction\",\"target\":{\"@type\":\"EntryPoint\",\"urlTemplate\":\"https:\/\/institucional.ufrrj.br\/sisgen\/?s={search_term_string}\"},\"query-input\":{\"@type\":\"PropertyValueSpecification\",\"valueRequired\":true,\"valueName\":\"search_term_string\"}}],\"inLanguage\":\"pt-BR\"}]}<\/script>\n<!-- \/ Yoast SEO plugin. -->","yoast_head_json":{"title":"Not\u00edcias - Site da Comiss\u00e3o de Patrim\u00f4nio Gen\u00e9tico e do Conhecimento Tradicional Associado","robots":{"index":"index","follow":"follow","max-snippet":"max-snippet:-1","max-image-preview":"max-image-preview:large","max-video-preview":"max-video-preview:-1"},"canonical":"https:\/\/institucional.ufrrj.br\/sisgen\/noticias\/","og_locale":"pt_BR","og_type":"article","og_title":"Not\u00edcias - Site da Comiss\u00e3o de Patrim\u00f4nio Gen\u00e9tico e do Conhecimento Tradicional Associado","og_description":"NOTA A COMUNIDADE UNIVERSIT\u00c1RIA DA UFRRJ &nbsp; Em reuni\u00e3o extraordin\u00e1ria realizada na \u00faltima quarta-feira (31\/10\/18), o Conselho de Gest\u00e3o do ... leia mais","og_url":"https:\/\/institucional.ufrrj.br\/sisgen\/noticias\/","og_site_name":"Site da Comiss\u00e3o de Patrim\u00f4nio Gen\u00e9tico e do Conhecimento Tradicional Associado","article_modified_time":"2018-11-03T02:39:13+00:00","twitter_card":"summary_large_image","twitter_misc":{"Est. tempo de leitura":"1 minuto"},"schema":{"@context":"https:\/\/schema.org","@graph":[{"@type":"WebPage","@id":"https:\/\/institucional.ufrrj.br\/sisgen\/noticias\/","url":"https:\/\/institucional.ufrrj.br\/sisgen\/noticias\/","name":"Not\u00edcias - Site da Comiss\u00e3o de Patrim\u00f4nio Gen\u00e9tico e do Conhecimento Tradicional Associado","isPartOf":{"@id":"https:\/\/institucional.ufrrj.br\/sisgen\/#website"},"datePublished":"2018-03-28T18:36:36+00:00","dateModified":"2018-11-03T02:39:13+00:00","breadcrumb":{"@id":"https:\/\/institucional.ufrrj.br\/sisgen\/noticias\/#breadcrumb"},"inLanguage":"pt-BR","potentialAction":[{"@type":"ReadAction","target":["https:\/\/institucional.ufrrj.br\/sisgen\/noticias\/"]}]},{"@type":"BreadcrumbList","@id":"https:\/\/institucional.ufrrj.br\/sisgen\/noticias\/#breadcrumb","itemListElement":[{"@type":"ListItem","position":1,"name":"In\u00edcio","item":"https:\/\/institucional.ufrrj.br\/sisgen\/"},{"@type":"ListItem","position":2,"name":"Not\u00edcias"}]},{"@type":"WebSite","@id":"https:\/\/institucional.ufrrj.br\/sisgen\/#website","url":"https:\/\/institucional.ufrrj.br\/sisgen\/","name":"Site da Comiss\u00e3o de Patrim\u00f4nio Gen\u00e9tico e do Conhecimento Tradicional Associado","description":"S\u00f3 mais um site institucional.ufrrj.br","potentialAction":[{"@type":"SearchAction","target":{"@type":"EntryPoint","urlTemplate":"https:\/\/institucional.ufrrj.br\/sisgen\/?s={search_term_string}"},"query-input":{"@type":"PropertyValueSpecification","valueRequired":true,"valueName":"search_term_string"}}],"inLanguage":"pt-BR"}]}},"acf":[],"_links":{"self":[{"href":"https:\/\/institucional.ufrrj.br\/sisgen\/wp-json\/wp\/v2\/pages\/26","targetHints":{"allow":["GET"]}}],"collection":[{"href":"https:\/\/institucional.ufrrj.br\/sisgen\/wp-json\/wp\/v2\/pages"}],"about":[{"href":"https:\/\/institucional.ufrrj.br\/sisgen\/wp-json\/wp\/v2\/types\/page"}],"author":[{"embeddable":true,"href":"https:\/\/institucional.ufrrj.br\/sisgen\/wp-json\/wp\/v2\/users\/634"}],"replies":[{"embeddable":true,"href":"https:\/\/institucional.ufrrj.br\/sisgen\/wp-json\/wp\/v2\/comments?post=26"}],"version-history":[{"count":3,"href":"https:\/\/institucional.ufrrj.br\/sisgen\/wp-json\/wp\/v2\/pages\/26\/revisions"}],"predecessor-version":[{"id":277,"href":"https:\/\/institucional.ufrrj.br\/sisgen\/wp-json\/wp\/v2\/pages\/26\/revisions\/277"}],"wp:attachment":[{"href":"https:\/\/institucional.ufrrj.br\/sisgen\/wp-json\/wp\/v2\/media?parent=26"}],"curies":[{"name":"wp","href":"https:\/\/api.w.org\/{rel}","templated":true}]}}