{"id":24,"date":"2018-03-28T15:36:29","date_gmt":"2018-03-28T18:36:29","guid":{"rendered":"http:\/\/institucional.ufrrj.br\/sisgen\/?page_id=24"},"modified":"2022-06-07T11:51:56","modified_gmt":"2022-06-07T14:51:56","slug":"links-importantes","status":"publish","type":"page","link":"https:\/\/institucional.ufrrj.br\/sisgen\/links-importantes\/","title":{"rendered":"Links importantes"},"content":{"rendered":"<h4><\/h4>\n<h4><\/h4>\n<h4 class=\"itemTitle\"><a href=\"https:\/\/www.gov.br\/mma\/pt-br\/assuntos\/biodiversidade\/patrimonio-genetico\/conselho-de-gestao-do-patrimonio-genetico-cgen-1\">Conselho de Gest\u00e3o do Patrim\u00f4nio Gen\u00e9tico &#8211; Minist\u00e9rio do Meio Ambiente<\/a><\/h4>\n<p>&nbsp;<\/p>\n<h4 class=\"itemTitle\"><a href=\"https:\/\/sisgen.gov.br\/paginas\/login.aspx\">Plataforma SisGen<\/a><\/h4>\n<h3><\/h3>\n<h3><strong>Apresenta\u00e7\u00f5es sobre a tem\u00e1tica SisGen<\/strong><\/h3>\n<h4><a href=\"https:\/\/www.youtube.com\/watch?time_continue=11&amp;v=US8ffbziMBA\"><strong>Grupo PATGEN UNICAMP divulga v\u00eddeo informativo sobre a nova Lei da Biodiversidade<\/strong><\/a><\/h4>\n<p class=\"rtejustify\">Material tem o objetivo de chamar a aten\u00e7\u00e3o de docentes e pesquisadores sobre os principais pontos da nova legisla\u00e7\u00e3o.<\/p>\n<div id=\"owner-container\" class=\"style-scope ytd-video-owner-renderer\">Publicado pela Pr\u00f3-Reitoria de Pesquisa da Unicamp em\u00a0<span class=\"date style-scope ytd-video-secondary-info-renderer\">5 de abr de 2018<\/span><\/div>\n<p>&nbsp;<\/p>\n<h4 class=\"title style-scope ytd-video-primary-info-renderer\"><a href=\"https:\/\/www.youtube.com\/watch?time_continue=1&amp;v=xijtJDxxNbk\">Os impactos da Lei da Biodiversidade nas atividades de P&amp;D e o SisGen na pr\u00e1tica<\/a><\/h4>\n<div id=\"info\" class=\"style-scope ytd-video-primary-info-renderer\">\u00a0Publicado por Ensp Fiocruz em\u00a0<span class=\"date style-scope ytd-video-secondary-info-renderer\">19 de mar de 2018<\/span><\/div>\n<div><\/div>\n<div>\n<h4 class=\"title style-scope ytd-video-primary-info-renderer\"><a href=\"https:\/\/www.youtube.com\/watch?v=FTHuSux73DM&amp;feature=youtu.be\">Debate sobre a Lei da Biodiversidade na Fiocruz<\/a><\/h4>\n<div id=\"owner-container\" class=\"style-scope ytd-video-owner-renderer\">Publicado por Fiocruz em\u00a0<span class=\"date style-scope ytd-video-secondary-info-renderer\">31 de mai de 2017<\/span><\/div>\n<p>&nbsp;<\/p>\n<\/div>\n<p>&nbsp;<\/p>\n","protected":false},"excerpt":{"rendered":"<p>Conselho de Gest\u00e3o do Patrim\u00f4nio Gen\u00e9tico &#8211; Minist\u00e9rio do Meio Ambiente &nbsp; Plataforma SisGen Apresenta\u00e7\u00f5es sobre a tem\u00e1tica SisGen Grupo <a class=\"read-more leiamais\" href=\"https:\/\/institucional.ufrrj.br\/sisgen\/links-importantes\/ \">&#8230; leia mais<\/a><\/p>\n","protected":false},"author":634,"featured_media":0,"parent":0,"menu_order":0,"comment_status":"closed","ping_status":"closed","template":"","meta":{"_acf_changed":false,"footnotes":""},"class_list":["post-24","page","type-page","status-publish","hentry"],"yoast_head":"<!-- This site is optimized with the Yoast SEO plugin v27.2 - https:\/\/yoast.com\/product\/yoast-seo-wordpress\/ -->\n<title>Links importantes - Site da Comiss\u00e3o de Patrim\u00f4nio Gen\u00e9tico e do Conhecimento Tradicional Associado<\/title>\n<meta name=\"robots\" content=\"index, follow, max-snippet:-1, max-image-preview:large, max-video-preview:-1\" \/>\n<link rel=\"canonical\" href=\"https:\/\/institucional.ufrrj.br\/sisgen\/links-importantes\/\" \/>\n<meta property=\"og:locale\" content=\"pt_BR\" \/>\n<meta property=\"og:type\" content=\"article\" \/>\n<meta property=\"og:title\" content=\"Links importantes - Site da Comiss\u00e3o de Patrim\u00f4nio Gen\u00e9tico e do Conhecimento Tradicional Associado\" \/>\n<meta property=\"og:description\" content=\"Conselho de Gest\u00e3o do Patrim\u00f4nio Gen\u00e9tico &#8211; Minist\u00e9rio do Meio Ambiente &nbsp; Plataforma SisGen Apresenta\u00e7\u00f5es sobre a tem\u00e1tica SisGen Grupo ... leia mais\" \/>\n<meta property=\"og:url\" content=\"https:\/\/institucional.ufrrj.br\/sisgen\/links-importantes\/\" \/>\n<meta property=\"og:site_name\" content=\"Site da Comiss\u00e3o de Patrim\u00f4nio Gen\u00e9tico e do Conhecimento Tradicional Associado\" \/>\n<meta property=\"article:modified_time\" content=\"2022-06-07T14:51:56+00:00\" \/>\n<meta name=\"twitter:card\" content=\"summary_large_image\" \/>\n<meta name=\"twitter:label1\" content=\"Est. tempo de leitura\" \/>\n\t<meta name=\"twitter:data1\" content=\"1 minuto\" \/>\n<script type=\"application\/ld+json\" class=\"yoast-schema-graph\">{\"@context\":\"https:\/\/schema.org\",\"@graph\":[{\"@type\":\"WebPage\",\"@id\":\"https:\/\/institucional.ufrrj.br\/sisgen\/links-importantes\/\",\"url\":\"https:\/\/institucional.ufrrj.br\/sisgen\/links-importantes\/\",\"name\":\"Links importantes - Site da Comiss\u00e3o de Patrim\u00f4nio Gen\u00e9tico e do Conhecimento Tradicional Associado\",\"isPartOf\":{\"@id\":\"https:\/\/institucional.ufrrj.br\/sisgen\/#website\"},\"datePublished\":\"2018-03-28T18:36:29+00:00\",\"dateModified\":\"2022-06-07T14:51:56+00:00\",\"breadcrumb\":{\"@id\":\"https:\/\/institucional.ufrrj.br\/sisgen\/links-importantes\/#breadcrumb\"},\"inLanguage\":\"pt-BR\",\"potentialAction\":[{\"@type\":\"ReadAction\",\"target\":[\"https:\/\/institucional.ufrrj.br\/sisgen\/links-importantes\/\"]}]},{\"@type\":\"BreadcrumbList\",\"@id\":\"https:\/\/institucional.ufrrj.br\/sisgen\/links-importantes\/#breadcrumb\",\"itemListElement\":[{\"@type\":\"ListItem\",\"position\":1,\"name\":\"In\u00edcio\",\"item\":\"https:\/\/institucional.ufrrj.br\/sisgen\/\"},{\"@type\":\"ListItem\",\"position\":2,\"name\":\"Links importantes\"}]},{\"@type\":\"WebSite\",\"@id\":\"https:\/\/institucional.ufrrj.br\/sisgen\/#website\",\"url\":\"https:\/\/institucional.ufrrj.br\/sisgen\/\",\"name\":\"Site da Comiss\u00e3o de Patrim\u00f4nio Gen\u00e9tico e do Conhecimento Tradicional Associado\",\"description\":\"S\u00f3 mais um site institucional.ufrrj.br\",\"potentialAction\":[{\"@type\":\"SearchAction\",\"target\":{\"@type\":\"EntryPoint\",\"urlTemplate\":\"https:\/\/institucional.ufrrj.br\/sisgen\/?s={search_term_string}\"},\"query-input\":{\"@type\":\"PropertyValueSpecification\",\"valueRequired\":true,\"valueName\":\"search_term_string\"}}],\"inLanguage\":\"pt-BR\"}]}<\/script>\n<!-- \/ Yoast SEO plugin. -->","yoast_head_json":{"title":"Links importantes - Site da Comiss\u00e3o de Patrim\u00f4nio Gen\u00e9tico e do Conhecimento Tradicional Associado","robots":{"index":"index","follow":"follow","max-snippet":"max-snippet:-1","max-image-preview":"max-image-preview:large","max-video-preview":"max-video-preview:-1"},"canonical":"https:\/\/institucional.ufrrj.br\/sisgen\/links-importantes\/","og_locale":"pt_BR","og_type":"article","og_title":"Links importantes - Site da Comiss\u00e3o de Patrim\u00f4nio Gen\u00e9tico e do Conhecimento Tradicional Associado","og_description":"Conselho de Gest\u00e3o do Patrim\u00f4nio Gen\u00e9tico &#8211; Minist\u00e9rio do Meio Ambiente &nbsp; Plataforma SisGen Apresenta\u00e7\u00f5es sobre a tem\u00e1tica SisGen Grupo ... leia mais","og_url":"https:\/\/institucional.ufrrj.br\/sisgen\/links-importantes\/","og_site_name":"Site da Comiss\u00e3o de Patrim\u00f4nio Gen\u00e9tico e do Conhecimento Tradicional Associado","article_modified_time":"2022-06-07T14:51:56+00:00","twitter_card":"summary_large_image","twitter_misc":{"Est. tempo de leitura":"1 minuto"},"schema":{"@context":"https:\/\/schema.org","@graph":[{"@type":"WebPage","@id":"https:\/\/institucional.ufrrj.br\/sisgen\/links-importantes\/","url":"https:\/\/institucional.ufrrj.br\/sisgen\/links-importantes\/","name":"Links importantes - Site da Comiss\u00e3o de Patrim\u00f4nio Gen\u00e9tico e do Conhecimento Tradicional Associado","isPartOf":{"@id":"https:\/\/institucional.ufrrj.br\/sisgen\/#website"},"datePublished":"2018-03-28T18:36:29+00:00","dateModified":"2022-06-07T14:51:56+00:00","breadcrumb":{"@id":"https:\/\/institucional.ufrrj.br\/sisgen\/links-importantes\/#breadcrumb"},"inLanguage":"pt-BR","potentialAction":[{"@type":"ReadAction","target":["https:\/\/institucional.ufrrj.br\/sisgen\/links-importantes\/"]}]},{"@type":"BreadcrumbList","@id":"https:\/\/institucional.ufrrj.br\/sisgen\/links-importantes\/#breadcrumb","itemListElement":[{"@type":"ListItem","position":1,"name":"In\u00edcio","item":"https:\/\/institucional.ufrrj.br\/sisgen\/"},{"@type":"ListItem","position":2,"name":"Links importantes"}]},{"@type":"WebSite","@id":"https:\/\/institucional.ufrrj.br\/sisgen\/#website","url":"https:\/\/institucional.ufrrj.br\/sisgen\/","name":"Site da Comiss\u00e3o de Patrim\u00f4nio Gen\u00e9tico e do Conhecimento Tradicional Associado","description":"S\u00f3 mais um site institucional.ufrrj.br","potentialAction":[{"@type":"SearchAction","target":{"@type":"EntryPoint","urlTemplate":"https:\/\/institucional.ufrrj.br\/sisgen\/?s={search_term_string}"},"query-input":{"@type":"PropertyValueSpecification","valueRequired":true,"valueName":"search_term_string"}}],"inLanguage":"pt-BR"}]}},"acf":[],"_links":{"self":[{"href":"https:\/\/institucional.ufrrj.br\/sisgen\/wp-json\/wp\/v2\/pages\/24","targetHints":{"allow":["GET"]}}],"collection":[{"href":"https:\/\/institucional.ufrrj.br\/sisgen\/wp-json\/wp\/v2\/pages"}],"about":[{"href":"https:\/\/institucional.ufrrj.br\/sisgen\/wp-json\/wp\/v2\/types\/page"}],"author":[{"embeddable":true,"href":"https:\/\/institucional.ufrrj.br\/sisgen\/wp-json\/wp\/v2\/users\/634"}],"replies":[{"embeddable":true,"href":"https:\/\/institucional.ufrrj.br\/sisgen\/wp-json\/wp\/v2\/comments?post=24"}],"version-history":[{"count":12,"href":"https:\/\/institucional.ufrrj.br\/sisgen\/wp-json\/wp\/v2\/pages\/24\/revisions"}],"predecessor-version":[{"id":88,"href":"https:\/\/institucional.ufrrj.br\/sisgen\/wp-json\/wp\/v2\/pages\/24\/revisions\/88"}],"wp:attachment":[{"href":"https:\/\/institucional.ufrrj.br\/sisgen\/wp-json\/wp\/v2\/media?parent=24"}],"curies":[{"name":"wp","href":"https:\/\/api.w.org\/{rel}","templated":true}]}}