{"id":16,"date":"2018-03-28T15:35:53","date_gmt":"2018-03-28T18:35:53","guid":{"rendered":"http:\/\/institucional.ufrrj.br\/sisgen\/?page_id=16"},"modified":"2022-06-07T11:33:06","modified_gmt":"2022-06-07T14:33:06","slug":"sobre-sisgen","status":"publish","type":"page","link":"https:\/\/institucional.ufrrj.br\/sisgen\/sobre-sisgen\/","title":{"rendered":"Sobre SisGen"},"content":{"rendered":"<p>O Sistema Nacional de Gest\u00e3o do Patrim\u00f4nio Gen\u00e9tico e do Conhecimento Tradicional Associado \u2013\u00a0<b>SisGen<\/b>\u00a0\u2013 \u00e9 um sistema eletr\u00f4nico criado pelo Decreto n\u00ba 8.772, de 11 de maio de 2016, que regulamenta a Lei n\u00ba 13.123, de 20 de maio de 2015, como um instrumento para auxiliar o Conselho de Gest\u00e3o do Patrim\u00f4nio Gen\u00e9tico \u2013 CGen \u2013 na gest\u00e3o do patrim\u00f4nio gen\u00e9tico e do conhecimento tradicional associado.<\/p>\n<p>O SisGen \u00e9 mantido e operacionalizado pela Secretaria-Executiva do CGen, e apresenta interface que possibilita ao usu\u00e1rio:<\/p>\n<p>i) Cadastrar acesso ao patrim\u00f4nio gen\u00e9tico ou ao conhecimento tradicional associado;<\/p>\n<p>ii)\u00a0 \u00a0 \u00a0 \u00a0 Cadastrar envio de amostra que contenha patrim\u00f4nio gen\u00e9tico para presta\u00e7\u00e3o de servi\u00e7os no exterior;<\/p>\n<p>iii)\u00a0\u00a0\u00a0\u00a0\u00a0\u00a0\u00a0Cadastrar remessa de amostra de patrim\u00f4nio gen\u00e9tico;<\/p>\n<p>iv)\u00a0\u00a0\u00a0\u00a0\u00a0\u00a0\u00a0Notificar produto acabado ou material reprodutivo;<\/p>\n<p>v)\u00a0\u00a0\u00a0\u00a0\u00a0 Solicitar autoriza\u00e7\u00e3o de acesso ao patrim\u00f4nio gen\u00e9tico ou ao conhecimento tradicional associado e de remessa ao exterior com anu\u00eancias do Conselho de Defesa Nacional e do Comando da Marinha;<\/p>\n<p>vi)\u00a0\u00a0\u00a0\u00a0\u00a0\u00a0Solicitar credenciamento de institui\u00e7\u00f5es mantenedoras das cole\u00e7\u00f5es\u00a0<i>ex<\/i><i> situ<\/i>que contenham amostras de patrim\u00f4nio gen\u00e9tico;<\/p>\n<p>vii)\u00a0Obter comprovantes de cadastros de acesso, cadastros de remessa e de notifica\u00e7\u00f5es;<\/p>\n<p>viii)\u00a0\u00a0\u00a0\u00a0\u00a0\u00a0\u00a0Obter certid\u00f5es do procedimento administrativo de verifica\u00e7\u00e3o; e<\/p>\n<p>ix)\u00a0 \u00a0 \u00a0 \u00a0 \u00a0 Solicitar atestados de regularidade de acesso.<\/p>\n<p>&nbsp;<\/p>\n<p>Conforme\u00a0<a href=\"https:\/\/institucional.ufrrj.br\/sisgen\/files\/2018\/05\/res1-cgen.pdf\">Portaria SECEX\/CGEN n\u00ba 1<\/a>, de 5 de outubro de 2016, o SisGen foi implementado e disponibilizado a desde o dia 6 de novembro de 2017.<\/p>\n<p>Antes de utilizar o SisGen sugerimos a leitura do\u00a0<a href=\"https:\/\/sisgen.gov.br\/download\/Manual_SisGen.pdf\">Manual do <\/a><a href=\"https:\/\/sisgen.gov.br\/download\/Manual_SisGen.pdf\">SisGen<\/a>. Caso ap\u00f3s a leitura ainda tenha d\u00favidas entre em contato pelo e-mail:\u00a0<a href=\"mailto:sisgen@mma.gov.br\">sisgen@mma.gov.br<\/a><\/p>\n<p>A Comiss\u00e3o\u00a0 de Gest\u00e3o do Patrim\u00f4nio Gen\u00e9tico e do Conhecimento Tradicional Associado da UFRRJ elaborou uma <a href=\"https:\/\/institucional.ufrrj.br\/sisgen\/files\/2018\/05\/Cartilha-sobre-o-SisGen.pdf\"><strong>CARTILHA<\/strong> <\/a>para que\u00a0informa\u00e7\u00f5es importantes sobre o cadastro de pesquisadores e de seus acessos ao patrim\u00f4nio gen\u00e9tico e ao conhecimento tradicional associado estejam mais acess\u00edveis \u00e0 Comunidade Acad\u00eamica da\u00a0 UFRRJ.<\/p>\n","protected":false},"excerpt":{"rendered":"<p>O Sistema Nacional de Gest\u00e3o do Patrim\u00f4nio Gen\u00e9tico e do Conhecimento Tradicional Associado \u2013\u00a0SisGen\u00a0\u2013 \u00e9 um sistema eletr\u00f4nico criado pelo <a class=\"read-more leiamais\" href=\"https:\/\/institucional.ufrrj.br\/sisgen\/sobre-sisgen\/ \">&#8230; leia mais<\/a><\/p>\n","protected":false},"author":634,"featured_media":0,"parent":0,"menu_order":0,"comment_status":"closed","ping_status":"closed","template":"","meta":{"_acf_changed":false,"footnotes":""},"class_list":["post-16","page","type-page","status-publish","hentry"],"yoast_head":"<!-- This site is optimized with the Yoast SEO plugin v27.2 - https:\/\/yoast.com\/product\/yoast-seo-wordpress\/ -->\n<title>Sobre SisGen - Site da Comiss\u00e3o de Patrim\u00f4nio Gen\u00e9tico e do Conhecimento Tradicional Associado<\/title>\n<meta name=\"robots\" content=\"index, follow, max-snippet:-1, max-image-preview:large, max-video-preview:-1\" \/>\n<link rel=\"canonical\" href=\"https:\/\/institucional.ufrrj.br\/sisgen\/sobre-sisgen\/\" \/>\n<meta property=\"og:locale\" content=\"pt_BR\" \/>\n<meta property=\"og:type\" content=\"article\" \/>\n<meta property=\"og:title\" content=\"Sobre SisGen - Site da Comiss\u00e3o de Patrim\u00f4nio Gen\u00e9tico e do Conhecimento Tradicional Associado\" \/>\n<meta property=\"og:description\" content=\"O Sistema Nacional de Gest\u00e3o do Patrim\u00f4nio Gen\u00e9tico e do Conhecimento Tradicional Associado \u2013\u00a0SisGen\u00a0\u2013 \u00e9 um sistema eletr\u00f4nico criado pelo ... leia mais\" \/>\n<meta property=\"og:url\" content=\"https:\/\/institucional.ufrrj.br\/sisgen\/sobre-sisgen\/\" \/>\n<meta property=\"og:site_name\" content=\"Site da Comiss\u00e3o de Patrim\u00f4nio Gen\u00e9tico e do Conhecimento Tradicional Associado\" \/>\n<meta property=\"article:modified_time\" content=\"2022-06-07T14:33:06+00:00\" \/>\n<meta name=\"twitter:card\" content=\"summary_large_image\" \/>\n<meta name=\"twitter:label1\" content=\"Est. tempo de leitura\" \/>\n\t<meta name=\"twitter:data1\" content=\"2 minutos\" \/>\n<script type=\"application\/ld+json\" class=\"yoast-schema-graph\">{\"@context\":\"https:\/\/schema.org\",\"@graph\":[{\"@type\":\"WebPage\",\"@id\":\"https:\/\/institucional.ufrrj.br\/sisgen\/sobre-sisgen\/\",\"url\":\"https:\/\/institucional.ufrrj.br\/sisgen\/sobre-sisgen\/\",\"name\":\"Sobre SisGen - Site da Comiss\u00e3o de Patrim\u00f4nio Gen\u00e9tico e do Conhecimento Tradicional Associado\",\"isPartOf\":{\"@id\":\"https:\/\/institucional.ufrrj.br\/sisgen\/#website\"},\"datePublished\":\"2018-03-28T18:35:53+00:00\",\"dateModified\":\"2022-06-07T14:33:06+00:00\",\"breadcrumb\":{\"@id\":\"https:\/\/institucional.ufrrj.br\/sisgen\/sobre-sisgen\/#breadcrumb\"},\"inLanguage\":\"pt-BR\",\"potentialAction\":[{\"@type\":\"ReadAction\",\"target\":[\"https:\/\/institucional.ufrrj.br\/sisgen\/sobre-sisgen\/\"]}]},{\"@type\":\"BreadcrumbList\",\"@id\":\"https:\/\/institucional.ufrrj.br\/sisgen\/sobre-sisgen\/#breadcrumb\",\"itemListElement\":[{\"@type\":\"ListItem\",\"position\":1,\"name\":\"In\u00edcio\",\"item\":\"https:\/\/institucional.ufrrj.br\/sisgen\/\"},{\"@type\":\"ListItem\",\"position\":2,\"name\":\"Sobre SisGen\"}]},{\"@type\":\"WebSite\",\"@id\":\"https:\/\/institucional.ufrrj.br\/sisgen\/#website\",\"url\":\"https:\/\/institucional.ufrrj.br\/sisgen\/\",\"name\":\"Site da Comiss\u00e3o de Patrim\u00f4nio Gen\u00e9tico e do Conhecimento Tradicional Associado\",\"description\":\"S\u00f3 mais um site institucional.ufrrj.br\",\"potentialAction\":[{\"@type\":\"SearchAction\",\"target\":{\"@type\":\"EntryPoint\",\"urlTemplate\":\"https:\/\/institucional.ufrrj.br\/sisgen\/?s={search_term_string}\"},\"query-input\":{\"@type\":\"PropertyValueSpecification\",\"valueRequired\":true,\"valueName\":\"search_term_string\"}}],\"inLanguage\":\"pt-BR\"}]}<\/script>\n<!-- \/ Yoast SEO plugin. -->","yoast_head_json":{"title":"Sobre SisGen - Site da Comiss\u00e3o de Patrim\u00f4nio Gen\u00e9tico e do Conhecimento Tradicional Associado","robots":{"index":"index","follow":"follow","max-snippet":"max-snippet:-1","max-image-preview":"max-image-preview:large","max-video-preview":"max-video-preview:-1"},"canonical":"https:\/\/institucional.ufrrj.br\/sisgen\/sobre-sisgen\/","og_locale":"pt_BR","og_type":"article","og_title":"Sobre SisGen - Site da Comiss\u00e3o de Patrim\u00f4nio Gen\u00e9tico e do Conhecimento Tradicional Associado","og_description":"O Sistema Nacional de Gest\u00e3o do Patrim\u00f4nio Gen\u00e9tico e do Conhecimento Tradicional Associado \u2013\u00a0SisGen\u00a0\u2013 \u00e9 um sistema eletr\u00f4nico criado pelo ... leia mais","og_url":"https:\/\/institucional.ufrrj.br\/sisgen\/sobre-sisgen\/","og_site_name":"Site da Comiss\u00e3o de Patrim\u00f4nio Gen\u00e9tico e do Conhecimento Tradicional Associado","article_modified_time":"2022-06-07T14:33:06+00:00","twitter_card":"summary_large_image","twitter_misc":{"Est. tempo de leitura":"2 minutos"},"schema":{"@context":"https:\/\/schema.org","@graph":[{"@type":"WebPage","@id":"https:\/\/institucional.ufrrj.br\/sisgen\/sobre-sisgen\/","url":"https:\/\/institucional.ufrrj.br\/sisgen\/sobre-sisgen\/","name":"Sobre SisGen - Site da Comiss\u00e3o de Patrim\u00f4nio Gen\u00e9tico e do Conhecimento Tradicional Associado","isPartOf":{"@id":"https:\/\/institucional.ufrrj.br\/sisgen\/#website"},"datePublished":"2018-03-28T18:35:53+00:00","dateModified":"2022-06-07T14:33:06+00:00","breadcrumb":{"@id":"https:\/\/institucional.ufrrj.br\/sisgen\/sobre-sisgen\/#breadcrumb"},"inLanguage":"pt-BR","potentialAction":[{"@type":"ReadAction","target":["https:\/\/institucional.ufrrj.br\/sisgen\/sobre-sisgen\/"]}]},{"@type":"BreadcrumbList","@id":"https:\/\/institucional.ufrrj.br\/sisgen\/sobre-sisgen\/#breadcrumb","itemListElement":[{"@type":"ListItem","position":1,"name":"In\u00edcio","item":"https:\/\/institucional.ufrrj.br\/sisgen\/"},{"@type":"ListItem","position":2,"name":"Sobre SisGen"}]},{"@type":"WebSite","@id":"https:\/\/institucional.ufrrj.br\/sisgen\/#website","url":"https:\/\/institucional.ufrrj.br\/sisgen\/","name":"Site da Comiss\u00e3o de Patrim\u00f4nio Gen\u00e9tico e do Conhecimento Tradicional Associado","description":"S\u00f3 mais um site institucional.ufrrj.br","potentialAction":[{"@type":"SearchAction","target":{"@type":"EntryPoint","urlTemplate":"https:\/\/institucional.ufrrj.br\/sisgen\/?s={search_term_string}"},"query-input":{"@type":"PropertyValueSpecification","valueRequired":true,"valueName":"search_term_string"}}],"inLanguage":"pt-BR"}]}},"acf":[],"_links":{"self":[{"href":"https:\/\/institucional.ufrrj.br\/sisgen\/wp-json\/wp\/v2\/pages\/16","targetHints":{"allow":["GET"]}}],"collection":[{"href":"https:\/\/institucional.ufrrj.br\/sisgen\/wp-json\/wp\/v2\/pages"}],"about":[{"href":"https:\/\/institucional.ufrrj.br\/sisgen\/wp-json\/wp\/v2\/types\/page"}],"author":[{"embeddable":true,"href":"https:\/\/institucional.ufrrj.br\/sisgen\/wp-json\/wp\/v2\/users\/634"}],"replies":[{"embeddable":true,"href":"https:\/\/institucional.ufrrj.br\/sisgen\/wp-json\/wp\/v2\/comments?post=16"}],"version-history":[{"count":12,"href":"https:\/\/institucional.ufrrj.br\/sisgen\/wp-json\/wp\/v2\/pages\/16\/revisions"}],"predecessor-version":[{"id":521,"href":"https:\/\/institucional.ufrrj.br\/sisgen\/wp-json\/wp\/v2\/pages\/16\/revisions\/521"}],"wp:attachment":[{"href":"https:\/\/institucional.ufrrj.br\/sisgen\/wp-json\/wp\/v2\/media?parent=16"}],"curies":[{"name":"wp","href":"https:\/\/api.w.org\/{rel}","templated":true}]}}