{"id":1545,"date":"2021-07-12T12:11:22","date_gmt":"2021-07-12T15:11:22","guid":{"rendered":"http:\/\/institucional.ufrrj.br\/sepsi\/?page_id=1545"},"modified":"2022-02-16T12:54:35","modified_gmt":"2022-02-16T15:54:35","slug":"documentos","status":"publish","type":"page","link":"https:\/\/institucional.ufrrj.br\/sepsi\/documentos\/","title":{"rendered":"Documentos"},"content":{"rendered":"\n<p> <strong>(ATEN\u00c7\u00c3O: fa\u00e7a download do documento antes de edit\u00e1-lo)<\/strong> <\/p>\n\n\n\n<p><strong>&#8211; <a href=\"https:\/\/docs.google.com\/document\/d\/1CS0jUZ2bFfw2wvznRZG4lngSIjm3BexBJtchu8DRmDM\/edit?usp=sharing\" target=\"_blank\" rel=\"noreferrer noopener\" aria-label=\"Termo VIV\u00caNCIA ACAD\u00caMICA - MESTRADO - ALUNO ESPECIAL (abre numa nova aba)\">Termo VIV\u00caNCIA ACAD\u00caMICA &#8211; MESTRADO &#8211; ALUNO ESPECIAL<\/a><\/strong><\/p>\n\n\n\n<p><\/p>\n\n\n\n<p><\/p>\n\n\n\n\n\n<p><strong>&#8211; <a href=\"https:\/\/drive.google.com\/file\/d\/1-Zo7GBvdQm3IFLgtAXhg5FBvAfFaNxxF\/view?usp=sharing\" target=\"_blank\" rel=\"noreferrer noopener\" aria-label=\" (abre numa nova aba)\">Manual da Cl\u00ednica-Escola<\/a><\/strong><\/p>\n\n\n\n<p><\/p>\n\n\n\n<p><strong>&#8211; <a href=\"https:\/\/drive.google.com\/file\/d\/1tF4pru_CAZghkqq52br1akXHoEUZUBy5\/view?usp=sharing\" target=\"_blank\" rel=\"noreferrer noopener\" aria-label=\"Manual do Estagi\u00e1rio 2019.2 (abre numa nova aba)\">Manual do Estagi\u00e1rio 2019.2<\/a><\/strong><\/p>\n\n\n\n<p><\/p>\n\n\n\n<p><\/p>\n\n\n\n<p><strong>&#8211;<a href=\"https:\/\/docs.google.com\/document\/d\/11DJmLPr1mMLhpcf3Ccd0p0JTa1DKgK6uPFeQSv67Nq4\/edit?usp=sharing\" target=\"_blank\" rel=\"noreferrer noopener\" aria-label=\" Diretrizes Curriculares Nacionais \u2013 Psicologia (abre numa nova aba)\"> Diretrizes Curriculares Nacionais \u2013 Psicologia<\/a><\/strong><\/p>\n\n\n\n<p><\/p>\n\n\n\n<p>&#8211; <strong><a href=\"https:\/\/docs.google.com\/document\/d\/1iJlbJodrUCT7xUNTm1-WvTOSQc8N881DbIf_LDTf0Ek\/edit?usp=sharing\" target=\"_blank\" rel=\"noreferrer noopener\" aria-label=\"Est\u00e1gio - LEI n\u00ba 11.788, de 25 de setembro de 2008 (abre numa nova aba)\">Est\u00e1gio &#8211; LEI n\u00ba 11.788, de 25 de setembro de 2008<\/a><\/strong><\/p>\n\n\n\n<p><\/p>\n\n\n\n<p><strong>&#8211; <a href=\"https:\/\/docs.google.com\/document\/d\/1kvNtkCzfypKTq40DGkKvrbVSHulv53umoM0KPh4cF0Y\/edit?usp=sharing\" target=\"_blank\" rel=\"noreferrer noopener\" aria-label=\"Carta de servi\u00e7os sobre est\u00e1gios e servi\u00e7os-escola (abre numa nova aba)\">Carta de servi\u00e7os sobre est\u00e1gios e servi\u00e7os-escola<\/a> &nbsp;&nbsp;&nbsp;<\/strong><\/p>\n\n\n\n<p><\/p>\n\n\n\n<p><\/p>\n","protected":false},"excerpt":{"rendered":"<p>(ATEN\u00c7\u00c3O: fa\u00e7a download do documento antes de edit\u00e1-lo) &#8211; Termo VIV\u00caNCIA ACAD\u00caMICA &#8211; MESTRADO &#8211; ALUNO ESPECIAL &#8211; Manual da <a class=\"read-more\" href=\"https:\/\/institucional.ufrrj.br\/sepsi\/documentos\/ \" >&#8230; <span class=\"font-italic\">leia mais <i class=\"fas fa-angle-right\"><\/i><\/span><\/a><\/p>\n","protected":false},"author":634,"featured_media":0,"parent":0,"menu_order":0,"comment_status":"closed","ping_status":"closed","template":"","meta":{"_acf_changed":false,"footnotes":""},"class_list":["post-1545","page","type-page","status-publish","hentry"],"yoast_head":"<!-- This site is optimized with the Yoast SEO plugin v27.2 - https:\/\/yoast.com\/product\/yoast-seo-wordpress\/ -->\n<title>Documentos - Servi\u00e7o de Psicologia Aplicada (SPA)<\/title>\n<meta name=\"robots\" content=\"index, follow, max-snippet:-1, max-image-preview:large, max-video-preview:-1\" \/>\n<link rel=\"canonical\" href=\"https:\/\/institucional.ufrrj.br\/sepsi\/documentos\/\" \/>\n<meta property=\"og:locale\" content=\"pt_BR\" \/>\n<meta property=\"og:type\" content=\"article\" \/>\n<meta property=\"og:title\" content=\"Documentos - Servi\u00e7o de Psicologia Aplicada (SPA)\" \/>\n<meta property=\"og:description\" content=\"(ATEN\u00c7\u00c3O: fa\u00e7a download do documento antes de edit\u00e1-lo) &#8211; Termo VIV\u00caNCIA ACAD\u00caMICA &#8211; MESTRADO &#8211; ALUNO ESPECIAL &#8211; Manual da ... leia mais\" \/>\n<meta property=\"og:url\" content=\"https:\/\/institucional.ufrrj.br\/sepsi\/documentos\/\" \/>\n<meta property=\"og:site_name\" content=\"Servi\u00e7o de Psicologia Aplicada (SPA)\" \/>\n<meta property=\"article:modified_time\" content=\"2022-02-16T15:54:35+00:00\" \/>\n<meta name=\"twitter:card\" content=\"summary_large_image\" \/>\n<script type=\"application\/ld+json\" class=\"yoast-schema-graph\">{\"@context\":\"https:\/\/schema.org\",\"@graph\":[{\"@type\":\"WebPage\",\"@id\":\"https:\/\/institucional.ufrrj.br\/sepsi\/documentos\/\",\"url\":\"https:\/\/institucional.ufrrj.br\/sepsi\/documentos\/\",\"name\":\"Documentos - Servi\u00e7o de Psicologia Aplicada (SPA)\",\"isPartOf\":{\"@id\":\"https:\/\/institucional.ufrrj.br\/sepsi\/#website\"},\"datePublished\":\"2021-07-12T15:11:22+00:00\",\"dateModified\":\"2022-02-16T15:54:35+00:00\",\"breadcrumb\":{\"@id\":\"https:\/\/institucional.ufrrj.br\/sepsi\/documentos\/#breadcrumb\"},\"inLanguage\":\"pt-BR\",\"potentialAction\":[{\"@type\":\"ReadAction\",\"target\":[\"https:\/\/institucional.ufrrj.br\/sepsi\/documentos\/\"]}]},{\"@type\":\"BreadcrumbList\",\"@id\":\"https:\/\/institucional.ufrrj.br\/sepsi\/documentos\/#breadcrumb\",\"itemListElement\":[{\"@type\":\"ListItem\",\"position\":1,\"name\":\"In\u00edcio\",\"item\":\"https:\/\/institucional.ufrrj.br\/sepsi\/\"},{\"@type\":\"ListItem\",\"position\":2,\"name\":\"Documentos\"}]},{\"@type\":\"WebSite\",\"@id\":\"https:\/\/institucional.ufrrj.br\/sepsi\/#website\",\"url\":\"https:\/\/institucional.ufrrj.br\/sepsi\/\",\"name\":\"Servi\u00e7o de Psicologia Aplicada (SPA)\",\"description\":\"S\u00f3 mais um site institucional.ufrrj.br\",\"potentialAction\":[{\"@type\":\"SearchAction\",\"target\":{\"@type\":\"EntryPoint\",\"urlTemplate\":\"https:\/\/institucional.ufrrj.br\/sepsi\/?s={search_term_string}\"},\"query-input\":{\"@type\":\"PropertyValueSpecification\",\"valueRequired\":true,\"valueName\":\"search_term_string\"}}],\"inLanguage\":\"pt-BR\"}]}<\/script>\n<!-- \/ Yoast SEO plugin. -->","yoast_head_json":{"title":"Documentos - Servi\u00e7o de Psicologia Aplicada (SPA)","robots":{"index":"index","follow":"follow","max-snippet":"max-snippet:-1","max-image-preview":"max-image-preview:large","max-video-preview":"max-video-preview:-1"},"canonical":"https:\/\/institucional.ufrrj.br\/sepsi\/documentos\/","og_locale":"pt_BR","og_type":"article","og_title":"Documentos - Servi\u00e7o de Psicologia Aplicada (SPA)","og_description":"(ATEN\u00c7\u00c3O: fa\u00e7a download do documento antes de edit\u00e1-lo) &#8211; Termo VIV\u00caNCIA ACAD\u00caMICA &#8211; MESTRADO &#8211; ALUNO ESPECIAL &#8211; Manual da ... leia mais","og_url":"https:\/\/institucional.ufrrj.br\/sepsi\/documentos\/","og_site_name":"Servi\u00e7o de Psicologia Aplicada (SPA)","article_modified_time":"2022-02-16T15:54:35+00:00","twitter_card":"summary_large_image","schema":{"@context":"https:\/\/schema.org","@graph":[{"@type":"WebPage","@id":"https:\/\/institucional.ufrrj.br\/sepsi\/documentos\/","url":"https:\/\/institucional.ufrrj.br\/sepsi\/documentos\/","name":"Documentos - Servi\u00e7o de Psicologia Aplicada (SPA)","isPartOf":{"@id":"https:\/\/institucional.ufrrj.br\/sepsi\/#website"},"datePublished":"2021-07-12T15:11:22+00:00","dateModified":"2022-02-16T15:54:35+00:00","breadcrumb":{"@id":"https:\/\/institucional.ufrrj.br\/sepsi\/documentos\/#breadcrumb"},"inLanguage":"pt-BR","potentialAction":[{"@type":"ReadAction","target":["https:\/\/institucional.ufrrj.br\/sepsi\/documentos\/"]}]},{"@type":"BreadcrumbList","@id":"https:\/\/institucional.ufrrj.br\/sepsi\/documentos\/#breadcrumb","itemListElement":[{"@type":"ListItem","position":1,"name":"In\u00edcio","item":"https:\/\/institucional.ufrrj.br\/sepsi\/"},{"@type":"ListItem","position":2,"name":"Documentos"}]},{"@type":"WebSite","@id":"https:\/\/institucional.ufrrj.br\/sepsi\/#website","url":"https:\/\/institucional.ufrrj.br\/sepsi\/","name":"Servi\u00e7o de Psicologia Aplicada (SPA)","description":"S\u00f3 mais um site institucional.ufrrj.br","potentialAction":[{"@type":"SearchAction","target":{"@type":"EntryPoint","urlTemplate":"https:\/\/institucional.ufrrj.br\/sepsi\/?s={search_term_string}"},"query-input":{"@type":"PropertyValueSpecification","valueRequired":true,"valueName":"search_term_string"}}],"inLanguage":"pt-BR"}]}},"acf":[],"_links":{"self":[{"href":"https:\/\/institucional.ufrrj.br\/sepsi\/wp-json\/wp\/v2\/pages\/1545","targetHints":{"allow":["GET"]}}],"collection":[{"href":"https:\/\/institucional.ufrrj.br\/sepsi\/wp-json\/wp\/v2\/pages"}],"about":[{"href":"https:\/\/institucional.ufrrj.br\/sepsi\/wp-json\/wp\/v2\/types\/page"}],"author":[{"embeddable":true,"href":"https:\/\/institucional.ufrrj.br\/sepsi\/wp-json\/wp\/v2\/users\/634"}],"replies":[{"embeddable":true,"href":"https:\/\/institucional.ufrrj.br\/sepsi\/wp-json\/wp\/v2\/comments?post=1545"}],"version-history":[{"count":9,"href":"https:\/\/institucional.ufrrj.br\/sepsi\/wp-json\/wp\/v2\/pages\/1545\/revisions"}],"predecessor-version":[{"id":1722,"href":"https:\/\/institucional.ufrrj.br\/sepsi\/wp-json\/wp\/v2\/pages\/1545\/revisions\/1722"}],"wp:attachment":[{"href":"https:\/\/institucional.ufrrj.br\/sepsi\/wp-json\/wp\/v2\/media?parent=1545"}],"curies":[{"name":"wp","href":"https:\/\/api.w.org\/{rel}","templated":true}]}}