{"id":1537,"date":"2021-07-12T12:10:43","date_gmt":"2021-07-12T15:10:43","guid":{"rendered":"http:\/\/institucional.ufrrj.br\/sepsi\/?page_id=1537"},"modified":"2021-07-20T16:26:12","modified_gmt":"2021-07-20T19:26:12","slug":"outros-tipos-de-insercao-no-sepsi","status":"publish","type":"page","link":"https:\/\/institucional.ufrrj.br\/sepsi\/outros-tipos-de-insercao-no-sepsi\/","title":{"rendered":"Outros tipos de inser\u00e7\u00e3o no SEPsi"},"content":{"rendered":"\n<p>Al\u00e9m dos est\u00e1gios b\u00e1sico e obrigat\u00f3rio, o SEPsi faculta outros dois tipos de inser\u00e7\u00e3o, a Viv\u00eancia Acad\u00eamica e a Pr\u00e1tica Cl\u00ednica Supervisionada. Ambos s\u00e3o realizados no \u00e2mbito da UFRRJ, geralmente na cl\u00ednica-escola.<br><\/p>\n\n\n\n<p><strong>Viv\u00eancia acad\u00eamica<\/strong> (VA)<\/p>\n\n\n\n<p>Regulamentada pela PROGRAD, a VA \u00e9 caracterizada como uma atividade de ensino, pesquisa ou extens\u00e3o, de livre escolha aos graduandos e n\u00e3o remunerada, que possibilita a articula\u00e7\u00e3o entre teoria e pr\u00e1tica. Os projetos de VA s\u00e3o elaborados pelos supervisores, de acordo com as caracter\u00edsticas do seu est\u00e1gio, podendo ser de 04, 08 e no m\u00e1ximo 10h semanais. Sua oferta depende do interesse e possibilidade do supervisor e do campo de pr\u00e1tica, n\u00e3o sendo mandat\u00f3ria. A viv\u00eancia acad\u00eamica pode ser considerada Atividade Complementar, alcan\u00e7ando o valor de 10 horas por per\u00edodo letivo.&nbsp;<\/p>\n\n\n\n<p>A inscri\u00e7\u00e3o para VA est\u00e1 condicionada \u00e0 exist\u00eancia de vagas na equipe de est\u00e1gio e a sele\u00e7\u00e3o dos candidatos responde aos crit\u00e9rios do supervisor. O in\u00edcio da atividade por parte do aluno depende da notifica\u00e7\u00e3o \u00e0 coordena\u00e7\u00e3o do SEPsi por meio da entrega de formul\u00e1rio pr\u00f3prio. Os alunos que realizam VA est\u00e3o submetidos \u00e0s mesmas exig\u00eancias e normas dos est\u00e1gios profissionais.&nbsp;<br><\/p>\n\n\n\n<p><strong>Pr\u00e1tica Cl\u00ednica Supervisionada&nbsp;<\/strong><\/p>\n\n\n\n<p>Tipo de pr\u00e1tica oferecida a alunos especiais e de p\u00f3s-gradua\u00e7\u00e3o como parte opcional de seu percurso formativo ap\u00f3s a conclus\u00e3o do curso de psicologia da UFRRJ ou em raz\u00e3o do desenvolvimento de pesquisa no Programa de P\u00f3s-Gradua\u00e7\u00e3o em Psicologia da universidade (PPGPSI).&nbsp;<\/p>\n\n\n\n<p>Entende-se como <strong>aluno especial<\/strong> o egresso matriculado em disciplinas optativas do curso de Psicologia da UFRRJ. A ele \u00e9 facultado a pr\u00e1tica cl\u00ednica supervisionada na condi\u00e7\u00e3o de estar sob orienta\u00e7\u00e3o do professor respons\u00e1vel pela disciplina, desde que este seja tamb\u00e9m supervisor na cl\u00ednica-escola.&nbsp;<\/p>\n\n\n\n<p><strong>Alunos do PPGPSI <\/strong>poder\u00e3o realizar atividades na cl\u00ednica-escola do SEPsi desde que sejam inclu\u00eddos em uma equipe de est\u00e1gio da cl\u00ednica-escola.&nbsp;<br><\/p>\n","protected":false},"excerpt":{"rendered":"<p>Al\u00e9m dos est\u00e1gios b\u00e1sico e obrigat\u00f3rio, o SEPsi faculta outros dois tipos de inser\u00e7\u00e3o, a Viv\u00eancia Acad\u00eamica e a Pr\u00e1tica <a class=\"read-more\" href=\"https:\/\/institucional.ufrrj.br\/sepsi\/outros-tipos-de-insercao-no-sepsi\/ \" >&#8230; <span class=\"font-italic\">leia mais <i class=\"fas fa-angle-right\"><\/i><\/span><\/a><\/p>\n","protected":false},"author":634,"featured_media":0,"parent":0,"menu_order":0,"comment_status":"closed","ping_status":"closed","template":"","meta":{"_acf_changed":false,"footnotes":""},"class_list":["post-1537","page","type-page","status-publish","hentry"],"yoast_head":"<!-- This site is optimized with the Yoast SEO plugin v27.2 - https:\/\/yoast.com\/product\/yoast-seo-wordpress\/ -->\n<title>Outros tipos de inser\u00e7\u00e3o no SEPsi - Servi\u00e7o de Psicologia Aplicada (SPA)<\/title>\n<meta name=\"robots\" content=\"index, follow, max-snippet:-1, max-image-preview:large, max-video-preview:-1\" \/>\n<link rel=\"canonical\" href=\"https:\/\/institucional.ufrrj.br\/sepsi\/outros-tipos-de-insercao-no-sepsi\/\" \/>\n<meta property=\"og:locale\" content=\"pt_BR\" \/>\n<meta property=\"og:type\" content=\"article\" \/>\n<meta property=\"og:title\" content=\"Outros tipos de inser\u00e7\u00e3o no SEPsi - Servi\u00e7o de Psicologia Aplicada (SPA)\" \/>\n<meta property=\"og:description\" content=\"Al\u00e9m dos est\u00e1gios b\u00e1sico e obrigat\u00f3rio, o SEPsi faculta outros dois tipos de inser\u00e7\u00e3o, a Viv\u00eancia Acad\u00eamica e a Pr\u00e1tica ... leia mais\" \/>\n<meta property=\"og:url\" content=\"https:\/\/institucional.ufrrj.br\/sepsi\/outros-tipos-de-insercao-no-sepsi\/\" \/>\n<meta property=\"og:site_name\" content=\"Servi\u00e7o de Psicologia Aplicada (SPA)\" \/>\n<meta property=\"article:modified_time\" content=\"2021-07-20T19:26:12+00:00\" \/>\n<meta name=\"twitter:card\" content=\"summary_large_image\" \/>\n<meta name=\"twitter:label1\" content=\"Est. tempo de leitura\" \/>\n\t<meta name=\"twitter:data1\" content=\"2 minutos\" \/>\n<script type=\"application\/ld+json\" class=\"yoast-schema-graph\">{\"@context\":\"https:\/\/schema.org\",\"@graph\":[{\"@type\":\"WebPage\",\"@id\":\"https:\/\/institucional.ufrrj.br\/sepsi\/outros-tipos-de-insercao-no-sepsi\/\",\"url\":\"https:\/\/institucional.ufrrj.br\/sepsi\/outros-tipos-de-insercao-no-sepsi\/\",\"name\":\"Outros tipos de inser\u00e7\u00e3o no SEPsi - Servi\u00e7o de Psicologia Aplicada (SPA)\",\"isPartOf\":{\"@id\":\"https:\/\/institucional.ufrrj.br\/sepsi\/#website\"},\"datePublished\":\"2021-07-12T15:10:43+00:00\",\"dateModified\":\"2021-07-20T19:26:12+00:00\",\"breadcrumb\":{\"@id\":\"https:\/\/institucional.ufrrj.br\/sepsi\/outros-tipos-de-insercao-no-sepsi\/#breadcrumb\"},\"inLanguage\":\"pt-BR\",\"potentialAction\":[{\"@type\":\"ReadAction\",\"target\":[\"https:\/\/institucional.ufrrj.br\/sepsi\/outros-tipos-de-insercao-no-sepsi\/\"]}]},{\"@type\":\"BreadcrumbList\",\"@id\":\"https:\/\/institucional.ufrrj.br\/sepsi\/outros-tipos-de-insercao-no-sepsi\/#breadcrumb\",\"itemListElement\":[{\"@type\":\"ListItem\",\"position\":1,\"name\":\"In\u00edcio\",\"item\":\"https:\/\/institucional.ufrrj.br\/sepsi\/\"},{\"@type\":\"ListItem\",\"position\":2,\"name\":\"Outros tipos de inser\u00e7\u00e3o no SEPsi\"}]},{\"@type\":\"WebSite\",\"@id\":\"https:\/\/institucional.ufrrj.br\/sepsi\/#website\",\"url\":\"https:\/\/institucional.ufrrj.br\/sepsi\/\",\"name\":\"Servi\u00e7o de Psicologia Aplicada (SPA)\",\"description\":\"S\u00f3 mais um site institucional.ufrrj.br\",\"potentialAction\":[{\"@type\":\"SearchAction\",\"target\":{\"@type\":\"EntryPoint\",\"urlTemplate\":\"https:\/\/institucional.ufrrj.br\/sepsi\/?s={search_term_string}\"},\"query-input\":{\"@type\":\"PropertyValueSpecification\",\"valueRequired\":true,\"valueName\":\"search_term_string\"}}],\"inLanguage\":\"pt-BR\"}]}<\/script>\n<!-- \/ Yoast SEO plugin. -->","yoast_head_json":{"title":"Outros tipos de inser\u00e7\u00e3o no SEPsi - Servi\u00e7o de Psicologia Aplicada (SPA)","robots":{"index":"index","follow":"follow","max-snippet":"max-snippet:-1","max-image-preview":"max-image-preview:large","max-video-preview":"max-video-preview:-1"},"canonical":"https:\/\/institucional.ufrrj.br\/sepsi\/outros-tipos-de-insercao-no-sepsi\/","og_locale":"pt_BR","og_type":"article","og_title":"Outros tipos de inser\u00e7\u00e3o no SEPsi - Servi\u00e7o de Psicologia Aplicada (SPA)","og_description":"Al\u00e9m dos est\u00e1gios b\u00e1sico e obrigat\u00f3rio, o SEPsi faculta outros dois tipos de inser\u00e7\u00e3o, a Viv\u00eancia Acad\u00eamica e a Pr\u00e1tica ... leia mais","og_url":"https:\/\/institucional.ufrrj.br\/sepsi\/outros-tipos-de-insercao-no-sepsi\/","og_site_name":"Servi\u00e7o de Psicologia Aplicada (SPA)","article_modified_time":"2021-07-20T19:26:12+00:00","twitter_card":"summary_large_image","twitter_misc":{"Est. tempo de leitura":"2 minutos"},"schema":{"@context":"https:\/\/schema.org","@graph":[{"@type":"WebPage","@id":"https:\/\/institucional.ufrrj.br\/sepsi\/outros-tipos-de-insercao-no-sepsi\/","url":"https:\/\/institucional.ufrrj.br\/sepsi\/outros-tipos-de-insercao-no-sepsi\/","name":"Outros tipos de inser\u00e7\u00e3o no SEPsi - Servi\u00e7o de Psicologia Aplicada (SPA)","isPartOf":{"@id":"https:\/\/institucional.ufrrj.br\/sepsi\/#website"},"datePublished":"2021-07-12T15:10:43+00:00","dateModified":"2021-07-20T19:26:12+00:00","breadcrumb":{"@id":"https:\/\/institucional.ufrrj.br\/sepsi\/outros-tipos-de-insercao-no-sepsi\/#breadcrumb"},"inLanguage":"pt-BR","potentialAction":[{"@type":"ReadAction","target":["https:\/\/institucional.ufrrj.br\/sepsi\/outros-tipos-de-insercao-no-sepsi\/"]}]},{"@type":"BreadcrumbList","@id":"https:\/\/institucional.ufrrj.br\/sepsi\/outros-tipos-de-insercao-no-sepsi\/#breadcrumb","itemListElement":[{"@type":"ListItem","position":1,"name":"In\u00edcio","item":"https:\/\/institucional.ufrrj.br\/sepsi\/"},{"@type":"ListItem","position":2,"name":"Outros tipos de inser\u00e7\u00e3o no SEPsi"}]},{"@type":"WebSite","@id":"https:\/\/institucional.ufrrj.br\/sepsi\/#website","url":"https:\/\/institucional.ufrrj.br\/sepsi\/","name":"Servi\u00e7o de Psicologia Aplicada (SPA)","description":"S\u00f3 mais um site institucional.ufrrj.br","potentialAction":[{"@type":"SearchAction","target":{"@type":"EntryPoint","urlTemplate":"https:\/\/institucional.ufrrj.br\/sepsi\/?s={search_term_string}"},"query-input":{"@type":"PropertyValueSpecification","valueRequired":true,"valueName":"search_term_string"}}],"inLanguage":"pt-BR"}]}},"acf":[],"_links":{"self":[{"href":"https:\/\/institucional.ufrrj.br\/sepsi\/wp-json\/wp\/v2\/pages\/1537","targetHints":{"allow":["GET"]}}],"collection":[{"href":"https:\/\/institucional.ufrrj.br\/sepsi\/wp-json\/wp\/v2\/pages"}],"about":[{"href":"https:\/\/institucional.ufrrj.br\/sepsi\/wp-json\/wp\/v2\/types\/page"}],"author":[{"embeddable":true,"href":"https:\/\/institucional.ufrrj.br\/sepsi\/wp-json\/wp\/v2\/users\/634"}],"replies":[{"embeddable":true,"href":"https:\/\/institucional.ufrrj.br\/sepsi\/wp-json\/wp\/v2\/comments?post=1537"}],"version-history":[{"count":2,"href":"https:\/\/institucional.ufrrj.br\/sepsi\/wp-json\/wp\/v2\/pages\/1537\/revisions"}],"predecessor-version":[{"id":1582,"href":"https:\/\/institucional.ufrrj.br\/sepsi\/wp-json\/wp\/v2\/pages\/1537\/revisions\/1582"}],"wp:attachment":[{"href":"https:\/\/institucional.ufrrj.br\/sepsi\/wp-json\/wp\/v2\/media?parent=1537"}],"curies":[{"name":"wp","href":"https:\/\/api.w.org\/{rel}","templated":true}]}}