{"id":1529,"date":"2021-07-12T12:10:02","date_gmt":"2021-07-12T15:10:02","guid":{"rendered":"http:\/\/institucional.ufrrj.br\/sepsi\/?page_id=1529"},"modified":"2022-06-20T15:32:43","modified_gmt":"2022-06-20T18:32:43","slug":"como-acessar","status":"publish","type":"page","link":"https:\/\/institucional.ufrrj.br\/sepsi\/como-acessar\/","title":{"rendered":"Como acessar"},"content":{"rendered":"\n<p>O interessado ou seu respons\u00e1vel deve se cadastrar presencialmente, comparecendo \u00e0 Cl\u00ednica-Escola do SPA munido de carteira de identidade com foto e comprovante de resid\u00eancia, durante o per\u00edodo de abertura de novos cadastros.&nbsp; No caso da avalia\u00e7\u00e3o neuropsicol\u00f3gica, exige-se encaminhamento por escrito feito por profissional das \u00e1reas da sa\u00fade ou educa\u00e7\u00e3o.&nbsp;<\/p>\n\n\n\n<p>Ap\u00f3s preencher a ficha de cadastro, o interessado receber\u00e1 o contato de um estagi\u00e1rio que agendar\u00e1 a entrevista de recep\u00e7\u00e3o para conhecer a demanda e dar o devido encaminhamento para cada caso.&nbsp;<\/p>\n\n\n\n<p>Para mais informa\u00e7\u00f5es sobre a data de abertura de novos cadastros acesse nossa se\u00e7\u00e3o de not\u00edcias ou fa\u00e7a contato por email ou telefone: <a href=\"mailto:servicodepsicologia@ufrrj.br\">servicodepsicologia@ufrrj.br<\/a>; telefone: (21) 3787-3983.<br><\/p>\n\n\n\n<p><br><\/p>\n","protected":false},"excerpt":{"rendered":"<p>O interessado ou seu respons\u00e1vel deve se cadastrar presencialmente, comparecendo \u00e0 Cl\u00ednica-Escola do SPA munido de carteira de identidade com <a class=\"read-more\" href=\"https:\/\/institucional.ufrrj.br\/sepsi\/como-acessar\/ \" >&#8230; <span class=\"font-italic\">leia mais <i class=\"fas fa-angle-right\"><\/i><\/span><\/a><\/p>\n","protected":false},"author":634,"featured_media":0,"parent":0,"menu_order":0,"comment_status":"closed","ping_status":"closed","template":"","meta":{"_acf_changed":false,"footnotes":""},"class_list":["post-1529","page","type-page","status-publish","hentry"],"yoast_head":"<!-- This site is optimized with the Yoast SEO plugin v27.2 - https:\/\/yoast.com\/product\/yoast-seo-wordpress\/ -->\n<title>Como acessar - Servi\u00e7o de Psicologia Aplicada (SPA)<\/title>\n<meta name=\"robots\" content=\"index, follow, max-snippet:-1, max-image-preview:large, max-video-preview:-1\" \/>\n<link rel=\"canonical\" href=\"https:\/\/institucional.ufrrj.br\/sepsi\/como-acessar\/\" \/>\n<meta property=\"og:locale\" content=\"pt_BR\" \/>\n<meta property=\"og:type\" content=\"article\" \/>\n<meta property=\"og:title\" content=\"Como acessar - Servi\u00e7o de Psicologia Aplicada (SPA)\" \/>\n<meta property=\"og:description\" content=\"O interessado ou seu respons\u00e1vel deve se cadastrar presencialmente, comparecendo \u00e0 Cl\u00ednica-Escola do SPA munido de carteira de identidade com ... leia mais\" \/>\n<meta property=\"og:url\" content=\"https:\/\/institucional.ufrrj.br\/sepsi\/como-acessar\/\" \/>\n<meta property=\"og:site_name\" content=\"Servi\u00e7o de Psicologia Aplicada (SPA)\" \/>\n<meta property=\"article:modified_time\" content=\"2022-06-20T18:32:43+00:00\" \/>\n<meta name=\"twitter:card\" content=\"summary_large_image\" \/>\n<meta name=\"twitter:label1\" content=\"Est. tempo de leitura\" \/>\n\t<meta name=\"twitter:data1\" content=\"1 minuto\" \/>\n<script type=\"application\/ld+json\" class=\"yoast-schema-graph\">{\"@context\":\"https:\/\/schema.org\",\"@graph\":[{\"@type\":\"WebPage\",\"@id\":\"https:\/\/institucional.ufrrj.br\/sepsi\/como-acessar\/\",\"url\":\"https:\/\/institucional.ufrrj.br\/sepsi\/como-acessar\/\",\"name\":\"Como acessar - Servi\u00e7o de Psicologia Aplicada (SPA)\",\"isPartOf\":{\"@id\":\"https:\/\/institucional.ufrrj.br\/sepsi\/#website\"},\"datePublished\":\"2021-07-12T15:10:02+00:00\",\"dateModified\":\"2022-06-20T18:32:43+00:00\",\"breadcrumb\":{\"@id\":\"https:\/\/institucional.ufrrj.br\/sepsi\/como-acessar\/#breadcrumb\"},\"inLanguage\":\"pt-BR\",\"potentialAction\":[{\"@type\":\"ReadAction\",\"target\":[\"https:\/\/institucional.ufrrj.br\/sepsi\/como-acessar\/\"]}]},{\"@type\":\"BreadcrumbList\",\"@id\":\"https:\/\/institucional.ufrrj.br\/sepsi\/como-acessar\/#breadcrumb\",\"itemListElement\":[{\"@type\":\"ListItem\",\"position\":1,\"name\":\"In\u00edcio\",\"item\":\"https:\/\/institucional.ufrrj.br\/sepsi\/\"},{\"@type\":\"ListItem\",\"position\":2,\"name\":\"Como acessar\"}]},{\"@type\":\"WebSite\",\"@id\":\"https:\/\/institucional.ufrrj.br\/sepsi\/#website\",\"url\":\"https:\/\/institucional.ufrrj.br\/sepsi\/\",\"name\":\"Servi\u00e7o de Psicologia Aplicada (SPA)\",\"description\":\"S\u00f3 mais um site institucional.ufrrj.br\",\"potentialAction\":[{\"@type\":\"SearchAction\",\"target\":{\"@type\":\"EntryPoint\",\"urlTemplate\":\"https:\/\/institucional.ufrrj.br\/sepsi\/?s={search_term_string}\"},\"query-input\":{\"@type\":\"PropertyValueSpecification\",\"valueRequired\":true,\"valueName\":\"search_term_string\"}}],\"inLanguage\":\"pt-BR\"}]}<\/script>\n<!-- \/ Yoast SEO plugin. -->","yoast_head_json":{"title":"Como acessar - Servi\u00e7o de Psicologia Aplicada (SPA)","robots":{"index":"index","follow":"follow","max-snippet":"max-snippet:-1","max-image-preview":"max-image-preview:large","max-video-preview":"max-video-preview:-1"},"canonical":"https:\/\/institucional.ufrrj.br\/sepsi\/como-acessar\/","og_locale":"pt_BR","og_type":"article","og_title":"Como acessar - Servi\u00e7o de Psicologia Aplicada (SPA)","og_description":"O interessado ou seu respons\u00e1vel deve se cadastrar presencialmente, comparecendo \u00e0 Cl\u00ednica-Escola do SPA munido de carteira de identidade com ... leia mais","og_url":"https:\/\/institucional.ufrrj.br\/sepsi\/como-acessar\/","og_site_name":"Servi\u00e7o de Psicologia Aplicada (SPA)","article_modified_time":"2022-06-20T18:32:43+00:00","twitter_card":"summary_large_image","twitter_misc":{"Est. tempo de leitura":"1 minuto"},"schema":{"@context":"https:\/\/schema.org","@graph":[{"@type":"WebPage","@id":"https:\/\/institucional.ufrrj.br\/sepsi\/como-acessar\/","url":"https:\/\/institucional.ufrrj.br\/sepsi\/como-acessar\/","name":"Como acessar - Servi\u00e7o de Psicologia Aplicada (SPA)","isPartOf":{"@id":"https:\/\/institucional.ufrrj.br\/sepsi\/#website"},"datePublished":"2021-07-12T15:10:02+00:00","dateModified":"2022-06-20T18:32:43+00:00","breadcrumb":{"@id":"https:\/\/institucional.ufrrj.br\/sepsi\/como-acessar\/#breadcrumb"},"inLanguage":"pt-BR","potentialAction":[{"@type":"ReadAction","target":["https:\/\/institucional.ufrrj.br\/sepsi\/como-acessar\/"]}]},{"@type":"BreadcrumbList","@id":"https:\/\/institucional.ufrrj.br\/sepsi\/como-acessar\/#breadcrumb","itemListElement":[{"@type":"ListItem","position":1,"name":"In\u00edcio","item":"https:\/\/institucional.ufrrj.br\/sepsi\/"},{"@type":"ListItem","position":2,"name":"Como acessar"}]},{"@type":"WebSite","@id":"https:\/\/institucional.ufrrj.br\/sepsi\/#website","url":"https:\/\/institucional.ufrrj.br\/sepsi\/","name":"Servi\u00e7o de Psicologia Aplicada (SPA)","description":"S\u00f3 mais um site institucional.ufrrj.br","potentialAction":[{"@type":"SearchAction","target":{"@type":"EntryPoint","urlTemplate":"https:\/\/institucional.ufrrj.br\/sepsi\/?s={search_term_string}"},"query-input":{"@type":"PropertyValueSpecification","valueRequired":true,"valueName":"search_term_string"}}],"inLanguage":"pt-BR"}]}},"acf":[],"_links":{"self":[{"href":"https:\/\/institucional.ufrrj.br\/sepsi\/wp-json\/wp\/v2\/pages\/1529","targetHints":{"allow":["GET"]}}],"collection":[{"href":"https:\/\/institucional.ufrrj.br\/sepsi\/wp-json\/wp\/v2\/pages"}],"about":[{"href":"https:\/\/institucional.ufrrj.br\/sepsi\/wp-json\/wp\/v2\/types\/page"}],"author":[{"embeddable":true,"href":"https:\/\/institucional.ufrrj.br\/sepsi\/wp-json\/wp\/v2\/users\/634"}],"replies":[{"embeddable":true,"href":"https:\/\/institucional.ufrrj.br\/sepsi\/wp-json\/wp\/v2\/comments?post=1529"}],"version-history":[{"count":5,"href":"https:\/\/institucional.ufrrj.br\/sepsi\/wp-json\/wp\/v2\/pages\/1529\/revisions"}],"predecessor-version":[{"id":1741,"href":"https:\/\/institucional.ufrrj.br\/sepsi\/wp-json\/wp\/v2\/pages\/1529\/revisions\/1741"}],"wp:attachment":[{"href":"https:\/\/institucional.ufrrj.br\/sepsi\/wp-json\/wp\/v2\/media?parent=1529"}],"curies":[{"name":"wp","href":"https:\/\/api.w.org\/{rel}","templated":true}]}}