{"id":56,"date":"2017-05-08T13:11:01","date_gmt":"2017-05-08T16:11:01","guid":{"rendered":"http:\/\/institucional.ufrrj.br\/sec-reitoria\/?page_id=56"},"modified":"2019-05-31T15:48:31","modified_gmt":"2019-05-31T18:48:31","slug":"comissoes","status":"publish","type":"page","link":"https:\/\/institucional.ufrrj.br\/sec-reitoria\/comissoes\/","title":{"rendered":"Comiss\u00f5es"},"content":{"rendered":"<p><strong>Comiss\u00e3o Pr\u00f3pria de Avalia\u00e7\u00e3o da UFRRJ <\/strong><\/p>\n<p><span style=\"color: #000000\">Presidente\u00a0 \u00a0<\/span><\/p>\n<p><span style=\"color: #000000\">LUCIA APARECIDA VALADARES SART\u00d3RIO<\/span><\/p>\n<p><em>e-mail<\/em>:<\/p>\n<p style=\"text-align: left\"><a href=\"https:\/\/institucional.ufrrj.br\/sec-reitoria\/files\/2017\/05\/Portaria-n\u00ba-883-14-CPA-1.pdf\"><img loading=\"lazy\" decoding=\"async\" class=\"size-full wp-image-121 alignleft\" src=\"https:\/\/institucional.ufrrj.br\/sec-reitoria\/files\/2017\/05\/page.gif\" alt=\"\" width=\"16\" height=\"16\" \/><\/a><span style=\"color: #0000ff\"><a style=\"color: #0000ff\" href=\"https:\/\/institucional.ufrrj.br\/sec-reitoria\/2018\/10\/18\/portaria-no-889-2018-designar-para-comissao-propria-de-avaliacao-da-ufrrj\/\">Portaria n\u00ba 849 &#8211; 18 CPA<\/a><\/span><\/p>\n<hr \/>\n<p><strong>N\u00facleo de Acessibilidade\u00a0 e Inclus\u00e3o da UFRRJ<\/strong><\/p>\n<p>Presidente<\/p>\n<p>EDSON JESUS DE SOUZA<\/p>\n<p><em>e-mail<\/em>:<\/p>\n<p style=\"text-align: left\"><a href=\"https:\/\/institucional.ufrrj.br\/sec-reitoria\/files\/2017\/05\/Portaria-n\u00ba-883-14-CPA-1.pdf\"><img loading=\"lazy\" decoding=\"async\" class=\"size-full wp-image-121 alignleft\" src=\"https:\/\/institucional.ufrrj.br\/sec-reitoria\/files\/2017\/05\/page.gif\" alt=\"\" width=\"16\" height=\"16\" \/><\/a><span style=\"color: #0000ff\"><a style=\"color: #0000ff\" href=\"https:\/\/institucional.ufrrj.br\/sec-reitoria\/2019\/01\/17\/portaria-no-076-2019-constituicao-do-nucleo-de-acessibilidade-e-inclusao-da-ufrrj\/\">Portaria n\u00ba 076 &#8211; 19 NAI<\/a><\/span><\/p>\n<hr \/>\n<p><strong>Comiss\u00e3o Interna de Supervis\u00e3o da Carreira dos Cargos T\u00e9cnico-Administrativos<\/strong><\/p>\n<p>Presidente<\/p>\n<p>ANDRE NASCIMENTO DOS SANTOS<\/p>\n<p><em>e-mail:\u00a0<\/em>n\u00e3o fornecido<\/p>\n<p style=\"text-align: left\"><a href=\"https:\/\/institucional.ufrrj.br\/sec-reitoria\/files\/2017\/05\/Portaria-n\u00ba-883-14-CPA-1.pdf\"><img loading=\"lazy\" decoding=\"async\" class=\"size-full wp-image-121 alignleft\" src=\"https:\/\/institucional.ufrrj.br\/sec-reitoria\/files\/2017\/05\/page.gif\" alt=\"\" width=\"16\" height=\"16\" \/><\/a><span style=\"color: #0000ff\"><a style=\"color: #0000ff\" href=\"https:\/\/institucional.ufrrj.br\/sec-reitoria\/files\/2017\/05\/Portaria-n\u00ba-661-16-CIS.pdf\">Portaria n\u00ba 661-16 &#8211; CIS<\/a><\/span><\/p>\n<hr \/>\n<h4>Comiss\u00e3o de \u00c9tica da UFRRJ<\/h4>\n<p>Presidente<\/p>\n<p>RODRIGO OCTAVIO PINTO BORGES\u00a0 \u00a0(Port. GR 308-2019)<\/p>\n<p>e-mail:<\/p>\n<p><a href=\"https:\/\/institucional.ufrrj.br\/sec-reitoria\/files\/2017\/05\/Portaria-n\u00ba-883-14-CPA-1.pdf\"><img loading=\"lazy\" decoding=\"async\" class=\"size-full wp-image-121 alignleft\" src=\"https:\/\/institucional.ufrrj.br\/sec-reitoria\/files\/2017\/05\/page.gif\" alt=\"\" width=\"16\" height=\"16\" \/><\/a><span style=\"color: #0000ff\"><a style=\"color: #0000ff\" href=\"https:\/\/institucional.ufrrj.br\/sec-reitoria\/files\/2017\/05\/Portaria-n\u00ba-702-17-CEUFRRJ.pdf\">\u00a0Portaria n\u00ba 702 &#8211; 17 &#8211; CEUFRRJ<\/a><\/span><\/p>\n<p><a href=\"https:\/\/institucional.ufrrj.br\/sec-reitoria\/files\/2017\/05\/Portaria-n\u00ba-883-14-CPA-1.pdf\"><img loading=\"lazy\" decoding=\"async\" class=\"size-full wp-image-121 alignleft\" src=\"https:\/\/institucional.ufrrj.br\/sec-reitoria\/files\/2017\/05\/page.gif\" alt=\"\" width=\"16\" height=\"16\" \/><\/a><a href=\"https:\/\/institucional.ufrrj.br\/sec-reitoria\/files\/2017\/05\/Portaria-n\u00ba-703-17-CEUFRRJ.pdf\">\u00a0<span style=\"color: #0000ff\">Portaria n\u00ba 703 &#8211; 17 &#8211; CEUFRRJ<\/span><\/a><\/p>\n<p><a href=\"https:\/\/institucional.ufrrj.br\/sec-reitoria\/files\/2017\/05\/Portaria-n\u00ba-883-14-CPA-1.pdf\"><img loading=\"lazy\" decoding=\"async\" class=\"size-full wp-image-121 alignleft\" src=\"https:\/\/institucional.ufrrj.br\/sec-reitoria\/files\/2017\/05\/page.gif\" alt=\"\" width=\"16\" height=\"16\" \/><\/a><span style=\"color: #0000ff\"><a style=\"color: #0000ff\" href=\"https:\/\/institucional.ufrrj.br\/sec-reitoria\/files\/2017\/05\/Portaria-n\u00ba-704-17-CEUFRRJ.pdf\">\u00a0Portaria n\u00ba 704 &#8211; 17 &#8211; CEUFRRJ<\/a><\/span><\/p>\n<p><a href=\"https:\/\/institucional.ufrrj.br\/sec-reitoria\/files\/2017\/05\/Portaria-n\u00ba-883-14-CPA-1.pdf\"><img loading=\"lazy\" decoding=\"async\" class=\"size-full wp-image-121 alignleft\" src=\"https:\/\/institucional.ufrrj.br\/sec-reitoria\/files\/2017\/05\/page.gif\" alt=\"\" width=\"16\" height=\"16\" \/><\/a><a href=\"https:\/\/institucional.ufrrj.br\/sec-reitoria\/files\/2017\/05\/Portaria-n\u00ba-705-17-CEUFRRJ.pdf\">\u00a0<span style=\"color: #0000ff\">Portaria n\u00ba 705 &#8211; 17 &#8211; CEUFR\u00a0\u00a0<\/span><\/a><\/p>\n<p><a href=\"https:\/\/institucional.ufrrj.br\/sec-reitoria\/2018\/12\/06\/portaria-no-920-2018-reconduzir-para-integrar-a-comissao-de-etica-da-ufrrj\/\"><span style=\"color: #0000ff\">Portaria n\u00ba 920 &#8211; 18 &#8211; CEUFR\u00a0\u00a0<\/span><\/a><\/p>\n<p><span style=\"color: #0000ff\">Portaria n\u00ba 921 &#8211; 18 &#8211; CEUFR\u00a0\u00a0<\/span><\/p>\n<p><a href=\"https:\/\/institucional.ufrrj.br\/sec-reitoria\/2019\/03\/29\/portaria-no-308-2019-designacao-como-presidente-da-comissao-de-etica-da-ufrrj\/\" target=\"_blank\" rel=\"noopener noreferrer\"><span style=\"color: #0000ff\">Portaria n\u00ba 308 &#8211; 19 &#8211; CEUFR\u00a0\u00a0<\/span><\/a><\/p>\n<p>_____________________________________________________________________________________________________________________________________<\/p>\n<p><strong>CPPD &#8211; Comiss\u00e3o Permanente de Pessoal Docente<\/strong><\/p>\n<p>e-mail: cppd@ufrrj.br<\/p>\n<p>Tel:\u00a0 2681-4627<\/p>\n<p>Presidente: Francisco de Assis Baroni<\/p>\n<p><a href=\"https:\/\/institucional.ufrrj.br\/sec-reitoria\/2017\/06\/23\/portaria-no-7692017-designacao\/\" target=\"_blank\" rel=\"noopener noreferrer\"><span style=\"color: #0000ff\">Portaria n\u00ba 769 &#8211; 2017\u00a0 \u00a0<\/span><\/a><\/p>\n<p>Vice:\u00a0 Loris Lodir Zucco<\/p>\n<p><a href=\"https:\/\/institucional.ufrrj.br\/sec-reitoria\/2017\/06\/23\/portaria-no-7702017-designacao\/\" target=\"_blank\" rel=\"noopener noreferrer\"><span style=\"color: #0000ff\">Portaria n\u00ba 770 &#8211; 2017\u00a0\u00a0<\/span><\/a><\/p>\n<p>&nbsp;<\/p>\n<p>Comiss\u00e3o CPPD<\/p>\n<p><a href=\"https:\/\/institucional.ufrrj.br\/sec-reitoria\/2017\/06\/21\/portaria-no-6852017-designacao\/\" target=\"_blank\" rel=\"noopener noreferrer\"><span style=\"color: #0000ff\">Portaria n\u00ba 685 &#8211; 17 <\/span><\/a><\/p>\n<p><a href=\"https:\/\/institucional.ufrrj.br\/sec-reitoria\/2017\/06\/21\/portaria-no-6862017-designacao\/\" target=\"_blank\" rel=\"noopener noreferrer\"><span style=\"color: #0000ff\">Portaria n\u00ba 686 &#8211; 17\u00a0<\/span><\/a><\/p>\n<p><a href=\"https:\/\/institucional.ufrrj.br\/sec-reitoria\/2017\/06\/21\/portaria-no-6872017-designacao\/\" target=\"_blank\" rel=\"noopener noreferrer\"><span style=\"color: #0000ff\">Portaria n\u00ba 687 &#8211; 17\u00a0 <\/span><\/a><\/p>\n<p><a href=\"https:\/\/institucional.ufrrj.br\/sec-reitoria\/2017\/06\/21\/portaria-no-6882017-designacao\/\" target=\"_blank\" rel=\"noopener noreferrer\"><span style=\"color: #0000ff\">Portaria n\u00ba 688 &#8211; 17\u00a0<\/span><\/a><\/p>\n<p><a href=\"https:\/\/institucional.ufrrj.br\/sec-reitoria\/2017\/06\/21\/portaria-no-6892017-designacao\/\" target=\"_blank\" rel=\"noopener noreferrer\"><span style=\"color: #0000ff\">Portaria n\u00ba 689 &#8211; 17<\/span><\/a><\/p>\n<p><a href=\"https:\/\/institucional.ufrrj.br\/sec-reitoria\/2017\/06\/21\/portaria-no-6902017-designacao\/\" target=\"_blank\" rel=\"noopener noreferrer\"><span style=\"color: #0000ff\">Portaria n\u00ba 690 &#8211; 17<\/span><\/a><\/p>\n<p><a href=\"https:\/\/institucional.ufrrj.br\/sec-reitoria\/2017\/06\/21\/portaria-no-6912017-designacao\/\" target=\"_blank\" rel=\"noopener noreferrer\"><span style=\"color: #0000ff\">Portaria n\u00ba 691 &#8211; 17<\/span><\/a><\/p>\n<p><a href=\"https:\/\/institucional.ufrrj.br\/sec-reitoria\/2017\/06\/21\/portaria-no-6922017-designacao\/\" target=\"_blank\" rel=\"noopener noreferrer\"><span style=\"color: #0000ff\">Portaria n\u00ba 692 &#8211; 17<\/span><\/a><\/p>\n<p><a href=\"https:\/\/institucional.ufrrj.br\/sec-reitoria\/2017\/06\/21\/portaria-no-6932017-designacao\/\" target=\"_blank\" rel=\"noopener noreferrer\"><span style=\"color: #0000ff\">Portaria n\u00ba 693 &#8211; 17<\/span><\/a><\/p>\n<p>_____________________________________________________________________________________________________________________________________<\/p>\n<p>&nbsp;<\/p>\n<p><strong>Comiss\u00e3o Institucional de Experimenta\u00e7\u00e3o<\/strong> e <strong>Bem-estar Animal<\/strong><\/p>\n<p>Presidente<\/p>\n<p>Lucia Helena Cunha dos Anjos<\/p>\n<p><em>e-mail:<\/em><\/p>\n<p><em><a href=\"https:\/\/institucional.ufrrj.br\/sec-reitoria\/2017\/12\/18\/portaria-no-1479-2017-designar-para-constituirem-a-comissao-institucional-de-experimentacao-e-bem-estar-animal\/\">Portaria n\u00ba 1479\/2017<\/a><\/em><\/p>\n<hr \/>\n<p><strong>Comiss\u00e3o Interna de Biosseguran\u00e7a Interna da UFRRJ<\/strong><\/p>\n<p>Presidente<\/p>\n<p>IRENE DA SILVA COELHO<\/p>\n<p>e-mail:<\/p>\n<p><a href=\"https:\/\/institucional.ufrrj.br\/sec-reitoria\/2018\/11\/30\/portaria-no-910-2018-designar-para-constituirem-comissao-interna-de-biosseguranca-da-ufrrj\/\">Portaria 910\/2018<\/a><\/p>\n<hr \/>\n<p><strong>Comit\u00ea T\u00e9cnico de Integridade da Universidade Federal da Rural do RJ\u00a0<\/strong><\/p>\n<p>Coordenador\u00a0 MARCELO DA CUNHA SALES<\/p>\n<p>Vice\u00a0 \u00a0REJANE DA SILVA SANTOS SANTIAGO<\/p>\n<p>e-mail:<\/p>\n<p><a href=\"https:\/\/institucional.ufrrj.br\/sec-reitoria\/2019\/04\/03\/portaria-no-311-2019-comite-tecnico-de-integridade-da-ufrrj\/\">Portaria n\u00ba 311\/2019<\/a><\/p>\n","protected":false},"excerpt":{"rendered":"<p>Comiss\u00e3o Pr\u00f3pria de Avalia\u00e7\u00e3o da UFRRJ Presidente\u00a0 \u00a0 LUCIA APARECIDA VALADARES SART\u00d3RIO e-mail: Portaria n\u00ba 849 &#8211; 18 CPA N\u00facleo <a class=\"read-more\" href=\"https:\/\/institucional.ufrrj.br\/sec-reitoria\/comissoes\/ \">&#8230;<\/a><\/p>\n","protected":false},"author":319,"featured_media":0,"parent":0,"menu_order":0,"comment_status":"closed","ping_status":"closed","template":"","meta":{"_acf_changed":false,"footnotes":""},"class_list":["post-56","page","type-page","status-publish","hentry"],"yoast_head":"<!-- This site is optimized with the Yoast SEO plugin v27.2 - https:\/\/yoast.com\/product\/yoast-seo-wordpress\/ -->\n<title>Comiss\u00f5es - Secretaria Administrativa do Gabinete da Reitoria<\/title>\n<meta name=\"robots\" content=\"index, follow, max-snippet:-1, max-image-preview:large, max-video-preview:-1\" \/>\n<link rel=\"canonical\" href=\"https:\/\/institucional.ufrrj.br\/sec-reitoria\/comissoes\/\" \/>\n<meta property=\"og:locale\" content=\"pt_BR\" \/>\n<meta property=\"og:type\" content=\"article\" \/>\n<meta property=\"og:title\" content=\"Comiss\u00f5es - Secretaria Administrativa do Gabinete da Reitoria\" \/>\n<meta property=\"og:description\" content=\"Comiss\u00e3o Pr\u00f3pria de Avalia\u00e7\u00e3o da UFRRJ Presidente\u00a0 \u00a0 LUCIA APARECIDA VALADARES SART\u00d3RIO e-mail: Portaria n\u00ba 849 &#8211; 18 CPA N\u00facleo ...\" \/>\n<meta property=\"og:url\" content=\"https:\/\/institucional.ufrrj.br\/sec-reitoria\/comissoes\/\" \/>\n<meta property=\"og:site_name\" content=\"Secretaria Administrativa do Gabinete da Reitoria\" \/>\n<meta property=\"article:modified_time\" content=\"2019-05-31T18:48:31+00:00\" \/>\n<meta property=\"og:image\" content=\"http:\/\/institucional.ufrrj.br\/sec-reitoria\/files\/2017\/05\/page.gif\" \/>\n<meta name=\"twitter:card\" content=\"summary_large_image\" \/>\n<meta name=\"twitter:label1\" content=\"Est. tempo de leitura\" \/>\n\t<meta name=\"twitter:data1\" content=\"1 minuto\" \/>\n<script type=\"application\/ld+json\" class=\"yoast-schema-graph\">{\"@context\":\"https:\/\/schema.org\",\"@graph\":[{\"@type\":\"WebPage\",\"@id\":\"https:\/\/institucional.ufrrj.br\/sec-reitoria\/comissoes\/\",\"url\":\"https:\/\/institucional.ufrrj.br\/sec-reitoria\/comissoes\/\",\"name\":\"Comiss\u00f5es - Secretaria Administrativa do Gabinete da Reitoria\",\"isPartOf\":{\"@id\":\"https:\/\/institucional.ufrrj.br\/sec-reitoria\/#website\"},\"primaryImageOfPage\":{\"@id\":\"https:\/\/institucional.ufrrj.br\/sec-reitoria\/comissoes\/#primaryimage\"},\"image\":{\"@id\":\"https:\/\/institucional.ufrrj.br\/sec-reitoria\/comissoes\/#primaryimage\"},\"thumbnailUrl\":\"http:\/\/institucional.ufrrj.br\/sec-reitoria\/files\/2017\/05\/page.gif\",\"datePublished\":\"2017-05-08T16:11:01+00:00\",\"dateModified\":\"2019-05-31T18:48:31+00:00\",\"breadcrumb\":{\"@id\":\"https:\/\/institucional.ufrrj.br\/sec-reitoria\/comissoes\/#breadcrumb\"},\"inLanguage\":\"pt-BR\",\"potentialAction\":[{\"@type\":\"ReadAction\",\"target\":[\"https:\/\/institucional.ufrrj.br\/sec-reitoria\/comissoes\/\"]}]},{\"@type\":\"ImageObject\",\"inLanguage\":\"pt-BR\",\"@id\":\"https:\/\/institucional.ufrrj.br\/sec-reitoria\/comissoes\/#primaryimage\",\"url\":\"http:\/\/institucional.ufrrj.br\/sec-reitoria\/files\/2017\/05\/page.gif\",\"contentUrl\":\"http:\/\/institucional.ufrrj.br\/sec-reitoria\/files\/2017\/05\/page.gif\"},{\"@type\":\"BreadcrumbList\",\"@id\":\"https:\/\/institucional.ufrrj.br\/sec-reitoria\/comissoes\/#breadcrumb\",\"itemListElement\":[{\"@type\":\"ListItem\",\"position\":1,\"name\":\"In\u00edcio\",\"item\":\"https:\/\/institucional.ufrrj.br\/sec-reitoria\/\"},{\"@type\":\"ListItem\",\"position\":2,\"name\":\"Comiss\u00f5es\"}]},{\"@type\":\"WebSite\",\"@id\":\"https:\/\/institucional.ufrrj.br\/sec-reitoria\/#website\",\"url\":\"https:\/\/institucional.ufrrj.br\/sec-reitoria\/\",\"name\":\"Secretaria Administrativa do Gabinete da Reitoria\",\"description\":\"S\u00f3 mais um site institucional.ufrrj.br\",\"potentialAction\":[{\"@type\":\"SearchAction\",\"target\":{\"@type\":\"EntryPoint\",\"urlTemplate\":\"https:\/\/institucional.ufrrj.br\/sec-reitoria\/?s={search_term_string}\"},\"query-input\":{\"@type\":\"PropertyValueSpecification\",\"valueRequired\":true,\"valueName\":\"search_term_string\"}}],\"inLanguage\":\"pt-BR\"}]}<\/script>\n<!-- \/ Yoast SEO plugin. -->","yoast_head_json":{"title":"Comiss\u00f5es - Secretaria Administrativa do Gabinete da Reitoria","robots":{"index":"index","follow":"follow","max-snippet":"max-snippet:-1","max-image-preview":"max-image-preview:large","max-video-preview":"max-video-preview:-1"},"canonical":"https:\/\/institucional.ufrrj.br\/sec-reitoria\/comissoes\/","og_locale":"pt_BR","og_type":"article","og_title":"Comiss\u00f5es - Secretaria Administrativa do Gabinete da Reitoria","og_description":"Comiss\u00e3o Pr\u00f3pria de Avalia\u00e7\u00e3o da UFRRJ Presidente\u00a0 \u00a0 LUCIA APARECIDA VALADARES SART\u00d3RIO e-mail: Portaria n\u00ba 849 &#8211; 18 CPA N\u00facleo ...","og_url":"https:\/\/institucional.ufrrj.br\/sec-reitoria\/comissoes\/","og_site_name":"Secretaria Administrativa do Gabinete da Reitoria","article_modified_time":"2019-05-31T18:48:31+00:00","og_image":[{"url":"http:\/\/institucional.ufrrj.br\/sec-reitoria\/files\/2017\/05\/page.gif","type":"","width":"","height":""}],"twitter_card":"summary_large_image","twitter_misc":{"Est. tempo de leitura":"1 minuto"},"schema":{"@context":"https:\/\/schema.org","@graph":[{"@type":"WebPage","@id":"https:\/\/institucional.ufrrj.br\/sec-reitoria\/comissoes\/","url":"https:\/\/institucional.ufrrj.br\/sec-reitoria\/comissoes\/","name":"Comiss\u00f5es - Secretaria Administrativa do Gabinete da Reitoria","isPartOf":{"@id":"https:\/\/institucional.ufrrj.br\/sec-reitoria\/#website"},"primaryImageOfPage":{"@id":"https:\/\/institucional.ufrrj.br\/sec-reitoria\/comissoes\/#primaryimage"},"image":{"@id":"https:\/\/institucional.ufrrj.br\/sec-reitoria\/comissoes\/#primaryimage"},"thumbnailUrl":"http:\/\/institucional.ufrrj.br\/sec-reitoria\/files\/2017\/05\/page.gif","datePublished":"2017-05-08T16:11:01+00:00","dateModified":"2019-05-31T18:48:31+00:00","breadcrumb":{"@id":"https:\/\/institucional.ufrrj.br\/sec-reitoria\/comissoes\/#breadcrumb"},"inLanguage":"pt-BR","potentialAction":[{"@type":"ReadAction","target":["https:\/\/institucional.ufrrj.br\/sec-reitoria\/comissoes\/"]}]},{"@type":"ImageObject","inLanguage":"pt-BR","@id":"https:\/\/institucional.ufrrj.br\/sec-reitoria\/comissoes\/#primaryimage","url":"http:\/\/institucional.ufrrj.br\/sec-reitoria\/files\/2017\/05\/page.gif","contentUrl":"http:\/\/institucional.ufrrj.br\/sec-reitoria\/files\/2017\/05\/page.gif"},{"@type":"BreadcrumbList","@id":"https:\/\/institucional.ufrrj.br\/sec-reitoria\/comissoes\/#breadcrumb","itemListElement":[{"@type":"ListItem","position":1,"name":"In\u00edcio","item":"https:\/\/institucional.ufrrj.br\/sec-reitoria\/"},{"@type":"ListItem","position":2,"name":"Comiss\u00f5es"}]},{"@type":"WebSite","@id":"https:\/\/institucional.ufrrj.br\/sec-reitoria\/#website","url":"https:\/\/institucional.ufrrj.br\/sec-reitoria\/","name":"Secretaria Administrativa do Gabinete da Reitoria","description":"S\u00f3 mais um site institucional.ufrrj.br","potentialAction":[{"@type":"SearchAction","target":{"@type":"EntryPoint","urlTemplate":"https:\/\/institucional.ufrrj.br\/sec-reitoria\/?s={search_term_string}"},"query-input":{"@type":"PropertyValueSpecification","valueRequired":true,"valueName":"search_term_string"}}],"inLanguage":"pt-BR"}]}},"acf":[],"_links":{"self":[{"href":"https:\/\/institucional.ufrrj.br\/sec-reitoria\/wp-json\/wp\/v2\/pages\/56","targetHints":{"allow":["GET"]}}],"collection":[{"href":"https:\/\/institucional.ufrrj.br\/sec-reitoria\/wp-json\/wp\/v2\/pages"}],"about":[{"href":"https:\/\/institucional.ufrrj.br\/sec-reitoria\/wp-json\/wp\/v2\/types\/page"}],"author":[{"embeddable":true,"href":"https:\/\/institucional.ufrrj.br\/sec-reitoria\/wp-json\/wp\/v2\/users\/319"}],"replies":[{"embeddable":true,"href":"https:\/\/institucional.ufrrj.br\/sec-reitoria\/wp-json\/wp\/v2\/comments?post=56"}],"version-history":[{"count":51,"href":"https:\/\/institucional.ufrrj.br\/sec-reitoria\/wp-json\/wp\/v2\/pages\/56\/revisions"}],"predecessor-version":[{"id":24958,"href":"https:\/\/institucional.ufrrj.br\/sec-reitoria\/wp-json\/wp\/v2\/pages\/56\/revisions\/24958"}],"wp:attachment":[{"href":"https:\/\/institucional.ufrrj.br\/sec-reitoria\/wp-json\/wp\/v2\/media?parent=56"}],"curies":[{"name":"wp","href":"https:\/\/api.w.org\/{rel}","templated":true}]}}