{"id":33,"date":"2017-05-03T15:54:54","date_gmt":"2017-05-03T18:54:54","guid":{"rendered":"http:\/\/institucional.ufrrj.br\/sec-reitoria\/?page_id=33"},"modified":"2020-03-09T15:09:24","modified_gmt":"2020-03-09T18:09:24","slug":"formularios","status":"publish","type":"page","link":"https:\/\/institucional.ufrrj.br\/sec-reitoria\/formularios\/","title":{"rendered":"Formul\u00e1rios"},"content":{"rendered":"<h2><a href=\"https:\/\/institucional.ufrrj.br\/sec-reitoria\/files\/2020\/03\/FORMUL\u00c1RIO-PARA-AUTORIZA\u00c7\u00c3O-DE-FOTOS-FORMATURA-ATUAL.pdf\"><span style=\"color: #0000ff\">FORMUL\u00c1RIO PARA AUTORIZA\u00c7\u00c3O DE FOTOS FORMATURA<\/span><\/a><\/h2>\n<p>&nbsp;<\/p>\n<h2><\/h2>\n<h2><a href=\"https:\/\/institucional.ufrrj.br\/sec-reitoria\/files\/2020\/03\/FORMUL\u00c1RIO-PARA-AUTORIZA\u00c7\u00c3O-DE-FOTOS-ATUAL.pdf\"><span style=\"color: #0000ff\">FORMUL\u00c1RIO PARA AUTORIZA\u00c7\u00c3O DE FOTOS E FILMAGENS<\/span><\/a><\/h2>\n<p>&nbsp;<\/p>\n<h2><\/h2>\n<h2><span style=\"color: #0000ff\"><a style=\"color: #0000ff\" href=\"https:\/\/institucional.ufrrj.br\/sec-reitoria\/files\/2017\/05\/FORMUL\u00c1RIO-PARA-AUTORIZA\u00c7\u00c3O-DE-UTILIZA\u00c7\u00c3O-DA-COPA-DO-TERCEIRO-ANDAR.pdf\">FORMUL\u00c1RIO PARA AUTORIZA\u00c7\u00c3O DE UTILIZA\u00c7\u00c3O DA COPA DO TERCEIRO ANDAR<\/a><\/span><\/h2>\n<p>&nbsp;<\/p>\n<h2><\/h2>\n<h2><span style=\"color: #0000ff\"><a style=\"color: #0000ff\" href=\"https:\/\/institucional.ufrrj.br\/sec-reitoria\/files\/2017\/05\/FORMUL\u00c1RIO-PARA-REQUISI\u00c7\u00c3O-DE-DOCUMENTOS.pdf\">FORMUL\u00c1RIO PARA REQUISI\u00c7\u00c3O DE DOCUMENTOS<\/a><\/span><\/h2>\n","protected":false},"excerpt":{"rendered":"<p>FORMUL\u00c1RIO PARA AUTORIZA\u00c7\u00c3O DE FOTOS FORMATURA &nbsp; FORMUL\u00c1RIO PARA AUTORIZA\u00c7\u00c3O DE FOTOS E FILMAGENS &nbsp; FORMUL\u00c1RIO PARA AUTORIZA\u00c7\u00c3O DE UTILIZA\u00c7\u00c3O <a class=\"read-more\" href=\"https:\/\/institucional.ufrrj.br\/sec-reitoria\/formularios\/ \">&#8230;<\/a><\/p>\n","protected":false},"author":319,"featured_media":0,"parent":0,"menu_order":0,"comment_status":"closed","ping_status":"closed","template":"","meta":{"_acf_changed":false,"footnotes":""},"class_list":["post-33","page","type-page","status-publish","hentry"],"yoast_head":"<!-- This site is optimized with the Yoast SEO plugin v27.2 - https:\/\/yoast.com\/product\/yoast-seo-wordpress\/ -->\n<title>Formul\u00e1rios - Secretaria Administrativa do Gabinete da Reitoria<\/title>\n<meta name=\"robots\" content=\"index, follow, max-snippet:-1, max-image-preview:large, max-video-preview:-1\" \/>\n<link rel=\"canonical\" href=\"https:\/\/institucional.ufrrj.br\/sec-reitoria\/formularios\/\" \/>\n<meta property=\"og:locale\" content=\"pt_BR\" \/>\n<meta property=\"og:type\" content=\"article\" \/>\n<meta property=\"og:title\" content=\"Formul\u00e1rios - Secretaria Administrativa do Gabinete da Reitoria\" \/>\n<meta property=\"og:description\" content=\"FORMUL\u00c1RIO PARA AUTORIZA\u00c7\u00c3O DE FOTOS FORMATURA &nbsp; FORMUL\u00c1RIO PARA AUTORIZA\u00c7\u00c3O DE FOTOS E FILMAGENS &nbsp; FORMUL\u00c1RIO PARA AUTORIZA\u00c7\u00c3O DE UTILIZA\u00c7\u00c3O ...\" \/>\n<meta property=\"og:url\" content=\"https:\/\/institucional.ufrrj.br\/sec-reitoria\/formularios\/\" \/>\n<meta property=\"og:site_name\" content=\"Secretaria Administrativa do Gabinete da Reitoria\" \/>\n<meta property=\"article:modified_time\" content=\"2020-03-09T18:09:24+00:00\" \/>\n<meta name=\"twitter:card\" content=\"summary_large_image\" \/>\n<script type=\"application\/ld+json\" class=\"yoast-schema-graph\">{\"@context\":\"https:\/\/schema.org\",\"@graph\":[{\"@type\":\"WebPage\",\"@id\":\"https:\/\/institucional.ufrrj.br\/sec-reitoria\/formularios\/\",\"url\":\"https:\/\/institucional.ufrrj.br\/sec-reitoria\/formularios\/\",\"name\":\"Formul\u00e1rios - Secretaria Administrativa do Gabinete da Reitoria\",\"isPartOf\":{\"@id\":\"https:\/\/institucional.ufrrj.br\/sec-reitoria\/#website\"},\"datePublished\":\"2017-05-03T18:54:54+00:00\",\"dateModified\":\"2020-03-09T18:09:24+00:00\",\"breadcrumb\":{\"@id\":\"https:\/\/institucional.ufrrj.br\/sec-reitoria\/formularios\/#breadcrumb\"},\"inLanguage\":\"pt-BR\",\"potentialAction\":[{\"@type\":\"ReadAction\",\"target\":[\"https:\/\/institucional.ufrrj.br\/sec-reitoria\/formularios\/\"]}]},{\"@type\":\"BreadcrumbList\",\"@id\":\"https:\/\/institucional.ufrrj.br\/sec-reitoria\/formularios\/#breadcrumb\",\"itemListElement\":[{\"@type\":\"ListItem\",\"position\":1,\"name\":\"In\u00edcio\",\"item\":\"https:\/\/institucional.ufrrj.br\/sec-reitoria\/\"},{\"@type\":\"ListItem\",\"position\":2,\"name\":\"Formul\u00e1rios\"}]},{\"@type\":\"WebSite\",\"@id\":\"https:\/\/institucional.ufrrj.br\/sec-reitoria\/#website\",\"url\":\"https:\/\/institucional.ufrrj.br\/sec-reitoria\/\",\"name\":\"Secretaria Administrativa do Gabinete da Reitoria\",\"description\":\"S\u00f3 mais um site institucional.ufrrj.br\",\"potentialAction\":[{\"@type\":\"SearchAction\",\"target\":{\"@type\":\"EntryPoint\",\"urlTemplate\":\"https:\/\/institucional.ufrrj.br\/sec-reitoria\/?s={search_term_string}\"},\"query-input\":{\"@type\":\"PropertyValueSpecification\",\"valueRequired\":true,\"valueName\":\"search_term_string\"}}],\"inLanguage\":\"pt-BR\"}]}<\/script>\n<!-- \/ Yoast SEO plugin. -->","yoast_head_json":{"title":"Formul\u00e1rios - Secretaria Administrativa do Gabinete da Reitoria","robots":{"index":"index","follow":"follow","max-snippet":"max-snippet:-1","max-image-preview":"max-image-preview:large","max-video-preview":"max-video-preview:-1"},"canonical":"https:\/\/institucional.ufrrj.br\/sec-reitoria\/formularios\/","og_locale":"pt_BR","og_type":"article","og_title":"Formul\u00e1rios - Secretaria Administrativa do Gabinete da Reitoria","og_description":"FORMUL\u00c1RIO PARA AUTORIZA\u00c7\u00c3O DE FOTOS FORMATURA &nbsp; FORMUL\u00c1RIO PARA AUTORIZA\u00c7\u00c3O DE FOTOS E FILMAGENS &nbsp; FORMUL\u00c1RIO PARA AUTORIZA\u00c7\u00c3O DE UTILIZA\u00c7\u00c3O ...","og_url":"https:\/\/institucional.ufrrj.br\/sec-reitoria\/formularios\/","og_site_name":"Secretaria Administrativa do Gabinete da Reitoria","article_modified_time":"2020-03-09T18:09:24+00:00","twitter_card":"summary_large_image","schema":{"@context":"https:\/\/schema.org","@graph":[{"@type":"WebPage","@id":"https:\/\/institucional.ufrrj.br\/sec-reitoria\/formularios\/","url":"https:\/\/institucional.ufrrj.br\/sec-reitoria\/formularios\/","name":"Formul\u00e1rios - Secretaria Administrativa do Gabinete da Reitoria","isPartOf":{"@id":"https:\/\/institucional.ufrrj.br\/sec-reitoria\/#website"},"datePublished":"2017-05-03T18:54:54+00:00","dateModified":"2020-03-09T18:09:24+00:00","breadcrumb":{"@id":"https:\/\/institucional.ufrrj.br\/sec-reitoria\/formularios\/#breadcrumb"},"inLanguage":"pt-BR","potentialAction":[{"@type":"ReadAction","target":["https:\/\/institucional.ufrrj.br\/sec-reitoria\/formularios\/"]}]},{"@type":"BreadcrumbList","@id":"https:\/\/institucional.ufrrj.br\/sec-reitoria\/formularios\/#breadcrumb","itemListElement":[{"@type":"ListItem","position":1,"name":"In\u00edcio","item":"https:\/\/institucional.ufrrj.br\/sec-reitoria\/"},{"@type":"ListItem","position":2,"name":"Formul\u00e1rios"}]},{"@type":"WebSite","@id":"https:\/\/institucional.ufrrj.br\/sec-reitoria\/#website","url":"https:\/\/institucional.ufrrj.br\/sec-reitoria\/","name":"Secretaria Administrativa do Gabinete da Reitoria","description":"S\u00f3 mais um site institucional.ufrrj.br","potentialAction":[{"@type":"SearchAction","target":{"@type":"EntryPoint","urlTemplate":"https:\/\/institucional.ufrrj.br\/sec-reitoria\/?s={search_term_string}"},"query-input":{"@type":"PropertyValueSpecification","valueRequired":true,"valueName":"search_term_string"}}],"inLanguage":"pt-BR"}]}},"acf":[],"_links":{"self":[{"href":"https:\/\/institucional.ufrrj.br\/sec-reitoria\/wp-json\/wp\/v2\/pages\/33","targetHints":{"allow":["GET"]}}],"collection":[{"href":"https:\/\/institucional.ufrrj.br\/sec-reitoria\/wp-json\/wp\/v2\/pages"}],"about":[{"href":"https:\/\/institucional.ufrrj.br\/sec-reitoria\/wp-json\/wp\/v2\/types\/page"}],"author":[{"embeddable":true,"href":"https:\/\/institucional.ufrrj.br\/sec-reitoria\/wp-json\/wp\/v2\/users\/319"}],"replies":[{"embeddable":true,"href":"https:\/\/institucional.ufrrj.br\/sec-reitoria\/wp-json\/wp\/v2\/comments?post=33"}],"version-history":[{"count":14,"href":"https:\/\/institucional.ufrrj.br\/sec-reitoria\/wp-json\/wp\/v2\/pages\/33\/revisions"}],"predecessor-version":[{"id":27881,"href":"https:\/\/institucional.ufrrj.br\/sec-reitoria\/wp-json\/wp\/v2\/pages\/33\/revisions\/27881"}],"wp:attachment":[{"href":"https:\/\/institucional.ufrrj.br\/sec-reitoria\/wp-json\/wp\/v2\/media?parent=33"}],"curies":[{"name":"wp","href":"https:\/\/api.w.org\/{rel}","templated":true}]}}