{"id":763,"date":"2021-01-06T17:58:29","date_gmt":"2021-01-06T17:58:29","guid":{"rendered":"http:\/\/institucional.ufrrj.br\/sap\/?page_id=763"},"modified":"2021-01-06T18:02:03","modified_gmt":"2021-01-06T18:02:03","slug":"proposta-do-museu-tokarnia-mapct","status":"publish","type":"page","link":"https:\/\/institucional.ufrrj.br\/sap\/proposta-do-museu-tokarnia-mapct\/","title":{"rendered":"Proposta do Museu Tokarnia &#8211; MAPCT"},"content":{"rendered":"<p>O Museu de Anatomia Patol\u00f3gica Carlos Tokarnia (MAPCP) \u00e9 um importante acervo do corredor cultural e hist\u00f3rico da UFRRJ e possui perfil e fun\u00e7\u00e3o did\u00e1tica, social e hist\u00f3rica, pois trata-se da organiza\u00e7\u00e3o pedag\u00f3gica de um material \u00edmpar, que resgata um conjunto de pe\u00e7as anat\u00f4micas acumuladas desde os prim\u00f3rdios da Patologia na UFRRJ. Este acervo representa a hist\u00f3ria de trabalho de v\u00e1rias gera\u00e7\u00f5es de em\u00e9ritos patologistas da UFRRJ, do Rio de Janeiro e do Brasil. Dentro do contexto de inser\u00e7\u00e3o do MAPCT no corredor cultural de acervos j\u00e1 existentes dentro da UFRRJ se estabele\u00e7e um elo entre as cole\u00e7\u00f5es e uma maior intera\u00e7\u00e3o entre as diversas curadorias existentes na UFRRJ, e essa intera\u00e7\u00e3o permitir\u00e1 maior divulga\u00e7\u00e3o, valoriza\u00e7\u00e3o e visita\u00e7\u00e3o do acervo. Apesar de todo o trabalho desenvolvido pelos em\u00e9ritos patologistas que passaram pelo SAP, e da documenta\u00e7\u00e3o e armazenamento desse material ao longo de tantos anos de trabalho o MAPCT ainda n\u00e3o est\u00e1 dispon\u00edvel no sentido amplo. Faz-se extremamente necess\u00e1ria uma organiza\u00e7\u00e3o t\u00e9cnica mais adequada desse patrim\u00f4nio e iniciativas para se coletar novos materiais a fim de criar condi\u00e7\u00f5es estruturais suficientes para um constante enriquecimento do acervo, e uma maior difus\u00e3o das informa\u00e7\u00f5es via site do SAP. A necessidade e a vontade de recuperar in\u00fameros exemplares que est\u00e3o em vias de deteriora\u00e7\u00e3o, modificar o meio de conserva\u00e7\u00e3o insalubre (formol) para solu\u00e7\u00f5es in\u00f3cuas \u00e0 sa\u00fade e que proporcionem bem-estar aos usu\u00e1rios, preserva\u00e7\u00e3o de documentos, informa\u00e7\u00f5es, hist\u00f3ria e a pr\u00f3pria estrutura rec\u00e9m-adquirida para amplia\u00e7\u00e3o do Museu indicam e justificam o apoio que a PROEXT est\u00e1 facultando ao MAPCT.<\/p>\n<p>A consolida\u00e7\u00e3o desse acervo para a \u00c1rea de Patologia Veterin\u00e1ria funciona como uma ferramenta de estudo pr\u00e1tico de indiscut\u00edvel valor para a forma\u00e7\u00e3o dos estudantes de Veterin\u00e1ria e eleva especialmente a qualidade do ensino em nossa universidade. Essa cole\u00e7\u00e3o resgata o conhecimento acumulado de mais de 80 anos, por uma equipe de patologistas em\u00e9ritos, com uma historicidade marcante no campo da Patologia Veterin\u00e1ria. Esse patrim\u00f4nio nos orgulha e nos deixa numa posi\u00e7\u00e3o de vanguarda entre as institui\u00e7\u00f5es de ensino superior do Brasil. Portanto, trata-se de uma cole\u00e7\u00e3o, organizada de forma did\u00e1tico-pedag\u00f3gica cujo material constitui-se de preciosas rel\u00edquias para os estudiosos desta \u00e1rea do conhecimento, que re\u00fane exemplares de patologias de diversas naturezas.<\/p>\n<p>Esse material \u00e9 usado rotineiramente nas aulas pr\u00e1ticas de disciplinas da \u00e1rea de Patologia Veterin\u00e1ria, Parasitologia Veterin\u00e1ria, Plantas T\u00f3xicas e Defici\u00eancias Minerais, mas tem potencial de utiliza\u00e7\u00e3o em muitas outras disciplinas de \u00e1reas afins. Al\u00e9m disso serve de substrato para o treinamento dos discentes do Programa de Resid\u00eancia em Medicina Veterin\u00e1ria, no campo das suas diversas especialidades.<\/p>\n<p>O MAPCT cumpre seu papel de <strong>inclus\u00e3o social<\/strong>, ao permitir visitas f\u00edsicas programadas para discentes de Gradua\u00e7\u00e3o e P\u00f3s-Gradua\u00e7\u00e3o, e de alunos do Ensino Fundamental e M\u00e9dio, a fim de estimular a curiosidade e o interesse pela pesquisa aos aspirantes e iniciantes da vida acad\u00eamica. Al\u00e9m das visitas escolares, uma outra forma de integra\u00e7\u00e3o com a sociedade vem sendo desenvolvida pelo MAPCT, atrav\u00e9s da participa\u00e7\u00e3o de alunos de gradua\u00e7\u00e3o e do Programa de Resid\u00eancia em Medicina Veterin\u00e1ria no Evento Sa\u00fade Global; neste evento exemplares do acervo do museu ficam expostos na pra\u00e7a Municipal de Serop\u00e9dica, e \u00e9 apresentado \u00e0s escolas da cidade com o intuito de informar e esclarecer a popula\u00e7\u00e3o sobre zoonoses e outras doen\u00e7as. J\u00e1 est\u00e3o inseridos nesse contexto os universit\u00e1rios dos cursos das \u00e1reas de sa\u00fade e agropecu\u00e1ria da UFRRJ.<\/p>\n<p>&nbsp;<\/p>\n<p><strong>O MAPCT em dire\u00e7\u00e3o \u00e0 sustentabilidade<\/strong><\/p>\n<p>Est\u00e1 em curso a recupera\u00e7\u00e3o e manuten\u00e7\u00e3o generalizada das pe\u00e7as do acervo do MAPCT, que inclui substitui\u00e7\u00e3o da solu\u00e7\u00e3o de formalde\u00eddo por solu\u00e7\u00f5es menos agressivas (solu\u00e7\u00e3o salina). O formalde\u00eddo, al\u00e9m de ser um produto altamente t\u00f3xico e reconhecidamente cancer\u00edgeno (classificado pela Ag\u00eancia Internacional de Pesquisas em C\u00e2ncer), ainda somam-se v\u00e1rios fatores negativos \u00e0 sua utiliza\u00e7\u00e3o, que incluem odor desagrad\u00e1vel, escurecimento, aumento de peso e rigidez das pe\u00e7as. Al\u00e9m de todas essas desvantagens, essa solu\u00e7\u00e3o induz dr\u00e1sticas consequ\u00eancias para o meio ambiente. Os meios mais adequados para substitui\u00e7\u00e3o do formalde\u00eddo trazem maiores rela\u00e7\u00f5es custo-benef\u00edcio. As interven\u00e7\u00f5es sobre tais agravos visam anular os riscos e melhorar a seguran\u00e7a sanit\u00e1ria da equipe t\u00e9cnica e da coletividade estudantil no ambiente do museu, pois o uso cont\u00ednuo do formol pode afetar permanentemente a sa\u00fade dos cidad\u00e3os. Essa renova\u00e7\u00e3o e essas a\u00e7\u00f5es permitir\u00e3o que o acervo caminhe em dire\u00e7\u00e3o \u00e0 sustentabilidade, com respeito \u00e0 sa\u00fade dos seus usu\u00e1rios e a um ambiente que propicia conforto e biosseguran\u00e7a laboral.<\/p>\n<p>&nbsp;<\/p>\n<p><a href=\"https:\/\/institucional.ufrrj.br\/sap\/proposta-do-museu-tokarnia-mapct\/20160611_162848\/\" rel=\"attachment wp-att-770\" data-attachment=\"770\"><img loading=\"lazy\" decoding=\"async\" class=\"alignnone size-medium wp-image-770\" src=\"https:\/\/institucional.ufrrj.br\/sap\/files\/2021\/01\/20160611_162848-300x225.jpg\" alt=\"\" width=\"300\" height=\"225\" srcset=\"https:\/\/institucional.ufrrj.br\/sap\/files\/2021\/01\/20160611_162848-300x225.jpg 300w, https:\/\/institucional.ufrrj.br\/sap\/files\/2021\/01\/20160611_162848-768x576.jpg 768w, https:\/\/institucional.ufrrj.br\/sap\/files\/2021\/01\/20160611_162848-1024x768.jpg 1024w, https:\/\/institucional.ufrrj.br\/sap\/files\/2021\/01\/20160611_162848.jpg 2000w\" sizes=\"auto, (max-width: 300px) 100vw, 300px\" \/><\/a> <a href=\"https:\/\/institucional.ufrrj.br\/sap\/proposta-do-museu-tokarnia-mapct\/dsc_0134\/\" rel=\"attachment wp-att-771\" data-attachment=\"771\"><img loading=\"lazy\" decoding=\"async\" class=\"alignnone size-medium wp-image-771\" src=\"https:\/\/institucional.ufrrj.br\/sap\/files\/2021\/01\/DSC_0134-200x300.jpg\" alt=\"\" width=\"200\" height=\"300\" srcset=\"https:\/\/institucional.ufrrj.br\/sap\/files\/2021\/01\/DSC_0134-200x300.jpg 200w, https:\/\/institucional.ufrrj.br\/sap\/files\/2021\/01\/DSC_0134-768x1152.jpg 768w, https:\/\/institucional.ufrrj.br\/sap\/files\/2021\/01\/DSC_0134-682x1024.jpg 682w, https:\/\/institucional.ufrrj.br\/sap\/files\/2021\/01\/DSC_0134.jpg 1333w\" sizes=\"auto, (max-width: 200px) 100vw, 200px\" \/><\/a> <a href=\"https:\/\/institucional.ufrrj.br\/sap\/proposta-do-museu-tokarnia-mapct\/20190329_135808\/\" rel=\"attachment wp-att-772\" data-attachment=\"772\"><img loading=\"lazy\" decoding=\"async\" class=\"alignnone size-medium wp-image-772\" src=\"https:\/\/institucional.ufrrj.br\/sap\/files\/2021\/01\/20190329_135808-300x169.jpg\" alt=\"\" width=\"300\" height=\"169\" srcset=\"https:\/\/institucional.ufrrj.br\/sap\/files\/2021\/01\/20190329_135808-300x169.jpg 300w, https:\/\/institucional.ufrrj.br\/sap\/files\/2021\/01\/20190329_135808-768x432.jpg 768w, https:\/\/institucional.ufrrj.br\/sap\/files\/2021\/01\/20190329_135808-1024x576.jpg 1024w, https:\/\/institucional.ufrrj.br\/sap\/files\/2021\/01\/20190329_135808.jpg 2000w\" sizes=\"auto, (max-width: 300px) 100vw, 300px\" \/><\/a> <a href=\"https:\/\/institucional.ufrrj.br\/sap\/proposta-do-museu-tokarnia-mapct\/20190329_140331\/\" rel=\"attachment wp-att-773\" data-attachment=\"773\"><img loading=\"lazy\" decoding=\"async\" class=\"alignnone size-medium wp-image-773\" src=\"https:\/\/institucional.ufrrj.br\/sap\/files\/2021\/01\/20190329_140331-169x300.jpg\" alt=\"\" width=\"169\" height=\"300\" srcset=\"https:\/\/institucional.ufrrj.br\/sap\/files\/2021\/01\/20190329_140331-169x300.jpg 169w, https:\/\/institucional.ufrrj.br\/sap\/files\/2021\/01\/20190329_140331-768x1365.jpg 768w, https:\/\/institucional.ufrrj.br\/sap\/files\/2021\/01\/20190329_140331-576x1024.jpg 576w, https:\/\/institucional.ufrrj.br\/sap\/files\/2021\/01\/20190329_140331.jpg 1125w\" sizes=\"auto, (max-width: 169px) 100vw, 169px\" \/><\/a> <a href=\"https:\/\/institucional.ufrrj.br\/sap\/proposta-do-museu-tokarnia-mapct\/20160616_104400\/\" rel=\"attachment wp-att-774\" data-attachment=\"774\"><img loading=\"lazy\" decoding=\"async\" class=\"alignnone size-medium wp-image-774\" src=\"https:\/\/institucional.ufrrj.br\/sap\/files\/2021\/01\/20160616_104400-300x225.jpg\" alt=\"\" width=\"300\" height=\"225\" srcset=\"https:\/\/institucional.ufrrj.br\/sap\/files\/2021\/01\/20160616_104400-300x225.jpg 300w, https:\/\/institucional.ufrrj.br\/sap\/files\/2021\/01\/20160616_104400-768x576.jpg 768w, https:\/\/institucional.ufrrj.br\/sap\/files\/2021\/01\/20160616_104400-1024x768.jpg 1024w, https:\/\/institucional.ufrrj.br\/sap\/files\/2021\/01\/20160616_104400.jpg 2000w\" sizes=\"auto, (max-width: 300px) 100vw, 300px\" \/><\/a><\/p>\n","protected":false},"excerpt":{"rendered":"<p>O Museu de Anatomia Patol\u00f3gica Carlos Tokarnia (MAPCP) \u00e9 um importante acervo do corredor cultural e hist\u00f3rico da UFRRJ e <a class=\"read-more\" href=\"https:\/\/institucional.ufrrj.br\/sap\/proposta-do-museu-tokarnia-mapct\/ \" >&#8230; <span class=\"font-italic\">leia mais <i class=\"fas fa-angle-right\"><\/i><\/span><\/a><\/p>\n","protected":false},"author":229,"featured_media":0,"parent":0,"menu_order":0,"comment_status":"closed","ping_status":"closed","template":"","meta":{"_acf_changed":false,"footnotes":"","_links_to":"","_links_to_target":""},"class_list":["post-763","page","type-page","status-publish","hentry"],"yoast_head":"<!-- This site is optimized with the Yoast SEO plugin v27.2 - https:\/\/yoast.com\/product\/yoast-seo-wordpress\/ -->\n<title>Proposta do Museu Tokarnia - MAPCT - SAP<\/title>\n<meta name=\"robots\" content=\"index, follow, max-snippet:-1, max-image-preview:large, max-video-preview:-1\" \/>\n<link rel=\"canonical\" href=\"https:\/\/institucional.ufrrj.br\/sap\/proposta-do-museu-tokarnia-mapct\/\" \/>\n<meta property=\"og:locale\" content=\"pt_BR\" \/>\n<meta property=\"og:type\" content=\"article\" \/>\n<meta property=\"og:title\" content=\"Proposta do Museu Tokarnia - MAPCT - SAP\" \/>\n<meta property=\"og:description\" content=\"O Museu de Anatomia Patol\u00f3gica Carlos Tokarnia (MAPCP) \u00e9 um importante acervo do corredor cultural e hist\u00f3rico da UFRRJ e ... leia mais\" \/>\n<meta property=\"og:url\" content=\"https:\/\/institucional.ufrrj.br\/sap\/proposta-do-museu-tokarnia-mapct\/\" \/>\n<meta property=\"og:site_name\" content=\"SAP\" \/>\n<meta property=\"article:modified_time\" content=\"2021-01-06T18:02:03+00:00\" \/>\n<meta property=\"og:image\" content=\"http:\/\/institucional.ufrrj.br\/sap\/files\/2021\/01\/20160611_162848-300x225.jpg\" \/>\n<meta name=\"twitter:card\" content=\"summary_large_image\" \/>\n<meta name=\"twitter:label1\" content=\"Est. tempo de leitura\" \/>\n\t<meta name=\"twitter:data1\" content=\"4 minutos\" \/>\n<script type=\"application\/ld+json\" class=\"yoast-schema-graph\">{\"@context\":\"https:\/\/schema.org\",\"@graph\":[{\"@type\":\"WebPage\",\"@id\":\"https:\/\/institucional.ufrrj.br\/sap\/proposta-do-museu-tokarnia-mapct\/\",\"url\":\"https:\/\/institucional.ufrrj.br\/sap\/proposta-do-museu-tokarnia-mapct\/\",\"name\":\"Proposta do Museu Tokarnia - MAPCT - SAP\",\"isPartOf\":{\"@id\":\"https:\/\/institucional.ufrrj.br\/sap\/#website\"},\"primaryImageOfPage\":{\"@id\":\"https:\/\/institucional.ufrrj.br\/sap\/proposta-do-museu-tokarnia-mapct\/#primaryimage\"},\"image\":{\"@id\":\"https:\/\/institucional.ufrrj.br\/sap\/proposta-do-museu-tokarnia-mapct\/#primaryimage\"},\"thumbnailUrl\":\"http:\/\/institucional.ufrrj.br\/sap\/files\/2021\/01\/20160611_162848-300x225.jpg\",\"datePublished\":\"2021-01-06T17:58:29+00:00\",\"dateModified\":\"2021-01-06T18:02:03+00:00\",\"breadcrumb\":{\"@id\":\"https:\/\/institucional.ufrrj.br\/sap\/proposta-do-museu-tokarnia-mapct\/#breadcrumb\"},\"inLanguage\":\"pt-BR\",\"potentialAction\":[{\"@type\":\"ReadAction\",\"target\":[\"https:\/\/institucional.ufrrj.br\/sap\/proposta-do-museu-tokarnia-mapct\/\"]}]},{\"@type\":\"ImageObject\",\"inLanguage\":\"pt-BR\",\"@id\":\"https:\/\/institucional.ufrrj.br\/sap\/proposta-do-museu-tokarnia-mapct\/#primaryimage\",\"url\":\"http:\/\/institucional.ufrrj.br\/sap\/files\/2021\/01\/20160611_162848-300x225.jpg\",\"contentUrl\":\"http:\/\/institucional.ufrrj.br\/sap\/files\/2021\/01\/20160611_162848-300x225.jpg\"},{\"@type\":\"BreadcrumbList\",\"@id\":\"https:\/\/institucional.ufrrj.br\/sap\/proposta-do-museu-tokarnia-mapct\/#breadcrumb\",\"itemListElement\":[{\"@type\":\"ListItem\",\"position\":1,\"name\":\"In\u00edcio\",\"item\":\"https:\/\/institucional.ufrrj.br\/sap\/\"},{\"@type\":\"ListItem\",\"position\":2,\"name\":\"Proposta do Museu Tokarnia &#8211; MAPCT\"}]},{\"@type\":\"WebSite\",\"@id\":\"https:\/\/institucional.ufrrj.br\/sap\/#website\",\"url\":\"https:\/\/institucional.ufrrj.br\/sap\/\",\"name\":\"SAP\",\"description\":\"Setor de Anatomia Pat\u00f3logica\",\"potentialAction\":[{\"@type\":\"SearchAction\",\"target\":{\"@type\":\"EntryPoint\",\"urlTemplate\":\"https:\/\/institucional.ufrrj.br\/sap\/?s={search_term_string}\"},\"query-input\":{\"@type\":\"PropertyValueSpecification\",\"valueRequired\":true,\"valueName\":\"search_term_string\"}}],\"inLanguage\":\"pt-BR\"}]}<\/script>\n<!-- \/ Yoast SEO plugin. -->","yoast_head_json":{"title":"Proposta do Museu Tokarnia - MAPCT - SAP","robots":{"index":"index","follow":"follow","max-snippet":"max-snippet:-1","max-image-preview":"max-image-preview:large","max-video-preview":"max-video-preview:-1"},"canonical":"https:\/\/institucional.ufrrj.br\/sap\/proposta-do-museu-tokarnia-mapct\/","og_locale":"pt_BR","og_type":"article","og_title":"Proposta do Museu Tokarnia - MAPCT - SAP","og_description":"O Museu de Anatomia Patol\u00f3gica Carlos Tokarnia (MAPCP) \u00e9 um importante acervo do corredor cultural e hist\u00f3rico da UFRRJ e ... leia mais","og_url":"https:\/\/institucional.ufrrj.br\/sap\/proposta-do-museu-tokarnia-mapct\/","og_site_name":"SAP","article_modified_time":"2021-01-06T18:02:03+00:00","og_image":[{"url":"http:\/\/institucional.ufrrj.br\/sap\/files\/2021\/01\/20160611_162848-300x225.jpg","type":"","width":"","height":""}],"twitter_card":"summary_large_image","twitter_misc":{"Est. tempo de leitura":"4 minutos"},"schema":{"@context":"https:\/\/schema.org","@graph":[{"@type":"WebPage","@id":"https:\/\/institucional.ufrrj.br\/sap\/proposta-do-museu-tokarnia-mapct\/","url":"https:\/\/institucional.ufrrj.br\/sap\/proposta-do-museu-tokarnia-mapct\/","name":"Proposta do Museu Tokarnia - MAPCT - SAP","isPartOf":{"@id":"https:\/\/institucional.ufrrj.br\/sap\/#website"},"primaryImageOfPage":{"@id":"https:\/\/institucional.ufrrj.br\/sap\/proposta-do-museu-tokarnia-mapct\/#primaryimage"},"image":{"@id":"https:\/\/institucional.ufrrj.br\/sap\/proposta-do-museu-tokarnia-mapct\/#primaryimage"},"thumbnailUrl":"http:\/\/institucional.ufrrj.br\/sap\/files\/2021\/01\/20160611_162848-300x225.jpg","datePublished":"2021-01-06T17:58:29+00:00","dateModified":"2021-01-06T18:02:03+00:00","breadcrumb":{"@id":"https:\/\/institucional.ufrrj.br\/sap\/proposta-do-museu-tokarnia-mapct\/#breadcrumb"},"inLanguage":"pt-BR","potentialAction":[{"@type":"ReadAction","target":["https:\/\/institucional.ufrrj.br\/sap\/proposta-do-museu-tokarnia-mapct\/"]}]},{"@type":"ImageObject","inLanguage":"pt-BR","@id":"https:\/\/institucional.ufrrj.br\/sap\/proposta-do-museu-tokarnia-mapct\/#primaryimage","url":"http:\/\/institucional.ufrrj.br\/sap\/files\/2021\/01\/20160611_162848-300x225.jpg","contentUrl":"http:\/\/institucional.ufrrj.br\/sap\/files\/2021\/01\/20160611_162848-300x225.jpg"},{"@type":"BreadcrumbList","@id":"https:\/\/institucional.ufrrj.br\/sap\/proposta-do-museu-tokarnia-mapct\/#breadcrumb","itemListElement":[{"@type":"ListItem","position":1,"name":"In\u00edcio","item":"https:\/\/institucional.ufrrj.br\/sap\/"},{"@type":"ListItem","position":2,"name":"Proposta do Museu Tokarnia &#8211; MAPCT"}]},{"@type":"WebSite","@id":"https:\/\/institucional.ufrrj.br\/sap\/#website","url":"https:\/\/institucional.ufrrj.br\/sap\/","name":"SAP","description":"Setor de Anatomia Pat\u00f3logica","potentialAction":[{"@type":"SearchAction","target":{"@type":"EntryPoint","urlTemplate":"https:\/\/institucional.ufrrj.br\/sap\/?s={search_term_string}"},"query-input":{"@type":"PropertyValueSpecification","valueRequired":true,"valueName":"search_term_string"}}],"inLanguage":"pt-BR"}]}},"acf":[],"_links":{"self":[{"href":"https:\/\/institucional.ufrrj.br\/sap\/wp-json\/wp\/v2\/pages\/763","targetHints":{"allow":["GET"]}}],"collection":[{"href":"https:\/\/institucional.ufrrj.br\/sap\/wp-json\/wp\/v2\/pages"}],"about":[{"href":"https:\/\/institucional.ufrrj.br\/sap\/wp-json\/wp\/v2\/types\/page"}],"author":[{"embeddable":true,"href":"https:\/\/institucional.ufrrj.br\/sap\/wp-json\/wp\/v2\/users\/229"}],"replies":[{"embeddable":true,"href":"https:\/\/institucional.ufrrj.br\/sap\/wp-json\/wp\/v2\/comments?post=763"}],"version-history":[{"count":3,"href":"https:\/\/institucional.ufrrj.br\/sap\/wp-json\/wp\/v2\/pages\/763\/revisions"}],"predecessor-version":[{"id":775,"href":"https:\/\/institucional.ufrrj.br\/sap\/wp-json\/wp\/v2\/pages\/763\/revisions\/775"}],"wp:attachment":[{"href":"https:\/\/institucional.ufrrj.br\/sap\/wp-json\/wp\/v2\/media?parent=763"}],"curies":[{"name":"wp","href":"https:\/\/api.w.org\/{rel}","templated":true}]}}