{"id":929,"date":"2022-01-06T10:21:26","date_gmt":"2022-01-06T13:21:26","guid":{"rendered":"http:\/\/institucional.ufrrj.br\/residenciaestudantil\/?page_id=929"},"modified":"2025-11-13T15:39:38","modified_gmt":"2025-11-13T18:39:38","slug":"quarto-de-duas-vagas","status":"publish","type":"page","link":"https:\/\/institucional.ufrrj.br\/residenciaestudantil\/quarto-de-duas-vagas\/","title":{"rendered":"Transfer\u00eancias de Quarto"},"content":{"rendered":"\n<p class=\"eplus-wrapper\">Os quartos dos alojamentos universit\u00e1rios da UFRRJ, sejam coletivos ou cabeceiras (de at\u00e9 duas vagas), s\u00e3o destinados aos(\u00e0s) discentes ocupantes de vaga regular nos alojamentos que tenham sido classificados(as) em processo seletivo de ingresso, por meio de edital p\u00fablico, e que cumprirem os crit\u00e9rios e as normas previstos no <a href=\"https:\/\/institucional.ufrrj.br\/residenciaestudantil\/files\/2021\/10\/Regimento-dos-Alojamentos-Universit%c3%a1rios.pdf\" target=\"_blank\" rel=\"noopener noreferrer\">Regimento dos Alojamentos Universit\u00e1rios<\/a>&nbsp;e no <a href=\"https:\/\/institucional.ufrrj.br\/residenciaestudantil\/files\/2021\/10\/Programa-de-Aux%c3%adlios-da-Assist%c3%aancia-Estudantil-da-UFRRJ.pdf\" target=\"_blank\" rel=\"noopener noreferrer\">Programa de Aux\u00edlios da Assist\u00eancia Estudantil da UFRRJ<\/a>.<\/p>\n\n\n\n<hr class=\"wp-block-separator has-alpha-channel-opacity eplus-wrapper\" \/>\n\n\n\n<h4 class=\"wp-block-heading eplus-wrapper\">Formul\u00e1rios<\/h4>\n\n\n\n<p class=\"eplus-wrapper\"><a href=\"https:\/\/forms.gle\/4K9iQyqK25byMmq46\" target=\"_blank\" rel=\"noreferrer noopener\">Formul\u00e1rio de transfer\u00eancia para <strong>quarto coletivo<\/strong><\/a><\/p>\n\n\n\n<p class=\"eplus-wrapper\"><a href=\"https:\/\/docs.google.com\/forms\/d\/e\/1FAIpQLSfxjRo5BfBUWctkJTbqOUG_7hX0alnLYJSWYRBPuXA0LiR4Sg\/viewform?vc=0&amp;c=0&amp;w=1&amp;flr=0\" target=\"_blank\" rel=\"noreferrer noopener\">Formul\u00e1rio de transfer\u00eancia para <strong>quarto no pr\u00e9dio F6 (m\u00e3es e pais)<\/strong><\/a><\/p>\n\n\n\n<p class=\"eplus-wrapper\"><a href=\"https:\/\/docs.google.com\/forms\/d\/e\/1FAIpQLSdN14CFOgFRBJmpMtjiHlD3dRxG4Yo7Tb_j7pg4ZmyUMal5Zg\/viewform?vc=0&amp;c=0&amp;w=1&amp;flr=0\" target=\"_blank\" rel=\"noreferrer noopener\">Formul\u00e1rio de transfer\u00eancia para <strong>quarto de cabeceira<\/strong><\/a><\/p>\n\n\n\n<hr class=\"wp-block-separator has-alpha-channel-opacity eplus-wrapper\" \/>\n\n\n\n<h4 class=\"wp-block-heading eplus-wrapper\">Listas de espera<\/h4>\n\n\n\n<p class=\"eplus-wrapper\">Os quartos com capacidade para at\u00e9 02 (duas) pessoas (cabeceiras e F6) s\u00e3o distribu\u00eddos \u00e0 medida que se tornam dispon\u00edveis, seguindo-se a ordem das listas de espera correspondentes. Estas listas s\u00e3o formadas e atualizadas em conformidade com a <a href=\"https:\/\/institucional.ufrrj.br\/residenciaestudantil\/files\/2023\/05\/Criterios-de-Ocupacao-e-Prioridade-para-Quartos-de-Cabeceira.pdf\" target=\"_blank\" rel=\"noreferrer noopener\">Resolu\u00e7\u00e3o PROAES n\u00ba 01\/2023<\/a>, que estabelece os crit\u00e9rios de ordem de prioridade de transfer\u00eancia para esses quartos.<\/p>\n\n\n\n<p class=\"eplus-wrapper\"><a href=\"https:\/\/institucional.ufrrj.br\/residenciaestudantil\/files\/2025\/11\/Lista-Feminino-2025-11-09.pdf\" target=\"_blank\" rel=\"noreferrer noopener\">Lista de espera para os quartos de cabeceira femininos e M6-3\u00ba andar<\/a><\/p>\n\n\n\n<p class=\"eplus-wrapper\"><a href=\"https:\/\/institucional.ufrrj.br\/residenciaestudantil\/files\/2025\/11\/Lista-Masculino-2025-11-09.pdf\" target=\"_blank\" rel=\"noreferrer noopener\">Lista de espera para os quartos de cabeceira masculinos<\/a><\/p>\n\n\n\n<p class=\"eplus-wrapper\"><a href=\"https:\/\/institucional.ufrrj.br\/residenciaestudantil\/files\/2025\/11\/Lista-F6-2025-11-09.pdf\" target=\"_blank\" rel=\"noreferrer noopener\">Lista de espera para os quartos no F6<\/a><\/p>\n\n\n\n<p><\/p>\n","protected":false},"excerpt":{"rendered":"<p>Os quartos dos alojamentos universit\u00e1rios da UFRRJ, sejam coletivos ou cabeceiras (de at\u00e9 duas vagas), s\u00e3o destinados aos(\u00e0s) discentes ocupantes <a class=\"read-more\" href=\"https:\/\/institucional.ufrrj.br\/residenciaestudantil\/quarto-de-duas-vagas\/ \" >&#8230; <span class=\"font-italic\">leia mais <i class=\"fas fa-angle-right\"><\/i><\/span><\/a><\/p>\n","protected":false},"author":634,"featured_media":0,"parent":0,"menu_order":0,"comment_status":"closed","ping_status":"closed","template":"","meta":{"_acf_changed":false,"footnotes":""},"class_list":["post-929","page","type-page","status-publish","hentry"],"yoast_head":"<!-- This site is optimized with the Yoast SEO plugin v27.2 - https:\/\/yoast.com\/product\/yoast-seo-wordpress\/ -->\n<title>Transfer\u00eancias de Quarto - Resid\u00eancia Estudantil<\/title>\n<meta name=\"robots\" content=\"index, follow, max-snippet:-1, max-image-preview:large, max-video-preview:-1\" \/>\n<link rel=\"canonical\" href=\"https:\/\/institucional.ufrrj.br\/residenciaestudantil\/quarto-de-duas-vagas\/\" \/>\n<meta property=\"og:locale\" content=\"pt_BR\" \/>\n<meta property=\"og:type\" content=\"article\" \/>\n<meta property=\"og:title\" content=\"Transfer\u00eancias de Quarto - Resid\u00eancia Estudantil\" \/>\n<meta property=\"og:description\" content=\"Os quartos dos alojamentos universit\u00e1rios da UFRRJ, sejam coletivos ou cabeceiras (de at\u00e9 duas vagas), s\u00e3o destinados aos(\u00e0s) discentes ocupantes ... leia mais\" \/>\n<meta property=\"og:url\" content=\"https:\/\/institucional.ufrrj.br\/residenciaestudantil\/quarto-de-duas-vagas\/\" \/>\n<meta property=\"og:site_name\" content=\"Resid\u00eancia Estudantil\" \/>\n<meta property=\"article:modified_time\" content=\"2025-11-13T18:39:38+00:00\" \/>\n<meta name=\"twitter:card\" content=\"summary_large_image\" \/>\n<meta name=\"twitter:label1\" content=\"Est. tempo de leitura\" \/>\n\t<meta name=\"twitter:data1\" content=\"1 minuto\" \/>\n<script type=\"application\/ld+json\" class=\"yoast-schema-graph\">{\"@context\":\"https:\/\/schema.org\",\"@graph\":[{\"@type\":\"WebPage\",\"@id\":\"https:\/\/institucional.ufrrj.br\/residenciaestudantil\/quarto-de-duas-vagas\/\",\"url\":\"https:\/\/institucional.ufrrj.br\/residenciaestudantil\/quarto-de-duas-vagas\/\",\"name\":\"Transfer\u00eancias de Quarto - Resid\u00eancia Estudantil\",\"isPartOf\":{\"@id\":\"https:\/\/institucional.ufrrj.br\/residenciaestudantil\/#website\"},\"datePublished\":\"2022-01-06T13:21:26+00:00\",\"dateModified\":\"2025-11-13T18:39:38+00:00\",\"breadcrumb\":{\"@id\":\"https:\/\/institucional.ufrrj.br\/residenciaestudantil\/quarto-de-duas-vagas\/#breadcrumb\"},\"inLanguage\":\"pt-BR\",\"potentialAction\":[{\"@type\":\"ReadAction\",\"target\":[\"https:\/\/institucional.ufrrj.br\/residenciaestudantil\/quarto-de-duas-vagas\/\"]}]},{\"@type\":\"BreadcrumbList\",\"@id\":\"https:\/\/institucional.ufrrj.br\/residenciaestudantil\/quarto-de-duas-vagas\/#breadcrumb\",\"itemListElement\":[{\"@type\":\"ListItem\",\"position\":1,\"name\":\"In\u00edcio\",\"item\":\"https:\/\/institucional.ufrrj.br\/residenciaestudantil\/\"},{\"@type\":\"ListItem\",\"position\":2,\"name\":\"Transfer\u00eancias de Quarto\"}]},{\"@type\":\"WebSite\",\"@id\":\"https:\/\/institucional.ufrrj.br\/residenciaestudantil\/#website\",\"url\":\"https:\/\/institucional.ufrrj.br\/residenciaestudantil\/\",\"name\":\"Resid\u00eancia Estudantil\",\"description\":\"\",\"potentialAction\":[{\"@type\":\"SearchAction\",\"target\":{\"@type\":\"EntryPoint\",\"urlTemplate\":\"https:\/\/institucional.ufrrj.br\/residenciaestudantil\/?s={search_term_string}\"},\"query-input\":{\"@type\":\"PropertyValueSpecification\",\"valueRequired\":true,\"valueName\":\"search_term_string\"}}],\"inLanguage\":\"pt-BR\"}]}<\/script>\n<!-- \/ Yoast SEO plugin. -->","yoast_head_json":{"title":"Transfer\u00eancias de Quarto - Resid\u00eancia Estudantil","robots":{"index":"index","follow":"follow","max-snippet":"max-snippet:-1","max-image-preview":"max-image-preview:large","max-video-preview":"max-video-preview:-1"},"canonical":"https:\/\/institucional.ufrrj.br\/residenciaestudantil\/quarto-de-duas-vagas\/","og_locale":"pt_BR","og_type":"article","og_title":"Transfer\u00eancias de Quarto - Resid\u00eancia Estudantil","og_description":"Os quartos dos alojamentos universit\u00e1rios da UFRRJ, sejam coletivos ou cabeceiras (de at\u00e9 duas vagas), s\u00e3o destinados aos(\u00e0s) discentes ocupantes ... leia mais","og_url":"https:\/\/institucional.ufrrj.br\/residenciaestudantil\/quarto-de-duas-vagas\/","og_site_name":"Resid\u00eancia Estudantil","article_modified_time":"2025-11-13T18:39:38+00:00","twitter_card":"summary_large_image","twitter_misc":{"Est. tempo de leitura":"1 minuto"},"schema":{"@context":"https:\/\/schema.org","@graph":[{"@type":"WebPage","@id":"https:\/\/institucional.ufrrj.br\/residenciaestudantil\/quarto-de-duas-vagas\/","url":"https:\/\/institucional.ufrrj.br\/residenciaestudantil\/quarto-de-duas-vagas\/","name":"Transfer\u00eancias de Quarto - Resid\u00eancia Estudantil","isPartOf":{"@id":"https:\/\/institucional.ufrrj.br\/residenciaestudantil\/#website"},"datePublished":"2022-01-06T13:21:26+00:00","dateModified":"2025-11-13T18:39:38+00:00","breadcrumb":{"@id":"https:\/\/institucional.ufrrj.br\/residenciaestudantil\/quarto-de-duas-vagas\/#breadcrumb"},"inLanguage":"pt-BR","potentialAction":[{"@type":"ReadAction","target":["https:\/\/institucional.ufrrj.br\/residenciaestudantil\/quarto-de-duas-vagas\/"]}]},{"@type":"BreadcrumbList","@id":"https:\/\/institucional.ufrrj.br\/residenciaestudantil\/quarto-de-duas-vagas\/#breadcrumb","itemListElement":[{"@type":"ListItem","position":1,"name":"In\u00edcio","item":"https:\/\/institucional.ufrrj.br\/residenciaestudantil\/"},{"@type":"ListItem","position":2,"name":"Transfer\u00eancias de Quarto"}]},{"@type":"WebSite","@id":"https:\/\/institucional.ufrrj.br\/residenciaestudantil\/#website","url":"https:\/\/institucional.ufrrj.br\/residenciaestudantil\/","name":"Resid\u00eancia Estudantil","description":"","potentialAction":[{"@type":"SearchAction","target":{"@type":"EntryPoint","urlTemplate":"https:\/\/institucional.ufrrj.br\/residenciaestudantil\/?s={search_term_string}"},"query-input":{"@type":"PropertyValueSpecification","valueRequired":true,"valueName":"search_term_string"}}],"inLanguage":"pt-BR"}]}},"acf":[],"_links":{"self":[{"href":"https:\/\/institucional.ufrrj.br\/residenciaestudantil\/wp-json\/wp\/v2\/pages\/929","targetHints":{"allow":["GET"]}}],"collection":[{"href":"https:\/\/institucional.ufrrj.br\/residenciaestudantil\/wp-json\/wp\/v2\/pages"}],"about":[{"href":"https:\/\/institucional.ufrrj.br\/residenciaestudantil\/wp-json\/wp\/v2\/types\/page"}],"author":[{"embeddable":true,"href":"https:\/\/institucional.ufrrj.br\/residenciaestudantil\/wp-json\/wp\/v2\/users\/634"}],"replies":[{"embeddable":true,"href":"https:\/\/institucional.ufrrj.br\/residenciaestudantil\/wp-json\/wp\/v2\/comments?post=929"}],"version-history":[{"count":2,"href":"https:\/\/institucional.ufrrj.br\/residenciaestudantil\/wp-json\/wp\/v2\/pages\/929\/revisions"}],"predecessor-version":[{"id":3210,"href":"https:\/\/institucional.ufrrj.br\/residenciaestudantil\/wp-json\/wp\/v2\/pages\/929\/revisions\/3210"}],"wp:attachment":[{"href":"https:\/\/institucional.ufrrj.br\/residenciaestudantil\/wp-json\/wp\/v2\/media?parent=929"}],"curies":[{"name":"wp","href":"https:\/\/api.w.org\/{rel}","templated":true}]}}