{"id":668,"date":"2021-10-28T19:40:07","date_gmt":"2021-10-28T22:40:07","guid":{"rendered":"http:\/\/institucional.ufrrj.br\/residenciaestudantil\/?page_id=668"},"modified":"2026-02-13T09:57:30","modified_gmt":"2026-02-13T12:57:30","slug":"setor-de-manutencao","status":"publish","type":"page","link":"https:\/\/institucional.ufrrj.br\/residenciaestudantil\/setor-de-manutencao\/","title":{"rendered":"Setor de Manuten\u00e7\u00e3o da Resid\u00eancia Estudantil"},"content":{"rendered":"<p>O\u00a0<strong>Setor de Manuten\u00e7\u00e3o da Resid\u00eancia Estudantil<\/strong>\u00a0<strong>(SEMRE)<\/strong>\u00a0\u00e9 o setor ligado \u00e0 DIRE respons\u00e1vel por servi\u00e7os de manuten\u00e7\u00e3o e reparos ordin\u00e1rios da estrutura predial e das redes el\u00e9trica, hidr\u00e1ulica, instala\u00e7\u00f5es sanit\u00e1rias e \u00e1reas adjacentes aos alojamentos.<\/p>\n<p><strong>Coordena\u00e7\u00e3o:<\/strong><\/p>\n<p>Fernando Luis Mofato Frade (coordenador)<\/p>\n<p>Pedro Celestino Pereira Gomes (coordenador substituto)<\/p>\n<p><strong>Telefone:<\/strong>\u00a0(21) 2681-4743<\/p>\n<p><strong>Email:<\/strong>\u00a0semre@ufrrj.br<\/p>\n<p><strong>Localiza\u00e7\u00e3o:<\/strong>\u00a0Pr\u00f3ximo aos Alojamentos Masculinos M1 e M2 (ao lado do CEGEUR \u2013 Centro de Estudos Geol\u00f3gicos da UFRRJ), Campus Serop\u00e9dica \u2013 UFRRJ.\u00a0<a href=\"https:\/\/goo.gl\/maps\/y2NVC8YMeB2vnKL8A\" target=\"_blank\" rel=\"noopener noreferrer\"><img loading=\"lazy\" decoding=\"async\" class=\"alignnone wp-image-398\" src=\"https:\/\/institucional.ufrrj.br\/residenciaestudantil\/files\/2021\/10\/%C3%8Dcone-Localiza%C3%A7%C3%A3o-PNG-150x150.png\" alt=\"Localiza\u00e7\u00e3o DIRE\" width=\"22\" height=\"22\" \/><\/a><\/p>\n<p><strong>Funcionamento:<\/strong> segunda a sexta, de 8h \u00e0s 11h30 e de 13h \u00e0s 16h<\/p>\n<hr \/>\n<p><span style=\"color: #ff0000\"><strong>ATEN\u00c7\u00c3O:\u00a0<\/strong><strong>Devido as restri\u00e7\u00f5es causadas pela pandemia da COVID-19<\/strong><\/span><strong>, os servi\u00e7os prestados pelo SEMRE ser\u00e3o realizadas somente para os(as) discentes autorizados(as) a permanecer nos alojamentos universit\u00e1rios e que foram localizados(as) pelo \u00faltimo levantamento de presen\u00e7a realizado pela DIRE e pelo SEMRE. O(a) discente que demandar os servi\u00e7os do setor, deve<\/strong>\u00a0<strong>observar a uso de m\u00e1scara, a higieniza\u00e7\u00e3o das m\u00e3os com \u00e1lcool 70\u00ba, o distanciamento social e as <a href=\"https:\/\/institucional.ufrrj.br\/residenciaestudantil\/2021\/10\/28\/orientacoes-covid19\/\" target=\"_blank\" rel=\"noopener noreferrer\">demais medidas de preven\u00e7\u00e3o \u00e0 COVID-19<\/a>.<\/strong><\/p>\n","protected":false},"excerpt":{"rendered":"<p>O\u00a0Setor de Manuten\u00e7\u00e3o da Resid\u00eancia Estudantil\u00a0(SEMRE)\u00a0\u00e9 o setor ligado \u00e0 DIRE respons\u00e1vel por servi\u00e7os de manuten\u00e7\u00e3o e reparos ordin\u00e1rios da <a class=\"read-more\" href=\"https:\/\/institucional.ufrrj.br\/residenciaestudantil\/setor-de-manutencao\/ \" >&#8230; <span class=\"font-italic\">leia mais <i class=\"fas fa-angle-right\"><\/i><\/span><\/a><\/p>\n","protected":false},"author":788,"featured_media":0,"parent":0,"menu_order":0,"comment_status":"closed","ping_status":"closed","template":"","meta":{"_acf_changed":false,"footnotes":""},"class_list":["post-668","page","type-page","status-publish","hentry"],"yoast_head":"<!-- This site is optimized with the Yoast SEO plugin v27.2 - https:\/\/yoast.com\/product\/yoast-seo-wordpress\/ -->\n<title>Setor de Manuten\u00e7\u00e3o da Resid\u00eancia Estudantil - Resid\u00eancia Estudantil<\/title>\n<meta name=\"robots\" content=\"index, follow, max-snippet:-1, max-image-preview:large, max-video-preview:-1\" \/>\n<link rel=\"canonical\" href=\"https:\/\/institucional.ufrrj.br\/residenciaestudantil\/setor-de-manutencao\/\" \/>\n<meta property=\"og:locale\" content=\"pt_BR\" \/>\n<meta property=\"og:type\" content=\"article\" \/>\n<meta property=\"og:title\" content=\"Setor de Manuten\u00e7\u00e3o da Resid\u00eancia Estudantil - Resid\u00eancia Estudantil\" \/>\n<meta property=\"og:description\" content=\"O\u00a0Setor de Manuten\u00e7\u00e3o da Resid\u00eancia Estudantil\u00a0(SEMRE)\u00a0\u00e9 o setor ligado \u00e0 DIRE respons\u00e1vel por servi\u00e7os de manuten\u00e7\u00e3o e reparos ordin\u00e1rios da ... leia mais\" \/>\n<meta property=\"og:url\" content=\"https:\/\/institucional.ufrrj.br\/residenciaestudantil\/setor-de-manutencao\/\" \/>\n<meta property=\"og:site_name\" content=\"Resid\u00eancia Estudantil\" \/>\n<meta property=\"article:modified_time\" content=\"2026-02-13T12:57:30+00:00\" \/>\n<meta property=\"og:image\" content=\"http:\/\/institucional.ufrrj.br\/residenciaestudantil\/files\/2021\/10\/%C3%8Dcone-Localiza%C3%A7%C3%A3o-PNG-150x150.png\" \/>\n<meta name=\"twitter:card\" content=\"summary_large_image\" \/>\n<meta name=\"twitter:label1\" content=\"Est. tempo de leitura\" \/>\n\t<meta name=\"twitter:data1\" content=\"2 minutos\" \/>\n<script type=\"application\/ld+json\" class=\"yoast-schema-graph\">{\"@context\":\"https:\/\/schema.org\",\"@graph\":[{\"@type\":\"WebPage\",\"@id\":\"https:\/\/institucional.ufrrj.br\/residenciaestudantil\/setor-de-manutencao\/\",\"url\":\"https:\/\/institucional.ufrrj.br\/residenciaestudantil\/setor-de-manutencao\/\",\"name\":\"Setor de Manuten\u00e7\u00e3o da Resid\u00eancia Estudantil - Resid\u00eancia Estudantil\",\"isPartOf\":{\"@id\":\"https:\/\/institucional.ufrrj.br\/residenciaestudantil\/#website\"},\"primaryImageOfPage\":{\"@id\":\"https:\/\/institucional.ufrrj.br\/residenciaestudantil\/setor-de-manutencao\/#primaryimage\"},\"image\":{\"@id\":\"https:\/\/institucional.ufrrj.br\/residenciaestudantil\/setor-de-manutencao\/#primaryimage\"},\"thumbnailUrl\":\"http:\/\/institucional.ufrrj.br\/residenciaestudantil\/files\/2021\/10\/%C3%8Dcone-Localiza%C3%A7%C3%A3o-PNG-150x150.png\",\"datePublished\":\"2021-10-28T22:40:07+00:00\",\"dateModified\":\"2026-02-13T12:57:30+00:00\",\"breadcrumb\":{\"@id\":\"https:\/\/institucional.ufrrj.br\/residenciaestudantil\/setor-de-manutencao\/#breadcrumb\"},\"inLanguage\":\"pt-BR\",\"potentialAction\":[{\"@type\":\"ReadAction\",\"target\":[\"https:\/\/institucional.ufrrj.br\/residenciaestudantil\/setor-de-manutencao\/\"]}]},{\"@type\":\"ImageObject\",\"inLanguage\":\"pt-BR\",\"@id\":\"https:\/\/institucional.ufrrj.br\/residenciaestudantil\/setor-de-manutencao\/#primaryimage\",\"url\":\"http:\/\/institucional.ufrrj.br\/residenciaestudantil\/files\/2021\/10\/%C3%8Dcone-Localiza%C3%A7%C3%A3o-PNG-150x150.png\",\"contentUrl\":\"http:\/\/institucional.ufrrj.br\/residenciaestudantil\/files\/2021\/10\/%C3%8Dcone-Localiza%C3%A7%C3%A3o-PNG-150x150.png\"},{\"@type\":\"BreadcrumbList\",\"@id\":\"https:\/\/institucional.ufrrj.br\/residenciaestudantil\/setor-de-manutencao\/#breadcrumb\",\"itemListElement\":[{\"@type\":\"ListItem\",\"position\":1,\"name\":\"In\u00edcio\",\"item\":\"https:\/\/institucional.ufrrj.br\/residenciaestudantil\/\"},{\"@type\":\"ListItem\",\"position\":2,\"name\":\"Setor de Manuten\u00e7\u00e3o da Resid\u00eancia Estudantil\"}]},{\"@type\":\"WebSite\",\"@id\":\"https:\/\/institucional.ufrrj.br\/residenciaestudantil\/#website\",\"url\":\"https:\/\/institucional.ufrrj.br\/residenciaestudantil\/\",\"name\":\"Resid\u00eancia Estudantil\",\"description\":\"\",\"potentialAction\":[{\"@type\":\"SearchAction\",\"target\":{\"@type\":\"EntryPoint\",\"urlTemplate\":\"https:\/\/institucional.ufrrj.br\/residenciaestudantil\/?s={search_term_string}\"},\"query-input\":{\"@type\":\"PropertyValueSpecification\",\"valueRequired\":true,\"valueName\":\"search_term_string\"}}],\"inLanguage\":\"pt-BR\"}]}<\/script>\n<!-- \/ Yoast SEO plugin. -->","yoast_head_json":{"title":"Setor de Manuten\u00e7\u00e3o da Resid\u00eancia Estudantil - Resid\u00eancia Estudantil","robots":{"index":"index","follow":"follow","max-snippet":"max-snippet:-1","max-image-preview":"max-image-preview:large","max-video-preview":"max-video-preview:-1"},"canonical":"https:\/\/institucional.ufrrj.br\/residenciaestudantil\/setor-de-manutencao\/","og_locale":"pt_BR","og_type":"article","og_title":"Setor de Manuten\u00e7\u00e3o da Resid\u00eancia Estudantil - Resid\u00eancia Estudantil","og_description":"O\u00a0Setor de Manuten\u00e7\u00e3o da Resid\u00eancia Estudantil\u00a0(SEMRE)\u00a0\u00e9 o setor ligado \u00e0 DIRE respons\u00e1vel por servi\u00e7os de manuten\u00e7\u00e3o e reparos ordin\u00e1rios da ... leia mais","og_url":"https:\/\/institucional.ufrrj.br\/residenciaestudantil\/setor-de-manutencao\/","og_site_name":"Resid\u00eancia Estudantil","article_modified_time":"2026-02-13T12:57:30+00:00","og_image":[{"url":"http:\/\/institucional.ufrrj.br\/residenciaestudantil\/files\/2021\/10\/%C3%8Dcone-Localiza%C3%A7%C3%A3o-PNG-150x150.png","type":"","width":"","height":""}],"twitter_card":"summary_large_image","twitter_misc":{"Est. tempo de leitura":"2 minutos"},"schema":{"@context":"https:\/\/schema.org","@graph":[{"@type":"WebPage","@id":"https:\/\/institucional.ufrrj.br\/residenciaestudantil\/setor-de-manutencao\/","url":"https:\/\/institucional.ufrrj.br\/residenciaestudantil\/setor-de-manutencao\/","name":"Setor de Manuten\u00e7\u00e3o da Resid\u00eancia Estudantil - Resid\u00eancia Estudantil","isPartOf":{"@id":"https:\/\/institucional.ufrrj.br\/residenciaestudantil\/#website"},"primaryImageOfPage":{"@id":"https:\/\/institucional.ufrrj.br\/residenciaestudantil\/setor-de-manutencao\/#primaryimage"},"image":{"@id":"https:\/\/institucional.ufrrj.br\/residenciaestudantil\/setor-de-manutencao\/#primaryimage"},"thumbnailUrl":"http:\/\/institucional.ufrrj.br\/residenciaestudantil\/files\/2021\/10\/%C3%8Dcone-Localiza%C3%A7%C3%A3o-PNG-150x150.png","datePublished":"2021-10-28T22:40:07+00:00","dateModified":"2026-02-13T12:57:30+00:00","breadcrumb":{"@id":"https:\/\/institucional.ufrrj.br\/residenciaestudantil\/setor-de-manutencao\/#breadcrumb"},"inLanguage":"pt-BR","potentialAction":[{"@type":"ReadAction","target":["https:\/\/institucional.ufrrj.br\/residenciaestudantil\/setor-de-manutencao\/"]}]},{"@type":"ImageObject","inLanguage":"pt-BR","@id":"https:\/\/institucional.ufrrj.br\/residenciaestudantil\/setor-de-manutencao\/#primaryimage","url":"http:\/\/institucional.ufrrj.br\/residenciaestudantil\/files\/2021\/10\/%C3%8Dcone-Localiza%C3%A7%C3%A3o-PNG-150x150.png","contentUrl":"http:\/\/institucional.ufrrj.br\/residenciaestudantil\/files\/2021\/10\/%C3%8Dcone-Localiza%C3%A7%C3%A3o-PNG-150x150.png"},{"@type":"BreadcrumbList","@id":"https:\/\/institucional.ufrrj.br\/residenciaestudantil\/setor-de-manutencao\/#breadcrumb","itemListElement":[{"@type":"ListItem","position":1,"name":"In\u00edcio","item":"https:\/\/institucional.ufrrj.br\/residenciaestudantil\/"},{"@type":"ListItem","position":2,"name":"Setor de Manuten\u00e7\u00e3o da Resid\u00eancia Estudantil"}]},{"@type":"WebSite","@id":"https:\/\/institucional.ufrrj.br\/residenciaestudantil\/#website","url":"https:\/\/institucional.ufrrj.br\/residenciaestudantil\/","name":"Resid\u00eancia Estudantil","description":"","potentialAction":[{"@type":"SearchAction","target":{"@type":"EntryPoint","urlTemplate":"https:\/\/institucional.ufrrj.br\/residenciaestudantil\/?s={search_term_string}"},"query-input":{"@type":"PropertyValueSpecification","valueRequired":true,"valueName":"search_term_string"}}],"inLanguage":"pt-BR"}]}},"acf":[],"_links":{"self":[{"href":"https:\/\/institucional.ufrrj.br\/residenciaestudantil\/wp-json\/wp\/v2\/pages\/668","targetHints":{"allow":["GET"]}}],"collection":[{"href":"https:\/\/institucional.ufrrj.br\/residenciaestudantil\/wp-json\/wp\/v2\/pages"}],"about":[{"href":"https:\/\/institucional.ufrrj.br\/residenciaestudantil\/wp-json\/wp\/v2\/types\/page"}],"author":[{"embeddable":true,"href":"https:\/\/institucional.ufrrj.br\/residenciaestudantil\/wp-json\/wp\/v2\/users\/788"}],"replies":[{"embeddable":true,"href":"https:\/\/institucional.ufrrj.br\/residenciaestudantil\/wp-json\/wp\/v2\/comments?post=668"}],"version-history":[{"count":2,"href":"https:\/\/institucional.ufrrj.br\/residenciaestudantil\/wp-json\/wp\/v2\/pages\/668\/revisions"}],"predecessor-version":[{"id":3278,"href":"https:\/\/institucional.ufrrj.br\/residenciaestudantil\/wp-json\/wp\/v2\/pages\/668\/revisions\/3278"}],"wp:attachment":[{"href":"https:\/\/institucional.ufrrj.br\/residenciaestudantil\/wp-json\/wp\/v2\/media?parent=668"}],"curies":[{"name":"wp","href":"https:\/\/api.w.org\/{rel}","templated":true}]}}