{"id":38,"date":"2021-02-01T10:29:31","date_gmt":"2021-02-01T13:29:31","guid":{"rendered":"http:\/\/institucional.ufrrj.br\/divre\/?page_id=38"},"modified":"2023-08-14T14:06:10","modified_gmt":"2023-08-14T17:06:10","slug":"normativas","status":"publish","type":"page","link":"https:\/\/institucional.ufrrj.br\/residenciaestudantil\/normativas\/","title":{"rendered":"Normativas"},"content":{"rendered":"\n<p class=\" eplus-wrapper\"><a href=\"https:\/\/institucional.ufrrj.br\/residenciaestudantil\/files\/2021\/10\/Programa-de-Aux\u00edlios-da-Assist\u00eancia-Estudantil-da-UFRRJ.pdf\" target=\"_blank\" rel=\"noopener noreferrer\"><strong>Programa de Aux\u00edlio da Assist\u00eancia Estudantil da UFRRJ<\/strong><\/a><\/p>\n\n\n\n<p class=\" eplus-wrapper\"><a href=\"https:\/\/institucional.ufrrj.br\/residenciaestudantil\/files\/2021\/10\/Regimento-PROAES.pdf\" target=\"_blank\" rel=\"noopener noreferrer\"><strong>Regimento da Pr\u00f3-reitoria de Assuntos Estudantis da UFRRJ<\/strong><\/a><\/p>\n\n\n\n<p class=\" eplus-wrapper\"><a href=\"https:\/\/institucional.ufrrj.br\/residenciaestudantil\/files\/2022\/03\/Delib06CONSU1993-Regimento-dos-Alojamentos-Universit\u00e1rios.pdf\" target=\"_blank\" rel=\"noopener noreferrer\"><strong>Regimento dos Alojamentos Universit\u00e1rios da UFRRJ<\/strong><\/a><\/p>\n\n\n\n<p class=\" eplus-wrapper\"><a href=\"https:\/\/institucional.ufrrj.br\/residenciaestudantil\/files\/2021\/10\/Termo-de-Responsabilidade-e-de-Uso-dos-Alojamentos.pdf\" target=\"_blank\" rel=\"noopener noreferrer\"><strong>Termo de Responsabilidade e Uso dos Alojamentos<\/strong><\/a><\/p>\n\n\n\n<p class=\" eplus-wrapper\"><strong><a rel=\"noreferrer noopener\" href=\"https:\/\/institucional.ufrrj.br\/residenciaestudantil\/files\/2023\/05\/Criterios-de-Ocupacao-e-Prioridade-para-Quartos-de-Cabeceira.pdf\" target=\"_blank\">Crit\u00e9rios de Ocupa\u00e7\u00e3o e Prioridade de Transfer\u00eancia para Quartos de Duas Vagas<\/a><\/strong><\/p>\n\n\n\n<p class=\" eplus-wrapper\"><a href=\"https:\/\/institucional.ufrrj.br\/residenciaestudantil\/files\/2021\/10\/Normas-de-Perman\u00eancia-nos-Alojamentos-Universit\u00e1rios-COVID19.pdf\" target=\"_blank\" rel=\"noopener noreferrer\"><strong>Normas de Perman\u00eancia nos Alojamentos Universit\u00e1rios &#8211; COVID19<\/strong><\/a><\/p>\n\n\n\n<p class=\" eplus-wrapper\"><a href=\"https:\/\/institucional.ufrrj.br\/residenciaestudantil\/files\/2021\/10\/Normas-de-Concess\u00e3o-do-Auxilio-Extraordin\u00e1rio-COVID19.pdf\" target=\"_blank\" rel=\"noopener noreferrer\"><strong>Normas de Concess\u00e3o do Aux\u00edlio Financeiro de Perman\u00eancia Extraordin\u00e1rio &#8211; COVID19<\/strong><\/a><\/p>\n\n\n\n<p class=\" eplus-wrapper\"><a href=\"https:\/\/institucional.ufrrj.br\/residenciaestudantil\/files\/2021\/10\/Auxilio-financeiro-de-inclus\u00e3o-digital.pdf\" target=\"_blank\" rel=\"noopener noreferrer\"><strong>Aux\u00edlio Financeiro de Inclus\u00e3o Digital<\/strong><\/a><\/p>\n\n\n\n<p class=\" eplus-wrapper\"><a href=\"https:\/\/institucional.ufrrj.br\/residenciaestudantil\/files\/2021\/10\/Procedimentos-de-Elabora\u00e7\u00e3o-de-Editais-Seletivos.pdf\" target=\"_blank\" rel=\"noopener noreferrer\"><strong>Procedimentos de Elabora\u00e7\u00e3o de Editais Seletivos para Concess\u00e3o de Aux\u00edlios<\/strong><\/a><\/p>\n\n\n\n<p class=\" eplus-wrapper\"><a href=\"https:\/\/institucional.ufrrj.br\/residenciaestudantil\/files\/2021\/10\/C\u00f3digo-de-Conduta-Discente.pdf\" target=\"_blank\" rel=\"noopener noreferrer\"><strong>C\u00f3digo de Conduta Discente da UFRRJ<\/strong><\/a><\/p>\n\n\n\n<p class=\" eplus-wrapper\"><a href=\"https:\/\/institucional.ufrrj.br\/residenciaestudantil\/files\/2021\/10\/Pol\u00edtica-de-Acolhimento-\u00e0s-Pessoas-em-Situa\u00e7\u00e3o-de-Viol\u00eancia.pdf\" target=\"_blank\" rel=\"noopener noreferrer\"><strong>Pol\u00edtica de Acolhimento \u00e0s Pessoas em Situa\u00e7\u00e3o de Viol\u00eancia<\/strong><\/a><\/p>\n\n\n\n<p class=\" eplus-wrapper\"><a href=\"https:\/\/institucional.ufrrj.br\/residenciaestudantil\/files\/2021\/10\/Regimento-do-Restaurante-Universit\u00e1rio.pdf\" target=\"_blank\" rel=\"noopener noreferrer\"><strong>Regimento do Restaurante Universit\u00e1rio<\/strong><\/a><\/p>\n\n\n\n<hr class=\" wp-block-separator has-alpha-channel-opacity eplus-wrapper\" \/>\n\n\n\n<h3 class=\"eplus-wrapper wp-block-heading\"><strong>Normativas e Orienta\u00e7\u00f5es Relacionadas ao Enfrentamento da COVID-19<\/strong><\/h3>\n\n\n\n<p class=\" eplus-wrapper\"><span style=\"font-family: Roboto, sans-serif\"><span style=\"font-size: medium\">A Divis\u00e3o de Resid\u00eancia Estudantil refor\u00e7a a necessidade de continuarmos os cuidados relacionados \u00e0 preven\u00e7\u00e3o e ao enfrentamento da pandemia da COVID-19. Abaixo, voc\u00ea encontra um compilado de orienta\u00e7\u00f5es com medidas de higiene e de preven\u00e7\u00e3o relacionadas \u00e0 pandemia do coronav\u00edrus. Essas orienta\u00e7\u00f5es foram divulgadas por meio de comunicados \u00e0 comunidade universit\u00e1ria; em especial, aos(as) discentes alojados(as) que permaneceram nos alojamentos universit\u00e1rios desde o in\u00edcio da pandemia.<\/span><\/span><\/p>\n\n\n\n<p class=\" eplus-wrapper\"><a href=\"https:\/\/institucional.ufrrj.br\/residenciaestudantil\/files\/2021\/10\/COMUNICADO-PROAES-08-2020.pdf\" target=\"_blank\" rel=\"noopener noreferrer\"><span style=\"font-family: Roboto, sans-serif\"><span style=\"font-size: medium\"><b>COMUNICADO PROAES N\u00ba 08\/2020 &#8211; Orienta\u00e7\u00f5es para evitar a dissemina\u00e7\u00e3o do coronav\u00edrus no ambiente dos Alojamentos Universit\u00e1rios da UFRRJ<\/b><\/span><\/span><\/a><\/p>\n\n\n\n<p class=\" eplus-wrapper\"><a href=\"https:\/\/institucional.ufrrj.br\/residenciaestudantil\/files\/2021\/10\/COMUNICADO-PROAES-06-2021.pdf\" target=\"_blank\" rel=\"noopener noreferrer\"><strong><span style=\"font-family: Roboto, sans-serif\">COMUNICADO PROAES N\u00ba 06\/2021 \u2013 Refor\u00e7a orienta\u00e7\u00f5es para evitar a dissemina\u00e7\u00e3o do coronav\u00edrus no ambiente dos Alojamentos Universit\u00e1rios da UFRRJ<\/span><\/strong><\/a><\/p>\n\n\n\n<p class=\" eplus-wrapper\"><a href=\"https:\/\/institucional.ufrrj.br\/residenciaestudantil\/files\/2021\/10\/COMUNICADO-PROAES-09-2021.pdf\" target=\"_blank\" rel=\"noopener noreferrer\"><strong><span style=\"font-family: Roboto, sans-serif\">COMUNICADO DIRE\/ PROAES N\u00ba 9\/2021 \u2013 O que fazer em caso de suspeita de COVID-19<\/span><\/strong><\/a><\/p>\n\n\n\n<p class=\" eplus-wrapper\"><a href=\"https:\/\/institucional.ufrrj.br\/residenciaestudantil\/files\/2021\/10\/COMUNICADO-PROAES-10-2021.pdf\" target=\"_blank\" rel=\"noopener noreferrer\"><strong><span style=\"font-family: Roboto, sans-serif\">COMUNICADO DIRE\/ PROAES N\u00ba 10\/2021 &#8211; Como preparar o ambiente para conviver com suspeitos de infec\u00e7\u00e3o, ou pacientes infectados, por coronav\u00edrus<\/span><\/strong><\/a><\/p>\n\n\n\n<p class=\" eplus-wrapper\"><a href=\"https:\/\/institucional.ufrrj.br\/residenciaestudantil\/files\/2022\/02\/DELIBERACAO-No-14_2022-SAOC-Comprovante-vacinal-UFRRJ-assinada.pdf\" target=\"_blank\" rel=\"noopener noreferrer\"><strong>PORTARIA CONSU N\u00ba 14\/2022 &#8211; Exig\u00eancia de Comprovante Vacinal na UFRRJ<\/strong><\/a><\/p>\n\n\n\n<p class=\" eplus-wrapper\"><a href=\"https:\/\/institucional.ufrrj.br\/residenciaestudantil\/files\/2022\/02\/Protocolo_de_retorno_aos_alojamentos-1.pdf\" target=\"_blank\" rel=\"noopener noreferrer\"><strong>PORTARIA SAOC N\u00ba \/ 2022 &#8211; Protocolo de Biosseguran\u00e7a para Retorno aos Alojamentos Universit\u00e1rios&nbsp; da UFRRJ<\/strong><\/a><\/p>\n\n\n\n<p class=\" eplus-wrapper\"><a href=\"https:\/\/portal.ufrrj.br\/wp-content\/uploads\/2022\/02\/Protocolo_de_retorno_ao_restaurante_universitario.pdf\" target=\"_blank\" rel=\"noopener noreferrer\"><strong>PORTARIA SAOC N\u00ba \/ 2022 &#8211; Protocolo de Biosseguran\u00e7a para Retorno \u00e0s atividades presenciais no setor do Restaurante Universit\u00e1rio&nbsp; da UFRRJ<\/strong><\/a><\/p>\n\n\n\n<hr class=\" wp-block-separator has-alpha-channel-opacity eplus-wrapper\" \/>\n\n\n\n<h3 class=\"eplus-wrapper wp-block-heading\"><strong>Normativas da Gest\u00e3o de Riscos na UFRRJ<\/strong><\/h3>\n\n\n\n<p class=\" eplus-wrapper\">Em 27 de abril de 2017, a UFRRJ instituiu sua Pol\u00edtica de Gest\u00e3o de Riscos por meio da Delibera\u00e7\u00e3o Consu n\u00ba 22\/2017, definindo em linhas gerais as diretrizes para o gerenciamento dos riscos na Universidade. E desde maio de 2018, a identifica\u00e7\u00e3o, avalia\u00e7\u00e3o, estrat\u00e9gia de tratamento e monitoramento dos riscos a que est\u00e1 sujeita a institui\u00e7\u00e3o s\u00e3o atribui\u00e7\u00f5es do Comit\u00ea de Governan\u00e7a, Riscos e Controles (CGRC).<\/p>\n\n\n\n<p class=\" eplus-wrapper\">Para as an\u00e1lises t\u00e9cnicas, o Comit\u00ea tem apoio do Grupo T\u00e9cnico Permanente de Gest\u00e3o de Riscos (GTP Riscos). Entre as iniciativas j\u00e1 realizadas pelo grupo, todas com a aprova\u00e7\u00e3o do CGRC e do Conselho Universit\u00e1rio (Consu), destaca-se as a\u00e7\u00f5es de mitiga\u00e7\u00e3o de riscos de inc\u00eandio e p\u00e2nico nos alojamentos estudantis do c\u00e2mpus Serop\u00e9dica, trabalho desenvolvido em parceria pela Pr\u00f3-Reitoria de Assuntos Estudantis (Proaes), Coordena\u00e7\u00e3o de Aten\u00e7\u00e3o \u00e0 Sa\u00fade e Seguran\u00e7a do Trabalho da Pr\u00f3-Reitoria de Gest\u00e3o de Pessoas (CASST\/Progep) e Coordenadoria de Projetos de Engenharia e Arquitetura (Copea\/Propladi).<\/p>\n\n\n\n<p class=\" eplus-wrapper\"><strong><a href=\"https:\/\/www.gov.br\/mj\/pt-br\/acesso-a-informacao\/governanca\/Gestao-de-Riscos\/biblioteca\/Normativos\/instrucao-normativa-conjunta-no-1-de-10-de-maio-de-2016-imprensa-nacional.pdf\/view\" target=\"_blank\" rel=\"noopener\">Instru\u00e7\u00e3o Normativa Conjunta CGU\/MP n\u00ba 01\/ 2016 (Controles Internos, Gest\u00e3o de Riscos e Governan\u00e7a do Poder Executivo Federal); <\/a><\/strong><\/p>\n\n\n\n<p class=\" eplus-wrapper\"><strong>Portaria MEC n\u00ba 234\/2018 (Pol\u00edtica de Gest\u00e3o de Riscos do MEC)<\/strong><\/p>\n\n\n\n<p class=\" eplus-wrapper\"><strong><a href=\"https:\/\/institucional.ufrrj.br\/soc\/files\/2018\/01\/Delib079CONSU2017.pdf\" target=\"_blank\" rel=\"noopener\">Delibera\u00e7\u00e3o CONSU n\u00ba 79\/ 2017 (Plano de Desenvolvimento Institucional &#8211; PDI)<\/a><\/strong><\/p>\n\n\n\n<p class=\" eplus-wrapper\"><strong><a href=\"https:\/\/institucional.ufrrj.br\/soc\/files\/2018\/03\/Delib022CONSU2017.pdf\" target=\"_blank\" rel=\"noopener\">Delibera\u00e7\u00e3o CONSU n\u00ba 22\/2017 (Pol\u00edtica de Gest\u00e3o de Riscos da UFRRJ)<\/a><\/strong><\/p>\n\n\n\n<p class=\" eplus-wrapper\"><strong><a href=\"https:\/\/institucional.ufrrj.br\/soc\/files\/2018\/09\/Delib-46-CONSU-2018.pdf\" target=\"_blank\" rel=\"noopener\">Delibera\u00e7\u00e3o CONSU n\u00ba 46\/2018 (Plano Institucional de Riscos da UFRRJ)<\/a><\/strong><\/p>\n\n\n\n<p class=\" eplus-wrapper\"><strong><a href=\"https:\/\/institucional.ufrrj.br\/sec-reitoria\/files\/2018\/05\/Portaria-358-Comit%C3%AA-de-Governan%C3%A7a-Riscos-e-Controles-da-UFRRJ-23083-9044-2017-84.pdf\" target=\"_blank\" rel=\"noopener\">Portaria GR\/ UFRRJ n\u00ba 358\/2018 (Comit\u00ea de Governan\u00e7a, Riscos e Controle &#8211; CGRC)<\/a><\/strong><\/p>\n\n\n\n<p class=\" eplus-wrapper\"><strong>Memorando Eletr\u00f4nico n\u00ba 194\/2019 &#8211; PROPLADI<\/strong><\/p>\n","protected":false},"excerpt":{"rendered":"<p>Programa de Aux\u00edlio da Assist\u00eancia Estudantil da UFRRJ Regimento da Pr\u00f3-reitoria de Assuntos Estudantis da UFRRJ Regimento dos Alojamentos Universit\u00e1rios <a class=\"read-more\" href=\"https:\/\/institucional.ufrrj.br\/residenciaestudantil\/normativas\/ \" >&#8230; <span class=\"font-italic\">leia mais <i class=\"fas fa-angle-right\"><\/i><\/span><\/a><\/p>\n","protected":false},"author":634,"featured_media":0,"parent":0,"menu_order":0,"comment_status":"closed","ping_status":"closed","template":"","meta":{"_acf_changed":false,"footnotes":""},"class_list":["post-38","page","type-page","status-publish","hentry"],"yoast_head":"<!-- This site is optimized with the Yoast SEO plugin v27.2 - https:\/\/yoast.com\/product\/yoast-seo-wordpress\/ -->\n<title>Normativas - Resid\u00eancia Estudantil<\/title>\n<meta name=\"robots\" content=\"index, follow, max-snippet:-1, max-image-preview:large, max-video-preview:-1\" \/>\n<link rel=\"canonical\" href=\"https:\/\/institucional.ufrrj.br\/residenciaestudantil\/normativas\/\" \/>\n<meta property=\"og:locale\" content=\"pt_BR\" \/>\n<meta property=\"og:type\" content=\"article\" \/>\n<meta property=\"og:title\" content=\"Normativas - Resid\u00eancia Estudantil\" \/>\n<meta property=\"og:description\" content=\"Programa de Aux\u00edlio da Assist\u00eancia Estudantil da UFRRJ Regimento da Pr\u00f3-reitoria de Assuntos Estudantis da UFRRJ Regimento dos Alojamentos Universit\u00e1rios ... leia mais\" \/>\n<meta property=\"og:url\" content=\"https:\/\/institucional.ufrrj.br\/residenciaestudantil\/normativas\/\" \/>\n<meta property=\"og:site_name\" content=\"Resid\u00eancia Estudantil\" \/>\n<meta property=\"article:modified_time\" content=\"2023-08-14T17:06:10+00:00\" \/>\n<meta name=\"twitter:card\" content=\"summary_large_image\" \/>\n<meta name=\"twitter:label1\" content=\"Est. tempo de leitura\" \/>\n\t<meta name=\"twitter:data1\" content=\"3 minutos\" \/>\n<script type=\"application\/ld+json\" class=\"yoast-schema-graph\">{\"@context\":\"https:\/\/schema.org\",\"@graph\":[{\"@type\":\"WebPage\",\"@id\":\"https:\/\/institucional.ufrrj.br\/residenciaestudantil\/normativas\/\",\"url\":\"https:\/\/institucional.ufrrj.br\/residenciaestudantil\/normativas\/\",\"name\":\"Normativas - Resid\u00eancia Estudantil\",\"isPartOf\":{\"@id\":\"https:\/\/institucional.ufrrj.br\/residenciaestudantil\/#website\"},\"datePublished\":\"2021-02-01T13:29:31+00:00\",\"dateModified\":\"2023-08-14T17:06:10+00:00\",\"breadcrumb\":{\"@id\":\"https:\/\/institucional.ufrrj.br\/residenciaestudantil\/normativas\/#breadcrumb\"},\"inLanguage\":\"pt-BR\",\"potentialAction\":[{\"@type\":\"ReadAction\",\"target\":[\"https:\/\/institucional.ufrrj.br\/residenciaestudantil\/normativas\/\"]}]},{\"@type\":\"BreadcrumbList\",\"@id\":\"https:\/\/institucional.ufrrj.br\/residenciaestudantil\/normativas\/#breadcrumb\",\"itemListElement\":[{\"@type\":\"ListItem\",\"position\":1,\"name\":\"In\u00edcio\",\"item\":\"https:\/\/institucional.ufrrj.br\/residenciaestudantil\/\"},{\"@type\":\"ListItem\",\"position\":2,\"name\":\"Normativas\"}]},{\"@type\":\"WebSite\",\"@id\":\"https:\/\/institucional.ufrrj.br\/residenciaestudantil\/#website\",\"url\":\"https:\/\/institucional.ufrrj.br\/residenciaestudantil\/\",\"name\":\"Resid\u00eancia Estudantil\",\"description\":\"\",\"potentialAction\":[{\"@type\":\"SearchAction\",\"target\":{\"@type\":\"EntryPoint\",\"urlTemplate\":\"https:\/\/institucional.ufrrj.br\/residenciaestudantil\/?s={search_term_string}\"},\"query-input\":{\"@type\":\"PropertyValueSpecification\",\"valueRequired\":true,\"valueName\":\"search_term_string\"}}],\"inLanguage\":\"pt-BR\"}]}<\/script>\n<!-- \/ Yoast SEO plugin. -->","yoast_head_json":{"title":"Normativas - Resid\u00eancia Estudantil","robots":{"index":"index","follow":"follow","max-snippet":"max-snippet:-1","max-image-preview":"max-image-preview:large","max-video-preview":"max-video-preview:-1"},"canonical":"https:\/\/institucional.ufrrj.br\/residenciaestudantil\/normativas\/","og_locale":"pt_BR","og_type":"article","og_title":"Normativas - Resid\u00eancia Estudantil","og_description":"Programa de Aux\u00edlio da Assist\u00eancia Estudantil da UFRRJ Regimento da Pr\u00f3-reitoria de Assuntos Estudantis da UFRRJ Regimento dos Alojamentos Universit\u00e1rios ... leia mais","og_url":"https:\/\/institucional.ufrrj.br\/residenciaestudantil\/normativas\/","og_site_name":"Resid\u00eancia Estudantil","article_modified_time":"2023-08-14T17:06:10+00:00","twitter_card":"summary_large_image","twitter_misc":{"Est. tempo de leitura":"3 minutos"},"schema":{"@context":"https:\/\/schema.org","@graph":[{"@type":"WebPage","@id":"https:\/\/institucional.ufrrj.br\/residenciaestudantil\/normativas\/","url":"https:\/\/institucional.ufrrj.br\/residenciaestudantil\/normativas\/","name":"Normativas - Resid\u00eancia Estudantil","isPartOf":{"@id":"https:\/\/institucional.ufrrj.br\/residenciaestudantil\/#website"},"datePublished":"2021-02-01T13:29:31+00:00","dateModified":"2023-08-14T17:06:10+00:00","breadcrumb":{"@id":"https:\/\/institucional.ufrrj.br\/residenciaestudantil\/normativas\/#breadcrumb"},"inLanguage":"pt-BR","potentialAction":[{"@type":"ReadAction","target":["https:\/\/institucional.ufrrj.br\/residenciaestudantil\/normativas\/"]}]},{"@type":"BreadcrumbList","@id":"https:\/\/institucional.ufrrj.br\/residenciaestudantil\/normativas\/#breadcrumb","itemListElement":[{"@type":"ListItem","position":1,"name":"In\u00edcio","item":"https:\/\/institucional.ufrrj.br\/residenciaestudantil\/"},{"@type":"ListItem","position":2,"name":"Normativas"}]},{"@type":"WebSite","@id":"https:\/\/institucional.ufrrj.br\/residenciaestudantil\/#website","url":"https:\/\/institucional.ufrrj.br\/residenciaestudantil\/","name":"Resid\u00eancia Estudantil","description":"","potentialAction":[{"@type":"SearchAction","target":{"@type":"EntryPoint","urlTemplate":"https:\/\/institucional.ufrrj.br\/residenciaestudantil\/?s={search_term_string}"},"query-input":{"@type":"PropertyValueSpecification","valueRequired":true,"valueName":"search_term_string"}}],"inLanguage":"pt-BR"}]}},"acf":[],"_links":{"self":[{"href":"https:\/\/institucional.ufrrj.br\/residenciaestudantil\/wp-json\/wp\/v2\/pages\/38","targetHints":{"allow":["GET"]}}],"collection":[{"href":"https:\/\/institucional.ufrrj.br\/residenciaestudantil\/wp-json\/wp\/v2\/pages"}],"about":[{"href":"https:\/\/institucional.ufrrj.br\/residenciaestudantil\/wp-json\/wp\/v2\/types\/page"}],"author":[{"embeddable":true,"href":"https:\/\/institucional.ufrrj.br\/residenciaestudantil\/wp-json\/wp\/v2\/users\/634"}],"replies":[{"embeddable":true,"href":"https:\/\/institucional.ufrrj.br\/residenciaestudantil\/wp-json\/wp\/v2\/comments?post=38"}],"version-history":[{"count":38,"href":"https:\/\/institucional.ufrrj.br\/residenciaestudantil\/wp-json\/wp\/v2\/pages\/38\/revisions"}],"predecessor-version":[{"id":2598,"href":"https:\/\/institucional.ufrrj.br\/residenciaestudantil\/wp-json\/wp\/v2\/pages\/38\/revisions\/2598"}],"wp:attachment":[{"href":"https:\/\/institucional.ufrrj.br\/residenciaestudantil\/wp-json\/wp\/v2\/media?parent=38"}],"curies":[{"name":"wp","href":"https:\/\/api.w.org\/{rel}","templated":true}]}}