{"id":21,"date":"2021-02-01T10:22:55","date_gmt":"2021-02-01T13:22:55","guid":{"rendered":"http:\/\/institucional.ufrrj.br\/divre\/?page_id=21"},"modified":"2021-10-28T20:07:29","modified_gmt":"2021-10-28T23:07:29","slug":"infraestrutura","status":"publish","type":"page","link":"https:\/\/institucional.ufrrj.br\/residenciaestudantil\/infraestrutura\/","title":{"rendered":"Infraestrutura"},"content":{"rendered":"<p><img loading=\"lazy\" decoding=\"async\" class=\"aligncenter wp-image-269 size-large\" src=\"https:\/\/institucional.ufrrj.br\/residenciaestudantil\/files\/2021\/10\/Alojamento-F1-4-HDR-3-1024x478.jpg\" alt=\"Alojamento F1 UFRRJ\" width=\"1024\" height=\"478\" srcset=\"https:\/\/institucional.ufrrj.br\/residenciaestudantil\/files\/2021\/10\/Alojamento-F1-4-HDR-3-1024x478.jpg 1024w, https:\/\/institucional.ufrrj.br\/residenciaestudantil\/files\/2021\/10\/Alojamento-F1-4-HDR-3-300x140.jpg 300w, https:\/\/institucional.ufrrj.br\/residenciaestudantil\/files\/2021\/10\/Alojamento-F1-4-HDR-3-768x359.jpg 768w, https:\/\/institucional.ufrrj.br\/residenciaestudantil\/files\/2021\/10\/Alojamento-F1-4-HDR-3.jpg 2000w\" sizes=\"auto, (max-width: 1024px) 100vw, 1024px\" \/><\/p>\n<p>&nbsp;<\/p>\n<p><span style=\"font-family: Times New Roman, serif\"><span style=\"font-size: medium\"><span style=\"color: #212529\"><span style=\"font-family: Roboto, sans-serif\">Os\u00a0<\/span><\/span><strong><span style=\"color: #212529\"><span style=\"font-family: Roboto, sans-serif\">Alojamentos Universit\u00e1rios da Universidade Federal Rural do Rio de Janeiro (UFRRJ) <\/span><\/span><\/strong><span style=\"color: #212529\"><span style=\"font-family: Roboto, sans-serif\">est\u00e3o inseridos na pol\u00edtica de assist\u00eancia estudantil e visam servir de resid\u00eancia tempor\u00e1ria a discentes, regularmente matriculados em um dos cursos de gradua\u00e7\u00e3o presencial no campus de Serop\u00e9dica, cujas fam\u00edlias residam fora da \u00e1rea de abrang\u00eancia deste munic\u00edpio e, que estejam em situa\u00e7\u00e3o de vulnerabilidade socioecon\u00f4mica comprovada, em conformidade aos par\u00e2metros definidos no\u00a0<\/span><\/span><strong><a href=\"http:\/\/www.planalto.gov.br\/ccivil_03\/_ato2007-2010\/2010\/decreto\/d7234.htm\" target=\"_blank\" rel=\"noopener noreferrer\"><span style=\"color: #15919d\"><span style=\"font-family: Roboto, sans-serif\"><b>Programa Nacional de Assist\u00eancia Estudantil (PNAES)<\/b><\/span><\/span><\/a><\/strong><span style=\"color: #212529\"><span style=\"font-family: Roboto, sans-serif\">.<\/span><\/span><b> <\/b><\/span><\/span><\/p>\n<p>Os Alojamentos da UFRRJ compreendem as instala\u00e7\u00f5es f\u00edsicas, os equipamentos e o mobili\u00e1rio contidos nos 12 (doze) pr\u00e9dios destinados a servir de moradia estudantil, localizados no interior do campus de Serop\u00e9dica da UFRRJ.\u00a0A <strong>Divis\u00e3o de Resid\u00eancia Estudantil (DIRE)<\/strong>, sob a gest\u00e3o da Pr\u00f3-reitoria de Assuntos Estudantis, administra, atualmente, 12 (doze) pr\u00e9dios de moradia estudantil: 06 (seis) alojamentos femininos, totalizando 144 quartos; e 06 (seis) alojamentos masculinos, sendo 1 (um) misto, totalizando 222 quartos.<\/p>\n<p>&nbsp;<\/p>\n<p>A DIRE administra os Alojamentos Universit\u00e1rios da UFRRJ, a partir da seguinte estrutura organizacional:<\/p>\n<p>I &#8211; <a href=\"https:\/\/institucional.ufrrj.br\/residenciaestudantil\/setor-de-manutencao\/\" target=\"_blank\" rel=\"noopener noreferrer\"><strong>Setor de Manuten\u00e7\u00e3o da Resid\u00eancia Estudantil (SEMRE)<\/strong><\/a>, subordinado \u00e0 DIRE. \u00c9 respons\u00e1vel por servi\u00e7os de manuten\u00e7\u00e3o e reparos ordin\u00e1rios da estrutura predial e das redes el\u00e9trica, hidr\u00e1ulica, instala\u00e7\u00f5es sanit\u00e1rias e \u00e1reas adjacentes aos alojamentos.<\/p>\n<p>II &#8211; <strong>Conselho de Administra\u00e7\u00e3o dos Alojamentos (CAA)<\/strong>, vinculado \u00e0 DIRE. \u00c9 respons\u00e1vel pela discuss\u00e3o e apresenta\u00e7\u00e3o de propostas para a pol\u00edtica de conviv\u00eancia estudantil no \u00e2mbito dos Alojamentos Universit\u00e1rios e a sua administra\u00e7\u00e3o; pelo acompanhamento dos or\u00e7amentos destinados aos setores subordinados \u00e0 DIRE; pela colabora\u00e7\u00e3o na fiscaliza\u00e7\u00e3o e no cumprimento de normas regimentais dos Alojamentos Universit\u00e1rios.<\/p>\n<p>&nbsp;<\/p>\n<p>A DIRE ainda mant\u00e9m os seguintes espa\u00e7os de conviv\u00eancia, que oportunizam o estudo, o lazer e o desenvolvimento de atividades art\u00edsticas e culturais:\u00a0<span style=\"font-weight: 400\"><strong>sala de estudos<\/strong> (localizada no hall de entrada dos alojamentos masculinos), <strong>sala de televis\u00e3o<\/strong> (localizada na entrada do Alojamento Feminino F1), <strong>sala de cultura<\/strong> (localizada ao lado esquerdo do hall de entrada dos alojamentos masculinos).<\/span><\/p>\n<p>&nbsp;<\/p>\n<hr \/>\n<p style=\"text-align: left\"><strong>ORGANOGRAMA DA ESTRUTURA ADMINISTRATIVA\u00a0<\/strong><strong>DOS ALOJAMENTOS UNIVERSIT\u00c1RIOS DA UFRRJ<\/strong><\/p>\n<p><a href=\"https:\/\/institucional.ufrrj.br\/residenciaestudantil\/files\/2021\/10\/PROAES-3.png\"><img loading=\"lazy\" decoding=\"async\" class=\"aligncenter size-large wp-image-514\" src=\"https:\/\/institucional.ufrrj.br\/residenciaestudantil\/files\/2021\/10\/PROAES-3-1024x618.png\" alt=\"Organograma da DIRE\" width=\"1024\" height=\"618\" srcset=\"https:\/\/institucional.ufrrj.br\/residenciaestudantil\/files\/2021\/10\/PROAES-3-1024x618.png 1024w, https:\/\/institucional.ufrrj.br\/residenciaestudantil\/files\/2021\/10\/PROAES-3-300x181.png 300w, https:\/\/institucional.ufrrj.br\/residenciaestudantil\/files\/2021\/10\/PROAES-3-768x464.png 768w\" sizes=\"auto, (max-width: 1024px) 100vw, 1024px\" \/><\/a><\/p>\n<p>&nbsp;<\/p>\n<hr \/>\n<p><strong>QUADRO DE QUARTOS DOS ALOJAMENTOS UNIVERSIT\u00c1RIOS DA UFRRJ<\/strong><\/p>\n<p><a href=\"https:\/\/institucional.ufrrj.br\/residenciaestudantil\/files\/2021\/10\/000001.jpg\"><img loading=\"lazy\" decoding=\"async\" class=\"alignleft wp-image-272 size-large\" src=\"https:\/\/institucional.ufrrj.br\/residenciaestudantil\/files\/2021\/10\/000001-720x1024.jpg\" alt=\"Quadro de quartos dos Alojamentos UFRRJ\" width=\"720\" height=\"1024\" srcset=\"https:\/\/institucional.ufrrj.br\/residenciaestudantil\/files\/2021\/10\/000001-720x1024.jpg 720w, https:\/\/institucional.ufrrj.br\/residenciaestudantil\/files\/2021\/10\/000001-211x300.jpg 211w, https:\/\/institucional.ufrrj.br\/residenciaestudantil\/files\/2021\/10\/000001-768x1092.jpg 768w, https:\/\/institucional.ufrrj.br\/residenciaestudantil\/files\/2021\/10\/000001.jpg 1406w\" sizes=\"auto, (max-width: 720px) 100vw, 720px\" \/><\/a><\/p>\n","protected":false},"excerpt":{"rendered":"<p>&nbsp; Os\u00a0Alojamentos Universit\u00e1rios da Universidade Federal Rural do Rio de Janeiro (UFRRJ) est\u00e3o inseridos na pol\u00edtica de assist\u00eancia estudantil e <a class=\"read-more\" href=\"https:\/\/institucional.ufrrj.br\/residenciaestudantil\/infraestrutura\/ \" >&#8230; <span class=\"font-italic\">leia mais <i class=\"fas fa-angle-right\"><\/i><\/span><\/a><\/p>\n","protected":false},"author":634,"featured_media":0,"parent":0,"menu_order":0,"comment_status":"closed","ping_status":"closed","template":"","meta":{"_acf_changed":false,"footnotes":""},"class_list":["post-21","page","type-page","status-publish","hentry"],"yoast_head":"<!-- This site is optimized with the Yoast SEO plugin v27.2 - https:\/\/yoast.com\/product\/yoast-seo-wordpress\/ -->\n<title>Infraestrutura - Resid\u00eancia Estudantil<\/title>\n<meta name=\"robots\" content=\"index, follow, max-snippet:-1, max-image-preview:large, max-video-preview:-1\" \/>\n<link rel=\"canonical\" href=\"https:\/\/institucional.ufrrj.br\/residenciaestudantil\/infraestrutura\/\" \/>\n<meta property=\"og:locale\" content=\"pt_BR\" \/>\n<meta property=\"og:type\" content=\"article\" \/>\n<meta property=\"og:title\" content=\"Infraestrutura - Resid\u00eancia Estudantil\" \/>\n<meta property=\"og:description\" content=\"&nbsp; Os\u00a0Alojamentos Universit\u00e1rios da Universidade Federal Rural do Rio de Janeiro (UFRRJ) est\u00e3o inseridos na pol\u00edtica de assist\u00eancia estudantil e ... leia mais\" \/>\n<meta property=\"og:url\" content=\"https:\/\/institucional.ufrrj.br\/residenciaestudantil\/infraestrutura\/\" \/>\n<meta property=\"og:site_name\" content=\"Resid\u00eancia Estudantil\" \/>\n<meta property=\"article:modified_time\" content=\"2021-10-28T23:07:29+00:00\" \/>\n<meta property=\"og:image\" content=\"http:\/\/institucional.ufrrj.br\/residenciaestudantil\/files\/2021\/10\/Alojamento-F1-4-HDR-3-1024x478.jpg\" \/>\n<meta name=\"twitter:card\" content=\"summary_large_image\" \/>\n<meta name=\"twitter:label1\" content=\"Est. tempo de leitura\" \/>\n\t<meta name=\"twitter:data1\" content=\"2 minutos\" \/>\n<script type=\"application\/ld+json\" class=\"yoast-schema-graph\">{\"@context\":\"https:\/\/schema.org\",\"@graph\":[{\"@type\":\"WebPage\",\"@id\":\"https:\/\/institucional.ufrrj.br\/residenciaestudantil\/infraestrutura\/\",\"url\":\"https:\/\/institucional.ufrrj.br\/residenciaestudantil\/infraestrutura\/\",\"name\":\"Infraestrutura - Resid\u00eancia Estudantil\",\"isPartOf\":{\"@id\":\"https:\/\/institucional.ufrrj.br\/residenciaestudantil\/#website\"},\"primaryImageOfPage\":{\"@id\":\"https:\/\/institucional.ufrrj.br\/residenciaestudantil\/infraestrutura\/#primaryimage\"},\"image\":{\"@id\":\"https:\/\/institucional.ufrrj.br\/residenciaestudantil\/infraestrutura\/#primaryimage\"},\"thumbnailUrl\":\"http:\/\/institucional.ufrrj.br\/residenciaestudantil\/files\/2021\/10\/Alojamento-F1-4-HDR-3-1024x478.jpg\",\"datePublished\":\"2021-02-01T13:22:55+00:00\",\"dateModified\":\"2021-10-28T23:07:29+00:00\",\"breadcrumb\":{\"@id\":\"https:\/\/institucional.ufrrj.br\/residenciaestudantil\/infraestrutura\/#breadcrumb\"},\"inLanguage\":\"pt-BR\",\"potentialAction\":[{\"@type\":\"ReadAction\",\"target\":[\"https:\/\/institucional.ufrrj.br\/residenciaestudantil\/infraestrutura\/\"]}]},{\"@type\":\"ImageObject\",\"inLanguage\":\"pt-BR\",\"@id\":\"https:\/\/institucional.ufrrj.br\/residenciaestudantil\/infraestrutura\/#primaryimage\",\"url\":\"http:\/\/institucional.ufrrj.br\/residenciaestudantil\/files\/2021\/10\/Alojamento-F1-4-HDR-3-1024x478.jpg\",\"contentUrl\":\"http:\/\/institucional.ufrrj.br\/residenciaestudantil\/files\/2021\/10\/Alojamento-F1-4-HDR-3-1024x478.jpg\"},{\"@type\":\"BreadcrumbList\",\"@id\":\"https:\/\/institucional.ufrrj.br\/residenciaestudantil\/infraestrutura\/#breadcrumb\",\"itemListElement\":[{\"@type\":\"ListItem\",\"position\":1,\"name\":\"In\u00edcio\",\"item\":\"https:\/\/institucional.ufrrj.br\/residenciaestudantil\/\"},{\"@type\":\"ListItem\",\"position\":2,\"name\":\"Infraestrutura\"}]},{\"@type\":\"WebSite\",\"@id\":\"https:\/\/institucional.ufrrj.br\/residenciaestudantil\/#website\",\"url\":\"https:\/\/institucional.ufrrj.br\/residenciaestudantil\/\",\"name\":\"Resid\u00eancia Estudantil\",\"description\":\"\",\"potentialAction\":[{\"@type\":\"SearchAction\",\"target\":{\"@type\":\"EntryPoint\",\"urlTemplate\":\"https:\/\/institucional.ufrrj.br\/residenciaestudantil\/?s={search_term_string}\"},\"query-input\":{\"@type\":\"PropertyValueSpecification\",\"valueRequired\":true,\"valueName\":\"search_term_string\"}}],\"inLanguage\":\"pt-BR\"}]}<\/script>\n<!-- \/ Yoast SEO plugin. -->","yoast_head_json":{"title":"Infraestrutura - Resid\u00eancia Estudantil","robots":{"index":"index","follow":"follow","max-snippet":"max-snippet:-1","max-image-preview":"max-image-preview:large","max-video-preview":"max-video-preview:-1"},"canonical":"https:\/\/institucional.ufrrj.br\/residenciaestudantil\/infraestrutura\/","og_locale":"pt_BR","og_type":"article","og_title":"Infraestrutura - Resid\u00eancia Estudantil","og_description":"&nbsp; Os\u00a0Alojamentos Universit\u00e1rios da Universidade Federal Rural do Rio de Janeiro (UFRRJ) est\u00e3o inseridos na pol\u00edtica de assist\u00eancia estudantil e ... leia mais","og_url":"https:\/\/institucional.ufrrj.br\/residenciaestudantil\/infraestrutura\/","og_site_name":"Resid\u00eancia Estudantil","article_modified_time":"2021-10-28T23:07:29+00:00","og_image":[{"url":"http:\/\/institucional.ufrrj.br\/residenciaestudantil\/files\/2021\/10\/Alojamento-F1-4-HDR-3-1024x478.jpg","type":"","width":"","height":""}],"twitter_card":"summary_large_image","twitter_misc":{"Est. tempo de leitura":"2 minutos"},"schema":{"@context":"https:\/\/schema.org","@graph":[{"@type":"WebPage","@id":"https:\/\/institucional.ufrrj.br\/residenciaestudantil\/infraestrutura\/","url":"https:\/\/institucional.ufrrj.br\/residenciaestudantil\/infraestrutura\/","name":"Infraestrutura - Resid\u00eancia Estudantil","isPartOf":{"@id":"https:\/\/institucional.ufrrj.br\/residenciaestudantil\/#website"},"primaryImageOfPage":{"@id":"https:\/\/institucional.ufrrj.br\/residenciaestudantil\/infraestrutura\/#primaryimage"},"image":{"@id":"https:\/\/institucional.ufrrj.br\/residenciaestudantil\/infraestrutura\/#primaryimage"},"thumbnailUrl":"http:\/\/institucional.ufrrj.br\/residenciaestudantil\/files\/2021\/10\/Alojamento-F1-4-HDR-3-1024x478.jpg","datePublished":"2021-02-01T13:22:55+00:00","dateModified":"2021-10-28T23:07:29+00:00","breadcrumb":{"@id":"https:\/\/institucional.ufrrj.br\/residenciaestudantil\/infraestrutura\/#breadcrumb"},"inLanguage":"pt-BR","potentialAction":[{"@type":"ReadAction","target":["https:\/\/institucional.ufrrj.br\/residenciaestudantil\/infraestrutura\/"]}]},{"@type":"ImageObject","inLanguage":"pt-BR","@id":"https:\/\/institucional.ufrrj.br\/residenciaestudantil\/infraestrutura\/#primaryimage","url":"http:\/\/institucional.ufrrj.br\/residenciaestudantil\/files\/2021\/10\/Alojamento-F1-4-HDR-3-1024x478.jpg","contentUrl":"http:\/\/institucional.ufrrj.br\/residenciaestudantil\/files\/2021\/10\/Alojamento-F1-4-HDR-3-1024x478.jpg"},{"@type":"BreadcrumbList","@id":"https:\/\/institucional.ufrrj.br\/residenciaestudantil\/infraestrutura\/#breadcrumb","itemListElement":[{"@type":"ListItem","position":1,"name":"In\u00edcio","item":"https:\/\/institucional.ufrrj.br\/residenciaestudantil\/"},{"@type":"ListItem","position":2,"name":"Infraestrutura"}]},{"@type":"WebSite","@id":"https:\/\/institucional.ufrrj.br\/residenciaestudantil\/#website","url":"https:\/\/institucional.ufrrj.br\/residenciaestudantil\/","name":"Resid\u00eancia Estudantil","description":"","potentialAction":[{"@type":"SearchAction","target":{"@type":"EntryPoint","urlTemplate":"https:\/\/institucional.ufrrj.br\/residenciaestudantil\/?s={search_term_string}"},"query-input":{"@type":"PropertyValueSpecification","valueRequired":true,"valueName":"search_term_string"}}],"inLanguage":"pt-BR"}]}},"acf":[],"_links":{"self":[{"href":"https:\/\/institucional.ufrrj.br\/residenciaestudantil\/wp-json\/wp\/v2\/pages\/21","targetHints":{"allow":["GET"]}}],"collection":[{"href":"https:\/\/institucional.ufrrj.br\/residenciaestudantil\/wp-json\/wp\/v2\/pages"}],"about":[{"href":"https:\/\/institucional.ufrrj.br\/residenciaestudantil\/wp-json\/wp\/v2\/types\/page"}],"author":[{"embeddable":true,"href":"https:\/\/institucional.ufrrj.br\/residenciaestudantil\/wp-json\/wp\/v2\/users\/634"}],"replies":[{"embeddable":true,"href":"https:\/\/institucional.ufrrj.br\/residenciaestudantil\/wp-json\/wp\/v2\/comments?post=21"}],"version-history":[{"count":34,"href":"https:\/\/institucional.ufrrj.br\/residenciaestudantil\/wp-json\/wp\/v2\/pages\/21\/revisions"}],"predecessor-version":[{"id":679,"href":"https:\/\/institucional.ufrrj.br\/residenciaestudantil\/wp-json\/wp\/v2\/pages\/21\/revisions\/679"}],"wp:attachment":[{"href":"https:\/\/institucional.ufrrj.br\/residenciaestudantil\/wp-json\/wp\/v2\/media?parent=21"}],"curies":[{"name":"wp","href":"https:\/\/api.w.org\/{rel}","templated":true}]}}