{"id":15,"date":"2021-02-01T10:21:54","date_gmt":"2021-02-01T13:21:54","guid":{"rendered":"http:\/\/institucional.ufrrj.br\/divre\/?page_id=15"},"modified":"2026-02-13T10:03:07","modified_gmt":"2026-02-13T13:03:07","slug":"quem-somos","status":"publish","type":"page","link":"https:\/\/institucional.ufrrj.br\/residenciaestudantil\/quem-somos\/","title":{"rendered":"Quem Somos"},"content":{"rendered":"\n<hr class=\"wp-block-separator has-alpha-channel-opacity\" \/>\n\n\n\n<h2 class=\"wp-block-heading titulopagina\">Divis\u00e3o de Resid\u00eancia Estudantil<\/h2>\n\n\n\n<p>A <strong>Divis\u00e3o de Resid\u00eancia Estudantil (DIRE), <\/strong>integrante da estrutura organizacional da Pr\u00f3-reitoria de Assuntos Estudantis (PROAES), \u00e9 respons\u00e1vel pela administra\u00e7\u00e3o dos Alojamentos Universit\u00e1rios da Universidade Federal Rural do Rio de Janeiro (UFRRJ). A DIRE tem por objetivo administrar a concess\u00e3o de vagas, gratuitas e tempor\u00e1rias, nos alojamentos. <span style=\"font-weight: 400\">Dentre as atribui\u00e7\u00f5es da DIRE destacam-se:&nbsp;<\/span><\/p>\n\n\n\n<p><span style=\"font-weight: 400\">* Coordena\u00e7\u00e3o de processo seletivo para ingresso nos alojamentos;<\/span><\/p>\n\n\n\n<p><span style=\"font-weight: 400\">* Cadastramento e procedimento de ingresso de novos(as) moradores(as);<\/span><\/p>\n\n\n\n<p><span style=\"font-weight: 400\">* Atualiza\u00e7\u00e3o de informa\u00e7\u00f5es em sistema de gest\u00e3o dos alojamentos e emiss\u00e3o de relat\u00f3rios;<\/span><\/p>\n\n\n\n<p><span style=\"font-weight: 400\">* Emiss\u00e3o de declara\u00e7\u00f5es e presta\u00e7\u00e3o de informa\u00e7\u00f5es relacionadas \u00e0 resid\u00eancia estudantil;<\/span><\/p>\n\n\n\n<p><span style=\"font-weight: 400\">* Manuten\u00e7\u00e3o do clavicul\u00e1rio e empr\u00e9stimo de chave para realiza\u00e7\u00e3o de c\u00f3pia;<\/span><\/p>\n\n\n\n<p><span style=\"font-weight: 400\">* Cadastramento de bens patrimoniais e empr\u00e9stimos de colch\u00e3o;<\/span><\/p>\n\n\n\n<p><span style=\"font-weight: 400\">* Encaminhamento de solicita\u00e7\u00f5es de troca de fechadura e de solicita\u00e7\u00e3o de cama\/beliche;<\/span><\/p>\n\n\n\n<p><span style=\"font-weight: 400\">* An\u00e1lise de solicita\u00e7\u00e3o e procedimento de transfer\u00eancia de quarto;<\/span><\/p>\n\n\n\n<p><span style=\"font-weight: 400\">* Manuten\u00e7\u00e3o e atualiza\u00e7\u00e3o cadastral de discentes alojados(as);<\/span><\/p>\n\n\n\n<p><span style=\"font-weight: 400\">* Divulga\u00e7\u00e3o de informa\u00e7\u00f5es, manuten\u00e7\u00e3o de p\u00e1gina institucional e perfil em redes sociais;<\/span><\/p>\n\n\n\n<p><span style=\"font-weight: 400\">* Orienta\u00e7\u00e3o sobre encaminhamento de reclama\u00e7\u00f5es e den\u00fancias relacionadas ao ambiente dos alojamentos;<\/span><\/p>\n\n\n\n<p><span style=\"font-weight: 400\">* An\u00e1lise curricular de discentes alojados(as);<\/span><\/p>\n\n\n\n<p><span style=\"font-weight: 400\">* Procedimento de levantamento de presen\u00e7a e de confirma\u00e7\u00e3o de vaga;<\/span><\/p>\n\n\n\n<p><span style=\"font-weight: 400\">* Gerenciamento de vagas ociosas e utiliza\u00e7\u00e3o irregular dos alojamentos;<\/span><\/p>\n\n\n\n<p><span style=\"font-weight: 400\">* Procedimento de vistoria em quartos;<\/span><\/p>\n\n\n\n<p><span style=\"font-weight: 400\">* Procedimento de entrega de vaga no alojamento;<\/span><\/p>\n\n\n\n<p><span style=\"font-weight: 400\">* Atendimento de situa\u00e7\u00f5es emergenciais no ambiente dos alojamentos.<\/span><\/p>\n\n\n\n<p><strong>Dire\u00e7\u00e3o: <\/strong><\/p>\n\n\n\n<p><a href=\"https:\/\/institucional.ufrrj.br\/residenciaestudantil\/files\/2023\/04\/IMG_20230311_220038909-removebg-preview.png\"><img loading=\"lazy\" decoding=\"async\" class=\"wp-image-2435 alignnone\" src=\"https:\/\/institucional.ufrrj.br\/residenciaestudantil\/files\/2023\/04\/IMG_20230311_220038909-removebg-preview-273x300.png\" alt=\"\" width=\"78\" height=\"85\" srcset=\"https:\/\/institucional.ufrrj.br\/residenciaestudantil\/files\/2023\/04\/IMG_20230311_220038909-removebg-preview-273x300.png 273w, https:\/\/institucional.ufrrj.br\/residenciaestudantil\/files\/2023\/04\/IMG_20230311_220038909-removebg-preview.png 476w\" sizes=\"auto, (max-width: 78px) 100vw, 78px\" \/><\/a>Lorena Flor\u00eancio (diretora) <a href=\"http:\/\/lattes.cnpq.br\/7396127162822769\" target=\"_blank\" rel=\"noopener noreferrer\"><img loading=\"lazy\" decoding=\"async\" class=\"wp-image-411 alignnone\" src=\"https:\/\/institucional.ufrrj.br\/residenciaestudantil\/files\/2021\/10\/lattes-249x300.png\" alt=\"Curr\u00edculo Lattes\" width=\"17\" height=\"20\"><\/a><\/p>\n\n\n\n<p><a href=\"https:\/\/institucional.ufrrj.br\/residenciaestudantil\/files\/2022\/09\/IMG_20220905_111051136-removebg-preview-e1663597349517.png\"><img loading=\"lazy\" decoding=\"async\" class=\"wp-image-1978 alignnone\" src=\"https:\/\/institucional.ufrrj.br\/residenciaestudantil\/files\/2022\/09\/IMG_20220905_111051136-removebg-preview-e1663597349517-285x300.png\" alt=\"\" width=\"85\" height=\"89\" srcset=\"https:\/\/institucional.ufrrj.br\/residenciaestudantil\/files\/2022\/09\/IMG_20220905_111051136-removebg-preview-e1663597349517-285x300.png 285w, https:\/\/institucional.ufrrj.br\/residenciaestudantil\/files\/2022\/09\/IMG_20220905_111051136-removebg-preview-e1663597349517.png 424w\" sizes=\"auto, (max-width: 85px) 100vw, 85px\" \/><\/a>Bruno Gonzaga (diretor substituto)<\/p>\n\n\n\n<p><strong>Apoio Administrativo:<\/strong><\/p>\n\n\n\n<p><a href=\"https:\/\/institucional.ufrrj.br\/residenciaestudantil\/files\/2025\/08\/Carlos.png\" data-type=\"attachment\" data-id=\"3121\"><img loading=\"lazy\" decoding=\"async\" width=\"768\" height=\"903\" class=\"wp-image-3121\" style=\"width: 85px\" src=\"https:\/\/institucional.ufrrj.br\/residenciaestudantil\/files\/2025\/08\/Carlos.png\" alt=\"\" srcset=\"https:\/\/institucional.ufrrj.br\/residenciaestudantil\/files\/2025\/08\/Carlos.png 768w, https:\/\/institucional.ufrrj.br\/residenciaestudantil\/files\/2025\/08\/Carlos-255x300.png 255w\" sizes=\"auto, (max-width: 768px) 100vw, 768px\" \/><\/a>Carlos da Silva<\/p>\n\n\n\n<p><strong>Servidores Plantonistas:<\/strong><\/p>\n\n\n\n<p><a href=\"https:\/\/institucional.ufrrj.br\/residenciaestudantil\/files\/2023\/04\/IMG_20221214_201927039_HDR__1_-removebg-preview.png\"><img loading=\"lazy\" decoding=\"async\" class=\" wp-image-2428 alignnone\" src=\"https:\/\/institucional.ufrrj.br\/residenciaestudantil\/files\/2023\/04\/IMG_20221214_201927039_HDR__1_-removebg-preview-300x286.png\" alt=\"\" width=\"95\" height=\"91\" srcset=\"https:\/\/institucional.ufrrj.br\/residenciaestudantil\/files\/2023\/04\/IMG_20221214_201927039_HDR__1_-removebg-preview-300x286.png 300w, https:\/\/institucional.ufrrj.br\/residenciaestudantil\/files\/2023\/04\/IMG_20221214_201927039_HDR__1_-removebg-preview.png 511w\" sizes=\"auto, (max-width: 95px) 100vw, 95px\" \/><\/a>Jos\u00e9 Carlos Santos<\/p>\n\n\n\n<p><a href=\"https:\/\/institucional.ufrrj.br\/residenciaestudantil\/files\/2023\/04\/IMG_20221214_201902130_HDR__1_-removebg-preview.png\"><img loading=\"lazy\" decoding=\"async\" width=\"94\" height=\"88\" class=\" wp-image-2433 alignnone\" src=\"https:\/\/institucional.ufrrj.br\/residenciaestudantil\/files\/2023\/04\/IMG_20221214_201902130_HDR__1_-removebg-preview-300x278.png\" alt=\"\" srcset=\"https:\/\/institucional.ufrrj.br\/residenciaestudantil\/files\/2023\/04\/IMG_20221214_201902130_HDR__1_-removebg-preview-300x278.png 300w, https:\/\/institucional.ufrrj.br\/residenciaestudantil\/files\/2023\/04\/IMG_20221214_201902130_HDR__1_-removebg-preview.png 519w\" sizes=\"auto, (max-width: 94px) 100vw, 94px\" \/><\/a>Rosenaldo Silva<\/p>\n\n\n\n<p><strong>Telefone:<\/strong> (21) 2681-4687 (ramal: 4687)<\/p>\n\n\n\n<p><strong>E-mail:<\/strong> sere@ufrrj.br<\/p>\n\n\n\n<p><strong>Localiza\u00e7\u00e3o:<\/strong> Anexo do Alojamento F6, Campus Serop\u00e9dica &#8211; UFRRJ. <a href=\"https:\/\/goo.gl\/maps\/mwpszwQqbvE2rxAx8\" target=\"_blank\" rel=\"noopener noreferrer\"><img loading=\"lazy\" decoding=\"async\" class=\"wp-image-398 alignnone\" src=\"https:\/\/institucional.ufrrj.br\/residenciaestudantil\/files\/2021\/10\/\u00cdcone-Localiza\u00e7\u00e3o-PNG-150x150.png\" alt=\"Localiza\u00e7\u00e3o DIRE\" width=\"22\" height=\"22\" srcset=\"https:\/\/institucional.ufrrj.br\/residenciaestudantil\/files\/2021\/10\/\u00cdcone-Localiza\u00e7\u00e3o-PNG-150x150.png 150w, https:\/\/institucional.ufrrj.br\/residenciaestudantil\/files\/2021\/10\/\u00cdcone-Localiza\u00e7\u00e3o-PNG-300x300.png 300w, https:\/\/institucional.ufrrj.br\/residenciaestudantil\/files\/2021\/10\/\u00cdcone-Localiza\u00e7\u00e3o-PNG-75x75.png 75w, https:\/\/institucional.ufrrj.br\/residenciaestudantil\/files\/2021\/10\/\u00cdcone-Localiza\u00e7\u00e3o-PNG-100x100.png 100w, https:\/\/institucional.ufrrj.br\/residenciaestudantil\/files\/2021\/10\/\u00cdcone-Localiza\u00e7\u00e3o-PNG.png 512w\" sizes=\"auto, (max-width: 22px) 100vw, 22px\" \/><\/a><\/p>\n\n\n\n<p><strong>Hor\u00e1rio de atendimento ao p\u00fablico: <\/strong>segunda a sexta, de 8h as 11h30 e de 13h as 16h30<\/p>\n\n\n\n<p><strong>Atendimento de plant\u00e3o:<\/strong> todos os dias, de 19h as 7h.&nbsp;<\/p>\n\n\n\n<hr class=\"wp-block-separator has-alpha-channel-opacity\" \/>\n\n\n\n<p><strong><span style=\"color: #ff0000\">ATEN\u00c7\u00c3O:<\/span><\/strong><\/p>\n\n\n\n<p><strong>O(a) discente que demandar os servi\u00e7os do setor, deve observar o uso de m\u00e1scara, a higieniza\u00e7\u00e3o das m\u00e3os com \u00e1lcool 70\u00ba, o distanciamento social e as <a href=\"https:\/\/institucional.ufrrj.br\/residenciaestudantil\/2021\/10\/28\/orientacoes-covid19\/\" target=\"_blank\" rel=\"noopener noreferrer\">demais medidas de preven\u00e7\u00e3o \u00e0 COVID-19<\/a>.<\/strong><\/p>\n\n\n\n<hr class=\"wp-block-separator has-alpha-channel-opacity\" \/>\n\n\n\n<h2 class=\"wp-block-heading titulopagina\">Setor de Manuten\u00e7\u00e3o da Resid\u00eancia Estudantil<\/h2>\n\n\n\n<p>O&nbsp;<strong>Setor de Manuten\u00e7\u00e3o da Resid\u00eancia Estudantil<\/strong>&nbsp;<strong>(SEMRE)<\/strong>&nbsp;\u00e9 o setor ligado \u00e0 DIRE respons\u00e1vel por servi\u00e7os de manuten\u00e7\u00e3o e reparos ordin\u00e1rios da estrutura predial e das redes el\u00e9trica, hidr\u00e1ulica, instala\u00e7\u00f5es sanit\u00e1rias e \u00e1reas adjacentes aos alojamentos.<\/p>\n\n\n\n<p><strong>Coordena\u00e7\u00e3o:<\/strong><\/p>\n\n\n\n<p>Fernando Luis Mofato Frade (coordenador)<\/p>\n\n\n\n<p><strong>Telefone:<\/strong>&nbsp;(21) 2681-4743<\/p>\n\n\n\n<p><strong>Email:<\/strong>&nbsp;semre@ufrrj.br<\/p>\n\n\n\n<p><strong>Localiza\u00e7\u00e3o:<\/strong>&nbsp;Pr\u00f3ximo aos Alojamentos Masculinos M1 e M2 (ao lado do CEGEUR \u2013 Centro de Estudos Geol\u00f3gicos da UFRRJ), Campus Serop\u00e9dica \u2013 UFRRJ.&nbsp;<a href=\"https:\/\/goo.gl\/maps\/y2NVC8YMeB2vnKL8A\" target=\"_blank\" rel=\"noopener noreferrer\"><img loading=\"lazy\" decoding=\"async\" class=\"alignnone wp-image-398\" src=\"https:\/\/institucional.ufrrj.br\/residenciaestudantil\/files\/2021\/10\/%C3%8Dcone-Localiza%C3%A7%C3%A3o-PNG-150x150.png\" alt=\"Localiza\u00e7\u00e3o DIRE\" width=\"22\" height=\"22\"><\/a><\/p>\n\n\n\n<p><strong>Hor\u00e1rio de atendimento ao p\u00fablico:<\/strong> segunda a sexta, de 8h as 11h30 e de 13h as 16h<\/p>\n\n\n\n<hr class=\"wp-block-separator has-alpha-channel-opacity eplus-wrapper\" \/>\n\n\n\n<p class=\"eplus-wrapper\"><strong>INFORMA\u00c7\u00d5ES SOBRE OUTRAS BOLSAS E AUX\u00cdLIOS DA ASSIST\u00caNCIA ESTUDANTIL<\/strong> <strong>(moradia, transporte, alimenta\u00e7\u00e3o, apoio did\u00e1tico e creche)<\/strong><\/p>\n\n\n\n<p class=\"eplus-wrapper\"><strong>Site:<\/strong> <a href=\"https:\/\/portalsba.ufrrj.br\/\" target=\"_blank\" rel=\"noreferrer noopener\">https:\/\/portalsba.ufrrj.br<\/a><\/p>\n\n\n\n<p class=\"eplus-wrapper\"><strong>Email:<\/strong> <a rel=\"noreferrer noopener\" href=\"mailto:sbolsas@ufrrj.br\" target=\"_blank\">sbolsas@ufrrj.br<\/a><\/p>\n\n\n\n<p><\/p>\n","protected":false},"excerpt":{"rendered":"<p>Divis\u00e3o de Resid\u00eancia Estudantil A Divis\u00e3o de Resid\u00eancia Estudantil (DIRE), integrante da estrutura organizacional da Pr\u00f3-reitoria de Assuntos Estudantis (PROAES), <a class=\"read-more\" href=\"https:\/\/institucional.ufrrj.br\/residenciaestudantil\/quem-somos\/ \" >&#8230; <span class=\"font-italic\">leia mais <i class=\"fas fa-angle-right\"><\/i><\/span><\/a><\/p>\n","protected":false},"author":634,"featured_media":0,"parent":0,"menu_order":0,"comment_status":"closed","ping_status":"closed","template":"","meta":{"_acf_changed":false,"footnotes":""},"class_list":["post-15","page","type-page","status-publish","hentry"],"yoast_head":"<!-- This site is optimized with the Yoast SEO plugin v27.2 - https:\/\/yoast.com\/product\/yoast-seo-wordpress\/ -->\n<title>Quem Somos - Resid\u00eancia Estudantil<\/title>\n<meta name=\"robots\" content=\"index, follow, max-snippet:-1, max-image-preview:large, max-video-preview:-1\" \/>\n<link rel=\"canonical\" href=\"https:\/\/institucional.ufrrj.br\/residenciaestudantil\/quem-somos\/\" \/>\n<meta property=\"og:locale\" content=\"pt_BR\" \/>\n<meta property=\"og:type\" content=\"article\" \/>\n<meta property=\"og:title\" content=\"Quem Somos - Resid\u00eancia Estudantil\" \/>\n<meta property=\"og:description\" content=\"Divis\u00e3o de Resid\u00eancia Estudantil A Divis\u00e3o de Resid\u00eancia Estudantil (DIRE), integrante da estrutura organizacional da Pr\u00f3-reitoria de Assuntos Estudantis (PROAES), ... leia mais\" \/>\n<meta property=\"og:url\" content=\"https:\/\/institucional.ufrrj.br\/residenciaestudantil\/quem-somos\/\" \/>\n<meta property=\"og:site_name\" content=\"Resid\u00eancia Estudantil\" \/>\n<meta property=\"article:modified_time\" content=\"2026-02-13T13:03:07+00:00\" \/>\n<meta property=\"og:image\" content=\"https:\/\/institucional.ufrrj.br\/residenciaestudantil\/files\/2023\/04\/IMG_20230311_220038909-removebg-preview.png\" \/>\n\t<meta property=\"og:image:width\" content=\"476\" \/>\n\t<meta property=\"og:image:height\" content=\"524\" \/>\n\t<meta property=\"og:image:type\" content=\"image\/png\" \/>\n<meta name=\"twitter:card\" content=\"summary_large_image\" \/>\n<meta name=\"twitter:label1\" content=\"Est. tempo de leitura\" \/>\n\t<meta name=\"twitter:data1\" content=\"5 minutos\" \/>\n<script type=\"application\/ld+json\" class=\"yoast-schema-graph\">{\"@context\":\"https:\/\/schema.org\",\"@graph\":[{\"@type\":\"WebPage\",\"@id\":\"https:\/\/institucional.ufrrj.br\/residenciaestudantil\/quem-somos\/\",\"url\":\"https:\/\/institucional.ufrrj.br\/residenciaestudantil\/quem-somos\/\",\"name\":\"Quem Somos - Resid\u00eancia Estudantil\",\"isPartOf\":{\"@id\":\"https:\/\/institucional.ufrrj.br\/residenciaestudantil\/#website\"},\"primaryImageOfPage\":{\"@id\":\"https:\/\/institucional.ufrrj.br\/residenciaestudantil\/quem-somos\/#primaryimage\"},\"image\":{\"@id\":\"https:\/\/institucional.ufrrj.br\/residenciaestudantil\/quem-somos\/#primaryimage\"},\"thumbnailUrl\":\"https:\/\/institucional.ufrrj.br\/residenciaestudantil\/files\/2023\/04\/IMG_20230311_220038909-removebg-preview-273x300.png\",\"datePublished\":\"2021-02-01T13:21:54+00:00\",\"dateModified\":\"2026-02-13T13:03:07+00:00\",\"breadcrumb\":{\"@id\":\"https:\/\/institucional.ufrrj.br\/residenciaestudantil\/quem-somos\/#breadcrumb\"},\"inLanguage\":\"pt-BR\",\"potentialAction\":[{\"@type\":\"ReadAction\",\"target\":[\"https:\/\/institucional.ufrrj.br\/residenciaestudantil\/quem-somos\/\"]}]},{\"@type\":\"ImageObject\",\"inLanguage\":\"pt-BR\",\"@id\":\"https:\/\/institucional.ufrrj.br\/residenciaestudantil\/quem-somos\/#primaryimage\",\"url\":\"https:\/\/institucional.ufrrj.br\/residenciaestudantil\/files\/2023\/04\/IMG_20230311_220038909-removebg-preview.png\",\"contentUrl\":\"https:\/\/institucional.ufrrj.br\/residenciaestudantil\/files\/2023\/04\/IMG_20230311_220038909-removebg-preview.png\",\"width\":476,\"height\":524},{\"@type\":\"BreadcrumbList\",\"@id\":\"https:\/\/institucional.ufrrj.br\/residenciaestudantil\/quem-somos\/#breadcrumb\",\"itemListElement\":[{\"@type\":\"ListItem\",\"position\":1,\"name\":\"In\u00edcio\",\"item\":\"https:\/\/institucional.ufrrj.br\/residenciaestudantil\/\"},{\"@type\":\"ListItem\",\"position\":2,\"name\":\"Quem Somos\"}]},{\"@type\":\"WebSite\",\"@id\":\"https:\/\/institucional.ufrrj.br\/residenciaestudantil\/#website\",\"url\":\"https:\/\/institucional.ufrrj.br\/residenciaestudantil\/\",\"name\":\"Resid\u00eancia Estudantil\",\"description\":\"\",\"potentialAction\":[{\"@type\":\"SearchAction\",\"target\":{\"@type\":\"EntryPoint\",\"urlTemplate\":\"https:\/\/institucional.ufrrj.br\/residenciaestudantil\/?s={search_term_string}\"},\"query-input\":{\"@type\":\"PropertyValueSpecification\",\"valueRequired\":true,\"valueName\":\"search_term_string\"}}],\"inLanguage\":\"pt-BR\"}]}<\/script>\n<!-- \/ Yoast SEO plugin. -->","yoast_head_json":{"title":"Quem Somos - Resid\u00eancia Estudantil","robots":{"index":"index","follow":"follow","max-snippet":"max-snippet:-1","max-image-preview":"max-image-preview:large","max-video-preview":"max-video-preview:-1"},"canonical":"https:\/\/institucional.ufrrj.br\/residenciaestudantil\/quem-somos\/","og_locale":"pt_BR","og_type":"article","og_title":"Quem Somos - Resid\u00eancia Estudantil","og_description":"Divis\u00e3o de Resid\u00eancia Estudantil A Divis\u00e3o de Resid\u00eancia Estudantil (DIRE), integrante da estrutura organizacional da Pr\u00f3-reitoria de Assuntos Estudantis (PROAES), ... leia mais","og_url":"https:\/\/institucional.ufrrj.br\/residenciaestudantil\/quem-somos\/","og_site_name":"Resid\u00eancia Estudantil","article_modified_time":"2026-02-13T13:03:07+00:00","og_image":[{"width":476,"height":524,"url":"https:\/\/institucional.ufrrj.br\/residenciaestudantil\/files\/2023\/04\/IMG_20230311_220038909-removebg-preview.png","type":"image\/png"}],"twitter_card":"summary_large_image","twitter_misc":{"Est. tempo de leitura":"5 minutos"},"schema":{"@context":"https:\/\/schema.org","@graph":[{"@type":"WebPage","@id":"https:\/\/institucional.ufrrj.br\/residenciaestudantil\/quem-somos\/","url":"https:\/\/institucional.ufrrj.br\/residenciaestudantil\/quem-somos\/","name":"Quem Somos - Resid\u00eancia Estudantil","isPartOf":{"@id":"https:\/\/institucional.ufrrj.br\/residenciaestudantil\/#website"},"primaryImageOfPage":{"@id":"https:\/\/institucional.ufrrj.br\/residenciaestudantil\/quem-somos\/#primaryimage"},"image":{"@id":"https:\/\/institucional.ufrrj.br\/residenciaestudantil\/quem-somos\/#primaryimage"},"thumbnailUrl":"https:\/\/institucional.ufrrj.br\/residenciaestudantil\/files\/2023\/04\/IMG_20230311_220038909-removebg-preview-273x300.png","datePublished":"2021-02-01T13:21:54+00:00","dateModified":"2026-02-13T13:03:07+00:00","breadcrumb":{"@id":"https:\/\/institucional.ufrrj.br\/residenciaestudantil\/quem-somos\/#breadcrumb"},"inLanguage":"pt-BR","potentialAction":[{"@type":"ReadAction","target":["https:\/\/institucional.ufrrj.br\/residenciaestudantil\/quem-somos\/"]}]},{"@type":"ImageObject","inLanguage":"pt-BR","@id":"https:\/\/institucional.ufrrj.br\/residenciaestudantil\/quem-somos\/#primaryimage","url":"https:\/\/institucional.ufrrj.br\/residenciaestudantil\/files\/2023\/04\/IMG_20230311_220038909-removebg-preview.png","contentUrl":"https:\/\/institucional.ufrrj.br\/residenciaestudantil\/files\/2023\/04\/IMG_20230311_220038909-removebg-preview.png","width":476,"height":524},{"@type":"BreadcrumbList","@id":"https:\/\/institucional.ufrrj.br\/residenciaestudantil\/quem-somos\/#breadcrumb","itemListElement":[{"@type":"ListItem","position":1,"name":"In\u00edcio","item":"https:\/\/institucional.ufrrj.br\/residenciaestudantil\/"},{"@type":"ListItem","position":2,"name":"Quem Somos"}]},{"@type":"WebSite","@id":"https:\/\/institucional.ufrrj.br\/residenciaestudantil\/#website","url":"https:\/\/institucional.ufrrj.br\/residenciaestudantil\/","name":"Resid\u00eancia Estudantil","description":"","potentialAction":[{"@type":"SearchAction","target":{"@type":"EntryPoint","urlTemplate":"https:\/\/institucional.ufrrj.br\/residenciaestudantil\/?s={search_term_string}"},"query-input":{"@type":"PropertyValueSpecification","valueRequired":true,"valueName":"search_term_string"}}],"inLanguage":"pt-BR"}]}},"acf":[],"_links":{"self":[{"href":"https:\/\/institucional.ufrrj.br\/residenciaestudantil\/wp-json\/wp\/v2\/pages\/15","targetHints":{"allow":["GET"]}}],"collection":[{"href":"https:\/\/institucional.ufrrj.br\/residenciaestudantil\/wp-json\/wp\/v2\/pages"}],"about":[{"href":"https:\/\/institucional.ufrrj.br\/residenciaestudantil\/wp-json\/wp\/v2\/types\/page"}],"author":[{"embeddable":true,"href":"https:\/\/institucional.ufrrj.br\/residenciaestudantil\/wp-json\/wp\/v2\/users\/634"}],"replies":[{"embeddable":true,"href":"https:\/\/institucional.ufrrj.br\/residenciaestudantil\/wp-json\/wp\/v2\/comments?post=15"}],"version-history":[{"count":1,"href":"https:\/\/institucional.ufrrj.br\/residenciaestudantil\/wp-json\/wp\/v2\/pages\/15\/revisions"}],"predecessor-version":[{"id":3281,"href":"https:\/\/institucional.ufrrj.br\/residenciaestudantil\/wp-json\/wp\/v2\/pages\/15\/revisions\/3281"}],"wp:attachment":[{"href":"https:\/\/institucional.ufrrj.br\/residenciaestudantil\/wp-json\/wp\/v2\/media?parent=15"}],"curies":[{"name":"wp","href":"https:\/\/api.w.org\/{rel}","templated":true}]}}