{"id":923,"date":"2020-11-03T10:04:28","date_gmt":"2020-11-03T13:04:28","guid":{"rendered":"http:\/\/institucional.ufrrj.br\/protocolo\/?page_id=923"},"modified":"2020-11-03T10:04:28","modified_gmt":"2020-11-03T13:04:28","slug":"formulario-de-solicitacao-de-visita-tecnica-para-pessoal-interno","status":"publish","type":"page","link":"https:\/\/institucional.ufrrj.br\/protocolo\/formulario-de-solicitacao-de-visita-tecnica-para-pessoal-interno\/","title":{"rendered":"Formul\u00e1rio de solicita\u00e7\u00e3o de visita t\u00e9cnica para pessoal interno"},"content":{"rendered":"\n                <div class='gf_browser_gecko gform_wrapper' id='gform_wrapper_2' ><form method='post' enctype='multipart\/form-data'  id='gform_2'  action='\/protocolo\/wp-json\/wp\/v2\/pages\/923'>\n                        <div class='gform_body'><ul id='gform_fields_2' class='gform_fields top_label form_sublabel_below description_below'><li id='field_2_7'  class='gfield gsection field_sublabel_below field_description_below gfield_visibility_visible' ><h2 class='gsection_title'>IDENTIFICA\u00c7\u00c3O DO(A) SOLICITANTE<\/h2><\/li><li id='field_2_34'  class='gfield gfield_contains_required field_sublabel_below field_description_below gfield_visibility_visible' ><label class='gfield_label' for='input_2_34' >Nome<span class='gfield_required'>*<\/span><\/label><div class='ginput_container ginput_container_text'><input name='input_34' id='input_2_34' type='text' value='' class='medium'     aria-required=\"true\" aria-invalid=\"false\" \/><\/div><\/li><li id='field_2_41'  class='gfield gfield_contains_required field_sublabel_below field_description_below gfield_visibility_visible' ><label class='gfield_label' for='input_2_41' >SIAPE<span class='gfield_required'>*<\/span><\/label><div class='ginput_container ginput_container_text'><input name='input_41' id='input_2_41' type='text' value='' class='medium'     aria-required=\"true\" aria-invalid=\"false\" \/><\/div><\/li><li id='field_2_38'  class='gfield gfield_contains_required field_sublabel_below field_description_below gfield_visibility_visible' ><label class='gfield_label' for='input_2_38' >Setor de lota\u00e7\u00e3o do solicitante<span class='gfield_required'>*<\/span><\/label><div class='ginput_container ginput_container_text'><input name='input_38' id='input_2_38' type='text' value='' class='medium'     aria-required=\"true\" aria-invalid=\"false\" \/><\/div><\/li><li id='field_2_39'  class='gfield gfield_contains_required field_sublabel_below field_description_below gfield_visibility_visible' ><label class='gfield_label' for='input_2_39' >Local da visita<span class='gfield_required'>*<\/span><\/label><div class='ginput_container ginput_container_text'><input name='input_39' id='input_2_39' type='text' value='' class='medium'     aria-required=\"true\" aria-invalid=\"false\" \/><\/div><\/li><li id='field_2_16'  class='gfield gfield_contains_required field_sublabel_below field_description_below gfield_visibility_visible' ><label class='gfield_label' for='input_2_16' >Telefone de contato<span class='gfield_required'>*<\/span><\/label><div class='ginput_container ginput_container_text'><input name='input_16' id='input_2_16' type='text' value='' class='medium'     aria-required=\"true\" aria-invalid=\"false\" \/><\/div><\/li><li id='field_2_33'  class='gfield gfield_contains_required field_sublabel_below field_description_below gfield_visibility_visible' ><label class='gfield_label' for='input_2_33' >E-mail<span class='gfield_required'>*<\/span><\/label><div class='ginput_container ginput_container_email'>\n                            <input name='input_33' id='input_2_33' type='text' value='' class='medium'    aria-required=\"true\" aria-invalid=\"false\" \/>\n                        <\/div><\/li><li id='field_2_27'  class='gfield gsection field_sublabel_below field_description_below gfield_visibility_visible' ><h2 class='gsection_title'>Observa\u00e7\u00f5es<\/h2><\/li><li id='field_2_26'  class='gfield gfield_html gfield_html_formatted gfield_no_follows_desc field_sublabel_below field_description_below gfield_visibility_visible' ><p>(1) A solicita\u00e7\u00e3o para visita t\u00e9cnica somente poder\u00e1 ser feita pela unidade administrativa  custodiadora da documenta\u00e7\u00e3o a ser visitada.<\/p>\n<p>(2) Ap\u00f3s recebimento da solicita\u00e7\u00e3o um integrante da equipe do arquivo entrar\u00e1 em contato com o solicitante, via email, para agendamento da visita.<\/p>\n<p>(3) Caso o solicitante, por qualquer motivo, queira reagendar a visita, dever\u00e1 informar o fato por email com anteced\u00eancia m\u00ednima de 24h.<\/p>\n<p>(4) O reagendamento depender\u00e1 de data e hor\u00e1rio dispon\u00edveis, o que ser\u00e1 informado ao solicitante, tamb\u00e9m por email.<p>\n<\/li>\n                            <\/ul><\/div>\n        <div class='gform_footer top_label'> <input type='submit' id='gform_submit_button_2' class='gform_button button' value='Enviar'  onclick='if(window[\"gf_submitting_2\"]){return false;}  window[\"gf_submitting_2\"]=true;  ' onkeypress='if( event.keyCode == 13 ){ if(window[\"gf_submitting_2\"]){return false;} window[\"gf_submitting_2\"]=true;  jQuery(\"#gform_2\").trigger(\"submit\",[true]); }' \/> \n            <input type='hidden' class='gform_hidden' name='is_submit_2' value='1' \/>\n            <input type='hidden' class='gform_hidden' name='gform_submit' value='2' \/>\n            \n            <input type='hidden' class='gform_hidden' name='gform_unique_id' value='' \/>\n            <input type='hidden' class='gform_hidden' name='state_2' value='WyJbXSIsIjczYTU4ZTRjYmFlZGYzYTE1NzI1MWIxZjZjODYzNjFlIl0=' \/>\n            <input type='hidden' class='gform_hidden' name='gform_target_page_number_2' id='gform_target_page_number_2' value='0' \/>\n            <input type='hidden' class='gform_hidden' name='gform_source_page_number_2' id='gform_source_page_number_2' value='1' \/>\n            <input type='hidden' name='gform_field_values' value='' \/>\n            \n        <\/div>\n                        <\/form>\n                        <\/div><script type='text\/javascript'> jQuery(document).bind('gform_post_render', function(event, formId, currentPage){if(formId == 2) {} } );jQuery(document).bind('gform_post_conditional_logic', function(event, formId, fields, isInit){} );<\/script><script type='text\/javascript'> jQuery(document).ready(function(){jQuery(document).trigger('gform_post_render', [2, 1]) } ); <\/script>\n","protected":false},"excerpt":{"rendered":"","protected":false},"author":634,"featured_media":0,"parent":0,"menu_order":0,"comment_status":"closed","ping_status":"closed","template":"","meta":{"footnotes":""},"class_list":["post-923","page","type-page","status-publish","hentry"],"yoast_head":"<!-- This site is optimized with the Yoast SEO plugin v27.2 - https:\/\/yoast.com\/product\/yoast-seo-wordpress\/ -->\n<title>Formul\u00e1rio de solicita\u00e7\u00e3o de visita t\u00e9cnica para pessoal interno - Se\u00e7\u00e3o de Arquivo e Protocolo Geral<\/title>\n<meta name=\"robots\" content=\"index, follow, max-snippet:-1, max-image-preview:large, max-video-preview:-1\" \/>\n<link rel=\"canonical\" href=\"https:\/\/institucional.ufrrj.br\/protocolo\/formulario-de-solicitacao-de-visita-tecnica-para-pessoal-interno\/\" \/>\n<meta property=\"og:locale\" content=\"pt_BR\" \/>\n<meta property=\"og:type\" content=\"article\" \/>\n<meta property=\"og:title\" content=\"Formul\u00e1rio de solicita\u00e7\u00e3o de visita t\u00e9cnica para pessoal interno - Se\u00e7\u00e3o de Arquivo e Protocolo Geral\" \/>\n<meta property=\"og:url\" content=\"https:\/\/institucional.ufrrj.br\/protocolo\/formulario-de-solicitacao-de-visita-tecnica-para-pessoal-interno\/\" \/>\n<meta property=\"og:site_name\" content=\"Se\u00e7\u00e3o de Arquivo e Protocolo Geral\" \/>\n<meta name=\"twitter:card\" content=\"summary_large_image\" \/>\n<script type=\"application\/ld+json\" class=\"yoast-schema-graph\">{\"@context\":\"https:\/\/schema.org\",\"@graph\":[{\"@type\":\"WebPage\",\"@id\":\"https:\/\/institucional.ufrrj.br\/protocolo\/formulario-de-solicitacao-de-visita-tecnica-para-pessoal-interno\/\",\"url\":\"https:\/\/institucional.ufrrj.br\/protocolo\/formulario-de-solicitacao-de-visita-tecnica-para-pessoal-interno\/\",\"name\":\"Formul\u00e1rio de solicita\u00e7\u00e3o de visita t\u00e9cnica para pessoal interno - Se\u00e7\u00e3o de Arquivo e Protocolo Geral\",\"isPartOf\":{\"@id\":\"https:\/\/institucional.ufrrj.br\/protocolo\/#website\"},\"datePublished\":\"2020-11-03T13:04:28+00:00\",\"breadcrumb\":{\"@id\":\"https:\/\/institucional.ufrrj.br\/protocolo\/formulario-de-solicitacao-de-visita-tecnica-para-pessoal-interno\/#breadcrumb\"},\"inLanguage\":\"pt-BR\",\"potentialAction\":[{\"@type\":\"ReadAction\",\"target\":[\"https:\/\/institucional.ufrrj.br\/protocolo\/formulario-de-solicitacao-de-visita-tecnica-para-pessoal-interno\/\"]}]},{\"@type\":\"BreadcrumbList\",\"@id\":\"https:\/\/institucional.ufrrj.br\/protocolo\/formulario-de-solicitacao-de-visita-tecnica-para-pessoal-interno\/#breadcrumb\",\"itemListElement\":[{\"@type\":\"ListItem\",\"position\":1,\"name\":\"In\u00edcio\",\"item\":\"https:\/\/institucional.ufrrj.br\/protocolo\/\"},{\"@type\":\"ListItem\",\"position\":2,\"name\":\"Formul\u00e1rio de solicita\u00e7\u00e3o de visita t\u00e9cnica para pessoal interno\"}]},{\"@type\":\"WebSite\",\"@id\":\"https:\/\/institucional.ufrrj.br\/protocolo\/#website\",\"url\":\"https:\/\/institucional.ufrrj.br\/protocolo\/\",\"name\":\"Se\u00e7\u00e3o de Arquivo e Protocolo Geral\",\"description\":\"Universidade Ferderal Rural do Rio de Janeiro \u2013 UFRRJ\",\"potentialAction\":[{\"@type\":\"SearchAction\",\"target\":{\"@type\":\"EntryPoint\",\"urlTemplate\":\"https:\/\/institucional.ufrrj.br\/protocolo\/?s={search_term_string}\"},\"query-input\":{\"@type\":\"PropertyValueSpecification\",\"valueRequired\":true,\"valueName\":\"search_term_string\"}}],\"inLanguage\":\"pt-BR\"}]}<\/script>\n<!-- \/ Yoast SEO plugin. -->","yoast_head_json":{"title":"Formul\u00e1rio de solicita\u00e7\u00e3o de visita t\u00e9cnica para pessoal interno - Se\u00e7\u00e3o de Arquivo e Protocolo Geral","robots":{"index":"index","follow":"follow","max-snippet":"max-snippet:-1","max-image-preview":"max-image-preview:large","max-video-preview":"max-video-preview:-1"},"canonical":"https:\/\/institucional.ufrrj.br\/protocolo\/formulario-de-solicitacao-de-visita-tecnica-para-pessoal-interno\/","og_locale":"pt_BR","og_type":"article","og_title":"Formul\u00e1rio de solicita\u00e7\u00e3o de visita t\u00e9cnica para pessoal interno - Se\u00e7\u00e3o de Arquivo e Protocolo Geral","og_url":"https:\/\/institucional.ufrrj.br\/protocolo\/formulario-de-solicitacao-de-visita-tecnica-para-pessoal-interno\/","og_site_name":"Se\u00e7\u00e3o de Arquivo e Protocolo Geral","twitter_card":"summary_large_image","schema":{"@context":"https:\/\/schema.org","@graph":[{"@type":"WebPage","@id":"https:\/\/institucional.ufrrj.br\/protocolo\/formulario-de-solicitacao-de-visita-tecnica-para-pessoal-interno\/","url":"https:\/\/institucional.ufrrj.br\/protocolo\/formulario-de-solicitacao-de-visita-tecnica-para-pessoal-interno\/","name":"Formul\u00e1rio de solicita\u00e7\u00e3o de visita t\u00e9cnica para pessoal interno - Se\u00e7\u00e3o de Arquivo e Protocolo Geral","isPartOf":{"@id":"https:\/\/institucional.ufrrj.br\/protocolo\/#website"},"datePublished":"2020-11-03T13:04:28+00:00","breadcrumb":{"@id":"https:\/\/institucional.ufrrj.br\/protocolo\/formulario-de-solicitacao-de-visita-tecnica-para-pessoal-interno\/#breadcrumb"},"inLanguage":"pt-BR","potentialAction":[{"@type":"ReadAction","target":["https:\/\/institucional.ufrrj.br\/protocolo\/formulario-de-solicitacao-de-visita-tecnica-para-pessoal-interno\/"]}]},{"@type":"BreadcrumbList","@id":"https:\/\/institucional.ufrrj.br\/protocolo\/formulario-de-solicitacao-de-visita-tecnica-para-pessoal-interno\/#breadcrumb","itemListElement":[{"@type":"ListItem","position":1,"name":"In\u00edcio","item":"https:\/\/institucional.ufrrj.br\/protocolo\/"},{"@type":"ListItem","position":2,"name":"Formul\u00e1rio de solicita\u00e7\u00e3o de visita t\u00e9cnica para pessoal interno"}]},{"@type":"WebSite","@id":"https:\/\/institucional.ufrrj.br\/protocolo\/#website","url":"https:\/\/institucional.ufrrj.br\/protocolo\/","name":"Se\u00e7\u00e3o de Arquivo e Protocolo Geral","description":"Universidade Ferderal Rural do Rio de Janeiro \u2013 UFRRJ","potentialAction":[{"@type":"SearchAction","target":{"@type":"EntryPoint","urlTemplate":"https:\/\/institucional.ufrrj.br\/protocolo\/?s={search_term_string}"},"query-input":{"@type":"PropertyValueSpecification","valueRequired":true,"valueName":"search_term_string"}}],"inLanguage":"pt-BR"}]}},"_links":{"self":[{"href":"https:\/\/institucional.ufrrj.br\/protocolo\/wp-json\/wp\/v2\/pages\/923","targetHints":{"allow":["GET"]}}],"collection":[{"href":"https:\/\/institucional.ufrrj.br\/protocolo\/wp-json\/wp\/v2\/pages"}],"about":[{"href":"https:\/\/institucional.ufrrj.br\/protocolo\/wp-json\/wp\/v2\/types\/page"}],"author":[{"embeddable":true,"href":"https:\/\/institucional.ufrrj.br\/protocolo\/wp-json\/wp\/v2\/users\/634"}],"replies":[{"embeddable":true,"href":"https:\/\/institucional.ufrrj.br\/protocolo\/wp-json\/wp\/v2\/comments?post=923"}],"version-history":[{"count":1,"href":"https:\/\/institucional.ufrrj.br\/protocolo\/wp-json\/wp\/v2\/pages\/923\/revisions"}],"predecessor-version":[{"id":925,"href":"https:\/\/institucional.ufrrj.br\/protocolo\/wp-json\/wp\/v2\/pages\/923\/revisions\/925"}],"wp:attachment":[{"href":"https:\/\/institucional.ufrrj.br\/protocolo\/wp-json\/wp\/v2\/media?parent=923"}],"curies":[{"name":"wp","href":"https:\/\/api.w.org\/{rel}","templated":true}]}}