{"id":9,"date":"2015-05-27T18:07:22","date_gmt":"2015-05-27T18:07:22","guid":{"rendered":"http:\/\/institucional.ufrrj.br\/protocolo\/?page_id=9"},"modified":"2020-12-08T15:29:15","modified_gmt":"2020-12-08T18:29:15","slug":"competencias","status":"publish","type":"page","link":"https:\/\/institucional.ufrrj.br\/protocolo\/competencias\/","title":{"rendered":"Compet\u00eancias"},"content":{"rendered":"<p>&nbsp;<\/p>\n<p><span style=\"font-weight: 400\">\u00a0&#8211; Planejar as diretrizes relativas aos procedimentos de gest\u00e3o de documentos na UFRRJ;\u00a0<\/span><\/p>\n<p>&nbsp;<\/p>\n<p><span style=\"font-weight: 400\">\u00a0&#8211; Planejar o armazenamento dos documentos transferidos e recolhidos, garantindo sua integridade e seguran\u00e7a, colocando \u00e0 disposi\u00e7\u00e3o da Universidade;\u00a0<\/span><\/p>\n<p>&nbsp;<\/p>\n<p><span style=\"font-weight: 400\">\u00a0&#8211; Fornecer acesso \u00e0s informa\u00e7\u00f5es e promover a divulga\u00e7\u00e3o do acervo sob a sua guarda, nos termos da legisla\u00e7\u00e3o vigente;\u00a0<\/span><\/p>\n<p>&nbsp;<\/p>\n<p><span style=\"font-weight: 400\">\u00a0&#8211; Apoiar projetos de pesquisas e extens\u00e3o;<\/span><\/p>\n<p>&nbsp;<\/p>\n<p><span style=\"font-weight: 400\">\u00a0&#8211; Preservar a mem\u00f3ria da Universidade para servir como refer\u00eancia, informa\u00e7\u00e3o, prova ou fonte de pesquisa hist\u00f3rica ou cient\u00edfica.\u00a0<\/span><\/p>\n<p>&nbsp;<\/p>\n<p><span style=\"font-weight: 400\">\u00a0&#8211; Orientar usu\u00e1rios com rela\u00e7\u00e3o a organiza\u00e7\u00e3o, arquivamento, tratamento, aplica\u00e7\u00e3o do C\u00f3digo de Classifica\u00e7\u00e3o de Documentos;<\/span><\/p>\n<p>&nbsp;<\/p>\n<p>&#8211; Padronizar os procedimentos gerais para o desenvolvimento das atividades de protocolo no \u00e2mbito da UFRRJ;<\/p>\n<p>&nbsp;<\/p>\n<p><span style=\"font-weight: 400\">\u00a0&#8211; Atender aos usu\u00e1rios internos e externos quanto \u00e0 consulta e tramita\u00e7\u00f5es de processos;<\/span><\/p>\n<p>&nbsp;<\/p>\n<p><span style=\"font-weight: 400\">\u00a0&#8211; Realizar a juntada, o desentranhamento, o desmembramento de processos quando solicitado pelas unidades;\u00a0<\/span><\/p>\n<p>&nbsp;<\/p>\n<p><span style=\"font-weight: 400\">\u00a0&#8211; Elaborar manuais e instru\u00e7\u00f5es de servi\u00e7o, de acordo com a legisla\u00e7\u00e3o vigente.<\/span><\/p>\n","protected":false},"excerpt":{"rendered":"<p>&nbsp; \u00a0&#8211; Planejar as diretrizes relativas aos procedimentos de gest\u00e3o de documentos na UFRRJ;\u00a0 &nbsp; \u00a0&#8211; Planejar o armazenamento dos <a class=\"read-more leiamais\" href=\"https:\/\/institucional.ufrrj.br\/protocolo\/competencias\/ \">&#8230; leia mais<\/a><\/p>\n","protected":false},"author":634,"featured_media":0,"parent":0,"menu_order":0,"comment_status":"open","ping_status":"open","template":"","meta":{"footnotes":""},"class_list":["post-9","page","type-page","status-publish","hentry"],"yoast_head":"<!-- This site is optimized with the Yoast SEO plugin v27.2 - https:\/\/yoast.com\/product\/yoast-seo-wordpress\/ -->\n<title>Compet\u00eancias - Se\u00e7\u00e3o de Arquivo e Protocolo Geral<\/title>\n<meta name=\"robots\" content=\"index, follow, max-snippet:-1, max-image-preview:large, max-video-preview:-1\" \/>\n<link rel=\"canonical\" href=\"https:\/\/institucional.ufrrj.br\/protocolo\/competencias\/\" \/>\n<meta property=\"og:locale\" content=\"pt_BR\" \/>\n<meta property=\"og:type\" content=\"article\" \/>\n<meta property=\"og:title\" content=\"Compet\u00eancias - Se\u00e7\u00e3o de Arquivo e Protocolo Geral\" \/>\n<meta property=\"og:description\" content=\"&nbsp; \u00a0&#8211; Planejar as diretrizes relativas aos procedimentos de gest\u00e3o de documentos na UFRRJ;\u00a0 &nbsp; \u00a0&#8211; Planejar o armazenamento dos ... leia mais\" \/>\n<meta property=\"og:url\" content=\"https:\/\/institucional.ufrrj.br\/protocolo\/competencias\/\" \/>\n<meta property=\"og:site_name\" content=\"Se\u00e7\u00e3o de Arquivo e Protocolo Geral\" \/>\n<meta property=\"article:modified_time\" content=\"2020-12-08T18:29:15+00:00\" \/>\n<meta name=\"twitter:card\" content=\"summary_large_image\" \/>\n<meta name=\"twitter:label1\" content=\"Est. tempo de leitura\" \/>\n\t<meta name=\"twitter:data1\" content=\"1 minuto\" \/>\n<script type=\"application\/ld+json\" class=\"yoast-schema-graph\">{\"@context\":\"https:\/\/schema.org\",\"@graph\":[{\"@type\":\"WebPage\",\"@id\":\"https:\/\/institucional.ufrrj.br\/protocolo\/competencias\/\",\"url\":\"https:\/\/institucional.ufrrj.br\/protocolo\/competencias\/\",\"name\":\"Compet\u00eancias - Se\u00e7\u00e3o de Arquivo e Protocolo Geral\",\"isPartOf\":{\"@id\":\"https:\/\/institucional.ufrrj.br\/protocolo\/#website\"},\"datePublished\":\"2015-05-27T18:07:22+00:00\",\"dateModified\":\"2020-12-08T18:29:15+00:00\",\"breadcrumb\":{\"@id\":\"https:\/\/institucional.ufrrj.br\/protocolo\/competencias\/#breadcrumb\"},\"inLanguage\":\"pt-BR\",\"potentialAction\":[{\"@type\":\"ReadAction\",\"target\":[\"https:\/\/institucional.ufrrj.br\/protocolo\/competencias\/\"]}]},{\"@type\":\"BreadcrumbList\",\"@id\":\"https:\/\/institucional.ufrrj.br\/protocolo\/competencias\/#breadcrumb\",\"itemListElement\":[{\"@type\":\"ListItem\",\"position\":1,\"name\":\"In\u00edcio\",\"item\":\"https:\/\/institucional.ufrrj.br\/protocolo\/\"},{\"@type\":\"ListItem\",\"position\":2,\"name\":\"Compet\u00eancias\"}]},{\"@type\":\"WebSite\",\"@id\":\"https:\/\/institucional.ufrrj.br\/protocolo\/#website\",\"url\":\"https:\/\/institucional.ufrrj.br\/protocolo\/\",\"name\":\"Se\u00e7\u00e3o de Arquivo e Protocolo Geral\",\"description\":\"Universidade Ferderal Rural do Rio de Janeiro \u2013 UFRRJ\",\"potentialAction\":[{\"@type\":\"SearchAction\",\"target\":{\"@type\":\"EntryPoint\",\"urlTemplate\":\"https:\/\/institucional.ufrrj.br\/protocolo\/?s={search_term_string}\"},\"query-input\":{\"@type\":\"PropertyValueSpecification\",\"valueRequired\":true,\"valueName\":\"search_term_string\"}}],\"inLanguage\":\"pt-BR\"}]}<\/script>\n<!-- \/ Yoast SEO plugin. -->","yoast_head_json":{"title":"Compet\u00eancias - Se\u00e7\u00e3o de Arquivo e Protocolo Geral","robots":{"index":"index","follow":"follow","max-snippet":"max-snippet:-1","max-image-preview":"max-image-preview:large","max-video-preview":"max-video-preview:-1"},"canonical":"https:\/\/institucional.ufrrj.br\/protocolo\/competencias\/","og_locale":"pt_BR","og_type":"article","og_title":"Compet\u00eancias - Se\u00e7\u00e3o de Arquivo e Protocolo Geral","og_description":"&nbsp; \u00a0&#8211; Planejar as diretrizes relativas aos procedimentos de gest\u00e3o de documentos na UFRRJ;\u00a0 &nbsp; \u00a0&#8211; Planejar o armazenamento dos ... leia mais","og_url":"https:\/\/institucional.ufrrj.br\/protocolo\/competencias\/","og_site_name":"Se\u00e7\u00e3o de Arquivo e Protocolo Geral","article_modified_time":"2020-12-08T18:29:15+00:00","twitter_card":"summary_large_image","twitter_misc":{"Est. tempo de leitura":"1 minuto"},"schema":{"@context":"https:\/\/schema.org","@graph":[{"@type":"WebPage","@id":"https:\/\/institucional.ufrrj.br\/protocolo\/competencias\/","url":"https:\/\/institucional.ufrrj.br\/protocolo\/competencias\/","name":"Compet\u00eancias - Se\u00e7\u00e3o de Arquivo e Protocolo Geral","isPartOf":{"@id":"https:\/\/institucional.ufrrj.br\/protocolo\/#website"},"datePublished":"2015-05-27T18:07:22+00:00","dateModified":"2020-12-08T18:29:15+00:00","breadcrumb":{"@id":"https:\/\/institucional.ufrrj.br\/protocolo\/competencias\/#breadcrumb"},"inLanguage":"pt-BR","potentialAction":[{"@type":"ReadAction","target":["https:\/\/institucional.ufrrj.br\/protocolo\/competencias\/"]}]},{"@type":"BreadcrumbList","@id":"https:\/\/institucional.ufrrj.br\/protocolo\/competencias\/#breadcrumb","itemListElement":[{"@type":"ListItem","position":1,"name":"In\u00edcio","item":"https:\/\/institucional.ufrrj.br\/protocolo\/"},{"@type":"ListItem","position":2,"name":"Compet\u00eancias"}]},{"@type":"WebSite","@id":"https:\/\/institucional.ufrrj.br\/protocolo\/#website","url":"https:\/\/institucional.ufrrj.br\/protocolo\/","name":"Se\u00e7\u00e3o de Arquivo e Protocolo Geral","description":"Universidade Ferderal Rural do Rio de Janeiro \u2013 UFRRJ","potentialAction":[{"@type":"SearchAction","target":{"@type":"EntryPoint","urlTemplate":"https:\/\/institucional.ufrrj.br\/protocolo\/?s={search_term_string}"},"query-input":{"@type":"PropertyValueSpecification","valueRequired":true,"valueName":"search_term_string"}}],"inLanguage":"pt-BR"}]}},"_links":{"self":[{"href":"https:\/\/institucional.ufrrj.br\/protocolo\/wp-json\/wp\/v2\/pages\/9","targetHints":{"allow":["GET"]}}],"collection":[{"href":"https:\/\/institucional.ufrrj.br\/protocolo\/wp-json\/wp\/v2\/pages"}],"about":[{"href":"https:\/\/institucional.ufrrj.br\/protocolo\/wp-json\/wp\/v2\/types\/page"}],"author":[{"embeddable":true,"href":"https:\/\/institucional.ufrrj.br\/protocolo\/wp-json\/wp\/v2\/users\/634"}],"replies":[{"embeddable":true,"href":"https:\/\/institucional.ufrrj.br\/protocolo\/wp-json\/wp\/v2\/comments?post=9"}],"version-history":[{"count":12,"href":"https:\/\/institucional.ufrrj.br\/protocolo\/wp-json\/wp\/v2\/pages\/9\/revisions"}],"predecessor-version":[{"id":1170,"href":"https:\/\/institucional.ufrrj.br\/protocolo\/wp-json\/wp\/v2\/pages\/9\/revisions\/1170"}],"wp:attachment":[{"href":"https:\/\/institucional.ufrrj.br\/protocolo\/wp-json\/wp\/v2\/media?parent=9"}],"curies":[{"name":"wp","href":"https:\/\/api.w.org\/{rel}","templated":true}]}}