{"id":684,"date":"2020-09-21T15:09:24","date_gmt":"2020-09-21T18:09:24","guid":{"rendered":"http:\/\/institucional.ufrrj.br\/protocolo\/?page_id=684"},"modified":"2021-03-23T14:04:52","modified_gmt":"2021-03-23T17:04:52","slug":"formulario-de-solicitacao-de-vistas-de-processos","status":"publish","type":"page","link":"https:\/\/institucional.ufrrj.br\/protocolo\/formulario-de-solicitacao-de-vistas-de-processos\/","title":{"rendered":"Formul\u00e1rio de solicita\u00e7\u00e3o de vistas de processos"},"content":{"rendered":"\n                <div class='gf_browser_gecko gform_wrapper' id='gform_wrapper_1' style='display:none'><form method='post' enctype='multipart\/form-data'  id='gform_1'  action='\/protocolo\/wp-json\/wp\/v2\/pages\/684'>\n                        <div class='gform_body'><ul id='gform_fields_1' class='gform_fields top_label form_sublabel_below description_below'><li id='field_1_7'  class='gfield gsection field_sublabel_below field_description_below gfield_visibility_visible' ><h2 class='gsection_title'>IDENTIFICA\u00c7\u00c3O DO(A) REQUERENTE<\/h2><\/li><li id='field_1_5'  class='gfield gfield_contains_required field_sublabel_below field_description_below gfield_visibility_visible' ><label class='gfield_label'  ><span class='gfield_required'>*<\/span><\/label><div class='ginput_container ginput_container_radio'><ul class='gfield_radio' id='input_1_5'><li class='gchoice_1_5_0'><input name='input_5' type='radio' value='Aluno'  id='choice_1_5_0'    \/><label for='choice_1_5_0' id='label_1_5_0'>Aluno<\/label><\/li><li class='gchoice_1_5_1'><input name='input_5' type='radio' value='Aposentado'  id='choice_1_5_1'    \/><label for='choice_1_5_1' id='label_1_5_1'>Aposentado<\/label><\/li><li class='gchoice_1_5_2'><input name='input_5' type='radio' value='Pensionista'  id='choice_1_5_2'    \/><label for='choice_1_5_2' id='label_1_5_2'>Pensionista<\/label><\/li><li class='gchoice_1_5_3'><input name='input_5' type='radio' value='Servidor ativo da UFRRJ'  id='choice_1_5_3'    \/><label for='choice_1_5_3' id='label_1_5_3'>Servidor ativo da UFRRJ<\/label><\/li><li class='gchoice_1_5_4'><input name='input_5' type='radio' value='Outro'  id='choice_1_5_4'    \/><label for='choice_1_5_4' id='label_1_5_4'>Outro<\/label><\/li><\/ul><\/div><\/li><li id='field_1_6'  class='gfield field_sublabel_below field_description_below gfield_visibility_visible' ><label class='gfield_label' for='input_1_6' >Defina Outro<\/label><div class='ginput_container ginput_container_text'><input name='input_6' id='input_1_6' type='text' value='' class='medium'      aria-invalid=\"false\" \/><\/div><\/li><li id='field_1_8'  class='gfield gsection field_sublabel_below field_description_below gfield_visibility_visible' ><h2 class='gsection_title'>DADOS DO(A) REQUERENTE<\/h2><\/li><li id='field_1_34'  class='gfield gfield_contains_required field_sublabel_below field_description_below gfield_visibility_visible' ><label class='gfield_label' for='input_1_34' >Nome<span class='gfield_required'>*<\/span><\/label><div class='ginput_container ginput_container_text'><input name='input_34' id='input_1_34' type='text' value='' class='medium'     aria-required=\"true\" aria-invalid=\"false\" \/><\/div><\/li><li id='field_1_11'  class='gfield gfield_contains_required field_sublabel_below field_description_below gfield_visibility_visible' ><label class='gfield_label' for='input_1_11' >Documento de identifica\u00e7\u00e3o (somente n\u00fameros)<span class='gfield_required'>*<\/span><\/label><div class='ginput_container ginput_container_number'><input name='input_11' id='input_1_11' type='text'    value='' class='medium'     aria-required=\"true\" aria-invalid=\"false\" \/><\/div><\/li><li id='field_1_16'  class='gfield field_sublabel_below field_description_below gfield_visibility_visible' ><label class='gfield_label' for='input_1_16' >Telefone de contato<\/label><div class='ginput_container ginput_container_text'><input name='input_16' id='input_1_16' type='text' value='' class='medium'      aria-invalid=\"false\" \/><\/div><\/li><li id='field_1_33'  class='gfield gfield_contains_required field_sublabel_below field_description_below gfield_visibility_visible' ><label class='gfield_label' for='input_1_33' >E-mail<span class='gfield_required'>*<\/span><\/label><div class='ginput_container ginput_container_email'>\n                            <input name='input_33' id='input_1_33' type='text' value='' class='medium'    aria-required=\"true\" aria-invalid=\"false\" \/>\n                        <\/div><\/li><li id='field_1_32'  class='gfield gsection field_sublabel_below field_description_below gfield_visibility_visible' ><h2 class='gsection_title'>DADOS DO(S) PROCESSO(S) SOLICITADO(S)<\/h2><\/li><li id='field_1_10'  class='gfield gfield_contains_required field_sublabel_below field_description_below gfield_visibility_visible' ><label class='gfield_label' for='input_1_10' >N\u00famero(s) do(s) processo(s)<span class='gfield_required'>*<\/span><\/label><div class='ginput_container ginput_container_text'><input name='input_10' id='input_1_10' type='text' value='' class='medium'     aria-required=\"true\" aria-invalid=\"false\" \/><\/div><\/li><li id='field_1_37'  class='gfield gsection field_sublabel_below field_description_below gfield_visibility_visible' ><h2 class='gsection_title'>DADOS DO TERCEIRO<\/h2><\/li><li id='field_1_35'  class='gfield field_sublabel_below field_description_below gfield_visibility_visible' ><label class='gfield_label' for='input_1_35' >Nome**<\/label><div class='ginput_container ginput_container_text'><input name='input_35' id='input_1_35' type='text' value='' class='medium'      aria-invalid=\"false\" \/><\/div><\/li><li id='field_1_36'  class='gfield field_sublabel_below field_description_below gfield_visibility_visible' ><label class='gfield_label' for='input_1_36' >Documento de identifica\u00e7\u00e3o do terceiro**<\/label><div class='ginput_container ginput_container_text'><input name='input_36' id='input_1_36' type='text' value='' class='medium'      aria-invalid=\"false\" \/><\/div><\/li><li id='field_1_21'  class='gfield gsection field_sublabel_below field_description_below gfield_visibility_visible' ><h2 class='gsection_title'>UPLOAD DE ARQUIVO<\/h2><\/li><li id='field_1_22'  class='gfield field_sublabel_below field_description_below gfield_visibility_visible' ><label class='gfield_label' for='input_1_22' >Arquivo<\/label><div class='ginput_container ginput_container_fileupload'><input type='hidden' name='MAX_FILE_SIZE' value='26214400' \/><input name='input_22' id='input_1_22' type='file' class='medium' aria-describedby='validation_message_1_22 live_validation_message_1_22 extensions_message_1_22' onchange='javascript:gformValidateFileSize( this, 26214400 );'  \/><span id='extensions_message_1_22' class='screen-reader-text'>Tipos de arquivos permitidos: pdf<\/span><div class='validation_message' id='live_validation_message_1_22'><\/div><\/div><div class='gfield_description' id='gfield_description_1_22'>Todos os documentos dever\u00e3o ser digitalizados em um \u00fanico arquivo em formato .pdf.<\/div><\/li><li id='field_1_27'  class='gfield gsection field_sublabel_below field_description_below gfield_visibility_visible' ><h2 class='gsection_title'>Observa\u00e7\u00f5es<\/h2><\/li><li id='field_1_26'  class='gfield gfield_html gfield_html_formatted gfield_no_follows_desc field_sublabel_below field_description_below gfield_visibility_visible' ><p>*Campos de preenchimento obrigat\u00f3rio.<\/p>\n<p>** Campos a serem preenchidos apenas nos casos em que um terceiro ir\u00e1 consultar o(s) processo(s) solicitado(s).<\/p>\n<p>Observa\u00e7\u00f5es<\/p>\n\n<p>(1) O pedido para vistas de processo somente poder\u00e1 ser feito pelo interessado do processo.<\/p>\n<p>(2)A consulta ao processo ocorrer\u00e1 apenas de forma presencial, nas depend\u00eancias da unidade respons\u00e1vel, mediante apresenta\u00e7\u00e3o de documento de identifica\u00e7\u00e3o de quem ir\u00e1 realizar a consulta.<\/p>\n<p>(3) Para o pedido de vistas de processo, \u00e9 obrigat\u00f3rio anexar o documento de identifica\u00e7\u00e3o do requerente interessado do processo.<\/p>\n<p>(4) Os casos em que a consulta no local seja feita por pessoa diferente do requerente interessado do processo, isto \u00e9, por um terceiro, \u00e9 obrigat\u00f3rio anexar:<p>\n- documento de identifica\u00e7\u00e3o do requerente interessado do processo que contenha assinatura;<\/p>\n<p>- procura\u00e7\u00e3o ou declara\u00e7\u00e3o de pr\u00f3prio punho assinada pelo requerente, conforme modelo disponibilizado no link <a href=\"https:\/\/institucional.ufrrj.br\/protocolo\/files\/2015\/10\/Modelo-de-declara\u00e7\u00e3o-de-autoriza\u00e7\u00e3o-de-consulta-a-processo-por-terceiro.pdf\" target=\"_blank\" rel=\"noopener\">https:\/\/institucional.ufrrj.br\/protocolo\/files\/2015\/10\/Modelo-de-declara\u00e7\u00e3o-de-autoriza\u00e7\u00e3o-de-consulta-a-processo-por-terceiro.pdf<\/a>, concedendo ao terceiro autoriza\u00e7\u00e3o para tal fim;<\/p>\n<\/p>\n<p>(5) Todos os documentos dever\u00e3o ser digitalizados em um \u00fanico arquivo em formato .pdf. <\/p>\n<p>(6) O atendimento da solicita\u00e7\u00e3o ocorrer\u00e1 em at\u00e9 20 dias, contados a partir do recebimento do formul\u00e1rio.<\/p>\n<p>(7) Caso seja necess\u00e1rio solicitar c\u00f3pia do processo, o pedido ser\u00e1 realizado no momento de sua consulta na unidade. As c\u00f3pias poder\u00e3o ser disponibilizadas por meio de fotos, a serem tiradas pelo pr\u00f3prio requerente, ou por fotoc\u00f3pias (xerox). No \u00faltimo caso, o prazo da se\u00e7\u00e3o para providenciar a retirada de c\u00f3pias impressas \u00e9 de at\u00e9 10 dias \u00fateis contados a partir da solicita\u00e7\u00e3o.<\/p><\/li>\n                            <\/ul><\/div>\n        <div class='gform_footer top_label'> <input type='submit' id='gform_submit_button_1' class='gform_button button' value='Enviar'  onclick='if(window[\"gf_submitting_1\"]){return false;}  window[\"gf_submitting_1\"]=true;  ' onkeypress='if( event.keyCode == 13 ){ if(window[\"gf_submitting_1\"]){return false;} window[\"gf_submitting_1\"]=true;  jQuery(\"#gform_1\").trigger(\"submit\",[true]); }' \/> \n            <input type='hidden' class='gform_hidden' name='is_submit_1' value='1' \/>\n            <input type='hidden' class='gform_hidden' name='gform_submit' value='1' \/>\n            \n            <input type='hidden' class='gform_hidden' name='gform_unique_id' value='' \/>\n            <input type='hidden' class='gform_hidden' name='state_1' value='WyJbXSIsIjczYTU4ZTRjYmFlZGYzYTE1NzI1MWIxZjZjODYzNjFlIl0=' \/>\n            <input type='hidden' class='gform_hidden' name='gform_target_page_number_1' id='gform_target_page_number_1' value='0' \/>\n            <input type='hidden' class='gform_hidden' name='gform_source_page_number_1' id='gform_source_page_number_1' value='1' \/>\n            <input type='hidden' name='gform_field_values' value='' \/>\n            \n        <\/div>\n                        <\/form>\n                        <\/div><script type='text\/javascript'> jQuery(document).bind('gform_post_render', function(event, formId, currentPage){if(formId == 1) {gf_global[\"number_formats\"][1] = {\"7\":{\"price\":false,\"value\":false},\"5\":{\"price\":false,\"value\":false},\"6\":{\"price\":false,\"value\":false},\"8\":{\"price\":false,\"value\":false},\"34\":{\"price\":false,\"value\":false},\"11\":{\"price\":false,\"value\":\"decimal_dot\"},\"16\":{\"price\":false,\"value\":false},\"33\":{\"price\":false,\"value\":false},\"32\":{\"price\":false,\"value\":false},\"10\":{\"price\":false,\"value\":false},\"37\":{\"price\":false,\"value\":false},\"35\":{\"price\":false,\"value\":false},\"36\":{\"price\":false,\"value\":false},\"21\":{\"price\":false,\"value\":false},\"22\":{\"price\":false,\"value\":false},\"27\":{\"price\":false,\"value\":false},\"26\":{\"price\":false,\"value\":false}};if(window['jQuery']){if(!window['gf_form_conditional_logic'])window['gf_form_conditional_logic'] = new Array();window['gf_form_conditional_logic'][1] = { logic: { 6: {\"field\":{\"actionType\":\"show\",\"logicType\":\"all\",\"rules\":[{\"fieldId\":\"5\",\"operator\":\"is\",\"value\":\"Outro\"}]},\"nextButton\":null,\"section\":\"\"} }, dependents: { 6: [6] }, animation: 0, defaults: [], fields: {\"7\":[],\"5\":[6],\"6\":[],\"8\":[],\"34\":[],\"11\":[],\"16\":[],\"33\":[],\"32\":[],\"10\":[],\"37\":[],\"35\":[],\"36\":[],\"21\":[],\"22\":[],\"27\":[],\"26\":[]} }; if(!window['gf_number_format'])window['gf_number_format'] = 'decimal_comma';jQuery(document).ready(function(){gf_apply_rules(1, [6], true);jQuery('#gform_wrapper_1').show();jQuery(document).trigger('gform_post_conditional_logic', [1, null, true]);} );} } } );jQuery(document).bind('gform_post_conditional_logic', function(event, formId, fields, isInit){} );<\/script><script type='text\/javascript'> jQuery(document).ready(function(){jQuery(document).trigger('gform_post_render', [1, 1]) } ); <\/script>\n","protected":false},"excerpt":{"rendered":"","protected":false},"author":634,"featured_media":0,"parent":0,"menu_order":0,"comment_status":"closed","ping_status":"closed","template":"","meta":{"footnotes":""},"class_list":["post-684","page","type-page","status-publish","hentry"],"yoast_head":"<!-- This site is optimized with the Yoast SEO plugin v27.2 - https:\/\/yoast.com\/product\/yoast-seo-wordpress\/ -->\n<title>Formul\u00e1rio de solicita\u00e7\u00e3o de vistas de processos - Se\u00e7\u00e3o de Arquivo e Protocolo Geral<\/title>\n<meta name=\"robots\" content=\"index, follow, max-snippet:-1, max-image-preview:large, max-video-preview:-1\" \/>\n<link rel=\"canonical\" href=\"https:\/\/institucional.ufrrj.br\/protocolo\/formulario-de-solicitacao-de-vistas-de-processos\/\" \/>\n<meta property=\"og:locale\" content=\"pt_BR\" \/>\n<meta property=\"og:type\" content=\"article\" \/>\n<meta property=\"og:title\" content=\"Formul\u00e1rio de solicita\u00e7\u00e3o de vistas de processos - Se\u00e7\u00e3o de Arquivo e Protocolo Geral\" \/>\n<meta property=\"og:url\" content=\"https:\/\/institucional.ufrrj.br\/protocolo\/formulario-de-solicitacao-de-vistas-de-processos\/\" \/>\n<meta property=\"og:site_name\" content=\"Se\u00e7\u00e3o de Arquivo e Protocolo Geral\" \/>\n<meta property=\"article:modified_time\" content=\"2021-03-23T17:04:52+00:00\" \/>\n<meta name=\"twitter:card\" content=\"summary_large_image\" \/>\n<script type=\"application\/ld+json\" class=\"yoast-schema-graph\">{\"@context\":\"https:\/\/schema.org\",\"@graph\":[{\"@type\":\"WebPage\",\"@id\":\"https:\/\/institucional.ufrrj.br\/protocolo\/formulario-de-solicitacao-de-vistas-de-processos\/\",\"url\":\"https:\/\/institucional.ufrrj.br\/protocolo\/formulario-de-solicitacao-de-vistas-de-processos\/\",\"name\":\"Formul\u00e1rio de solicita\u00e7\u00e3o de vistas de processos - Se\u00e7\u00e3o de Arquivo e Protocolo Geral\",\"isPartOf\":{\"@id\":\"https:\/\/institucional.ufrrj.br\/protocolo\/#website\"},\"datePublished\":\"2020-09-21T18:09:24+00:00\",\"dateModified\":\"2021-03-23T17:04:52+00:00\",\"breadcrumb\":{\"@id\":\"https:\/\/institucional.ufrrj.br\/protocolo\/formulario-de-solicitacao-de-vistas-de-processos\/#breadcrumb\"},\"inLanguage\":\"pt-BR\",\"potentialAction\":[{\"@type\":\"ReadAction\",\"target\":[\"https:\/\/institucional.ufrrj.br\/protocolo\/formulario-de-solicitacao-de-vistas-de-processos\/\"]}]},{\"@type\":\"BreadcrumbList\",\"@id\":\"https:\/\/institucional.ufrrj.br\/protocolo\/formulario-de-solicitacao-de-vistas-de-processos\/#breadcrumb\",\"itemListElement\":[{\"@type\":\"ListItem\",\"position\":1,\"name\":\"In\u00edcio\",\"item\":\"https:\/\/institucional.ufrrj.br\/protocolo\/\"},{\"@type\":\"ListItem\",\"position\":2,\"name\":\"Formul\u00e1rio de solicita\u00e7\u00e3o de vistas de processos\"}]},{\"@type\":\"WebSite\",\"@id\":\"https:\/\/institucional.ufrrj.br\/protocolo\/#website\",\"url\":\"https:\/\/institucional.ufrrj.br\/protocolo\/\",\"name\":\"Se\u00e7\u00e3o de Arquivo e Protocolo Geral\",\"description\":\"Universidade Ferderal Rural do Rio de Janeiro \u2013 UFRRJ\",\"potentialAction\":[{\"@type\":\"SearchAction\",\"target\":{\"@type\":\"EntryPoint\",\"urlTemplate\":\"https:\/\/institucional.ufrrj.br\/protocolo\/?s={search_term_string}\"},\"query-input\":{\"@type\":\"PropertyValueSpecification\",\"valueRequired\":true,\"valueName\":\"search_term_string\"}}],\"inLanguage\":\"pt-BR\"}]}<\/script>\n<!-- \/ Yoast SEO plugin. -->","yoast_head_json":{"title":"Formul\u00e1rio de solicita\u00e7\u00e3o de vistas de processos - Se\u00e7\u00e3o de Arquivo e Protocolo Geral","robots":{"index":"index","follow":"follow","max-snippet":"max-snippet:-1","max-image-preview":"max-image-preview:large","max-video-preview":"max-video-preview:-1"},"canonical":"https:\/\/institucional.ufrrj.br\/protocolo\/formulario-de-solicitacao-de-vistas-de-processos\/","og_locale":"pt_BR","og_type":"article","og_title":"Formul\u00e1rio de solicita\u00e7\u00e3o de vistas de processos - Se\u00e7\u00e3o de Arquivo e Protocolo Geral","og_url":"https:\/\/institucional.ufrrj.br\/protocolo\/formulario-de-solicitacao-de-vistas-de-processos\/","og_site_name":"Se\u00e7\u00e3o de Arquivo e Protocolo Geral","article_modified_time":"2021-03-23T17:04:52+00:00","twitter_card":"summary_large_image","schema":{"@context":"https:\/\/schema.org","@graph":[{"@type":"WebPage","@id":"https:\/\/institucional.ufrrj.br\/protocolo\/formulario-de-solicitacao-de-vistas-de-processos\/","url":"https:\/\/institucional.ufrrj.br\/protocolo\/formulario-de-solicitacao-de-vistas-de-processos\/","name":"Formul\u00e1rio de solicita\u00e7\u00e3o de vistas de processos - Se\u00e7\u00e3o de Arquivo e Protocolo Geral","isPartOf":{"@id":"https:\/\/institucional.ufrrj.br\/protocolo\/#website"},"datePublished":"2020-09-21T18:09:24+00:00","dateModified":"2021-03-23T17:04:52+00:00","breadcrumb":{"@id":"https:\/\/institucional.ufrrj.br\/protocolo\/formulario-de-solicitacao-de-vistas-de-processos\/#breadcrumb"},"inLanguage":"pt-BR","potentialAction":[{"@type":"ReadAction","target":["https:\/\/institucional.ufrrj.br\/protocolo\/formulario-de-solicitacao-de-vistas-de-processos\/"]}]},{"@type":"BreadcrumbList","@id":"https:\/\/institucional.ufrrj.br\/protocolo\/formulario-de-solicitacao-de-vistas-de-processos\/#breadcrumb","itemListElement":[{"@type":"ListItem","position":1,"name":"In\u00edcio","item":"https:\/\/institucional.ufrrj.br\/protocolo\/"},{"@type":"ListItem","position":2,"name":"Formul\u00e1rio de solicita\u00e7\u00e3o de vistas de processos"}]},{"@type":"WebSite","@id":"https:\/\/institucional.ufrrj.br\/protocolo\/#website","url":"https:\/\/institucional.ufrrj.br\/protocolo\/","name":"Se\u00e7\u00e3o de Arquivo e Protocolo Geral","description":"Universidade Ferderal Rural do Rio de Janeiro \u2013 UFRRJ","potentialAction":[{"@type":"SearchAction","target":{"@type":"EntryPoint","urlTemplate":"https:\/\/institucional.ufrrj.br\/protocolo\/?s={search_term_string}"},"query-input":{"@type":"PropertyValueSpecification","valueRequired":true,"valueName":"search_term_string"}}],"inLanguage":"pt-BR"}]}},"_links":{"self":[{"href":"https:\/\/institucional.ufrrj.br\/protocolo\/wp-json\/wp\/v2\/pages\/684","targetHints":{"allow":["GET"]}}],"collection":[{"href":"https:\/\/institucional.ufrrj.br\/protocolo\/wp-json\/wp\/v2\/pages"}],"about":[{"href":"https:\/\/institucional.ufrrj.br\/protocolo\/wp-json\/wp\/v2\/types\/page"}],"author":[{"embeddable":true,"href":"https:\/\/institucional.ufrrj.br\/protocolo\/wp-json\/wp\/v2\/users\/634"}],"replies":[{"embeddable":true,"href":"https:\/\/institucional.ufrrj.br\/protocolo\/wp-json\/wp\/v2\/comments?post=684"}],"version-history":[{"count":4,"href":"https:\/\/institucional.ufrrj.br\/protocolo\/wp-json\/wp\/v2\/pages\/684\/revisions"}],"predecessor-version":[{"id":1348,"href":"https:\/\/institucional.ufrrj.br\/protocolo\/wp-json\/wp\/v2\/pages\/684\/revisions\/1348"}],"wp:attachment":[{"href":"https:\/\/institucional.ufrrj.br\/protocolo\/wp-json\/wp\/v2\/media?parent=684"}],"curies":[{"name":"wp","href":"https:\/\/api.w.org\/{rel}","templated":true}]}}