{"id":486,"date":"2020-08-11T14:05:31","date_gmt":"2020-08-11T17:05:31","guid":{"rendered":"http:\/\/institucional.ufrrj.br\/protocolo\/?page_id=486"},"modified":"2020-12-15T17:55:38","modified_gmt":"2020-12-15T20:55:38","slug":"publicacoes-conarq","status":"publish","type":"page","link":"https:\/\/institucional.ufrrj.br\/protocolo\/publicacoes-conarq\/","title":{"rendered":"Publica\u00e7\u00f5es CONARQ"},"content":{"rendered":"<p>&nbsp;<\/p>\n<p>O CONARQ \u00e9 um \u00f3rg\u00e3o colegiado, vinculado ao Arquivo Nacional, que tem por objetivo definir a pol\u00edtica nacional de arquivos p\u00fablicos e privados e exercer orienta\u00e7\u00e3o normativa visando \u00e0 gest\u00e3o de documentos e \u00e0 prote\u00e7\u00e3o especial aos documentos de arquivos. Criado pela Lei n\u00ba 8.159\/1991 e regulamentado pelo Decreto n\u00ba 4.073\/ 2002, apresenta uma s\u00e9rie de publica\u00e7\u00f5es relacionadas a assuntos pertinentes a sua miss\u00e3o e que podem ser acessados por meio do link abaixo:<\/p>\n<p>&nbsp;<\/p>\n<p><span style=\"color: #0000ff\"><a style=\"color: #0000ff\" href=\"https:\/\/www.gov.br\/conarq\/pt-br\/centrais-de-conteudo\/publicacoes\/publicacoes-tecnicas\">Publica\u00e7\u00f5es CONARQ<\/a><\/span><\/p>\n","protected":false},"excerpt":{"rendered":"<p>&nbsp; O CONARQ \u00e9 um \u00f3rg\u00e3o colegiado, vinculado ao Arquivo Nacional, que tem por objetivo definir a pol\u00edtica nacional de <a class=\"read-more leiamais\" href=\"https:\/\/institucional.ufrrj.br\/protocolo\/publicacoes-conarq\/ \">&#8230; leia mais<\/a><\/p>\n","protected":false},"author":634,"featured_media":0,"parent":0,"menu_order":0,"comment_status":"closed","ping_status":"closed","template":"","meta":{"footnotes":""},"class_list":["post-486","page","type-page","status-publish","hentry"],"yoast_head":"<!-- This site is optimized with the Yoast SEO plugin v27.2 - https:\/\/yoast.com\/product\/yoast-seo-wordpress\/ -->\n<title>Publica\u00e7\u00f5es CONARQ - Se\u00e7\u00e3o de Arquivo e Protocolo Geral<\/title>\n<meta name=\"robots\" content=\"index, follow, max-snippet:-1, max-image-preview:large, max-video-preview:-1\" \/>\n<link rel=\"canonical\" href=\"https:\/\/institucional.ufrrj.br\/protocolo\/publicacoes-conarq\/\" \/>\n<meta property=\"og:locale\" content=\"pt_BR\" \/>\n<meta property=\"og:type\" content=\"article\" \/>\n<meta property=\"og:title\" content=\"Publica\u00e7\u00f5es CONARQ - Se\u00e7\u00e3o de Arquivo e Protocolo Geral\" \/>\n<meta property=\"og:description\" content=\"&nbsp; O CONARQ \u00e9 um \u00f3rg\u00e3o colegiado, vinculado ao Arquivo Nacional, que tem por objetivo definir a pol\u00edtica nacional de ... leia mais\" \/>\n<meta property=\"og:url\" content=\"https:\/\/institucional.ufrrj.br\/protocolo\/publicacoes-conarq\/\" \/>\n<meta property=\"og:site_name\" content=\"Se\u00e7\u00e3o de Arquivo e Protocolo Geral\" \/>\n<meta property=\"article:modified_time\" content=\"2020-12-15T20:55:38+00:00\" \/>\n<meta name=\"twitter:card\" content=\"summary_large_image\" \/>\n<script type=\"application\/ld+json\" class=\"yoast-schema-graph\">{\"@context\":\"https:\/\/schema.org\",\"@graph\":[{\"@type\":\"WebPage\",\"@id\":\"https:\/\/institucional.ufrrj.br\/protocolo\/publicacoes-conarq\/\",\"url\":\"https:\/\/institucional.ufrrj.br\/protocolo\/publicacoes-conarq\/\",\"name\":\"Publica\u00e7\u00f5es CONARQ - Se\u00e7\u00e3o de Arquivo e Protocolo Geral\",\"isPartOf\":{\"@id\":\"https:\/\/institucional.ufrrj.br\/protocolo\/#website\"},\"datePublished\":\"2020-08-11T17:05:31+00:00\",\"dateModified\":\"2020-12-15T20:55:38+00:00\",\"breadcrumb\":{\"@id\":\"https:\/\/institucional.ufrrj.br\/protocolo\/publicacoes-conarq\/#breadcrumb\"},\"inLanguage\":\"pt-BR\",\"potentialAction\":[{\"@type\":\"ReadAction\",\"target\":[\"https:\/\/institucional.ufrrj.br\/protocolo\/publicacoes-conarq\/\"]}]},{\"@type\":\"BreadcrumbList\",\"@id\":\"https:\/\/institucional.ufrrj.br\/protocolo\/publicacoes-conarq\/#breadcrumb\",\"itemListElement\":[{\"@type\":\"ListItem\",\"position\":1,\"name\":\"In\u00edcio\",\"item\":\"https:\/\/institucional.ufrrj.br\/protocolo\/\"},{\"@type\":\"ListItem\",\"position\":2,\"name\":\"Publica\u00e7\u00f5es CONARQ\"}]},{\"@type\":\"WebSite\",\"@id\":\"https:\/\/institucional.ufrrj.br\/protocolo\/#website\",\"url\":\"https:\/\/institucional.ufrrj.br\/protocolo\/\",\"name\":\"Se\u00e7\u00e3o de Arquivo e Protocolo Geral\",\"description\":\"Universidade Ferderal Rural do Rio de Janeiro \u2013 UFRRJ\",\"potentialAction\":[{\"@type\":\"SearchAction\",\"target\":{\"@type\":\"EntryPoint\",\"urlTemplate\":\"https:\/\/institucional.ufrrj.br\/protocolo\/?s={search_term_string}\"},\"query-input\":{\"@type\":\"PropertyValueSpecification\",\"valueRequired\":true,\"valueName\":\"search_term_string\"}}],\"inLanguage\":\"pt-BR\"}]}<\/script>\n<!-- \/ Yoast SEO plugin. -->","yoast_head_json":{"title":"Publica\u00e7\u00f5es CONARQ - Se\u00e7\u00e3o de Arquivo e Protocolo Geral","robots":{"index":"index","follow":"follow","max-snippet":"max-snippet:-1","max-image-preview":"max-image-preview:large","max-video-preview":"max-video-preview:-1"},"canonical":"https:\/\/institucional.ufrrj.br\/protocolo\/publicacoes-conarq\/","og_locale":"pt_BR","og_type":"article","og_title":"Publica\u00e7\u00f5es CONARQ - Se\u00e7\u00e3o de Arquivo e Protocolo Geral","og_description":"&nbsp; O CONARQ \u00e9 um \u00f3rg\u00e3o colegiado, vinculado ao Arquivo Nacional, que tem por objetivo definir a pol\u00edtica nacional de ... leia mais","og_url":"https:\/\/institucional.ufrrj.br\/protocolo\/publicacoes-conarq\/","og_site_name":"Se\u00e7\u00e3o de Arquivo e Protocolo Geral","article_modified_time":"2020-12-15T20:55:38+00:00","twitter_card":"summary_large_image","schema":{"@context":"https:\/\/schema.org","@graph":[{"@type":"WebPage","@id":"https:\/\/institucional.ufrrj.br\/protocolo\/publicacoes-conarq\/","url":"https:\/\/institucional.ufrrj.br\/protocolo\/publicacoes-conarq\/","name":"Publica\u00e7\u00f5es CONARQ - Se\u00e7\u00e3o de Arquivo e Protocolo Geral","isPartOf":{"@id":"https:\/\/institucional.ufrrj.br\/protocolo\/#website"},"datePublished":"2020-08-11T17:05:31+00:00","dateModified":"2020-12-15T20:55:38+00:00","breadcrumb":{"@id":"https:\/\/institucional.ufrrj.br\/protocolo\/publicacoes-conarq\/#breadcrumb"},"inLanguage":"pt-BR","potentialAction":[{"@type":"ReadAction","target":["https:\/\/institucional.ufrrj.br\/protocolo\/publicacoes-conarq\/"]}]},{"@type":"BreadcrumbList","@id":"https:\/\/institucional.ufrrj.br\/protocolo\/publicacoes-conarq\/#breadcrumb","itemListElement":[{"@type":"ListItem","position":1,"name":"In\u00edcio","item":"https:\/\/institucional.ufrrj.br\/protocolo\/"},{"@type":"ListItem","position":2,"name":"Publica\u00e7\u00f5es CONARQ"}]},{"@type":"WebSite","@id":"https:\/\/institucional.ufrrj.br\/protocolo\/#website","url":"https:\/\/institucional.ufrrj.br\/protocolo\/","name":"Se\u00e7\u00e3o de Arquivo e Protocolo Geral","description":"Universidade Ferderal Rural do Rio de Janeiro \u2013 UFRRJ","potentialAction":[{"@type":"SearchAction","target":{"@type":"EntryPoint","urlTemplate":"https:\/\/institucional.ufrrj.br\/protocolo\/?s={search_term_string}"},"query-input":{"@type":"PropertyValueSpecification","valueRequired":true,"valueName":"search_term_string"}}],"inLanguage":"pt-BR"}]}},"_links":{"self":[{"href":"https:\/\/institucional.ufrrj.br\/protocolo\/wp-json\/wp\/v2\/pages\/486","targetHints":{"allow":["GET"]}}],"collection":[{"href":"https:\/\/institucional.ufrrj.br\/protocolo\/wp-json\/wp\/v2\/pages"}],"about":[{"href":"https:\/\/institucional.ufrrj.br\/protocolo\/wp-json\/wp\/v2\/types\/page"}],"author":[{"embeddable":true,"href":"https:\/\/institucional.ufrrj.br\/protocolo\/wp-json\/wp\/v2\/users\/634"}],"replies":[{"embeddable":true,"href":"https:\/\/institucional.ufrrj.br\/protocolo\/wp-json\/wp\/v2\/comments?post=486"}],"version-history":[{"count":9,"href":"https:\/\/institucional.ufrrj.br\/protocolo\/wp-json\/wp\/v2\/pages\/486\/revisions"}],"predecessor-version":[{"id":1246,"href":"https:\/\/institucional.ufrrj.br\/protocolo\/wp-json\/wp\/v2\/pages\/486\/revisions\/1246"}],"wp:attachment":[{"href":"https:\/\/institucional.ufrrj.br\/protocolo\/wp-json\/wp\/v2\/media?parent=486"}],"curies":[{"name":"wp","href":"https:\/\/api.w.org\/{rel}","templated":true}]}}