{"id":484,"date":"2020-08-11T14:04:49","date_gmt":"2020-08-11T17:04:49","guid":{"rendered":"http:\/\/institucional.ufrrj.br\/protocolo\/?page_id=484"},"modified":"2024-09-26T10:30:10","modified_gmt":"2024-09-26T13:30:10","slug":"codigo-de-classificacao-e-tabela-de-temporalidade","status":"publish","type":"page","link":"https:\/\/institucional.ufrrj.br\/protocolo\/codigo-de-classificacao-e-tabela-de-temporalidade\/","title":{"rendered":"C\u00f3digo de Classifica\u00e7\u00e3o e Tabela de Temporalidade"},"content":{"rendered":"<p>&nbsp;<\/p>\n<p>&nbsp;<\/p>\n<p>Os\u00a0<span style=\"color: #3366ff\"><a style=\"color: #3366ff\" href=\"http:\/\/arquivos.uff.br\/glossario-de-terminologia-arquivistica\/\" target=\"_blank\" rel=\"noopener noreferrer\">C\u00f3digos de classifica\u00e7\u00e3o e Tabelas de Temporalidade e Destina\u00e7\u00e3o de Documentos<\/a><\/span> usados pela Universidade Federal Rural do Rio de Janeiro\u00a0 foram aprovados pelo Conselho Nacional de Arquivos (<strong>CONARQ)<\/strong>,<span style=\"color: #3366ff\"> <a style=\"color: #3366ff\" href=\"http:\/\/pesquisa.in.gov.br\/imprensa\/jsp\/visualiza\/index.jsp?jornal=1&amp;pagina=2&amp;data=08\/02\/2002\" target=\"_blank\" rel=\"noopener noreferrer\">Resolu\u00e7\u00e3o\u00a0 n\u00ba14 de 24 de outubro de 2001<\/a><\/span>, Portarias do Arquivo Nacional<span style=\"color: #3366ff\"><a style=\"color: #3366ff\" href=\"http:\/\/www.in.gov.br\/web\/dou\/-\/portaria-n-47-de-14-de-fevereiro-de-2020-244298005\">\u00a0n\u00ba47 de 14 de fevereiro de 2020<\/a>\u00a0,\u00a0<\/span><a href=\"http:\/\/pesquisa.in.gov.br\/imprensa\/jsp\/visualiza\/index.jsp?jornal=1&amp;pagina=26&amp;data=26\/09\/2011\" target=\"_blank\" rel=\"noopener noreferrer\"><span style=\"color: #3366ff\">no 92, de 23 de setembro<\/span> <span style=\"color: #3366ff\">de 2011<\/span><\/a>\u00a0e do Minist\u00e9rio da Educa\u00e7\u00e3o (<strong>MEC<\/strong>)\u00a0<span style=\"color: #3366ff\"><a style=\"color: #3366ff\" href=\"http:\/\/pesquisa.in.gov.br\/imprensa\/jsp\/visualiza\/index.jsp?jornal=1&amp;pagina=11&amp;data=24\/12\/2013\" target=\"_blank\" rel=\"noopener noreferrer\">Portaria n\u00ba 1.261, de 23 de dezembro de 2013<\/a><\/span>\u00a0que determina o uso obrigat\u00f3rio nas IFES\u00a0 do C\u00f3digo de Classifica\u00e7\u00e3o e a Tabela de Temporalidade e Destina\u00e7\u00e3o de Documentos de Arquivo relativos \u00e0s Atividades-Fim das Institui\u00e7\u00f5es Federais de Ensino Superior \u2013 IFES.<\/p>\n<p>&nbsp;<\/p>\n<p><a href=\"https:\/\/www.gov.br\/arquivonacional\/pt-br\/servicos\/gestao-de-documentos\/orientacao-tecnica-1\/codigo-de-classificacao-e-tabela-de-temporalidade-e-destinacao-de-documentos-de-arquivo\/cod_classif_tab_temp_ativ_meio_atualizacao_2024.pdf\" target=\"_blank\" rel=\"noopener\">Classifica\u00e7\u00e3o, temporalidade e destina\u00e7\u00e3o de documentos de arquivos relativo \u00e0s atividades-meio da Administra\u00e7\u00e3o P\u00fablica Federal-2024\u00a0<\/a><\/p>\n<p><span style=\"color: #3366ff\"><a style=\"color: #3366ff\" href=\"https:\/\/institucional.ufrrj.br\/protocolo\/files\/2020\/12\/Portaria_47_CCD_TTD_poder_executivo_federal_2020_instrumento.pdf\" target=\"_blank\" rel=\"noopener noreferrer\">Classifica\u00e7\u00e3o, temporalidade e destina\u00e7\u00e3o de documentos de arquivos relativo \u00e0s atividades-meio da Administra\u00e7\u00e3o P\u00fablica Federal-2020<\/a><\/span><\/p>\n<p><span style=\"color: #3366ff\"><a style=\"color: #3366ff\" href=\"https:\/\/institucional.ufrrj.br\/protocolo\/files\/2020\/12\/Cdigo-de-Classificao-e-TTDD-atividade-meio-da-APF.pdf\" target=\"_blank\" rel=\"noopener noreferrer\">Classifica\u00e7\u00e3o, temporalidade e destina\u00e7\u00e3o de documentos de arquivos relativo \u00e0s atividades-meio da Administra\u00e7\u00e3o P\u00fablica Federal-2001<\/a><\/span><\/p>\n<p><span style=\"color: #3366ff\"><a style=\"color: #3366ff\" href=\"https:\/\/institucional.ufrrj.br\/protocolo\/files\/2020\/12\/Cdigo-de-Classificao-de-Documentos-IFES.pdf\" target=\"_blank\" rel=\"noopener noreferrer\">C\u00f3digo de classifica\u00e7\u00e3o de documentos de arquivo relativos \u00e0s atividades-fim das Institui\u00e7\u00f5es Federais de Ensino Superior (IFES)<\/a><\/span><\/p>\n<p><span style=\"color: #3366ff\"><a style=\"color: #3366ff\" href=\"https:\/\/institucional.ufrrj.br\/protocolo\/files\/2020\/12\/Tabela-de-Temporalidade-de-Documentos-atividade-fim-IFES.pdf\" target=\"_blank\" rel=\"noopener noreferrer\">Tabela de temporalidade e destina\u00e7\u00e3o de documentos de arquivo relativos \u00e0s atividades-fim das Institui\u00e7\u00f5es Federais de Ensino Superior (IFES)<\/a><\/span><\/p>\n","protected":false},"excerpt":{"rendered":"<p>&nbsp; &nbsp; Os\u00a0C\u00f3digos de classifica\u00e7\u00e3o e Tabelas de Temporalidade e Destina\u00e7\u00e3o de Documentos usados pela Universidade Federal Rural do Rio <a class=\"read-more leiamais\" href=\"https:\/\/institucional.ufrrj.br\/protocolo\/codigo-de-classificacao-e-tabela-de-temporalidade\/ \">&#8230; leia mais<\/a><\/p>\n","protected":false},"author":634,"featured_media":0,"parent":0,"menu_order":0,"comment_status":"closed","ping_status":"closed","template":"","meta":{"footnotes":""},"class_list":["post-484","page","type-page","status-publish","hentry"],"yoast_head":"<!-- This site is optimized with the Yoast SEO plugin v27.2 - https:\/\/yoast.com\/product\/yoast-seo-wordpress\/ -->\n<title>C\u00f3digo de Classifica\u00e7\u00e3o e Tabela de Temporalidade - Se\u00e7\u00e3o de Arquivo e Protocolo Geral<\/title>\n<meta name=\"robots\" content=\"index, follow, max-snippet:-1, max-image-preview:large, max-video-preview:-1\" \/>\n<link rel=\"canonical\" href=\"https:\/\/institucional.ufrrj.br\/protocolo\/codigo-de-classificacao-e-tabela-de-temporalidade\/\" \/>\n<meta property=\"og:locale\" content=\"pt_BR\" \/>\n<meta property=\"og:type\" content=\"article\" \/>\n<meta property=\"og:title\" content=\"C\u00f3digo de Classifica\u00e7\u00e3o e Tabela de Temporalidade - Se\u00e7\u00e3o de Arquivo e Protocolo Geral\" \/>\n<meta property=\"og:description\" content=\"&nbsp; &nbsp; Os\u00a0C\u00f3digos de classifica\u00e7\u00e3o e Tabelas de Temporalidade e Destina\u00e7\u00e3o de Documentos usados pela Universidade Federal Rural do Rio ... leia mais\" \/>\n<meta property=\"og:url\" content=\"https:\/\/institucional.ufrrj.br\/protocolo\/codigo-de-classificacao-e-tabela-de-temporalidade\/\" \/>\n<meta property=\"og:site_name\" content=\"Se\u00e7\u00e3o de Arquivo e Protocolo Geral\" \/>\n<meta property=\"article:modified_time\" content=\"2024-09-26T13:30:10+00:00\" \/>\n<meta name=\"twitter:card\" content=\"summary_large_image\" \/>\n<meta name=\"twitter:label1\" content=\"Est. tempo de leitura\" \/>\n\t<meta name=\"twitter:data1\" content=\"1 minuto\" \/>\n<script type=\"application\/ld+json\" class=\"yoast-schema-graph\">{\"@context\":\"https:\/\/schema.org\",\"@graph\":[{\"@type\":\"WebPage\",\"@id\":\"https:\/\/institucional.ufrrj.br\/protocolo\/codigo-de-classificacao-e-tabela-de-temporalidade\/\",\"url\":\"https:\/\/institucional.ufrrj.br\/protocolo\/codigo-de-classificacao-e-tabela-de-temporalidade\/\",\"name\":\"C\u00f3digo de Classifica\u00e7\u00e3o e Tabela de Temporalidade - Se\u00e7\u00e3o de Arquivo e Protocolo Geral\",\"isPartOf\":{\"@id\":\"https:\/\/institucional.ufrrj.br\/protocolo\/#website\"},\"datePublished\":\"2020-08-11T17:04:49+00:00\",\"dateModified\":\"2024-09-26T13:30:10+00:00\",\"breadcrumb\":{\"@id\":\"https:\/\/institucional.ufrrj.br\/protocolo\/codigo-de-classificacao-e-tabela-de-temporalidade\/#breadcrumb\"},\"inLanguage\":\"pt-BR\",\"potentialAction\":[{\"@type\":\"ReadAction\",\"target\":[\"https:\/\/institucional.ufrrj.br\/protocolo\/codigo-de-classificacao-e-tabela-de-temporalidade\/\"]}]},{\"@type\":\"BreadcrumbList\",\"@id\":\"https:\/\/institucional.ufrrj.br\/protocolo\/codigo-de-classificacao-e-tabela-de-temporalidade\/#breadcrumb\",\"itemListElement\":[{\"@type\":\"ListItem\",\"position\":1,\"name\":\"In\u00edcio\",\"item\":\"https:\/\/institucional.ufrrj.br\/protocolo\/\"},{\"@type\":\"ListItem\",\"position\":2,\"name\":\"C\u00f3digo de Classifica\u00e7\u00e3o e Tabela de Temporalidade\"}]},{\"@type\":\"WebSite\",\"@id\":\"https:\/\/institucional.ufrrj.br\/protocolo\/#website\",\"url\":\"https:\/\/institucional.ufrrj.br\/protocolo\/\",\"name\":\"Se\u00e7\u00e3o de Arquivo e Protocolo Geral\",\"description\":\"Universidade Ferderal Rural do Rio de Janeiro \u2013 UFRRJ\",\"potentialAction\":[{\"@type\":\"SearchAction\",\"target\":{\"@type\":\"EntryPoint\",\"urlTemplate\":\"https:\/\/institucional.ufrrj.br\/protocolo\/?s={search_term_string}\"},\"query-input\":{\"@type\":\"PropertyValueSpecification\",\"valueRequired\":true,\"valueName\":\"search_term_string\"}}],\"inLanguage\":\"pt-BR\"}]}<\/script>\n<!-- \/ Yoast SEO plugin. -->","yoast_head_json":{"title":"C\u00f3digo de Classifica\u00e7\u00e3o e Tabela de Temporalidade - Se\u00e7\u00e3o de Arquivo e Protocolo Geral","robots":{"index":"index","follow":"follow","max-snippet":"max-snippet:-1","max-image-preview":"max-image-preview:large","max-video-preview":"max-video-preview:-1"},"canonical":"https:\/\/institucional.ufrrj.br\/protocolo\/codigo-de-classificacao-e-tabela-de-temporalidade\/","og_locale":"pt_BR","og_type":"article","og_title":"C\u00f3digo de Classifica\u00e7\u00e3o e Tabela de Temporalidade - Se\u00e7\u00e3o de Arquivo e Protocolo Geral","og_description":"&nbsp; &nbsp; Os\u00a0C\u00f3digos de classifica\u00e7\u00e3o e Tabelas de Temporalidade e Destina\u00e7\u00e3o de Documentos usados pela Universidade Federal Rural do Rio ... leia mais","og_url":"https:\/\/institucional.ufrrj.br\/protocolo\/codigo-de-classificacao-e-tabela-de-temporalidade\/","og_site_name":"Se\u00e7\u00e3o de Arquivo e Protocolo Geral","article_modified_time":"2024-09-26T13:30:10+00:00","twitter_card":"summary_large_image","twitter_misc":{"Est. tempo de leitura":"1 minuto"},"schema":{"@context":"https:\/\/schema.org","@graph":[{"@type":"WebPage","@id":"https:\/\/institucional.ufrrj.br\/protocolo\/codigo-de-classificacao-e-tabela-de-temporalidade\/","url":"https:\/\/institucional.ufrrj.br\/protocolo\/codigo-de-classificacao-e-tabela-de-temporalidade\/","name":"C\u00f3digo de Classifica\u00e7\u00e3o e Tabela de Temporalidade - Se\u00e7\u00e3o de Arquivo e Protocolo Geral","isPartOf":{"@id":"https:\/\/institucional.ufrrj.br\/protocolo\/#website"},"datePublished":"2020-08-11T17:04:49+00:00","dateModified":"2024-09-26T13:30:10+00:00","breadcrumb":{"@id":"https:\/\/institucional.ufrrj.br\/protocolo\/codigo-de-classificacao-e-tabela-de-temporalidade\/#breadcrumb"},"inLanguage":"pt-BR","potentialAction":[{"@type":"ReadAction","target":["https:\/\/institucional.ufrrj.br\/protocolo\/codigo-de-classificacao-e-tabela-de-temporalidade\/"]}]},{"@type":"BreadcrumbList","@id":"https:\/\/institucional.ufrrj.br\/protocolo\/codigo-de-classificacao-e-tabela-de-temporalidade\/#breadcrumb","itemListElement":[{"@type":"ListItem","position":1,"name":"In\u00edcio","item":"https:\/\/institucional.ufrrj.br\/protocolo\/"},{"@type":"ListItem","position":2,"name":"C\u00f3digo de Classifica\u00e7\u00e3o e Tabela de Temporalidade"}]},{"@type":"WebSite","@id":"https:\/\/institucional.ufrrj.br\/protocolo\/#website","url":"https:\/\/institucional.ufrrj.br\/protocolo\/","name":"Se\u00e7\u00e3o de Arquivo e Protocolo Geral","description":"Universidade Ferderal Rural do Rio de Janeiro \u2013 UFRRJ","potentialAction":[{"@type":"SearchAction","target":{"@type":"EntryPoint","urlTemplate":"https:\/\/institucional.ufrrj.br\/protocolo\/?s={search_term_string}"},"query-input":{"@type":"PropertyValueSpecification","valueRequired":true,"valueName":"search_term_string"}}],"inLanguage":"pt-BR"}]}},"_links":{"self":[{"href":"https:\/\/institucional.ufrrj.br\/protocolo\/wp-json\/wp\/v2\/pages\/484","targetHints":{"allow":["GET"]}}],"collection":[{"href":"https:\/\/institucional.ufrrj.br\/protocolo\/wp-json\/wp\/v2\/pages"}],"about":[{"href":"https:\/\/institucional.ufrrj.br\/protocolo\/wp-json\/wp\/v2\/types\/page"}],"author":[{"embeddable":true,"href":"https:\/\/institucional.ufrrj.br\/protocolo\/wp-json\/wp\/v2\/users\/634"}],"replies":[{"embeddable":true,"href":"https:\/\/institucional.ufrrj.br\/protocolo\/wp-json\/wp\/v2\/comments?post=484"}],"version-history":[{"count":14,"href":"https:\/\/institucional.ufrrj.br\/protocolo\/wp-json\/wp\/v2\/pages\/484\/revisions"}],"predecessor-version":[{"id":1825,"href":"https:\/\/institucional.ufrrj.br\/protocolo\/wp-json\/wp\/v2\/pages\/484\/revisions\/1825"}],"wp:attachment":[{"href":"https:\/\/institucional.ufrrj.br\/protocolo\/wp-json\/wp\/v2\/media?parent=484"}],"curies":[{"name":"wp","href":"https:\/\/api.w.org\/{rel}","templated":true}]}}