{"id":470,"date":"2020-08-11T14:00:18","date_gmt":"2020-08-11T17:00:18","guid":{"rendered":"http:\/\/institucional.ufrrj.br\/protocolo\/?page_id=470"},"modified":"2020-09-07T14:44:51","modified_gmt":"2020-09-07T17:44:51","slug":"sustentabilidade","status":"publish","type":"page","link":"https:\/\/institucional.ufrrj.br\/protocolo\/sustentabilidade\/","title":{"rendered":"Sustentabilidade"},"content":{"rendered":"<h4><\/h4>\n<p>&nbsp;<\/p>\n<p>&nbsp;<\/p>\n<p><span style=\"color: #3366ff\"><a style=\"color: #3366ff\" href=\"http:\/\/pesquisa.in.gov.br\/imprensa\/jsp\/visualiza\/index.jsp?jornal=1&amp;pagina=4&amp;data=26\/10\/2006\" target=\"_blank\" rel=\"noopener noreferrer\">Decreto\u00a0n\u00ba\u00a0 5.940, de 25 de outubro de 2006<\/a>\u00a0<\/span>Institui a separa\u00e7\u00e3o dos res\u00edduos recicl\u00e1veis descartados pelos \u00f3rg\u00e3os e entidades da administra\u00e7\u00e3o p\u00fablica federal direta e indireta, na fonte geradora, e a sua destina\u00e7\u00e3o \u00e0s associa\u00e7\u00f5es e cooperativas dos catadores de materiais recicl\u00e1veis, e d\u00e1 outras provid\u00eancias.<\/p>\n","protected":false},"excerpt":{"rendered":"<p>&nbsp; &nbsp; Decreto\u00a0n\u00ba\u00a0 5.940, de 25 de outubro de 2006\u00a0Institui a separa\u00e7\u00e3o dos res\u00edduos recicl\u00e1veis descartados pelos \u00f3rg\u00e3os e entidades <a class=\"read-more leiamais\" href=\"https:\/\/institucional.ufrrj.br\/protocolo\/sustentabilidade\/ \">&#8230; leia mais<\/a><\/p>\n","protected":false},"author":634,"featured_media":0,"parent":0,"menu_order":0,"comment_status":"closed","ping_status":"closed","template":"","meta":{"footnotes":""},"class_list":["post-470","page","type-page","status-publish","hentry"],"yoast_head":"<!-- This site is optimized with the Yoast SEO plugin v27.2 - https:\/\/yoast.com\/product\/yoast-seo-wordpress\/ -->\n<title>Sustentabilidade - Se\u00e7\u00e3o de Arquivo e Protocolo Geral<\/title>\n<meta name=\"robots\" content=\"index, follow, max-snippet:-1, max-image-preview:large, max-video-preview:-1\" \/>\n<link rel=\"canonical\" href=\"https:\/\/institucional.ufrrj.br\/protocolo\/sustentabilidade\/\" \/>\n<meta property=\"og:locale\" content=\"pt_BR\" \/>\n<meta property=\"og:type\" content=\"article\" \/>\n<meta property=\"og:title\" content=\"Sustentabilidade - Se\u00e7\u00e3o de Arquivo e Protocolo Geral\" \/>\n<meta property=\"og:description\" content=\"&nbsp; &nbsp; Decreto\u00a0n\u00ba\u00a0 5.940, de 25 de outubro de 2006\u00a0Institui a separa\u00e7\u00e3o dos res\u00edduos recicl\u00e1veis descartados pelos \u00f3rg\u00e3os e entidades ... leia mais\" \/>\n<meta property=\"og:url\" content=\"https:\/\/institucional.ufrrj.br\/protocolo\/sustentabilidade\/\" \/>\n<meta property=\"og:site_name\" content=\"Se\u00e7\u00e3o de Arquivo e Protocolo Geral\" \/>\n<meta property=\"article:modified_time\" content=\"2020-09-07T17:44:51+00:00\" \/>\n<meta name=\"twitter:card\" content=\"summary_large_image\" \/>\n<script type=\"application\/ld+json\" class=\"yoast-schema-graph\">{\"@context\":\"https:\/\/schema.org\",\"@graph\":[{\"@type\":\"WebPage\",\"@id\":\"https:\/\/institucional.ufrrj.br\/protocolo\/sustentabilidade\/\",\"url\":\"https:\/\/institucional.ufrrj.br\/protocolo\/sustentabilidade\/\",\"name\":\"Sustentabilidade - Se\u00e7\u00e3o de Arquivo e Protocolo Geral\",\"isPartOf\":{\"@id\":\"https:\/\/institucional.ufrrj.br\/protocolo\/#website\"},\"datePublished\":\"2020-08-11T17:00:18+00:00\",\"dateModified\":\"2020-09-07T17:44:51+00:00\",\"breadcrumb\":{\"@id\":\"https:\/\/institucional.ufrrj.br\/protocolo\/sustentabilidade\/#breadcrumb\"},\"inLanguage\":\"pt-BR\",\"potentialAction\":[{\"@type\":\"ReadAction\",\"target\":[\"https:\/\/institucional.ufrrj.br\/protocolo\/sustentabilidade\/\"]}]},{\"@type\":\"BreadcrumbList\",\"@id\":\"https:\/\/institucional.ufrrj.br\/protocolo\/sustentabilidade\/#breadcrumb\",\"itemListElement\":[{\"@type\":\"ListItem\",\"position\":1,\"name\":\"In\u00edcio\",\"item\":\"https:\/\/institucional.ufrrj.br\/protocolo\/\"},{\"@type\":\"ListItem\",\"position\":2,\"name\":\"Sustentabilidade\"}]},{\"@type\":\"WebSite\",\"@id\":\"https:\/\/institucional.ufrrj.br\/protocolo\/#website\",\"url\":\"https:\/\/institucional.ufrrj.br\/protocolo\/\",\"name\":\"Se\u00e7\u00e3o de Arquivo e Protocolo Geral\",\"description\":\"Universidade Ferderal Rural do Rio de Janeiro \u2013 UFRRJ\",\"potentialAction\":[{\"@type\":\"SearchAction\",\"target\":{\"@type\":\"EntryPoint\",\"urlTemplate\":\"https:\/\/institucional.ufrrj.br\/protocolo\/?s={search_term_string}\"},\"query-input\":{\"@type\":\"PropertyValueSpecification\",\"valueRequired\":true,\"valueName\":\"search_term_string\"}}],\"inLanguage\":\"pt-BR\"}]}<\/script>\n<!-- \/ Yoast SEO plugin. -->","yoast_head_json":{"title":"Sustentabilidade - Se\u00e7\u00e3o de Arquivo e Protocolo Geral","robots":{"index":"index","follow":"follow","max-snippet":"max-snippet:-1","max-image-preview":"max-image-preview:large","max-video-preview":"max-video-preview:-1"},"canonical":"https:\/\/institucional.ufrrj.br\/protocolo\/sustentabilidade\/","og_locale":"pt_BR","og_type":"article","og_title":"Sustentabilidade - Se\u00e7\u00e3o de Arquivo e Protocolo Geral","og_description":"&nbsp; &nbsp; Decreto\u00a0n\u00ba\u00a0 5.940, de 25 de outubro de 2006\u00a0Institui a separa\u00e7\u00e3o dos res\u00edduos recicl\u00e1veis descartados pelos \u00f3rg\u00e3os e entidades ... leia mais","og_url":"https:\/\/institucional.ufrrj.br\/protocolo\/sustentabilidade\/","og_site_name":"Se\u00e7\u00e3o de Arquivo e Protocolo Geral","article_modified_time":"2020-09-07T17:44:51+00:00","twitter_card":"summary_large_image","schema":{"@context":"https:\/\/schema.org","@graph":[{"@type":"WebPage","@id":"https:\/\/institucional.ufrrj.br\/protocolo\/sustentabilidade\/","url":"https:\/\/institucional.ufrrj.br\/protocolo\/sustentabilidade\/","name":"Sustentabilidade - Se\u00e7\u00e3o de Arquivo e Protocolo Geral","isPartOf":{"@id":"https:\/\/institucional.ufrrj.br\/protocolo\/#website"},"datePublished":"2020-08-11T17:00:18+00:00","dateModified":"2020-09-07T17:44:51+00:00","breadcrumb":{"@id":"https:\/\/institucional.ufrrj.br\/protocolo\/sustentabilidade\/#breadcrumb"},"inLanguage":"pt-BR","potentialAction":[{"@type":"ReadAction","target":["https:\/\/institucional.ufrrj.br\/protocolo\/sustentabilidade\/"]}]},{"@type":"BreadcrumbList","@id":"https:\/\/institucional.ufrrj.br\/protocolo\/sustentabilidade\/#breadcrumb","itemListElement":[{"@type":"ListItem","position":1,"name":"In\u00edcio","item":"https:\/\/institucional.ufrrj.br\/protocolo\/"},{"@type":"ListItem","position":2,"name":"Sustentabilidade"}]},{"@type":"WebSite","@id":"https:\/\/institucional.ufrrj.br\/protocolo\/#website","url":"https:\/\/institucional.ufrrj.br\/protocolo\/","name":"Se\u00e7\u00e3o de Arquivo e Protocolo Geral","description":"Universidade Ferderal Rural do Rio de Janeiro \u2013 UFRRJ","potentialAction":[{"@type":"SearchAction","target":{"@type":"EntryPoint","urlTemplate":"https:\/\/institucional.ufrrj.br\/protocolo\/?s={search_term_string}"},"query-input":{"@type":"PropertyValueSpecification","valueRequired":true,"valueName":"search_term_string"}}],"inLanguage":"pt-BR"}]}},"_links":{"self":[{"href":"https:\/\/institucional.ufrrj.br\/protocolo\/wp-json\/wp\/v2\/pages\/470","targetHints":{"allow":["GET"]}}],"collection":[{"href":"https:\/\/institucional.ufrrj.br\/protocolo\/wp-json\/wp\/v2\/pages"}],"about":[{"href":"https:\/\/institucional.ufrrj.br\/protocolo\/wp-json\/wp\/v2\/types\/page"}],"author":[{"embeddable":true,"href":"https:\/\/institucional.ufrrj.br\/protocolo\/wp-json\/wp\/v2\/users\/634"}],"replies":[{"embeddable":true,"href":"https:\/\/institucional.ufrrj.br\/protocolo\/wp-json\/wp\/v2\/comments?post=470"}],"version-history":[{"count":4,"href":"https:\/\/institucional.ufrrj.br\/protocolo\/wp-json\/wp\/v2\/pages\/470\/revisions"}],"predecessor-version":[{"id":576,"href":"https:\/\/institucional.ufrrj.br\/protocolo\/wp-json\/wp\/v2\/pages\/470\/revisions\/576"}],"wp:attachment":[{"href":"https:\/\/institucional.ufrrj.br\/protocolo\/wp-json\/wp\/v2\/media?parent=470"}],"curies":[{"name":"wp","href":"https:\/\/api.w.org\/{rel}","templated":true}]}}