{"id":468,"date":"2020-08-11T13:59:55","date_gmt":"2020-08-11T16:59:55","guid":{"rendered":"http:\/\/institucional.ufrrj.br\/protocolo\/?page_id=468"},"modified":"2021-05-14T10:02:01","modified_gmt":"2021-05-14T13:02:01","slug":"portarias-mec","status":"publish","type":"page","link":"https:\/\/institucional.ufrrj.br\/protocolo\/portarias-mec\/","title":{"rendered":"Portarias MEC"},"content":{"rendered":"<p>&nbsp;<\/p>\n<p>&nbsp;<\/p>\n<p><span style=\"color: #3366ff\"><a style=\"color: #3366ff\" href=\"https:\/\/www.in.gov.br\/web\/dou\/-\/portaria-n-332-de-26-de-junho-2020-263909637\">Portaria n\u00ba 332, de 13 de mar\u00e7o de 2020<\/a>.<\/span> Disp\u00f5e sobre a altera\u00e7\u00e3o no prazo contido no caput do art. 45 da Portaria n\u00ba 315, de 4 de abril de 2018.<\/p>\n<p><a href=\"https:\/\/www.in.gov.br\/materia\/-\/asset_publisher\/Kujrw0TZC2Mb\/content\/id\/66544171\/do1-2019-03-12-portaria-n-554-de-11-de-marco-de-2019-66543842\" target=\"_blank\" rel=\"noopener noreferrer\"><span style=\"color: #3366ff\">Portaria n\u00ba 554, de 11 de mar\u00e7o de 2019<\/span><\/a>\u00a0Disp\u00f5e sobre a emiss\u00e3o e o registro de diploma de gradua\u00e7\u00e3o, por meio digital, pelas Institui\u00e7\u00f5es de Ensino Superior \u2013 IES pertencentes ao Sistema Federal de Ensino.<\/p>\n<p><span style=\"color: #3366ff\"><a style=\"color: #3366ff\" href=\"https:\/\/www.in.gov.br\/materia\/-\/asset_publisher\/Kujrw0TZC2Mb\/content\/id\/47330359\/do1-2018-10-26-portaria-no-1-095-de-25-de-outubro-de-2018-47330016\" target=\"_blank\" rel=\"noopener noreferrer\">Portaria n\u00ba1.095, de 25 de outubro de 2018<\/a><\/span>\u00a0\u00a0Disp\u00f5e sobre a expedi\u00e7\u00e3o e o registro de diplomas de cursos superiores de gradua\u00e7\u00e3o no \u00e2mbito do sistema federal de ensino<\/p>\n<p><a href=\"https:\/\/www.in.gov.br\/materia\/-\/asset_publisher\/Kujrw0TZC2Mb\/content\/id\/9365055\/do1-2018-04-06-portaria-n-330-de-5-de-abril-de-2018-9365051\" target=\"_blank\" rel=\"noopener noreferrer\"><span style=\"color: #3366ff\">Portaria n\u00ba330, de 05 de abril de 2018<\/span><\/a>\u00a0\u00a0Disp\u00f5e sobre a emiss\u00e3o de diplomas em formato digital nas institui\u00e7\u00f5es de ensino superior pertencentes ao sistema federal de ensino.<\/p>\n<p><a href=\"https:\/\/www.in.gov.br\/web\/dou\/-\/portaria-n-315-de-4-de-abril-de-2018-9177556\" target=\"_blank\" rel=\"noopener noreferrer\"><span style=\"color: #3366ff\">Portaria n\u00ba315, de 04 de abril de 2018<\/span><\/a>\u00a0Disp\u00f5e sobre os procedimentos de supervis\u00e3o e monitoramento de institui\u00e7\u00f5es de educa\u00e7\u00e3o superior integrantes do sistema federal de ensino e de cursos superiores de gradua\u00e7\u00e3o e de p\u00f3s-gradua\u00e7\u00e3o lato sensu, nas modalidades presencial e a dist\u00e2ncia.<\/p>\n<p><span style=\"color: #3366ff\"><a style=\"color: #3366ff\" href=\"https:\/\/www.gov.br\/conarq\/pt-br\/legislacao-arquivistica\/portarias-federais\/portaria-no-22-de-21-de-dezembro-de-2017#:~:text=Disp%C3%B5e%20sobre%20os%20procedimentos%20de,do%20sistema%20federal%20de%20ensino.\" target=\"_blank\" rel=\"noopener noreferrer\">Portaria n\u00ba22, de 21 de dezembro de 2017<\/a>\u00a0<\/span>Disp\u00f5e sobre os procedimentos de supervis\u00e3o e monitoramento de institui\u00e7\u00f5es de educa\u00e7\u00e3o superior e de cursos superiores de gradua\u00e7\u00e3o e de p\u00f3s-gradua\u00e7\u00e3o lato sensu, nas modalidades presencial e a dist\u00e2ncia, integrantes do sistema federal de ensino.)<\/p>\n<p><span style=\"color: #3366ff\"><a style=\"color: #3366ff\" href=\"https:\/\/www.in.gov.br\/materia\/-\/asset_publisher\/Kujrw0TZC2Mb\/content\/id\/1284644\/do1-2017-12-22-portaria-n-21-de-21-de-dezembro-de-2017-1284640-1284640\" target=\"_blank\" rel=\"noopener noreferrer\">Portaria n\u00ba21 de 21 de dezembro de 2017<\/a>\u00a0<\/span>Disp\u00f5e sobre o sistema e-MEC, sistema eletr\u00f4nico de fluxo de trabalho e gerenciamento de informa\u00e7\u00f5es relativas aos processos de regula\u00e7\u00e3o, avalia\u00e7\u00e3o e supervis\u00e3o da educa\u00e7\u00e3o superior no sistema federal de educa\u00e7\u00e3o, e o Cadastro Nacional de Cursos e Institui\u00e7\u00f5es de Educa\u00e7\u00e3o Superior \u2013 Cadastro e-MEC.<\/p>\n<p><a href=\"https:\/\/www.semesp.org.br\/wp-content\/uploads\/2017\/12\/DECRETO-N%C2%BA-9.235-DE-15-DE-DEZEMBRO-DE-2017.pdf\" target=\"_blank\" rel=\"noopener noreferrer\"><span style=\"color: #3366ff\">Decreto n\u00ba 9.235, de 15 de dezembro de 2017<\/span><\/a>\u00a0Disp\u00f5e sobre o exerc\u00edcio das fun\u00e7\u00f5es de regula\u00e7\u00e3o, supervis\u00e3o e avalia\u00e7\u00e3o das institui\u00e7\u00f5es de educa\u00e7\u00e3o superior e dos cursos superiores de gradua\u00e7\u00e3o e de p\u00f3s-gradua\u00e7\u00e3o no sistema federal de ensino.<\/p>\n<p><span style=\"color: #3366ff\"><a style=\"color: #3366ff\" href=\"https:\/\/www.gov.br\/conarq\/pt-br\/legislacao-arquivistica\/portarias-federais\/portaria-mec-no-1-224-de-18-de-dezembro-de-2013\" target=\"_blank\" rel=\"noopener noreferrer\">\u00a0Portaria n\u00ba 1.224 de 18 de dezembro de 2013<\/a><\/span>\u00a0Institui normas sobre a manuten\u00e7\u00e3o e guarda do Acervo Acad\u00eamico das Institui\u00e7\u00f5es de Educa\u00e7\u00e3o Superior (IES) pertencentes ao sistema federal de ensino.<\/p>\n<p><a href=\"https:\/\/www.gov.br\/conarq\/pt-br\/legislacao-arquivistica\/portarias-federais\/portaria-no-1-261-de-23-de-dezembro-de-2013\" target=\"_blank\" rel=\"noopener noreferrer\"><span style=\"color: #3366ff\">Portaria n\u00ba 1.261, de 23 de dezembro de 2013<\/span><\/a>\u00a0\u00a0Determina o uso obrigat\u00f3rio nas IFES\u00a0 do C\u00f3digo de Classifica\u00e7\u00e3o e a Tabela de Temporalidade e Destina\u00e7\u00e3o de Documentos de Arquivo relativos \u00e0s Atividades-Fim das Institui\u00e7\u00f5es Federais de Ensino Superior \u2013 IFES, aprovado pela Portaria no 92, de 23 de setembro de 2011, do Diretor-Geral do Arquivo Nacional.<\/p>\n","protected":false},"excerpt":{"rendered":"<p>&nbsp; &nbsp; Portaria n\u00ba 332, de 13 de mar\u00e7o de 2020. Disp\u00f5e sobre a altera\u00e7\u00e3o no prazo contido no caput <a class=\"read-more leiamais\" href=\"https:\/\/institucional.ufrrj.br\/protocolo\/portarias-mec\/ \">&#8230; leia mais<\/a><\/p>\n","protected":false},"author":634,"featured_media":0,"parent":0,"menu_order":0,"comment_status":"closed","ping_status":"closed","template":"","meta":{"footnotes":""},"class_list":["post-468","page","type-page","status-publish","hentry"],"yoast_head":"<!-- This site is optimized with the Yoast SEO plugin v27.2 - https:\/\/yoast.com\/product\/yoast-seo-wordpress\/ -->\n<title>Portarias MEC - Se\u00e7\u00e3o de Arquivo e Protocolo Geral<\/title>\n<meta name=\"robots\" content=\"index, follow, max-snippet:-1, max-image-preview:large, max-video-preview:-1\" \/>\n<link rel=\"canonical\" href=\"https:\/\/institucional.ufrrj.br\/protocolo\/portarias-mec\/\" \/>\n<meta property=\"og:locale\" content=\"pt_BR\" \/>\n<meta property=\"og:type\" content=\"article\" \/>\n<meta property=\"og:title\" content=\"Portarias MEC - Se\u00e7\u00e3o de Arquivo e Protocolo Geral\" \/>\n<meta property=\"og:description\" content=\"&nbsp; &nbsp; Portaria n\u00ba 332, de 13 de mar\u00e7o de 2020. Disp\u00f5e sobre a altera\u00e7\u00e3o no prazo contido no caput ... leia mais\" \/>\n<meta property=\"og:url\" content=\"https:\/\/institucional.ufrrj.br\/protocolo\/portarias-mec\/\" \/>\n<meta property=\"og:site_name\" content=\"Se\u00e7\u00e3o de Arquivo e Protocolo Geral\" \/>\n<meta property=\"article:modified_time\" content=\"2021-05-14T13:02:01+00:00\" \/>\n<meta name=\"twitter:card\" content=\"summary_large_image\" \/>\n<meta name=\"twitter:label1\" content=\"Est. tempo de leitura\" \/>\n\t<meta name=\"twitter:data1\" content=\"2 minutos\" \/>\n<script type=\"application\/ld+json\" class=\"yoast-schema-graph\">{\"@context\":\"https:\/\/schema.org\",\"@graph\":[{\"@type\":\"WebPage\",\"@id\":\"https:\/\/institucional.ufrrj.br\/protocolo\/portarias-mec\/\",\"url\":\"https:\/\/institucional.ufrrj.br\/protocolo\/portarias-mec\/\",\"name\":\"Portarias MEC - Se\u00e7\u00e3o de Arquivo e Protocolo Geral\",\"isPartOf\":{\"@id\":\"https:\/\/institucional.ufrrj.br\/protocolo\/#website\"},\"datePublished\":\"2020-08-11T16:59:55+00:00\",\"dateModified\":\"2021-05-14T13:02:01+00:00\",\"breadcrumb\":{\"@id\":\"https:\/\/institucional.ufrrj.br\/protocolo\/portarias-mec\/#breadcrumb\"},\"inLanguage\":\"pt-BR\",\"potentialAction\":[{\"@type\":\"ReadAction\",\"target\":[\"https:\/\/institucional.ufrrj.br\/protocolo\/portarias-mec\/\"]}]},{\"@type\":\"BreadcrumbList\",\"@id\":\"https:\/\/institucional.ufrrj.br\/protocolo\/portarias-mec\/#breadcrumb\",\"itemListElement\":[{\"@type\":\"ListItem\",\"position\":1,\"name\":\"In\u00edcio\",\"item\":\"https:\/\/institucional.ufrrj.br\/protocolo\/\"},{\"@type\":\"ListItem\",\"position\":2,\"name\":\"Portarias MEC\"}]},{\"@type\":\"WebSite\",\"@id\":\"https:\/\/institucional.ufrrj.br\/protocolo\/#website\",\"url\":\"https:\/\/institucional.ufrrj.br\/protocolo\/\",\"name\":\"Se\u00e7\u00e3o de Arquivo e Protocolo Geral\",\"description\":\"Universidade Ferderal Rural do Rio de Janeiro \u2013 UFRRJ\",\"potentialAction\":[{\"@type\":\"SearchAction\",\"target\":{\"@type\":\"EntryPoint\",\"urlTemplate\":\"https:\/\/institucional.ufrrj.br\/protocolo\/?s={search_term_string}\"},\"query-input\":{\"@type\":\"PropertyValueSpecification\",\"valueRequired\":true,\"valueName\":\"search_term_string\"}}],\"inLanguage\":\"pt-BR\"}]}<\/script>\n<!-- \/ Yoast SEO plugin. -->","yoast_head_json":{"title":"Portarias MEC - Se\u00e7\u00e3o de Arquivo e Protocolo Geral","robots":{"index":"index","follow":"follow","max-snippet":"max-snippet:-1","max-image-preview":"max-image-preview:large","max-video-preview":"max-video-preview:-1"},"canonical":"https:\/\/institucional.ufrrj.br\/protocolo\/portarias-mec\/","og_locale":"pt_BR","og_type":"article","og_title":"Portarias MEC - Se\u00e7\u00e3o de Arquivo e Protocolo Geral","og_description":"&nbsp; &nbsp; Portaria n\u00ba 332, de 13 de mar\u00e7o de 2020. Disp\u00f5e sobre a altera\u00e7\u00e3o no prazo contido no caput ... leia mais","og_url":"https:\/\/institucional.ufrrj.br\/protocolo\/portarias-mec\/","og_site_name":"Se\u00e7\u00e3o de Arquivo e Protocolo Geral","article_modified_time":"2021-05-14T13:02:01+00:00","twitter_card":"summary_large_image","twitter_misc":{"Est. tempo de leitura":"2 minutos"},"schema":{"@context":"https:\/\/schema.org","@graph":[{"@type":"WebPage","@id":"https:\/\/institucional.ufrrj.br\/protocolo\/portarias-mec\/","url":"https:\/\/institucional.ufrrj.br\/protocolo\/portarias-mec\/","name":"Portarias MEC - Se\u00e7\u00e3o de Arquivo e Protocolo Geral","isPartOf":{"@id":"https:\/\/institucional.ufrrj.br\/protocolo\/#website"},"datePublished":"2020-08-11T16:59:55+00:00","dateModified":"2021-05-14T13:02:01+00:00","breadcrumb":{"@id":"https:\/\/institucional.ufrrj.br\/protocolo\/portarias-mec\/#breadcrumb"},"inLanguage":"pt-BR","potentialAction":[{"@type":"ReadAction","target":["https:\/\/institucional.ufrrj.br\/protocolo\/portarias-mec\/"]}]},{"@type":"BreadcrumbList","@id":"https:\/\/institucional.ufrrj.br\/protocolo\/portarias-mec\/#breadcrumb","itemListElement":[{"@type":"ListItem","position":1,"name":"In\u00edcio","item":"https:\/\/institucional.ufrrj.br\/protocolo\/"},{"@type":"ListItem","position":2,"name":"Portarias MEC"}]},{"@type":"WebSite","@id":"https:\/\/institucional.ufrrj.br\/protocolo\/#website","url":"https:\/\/institucional.ufrrj.br\/protocolo\/","name":"Se\u00e7\u00e3o de Arquivo e Protocolo Geral","description":"Universidade Ferderal Rural do Rio de Janeiro \u2013 UFRRJ","potentialAction":[{"@type":"SearchAction","target":{"@type":"EntryPoint","urlTemplate":"https:\/\/institucional.ufrrj.br\/protocolo\/?s={search_term_string}"},"query-input":{"@type":"PropertyValueSpecification","valueRequired":true,"valueName":"search_term_string"}}],"inLanguage":"pt-BR"}]}},"_links":{"self":[{"href":"https:\/\/institucional.ufrrj.br\/protocolo\/wp-json\/wp\/v2\/pages\/468","targetHints":{"allow":["GET"]}}],"collection":[{"href":"https:\/\/institucional.ufrrj.br\/protocolo\/wp-json\/wp\/v2\/pages"}],"about":[{"href":"https:\/\/institucional.ufrrj.br\/protocolo\/wp-json\/wp\/v2\/types\/page"}],"author":[{"embeddable":true,"href":"https:\/\/institucional.ufrrj.br\/protocolo\/wp-json\/wp\/v2\/users\/634"}],"replies":[{"embeddable":true,"href":"https:\/\/institucional.ufrrj.br\/protocolo\/wp-json\/wp\/v2\/comments?post=468"}],"version-history":[{"count":9,"href":"https:\/\/institucional.ufrrj.br\/protocolo\/wp-json\/wp\/v2\/pages\/468\/revisions"}],"predecessor-version":[{"id":1398,"href":"https:\/\/institucional.ufrrj.br\/protocolo\/wp-json\/wp\/v2\/pages\/468\/revisions\/1398"}],"wp:attachment":[{"href":"https:\/\/institucional.ufrrj.br\/protocolo\/wp-json\/wp\/v2\/media?parent=468"}],"curies":[{"name":"wp","href":"https:\/\/api.w.org\/{rel}","templated":true}]}}