{"id":466,"date":"2020-08-11T13:59:28","date_gmt":"2020-08-11T16:59:28","guid":{"rendered":"http:\/\/institucional.ufrrj.br\/protocolo\/?page_id=466"},"modified":"2020-09-07T14:41:59","modified_gmt":"2020-09-07T17:41:59","slug":"legislacao-arquivistica","status":"publish","type":"page","link":"https:\/\/institucional.ufrrj.br\/protocolo\/legislacao-arquivistica\/","title":{"rendered":"Legisla\u00e7\u00e3o Arquiv\u00edstica"},"content":{"rendered":"<p>&nbsp;<\/p>\n<p>&nbsp;<\/p>\n<p><a href=\"http:\/\/www.siga.arquivonacional.gov.br\/images\/Legislacao\/Portaria_1677_20151007.pdf\"><span style=\"color: #3366ff\">Portaria Interministerial n\u00ba1.677 de 07 de outubro de 2015<\/span><\/a><\/p>\n<p><span style=\"color: #3366ff\"><a style=\"color: #3366ff\" href=\"http:\/\/conarq.gov.br\/images\/coletanea\/Dez_2019\/CONARQ_legarquivos_jan_2018_dez_2019.pdf\">Colet\u00e2nea da Legisla\u00e7\u00e3o Arquiv\u00edstica Brasileira e Correlata (Jan. 2018 \u2013 Dez. 2019)<\/a><\/span><\/p>\n<p><span style=\"color: #3366ff\"><a style=\"color: #3366ff\" href=\"http:\/\/conarq.arquivonacional.gov.br\/resolucoes-do-conarq.html\" target=\"_blank\" rel=\"noopener noreferrer\">Resolu\u00e7\u00f5es do CONARQ<\/a><\/span><\/p>\n<p>&nbsp;<\/p>\n","protected":false},"excerpt":{"rendered":"<p>&nbsp; &nbsp; Portaria Interministerial n\u00ba1.677 de 07 de outubro de 2015 Colet\u00e2nea da Legisla\u00e7\u00e3o Arquiv\u00edstica Brasileira e Correlata (Jan. 2018 <a class=\"read-more leiamais\" href=\"https:\/\/institucional.ufrrj.br\/protocolo\/legislacao-arquivistica\/ \">&#8230; leia mais<\/a><\/p>\n","protected":false},"author":634,"featured_media":0,"parent":0,"menu_order":0,"comment_status":"closed","ping_status":"closed","template":"","meta":{"footnotes":""},"class_list":["post-466","page","type-page","status-publish","hentry"],"yoast_head":"<!-- This site is optimized with the Yoast SEO plugin v27.2 - https:\/\/yoast.com\/product\/yoast-seo-wordpress\/ -->\n<title>Legisla\u00e7\u00e3o Arquiv\u00edstica - Se\u00e7\u00e3o de Arquivo e Protocolo Geral<\/title>\n<meta name=\"robots\" content=\"index, follow, max-snippet:-1, max-image-preview:large, max-video-preview:-1\" \/>\n<link rel=\"canonical\" href=\"https:\/\/institucional.ufrrj.br\/protocolo\/legislacao-arquivistica\/\" \/>\n<meta property=\"og:locale\" content=\"pt_BR\" \/>\n<meta property=\"og:type\" content=\"article\" \/>\n<meta property=\"og:title\" content=\"Legisla\u00e7\u00e3o Arquiv\u00edstica - Se\u00e7\u00e3o de Arquivo e Protocolo Geral\" \/>\n<meta property=\"og:description\" content=\"&nbsp; &nbsp; Portaria Interministerial n\u00ba1.677 de 07 de outubro de 2015 Colet\u00e2nea da Legisla\u00e7\u00e3o Arquiv\u00edstica Brasileira e Correlata (Jan. 2018 ... leia mais\" \/>\n<meta property=\"og:url\" content=\"https:\/\/institucional.ufrrj.br\/protocolo\/legislacao-arquivistica\/\" \/>\n<meta property=\"og:site_name\" content=\"Se\u00e7\u00e3o de Arquivo e Protocolo Geral\" \/>\n<meta property=\"article:modified_time\" content=\"2020-09-07T17:41:59+00:00\" \/>\n<meta name=\"twitter:card\" content=\"summary_large_image\" \/>\n<script type=\"application\/ld+json\" class=\"yoast-schema-graph\">{\"@context\":\"https:\/\/schema.org\",\"@graph\":[{\"@type\":\"WebPage\",\"@id\":\"https:\/\/institucional.ufrrj.br\/protocolo\/legislacao-arquivistica\/\",\"url\":\"https:\/\/institucional.ufrrj.br\/protocolo\/legislacao-arquivistica\/\",\"name\":\"Legisla\u00e7\u00e3o Arquiv\u00edstica - Se\u00e7\u00e3o de Arquivo e Protocolo Geral\",\"isPartOf\":{\"@id\":\"https:\/\/institucional.ufrrj.br\/protocolo\/#website\"},\"datePublished\":\"2020-08-11T16:59:28+00:00\",\"dateModified\":\"2020-09-07T17:41:59+00:00\",\"breadcrumb\":{\"@id\":\"https:\/\/institucional.ufrrj.br\/protocolo\/legislacao-arquivistica\/#breadcrumb\"},\"inLanguage\":\"pt-BR\",\"potentialAction\":[{\"@type\":\"ReadAction\",\"target\":[\"https:\/\/institucional.ufrrj.br\/protocolo\/legislacao-arquivistica\/\"]}]},{\"@type\":\"BreadcrumbList\",\"@id\":\"https:\/\/institucional.ufrrj.br\/protocolo\/legislacao-arquivistica\/#breadcrumb\",\"itemListElement\":[{\"@type\":\"ListItem\",\"position\":1,\"name\":\"In\u00edcio\",\"item\":\"https:\/\/institucional.ufrrj.br\/protocolo\/\"},{\"@type\":\"ListItem\",\"position\":2,\"name\":\"Legisla\u00e7\u00e3o Arquiv\u00edstica\"}]},{\"@type\":\"WebSite\",\"@id\":\"https:\/\/institucional.ufrrj.br\/protocolo\/#website\",\"url\":\"https:\/\/institucional.ufrrj.br\/protocolo\/\",\"name\":\"Se\u00e7\u00e3o de Arquivo e Protocolo Geral\",\"description\":\"Universidade Ferderal Rural do Rio de Janeiro \u2013 UFRRJ\",\"potentialAction\":[{\"@type\":\"SearchAction\",\"target\":{\"@type\":\"EntryPoint\",\"urlTemplate\":\"https:\/\/institucional.ufrrj.br\/protocolo\/?s={search_term_string}\"},\"query-input\":{\"@type\":\"PropertyValueSpecification\",\"valueRequired\":true,\"valueName\":\"search_term_string\"}}],\"inLanguage\":\"pt-BR\"}]}<\/script>\n<!-- \/ Yoast SEO plugin. -->","yoast_head_json":{"title":"Legisla\u00e7\u00e3o Arquiv\u00edstica - Se\u00e7\u00e3o de Arquivo e Protocolo Geral","robots":{"index":"index","follow":"follow","max-snippet":"max-snippet:-1","max-image-preview":"max-image-preview:large","max-video-preview":"max-video-preview:-1"},"canonical":"https:\/\/institucional.ufrrj.br\/protocolo\/legislacao-arquivistica\/","og_locale":"pt_BR","og_type":"article","og_title":"Legisla\u00e7\u00e3o Arquiv\u00edstica - Se\u00e7\u00e3o de Arquivo e Protocolo Geral","og_description":"&nbsp; &nbsp; Portaria Interministerial n\u00ba1.677 de 07 de outubro de 2015 Colet\u00e2nea da Legisla\u00e7\u00e3o Arquiv\u00edstica Brasileira e Correlata (Jan. 2018 ... leia mais","og_url":"https:\/\/institucional.ufrrj.br\/protocolo\/legislacao-arquivistica\/","og_site_name":"Se\u00e7\u00e3o de Arquivo e Protocolo Geral","article_modified_time":"2020-09-07T17:41:59+00:00","twitter_card":"summary_large_image","schema":{"@context":"https:\/\/schema.org","@graph":[{"@type":"WebPage","@id":"https:\/\/institucional.ufrrj.br\/protocolo\/legislacao-arquivistica\/","url":"https:\/\/institucional.ufrrj.br\/protocolo\/legislacao-arquivistica\/","name":"Legisla\u00e7\u00e3o Arquiv\u00edstica - Se\u00e7\u00e3o de Arquivo e Protocolo Geral","isPartOf":{"@id":"https:\/\/institucional.ufrrj.br\/protocolo\/#website"},"datePublished":"2020-08-11T16:59:28+00:00","dateModified":"2020-09-07T17:41:59+00:00","breadcrumb":{"@id":"https:\/\/institucional.ufrrj.br\/protocolo\/legislacao-arquivistica\/#breadcrumb"},"inLanguage":"pt-BR","potentialAction":[{"@type":"ReadAction","target":["https:\/\/institucional.ufrrj.br\/protocolo\/legislacao-arquivistica\/"]}]},{"@type":"BreadcrumbList","@id":"https:\/\/institucional.ufrrj.br\/protocolo\/legislacao-arquivistica\/#breadcrumb","itemListElement":[{"@type":"ListItem","position":1,"name":"In\u00edcio","item":"https:\/\/institucional.ufrrj.br\/protocolo\/"},{"@type":"ListItem","position":2,"name":"Legisla\u00e7\u00e3o Arquiv\u00edstica"}]},{"@type":"WebSite","@id":"https:\/\/institucional.ufrrj.br\/protocolo\/#website","url":"https:\/\/institucional.ufrrj.br\/protocolo\/","name":"Se\u00e7\u00e3o de Arquivo e Protocolo Geral","description":"Universidade Ferderal Rural do Rio de Janeiro \u2013 UFRRJ","potentialAction":[{"@type":"SearchAction","target":{"@type":"EntryPoint","urlTemplate":"https:\/\/institucional.ufrrj.br\/protocolo\/?s={search_term_string}"},"query-input":{"@type":"PropertyValueSpecification","valueRequired":true,"valueName":"search_term_string"}}],"inLanguage":"pt-BR"}]}},"_links":{"self":[{"href":"https:\/\/institucional.ufrrj.br\/protocolo\/wp-json\/wp\/v2\/pages\/466","targetHints":{"allow":["GET"]}}],"collection":[{"href":"https:\/\/institucional.ufrrj.br\/protocolo\/wp-json\/wp\/v2\/pages"}],"about":[{"href":"https:\/\/institucional.ufrrj.br\/protocolo\/wp-json\/wp\/v2\/types\/page"}],"author":[{"embeddable":true,"href":"https:\/\/institucional.ufrrj.br\/protocolo\/wp-json\/wp\/v2\/users\/634"}],"replies":[{"embeddable":true,"href":"https:\/\/institucional.ufrrj.br\/protocolo\/wp-json\/wp\/v2\/comments?post=466"}],"version-history":[{"count":3,"href":"https:\/\/institucional.ufrrj.br\/protocolo\/wp-json\/wp\/v2\/pages\/466\/revisions"}],"predecessor-version":[{"id":573,"href":"https:\/\/institucional.ufrrj.br\/protocolo\/wp-json\/wp\/v2\/pages\/466\/revisions\/573"}],"wp:attachment":[{"href":"https:\/\/institucional.ufrrj.br\/protocolo\/wp-json\/wp\/v2\/media?parent=466"}],"curies":[{"name":"wp","href":"https:\/\/api.w.org\/{rel}","templated":true}]}}