{"id":464,"date":"2020-08-11T13:58:47","date_gmt":"2020-08-11T16:58:47","guid":{"rendered":"http:\/\/institucional.ufrrj.br\/protocolo\/?page_id=464"},"modified":"2020-10-16T15:15:31","modified_gmt":"2020-10-16T18:15:31","slug":"portarias-internas","status":"publish","type":"page","link":"https:\/\/institucional.ufrrj.br\/protocolo\/portarias-internas\/","title":{"rendered":"Portarias Internas"},"content":{"rendered":"<p>&nbsp;<\/p>\n<p><span style=\"color: #0000ff\"><a style=\"color: #0000ff\" href=\"https:\/\/institucional.ufrrj.br\/protocolo\/files\/2020\/10\/PORTARIA-N\u00ba-3806-06-10-2020.pdf\">Portaria N\u00ba 3806, de 06 de outubro de 2020.<\/a><\/span> <span style=\"color: #000000\">Retifica os termos da Portaria n\u00ba 1260 \/ 2019 &#8211; SECPROPLADI, de 09 de julho de <\/span><span style=\"color: #000000\">2019.<\/span><\/p>\n<p><span style=\"color: #0000ff\"><a style=\"color: #0000ff\" href=\"https:\/\/institucional.ufrrj.br\/protocolo\/files\/2020\/09\/Portaria-PROCESSO-ELETR\u00d4NICO.pdf\">Portaria N\u00ba1204, de 30 de mar\u00e7o de 2020.<\/a>\u00a0<span style=\"color: #000000\">Disciplina e regulamenta a tramita\u00e7\u00e3o do processo eletr\u00f4nico no \u00e2mbito da Universidade Federal Rural do Rio de\u00a0<\/span><span style=\"color: #000000\">Janeiro (UFRRJ).<\/span><\/span><\/p>\n<p><span style=\"color: #0000ff\"><a style=\"color: #0000ff\" href=\"https:\/\/institucional.ufrrj.br\/protocolo\/files\/2020\/09\/Portaria-CPAD.pdf\">Portaria N\u00ba1260, de 09 de julho de 2019<\/a> <span style=\"color: #000000\">Revoga e Portaria N\u00ba2, de 10 de abril de 2018 e d\u00e1 nova constitui\u00e7\u00e3o \u00e0 Comiss\u00e3o Permanente de Avalia\u00e7\u00e3o de Documentos (CPAD) da UFRRJ.<\/span><\/span><\/p>\n<p><a style=\"color: #0000ff\" href=\"https:\/\/institucional.ufrrj.br\/protocolo\/files\/2020\/09\/Portaria-N\u00ba4-29-04-2019.pdf\">Portaria N\u00ba4, de 29 de abril de 2019<\/a><span style=\"color: #0000ff\">\u00a0<\/span><span style=\"color: #000000\">Designa a Comiss\u00e3o para elabora\u00e7\u00e3o da Pol\u00edtica Geral de Acervos da <\/span><span style=\"color: #000000\">Universidade Federal Rural do Rio Janeiro (UFRRJ).<\/span><\/p>\n<p><span style=\"color: #0000ff\"><a style=\"color: #0000ff\" href=\"https:\/\/institucional.ufrrj.br\/protocolo\/files\/2020\/09\/PORTARIA-N\u00ba-14-16-10-2018.pdf\">Portaria N\u00ba 14, de 16 de Outubro de 2018.<\/a>\u00a0<span style=\"color: #000000\">Designa a Comiss\u00e3o Permanente de\u00a0 Avalia\u00e7\u00e3o de Documentos (CPAD).<\/span><\/span><\/p>\n<p><span style=\"color: #0000ff\"><a style=\"color: #0000ff\" href=\"https:\/\/institucional.ufrrj.br\/protocolo\/files\/2020\/09\/PORTARIA-N\u00ba-2-10-04-2018.pdf\">Portaria N\u00ba 2,\u00a0 de 10 de abril de 2018.<\/a> <span style=\"color: #000000\">Designa a Comiss\u00e3o Permanente de\u00a0 Avalia\u00e7\u00e3o de Documentos (CPAD).<\/span><\/span><\/p>\n<p><a style=\"color: #0000ff\" href=\"https:\/\/institucional.ufrrj.br\/protocolo\/files\/2020\/09\/Portaria-N\u00ba16-19-12-2015.pdf\">Portaria N\u00ba16, de 19 de novembro de 2015.<\/a><span style=\"color: #0000ff\">\u00a0<\/span><span style=\"color: #000000\">Designa a Comiss\u00e3o Permanente de\u00a0 Avalia\u00e7\u00e3o de Documentos (CPAD).<\/span><\/p>\n","protected":false},"excerpt":{"rendered":"<p>&nbsp; Portaria N\u00ba 3806, de 06 de outubro de 2020. Retifica os termos da Portaria n\u00ba 1260 \/ 2019 &#8211; <a class=\"read-more leiamais\" href=\"https:\/\/institucional.ufrrj.br\/protocolo\/portarias-internas\/ \">&#8230; leia mais<\/a><\/p>\n","protected":false},"author":634,"featured_media":0,"parent":0,"menu_order":0,"comment_status":"closed","ping_status":"closed","template":"","meta":{"footnotes":""},"class_list":["post-464","page","type-page","status-publish","hentry"],"yoast_head":"<!-- This site is optimized with the Yoast SEO plugin v27.2 - https:\/\/yoast.com\/product\/yoast-seo-wordpress\/ -->\n<title>Portarias Internas - Se\u00e7\u00e3o de Arquivo e Protocolo Geral<\/title>\n<meta name=\"robots\" content=\"index, follow, max-snippet:-1, max-image-preview:large, max-video-preview:-1\" \/>\n<link rel=\"canonical\" href=\"https:\/\/institucional.ufrrj.br\/protocolo\/portarias-internas\/\" \/>\n<meta property=\"og:locale\" content=\"pt_BR\" \/>\n<meta property=\"og:type\" content=\"article\" \/>\n<meta property=\"og:title\" content=\"Portarias Internas - Se\u00e7\u00e3o de Arquivo e Protocolo Geral\" \/>\n<meta property=\"og:description\" content=\"&nbsp; Portaria N\u00ba 3806, de 06 de outubro de 2020. Retifica os termos da Portaria n\u00ba 1260 \/ 2019 &#8211; ... leia mais\" \/>\n<meta property=\"og:url\" content=\"https:\/\/institucional.ufrrj.br\/protocolo\/portarias-internas\/\" \/>\n<meta property=\"og:site_name\" content=\"Se\u00e7\u00e3o de Arquivo e Protocolo Geral\" \/>\n<meta property=\"article:modified_time\" content=\"2020-10-16T18:15:31+00:00\" \/>\n<meta name=\"twitter:card\" content=\"summary_large_image\" \/>\n<meta name=\"twitter:label1\" content=\"Est. tempo de leitura\" \/>\n\t<meta name=\"twitter:data1\" content=\"1 minuto\" \/>\n<script type=\"application\/ld+json\" class=\"yoast-schema-graph\">{\"@context\":\"https:\/\/schema.org\",\"@graph\":[{\"@type\":\"WebPage\",\"@id\":\"https:\/\/institucional.ufrrj.br\/protocolo\/portarias-internas\/\",\"url\":\"https:\/\/institucional.ufrrj.br\/protocolo\/portarias-internas\/\",\"name\":\"Portarias Internas - Se\u00e7\u00e3o de Arquivo e Protocolo Geral\",\"isPartOf\":{\"@id\":\"https:\/\/institucional.ufrrj.br\/protocolo\/#website\"},\"datePublished\":\"2020-08-11T16:58:47+00:00\",\"dateModified\":\"2020-10-16T18:15:31+00:00\",\"breadcrumb\":{\"@id\":\"https:\/\/institucional.ufrrj.br\/protocolo\/portarias-internas\/#breadcrumb\"},\"inLanguage\":\"pt-BR\",\"potentialAction\":[{\"@type\":\"ReadAction\",\"target\":[\"https:\/\/institucional.ufrrj.br\/protocolo\/portarias-internas\/\"]}]},{\"@type\":\"BreadcrumbList\",\"@id\":\"https:\/\/institucional.ufrrj.br\/protocolo\/portarias-internas\/#breadcrumb\",\"itemListElement\":[{\"@type\":\"ListItem\",\"position\":1,\"name\":\"In\u00edcio\",\"item\":\"https:\/\/institucional.ufrrj.br\/protocolo\/\"},{\"@type\":\"ListItem\",\"position\":2,\"name\":\"Portarias Internas\"}]},{\"@type\":\"WebSite\",\"@id\":\"https:\/\/institucional.ufrrj.br\/protocolo\/#website\",\"url\":\"https:\/\/institucional.ufrrj.br\/protocolo\/\",\"name\":\"Se\u00e7\u00e3o de Arquivo e Protocolo Geral\",\"description\":\"Universidade Ferderal Rural do Rio de Janeiro \u2013 UFRRJ\",\"potentialAction\":[{\"@type\":\"SearchAction\",\"target\":{\"@type\":\"EntryPoint\",\"urlTemplate\":\"https:\/\/institucional.ufrrj.br\/protocolo\/?s={search_term_string}\"},\"query-input\":{\"@type\":\"PropertyValueSpecification\",\"valueRequired\":true,\"valueName\":\"search_term_string\"}}],\"inLanguage\":\"pt-BR\"}]}<\/script>\n<!-- \/ Yoast SEO plugin. -->","yoast_head_json":{"title":"Portarias Internas - Se\u00e7\u00e3o de Arquivo e Protocolo Geral","robots":{"index":"index","follow":"follow","max-snippet":"max-snippet:-1","max-image-preview":"max-image-preview:large","max-video-preview":"max-video-preview:-1"},"canonical":"https:\/\/institucional.ufrrj.br\/protocolo\/portarias-internas\/","og_locale":"pt_BR","og_type":"article","og_title":"Portarias Internas - Se\u00e7\u00e3o de Arquivo e Protocolo Geral","og_description":"&nbsp; Portaria N\u00ba 3806, de 06 de outubro de 2020. Retifica os termos da Portaria n\u00ba 1260 \/ 2019 &#8211; ... leia mais","og_url":"https:\/\/institucional.ufrrj.br\/protocolo\/portarias-internas\/","og_site_name":"Se\u00e7\u00e3o de Arquivo e Protocolo Geral","article_modified_time":"2020-10-16T18:15:31+00:00","twitter_card":"summary_large_image","twitter_misc":{"Est. tempo de leitura":"1 minuto"},"schema":{"@context":"https:\/\/schema.org","@graph":[{"@type":"WebPage","@id":"https:\/\/institucional.ufrrj.br\/protocolo\/portarias-internas\/","url":"https:\/\/institucional.ufrrj.br\/protocolo\/portarias-internas\/","name":"Portarias Internas - Se\u00e7\u00e3o de Arquivo e Protocolo Geral","isPartOf":{"@id":"https:\/\/institucional.ufrrj.br\/protocolo\/#website"},"datePublished":"2020-08-11T16:58:47+00:00","dateModified":"2020-10-16T18:15:31+00:00","breadcrumb":{"@id":"https:\/\/institucional.ufrrj.br\/protocolo\/portarias-internas\/#breadcrumb"},"inLanguage":"pt-BR","potentialAction":[{"@type":"ReadAction","target":["https:\/\/institucional.ufrrj.br\/protocolo\/portarias-internas\/"]}]},{"@type":"BreadcrumbList","@id":"https:\/\/institucional.ufrrj.br\/protocolo\/portarias-internas\/#breadcrumb","itemListElement":[{"@type":"ListItem","position":1,"name":"In\u00edcio","item":"https:\/\/institucional.ufrrj.br\/protocolo\/"},{"@type":"ListItem","position":2,"name":"Portarias Internas"}]},{"@type":"WebSite","@id":"https:\/\/institucional.ufrrj.br\/protocolo\/#website","url":"https:\/\/institucional.ufrrj.br\/protocolo\/","name":"Se\u00e7\u00e3o de Arquivo e Protocolo Geral","description":"Universidade Ferderal Rural do Rio de Janeiro \u2013 UFRRJ","potentialAction":[{"@type":"SearchAction","target":{"@type":"EntryPoint","urlTemplate":"https:\/\/institucional.ufrrj.br\/protocolo\/?s={search_term_string}"},"query-input":{"@type":"PropertyValueSpecification","valueRequired":true,"valueName":"search_term_string"}}],"inLanguage":"pt-BR"}]}},"_links":{"self":[{"href":"https:\/\/institucional.ufrrj.br\/protocolo\/wp-json\/wp\/v2\/pages\/464","targetHints":{"allow":["GET"]}}],"collection":[{"href":"https:\/\/institucional.ufrrj.br\/protocolo\/wp-json\/wp\/v2\/pages"}],"about":[{"href":"https:\/\/institucional.ufrrj.br\/protocolo\/wp-json\/wp\/v2\/types\/page"}],"author":[{"embeddable":true,"href":"https:\/\/institucional.ufrrj.br\/protocolo\/wp-json\/wp\/v2\/users\/634"}],"replies":[{"embeddable":true,"href":"https:\/\/institucional.ufrrj.br\/protocolo\/wp-json\/wp\/v2\/comments?post=464"}],"version-history":[{"count":14,"href":"https:\/\/institucional.ufrrj.br\/protocolo\/wp-json\/wp\/v2\/pages\/464\/revisions"}],"predecessor-version":[{"id":823,"href":"https:\/\/institucional.ufrrj.br\/protocolo\/wp-json\/wp\/v2\/pages\/464\/revisions\/823"}],"wp:attachment":[{"href":"https:\/\/institucional.ufrrj.br\/protocolo\/wp-json\/wp\/v2\/media?parent=464"}],"curies":[{"name":"wp","href":"https:\/\/api.w.org\/{rel}","templated":true}]}}