{"id":462,"date":"2020-08-11T13:58:23","date_gmt":"2020-08-11T16:58:23","guid":{"rendered":"http:\/\/institucional.ufrrj.br\/protocolo\/?page_id=462"},"modified":"2020-09-07T14:35:22","modified_gmt":"2020-09-07T17:35:22","slug":"acesso-a-informacao","status":"publish","type":"page","link":"https:\/\/institucional.ufrrj.br\/protocolo\/acesso-a-informacao\/","title":{"rendered":"Acesso \u00e0 informa\u00e7\u00e3o"},"content":{"rendered":"<p>&nbsp;<\/p>\n<p>&nbsp;<\/p>\n<p><span style=\"color: #ffff00\"><span style=\"color: #0000ff\"><a style=\"color: #0000ff\" href=\"http:\/\/www.planalto.gov.br\/ccivil_03\/_Ato2015-2018\/2018\/Lei\/L13709.htm\" target=\"_blank\" rel=\"noopener noreferrer\">Lei n<u><sup>o<\/sup><\/u>\u00a013.709 de 14 de agosto de 2018<\/a>.<\/span><span style=\"color: #000000\"> D<\/span><\/span>isp\u00f5e sobre a prote\u00e7\u00e3o de dados pessoais e d\u00e1 outras provid\u00eancias.<\/p>\n<p><a href=\"http:\/\/www.planalto.gov.br\/ccivil_03\/_ato2011-2014\/2011\/lei\/l12527.htm\" target=\"_blank\" rel=\"noopener noreferrer\"><span style=\"color: #0000ff\">Lei Federal n\u00ba 12.527, de 18 de novembro de 2011<\/span><\/a>\u00a0Regula o acesso a informa\u00e7\u00f5es previsto no inciso XXXIII do art. 5<u><sup>o<\/sup><\/u>, no inciso II do \u00a7 3<u><sup>o<\/sup><\/u>\u00a0do art. 37 e no \u00a7 2<u><sup>o<\/sup><\/u>do art. 216 da Constitui\u00e7\u00e3o Federal; altera a Lei n<u><sup>o<\/sup><\/u>\u00a08.112, de 11 de dezembro de 1990; revoga a Lei n<u><sup>o<\/sup><\/u>11.111, de 5 de maio de 2005, e dispositivos da Lei n<u><sup>o<\/sup><\/u>\u00a08.159, de 8 de janeiro de 1991; e d\u00e1 outras provid\u00eancias.<\/p>\n<p><span style=\"color: #0000ff\"><a style=\"color: #0000ff\" href=\"http:\/\/www.planalto.gov.br\/ccivil_03\/_ato2011-2014\/2012\/Decreto\/D7724.htm\" target=\"_blank\" rel=\"noopener noreferrer\">Decreto Federal n\u00ba 7.724, de 16 de maio de 2012<\/a>\u00a0<span style=\"color: #333300\">Regulamenta a Lei n<u><sup>o<\/sup><\/u>\u00a012.527, de 18 de novembro de 2011, que disp\u00f5e sobre o acesso a informa\u00e7\u00f5es previsto no inciso XXXIII do\u00a0<b>caput<\/b>\u00a0do art. 5<u><sup>o<\/sup><\/u>, no inciso II do \u00a7 3<u><sup>o<\/sup><\/u>\u00a0do art. 37 e no \u00a7 2<u><sup>o<\/sup><\/u>\u00a0do art. 216 da Constitui\u00e7\u00e3o.<\/span><\/span><\/p>\n<p><a href=\"http:\/\/www.acessoainformacao.gov.br\/lai-para-sic\/sic-apoio-orientacoes\/guias-e-orientacoes\/aplicacao-lai-3a-ed-web-002.pdf\" target=\"_blank\" rel=\"noopener noreferrer\"><span style=\"color: #333300\"><span style=\"color: #0000ff\">Aplica\u00e7\u00e3o\u00a0 da Lei de Acesso a Informa\u00e7\u00e3o na Administra\u00e7\u00e3o P\u00fablica Federal<\/span><\/span><\/a>, 3\u00aaedi\u00e7\u00e3o, 2017.<\/p>\n<p><a href=\"http:\/\/www.acessoainformacao.gov.br\/central-de-conteudo\/publicacoes\/arquivos\/cartilhaacessoainformacao.pdf\" target=\"_blank\" rel=\"noopener noreferrer\"><span style=\"color: #0000ff\">Cartilha sobre acesso \u00e0 informa\u00e7\u00e3o p\u00fablica<\/span><\/a>\u00a0\u2013 Introdu\u00e7\u00e3o \u00e0 Lei n \u00ba12.527, 18 de novembro de 2011.<\/p>\n<p><span style=\"color: #0000ff\"><a style=\"color: #0000ff\" href=\"http:\/\/www.planalto.gov.br\/ccivil_03\/_ato2015-2018\/2017\/decreto\/D9094.htm\" target=\"_blank\" rel=\"noopener noreferrer\">Decreto n\u00ba9.094, de 17 de julho de 2017<\/a><\/span>\u00a0\u00a0Disp\u00f5e sobre a simplifica\u00e7\u00e3o do atendimento prestado aos usu\u00e1rios dos servi\u00e7os p\u00fablicos, ratifica a dispensa do reconhecimento de firma e da autentica\u00e7\u00e3o em documentos produzidos no Pa\u00eds e institui a Carta de Servi\u00e7os ao Usu\u00e1rio.<\/p>\n","protected":false},"excerpt":{"rendered":"<p>&nbsp; &nbsp; Lei no\u00a013.709 de 14 de agosto de 2018. Disp\u00f5e sobre a prote\u00e7\u00e3o de dados pessoais e d\u00e1 outras <a class=\"read-more leiamais\" href=\"https:\/\/institucional.ufrrj.br\/protocolo\/acesso-a-informacao\/ \">&#8230; leia mais<\/a><\/p>\n","protected":false},"author":634,"featured_media":0,"parent":0,"menu_order":0,"comment_status":"closed","ping_status":"closed","template":"","meta":{"footnotes":""},"class_list":["post-462","page","type-page","status-publish","hentry"],"yoast_head":"<!-- This site is optimized with the Yoast SEO plugin v27.2 - https:\/\/yoast.com\/product\/yoast-seo-wordpress\/ -->\n<title>Acesso \u00e0 informa\u00e7\u00e3o - Se\u00e7\u00e3o de Arquivo e Protocolo Geral<\/title>\n<meta name=\"robots\" content=\"index, follow, max-snippet:-1, max-image-preview:large, max-video-preview:-1\" \/>\n<link rel=\"canonical\" href=\"https:\/\/institucional.ufrrj.br\/protocolo\/acesso-a-informacao\/\" \/>\n<meta property=\"og:locale\" content=\"pt_BR\" \/>\n<meta property=\"og:type\" content=\"article\" \/>\n<meta property=\"og:title\" content=\"Acesso \u00e0 informa\u00e7\u00e3o - Se\u00e7\u00e3o de Arquivo e Protocolo Geral\" \/>\n<meta property=\"og:description\" content=\"&nbsp; &nbsp; Lei no\u00a013.709 de 14 de agosto de 2018. Disp\u00f5e sobre a prote\u00e7\u00e3o de dados pessoais e d\u00e1 outras ... leia mais\" \/>\n<meta property=\"og:url\" content=\"https:\/\/institucional.ufrrj.br\/protocolo\/acesso-a-informacao\/\" \/>\n<meta property=\"og:site_name\" content=\"Se\u00e7\u00e3o de Arquivo e Protocolo Geral\" \/>\n<meta property=\"article:modified_time\" content=\"2020-09-07T17:35:22+00:00\" \/>\n<meta name=\"twitter:card\" content=\"summary_large_image\" \/>\n<meta name=\"twitter:label1\" content=\"Est. tempo de leitura\" \/>\n\t<meta name=\"twitter:data1\" content=\"1 minuto\" \/>\n<script type=\"application\/ld+json\" class=\"yoast-schema-graph\">{\"@context\":\"https:\/\/schema.org\",\"@graph\":[{\"@type\":\"WebPage\",\"@id\":\"https:\/\/institucional.ufrrj.br\/protocolo\/acesso-a-informacao\/\",\"url\":\"https:\/\/institucional.ufrrj.br\/protocolo\/acesso-a-informacao\/\",\"name\":\"Acesso \u00e0 informa\u00e7\u00e3o - Se\u00e7\u00e3o de Arquivo e Protocolo Geral\",\"isPartOf\":{\"@id\":\"https:\/\/institucional.ufrrj.br\/protocolo\/#website\"},\"datePublished\":\"2020-08-11T16:58:23+00:00\",\"dateModified\":\"2020-09-07T17:35:22+00:00\",\"breadcrumb\":{\"@id\":\"https:\/\/institucional.ufrrj.br\/protocolo\/acesso-a-informacao\/#breadcrumb\"},\"inLanguage\":\"pt-BR\",\"potentialAction\":[{\"@type\":\"ReadAction\",\"target\":[\"https:\/\/institucional.ufrrj.br\/protocolo\/acesso-a-informacao\/\"]}]},{\"@type\":\"BreadcrumbList\",\"@id\":\"https:\/\/institucional.ufrrj.br\/protocolo\/acesso-a-informacao\/#breadcrumb\",\"itemListElement\":[{\"@type\":\"ListItem\",\"position\":1,\"name\":\"In\u00edcio\",\"item\":\"https:\/\/institucional.ufrrj.br\/protocolo\/\"},{\"@type\":\"ListItem\",\"position\":2,\"name\":\"Acesso \u00e0 informa\u00e7\u00e3o\"}]},{\"@type\":\"WebSite\",\"@id\":\"https:\/\/institucional.ufrrj.br\/protocolo\/#website\",\"url\":\"https:\/\/institucional.ufrrj.br\/protocolo\/\",\"name\":\"Se\u00e7\u00e3o de Arquivo e Protocolo Geral\",\"description\":\"Universidade Ferderal Rural do Rio de Janeiro \u2013 UFRRJ\",\"potentialAction\":[{\"@type\":\"SearchAction\",\"target\":{\"@type\":\"EntryPoint\",\"urlTemplate\":\"https:\/\/institucional.ufrrj.br\/protocolo\/?s={search_term_string}\"},\"query-input\":{\"@type\":\"PropertyValueSpecification\",\"valueRequired\":true,\"valueName\":\"search_term_string\"}}],\"inLanguage\":\"pt-BR\"}]}<\/script>\n<!-- \/ Yoast SEO plugin. -->","yoast_head_json":{"title":"Acesso \u00e0 informa\u00e7\u00e3o - Se\u00e7\u00e3o de Arquivo e Protocolo Geral","robots":{"index":"index","follow":"follow","max-snippet":"max-snippet:-1","max-image-preview":"max-image-preview:large","max-video-preview":"max-video-preview:-1"},"canonical":"https:\/\/institucional.ufrrj.br\/protocolo\/acesso-a-informacao\/","og_locale":"pt_BR","og_type":"article","og_title":"Acesso \u00e0 informa\u00e7\u00e3o - Se\u00e7\u00e3o de Arquivo e Protocolo Geral","og_description":"&nbsp; &nbsp; Lei no\u00a013.709 de 14 de agosto de 2018. Disp\u00f5e sobre a prote\u00e7\u00e3o de dados pessoais e d\u00e1 outras ... leia mais","og_url":"https:\/\/institucional.ufrrj.br\/protocolo\/acesso-a-informacao\/","og_site_name":"Se\u00e7\u00e3o de Arquivo e Protocolo Geral","article_modified_time":"2020-09-07T17:35:22+00:00","twitter_card":"summary_large_image","twitter_misc":{"Est. tempo de leitura":"1 minuto"},"schema":{"@context":"https:\/\/schema.org","@graph":[{"@type":"WebPage","@id":"https:\/\/institucional.ufrrj.br\/protocolo\/acesso-a-informacao\/","url":"https:\/\/institucional.ufrrj.br\/protocolo\/acesso-a-informacao\/","name":"Acesso \u00e0 informa\u00e7\u00e3o - Se\u00e7\u00e3o de Arquivo e Protocolo Geral","isPartOf":{"@id":"https:\/\/institucional.ufrrj.br\/protocolo\/#website"},"datePublished":"2020-08-11T16:58:23+00:00","dateModified":"2020-09-07T17:35:22+00:00","breadcrumb":{"@id":"https:\/\/institucional.ufrrj.br\/protocolo\/acesso-a-informacao\/#breadcrumb"},"inLanguage":"pt-BR","potentialAction":[{"@type":"ReadAction","target":["https:\/\/institucional.ufrrj.br\/protocolo\/acesso-a-informacao\/"]}]},{"@type":"BreadcrumbList","@id":"https:\/\/institucional.ufrrj.br\/protocolo\/acesso-a-informacao\/#breadcrumb","itemListElement":[{"@type":"ListItem","position":1,"name":"In\u00edcio","item":"https:\/\/institucional.ufrrj.br\/protocolo\/"},{"@type":"ListItem","position":2,"name":"Acesso \u00e0 informa\u00e7\u00e3o"}]},{"@type":"WebSite","@id":"https:\/\/institucional.ufrrj.br\/protocolo\/#website","url":"https:\/\/institucional.ufrrj.br\/protocolo\/","name":"Se\u00e7\u00e3o de Arquivo e Protocolo Geral","description":"Universidade Ferderal Rural do Rio de Janeiro \u2013 UFRRJ","potentialAction":[{"@type":"SearchAction","target":{"@type":"EntryPoint","urlTemplate":"https:\/\/institucional.ufrrj.br\/protocolo\/?s={search_term_string}"},"query-input":{"@type":"PropertyValueSpecification","valueRequired":true,"valueName":"search_term_string"}}],"inLanguage":"pt-BR"}]}},"_links":{"self":[{"href":"https:\/\/institucional.ufrrj.br\/protocolo\/wp-json\/wp\/v2\/pages\/462","targetHints":{"allow":["GET"]}}],"collection":[{"href":"https:\/\/institucional.ufrrj.br\/protocolo\/wp-json\/wp\/v2\/pages"}],"about":[{"href":"https:\/\/institucional.ufrrj.br\/protocolo\/wp-json\/wp\/v2\/types\/page"}],"author":[{"embeddable":true,"href":"https:\/\/institucional.ufrrj.br\/protocolo\/wp-json\/wp\/v2\/users\/634"}],"replies":[{"embeddable":true,"href":"https:\/\/institucional.ufrrj.br\/protocolo\/wp-json\/wp\/v2\/comments?post=462"}],"version-history":[{"count":3,"href":"https:\/\/institucional.ufrrj.br\/protocolo\/wp-json\/wp\/v2\/pages\/462\/revisions"}],"predecessor-version":[{"id":564,"href":"https:\/\/institucional.ufrrj.br\/protocolo\/wp-json\/wp\/v2\/pages\/462\/revisions\/564"}],"wp:attachment":[{"href":"https:\/\/institucional.ufrrj.br\/protocolo\/wp-json\/wp\/v2\/media?parent=462"}],"curies":[{"name":"wp","href":"https:\/\/api.w.org\/{rel}","templated":true}]}}