{"id":38,"date":"2015-05-27T18:30:51","date_gmt":"2015-05-27T18:30:51","guid":{"rendered":"http:\/\/institucional.ufrrj.br\/protocolo\/?page_id=38"},"modified":"2020-09-11T14:57:02","modified_gmt":"2020-09-11T17:57:02","slug":"protocolo-tres-rios","status":"publish","type":"page","link":"https:\/\/institucional.ufrrj.br\/protocolo\/protocolo-tres-rios\/","title":{"rendered":"Protocolo Tr\u00eas Rios"},"content":{"rendered":"<p>&nbsp;<\/p>\n<p><span style=\"font-size: 16px\">A Se\u00e7\u00e3o de Protocolo do Campus\u00a0Tr\u00eas Rios\u00a0 \u00e9 respons\u00e1vel pelo recebimento, classifica\u00e7\u00e3o, registro, distribui\u00e7\u00e3o, expedi\u00e7\u00e3o e tramita\u00e7\u00e3o de documentos no <\/span>Campus<span style=\"font-size: 16px\">\u00a0Tr\u00eas Rios da UFRRJ (ITR\/UFRRJ).<\/span><\/p>\n<h2><\/h2>\n<h4><\/h4>\n<h4 style=\"text-align: center\"><\/h4>\n<p>&nbsp;<\/p>\n<div class=\"box-descricao box-conteudo\">\n<h4><strong>Respons\u00e1vel:<\/strong><\/h4>\n<p>Renata Fraga Pinheiro<\/p>\n<\/div>\n<h4><\/h4>\n<p>&nbsp;<\/p>\n<div class=\"box-descricao box-conteudo\">\n<p><strong>Telefone<\/strong>:<br \/>\n(21) 2681-4928<\/p>\n<p>&nbsp;<\/p>\n<p><strong>Emai<\/strong>l:<\/p>\n<p>renatafragapinheiro@gmail.com<\/p>\n<p>&nbsp;<\/p>\n<h4 style=\"text-align: center\"><strong>Site:\u00a0<\/strong><\/h4>\n<h4 style=\"text-align: center\"><strong><span style=\"color: #0000ff\"><a style=\"color: #0000ff\" href=\"https:\/\/itr.ufrrj.br\/portal\/secoes\/protocolo\/\" target=\"_blank\" rel=\"noopener noreferrer\">Protocolo do Campus Tr\u00eas Rios<\/a><\/span><\/strong><\/h4>\n<\/div>\n","protected":false},"excerpt":{"rendered":"<p>&nbsp; A Se\u00e7\u00e3o de Protocolo do Campus\u00a0Tr\u00eas Rios\u00a0 \u00e9 respons\u00e1vel pelo recebimento, classifica\u00e7\u00e3o, registro, distribui\u00e7\u00e3o, expedi\u00e7\u00e3o e tramita\u00e7\u00e3o de documentos <a class=\"read-more leiamais\" href=\"https:\/\/institucional.ufrrj.br\/protocolo\/protocolo-tres-rios\/ \">&#8230; leia mais<\/a><\/p>\n","protected":false},"author":634,"featured_media":0,"parent":0,"menu_order":0,"comment_status":"open","ping_status":"open","template":"","meta":{"footnotes":""},"class_list":["post-38","page","type-page","status-publish","hentry"],"yoast_head":"<!-- This site is optimized with the Yoast SEO plugin v27.2 - https:\/\/yoast.com\/product\/yoast-seo-wordpress\/ -->\n<title>Protocolo Tr\u00eas Rios - Se\u00e7\u00e3o de Arquivo e Protocolo Geral<\/title>\n<meta name=\"robots\" content=\"index, follow, max-snippet:-1, max-image-preview:large, max-video-preview:-1\" \/>\n<link rel=\"canonical\" href=\"https:\/\/institucional.ufrrj.br\/protocolo\/protocolo-tres-rios\/\" \/>\n<meta property=\"og:locale\" content=\"pt_BR\" \/>\n<meta property=\"og:type\" content=\"article\" \/>\n<meta property=\"og:title\" content=\"Protocolo Tr\u00eas Rios - Se\u00e7\u00e3o de Arquivo e Protocolo Geral\" \/>\n<meta property=\"og:description\" content=\"&nbsp; A Se\u00e7\u00e3o de Protocolo do Campus\u00a0Tr\u00eas Rios\u00a0 \u00e9 respons\u00e1vel pelo recebimento, classifica\u00e7\u00e3o, registro, distribui\u00e7\u00e3o, expedi\u00e7\u00e3o e tramita\u00e7\u00e3o de documentos ... leia mais\" \/>\n<meta property=\"og:url\" content=\"https:\/\/institucional.ufrrj.br\/protocolo\/protocolo-tres-rios\/\" \/>\n<meta property=\"og:site_name\" content=\"Se\u00e7\u00e3o de Arquivo e Protocolo Geral\" \/>\n<meta property=\"article:modified_time\" content=\"2020-09-11T17:57:02+00:00\" \/>\n<meta name=\"twitter:card\" content=\"summary_large_image\" \/>\n<script type=\"application\/ld+json\" class=\"yoast-schema-graph\">{\"@context\":\"https:\/\/schema.org\",\"@graph\":[{\"@type\":\"WebPage\",\"@id\":\"https:\/\/institucional.ufrrj.br\/protocolo\/protocolo-tres-rios\/\",\"url\":\"https:\/\/institucional.ufrrj.br\/protocolo\/protocolo-tres-rios\/\",\"name\":\"Protocolo Tr\u00eas Rios - Se\u00e7\u00e3o de Arquivo e Protocolo Geral\",\"isPartOf\":{\"@id\":\"https:\/\/institucional.ufrrj.br\/protocolo\/#website\"},\"datePublished\":\"2015-05-27T18:30:51+00:00\",\"dateModified\":\"2020-09-11T17:57:02+00:00\",\"breadcrumb\":{\"@id\":\"https:\/\/institucional.ufrrj.br\/protocolo\/protocolo-tres-rios\/#breadcrumb\"},\"inLanguage\":\"pt-BR\",\"potentialAction\":[{\"@type\":\"ReadAction\",\"target\":[\"https:\/\/institucional.ufrrj.br\/protocolo\/protocolo-tres-rios\/\"]}]},{\"@type\":\"BreadcrumbList\",\"@id\":\"https:\/\/institucional.ufrrj.br\/protocolo\/protocolo-tres-rios\/#breadcrumb\",\"itemListElement\":[{\"@type\":\"ListItem\",\"position\":1,\"name\":\"In\u00edcio\",\"item\":\"https:\/\/institucional.ufrrj.br\/protocolo\/\"},{\"@type\":\"ListItem\",\"position\":2,\"name\":\"Protocolo Tr\u00eas Rios\"}]},{\"@type\":\"WebSite\",\"@id\":\"https:\/\/institucional.ufrrj.br\/protocolo\/#website\",\"url\":\"https:\/\/institucional.ufrrj.br\/protocolo\/\",\"name\":\"Se\u00e7\u00e3o de Arquivo e Protocolo Geral\",\"description\":\"Universidade Ferderal Rural do Rio de Janeiro \u2013 UFRRJ\",\"potentialAction\":[{\"@type\":\"SearchAction\",\"target\":{\"@type\":\"EntryPoint\",\"urlTemplate\":\"https:\/\/institucional.ufrrj.br\/protocolo\/?s={search_term_string}\"},\"query-input\":{\"@type\":\"PropertyValueSpecification\",\"valueRequired\":true,\"valueName\":\"search_term_string\"}}],\"inLanguage\":\"pt-BR\"}]}<\/script>\n<!-- \/ Yoast SEO plugin. -->","yoast_head_json":{"title":"Protocolo Tr\u00eas Rios - Se\u00e7\u00e3o de Arquivo e Protocolo Geral","robots":{"index":"index","follow":"follow","max-snippet":"max-snippet:-1","max-image-preview":"max-image-preview:large","max-video-preview":"max-video-preview:-1"},"canonical":"https:\/\/institucional.ufrrj.br\/protocolo\/protocolo-tres-rios\/","og_locale":"pt_BR","og_type":"article","og_title":"Protocolo Tr\u00eas Rios - Se\u00e7\u00e3o de Arquivo e Protocolo Geral","og_description":"&nbsp; A Se\u00e7\u00e3o de Protocolo do Campus\u00a0Tr\u00eas Rios\u00a0 \u00e9 respons\u00e1vel pelo recebimento, classifica\u00e7\u00e3o, registro, distribui\u00e7\u00e3o, expedi\u00e7\u00e3o e tramita\u00e7\u00e3o de documentos ... leia mais","og_url":"https:\/\/institucional.ufrrj.br\/protocolo\/protocolo-tres-rios\/","og_site_name":"Se\u00e7\u00e3o de Arquivo e Protocolo Geral","article_modified_time":"2020-09-11T17:57:02+00:00","twitter_card":"summary_large_image","schema":{"@context":"https:\/\/schema.org","@graph":[{"@type":"WebPage","@id":"https:\/\/institucional.ufrrj.br\/protocolo\/protocolo-tres-rios\/","url":"https:\/\/institucional.ufrrj.br\/protocolo\/protocolo-tres-rios\/","name":"Protocolo Tr\u00eas Rios - Se\u00e7\u00e3o de Arquivo e Protocolo Geral","isPartOf":{"@id":"https:\/\/institucional.ufrrj.br\/protocolo\/#website"},"datePublished":"2015-05-27T18:30:51+00:00","dateModified":"2020-09-11T17:57:02+00:00","breadcrumb":{"@id":"https:\/\/institucional.ufrrj.br\/protocolo\/protocolo-tres-rios\/#breadcrumb"},"inLanguage":"pt-BR","potentialAction":[{"@type":"ReadAction","target":["https:\/\/institucional.ufrrj.br\/protocolo\/protocolo-tres-rios\/"]}]},{"@type":"BreadcrumbList","@id":"https:\/\/institucional.ufrrj.br\/protocolo\/protocolo-tres-rios\/#breadcrumb","itemListElement":[{"@type":"ListItem","position":1,"name":"In\u00edcio","item":"https:\/\/institucional.ufrrj.br\/protocolo\/"},{"@type":"ListItem","position":2,"name":"Protocolo Tr\u00eas Rios"}]},{"@type":"WebSite","@id":"https:\/\/institucional.ufrrj.br\/protocolo\/#website","url":"https:\/\/institucional.ufrrj.br\/protocolo\/","name":"Se\u00e7\u00e3o de Arquivo e Protocolo Geral","description":"Universidade Ferderal Rural do Rio de Janeiro \u2013 UFRRJ","potentialAction":[{"@type":"SearchAction","target":{"@type":"EntryPoint","urlTemplate":"https:\/\/institucional.ufrrj.br\/protocolo\/?s={search_term_string}"},"query-input":{"@type":"PropertyValueSpecification","valueRequired":true,"valueName":"search_term_string"}}],"inLanguage":"pt-BR"}]}},"_links":{"self":[{"href":"https:\/\/institucional.ufrrj.br\/protocolo\/wp-json\/wp\/v2\/pages\/38","targetHints":{"allow":["GET"]}}],"collection":[{"href":"https:\/\/institucional.ufrrj.br\/protocolo\/wp-json\/wp\/v2\/pages"}],"about":[{"href":"https:\/\/institucional.ufrrj.br\/protocolo\/wp-json\/wp\/v2\/types\/page"}],"author":[{"embeddable":true,"href":"https:\/\/institucional.ufrrj.br\/protocolo\/wp-json\/wp\/v2\/users\/634"}],"replies":[{"embeddable":true,"href":"https:\/\/institucional.ufrrj.br\/protocolo\/wp-json\/wp\/v2\/comments?post=38"}],"version-history":[{"count":12,"href":"https:\/\/institucional.ufrrj.br\/protocolo\/wp-json\/wp\/v2\/pages\/38\/revisions"}],"predecessor-version":[{"id":610,"href":"https:\/\/institucional.ufrrj.br\/protocolo\/wp-json\/wp\/v2\/pages\/38\/revisions\/610"}],"wp:attachment":[{"href":"https:\/\/institucional.ufrrj.br\/protocolo\/wp-json\/wp\/v2\/media?parent=38"}],"curies":[{"name":"wp","href":"https:\/\/api.w.org\/{rel}","templated":true}]}}