{"id":34,"date":"2015-05-27T18:29:30","date_gmt":"2015-05-27T18:29:30","guid":{"rendered":"http:\/\/institucional.ufrrj.br\/protocolo\/?page_id=34"},"modified":"2025-04-09T11:53:46","modified_gmt":"2025-04-09T14:53:46","slug":"seropedica","status":"publish","type":"page","link":"https:\/\/institucional.ufrrj.br\/protocolo\/seropedica\/","title":{"rendered":"Protocolo Serop\u00e9dica"},"content":{"rendered":"<h4 style=\"text-align: left\"><\/h4>\n<h4><\/h4>\n<p>&nbsp;<\/p>\n<p>&nbsp;<\/p>\n<h4><\/h4>\n<h4><strong>Respons\u00e1vel:<\/strong><\/h4>\n<p>Marcella de Paula Gon\u00e7alves<\/p>\n<p>&nbsp;<\/p>\n<h4><strong>Hor\u00e1rio de atendimento<\/strong>:<\/h4>\n<p>8h \u00e0s 17h<\/p>\n<p>&nbsp;<\/p>\n<h4><strong>Telefone:<\/strong><\/h4>\n<p>(21) 2682-3045<\/p>\n<p>&nbsp;<\/p>\n<h4><strong>E-mail:<\/strong><\/h4>\n<p>protocolo@ufrrj.br<\/p>\n<p>&nbsp;<\/p>\n<h4><strong>Mensageiro instant\u00e2neo (exclusivo para servidor da UFRRJ):<\/strong><\/h4>\n<p><a href=\"https:\/\/converse.ufrrj.br\/channel\/protocolo_sapg\">#protocolo_sapg<\/a><\/p>\n<p>&nbsp;<\/p>\n<h4><strong>Localiza\u00e7\u00e3o<\/strong>:<\/h4>\n<p>UFRRJ, Serop\u00e9dica. Pavilh\u00e3o central (P1), sala 8<\/p>\n","protected":false},"excerpt":{"rendered":"<p>&nbsp; &nbsp; Respons\u00e1vel: Marcella de Paula Gon\u00e7alves &nbsp; Hor\u00e1rio de atendimento: 8h \u00e0s 17h &nbsp; Telefone: (21) 2682-3045 &nbsp; E-mail: <a class=\"read-more leiamais\" href=\"https:\/\/institucional.ufrrj.br\/protocolo\/seropedica\/ \">&#8230; leia mais<\/a><\/p>\n","protected":false},"author":634,"featured_media":0,"parent":0,"menu_order":0,"comment_status":"open","ping_status":"open","template":"","meta":{"footnotes":""},"class_list":["post-34","page","type-page","status-publish","hentry"],"yoast_head":"<!-- This site is optimized with the Yoast SEO plugin v27.2 - https:\/\/yoast.com\/product\/yoast-seo-wordpress\/ -->\n<title>Protocolo Serop\u00e9dica - Se\u00e7\u00e3o de Arquivo e Protocolo Geral<\/title>\n<meta name=\"robots\" content=\"index, follow, max-snippet:-1, max-image-preview:large, max-video-preview:-1\" \/>\n<link rel=\"canonical\" href=\"https:\/\/institucional.ufrrj.br\/protocolo\/seropedica\/\" \/>\n<meta property=\"og:locale\" content=\"pt_BR\" \/>\n<meta property=\"og:type\" content=\"article\" \/>\n<meta property=\"og:title\" content=\"Protocolo Serop\u00e9dica - Se\u00e7\u00e3o de Arquivo e Protocolo Geral\" \/>\n<meta property=\"og:description\" content=\"&nbsp; &nbsp; Respons\u00e1vel: Marcella de Paula Gon\u00e7alves &nbsp; Hor\u00e1rio de atendimento: 8h \u00e0s 17h &nbsp; Telefone: (21) 2682-3045 &nbsp; E-mail: ... leia mais\" \/>\n<meta property=\"og:url\" content=\"https:\/\/institucional.ufrrj.br\/protocolo\/seropedica\/\" \/>\n<meta property=\"og:site_name\" content=\"Se\u00e7\u00e3o de Arquivo e Protocolo Geral\" \/>\n<meta property=\"article:modified_time\" content=\"2025-04-09T14:53:46+00:00\" \/>\n<meta name=\"twitter:card\" content=\"summary_large_image\" \/>\n<script type=\"application\/ld+json\" class=\"yoast-schema-graph\">{\"@context\":\"https:\/\/schema.org\",\"@graph\":[{\"@type\":\"WebPage\",\"@id\":\"https:\/\/institucional.ufrrj.br\/protocolo\/seropedica\/\",\"url\":\"https:\/\/institucional.ufrrj.br\/protocolo\/seropedica\/\",\"name\":\"Protocolo Serop\u00e9dica - Se\u00e7\u00e3o de Arquivo e Protocolo Geral\",\"isPartOf\":{\"@id\":\"https:\/\/institucional.ufrrj.br\/protocolo\/#website\"},\"datePublished\":\"2015-05-27T18:29:30+00:00\",\"dateModified\":\"2025-04-09T14:53:46+00:00\",\"breadcrumb\":{\"@id\":\"https:\/\/institucional.ufrrj.br\/protocolo\/seropedica\/#breadcrumb\"},\"inLanguage\":\"pt-BR\",\"potentialAction\":[{\"@type\":\"ReadAction\",\"target\":[\"https:\/\/institucional.ufrrj.br\/protocolo\/seropedica\/\"]}]},{\"@type\":\"BreadcrumbList\",\"@id\":\"https:\/\/institucional.ufrrj.br\/protocolo\/seropedica\/#breadcrumb\",\"itemListElement\":[{\"@type\":\"ListItem\",\"position\":1,\"name\":\"In\u00edcio\",\"item\":\"https:\/\/institucional.ufrrj.br\/protocolo\/\"},{\"@type\":\"ListItem\",\"position\":2,\"name\":\"Protocolo Serop\u00e9dica\"}]},{\"@type\":\"WebSite\",\"@id\":\"https:\/\/institucional.ufrrj.br\/protocolo\/#website\",\"url\":\"https:\/\/institucional.ufrrj.br\/protocolo\/\",\"name\":\"Se\u00e7\u00e3o de Arquivo e Protocolo Geral\",\"description\":\"Universidade Ferderal Rural do Rio de Janeiro \u2013 UFRRJ\",\"potentialAction\":[{\"@type\":\"SearchAction\",\"target\":{\"@type\":\"EntryPoint\",\"urlTemplate\":\"https:\/\/institucional.ufrrj.br\/protocolo\/?s={search_term_string}\"},\"query-input\":{\"@type\":\"PropertyValueSpecification\",\"valueRequired\":true,\"valueName\":\"search_term_string\"}}],\"inLanguage\":\"pt-BR\"}]}<\/script>\n<!-- \/ Yoast SEO plugin. -->","yoast_head_json":{"title":"Protocolo Serop\u00e9dica - Se\u00e7\u00e3o de Arquivo e Protocolo Geral","robots":{"index":"index","follow":"follow","max-snippet":"max-snippet:-1","max-image-preview":"max-image-preview:large","max-video-preview":"max-video-preview:-1"},"canonical":"https:\/\/institucional.ufrrj.br\/protocolo\/seropedica\/","og_locale":"pt_BR","og_type":"article","og_title":"Protocolo Serop\u00e9dica - Se\u00e7\u00e3o de Arquivo e Protocolo Geral","og_description":"&nbsp; &nbsp; Respons\u00e1vel: Marcella de Paula Gon\u00e7alves &nbsp; Hor\u00e1rio de atendimento: 8h \u00e0s 17h &nbsp; Telefone: (21) 2682-3045 &nbsp; E-mail: ... leia mais","og_url":"https:\/\/institucional.ufrrj.br\/protocolo\/seropedica\/","og_site_name":"Se\u00e7\u00e3o de Arquivo e Protocolo Geral","article_modified_time":"2025-04-09T14:53:46+00:00","twitter_card":"summary_large_image","schema":{"@context":"https:\/\/schema.org","@graph":[{"@type":"WebPage","@id":"https:\/\/institucional.ufrrj.br\/protocolo\/seropedica\/","url":"https:\/\/institucional.ufrrj.br\/protocolo\/seropedica\/","name":"Protocolo Serop\u00e9dica - Se\u00e7\u00e3o de Arquivo e Protocolo Geral","isPartOf":{"@id":"https:\/\/institucional.ufrrj.br\/protocolo\/#website"},"datePublished":"2015-05-27T18:29:30+00:00","dateModified":"2025-04-09T14:53:46+00:00","breadcrumb":{"@id":"https:\/\/institucional.ufrrj.br\/protocolo\/seropedica\/#breadcrumb"},"inLanguage":"pt-BR","potentialAction":[{"@type":"ReadAction","target":["https:\/\/institucional.ufrrj.br\/protocolo\/seropedica\/"]}]},{"@type":"BreadcrumbList","@id":"https:\/\/institucional.ufrrj.br\/protocolo\/seropedica\/#breadcrumb","itemListElement":[{"@type":"ListItem","position":1,"name":"In\u00edcio","item":"https:\/\/institucional.ufrrj.br\/protocolo\/"},{"@type":"ListItem","position":2,"name":"Protocolo Serop\u00e9dica"}]},{"@type":"WebSite","@id":"https:\/\/institucional.ufrrj.br\/protocolo\/#website","url":"https:\/\/institucional.ufrrj.br\/protocolo\/","name":"Se\u00e7\u00e3o de Arquivo e Protocolo Geral","description":"Universidade Ferderal Rural do Rio de Janeiro \u2013 UFRRJ","potentialAction":[{"@type":"SearchAction","target":{"@type":"EntryPoint","urlTemplate":"https:\/\/institucional.ufrrj.br\/protocolo\/?s={search_term_string}"},"query-input":{"@type":"PropertyValueSpecification","valueRequired":true,"valueName":"search_term_string"}}],"inLanguage":"pt-BR"}]}},"_links":{"self":[{"href":"https:\/\/institucional.ufrrj.br\/protocolo\/wp-json\/wp\/v2\/pages\/34","targetHints":{"allow":["GET"]}}],"collection":[{"href":"https:\/\/institucional.ufrrj.br\/protocolo\/wp-json\/wp\/v2\/pages"}],"about":[{"href":"https:\/\/institucional.ufrrj.br\/protocolo\/wp-json\/wp\/v2\/types\/page"}],"author":[{"embeddable":true,"href":"https:\/\/institucional.ufrrj.br\/protocolo\/wp-json\/wp\/v2\/users\/634"}],"replies":[{"embeddable":true,"href":"https:\/\/institucional.ufrrj.br\/protocolo\/wp-json\/wp\/v2\/comments?post=34"}],"version-history":[{"count":21,"href":"https:\/\/institucional.ufrrj.br\/protocolo\/wp-json\/wp\/v2\/pages\/34\/revisions"}],"predecessor-version":[{"id":1844,"href":"https:\/\/institucional.ufrrj.br\/protocolo\/wp-json\/wp\/v2\/pages\/34\/revisions\/1844"}],"wp:attachment":[{"href":"https:\/\/institucional.ufrrj.br\/protocolo\/wp-json\/wp\/v2\/media?parent=34"}],"curies":[{"name":"wp","href":"https:\/\/api.w.org\/{rel}","templated":true}]}}