{"id":13,"date":"2015-05-27T18:10:22","date_gmt":"2015-05-27T18:10:22","guid":{"rendered":"http:\/\/institucional.ufrrj.br\/protocolo\/?page_id=13"},"modified":"2024-10-17T13:35:55","modified_gmt":"2024-10-17T16:35:55","slug":"equipe","status":"publish","type":"page","link":"https:\/\/institucional.ufrrj.br\/protocolo\/equipe\/","title":{"rendered":"Equipe"},"content":{"rendered":"<h4><\/h4>\n<p>&nbsp;<\/p>\n<p>&nbsp;<\/p>\n<h4><\/h4>\n<h4 style=\"text-align: left\"><strong>Chefe de Se\u00e7\u00e3o-Titular<\/strong><\/h4>\n<h4><a href=\"https:\/\/institucional.ufrrj.br\/protocolo\/files\/2023\/10\/Marcella.jpg\"><img loading=\"lazy\" decoding=\"async\" class=\"wp-image-1762 alignleft\" src=\"https:\/\/institucional.ufrrj.br\/protocolo\/files\/2023\/10\/Marcella.jpg\" alt=\"\" width=\"165\" height=\"148\" \/><\/a><\/h4>\n<h4><\/h4>\n<h4><\/h4>\n<h4><\/h4>\n<p>&nbsp;<\/p>\n<p>&nbsp;<\/p>\n<h4 style=\"text-align: center\"><strong>\u00a0 \u00a0<\/strong><\/h4>\n<h4 style=\"text-align: left\"><strong>\u00a0 Arquivistas<\/strong><\/h4>\n<p>&nbsp;<\/p>\n<p><a href=\"https:\/\/institucional.ufrrj.br\/protocolo\/files\/2022\/10\/Grace.png\"><img loading=\"lazy\" decoding=\"async\" class=\"wp-image-1589 alignnone\" src=\"https:\/\/institucional.ufrrj.br\/protocolo\/files\/2022\/10\/Grace.png\" alt=\"\" width=\"133\" height=\"136\" \/><\/a><a href=\"https:\/\/institucional.ufrrj.br\/protocolo\/files\/2020\/12\/esse-aqui.png\"><img loading=\"lazy\" decoding=\"async\" class=\"alignleft wp-image-1099\" src=\"https:\/\/institucional.ufrrj.br\/protocolo\/files\/2020\/12\/esse-aqui.png\" alt=\"\" width=\"151\" height=\"131\" \/><\/a><\/p>\n<p>&nbsp;<\/p>\n<p>&nbsp;<\/p>\n<h4 style=\"text-align: left\"><strong>Assistente em Administra\u00e7\u00e3o<\/strong><\/h4>\n<p><a href=\"https:\/\/institucional.ufrrj.br\/protocolo\/files\/2020\/12\/Hellen-ultima-altera\u00e7\u00e3o.png\"><img loading=\"lazy\" decoding=\"async\" class=\"wp-image-1101 alignleft\" src=\"https:\/\/institucional.ufrrj.br\/protocolo\/files\/2020\/12\/Hellen-ultima-altera\u00e7\u00e3o.png\" alt=\"\" width=\"151\" height=\"142\" \/><\/a><\/p>\n<p>&nbsp;<\/p>\n<h4><\/h4>\n<h4><\/h4>\n<h4><\/h4>\n<h4><\/h4>\n<h4 style=\"text-align: left\"><strong>Empregado P\u00fablico Cedido \u00e0 UFRRJ<\/strong><\/h4>\n<p><a href=\"https:\/\/institucional.ufrrj.br\/protocolo\/files\/2020\/12\/\u00c9-ESSE.png\"><img loading=\"lazy\" decoding=\"async\" class=\"wp-image-1107 alignleft\" src=\"https:\/\/institucional.ufrrj.br\/protocolo\/files\/2020\/12\/\u00c9-ESSE.png\" alt=\"\" width=\"193\" height=\"152\" \/><\/a><\/p>\n<h4 style=\"text-align: left\"><\/h4>\n<p>&nbsp;<\/p>\n","protected":false},"excerpt":{"rendered":"<p>&nbsp; &nbsp; Chefe de Se\u00e7\u00e3o-Titular &nbsp; &nbsp; \u00a0 \u00a0 \u00a0 Arquivistas &nbsp; &nbsp; &nbsp; Assistente em Administra\u00e7\u00e3o &nbsp; Empregado P\u00fablico <a class=\"read-more leiamais\" href=\"https:\/\/institucional.ufrrj.br\/protocolo\/equipe\/ \">&#8230; leia mais<\/a><\/p>\n","protected":false},"author":634,"featured_media":0,"parent":0,"menu_order":0,"comment_status":"open","ping_status":"open","template":"","meta":{"footnotes":""},"class_list":["post-13","page","type-page","status-publish","hentry"],"yoast_head":"<!-- This site is optimized with the Yoast SEO plugin v27.2 - https:\/\/yoast.com\/product\/yoast-seo-wordpress\/ -->\n<title>Equipe - Se\u00e7\u00e3o de Arquivo e Protocolo Geral<\/title>\n<meta name=\"robots\" content=\"index, follow, max-snippet:-1, max-image-preview:large, max-video-preview:-1\" \/>\n<link rel=\"canonical\" href=\"https:\/\/institucional.ufrrj.br\/protocolo\/equipe\/\" \/>\n<meta property=\"og:locale\" content=\"pt_BR\" \/>\n<meta property=\"og:type\" content=\"article\" \/>\n<meta property=\"og:title\" content=\"Equipe - Se\u00e7\u00e3o de Arquivo e Protocolo Geral\" \/>\n<meta property=\"og:description\" content=\"&nbsp; &nbsp; Chefe de Se\u00e7\u00e3o-Titular &nbsp; &nbsp; \u00a0 \u00a0 \u00a0 Arquivistas &nbsp; &nbsp; &nbsp; Assistente em Administra\u00e7\u00e3o &nbsp; Empregado P\u00fablico ... leia mais\" \/>\n<meta property=\"og:url\" content=\"https:\/\/institucional.ufrrj.br\/protocolo\/equipe\/\" \/>\n<meta property=\"og:site_name\" content=\"Se\u00e7\u00e3o de Arquivo e Protocolo Geral\" \/>\n<meta property=\"article:modified_time\" content=\"2024-10-17T16:35:55+00:00\" \/>\n<meta property=\"og:image\" content=\"https:\/\/institucional.ufrrj.br\/protocolo\/files\/2023\/10\/Marcella.jpg\" \/>\n\t<meta property=\"og:image:width\" content=\"193\" \/>\n\t<meta property=\"og:image:height\" content=\"173\" \/>\n\t<meta property=\"og:image:type\" content=\"image\/jpeg\" \/>\n<meta name=\"twitter:card\" content=\"summary_large_image\" \/>\n<script type=\"application\/ld+json\" class=\"yoast-schema-graph\">{\"@context\":\"https:\/\/schema.org\",\"@graph\":[{\"@type\":\"WebPage\",\"@id\":\"https:\/\/institucional.ufrrj.br\/protocolo\/equipe\/\",\"url\":\"https:\/\/institucional.ufrrj.br\/protocolo\/equipe\/\",\"name\":\"Equipe - Se\u00e7\u00e3o de Arquivo e Protocolo Geral\",\"isPartOf\":{\"@id\":\"https:\/\/institucional.ufrrj.br\/protocolo\/#website\"},\"primaryImageOfPage\":{\"@id\":\"https:\/\/institucional.ufrrj.br\/protocolo\/equipe\/#primaryimage\"},\"image\":{\"@id\":\"https:\/\/institucional.ufrrj.br\/protocolo\/equipe\/#primaryimage\"},\"thumbnailUrl\":\"https:\/\/institucional.ufrrj.br\/protocolo\/files\/2023\/10\/Marcella.jpg\",\"datePublished\":\"2015-05-27T18:10:22+00:00\",\"dateModified\":\"2024-10-17T16:35:55+00:00\",\"breadcrumb\":{\"@id\":\"https:\/\/institucional.ufrrj.br\/protocolo\/equipe\/#breadcrumb\"},\"inLanguage\":\"pt-BR\",\"potentialAction\":[{\"@type\":\"ReadAction\",\"target\":[\"https:\/\/institucional.ufrrj.br\/protocolo\/equipe\/\"]}]},{\"@type\":\"ImageObject\",\"inLanguage\":\"pt-BR\",\"@id\":\"https:\/\/institucional.ufrrj.br\/protocolo\/equipe\/#primaryimage\",\"url\":\"https:\/\/institucional.ufrrj.br\/protocolo\/files\/2023\/10\/Marcella.jpg\",\"contentUrl\":\"https:\/\/institucional.ufrrj.br\/protocolo\/files\/2023\/10\/Marcella.jpg\"},{\"@type\":\"BreadcrumbList\",\"@id\":\"https:\/\/institucional.ufrrj.br\/protocolo\/equipe\/#breadcrumb\",\"itemListElement\":[{\"@type\":\"ListItem\",\"position\":1,\"name\":\"In\u00edcio\",\"item\":\"https:\/\/institucional.ufrrj.br\/protocolo\/\"},{\"@type\":\"ListItem\",\"position\":2,\"name\":\"Equipe\"}]},{\"@type\":\"WebSite\",\"@id\":\"https:\/\/institucional.ufrrj.br\/protocolo\/#website\",\"url\":\"https:\/\/institucional.ufrrj.br\/protocolo\/\",\"name\":\"Se\u00e7\u00e3o de Arquivo e Protocolo Geral\",\"description\":\"Universidade Ferderal Rural do Rio de Janeiro \u2013 UFRRJ\",\"potentialAction\":[{\"@type\":\"SearchAction\",\"target\":{\"@type\":\"EntryPoint\",\"urlTemplate\":\"https:\/\/institucional.ufrrj.br\/protocolo\/?s={search_term_string}\"},\"query-input\":{\"@type\":\"PropertyValueSpecification\",\"valueRequired\":true,\"valueName\":\"search_term_string\"}}],\"inLanguage\":\"pt-BR\"}]}<\/script>\n<!-- \/ Yoast SEO plugin. -->","yoast_head_json":{"title":"Equipe - Se\u00e7\u00e3o de Arquivo e Protocolo Geral","robots":{"index":"index","follow":"follow","max-snippet":"max-snippet:-1","max-image-preview":"max-image-preview:large","max-video-preview":"max-video-preview:-1"},"canonical":"https:\/\/institucional.ufrrj.br\/protocolo\/equipe\/","og_locale":"pt_BR","og_type":"article","og_title":"Equipe - Se\u00e7\u00e3o de Arquivo e Protocolo Geral","og_description":"&nbsp; &nbsp; Chefe de Se\u00e7\u00e3o-Titular &nbsp; &nbsp; \u00a0 \u00a0 \u00a0 Arquivistas &nbsp; &nbsp; &nbsp; Assistente em Administra\u00e7\u00e3o &nbsp; Empregado P\u00fablico ... leia mais","og_url":"https:\/\/institucional.ufrrj.br\/protocolo\/equipe\/","og_site_name":"Se\u00e7\u00e3o de Arquivo e Protocolo Geral","article_modified_time":"2024-10-17T16:35:55+00:00","og_image":[{"width":193,"height":173,"url":"https:\/\/institucional.ufrrj.br\/protocolo\/files\/2023\/10\/Marcella.jpg","type":"image\/jpeg"}],"twitter_card":"summary_large_image","schema":{"@context":"https:\/\/schema.org","@graph":[{"@type":"WebPage","@id":"https:\/\/institucional.ufrrj.br\/protocolo\/equipe\/","url":"https:\/\/institucional.ufrrj.br\/protocolo\/equipe\/","name":"Equipe - Se\u00e7\u00e3o de Arquivo e Protocolo Geral","isPartOf":{"@id":"https:\/\/institucional.ufrrj.br\/protocolo\/#website"},"primaryImageOfPage":{"@id":"https:\/\/institucional.ufrrj.br\/protocolo\/equipe\/#primaryimage"},"image":{"@id":"https:\/\/institucional.ufrrj.br\/protocolo\/equipe\/#primaryimage"},"thumbnailUrl":"https:\/\/institucional.ufrrj.br\/protocolo\/files\/2023\/10\/Marcella.jpg","datePublished":"2015-05-27T18:10:22+00:00","dateModified":"2024-10-17T16:35:55+00:00","breadcrumb":{"@id":"https:\/\/institucional.ufrrj.br\/protocolo\/equipe\/#breadcrumb"},"inLanguage":"pt-BR","potentialAction":[{"@type":"ReadAction","target":["https:\/\/institucional.ufrrj.br\/protocolo\/equipe\/"]}]},{"@type":"ImageObject","inLanguage":"pt-BR","@id":"https:\/\/institucional.ufrrj.br\/protocolo\/equipe\/#primaryimage","url":"https:\/\/institucional.ufrrj.br\/protocolo\/files\/2023\/10\/Marcella.jpg","contentUrl":"https:\/\/institucional.ufrrj.br\/protocolo\/files\/2023\/10\/Marcella.jpg"},{"@type":"BreadcrumbList","@id":"https:\/\/institucional.ufrrj.br\/protocolo\/equipe\/#breadcrumb","itemListElement":[{"@type":"ListItem","position":1,"name":"In\u00edcio","item":"https:\/\/institucional.ufrrj.br\/protocolo\/"},{"@type":"ListItem","position":2,"name":"Equipe"}]},{"@type":"WebSite","@id":"https:\/\/institucional.ufrrj.br\/protocolo\/#website","url":"https:\/\/institucional.ufrrj.br\/protocolo\/","name":"Se\u00e7\u00e3o de Arquivo e Protocolo Geral","description":"Universidade Ferderal Rural do Rio de Janeiro \u2013 UFRRJ","potentialAction":[{"@type":"SearchAction","target":{"@type":"EntryPoint","urlTemplate":"https:\/\/institucional.ufrrj.br\/protocolo\/?s={search_term_string}"},"query-input":{"@type":"PropertyValueSpecification","valueRequired":true,"valueName":"search_term_string"}}],"inLanguage":"pt-BR"}]}},"_links":{"self":[{"href":"https:\/\/institucional.ufrrj.br\/protocolo\/wp-json\/wp\/v2\/pages\/13","targetHints":{"allow":["GET"]}}],"collection":[{"href":"https:\/\/institucional.ufrrj.br\/protocolo\/wp-json\/wp\/v2\/pages"}],"about":[{"href":"https:\/\/institucional.ufrrj.br\/protocolo\/wp-json\/wp\/v2\/types\/page"}],"author":[{"embeddable":true,"href":"https:\/\/institucional.ufrrj.br\/protocolo\/wp-json\/wp\/v2\/users\/634"}],"replies":[{"embeddable":true,"href":"https:\/\/institucional.ufrrj.br\/protocolo\/wp-json\/wp\/v2\/comments?post=13"}],"version-history":[{"count":64,"href":"https:\/\/institucional.ufrrj.br\/protocolo\/wp-json\/wp\/v2\/pages\/13\/revisions"}],"predecessor-version":[{"id":1835,"href":"https:\/\/institucional.ufrrj.br\/protocolo\/wp-json\/wp\/v2\/pages\/13\/revisions\/1835"}],"wp:attachment":[{"href":"https:\/\/institucional.ufrrj.br\/protocolo\/wp-json\/wp\/v2\/media?parent=13"}],"curies":[{"name":"wp","href":"https:\/\/api.w.org\/{rel}","templated":true}]}}