{"id":278,"date":"2022-12-15T10:03:20","date_gmt":"2022-12-15T13:03:20","guid":{"rendered":"https:\/\/institucional.ufrrj.br\/prefeiturauniversitaria\/?page_id=278"},"modified":"2026-02-24T08:04:42","modified_gmt":"2026-02-24T11:04:42","slug":"formularios","status":"publish","type":"page","link":"https:\/\/institucional.ufrrj.br\/prefeiturauniversitaria\/formularios\/","title":{"rendered":"Formul\u00e1rios"},"content":{"rendered":"\n<p><strong>Formul\u00e1rios para solicita\u00e7\u00e3o do \u00f4nibus circular<\/strong><br>Clique no link abaixo para acessar e baixar os formul\u00e1rios para o uso do transporte institucional.<\/p>\n\n\n\n<div class=\"wp-block-file\"><a id=\"wp-block-file--media-0a84df87-2a9b-47d6-9e28-1fc2c0a8ad34\" href=\"https:\/\/institucional.ufrrj.br\/prefeiturauniversitaria\/files\/2026\/02\/Agendamento-Veculo_-1.docx\">Agendamento de Ve\u00edculo_ <\/a><a href=\"https:\/\/institucional.ufrrj.br\/prefeiturauniversitaria\/files\/2026\/02\/Agendamento-Veculo_-1.docx\" class=\"wp-block-file__button wp-element-button\" download aria-describedby=\"wp-block-file--media-0a84df87-2a9b-47d6-9e28-1fc2c0a8ad34\">Baixar<\/a><\/div>\n\n\n\n<div class=\"wp-block-file\"><a id=\"wp-block-file--media-e5053425-2eff-4c72-9c8c-1dd1a31885a8\" href=\"https:\/\/institucional.ufrrj.br\/prefeiturauniversitaria\/files\/2026\/02\/Lista-de-Alunos-3.docx\">Lista de Alunos <\/a><a href=\"https:\/\/institucional.ufrrj.br\/prefeiturauniversitaria\/files\/2026\/02\/Lista-de-Alunos-3.docx\" class=\"wp-block-file__button wp-element-button\" download aria-describedby=\"wp-block-file--media-e5053425-2eff-4c72-9c8c-1dd1a31885a8\">Baixar<\/a><\/div>\n\n\n\n<div class=\"wp-block-file\"><a id=\"wp-block-file--media-2a955278-7b8b-4556-9b33-918f180e1b0e\" href=\"https:\/\/institucional.ufrrj.br\/prefeiturauniversitaria\/files\/2026\/02\/Termo-de-responsabilidade-3.docx\">Termo de responsabilidade <\/a><a href=\"https:\/\/institucional.ufrrj.br\/prefeiturauniversitaria\/files\/2026\/02\/Termo-de-responsabilidade-3.docx\" class=\"wp-block-file__button wp-element-button\" download aria-describedby=\"wp-block-file--media-2a955278-7b8b-4556-9b33-918f180e1b0e\">Baixar<\/a><\/div>\n\n\n\n<h2 class=\"wp-block-heading\"><\/h2>\n\n\n\n<p><strong>Itiner\u00e1rio do transporte circular UFRRJ<\/strong><\/p>\n\n\n\n<p>Hor\u00e1rios atualizados do \u00f4nibus circular da UFRRJ<\/p>\n\n\n\n<div class=\"wp-block-columns is-layout-flex wp-container-core-columns-is-layout-9d6595d7 wp-block-columns-is-layout-flex\">\n<div class=\"wp-block-column is-layout-flow wp-block-column-is-layout-flow\">\n<figure class=\"wp-block-image size-large\"><img loading=\"lazy\" decoding=\"async\" width=\"819\" height=\"1024\" src=\"https:\/\/institucional.ufrrj.br\/prefeiturauniversitaria\/files\/2025\/12\/WhatsApp-Image-2025-12-02-at-12.00.57-819x1024.jpeg\" alt=\"\" class=\"wp-image-1335\" srcset=\"https:\/\/institucional.ufrrj.br\/prefeiturauniversitaria\/files\/2025\/12\/WhatsApp-Image-2025-12-02-at-12.00.57-819x1024.jpeg 819w, https:\/\/institucional.ufrrj.br\/prefeiturauniversitaria\/files\/2025\/12\/WhatsApp-Image-2025-12-02-at-12.00.57-240x300.jpeg 240w, https:\/\/institucional.ufrrj.br\/prefeiturauniversitaria\/files\/2025\/12\/WhatsApp-Image-2025-12-02-at-12.00.57-768x960.jpeg 768w, https:\/\/institucional.ufrrj.br\/prefeiturauniversitaria\/files\/2025\/12\/WhatsApp-Image-2025-12-02-at-12.00.57.jpeg 1080w\" sizes=\"auto, (max-width: 819px) 100vw, 819px\" \/><\/figure>\n<\/div>\n\n\n\n<div class=\"wp-block-column is-layout-flow wp-block-column-is-layout-flow\">\n<figure class=\"wp-block-image size-large\"><img loading=\"lazy\" decoding=\"async\" width=\"819\" height=\"1024\" src=\"https:\/\/institucional.ufrrj.br\/prefeiturauniversitaria\/files\/2025\/12\/WhatsApp-Image-2025-12-02-at-12.00.57-1-819x1024.jpeg\" alt=\"\" class=\"wp-image-1334\" srcset=\"https:\/\/institucional.ufrrj.br\/prefeiturauniversitaria\/files\/2025\/12\/WhatsApp-Image-2025-12-02-at-12.00.57-1-819x1024.jpeg 819w, https:\/\/institucional.ufrrj.br\/prefeiturauniversitaria\/files\/2025\/12\/WhatsApp-Image-2025-12-02-at-12.00.57-1-240x300.jpeg 240w, https:\/\/institucional.ufrrj.br\/prefeiturauniversitaria\/files\/2025\/12\/WhatsApp-Image-2025-12-02-at-12.00.57-1-768x960.jpeg 768w, https:\/\/institucional.ufrrj.br\/prefeiturauniversitaria\/files\/2025\/12\/WhatsApp-Image-2025-12-02-at-12.00.57-1.jpeg 1080w\" sizes=\"auto, (max-width: 819px) 100vw, 819px\" \/><\/figure>\n<\/div>\n<\/div>\n","protected":false},"excerpt":{"rendered":"<p>Formul\u00e1rios para solicita\u00e7\u00e3o do \u00f4nibus circularClique no link abaixo para acessar e baixar os formul\u00e1rios para o uso do transporte <a class=\"read-more\" href=\"https:\/\/institucional.ufrrj.br\/prefeiturauniversitaria\/formularios\/ \" >&#8230; <span class=\"font-italic\">leia mais <i class=\"fas fa-angle-right\"><\/i><\/span><\/a><\/p>\n","protected":false},"author":634,"featured_media":0,"parent":0,"menu_order":0,"comment_status":"closed","ping_status":"closed","template":"","meta":{"_acf_changed":false,"footnotes":""},"class_list":["post-278","page","type-page","status-publish","hentry"],"yoast_head":"<!-- This site is optimized with the Yoast SEO plugin v27.2 - https:\/\/yoast.com\/product\/yoast-seo-wordpress\/ -->\n<title>Formul\u00e1rios - Prefeitura Universit\u00e1ria<\/title>\n<meta name=\"robots\" content=\"index, follow, max-snippet:-1, max-image-preview:large, max-video-preview:-1\" \/>\n<link rel=\"canonical\" href=\"https:\/\/institucional.ufrrj.br\/prefeiturauniversitaria\/formularios\/\" \/>\n<meta property=\"og:locale\" content=\"pt_BR\" \/>\n<meta property=\"og:type\" content=\"article\" \/>\n<meta property=\"og:title\" content=\"Formul\u00e1rios - Prefeitura Universit\u00e1ria\" \/>\n<meta property=\"og:description\" content=\"Formul\u00e1rios para solicita\u00e7\u00e3o do \u00f4nibus circularClique no link abaixo para acessar e baixar os formul\u00e1rios para o uso do transporte ... leia mais\" \/>\n<meta property=\"og:url\" content=\"https:\/\/institucional.ufrrj.br\/prefeiturauniversitaria\/formularios\/\" \/>\n<meta property=\"og:site_name\" content=\"Prefeitura Universit\u00e1ria\" \/>\n<meta property=\"article:modified_time\" content=\"2026-02-24T11:04:42+00:00\" \/>\n<meta property=\"og:image\" content=\"https:\/\/institucional.ufrrj.br\/prefeiturauniversitaria\/files\/2025\/12\/WhatsApp-Image-2025-12-02-at-12.00.57.jpeg\" \/>\n\t<meta property=\"og:image:width\" content=\"1080\" \/>\n\t<meta property=\"og:image:height\" content=\"1350\" \/>\n\t<meta property=\"og:image:type\" content=\"image\/jpeg\" \/>\n<meta name=\"twitter:card\" content=\"summary_large_image\" \/>\n<meta name=\"twitter:label1\" content=\"Est. tempo de leitura\" \/>\n\t<meta name=\"twitter:data1\" content=\"1 minuto\" \/>\n<script type=\"application\/ld+json\" class=\"yoast-schema-graph\">{\"@context\":\"https:\/\/schema.org\",\"@graph\":[{\"@type\":\"WebPage\",\"@id\":\"https:\/\/institucional.ufrrj.br\/prefeiturauniversitaria\/formularios\/\",\"url\":\"https:\/\/institucional.ufrrj.br\/prefeiturauniversitaria\/formularios\/\",\"name\":\"Formul\u00e1rios - Prefeitura Universit\u00e1ria\",\"isPartOf\":{\"@id\":\"https:\/\/institucional.ufrrj.br\/prefeiturauniversitaria\/#website\"},\"primaryImageOfPage\":{\"@id\":\"https:\/\/institucional.ufrrj.br\/prefeiturauniversitaria\/formularios\/#primaryimage\"},\"image\":{\"@id\":\"https:\/\/institucional.ufrrj.br\/prefeiturauniversitaria\/formularios\/#primaryimage\"},\"thumbnailUrl\":\"https:\/\/institucional.ufrrj.br\/prefeiturauniversitaria\/files\/2025\/12\/WhatsApp-Image-2025-12-02-at-12.00.57-819x1024.jpeg\",\"datePublished\":\"2022-12-15T13:03:20+00:00\",\"dateModified\":\"2026-02-24T11:04:42+00:00\",\"breadcrumb\":{\"@id\":\"https:\/\/institucional.ufrrj.br\/prefeiturauniversitaria\/formularios\/#breadcrumb\"},\"inLanguage\":\"pt-BR\",\"potentialAction\":[{\"@type\":\"ReadAction\",\"target\":[\"https:\/\/institucional.ufrrj.br\/prefeiturauniversitaria\/formularios\/\"]}]},{\"@type\":\"ImageObject\",\"inLanguage\":\"pt-BR\",\"@id\":\"https:\/\/institucional.ufrrj.br\/prefeiturauniversitaria\/formularios\/#primaryimage\",\"url\":\"https:\/\/institucional.ufrrj.br\/prefeiturauniversitaria\/files\/2025\/12\/WhatsApp-Image-2025-12-02-at-12.00.57.jpeg\",\"contentUrl\":\"https:\/\/institucional.ufrrj.br\/prefeiturauniversitaria\/files\/2025\/12\/WhatsApp-Image-2025-12-02-at-12.00.57.jpeg\",\"width\":1080,\"height\":1350},{\"@type\":\"BreadcrumbList\",\"@id\":\"https:\/\/institucional.ufrrj.br\/prefeiturauniversitaria\/formularios\/#breadcrumb\",\"itemListElement\":[{\"@type\":\"ListItem\",\"position\":1,\"name\":\"In\u00edcio\",\"item\":\"https:\/\/institucional.ufrrj.br\/prefeiturauniversitaria\/\"},{\"@type\":\"ListItem\",\"position\":2,\"name\":\"Formul\u00e1rios\"}]},{\"@type\":\"WebSite\",\"@id\":\"https:\/\/institucional.ufrrj.br\/prefeiturauniversitaria\/#website\",\"url\":\"https:\/\/institucional.ufrrj.br\/prefeiturauniversitaria\/\",\"name\":\"Prefeitura Universit\u00e1ria\",\"description\":\"CAMPUS SEROP\u00c9DICA \u2013 UFRRJ\",\"potentialAction\":[{\"@type\":\"SearchAction\",\"target\":{\"@type\":\"EntryPoint\",\"urlTemplate\":\"https:\/\/institucional.ufrrj.br\/prefeiturauniversitaria\/?s={search_term_string}\"},\"query-input\":{\"@type\":\"PropertyValueSpecification\",\"valueRequired\":true,\"valueName\":\"search_term_string\"}}],\"inLanguage\":\"pt-BR\"}]}<\/script>\n<!-- \/ Yoast SEO plugin. -->","yoast_head_json":{"title":"Formul\u00e1rios - Prefeitura Universit\u00e1ria","robots":{"index":"index","follow":"follow","max-snippet":"max-snippet:-1","max-image-preview":"max-image-preview:large","max-video-preview":"max-video-preview:-1"},"canonical":"https:\/\/institucional.ufrrj.br\/prefeiturauniversitaria\/formularios\/","og_locale":"pt_BR","og_type":"article","og_title":"Formul\u00e1rios - Prefeitura Universit\u00e1ria","og_description":"Formul\u00e1rios para solicita\u00e7\u00e3o do \u00f4nibus circularClique no link abaixo para acessar e baixar os formul\u00e1rios para o uso do transporte ... leia mais","og_url":"https:\/\/institucional.ufrrj.br\/prefeiturauniversitaria\/formularios\/","og_site_name":"Prefeitura Universit\u00e1ria","article_modified_time":"2026-02-24T11:04:42+00:00","og_image":[{"width":1080,"height":1350,"url":"https:\/\/institucional.ufrrj.br\/prefeiturauniversitaria\/files\/2025\/12\/WhatsApp-Image-2025-12-02-at-12.00.57.jpeg","type":"image\/jpeg"}],"twitter_card":"summary_large_image","twitter_misc":{"Est. tempo de leitura":"1 minuto"},"schema":{"@context":"https:\/\/schema.org","@graph":[{"@type":"WebPage","@id":"https:\/\/institucional.ufrrj.br\/prefeiturauniversitaria\/formularios\/","url":"https:\/\/institucional.ufrrj.br\/prefeiturauniversitaria\/formularios\/","name":"Formul\u00e1rios - Prefeitura Universit\u00e1ria","isPartOf":{"@id":"https:\/\/institucional.ufrrj.br\/prefeiturauniversitaria\/#website"},"primaryImageOfPage":{"@id":"https:\/\/institucional.ufrrj.br\/prefeiturauniversitaria\/formularios\/#primaryimage"},"image":{"@id":"https:\/\/institucional.ufrrj.br\/prefeiturauniversitaria\/formularios\/#primaryimage"},"thumbnailUrl":"https:\/\/institucional.ufrrj.br\/prefeiturauniversitaria\/files\/2025\/12\/WhatsApp-Image-2025-12-02-at-12.00.57-819x1024.jpeg","datePublished":"2022-12-15T13:03:20+00:00","dateModified":"2026-02-24T11:04:42+00:00","breadcrumb":{"@id":"https:\/\/institucional.ufrrj.br\/prefeiturauniversitaria\/formularios\/#breadcrumb"},"inLanguage":"pt-BR","potentialAction":[{"@type":"ReadAction","target":["https:\/\/institucional.ufrrj.br\/prefeiturauniversitaria\/formularios\/"]}]},{"@type":"ImageObject","inLanguage":"pt-BR","@id":"https:\/\/institucional.ufrrj.br\/prefeiturauniversitaria\/formularios\/#primaryimage","url":"https:\/\/institucional.ufrrj.br\/prefeiturauniversitaria\/files\/2025\/12\/WhatsApp-Image-2025-12-02-at-12.00.57.jpeg","contentUrl":"https:\/\/institucional.ufrrj.br\/prefeiturauniversitaria\/files\/2025\/12\/WhatsApp-Image-2025-12-02-at-12.00.57.jpeg","width":1080,"height":1350},{"@type":"BreadcrumbList","@id":"https:\/\/institucional.ufrrj.br\/prefeiturauniversitaria\/formularios\/#breadcrumb","itemListElement":[{"@type":"ListItem","position":1,"name":"In\u00edcio","item":"https:\/\/institucional.ufrrj.br\/prefeiturauniversitaria\/"},{"@type":"ListItem","position":2,"name":"Formul\u00e1rios"}]},{"@type":"WebSite","@id":"https:\/\/institucional.ufrrj.br\/prefeiturauniversitaria\/#website","url":"https:\/\/institucional.ufrrj.br\/prefeiturauniversitaria\/","name":"Prefeitura Universit\u00e1ria","description":"CAMPUS SEROP\u00c9DICA \u2013 UFRRJ","potentialAction":[{"@type":"SearchAction","target":{"@type":"EntryPoint","urlTemplate":"https:\/\/institucional.ufrrj.br\/prefeiturauniversitaria\/?s={search_term_string}"},"query-input":{"@type":"PropertyValueSpecification","valueRequired":true,"valueName":"search_term_string"}}],"inLanguage":"pt-BR"}]}},"acf":[],"_links":{"self":[{"href":"https:\/\/institucional.ufrrj.br\/prefeiturauniversitaria\/wp-json\/wp\/v2\/pages\/278","targetHints":{"allow":["GET"]}}],"collection":[{"href":"https:\/\/institucional.ufrrj.br\/prefeiturauniversitaria\/wp-json\/wp\/v2\/pages"}],"about":[{"href":"https:\/\/institucional.ufrrj.br\/prefeiturauniversitaria\/wp-json\/wp\/v2\/types\/page"}],"author":[{"embeddable":true,"href":"https:\/\/institucional.ufrrj.br\/prefeiturauniversitaria\/wp-json\/wp\/v2\/users\/634"}],"replies":[{"embeddable":true,"href":"https:\/\/institucional.ufrrj.br\/prefeiturauniversitaria\/wp-json\/wp\/v2\/comments?post=278"}],"version-history":[{"count":2,"href":"https:\/\/institucional.ufrrj.br\/prefeiturauniversitaria\/wp-json\/wp\/v2\/pages\/278\/revisions"}],"predecessor-version":[{"id":1379,"href":"https:\/\/institucional.ufrrj.br\/prefeiturauniversitaria\/wp-json\/wp\/v2\/pages\/278\/revisions\/1379"}],"wp:attachment":[{"href":"https:\/\/institucional.ufrrj.br\/prefeiturauniversitaria\/wp-json\/wp\/v2\/media?parent=278"}],"curies":[{"name":"wp","href":"https:\/\/api.w.org\/{rel}","templated":true}]}}