{"id":262,"date":"2022-12-15T09:47:56","date_gmt":"2022-12-15T12:47:56","guid":{"rendered":"https:\/\/institucional.ufrrj.br\/prefeiturauniversitaria\/?page_id=262"},"modified":"2025-09-17T15:23:11","modified_gmt":"2025-09-17T18:23:11","slug":"missao-e-valores","status":"publish","type":"page","link":"https:\/\/institucional.ufrrj.br\/prefeiturauniversitaria\/missao-e-valores\/","title":{"rendered":"Miss\u00e3o e Valores"},"content":{"rendered":"\n<p><strong>Miss\u00e3o, Vis\u00e3o e Valores da Prefeitura Universit\u00e1ria da UFRRJ<\/strong><\/p>\n\n\n\n<p><strong>Miss\u00e3o<\/strong><br>Garantir a conserva\u00e7\u00e3o, manuten\u00e7\u00e3o e desenvolvimento da infraestrutura f\u00edsica, urbana e ambiental da UFRRJ, assegurando espa\u00e7os funcionais, seguros e sustent\u00e1veis que favore\u00e7am a integra\u00e7\u00e3o da comunidade acad\u00eamica e apoiem as atividades de ensino, pesquisa e extens\u00e3o.<\/p>\n\n\n\n<p><strong>Vis\u00e3o<\/strong><br>Ser refer\u00eancia em gest\u00e3o e manuten\u00e7\u00e3o universit\u00e1ria, promovendo inova\u00e7\u00e3o, sustentabilidade e efici\u00eancia na administra\u00e7\u00e3o do espa\u00e7o f\u00edsico, contribuindo para que a UFRRJ se consolide como um ambiente de excel\u00eancia acad\u00eamica e de conviv\u00eancia comunit\u00e1ria.<\/p>\n\n\n\n<p><strong>Valores<\/strong><\/p>\n\n\n\n<p><strong>Comprometimento:<\/strong> atuar com dedica\u00e7\u00e3o e responsabilidade em todas as demandas da comunidade universit\u00e1ria.<\/p>\n\n\n\n<p><strong>Sustentabilidade:<\/strong> promover pr\u00e1ticas que preservem o meio ambiente e incentivem o uso racional dos recursos naturais.<\/p>\n\n\n\n<p><strong>Qualidade:<\/strong> buscar a excel\u00eancia na execu\u00e7\u00e3o dos servi\u00e7os, assegurando efici\u00eancia e durabilidade.<\/p>\n\n\n\n<p><strong>Inova\u00e7\u00e3o:<\/strong> implementar solu\u00e7\u00f5es modernas que contribuam para o melhor funcionamento da infraestrutura universit\u00e1ria.<\/p>\n\n\n\n<p><strong>Transpar\u00eancia: <\/strong>gerir recursos e processos de forma clara e acess\u00edvel \u00e0 comunidade.<\/p>\n\n\n\n<p><strong>Seguran\u00e7a: <\/strong>priorizar o bem-estar da comunidade por meio de ambientes estruturados e adequados.<\/p>\n\n\n\n<p><strong>Colabora\u00e7\u00e3o: <\/strong>estabelecer rela\u00e7\u00f5es de coopera\u00e7\u00e3o entre setores e usu\u00e1rios da universidade.<\/p>\n","protected":false},"excerpt":{"rendered":"<p>Miss\u00e3o, Vis\u00e3o e Valores da Prefeitura Universit\u00e1ria da UFRRJ Miss\u00e3oGarantir a conserva\u00e7\u00e3o, manuten\u00e7\u00e3o e desenvolvimento da infraestrutura f\u00edsica, urbana e <a class=\"read-more\" href=\"https:\/\/institucional.ufrrj.br\/prefeiturauniversitaria\/missao-e-valores\/ \" >&#8230; <span class=\"font-italic\">leia mais <i class=\"fas fa-angle-right\"><\/i><\/span><\/a><\/p>\n","protected":false},"author":634,"featured_media":0,"parent":0,"menu_order":0,"comment_status":"closed","ping_status":"closed","template":"","meta":{"_acf_changed":false,"footnotes":""},"class_list":["post-262","page","type-page","status-publish","hentry"],"yoast_head":"<!-- This site is optimized with the Yoast SEO plugin v27.2 - https:\/\/yoast.com\/product\/yoast-seo-wordpress\/ -->\n<title>Miss\u00e3o e Valores - Prefeitura Universit\u00e1ria<\/title>\n<meta name=\"robots\" content=\"index, follow, max-snippet:-1, max-image-preview:large, max-video-preview:-1\" \/>\n<link rel=\"canonical\" href=\"https:\/\/institucional.ufrrj.br\/prefeiturauniversitaria\/missao-e-valores\/\" \/>\n<meta property=\"og:locale\" content=\"pt_BR\" \/>\n<meta property=\"og:type\" content=\"article\" \/>\n<meta property=\"og:title\" content=\"Miss\u00e3o e Valores - Prefeitura Universit\u00e1ria\" \/>\n<meta property=\"og:description\" content=\"Miss\u00e3o, Vis\u00e3o e Valores da Prefeitura Universit\u00e1ria da UFRRJ Miss\u00e3oGarantir a conserva\u00e7\u00e3o, manuten\u00e7\u00e3o e desenvolvimento da infraestrutura f\u00edsica, urbana e ... leia mais\" \/>\n<meta property=\"og:url\" content=\"https:\/\/institucional.ufrrj.br\/prefeiturauniversitaria\/missao-e-valores\/\" \/>\n<meta property=\"og:site_name\" content=\"Prefeitura Universit\u00e1ria\" \/>\n<meta property=\"article:modified_time\" content=\"2025-09-17T18:23:11+00:00\" \/>\n<meta name=\"twitter:card\" content=\"summary_large_image\" \/>\n<meta name=\"twitter:label1\" content=\"Est. tempo de leitura\" \/>\n\t<meta name=\"twitter:data1\" content=\"1 minuto\" \/>\n<script type=\"application\/ld+json\" class=\"yoast-schema-graph\">{\"@context\":\"https:\/\/schema.org\",\"@graph\":[{\"@type\":\"WebPage\",\"@id\":\"https:\/\/institucional.ufrrj.br\/prefeiturauniversitaria\/missao-e-valores\/\",\"url\":\"https:\/\/institucional.ufrrj.br\/prefeiturauniversitaria\/missao-e-valores\/\",\"name\":\"Miss\u00e3o e Valores - Prefeitura Universit\u00e1ria\",\"isPartOf\":{\"@id\":\"https:\/\/institucional.ufrrj.br\/prefeiturauniversitaria\/#website\"},\"datePublished\":\"2022-12-15T12:47:56+00:00\",\"dateModified\":\"2025-09-17T18:23:11+00:00\",\"breadcrumb\":{\"@id\":\"https:\/\/institucional.ufrrj.br\/prefeiturauniversitaria\/missao-e-valores\/#breadcrumb\"},\"inLanguage\":\"pt-BR\",\"potentialAction\":[{\"@type\":\"ReadAction\",\"target\":[\"https:\/\/institucional.ufrrj.br\/prefeiturauniversitaria\/missao-e-valores\/\"]}]},{\"@type\":\"BreadcrumbList\",\"@id\":\"https:\/\/institucional.ufrrj.br\/prefeiturauniversitaria\/missao-e-valores\/#breadcrumb\",\"itemListElement\":[{\"@type\":\"ListItem\",\"position\":1,\"name\":\"In\u00edcio\",\"item\":\"https:\/\/institucional.ufrrj.br\/prefeiturauniversitaria\/\"},{\"@type\":\"ListItem\",\"position\":2,\"name\":\"Miss\u00e3o e Valores\"}]},{\"@type\":\"WebSite\",\"@id\":\"https:\/\/institucional.ufrrj.br\/prefeiturauniversitaria\/#website\",\"url\":\"https:\/\/institucional.ufrrj.br\/prefeiturauniversitaria\/\",\"name\":\"Prefeitura Universit\u00e1ria\",\"description\":\"CAMPUS SEROP\u00c9DICA \u2013 UFRRJ\",\"potentialAction\":[{\"@type\":\"SearchAction\",\"target\":{\"@type\":\"EntryPoint\",\"urlTemplate\":\"https:\/\/institucional.ufrrj.br\/prefeiturauniversitaria\/?s={search_term_string}\"},\"query-input\":{\"@type\":\"PropertyValueSpecification\",\"valueRequired\":true,\"valueName\":\"search_term_string\"}}],\"inLanguage\":\"pt-BR\"}]}<\/script>\n<!-- \/ Yoast SEO plugin. -->","yoast_head_json":{"title":"Miss\u00e3o e Valores - Prefeitura Universit\u00e1ria","robots":{"index":"index","follow":"follow","max-snippet":"max-snippet:-1","max-image-preview":"max-image-preview:large","max-video-preview":"max-video-preview:-1"},"canonical":"https:\/\/institucional.ufrrj.br\/prefeiturauniversitaria\/missao-e-valores\/","og_locale":"pt_BR","og_type":"article","og_title":"Miss\u00e3o e Valores - Prefeitura Universit\u00e1ria","og_description":"Miss\u00e3o, Vis\u00e3o e Valores da Prefeitura Universit\u00e1ria da UFRRJ Miss\u00e3oGarantir a conserva\u00e7\u00e3o, manuten\u00e7\u00e3o e desenvolvimento da infraestrutura f\u00edsica, urbana e ... leia mais","og_url":"https:\/\/institucional.ufrrj.br\/prefeiturauniversitaria\/missao-e-valores\/","og_site_name":"Prefeitura Universit\u00e1ria","article_modified_time":"2025-09-17T18:23:11+00:00","twitter_card":"summary_large_image","twitter_misc":{"Est. tempo de leitura":"1 minuto"},"schema":{"@context":"https:\/\/schema.org","@graph":[{"@type":"WebPage","@id":"https:\/\/institucional.ufrrj.br\/prefeiturauniversitaria\/missao-e-valores\/","url":"https:\/\/institucional.ufrrj.br\/prefeiturauniversitaria\/missao-e-valores\/","name":"Miss\u00e3o e Valores - Prefeitura Universit\u00e1ria","isPartOf":{"@id":"https:\/\/institucional.ufrrj.br\/prefeiturauniversitaria\/#website"},"datePublished":"2022-12-15T12:47:56+00:00","dateModified":"2025-09-17T18:23:11+00:00","breadcrumb":{"@id":"https:\/\/institucional.ufrrj.br\/prefeiturauniversitaria\/missao-e-valores\/#breadcrumb"},"inLanguage":"pt-BR","potentialAction":[{"@type":"ReadAction","target":["https:\/\/institucional.ufrrj.br\/prefeiturauniversitaria\/missao-e-valores\/"]}]},{"@type":"BreadcrumbList","@id":"https:\/\/institucional.ufrrj.br\/prefeiturauniversitaria\/missao-e-valores\/#breadcrumb","itemListElement":[{"@type":"ListItem","position":1,"name":"In\u00edcio","item":"https:\/\/institucional.ufrrj.br\/prefeiturauniversitaria\/"},{"@type":"ListItem","position":2,"name":"Miss\u00e3o e Valores"}]},{"@type":"WebSite","@id":"https:\/\/institucional.ufrrj.br\/prefeiturauniversitaria\/#website","url":"https:\/\/institucional.ufrrj.br\/prefeiturauniversitaria\/","name":"Prefeitura Universit\u00e1ria","description":"CAMPUS SEROP\u00c9DICA \u2013 UFRRJ","potentialAction":[{"@type":"SearchAction","target":{"@type":"EntryPoint","urlTemplate":"https:\/\/institucional.ufrrj.br\/prefeiturauniversitaria\/?s={search_term_string}"},"query-input":{"@type":"PropertyValueSpecification","valueRequired":true,"valueName":"search_term_string"}}],"inLanguage":"pt-BR"}]}},"acf":[],"_links":{"self":[{"href":"https:\/\/institucional.ufrrj.br\/prefeiturauniversitaria\/wp-json\/wp\/v2\/pages\/262","targetHints":{"allow":["GET"]}}],"collection":[{"href":"https:\/\/institucional.ufrrj.br\/prefeiturauniversitaria\/wp-json\/wp\/v2\/pages"}],"about":[{"href":"https:\/\/institucional.ufrrj.br\/prefeiturauniversitaria\/wp-json\/wp\/v2\/types\/page"}],"author":[{"embeddable":true,"href":"https:\/\/institucional.ufrrj.br\/prefeiturauniversitaria\/wp-json\/wp\/v2\/users\/634"}],"replies":[{"embeddable":true,"href":"https:\/\/institucional.ufrrj.br\/prefeiturauniversitaria\/wp-json\/wp\/v2\/comments?post=262"}],"version-history":[{"count":3,"href":"https:\/\/institucional.ufrrj.br\/prefeiturauniversitaria\/wp-json\/wp\/v2\/pages\/262\/revisions"}],"predecessor-version":[{"id":783,"href":"https:\/\/institucional.ufrrj.br\/prefeiturauniversitaria\/wp-json\/wp\/v2\/pages\/262\/revisions\/783"}],"wp:attachment":[{"href":"https:\/\/institucional.ufrrj.br\/prefeiturauniversitaria\/wp-json\/wp\/v2\/media?parent=262"}],"curies":[{"name":"wp","href":"https:\/\/api.w.org\/{rel}","templated":true}]}}