{"id":259,"date":"2022-12-15T09:47:38","date_gmt":"2022-12-15T12:47:38","guid":{"rendered":"https:\/\/institucional.ufrrj.br\/prefeiturauniversitaria\/?page_id=259"},"modified":"2025-09-29T15:31:21","modified_gmt":"2025-09-29T18:31:21","slug":"atuacao","status":"publish","type":"page","link":"https:\/\/institucional.ufrrj.br\/prefeiturauniversitaria\/atuacao\/","title":{"rendered":"Atua\u00e7\u00e3o"},"content":{"rendered":"\n<p><\/p>\n\n\n\n<h2 class=\"wp-block-heading\">Atua\u00e7\u00e3o da Prefeitura Universit\u00e1ria da UFRRJ<\/h2>\n\n\n\n<p>A Prefeitura Universit\u00e1ria da Universidade Federal Rural do Rio de Janeiro (UFRRJ) desempenha um papel estrat\u00e9gico na gest\u00e3o e manuten\u00e7\u00e3o do campus, atuando de forma integrada para oferecer suporte \u00e0 comunidade acad\u00eamica e garantir a qualidade dos servi\u00e7os prestados.<\/p>\n\n\n\n<p>Entre suas principais atribui\u00e7\u00f5es, destacam-se:<\/p>\n\n\n\n<ul class=\"wp-block-list\">\n<li><strong>Manuten\u00e7\u00e3o Predial e de Instala\u00e7\u00f5es<\/strong>: execu\u00e7\u00e3o de reparos, conserva\u00e7\u00e3o de edifica\u00e7\u00f5es e acompanhamento de obras.<\/li>\n\n\n\n<li><strong>Ilumina\u00e7\u00e3o P\u00fablica<\/strong>: manuten\u00e7\u00e3o e substitui\u00e7\u00e3o de pontos de luz, assegurando seguran\u00e7a e mobilidade.<\/li>\n\n\n\n<li><strong>Transporte Institucional<\/strong>: administra\u00e7\u00e3o da frota de ve\u00edculos e atendimento \u00e0s demandas de deslocamento de estudantes, t\u00e9cnicos e docentes.<\/li>\n\n\n\n<li><strong>Parques e Jardins<\/strong>: preserva\u00e7\u00e3o de \u00e1reas verdes, cuidado com paisagismo e manuten\u00e7\u00e3o dos espa\u00e7os de conviv\u00eancia.<\/li>\n<\/ul>\n\n\n\n<p>A atua\u00e7\u00e3o da Prefeitura Universit\u00e1ria fortalece o compromisso da UFRRJ com a preserva\u00e7\u00e3o do patrim\u00f4nio p\u00fablico, a sustentabilidade e o bem-estar de toda a comunidade universit\u00e1ria, criando condi\u00e7\u00f5es adequadas para o desenvolvimento das atividades de ensino, pesquisa e extens\u00e3o.<\/p>\n","protected":false},"excerpt":{"rendered":"<p>Atua\u00e7\u00e3o da Prefeitura Universit\u00e1ria da UFRRJ A Prefeitura Universit\u00e1ria da Universidade Federal Rural do Rio de Janeiro (UFRRJ) desempenha um <a class=\"read-more\" href=\"https:\/\/institucional.ufrrj.br\/prefeiturauniversitaria\/atuacao\/ \" >&#8230; <span class=\"font-italic\">leia mais <i class=\"fas fa-angle-right\"><\/i><\/span><\/a><\/p>\n","protected":false},"author":634,"featured_media":0,"parent":0,"menu_order":0,"comment_status":"closed","ping_status":"closed","template":"","meta":{"_acf_changed":false,"footnotes":""},"class_list":["post-259","page","type-page","status-publish","hentry"],"yoast_head":"<!-- This site is optimized with the Yoast SEO plugin v27.2 - https:\/\/yoast.com\/product\/yoast-seo-wordpress\/ -->\n<title>Atua\u00e7\u00e3o - Prefeitura Universit\u00e1ria<\/title>\n<meta name=\"robots\" content=\"index, follow, max-snippet:-1, max-image-preview:large, max-video-preview:-1\" \/>\n<link rel=\"canonical\" href=\"https:\/\/institucional.ufrrj.br\/prefeiturauniversitaria\/atuacao\/\" \/>\n<meta property=\"og:locale\" content=\"pt_BR\" \/>\n<meta property=\"og:type\" content=\"article\" \/>\n<meta property=\"og:title\" content=\"Atua\u00e7\u00e3o - Prefeitura Universit\u00e1ria\" \/>\n<meta property=\"og:description\" content=\"Atua\u00e7\u00e3o da Prefeitura Universit\u00e1ria da UFRRJ A Prefeitura Universit\u00e1ria da Universidade Federal Rural do Rio de Janeiro (UFRRJ) desempenha um ... leia mais\" \/>\n<meta property=\"og:url\" content=\"https:\/\/institucional.ufrrj.br\/prefeiturauniversitaria\/atuacao\/\" \/>\n<meta property=\"og:site_name\" content=\"Prefeitura Universit\u00e1ria\" \/>\n<meta property=\"article:modified_time\" content=\"2025-09-29T18:31:21+00:00\" \/>\n<meta name=\"twitter:card\" content=\"summary_large_image\" \/>\n<meta name=\"twitter:label1\" content=\"Est. tempo de leitura\" \/>\n\t<meta name=\"twitter:data1\" content=\"1 minuto\" \/>\n<script type=\"application\/ld+json\" class=\"yoast-schema-graph\">{\"@context\":\"https:\/\/schema.org\",\"@graph\":[{\"@type\":\"WebPage\",\"@id\":\"https:\/\/institucional.ufrrj.br\/prefeiturauniversitaria\/atuacao\/\",\"url\":\"https:\/\/institucional.ufrrj.br\/prefeiturauniversitaria\/atuacao\/\",\"name\":\"Atua\u00e7\u00e3o - Prefeitura Universit\u00e1ria\",\"isPartOf\":{\"@id\":\"https:\/\/institucional.ufrrj.br\/prefeiturauniversitaria\/#website\"},\"datePublished\":\"2022-12-15T12:47:38+00:00\",\"dateModified\":\"2025-09-29T18:31:21+00:00\",\"breadcrumb\":{\"@id\":\"https:\/\/institucional.ufrrj.br\/prefeiturauniversitaria\/atuacao\/#breadcrumb\"},\"inLanguage\":\"pt-BR\",\"potentialAction\":[{\"@type\":\"ReadAction\",\"target\":[\"https:\/\/institucional.ufrrj.br\/prefeiturauniversitaria\/atuacao\/\"]}]},{\"@type\":\"BreadcrumbList\",\"@id\":\"https:\/\/institucional.ufrrj.br\/prefeiturauniversitaria\/atuacao\/#breadcrumb\",\"itemListElement\":[{\"@type\":\"ListItem\",\"position\":1,\"name\":\"In\u00edcio\",\"item\":\"https:\/\/institucional.ufrrj.br\/prefeiturauniversitaria\/\"},{\"@type\":\"ListItem\",\"position\":2,\"name\":\"Atua\u00e7\u00e3o\"}]},{\"@type\":\"WebSite\",\"@id\":\"https:\/\/institucional.ufrrj.br\/prefeiturauniversitaria\/#website\",\"url\":\"https:\/\/institucional.ufrrj.br\/prefeiturauniversitaria\/\",\"name\":\"Prefeitura Universit\u00e1ria\",\"description\":\"CAMPUS SEROP\u00c9DICA \u2013 UFRRJ\",\"potentialAction\":[{\"@type\":\"SearchAction\",\"target\":{\"@type\":\"EntryPoint\",\"urlTemplate\":\"https:\/\/institucional.ufrrj.br\/prefeiturauniversitaria\/?s={search_term_string}\"},\"query-input\":{\"@type\":\"PropertyValueSpecification\",\"valueRequired\":true,\"valueName\":\"search_term_string\"}}],\"inLanguage\":\"pt-BR\"}]}<\/script>\n<!-- \/ Yoast SEO plugin. -->","yoast_head_json":{"title":"Atua\u00e7\u00e3o - Prefeitura Universit\u00e1ria","robots":{"index":"index","follow":"follow","max-snippet":"max-snippet:-1","max-image-preview":"max-image-preview:large","max-video-preview":"max-video-preview:-1"},"canonical":"https:\/\/institucional.ufrrj.br\/prefeiturauniversitaria\/atuacao\/","og_locale":"pt_BR","og_type":"article","og_title":"Atua\u00e7\u00e3o - Prefeitura Universit\u00e1ria","og_description":"Atua\u00e7\u00e3o da Prefeitura Universit\u00e1ria da UFRRJ A Prefeitura Universit\u00e1ria da Universidade Federal Rural do Rio de Janeiro (UFRRJ) desempenha um ... leia mais","og_url":"https:\/\/institucional.ufrrj.br\/prefeiturauniversitaria\/atuacao\/","og_site_name":"Prefeitura Universit\u00e1ria","article_modified_time":"2025-09-29T18:31:21+00:00","twitter_card":"summary_large_image","twitter_misc":{"Est. tempo de leitura":"1 minuto"},"schema":{"@context":"https:\/\/schema.org","@graph":[{"@type":"WebPage","@id":"https:\/\/institucional.ufrrj.br\/prefeiturauniversitaria\/atuacao\/","url":"https:\/\/institucional.ufrrj.br\/prefeiturauniversitaria\/atuacao\/","name":"Atua\u00e7\u00e3o - Prefeitura Universit\u00e1ria","isPartOf":{"@id":"https:\/\/institucional.ufrrj.br\/prefeiturauniversitaria\/#website"},"datePublished":"2022-12-15T12:47:38+00:00","dateModified":"2025-09-29T18:31:21+00:00","breadcrumb":{"@id":"https:\/\/institucional.ufrrj.br\/prefeiturauniversitaria\/atuacao\/#breadcrumb"},"inLanguage":"pt-BR","potentialAction":[{"@type":"ReadAction","target":["https:\/\/institucional.ufrrj.br\/prefeiturauniversitaria\/atuacao\/"]}]},{"@type":"BreadcrumbList","@id":"https:\/\/institucional.ufrrj.br\/prefeiturauniversitaria\/atuacao\/#breadcrumb","itemListElement":[{"@type":"ListItem","position":1,"name":"In\u00edcio","item":"https:\/\/institucional.ufrrj.br\/prefeiturauniversitaria\/"},{"@type":"ListItem","position":2,"name":"Atua\u00e7\u00e3o"}]},{"@type":"WebSite","@id":"https:\/\/institucional.ufrrj.br\/prefeiturauniversitaria\/#website","url":"https:\/\/institucional.ufrrj.br\/prefeiturauniversitaria\/","name":"Prefeitura Universit\u00e1ria","description":"CAMPUS SEROP\u00c9DICA \u2013 UFRRJ","potentialAction":[{"@type":"SearchAction","target":{"@type":"EntryPoint","urlTemplate":"https:\/\/institucional.ufrrj.br\/prefeiturauniversitaria\/?s={search_term_string}"},"query-input":{"@type":"PropertyValueSpecification","valueRequired":true,"valueName":"search_term_string"}}],"inLanguage":"pt-BR"}]}},"acf":[],"_links":{"self":[{"href":"https:\/\/institucional.ufrrj.br\/prefeiturauniversitaria\/wp-json\/wp\/v2\/pages\/259","targetHints":{"allow":["GET"]}}],"collection":[{"href":"https:\/\/institucional.ufrrj.br\/prefeiturauniversitaria\/wp-json\/wp\/v2\/pages"}],"about":[{"href":"https:\/\/institucional.ufrrj.br\/prefeiturauniversitaria\/wp-json\/wp\/v2\/types\/page"}],"author":[{"embeddable":true,"href":"https:\/\/institucional.ufrrj.br\/prefeiturauniversitaria\/wp-json\/wp\/v2\/users\/634"}],"replies":[{"embeddable":true,"href":"https:\/\/institucional.ufrrj.br\/prefeiturauniversitaria\/wp-json\/wp\/v2\/comments?post=259"}],"version-history":[{"count":4,"href":"https:\/\/institucional.ufrrj.br\/prefeiturauniversitaria\/wp-json\/wp\/v2\/pages\/259\/revisions"}],"predecessor-version":[{"id":1222,"href":"https:\/\/institucional.ufrrj.br\/prefeiturauniversitaria\/wp-json\/wp\/v2\/pages\/259\/revisions\/1222"}],"wp:attachment":[{"href":"https:\/\/institucional.ufrrj.br\/prefeiturauniversitaria\/wp-json\/wp\/v2\/media?parent=259"}],"curies":[{"name":"wp","href":"https:\/\/api.w.org\/{rel}","templated":true}]}}