{"id":203,"date":"2019-11-28T13:54:06","date_gmt":"2019-11-28T16:54:06","guid":{"rendered":"http:\/\/institucional.ufrrj.br\/prefeiturauniversitaria\/?page_id=203"},"modified":"2025-09-23T14:57:55","modified_gmt":"2025-09-23T17:57:55","slug":"secretaria-da-prefeitura","status":"publish","type":"page","link":"https:\/\/institucional.ufrrj.br\/prefeiturauniversitaria\/setores\/secretaria-da-prefeitura\/","title":{"rendered":"Secretaria da Prefeitura"},"content":{"rendered":"\n<p><strong>\u00c0 Secretaria da Prefeitura Universit\u00e1ria compete:<\/strong><\/p>\n\n\n\n<ul class=\"wp-block-list\">\n<li>Realizar o trabalho burocr\u00e1tico e administrativo da PU;<\/li>\n\n\n\n<li>Fazer a frequ\u00eancia e escala de f\u00e9rias de seus funcion\u00e1rios;<\/li>\n\n\n\n<li>Redigir e protocolar documentos;<\/li>\n\n\n\n<li>Fiscaliza\u00e7\u00e3o de contratos;<\/li>\n\n\n\n<li>Remessa de correios relativos \u00e0 PU;<\/li>\n\n\n\n<li>Arquivo de documentos da PU;<\/li>\n\n\n\n<li>Patrim\u00f4nio (monitoramento e transfer\u00eancia) e baixa de patrim\u00f4nio da PU;<\/li>\n\n\n\n<li>Sindic\u00e2ncia;<\/li>\n\n\n\n<li>Solicita\u00e7\u00e3o de compra de material da PU.<\/li>\n<\/ul>\n\n\n\n<p><strong>Respons\u00e1vel:<\/strong> Karoline Jord\u00e3o<\/p>\n\n\n\n<p><strong>Contato:<\/strong> (21) 2682-1130<br><strong>E-mail:<\/strong> <a>prefeitura@ufrrj.br<\/a><\/p>\n","protected":false},"excerpt":{"rendered":"<p>\u00c0 Secretaria da Prefeitura Universit\u00e1ria compete: Respons\u00e1vel: Karoline Jord\u00e3o Contato: (21) 2682-1130E-mail: prefeitura@ufrrj.br<\/p>\n","protected":false},"author":634,"featured_media":0,"parent":281,"menu_order":0,"comment_status":"closed","ping_status":"closed","template":"","meta":{"_acf_changed":false,"footnotes":""},"class_list":["post-203","page","type-page","status-publish","hentry"],"yoast_head":"<!-- This site is optimized with the Yoast SEO plugin v27.2 - https:\/\/yoast.com\/product\/yoast-seo-wordpress\/ -->\n<title>Secretaria da Prefeitura - Prefeitura Universit\u00e1ria<\/title>\n<meta name=\"robots\" content=\"index, follow, max-snippet:-1, max-image-preview:large, max-video-preview:-1\" \/>\n<link rel=\"canonical\" href=\"https:\/\/institucional.ufrrj.br\/prefeiturauniversitaria\/setores\/secretaria-da-prefeitura\/\" \/>\n<meta property=\"og:locale\" content=\"pt_BR\" \/>\n<meta property=\"og:type\" content=\"article\" \/>\n<meta property=\"og:title\" content=\"Secretaria da Prefeitura - Prefeitura Universit\u00e1ria\" \/>\n<meta property=\"og:description\" content=\"\u00c0 Secretaria da Prefeitura Universit\u00e1ria compete: Respons\u00e1vel: Karoline Jord\u00e3o Contato: (21) 2682-1130E-mail: prefeitura@ufrrj.br\" \/>\n<meta property=\"og:url\" content=\"https:\/\/institucional.ufrrj.br\/prefeiturauniversitaria\/setores\/secretaria-da-prefeitura\/\" \/>\n<meta property=\"og:site_name\" content=\"Prefeitura Universit\u00e1ria\" \/>\n<meta property=\"article:modified_time\" content=\"2025-09-23T17:57:55+00:00\" \/>\n<meta name=\"twitter:card\" content=\"summary_large_image\" \/>\n<script type=\"application\/ld+json\" class=\"yoast-schema-graph\">{\"@context\":\"https:\/\/schema.org\",\"@graph\":[{\"@type\":\"WebPage\",\"@id\":\"https:\/\/institucional.ufrrj.br\/prefeiturauniversitaria\/setores\/secretaria-da-prefeitura\/\",\"url\":\"https:\/\/institucional.ufrrj.br\/prefeiturauniversitaria\/setores\/secretaria-da-prefeitura\/\",\"name\":\"Secretaria da Prefeitura - Prefeitura Universit\u00e1ria\",\"isPartOf\":{\"@id\":\"https:\/\/institucional.ufrrj.br\/prefeiturauniversitaria\/#website\"},\"datePublished\":\"2019-11-28T16:54:06+00:00\",\"dateModified\":\"2025-09-23T17:57:55+00:00\",\"breadcrumb\":{\"@id\":\"https:\/\/institucional.ufrrj.br\/prefeiturauniversitaria\/setores\/secretaria-da-prefeitura\/#breadcrumb\"},\"inLanguage\":\"pt-BR\",\"potentialAction\":[{\"@type\":\"ReadAction\",\"target\":[\"https:\/\/institucional.ufrrj.br\/prefeiturauniversitaria\/setores\/secretaria-da-prefeitura\/\"]}]},{\"@type\":\"BreadcrumbList\",\"@id\":\"https:\/\/institucional.ufrrj.br\/prefeiturauniversitaria\/setores\/secretaria-da-prefeitura\/#breadcrumb\",\"itemListElement\":[{\"@type\":\"ListItem\",\"position\":1,\"name\":\"In\u00edcio\",\"item\":\"https:\/\/institucional.ufrrj.br\/prefeiturauniversitaria\/\"},{\"@type\":\"ListItem\",\"position\":2,\"name\":\"Setores\",\"item\":\"https:\/\/institucional.ufrrj.br\/prefeiturauniversitaria\/setores\/\"},{\"@type\":\"ListItem\",\"position\":3,\"name\":\"Secretaria da Prefeitura\"}]},{\"@type\":\"WebSite\",\"@id\":\"https:\/\/institucional.ufrrj.br\/prefeiturauniversitaria\/#website\",\"url\":\"https:\/\/institucional.ufrrj.br\/prefeiturauniversitaria\/\",\"name\":\"Prefeitura Universit\u00e1ria\",\"description\":\"CAMPUS SEROP\u00c9DICA \u2013 UFRRJ\",\"potentialAction\":[{\"@type\":\"SearchAction\",\"target\":{\"@type\":\"EntryPoint\",\"urlTemplate\":\"https:\/\/institucional.ufrrj.br\/prefeiturauniversitaria\/?s={search_term_string}\"},\"query-input\":{\"@type\":\"PropertyValueSpecification\",\"valueRequired\":true,\"valueName\":\"search_term_string\"}}],\"inLanguage\":\"pt-BR\"}]}<\/script>\n<!-- \/ Yoast SEO plugin. -->","yoast_head_json":{"title":"Secretaria da Prefeitura - Prefeitura Universit\u00e1ria","robots":{"index":"index","follow":"follow","max-snippet":"max-snippet:-1","max-image-preview":"max-image-preview:large","max-video-preview":"max-video-preview:-1"},"canonical":"https:\/\/institucional.ufrrj.br\/prefeiturauniversitaria\/setores\/secretaria-da-prefeitura\/","og_locale":"pt_BR","og_type":"article","og_title":"Secretaria da Prefeitura - Prefeitura Universit\u00e1ria","og_description":"\u00c0 Secretaria da Prefeitura Universit\u00e1ria compete: Respons\u00e1vel: Karoline Jord\u00e3o Contato: (21) 2682-1130E-mail: prefeitura@ufrrj.br","og_url":"https:\/\/institucional.ufrrj.br\/prefeiturauniversitaria\/setores\/secretaria-da-prefeitura\/","og_site_name":"Prefeitura Universit\u00e1ria","article_modified_time":"2025-09-23T17:57:55+00:00","twitter_card":"summary_large_image","schema":{"@context":"https:\/\/schema.org","@graph":[{"@type":"WebPage","@id":"https:\/\/institucional.ufrrj.br\/prefeiturauniversitaria\/setores\/secretaria-da-prefeitura\/","url":"https:\/\/institucional.ufrrj.br\/prefeiturauniversitaria\/setores\/secretaria-da-prefeitura\/","name":"Secretaria da Prefeitura - Prefeitura Universit\u00e1ria","isPartOf":{"@id":"https:\/\/institucional.ufrrj.br\/prefeiturauniversitaria\/#website"},"datePublished":"2019-11-28T16:54:06+00:00","dateModified":"2025-09-23T17:57:55+00:00","breadcrumb":{"@id":"https:\/\/institucional.ufrrj.br\/prefeiturauniversitaria\/setores\/secretaria-da-prefeitura\/#breadcrumb"},"inLanguage":"pt-BR","potentialAction":[{"@type":"ReadAction","target":["https:\/\/institucional.ufrrj.br\/prefeiturauniversitaria\/setores\/secretaria-da-prefeitura\/"]}]},{"@type":"BreadcrumbList","@id":"https:\/\/institucional.ufrrj.br\/prefeiturauniversitaria\/setores\/secretaria-da-prefeitura\/#breadcrumb","itemListElement":[{"@type":"ListItem","position":1,"name":"In\u00edcio","item":"https:\/\/institucional.ufrrj.br\/prefeiturauniversitaria\/"},{"@type":"ListItem","position":2,"name":"Setores","item":"https:\/\/institucional.ufrrj.br\/prefeiturauniversitaria\/setores\/"},{"@type":"ListItem","position":3,"name":"Secretaria da Prefeitura"}]},{"@type":"WebSite","@id":"https:\/\/institucional.ufrrj.br\/prefeiturauniversitaria\/#website","url":"https:\/\/institucional.ufrrj.br\/prefeiturauniversitaria\/","name":"Prefeitura Universit\u00e1ria","description":"CAMPUS SEROP\u00c9DICA \u2013 UFRRJ","potentialAction":[{"@type":"SearchAction","target":{"@type":"EntryPoint","urlTemplate":"https:\/\/institucional.ufrrj.br\/prefeiturauniversitaria\/?s={search_term_string}"},"query-input":{"@type":"PropertyValueSpecification","valueRequired":true,"valueName":"search_term_string"}}],"inLanguage":"pt-BR"}]}},"acf":[],"_links":{"self":[{"href":"https:\/\/institucional.ufrrj.br\/prefeiturauniversitaria\/wp-json\/wp\/v2\/pages\/203","targetHints":{"allow":["GET"]}}],"collection":[{"href":"https:\/\/institucional.ufrrj.br\/prefeiturauniversitaria\/wp-json\/wp\/v2\/pages"}],"about":[{"href":"https:\/\/institucional.ufrrj.br\/prefeiturauniversitaria\/wp-json\/wp\/v2\/types\/page"}],"author":[{"embeddable":true,"href":"https:\/\/institucional.ufrrj.br\/prefeiturauniversitaria\/wp-json\/wp\/v2\/users\/634"}],"replies":[{"embeddable":true,"href":"https:\/\/institucional.ufrrj.br\/prefeiturauniversitaria\/wp-json\/wp\/v2\/comments?post=203"}],"version-history":[{"count":4,"href":"https:\/\/institucional.ufrrj.br\/prefeiturauniversitaria\/wp-json\/wp\/v2\/pages\/203\/revisions"}],"predecessor-version":[{"id":1072,"href":"https:\/\/institucional.ufrrj.br\/prefeiturauniversitaria\/wp-json\/wp\/v2\/pages\/203\/revisions\/1072"}],"up":[{"embeddable":true,"href":"https:\/\/institucional.ufrrj.br\/prefeiturauniversitaria\/wp-json\/wp\/v2\/pages\/281"}],"wp:attachment":[{"href":"https:\/\/institucional.ufrrj.br\/prefeiturauniversitaria\/wp-json\/wp\/v2\/media?parent=203"}],"curies":[{"name":"wp","href":"https:\/\/api.w.org\/{rel}","templated":true}]}}